{"id":58286,"date":"2021-03-09T11:58:56","date_gmt":"2021-03-09T10:58:56","guid":{"rendered":"https:\/\/onlinelotto365.com\/?page_id=58286"},"modified":"2022-11-08T09:32:49","modified_gmt":"2022-11-08T08:32:49","slug":"mega-millions","status":"publish","type":"page","link":"https:\/\/onlinelotto365.com\/ro\/joaca\/mega-millions\/","title":{"rendered":"Cum pot reziden\u021bii din Rom\u00e2nia s\u0103 joace Powerball online?"},"content":{"rendered":"<p>De fapt, este destul de simplu s\u0103 joci Powerball online, chiar dac\u0103 te afli \u00een Rom\u00e2nia. \u0218i este \u0219i destul de convenabil.<\/p>\n<p>Asigur\u0103-te c\u0103 ai ales loteria corect\u0103, \u0219i anume Powerball. Apoi \u00ee\u021bi selectezi numerele. Dac\u0103 \u00eencerca\u021bi s\u0103 alege\u021bi prea multe numere sau nu a\u021bi selectat suficiente numere, sistemul v\u0103 va solicita s\u0103 alege\u021bi mai pu\u021bine sau mai multe numere.<\/p>\n<p>Exist\u0103, de asemenea, o metod\u0103 pe care mul\u021bi juc\u0103tori o folosesc cu pl\u0103cere &#8211; func\u021bia de alegere rapid\u0103. Tot ce trebuie s\u0103 face\u021bi este s\u0103 face\u021bi clic pe butonul quick pick, iar site-ul va alege c\u00e2teva numere la \u00eent\u00e2mplare pentru dumneavoastr\u0103. Pute\u021bi \u00een continuare s\u0103 edita\u021bi manual acele numere dac\u0103 nu v\u0103 plac. Sau pute\u021bi folosi manual c\u00e2teva dintre numerele preferate \u0219i s\u0103 l\u0103sa\u021bi generatorul de numere aleatoare s\u0103 aleag\u0103 restul pentru dumneavoastr\u0103.<\/p>\n<p>Dup\u0103 ce a\u021bi terminat de ales numerele pentru Powerball, pute\u021bi selecta o alt\u0103 loterie, pute\u021bi juca mai multe bilete de loto \u0219i le pute\u021bi ad\u0103uga la comanda dumneavoastr\u0103. Dup\u0103 ce a\u021bi terminat, face\u021bi clic pentru a verifica \u0219i pl\u0103ti\u021bi \u00een siguran\u021b\u0103 pentru biletele dumneavoastr\u0103. \u00cen acest moment, va trebui s\u0103 v\u0103 crea\u021bi un cont la noi. Desigur, pute\u021bi, de asemenea, s\u0103 v\u0103 crea\u021bi mai \u00eent\u00e2i contul \u0219i apoi s\u0103 \u00eencepe\u021bi procesul de comand\u0103 a biletelor.<\/p>\n<p><a href=\"https:\/\/redfoxlotto.com\/play\/powerball\/?ref=a8564250a2&amp;medium=ol365\" target=\"_blank\" rel=\"noopener noreferrer\"><img loading=\"lazy\" decoding=\"async\" class=\"aligncenter\" src=\"https:\/\/redfoxlotto.com\/image?size=8&amp;lottery=powerball\" alt=\"powerball\" width=\"793\" height=\"98\" \/><\/a><\/p>\n<p>Dup\u0103 ce v-a\u021bi creat contul, \u00eenregistrarea dvs. pe site-ul nostru trebuie s\u0103 fie verificat\u0103. V\u0103 vom trimite un e-mail de verificare cu un link pe care trebuie s\u0103 face\u021bi clic pentru a v\u0103 verifica adresa de e-mail. V\u0103 rug\u0103m s\u0103 v\u0103 asigura\u021bi c\u0103 v\u0103 verifica\u021bi dosarul de spam. Ar fi \u00een\u021belept s\u0103 marca\u021bi adresa noastr\u0103 de e-mail ca fiind un expeditor de \u00eencredere. Acest lucru asigur\u0103 c\u0103 mesajele importante, cum ar fi notific\u0103rile de c\u00e2\u0219tiguri, vor ajunge efectiv la dumneavoastr\u0103. Acesta este unul dintre avantajele de a juca la Powerball online &#8211; nu ve\u021bi pierde niciodat\u0103 un c\u00e2\u0219tig, deoarece ve\u021bi fi \u00eentotdeauna notificat de c\u0103tre noi.<\/p>\n<p>Se va avea grij\u0103 de tine la fiecare pas, unde tot ce trebuie s\u0103 faci este s\u0103 \u00ee\u021bi creezi un cont gratuit, s\u0103 faci selec\u021biile, s\u0103 alegi una dintre numeroasele lor op\u021biuni de plat\u0103 convenabile, iar noi ne ocup\u0103m de restul.<br \/>\nAcest lucru a adus cu adev\u0103rat jocul de loterie \u00een secolul 21, iar acesta este cel mai mare lucru care s-a \u00eent\u00e2mplat cu loteriile de c\u00e2nd biletele au fost puse \u00een v\u00e2nzare pentru prima dat\u0103. Dac\u0103 nu profita\u021bi de acest serviciu, pierde\u021bi cu adev\u0103rat toat\u0103 ac\u021biunea minunat\u0103 de loterie care v\u0103 a\u0219teapt\u0103.<\/p>\n<h2>Despre Powerball<\/h2>\n<p><img loading=\"lazy\" decoding=\"async\" class=\"size-medium wp-image-1356 alignright\" src=\"https:\/\/onlinelotto365.com\/wp-content\/uploads\/2020\/11\/online_lottery-117-300x217.jpg\" alt=\"juca Powerball online\" width=\"300\" height=\"217\" \/><\/p>\n<ul>\n<li>\u021aara: SUA<\/li>\n<li>Intervalul numerelor principale: 69<\/li>\n<li>Tu alegi: 5<\/li>\n<li>Numere suplimentare: 26<\/li>\n<li>Tu alegi: 1<\/li>\n<li>Zile \u0219i ore de extragere: Miercuri, s\u00e2mb\u0103t\u0103, 21:00 EST, +1 zi 3:00 CET<\/li>\n<li>Jackpotul minim: 40 de milioane de dolari<\/li>\n<li>Jackpot maxim: niciunul<\/li>\n<li>Probabilitatea de a c\u00e2\u0219tiga jackpot-ul: 1 la 175.223.510<\/li>\n<li>Probabilitatea unui c\u00e2\u0219tig de nivel 2: 1 la 5.006.386<\/li>\n<li>Probabilitatea de a c\u00e2\u0219tiga \u00een orice nivel: 1 la 24,87<\/li>\n<li>Num\u0103rul de niveluri de premii: 9<\/li>\n<\/ul>\n<p>Loteria Powerball este oferit\u0103 de comercian\u021bii cu am\u0103nuntul ai loteriei \u00een 41 de state diferite din Statele Unite. Cu o baz\u0103 de popula\u021bie at\u00e2t de mare la care se poate apela \u0219i av\u00e2nd \u00een vedere c\u00e2t de populare sunt loteriile \u00een SUA, nu este de mirare de ce aceast\u0103 loterie este at\u00e2t de mare, cu premii at\u00e2t de mari. Aceast\u0103 loterie este at\u00e2t de mare, de fapt, \u00eenc\u00e2t premiul al doilea este de un milion de dolari, mai multe persoane c\u00e2\u0219tig\u00e2ndu-l, de obicei, \u00een timpul fiec\u0103rei extrageri, care are loc de dou\u0103 ori pe s\u0103pt\u0103m\u00e2n\u0103. Cu toate acestea, nu doar c\u00e2\u0219tigarea unui milion de dolari este motivul pentru care majoritatea oamenilor joac\u0103 la aceast\u0103 loterie, deoarece ei au vise mult mai mari dec\u00e2t at\u00e2t.<\/p>\n<h2>Cele mai bune caracteristici ale Powerball<\/h2>\n<p>Indiferent c\u00e2t de mari sunt visele tale, totu\u0219i, Loteria Powerball are puterea de a le satisface pe toate, \u0219i chiar mai mult. Cu jackpoturi care se ridic\u0103 \u00een mod regulat la sute de milioane de dolari, aceasta este cu siguran\u021b\u0103 ceea ce a\u021bi numi o sum\u0103 gigantic\u0103 de c\u00e2\u0219tigat.<\/p>\n<p>\u00cen mod istoric, Powerball Lotto a \u00eenceput cu 20 de milioane de dolari \u0219i, de\u0219i aceasta este cu siguran\u021b\u0103 o sum\u0103 foarte bun\u0103, recent au crescut minimul la un premiu \u0219i mai interesant de 40 de milioane de dolari. Deci, chiar \u00eenainte ca lucrurile s\u0103 ajung\u0103 la ni\u0219te numere nebune\u0219ti, a\u0219a cum se \u00eent\u00e2mpl\u0103 adesea cu aceast\u0103 mega-loterie, cel mai mic jackpot posibil este deja cel pentru care vrem s\u0103 ne aliniem.<\/p>\n<p>De fiecare dat\u0103 c\u00e2nd nu exist\u0103 un c\u00e2\u0219tig\u0103tor al jackpot-ului, jackpot-ul cre\u0219te, adesea la o sut\u0103 de milioane, dou\u0103 sute de milioane \u0219i chiar trei sute de milioane uneori. Cred c\u0103 cei mai mul\u021bi dintre noi ar fi de acord c\u0103 \u0219i un minim de 40 de milioane de dolari ar fi suficient pentru a ne tr\u0103i toate fanteziile, dar c\u00e2nd vine vorba de loterii, cu c\u00e2t mai mare, cu at\u00e2t mai bine. A\u0219a c\u0103, dac\u0103 e\u0219ti ca majoritatea oamenilor \u0219i iube\u0219ti cele mai mari, aceasta este cu siguran\u021b\u0103 pentru tine.<\/p>\n<h2>Ce altceva trebuie s\u0103 \u0219tii despre jocul Powerball online<\/h2>\n<p>Powerball ofer\u0103 c\u00e2\u0219tig\u0103torilor de jackpot dou\u0103 modalit\u0103\u021bi de a li se pl\u0103ti c\u00e2\u0219tigurile. Po\u021bi fie s\u0103 prime\u0219ti acum o sum\u0103 forfetar\u0103, fie po\u021bi opta pentru mult mai mul\u021bi bani, primindu-i \u00een 30 de rate anuale. Fiecare tran\u0219\u0103 este graduat\u0103 pentru a fi ajustat\u0103 \u00een func\u021bie de infla\u021bie, ceea ce \u00eenseamn\u0103 c\u0103 plata ta uria\u0219\u0103 din anul 1 va continua s\u0103 \u00ee\u0219i p\u0103streze valoarea \u00een anii urm\u0103tori.<br \/>\n<img loading=\"lazy\" decoding=\"async\" class=\"size-medium wp-image-1521 alignright\" src=\"https:\/\/onlinelotto365.com\/wp-content\/uploads\/2020\/11\/online_lottery-133-300x212.jpg\" alt=\"Powerball SUA din Rom\u00e2nia\" width=\"300\" height=\"212\" \/><\/p>\n<p>Dac\u0103 ve\u021bi c\u00e2\u0219tiga, va trebui s\u0103 decide\u021bi cu ce tip de plat\u0103 dori\u021bi s\u0103 merge\u021bi, dar un lucru este sigur, aceasta va fi de departe cea mai pl\u0103cut\u0103 decizie pe care o ve\u021bi lua \u00een via\u021ba dumneavoastr\u0103. Ei v\u0103 ofer\u0103 60 de zile pentru a alege, ceea ce v\u0103 va oferi suficient timp pentru a ob\u021bine cel mai bun sfat profesional, precum \u0219i pentru a v\u0103 g\u00e2ndi \u0219i a visa mult la ce ve\u021bi face cu to\u021bi ace\u0219ti bani.<\/p>\n<h2>Cum s\u0103 verifica\u021bi rezultatele Powerball<\/h2>\n<p>Exist\u0103 o serie de modalit\u0103\u021bi de a verifica numerele c\u00e2\u0219tig\u0103toare \u0219i rezultatele Powerball din Rom\u00e2nia. Dar dac\u0103 ai jucat Powerball online, cel mai simplu este s\u0103 te \u00eentorci acolo de unde ai cump\u0103rat biletul. \u00cen contul t\u0103u, vei putea s\u0103 compari numerele tale cu numerele de la ultima extragere. De asemenea, vei primi un mesaj pe e-mail ori de c\u00e2te ori unul dintre biletele tale a c\u00e2\u0219tigat ceva.<\/p>\n<h2>A\u021bi jucat Powerball online \u0219i a\u021bi c\u00e2\u0219tigat &#8211; ce se \u00eent\u00e2mpl\u0103 \u00een continuare?<\/h2>\n<p>Serviciul nostru include gestionarea pl\u0103\u021bilor pentru dumneavoastr\u0103. Nu trebuie s\u0103 v\u0103 face\u021bi griji cu privire la primirea pl\u0103\u021bilor. \u0218i nu percepem niciun comision pentru c\u00e2\u0219tigurile dvs.<\/p>\n<p>Procedura depinde de c\u00e2t de mult a\u021bi c\u00e2\u0219tigat. Dac\u0103 a\u021bi c\u00e2\u0219tigat o sum\u0103 de 2500 de euro sau mai pu\u021bin, atunci ve\u021bi primi suma respectiv\u0103 \u00een contul dvs. la noi. Pute\u021bi s\u0103 o retrage\u021bi sau s\u0103 o l\u0103sa\u021bi \u00een contul dvs. \u0219i s\u0103 o folosi\u021bi pentru a juca mai multe bilete de loterie online.<\/p>\n<p>Dac\u0103 a\u021bi c\u00e2\u0219tigat o sum\u0103 mai mare, v\u0103 vom trimite prin e-mail un formular de revendicare. Atunci va trebui s\u0103 completa\u021bi c\u00e2teva informa\u021bii personale, inclusiv modul \u00een care dori\u021bi s\u0103 fi\u021bi pl\u0103tit. Exist\u0103 dou\u0103 op\u021biuni: transfer bancar sau cec. Noi vom transmite formularul de revendicare c\u0103tre comisia de loterie, iar ei v\u0103 vor pl\u0103ti conform instruc\u021biunilor dumneavoastr\u0103.<\/p>\n","protected":false},"excerpt":{"rendered":"<p>De fapt, este destul de simplu s\u0103 joci Powerball online, chiar dac\u0103 te afli \u00een Rom\u00e2nia. \u0218i este \u0219i destul de convenabil. Asigur\u0103-te c\u0103 ai ales loteria corect\u0103, \u0219i anume Powerball. Apoi \u00ee\u021bi selectezi numerele. Dac\u0103 \u00eencerca\u021bi s\u0103 alege\u021bi prea multe numere sau nu a\u021bi selectat suficiente numere, sistemul v\u0103 va solicita s\u0103 alege\u021bi mai [&hellip;]<\/p>\n","protected":false},"author":1,"featured_media":0,"parent":5032,"menu_order":1,"comment_status":"closed","ping_status":"closed","template":"powerball-usa.php","meta":{"_et_pb_use_builder":"","_et_pb_old_content":"","_et_gb_content_width":"","exclude_from_search":false,"footnotes":""},"class_list":["post-58286","page","type-page","status-publish","hentry"],"yoast_head":"<!-- This site is optimized with the Yoast SEO plugin v23.4 - https:\/\/yoast.com\/wordpress\/plugins\/seo\/ -->\n<title>Joac\u0103 Powerball online din Rom\u00e2nia | Pot c\u00e2\u0219tiga Powerball din Rom\u00e2nia<\/title>\n<meta name=\"description\" content=\"Joac\u0103 la Powerball Lotto aici - cea mai mare loterie din SUA, disponibil\u0103 online din Rom\u00e2nia \u0219i din orice alt\u0103 \u021bar\u0103\" \/>\n<meta name=\"robots\" content=\"index, follow, max-snippet:-1, max-image-preview:large, max-video-preview:-1\" \/>\n<link rel=\"canonical\" href=\"https:\/\/onlinelotto365.com\/ro\/joaca\/mega-millions\/\" \/>\n<meta property=\"og:locale\" content=\"ro_RO\" \/>\n<meta property=\"og:type\" content=\"article\" \/>\n<meta property=\"og:title\" content=\"Joac\u0103 Powerball online din Rom\u00e2nia | Pot c\u00e2\u0219tiga Powerball din Rom\u00e2nia\" \/>\n<meta property=\"og:description\" content=\"Joac\u0103 la Powerball Lotto aici - cea mai mare loterie din SUA, disponibil\u0103 online din Rom\u00e2nia \u0219i din orice alt\u0103 \u021bar\u0103\" \/>\n<meta property=\"og:url\" content=\"https:\/\/onlinelotto365.com\/ro\/joaca\/mega-millions\/\" \/>\n<meta property=\"og:site_name\" content=\"OnlineLotto365\" \/>\n<meta property=\"article:modified_time\" content=\"2022-11-08T08:32:49+00:00\" \/>\n<meta property=\"og:image\" content=\"https:\/\/redfoxlotto.com\/image?size=8&amp;lottery=powerball\" \/>\n<meta name=\"twitter:card\" content=\"summary_large_image\" \/>\n<meta name=\"twitter:label1\" content=\"Timp estimat pentru citire\" \/>\n\t<meta name=\"twitter:data1\" content=\"6 minute\" \/>\n<script type=\"application\/ld+json\" class=\"yoast-schema-graph\">{\"@context\":\"https:\/\/schema.org\",\"@graph\":[{\"@type\":\"WebPage\",\"@id\":\"https:\/\/onlinelotto365.com\/ro\/joaca\/mega-millions\/\",\"url\":\"https:\/\/onlinelotto365.com\/ro\/joaca\/mega-millions\/\",\"name\":\"Joac\u0103 Powerball online din Rom\u00e2nia | Pot c\u00e2\u0219tiga Powerball din Rom\u00e2nia\",\"isPartOf\":{\"@id\":\"https:\/\/onlinelotto365.com\/ro\/#website\"},\"primaryImageOfPage\":{\"@id\":\"https:\/\/onlinelotto365.com\/ro\/joaca\/mega-millions\/#primaryimage\"},\"image\":{\"@id\":\"https:\/\/onlinelotto365.com\/ro\/joaca\/mega-millions\/#primaryimage\"},\"thumbnailUrl\":\"https:\/\/redfoxlotto.com\/image?size=8&amp;lottery=powerball\",\"datePublished\":\"2021-03-09T10:58:56+00:00\",\"dateModified\":\"2022-11-08T08:32:49+00:00\",\"description\":\"Joac\u0103 la Powerball Lotto aici - cea mai mare loterie din SUA, disponibil\u0103 online din Rom\u00e2nia \u0219i din orice alt\u0103 \u021bar\u0103\",\"breadcrumb\":{\"@id\":\"https:\/\/onlinelotto365.com\/ro\/joaca\/mega-millions\/#breadcrumb\"},\"inLanguage\":\"ro-RO\",\"potentialAction\":[{\"@type\":\"ReadAction\",\"target\":[\"https:\/\/onlinelotto365.com\/ro\/joaca\/mega-millions\/\"]}]},{\"@type\":\"ImageObject\",\"inLanguage\":\"ro-RO\",\"@id\":\"https:\/\/onlinelotto365.com\/ro\/joaca\/mega-millions\/#primaryimage\",\"url\":\"https:\/\/redfoxlotto.com\/image?size=8&amp;lottery=powerball\",\"contentUrl\":\"https:\/\/redfoxlotto.com\/image?size=8&amp;lottery=powerball\"},{\"@type\":\"BreadcrumbList\",\"@id\":\"https:\/\/onlinelotto365.com\/ro\/joaca\/mega-millions\/#breadcrumb\",\"itemListElement\":[{\"@type\":\"ListItem\",\"position\":1,\"name\":\"Home\",\"item\":\"https:\/\/onlinelotto365.com\/ro\/\"},{\"@type\":\"ListItem\",\"position\":2,\"name\":\"Tot ceea ce trebuie s\u0103 \u0219tii despre op\u021biunile tale de a juca la cele mai bune loterii online.\",\"item\":\"https:\/\/onlinelotto365.com\/ro\/joaca\/\"},{\"@type\":\"ListItem\",\"position\":3,\"name\":\"Cum pot reziden\u021bii din Rom\u00e2nia s\u0103 joace Powerball online?\"}]},{\"@type\":\"WebSite\",\"@id\":\"https:\/\/onlinelotto365.com\/ro\/#website\",\"url\":\"https:\/\/onlinelotto365.com\/ro\/\",\"name\":\"OnlineLotto365\",\"description\":\"\",\"potentialAction\":[{\"@type\":\"SearchAction\",\"target\":{\"@type\":\"EntryPoint\",\"urlTemplate\":\"https:\/\/onlinelotto365.com\/ro\/?s={search_term_string}\"},\"query-input\":{\"@type\":\"PropertyValueSpecification\",\"valueRequired\":true,\"valueName\":\"search_term_string\"}}],\"inLanguage\":\"ro-RO\"}]}<\/script>\n<!-- \/ Yoast SEO plugin. -->","yoast_head_json":{"title":"Joac\u0103 Powerball online din Rom\u00e2nia | Pot c\u00e2\u0219tiga Powerball din Rom\u00e2nia","description":"Joac\u0103 la Powerball Lotto aici - cea mai mare loterie din SUA, disponibil\u0103 online din Rom\u00e2nia \u0219i din orice alt\u0103 \u021bar\u0103","robots":{"index":"index","follow":"follow","max-snippet":"max-snippet:-1","max-image-preview":"max-image-preview:large","max-video-preview":"max-video-preview:-1"},"canonical":"https:\/\/onlinelotto365.com\/ro\/joaca\/mega-millions\/","og_locale":"ro_RO","og_type":"article","og_title":"Joac\u0103 Powerball online din Rom\u00e2nia | Pot c\u00e2\u0219tiga Powerball din Rom\u00e2nia","og_description":"Joac\u0103 la Powerball Lotto aici - cea mai mare loterie din SUA, disponibil\u0103 online din Rom\u00e2nia \u0219i din orice alt\u0103 \u021bar\u0103","og_url":"https:\/\/onlinelotto365.com\/ro\/joaca\/mega-millions\/","og_site_name":"OnlineLotto365","article_modified_time":"2022-11-08T08:32:49+00:00","og_image":[{"url":"https:\/\/redfoxlotto.com\/image?size=8&amp;lottery=powerball"}],"twitter_card":"summary_large_image","twitter_misc":{"Timp estimat pentru citire":"6 minute"},"schema":{"@context":"https:\/\/schema.org","@graph":[{"@type":"WebPage","@id":"https:\/\/onlinelotto365.com\/ro\/joaca\/mega-millions\/","url":"https:\/\/onlinelotto365.com\/ro\/joaca\/mega-millions\/","name":"Joac\u0103 Powerball online din Rom\u00e2nia | Pot c\u00e2\u0219tiga Powerball din Rom\u00e2nia","isPartOf":{"@id":"https:\/\/onlinelotto365.com\/ro\/#website"},"primaryImageOfPage":{"@id":"https:\/\/onlinelotto365.com\/ro\/joaca\/mega-millions\/#primaryimage"},"image":{"@id":"https:\/\/onlinelotto365.com\/ro\/joaca\/mega-millions\/#primaryimage"},"thumbnailUrl":"https:\/\/redfoxlotto.com\/image?size=8&amp;lottery=powerball","datePublished":"2021-03-09T10:58:56+00:00","dateModified":"2022-11-08T08:32:49+00:00","description":"Joac\u0103 la Powerball Lotto aici - cea mai mare loterie din SUA, disponibil\u0103 online din Rom\u00e2nia \u0219i din orice alt\u0103 \u021bar\u0103","breadcrumb":{"@id":"https:\/\/onlinelotto365.com\/ro\/joaca\/mega-millions\/#breadcrumb"},"inLanguage":"ro-RO","potentialAction":[{"@type":"ReadAction","target":["https:\/\/onlinelotto365.com\/ro\/joaca\/mega-millions\/"]}]},{"@type":"ImageObject","inLanguage":"ro-RO","@id":"https:\/\/onlinelotto365.com\/ro\/joaca\/mega-millions\/#primaryimage","url":"https:\/\/redfoxlotto.com\/image?size=8&amp;lottery=powerball","contentUrl":"https:\/\/redfoxlotto.com\/image?size=8&amp;lottery=powerball"},{"@type":"BreadcrumbList","@id":"https:\/\/onlinelotto365.com\/ro\/joaca\/mega-millions\/#breadcrumb","itemListElement":[{"@type":"ListItem","position":1,"name":"Home","item":"https:\/\/onlinelotto365.com\/ro\/"},{"@type":"ListItem","position":2,"name":"Tot ceea ce trebuie s\u0103 \u0219tii despre op\u021biunile tale de a juca la cele mai bune loterii online.","item":"https:\/\/onlinelotto365.com\/ro\/joaca\/"},{"@type":"ListItem","position":3,"name":"Cum pot reziden\u021bii din Rom\u00e2nia s\u0103 joace Powerball online?"}]},{"@type":"WebSite","@id":"https:\/\/onlinelotto365.com\/ro\/#website","url":"https:\/\/onlinelotto365.com\/ro\/","name":"OnlineLotto365","description":"","potentialAction":[{"@type":"SearchAction","target":{"@type":"EntryPoint","urlTemplate":"https:\/\/onlinelotto365.com\/ro\/?s={search_term_string}"},"query-input":{"@type":"PropertyValueSpecification","valueRequired":true,"valueName":"search_term_string"}}],"inLanguage":"ro-RO"}]}},"_links":{"self":[{"href":"https:\/\/onlinelotto365.com\/ro\/wp-json\/wp\/v2\/pages\/58286","targetHints":{"allow":["GET"]}}],"collection":[{"href":"https:\/\/onlinelotto365.com\/ro\/wp-json\/wp\/v2\/pages"}],"about":[{"href":"https:\/\/onlinelotto365.com\/ro\/wp-json\/wp\/v2\/types\/page"}],"author":[{"embeddable":true,"href":"https:\/\/onlinelotto365.com\/ro\/wp-json\/wp\/v2\/users\/1"}],"replies":[{"embeddable":true,"href":"https:\/\/onlinelotto365.com\/ro\/wp-json\/wp\/v2\/comments?post=58286"}],"version-history":[{"count":0,"href":"https:\/\/onlinelotto365.com\/ro\/wp-json\/wp\/v2\/pages\/58286\/revisions"}],"up":[{"embeddable":true,"href":"https:\/\/onlinelotto365.com\/ro\/wp-json\/wp\/v2\/pages\/5032"}],"wp:attachment":[{"href":"https:\/\/onlinelotto365.com\/ro\/wp-json\/wp\/v2\/media?parent=58286"}],"curies":[{"name":"wp","href":"https:\/\/api.w.org\/{rel}","templated":true}]}}