{"id":5862,"date":"2020-12-05T10:06:46","date_gmt":"2020-12-05T09:06:46","guid":{"rendered":"http:\/\/onlinelotto365.net\/?page_id=5862"},"modified":"2021-03-02T08:18:25","modified_gmt":"2021-03-02T07:18:25","slug":"numere-castigatoare","status":"publish","type":"page","link":"https:\/\/onlinelotto365.com\/ro\/numere-castigatoare\/","title":{"rendered":"G\u0103se\u0219te numerele c\u00e2\u0219tig\u0103toare \u0219i rezultatele celor mai recente extrageri loto."},"content":{"rendered":"<p>G\u0103si\u021bi aici numerele c\u00e2\u0219tig\u0103toare pentru cele mai mari loterii interna\u021bionale din lume. Actualiz\u0103m aceast\u0103 pagin\u0103 permanent, a\u0219a c\u0103 reveni\u021bi pentru cele mai recente rezultate ori de c\u00e2te ori ave\u021bi nevoie de ele. Dac\u0103 a\u021bi jucat \u00een oricare dintre aceste loterii interna\u021bionale, sper\u0103m c\u0103 biletul dvs. va avea numerele c\u00e2\u0219tig\u0103toare! \u0218i apropo &#8211; sunte\u021bi con\u0219tient de faptul c\u0103 de mai multe ori \u00een istorie, juc\u0103torii au c\u00e2\u0219tigat mare <strong> folosind numerele c\u00e2\u0219tig\u0103toare ale unei loterii str\u0103ine pentru a le juca \u00een propria lor loterie local\u0103? <\/strong><\/p>\n<p>Dar cel mai important, probabil c\u0103 nu \u0219tia\u021bi c\u0103 acum ave\u021bi posibilitatea de a participa la cele mai mari loterii de pe planet\u0103 &#8211; chiar \u0219i la loteriile din alte \u021b\u0103ri dec\u00e2t ale voastre! Fie c\u0103 sunte\u021bi interesat de Powerball, Mega Millions, Euromillions sau orice alt\u0103 loterie oferit\u0103 aici, pute\u021bi ob\u021bine bilete online acum. Pentru a participa, trebuie doar s\u0103 face\u021bi clic pe butonul \u201eJoac\u0103\u201d pentru loteria preferat\u0103 de l\u00e2ng\u0103 rezultatele de mai jos. \u00cen c\u00e2teva minute, ve\u021bi avea biletele. Personal, v\u0103 recomand\u0103m s\u0103 arunca\u021bi o privire la dimensiunea jackpoturilor \u0219i s\u0103 alege\u021bi loteria care are \u00een prezent cel mai mare jackpot!<br \/>\n<a href=\"https:\/\/redfoxlotto.com\/ro\/?ref=a8564250a2&amp;medium=ol365\" target=\"_blank\" rel=\"noopener noreferrer\"><img loading=\"lazy\" decoding=\"async\" class=\"aligncenter\" src=\"https:\/\/redfoxlotto.com\/ro\/image?size=8&amp;lottery=eurojackpot\" alt=\"eurojackpot\" width=\"720\" height=\"90\" \/><\/a><\/p>\n<h2>Cum s\u0103 verifica\u021bi rezultatele lotului de ast\u0103zi<\/h2>\n<p>\u00ce\u021bi place s\u0103 joci la loto? Poate juca\u021bi de mai multe ori pe zi sau juca\u021bi \u00een fiecare zi sau poate juca\u021bi doar o dat\u0103 din c\u00e2nd \u00een c\u00e2nd. Indiferent c\u00e2t de frecvent juca\u021bi, totu\u0219i, dori\u021bi s\u0103 v\u0103 asigura\u021bi c\u0103 \u0219ti\u021bi \u00eentotdeauna care sunt numerele c\u00e2\u0219tig\u0103toare. Nu dori\u021bi niciodat\u0103 s\u0103 risca\u021bi s\u0103 pierde\u021bi o plat\u0103 pentru c\u0103 nu a\u021bi verificat numerele. Deci, cum afla\u021bi rezultatul loteriei ast\u0103zi? De fapt, este mai u\u0219or dec\u00e2t a\u021bi putea crede, deoarece exist\u0103 o mul\u021bime de op\u021biuni disponibile.<\/p>\n<h2>Unde g\u0103si\u021bi rezultatul loteriei ast\u0103zi<\/h2>\n<p>Dori\u021bi s\u0103 ob\u021bine\u021bi rezultate imediat? De \u00eendat\u0103 ce sunt disponibile? Dac\u0103 sunte\u021bi, atunci ve\u021bi dori s\u0103 <strong> reveni\u021bi la serviciul dvs. de bilete online. <\/strong> Cu siguran\u021b\u0103 ve\u021bi fi ferici\u021bi, deoarece rezultatele la loterie sunt disponibile nu numai \u00een ziua extragerii, ci imediat la momentul desenului. Deci, dac\u0103 sunte\u021bi ner\u0103bd\u0103tori, nu ve\u021bi avea probleme \u00een ob\u021binerea rezultatelor imediat ce vor fi disponibile. Ca s\u0103 nu mai vorbim c\u0103 vei fi gata \u0219i vei putea \u00eencepe s\u0103 joci urm\u0103torul set de numere odat\u0103 ce \u0219tii dac\u0103 ai c\u00e2\u0219tigat sau nu.<\/p>\n<h2>Conecta\u021bi-v\u0103 \u0219i verifica\u021bi sec\u021biunea Biletele mele<\/h2>\n<p>Cel mai convenabil \u0219i mai sigur mod de a afla dac\u0103 a\u021bi c\u00e2\u0219tigat ceva este <strong> s\u0103 v\u0103 conecta\u021bi la cont \u0219i s\u0103 verifica\u021bi biletele existente <\/strong>. Odat\u0103 ce rezultatele la extragere sunt, pute\u021bi compara cu u\u0219urin\u021b\u0103 biletele cu numerele c\u00e2\u0219tig\u0103toare. Cu un bilet online, de asemenea, nu exist\u0103 pericolul c\u0103 pute\u021bi pierde biletul. Este \u00eentotdeauna aici, \u00een contul dvs. \u0218i v\u0103 vom anun\u021ba, de asemenea, despre orice c\u00e2\u0219tig!<\/p>\n<p>Dac\u0103 a\u021bi cump\u0103rat bilete online prin intermediul nostru, v\u0103 vom trimite \u00eentotdeauna o <strong> notificare prin e-mail \u00een cazul \u00een care a\u021bi c\u00e2\u0219tigat <\/strong> ceva. Desigur, este important ca furnizorul dvs. de e-mail s\u0103 nu mute e-mailurile noastre \u00eentr-un director spam sau nedorit. Asigura\u021bi-v\u0103 c\u0103 ne ad\u0103uga\u021bi la lista dvs. de expeditori de e-mail de \u00eencredere.<\/p>\n<h2>Transmite\u021bi \u00een flux desenul<\/h2>\n<p>De fapt, exist\u0103 c\u00e2teva servicii \u00een care pute\u021bi transmite \u00een flux evenimentele de tragere la sor\u021bi direct pe dispozitivul dvs. mobil. \u00cen acest fel, dac\u0103 niciunul dintre canalele dvs. locale de televiziune nu difuzeaz\u0103 extragerea care v\u0103 intereseaz\u0103, nu ve\u021bi avea nicio problem\u0103 \u00een transmiterea extragerii \u00een direct, astfel \u00eenc\u00e2t s\u0103 fi\u021bi gata c\u00e2nd num\u0103rul va ap\u0103rea. \u00cencerca\u021bi \u0219i c\u0103uta\u021bi loteria preferat\u0103 pe <strong> <a href=\"http:\/\/youtube.com\/\"> Youtube <\/a> <\/strong>. Majoritatea extragerilor la loterie nu sunt transmise \u00een direct pe Youtube, \u00eens\u0103 videoclipurile extragerii pot fi \u00eenc\u0103rcate la scurt timp dup\u0103 publicarea rezultatelor.<\/p>\n<h2>G\u0103se\u0219te-l mai t\u00e2rziu<\/h2>\n<p><img loading=\"lazy\" decoding=\"async\" class=\"alignright wp-image-1037\" src=\"https:\/\/onlinelotto365.com\/wp-content\/uploads\/2020\/11\/online_lottery-86-300x228.jpg\" alt=\"verifica\u021bi numerele de loterie c\u00e2\u0219tig\u0103toare\" width=\"300\" height=\"228\" \/><br \/>\nDac\u0103 nu sunte\u021bi la fel de \u00eengrijora\u021bi s\u0103 afla\u021bi ce a fost desenul imediat ce se \u00eent\u00e2mpl\u0103, pute\u021bi verifica mai multe op\u021biuni diferite pentru a-l g\u0103si mai t\u00e2rziu. Unele dintre acestea vor fi imediat dup\u0103 desen, iar altele ar putea s\u0103 nu fie p\u00e2n\u0103 a doua zi, a\u0219a c\u0103 va depinde de dvs. ce metod\u0103 decide\u021bi este cea mai bun\u0103 \u0219i cum dori\u021bi s\u0103 g\u0103si\u021bi numerele. De exemplu, dac\u0103 dori\u021bi s\u0103 a\u0219tepta\u021bi mai mult, pute\u021bi verifica ziarul a doua zi dup\u0103 desen. Dac\u0103 dori\u021bi s\u0103 afla\u021bi rapid, exist\u0103 site-urile web oficiale pe care le pute\u021bi verifica pentru a g\u0103si mai multe informa\u021bii imediat dup\u0103 ce desenul va fi publicat.<\/p>\n<p>Ziarul este una dintre <strong> cele mai frecvente metode de verificare a numerelor de loterie <\/strong> \u0219i va fi \u0219i una dintre cele mai u\u0219oare. Ziarul public\u0103 toate numerele c\u00e2\u0219tig\u0103toare a doua zi dup\u0103 ce au ie\u0219it \u0219i ve\u021bi putea vedea toate rezultatele pentru \u00eentreaga zi \u00eentr-un singur loc. \u00cen acest fel, dac\u0103 juca\u021bi mai multe jocuri, pute\u021bi verifica toate numerele simultan. Va trebui doar s\u0103 ave\u021bi un abonament la ziar sau s\u0103 merge\u021bi la un magazin sau la un magazin pentru a prelua unul \u00een ziua urm\u0103toare.<\/p>\n<p>Dac\u0103 vrei s\u0103 \u0219tii repede, dar nu vrei sau nu po\u021bi viziona desenul live, urm\u0103torul lucru cel mai bun este s\u0103 te conectezi online. Ce este minunat este c\u0103 pute\u021bi g\u0103si toate rezultatele la loterie pentru cele mai mari desene \u0219i jackpoturi chiar la Red Fox Lotto, a\u0219a c\u0103 ve\u021bi cunoa\u0219te \u00eentotdeauna rezultatul loteriei ast\u0103zi. Cu acest serviciu, pute\u021bi s\u0103 v\u0103 conecta\u021bi \u0219i s\u0103 vede\u021bi tot ceea ce vi se propune pe pagina de pornire de la cel mai recent desen la cel mai vechi, astfel \u00eenc\u00e2t s\u0103 pute\u021bi parcurge orice dori\u021bi. Ca s\u0103 nu mai vorbim, ve\u021bi vedea unde se joac\u0103 \u0219i care este plata total\u0103. Deci, ve\u021bi avea tot ce trebuie s\u0103 \u0219ti\u021bi.<\/p>\n<h2>G\u0103si\u021bi pl\u0103\u021bile<\/h2>\n<p>Deci, ce se \u00eent\u00e2mpl\u0103 dac\u0103 a\u021bi analizat deja numerele, dar acum dori\u021bi s\u0103 afla\u021bi mai multe <strong> despre pl\u0103\u021bi <\/strong>? De fapt, este destul de simplu. Tot ce trebuie s\u0103 face\u021bi este s\u0103 consulta\u021bi site-ul nostru de bilete online. Toate aceste informa\u021bii vor fi aici \u0219i le vom actualiza \u00een timp real.<\/p>\n<h2>Revendicare de premii online<\/h2>\n<p>Dac\u0103 c\u00e2\u0219tigi un premiu online, procedura este diferit\u0103 de ceea ce ai face dac\u0103 ai c\u00e2\u0219tiga cu un bilet cump\u0103rat la magazin. Dac\u0103 c\u00e2\u0219tiga\u021bi o sum\u0103 mai mare de 2500 EUR, va trebui s\u0103 completa\u021bi un formular prin intermediul platformei noastre online pentru a v\u0103 revendica premiul. Ne vom ocupa de restul pentru tine.<\/p>\n<p>C\u00e2\u0219tigurile sub 2500 EUR vor fi creditate imediat \u00een contul dvs. de juc\u0103tor de pe site-ul nostru. De acolo, pute\u021bi folosi fondurile pentru mai multe bilete sau pute\u021bi \u00eencepe retragerea fondurilor. Pentru a v\u0103 retrage, pute\u021bi utiliza orice metod\u0103 de plat\u0103 care a fost utilizat\u0103 anterior pentru o achizi\u021bie sau un depozit.<\/p>\n<h2>Rezumat<\/h2>\n<p>Dac\u0103 dori\u021bi s\u0103 g\u0103si\u021bi rezultatul loteriei ast\u0103zi, este vorba doar de a \u0219ti unde s\u0103 c\u0103uta\u021bi. Fie c\u0103 asta \u00eenseamn\u0103 c\u0103 privi\u021bi online, \u00eel urm\u0103ri\u021bi \u00een direct sau \u00eel verifica\u021bi a doua zi, nu ve\u021bi avea probleme cu procesul. Ve\u021bi putea <strong> \u021bine eviden\u021ba numerelor dvs. \u0219i a celor c\u00e2\u0219tig\u0103toare <\/strong>. \u0218i vei reu\u0219i s\u0103 joci corect jocurile tale preferate de loto \u0219i chiar s\u0103 descoperi c\u00e2teva noi din p\u0103r\u021bi complet diferite ale lumii. Ce ar putea fi mai bun dec\u00e2t asta?<\/p>\n","protected":false},"excerpt":{"rendered":"<p>G\u0103si\u021bi aici numerele c\u00e2\u0219tig\u0103toare pentru cele mai mari loterii interna\u021bionale din lume. Actualiz\u0103m aceast\u0103 pagin\u0103 permanent, a\u0219a c\u0103 reveni\u021bi pentru cele mai recente rezultate ori de c\u00e2te ori ave\u021bi nevoie de ele. Dac\u0103 a\u021bi jucat \u00een oricare dintre aceste loterii interna\u021bionale, sper\u0103m c\u0103 biletul dvs. va avea numerele c\u00e2\u0219tig\u0103toare! \u0218i apropo &#8211; sunte\u021bi con\u0219tient de [&hellip;]<\/p>\n","protected":false},"author":1,"featured_media":0,"parent":0,"menu_order":4,"comment_status":"closed","ping_status":"closed","template":"Results.php","meta":{"_et_pb_use_builder":"","_et_pb_old_content":"","_et_gb_content_width":"","exclude_from_search":false,"footnotes":""},"class_list":["post-5862","page","type-page","status-publish","hentry"],"yoast_head":"<!-- This site is optimized with the Yoast SEO plugin v23.4 - https:\/\/yoast.com\/wordpress\/plugins\/seo\/ -->\n<title>Numerele c\u00e2\u0219tig\u0103toare de la loterie \u0219i rezultatele pentru cele mai mari jackpoturi din lume<\/title>\n<meta name=\"description\" content=\"G\u0103se\u0219te aici rezultatele loto ale acestei s\u0103pt\u0103m\u00e2ni \u0219i numerele c\u00e2\u0219tig\u0103toare pentru cele mai mari loterii.\" \/>\n<meta name=\"robots\" content=\"index, follow, max-snippet:-1, max-image-preview:large, max-video-preview:-1\" \/>\n<link rel=\"canonical\" href=\"https:\/\/onlinelotto365.com\/ro\/numere-castigatoare\/\" \/>\n<meta property=\"og:locale\" content=\"ro_RO\" \/>\n<meta property=\"og:type\" content=\"article\" \/>\n<meta property=\"og:title\" content=\"Numerele c\u00e2\u0219tig\u0103toare de la loterie \u0219i rezultatele pentru cele mai mari jackpoturi din lume\" \/>\n<meta property=\"og:description\" content=\"G\u0103se\u0219te aici rezultatele loto ale acestei s\u0103pt\u0103m\u00e2ni \u0219i numerele c\u00e2\u0219tig\u0103toare pentru cele mai mari loterii.\" \/>\n<meta property=\"og:url\" content=\"https:\/\/onlinelotto365.com\/ro\/numere-castigatoare\/\" \/>\n<meta property=\"og:site_name\" content=\"OnlineLotto365\" \/>\n<meta property=\"article:modified_time\" content=\"2021-03-02T07:18:25+00:00\" \/>\n<meta property=\"og:image\" content=\"https:\/\/redfoxlotto.com\/ro\/image?size=8&amp;lottery=eurojackpot\" \/>\n<meta name=\"twitter:card\" content=\"summary_large_image\" \/>\n<meta name=\"twitter:label1\" content=\"Timp estimat pentru citire\" \/>\n\t<meta name=\"twitter:data1\" content=\"6 minute\" \/>\n<script type=\"application\/ld+json\" class=\"yoast-schema-graph\">{\"@context\":\"https:\/\/schema.org\",\"@graph\":[{\"@type\":\"WebPage\",\"@id\":\"https:\/\/onlinelotto365.com\/ro\/numere-castigatoare\/\",\"url\":\"https:\/\/onlinelotto365.com\/ro\/numere-castigatoare\/\",\"name\":\"Numerele c\u00e2\u0219tig\u0103toare de la loterie \u0219i rezultatele pentru cele mai mari jackpoturi din lume\",\"isPartOf\":{\"@id\":\"https:\/\/onlinelotto365.com\/ro\/#website\"},\"primaryImageOfPage\":{\"@id\":\"https:\/\/onlinelotto365.com\/ro\/numere-castigatoare\/#primaryimage\"},\"image\":{\"@id\":\"https:\/\/onlinelotto365.com\/ro\/numere-castigatoare\/#primaryimage\"},\"thumbnailUrl\":\"https:\/\/redfoxlotto.com\/ro\/image?size=8&amp;lottery=eurojackpot\",\"datePublished\":\"2020-12-05T09:06:46+00:00\",\"dateModified\":\"2021-03-02T07:18:25+00:00\",\"description\":\"G\u0103se\u0219te aici rezultatele loto ale acestei s\u0103pt\u0103m\u00e2ni \u0219i numerele c\u00e2\u0219tig\u0103toare pentru cele mai mari loterii.\",\"breadcrumb\":{\"@id\":\"https:\/\/onlinelotto365.com\/ro\/numere-castigatoare\/#breadcrumb\"},\"inLanguage\":\"ro-RO\",\"potentialAction\":[{\"@type\":\"ReadAction\",\"target\":[\"https:\/\/onlinelotto365.com\/ro\/numere-castigatoare\/\"]}]},{\"@type\":\"ImageObject\",\"inLanguage\":\"ro-RO\",\"@id\":\"https:\/\/onlinelotto365.com\/ro\/numere-castigatoare\/#primaryimage\",\"url\":\"https:\/\/redfoxlotto.com\/ro\/image?size=8&amp;lottery=eurojackpot\",\"contentUrl\":\"https:\/\/redfoxlotto.com\/ro\/image?size=8&amp;lottery=eurojackpot\"},{\"@type\":\"BreadcrumbList\",\"@id\":\"https:\/\/onlinelotto365.com\/ro\/numere-castigatoare\/#breadcrumb\",\"itemListElement\":[{\"@type\":\"ListItem\",\"position\":1,\"name\":\"Home\",\"item\":\"https:\/\/onlinelotto365.com\/ro\/\"},{\"@type\":\"ListItem\",\"position\":2,\"name\":\"G\u0103se\u0219te numerele c\u00e2\u0219tig\u0103toare \u0219i rezultatele celor mai recente extrageri loto.\"}]},{\"@type\":\"WebSite\",\"@id\":\"https:\/\/onlinelotto365.com\/ro\/#website\",\"url\":\"https:\/\/onlinelotto365.com\/ro\/\",\"name\":\"OnlineLotto365\",\"description\":\"\",\"potentialAction\":[{\"@type\":\"SearchAction\",\"target\":{\"@type\":\"EntryPoint\",\"urlTemplate\":\"https:\/\/onlinelotto365.com\/ro\/?s={search_term_string}\"},\"query-input\":{\"@type\":\"PropertyValueSpecification\",\"valueRequired\":true,\"valueName\":\"search_term_string\"}}],\"inLanguage\":\"ro-RO\"}]}<\/script>\n<!-- \/ Yoast SEO plugin. -->","yoast_head_json":{"title":"Numerele c\u00e2\u0219tig\u0103toare de la loterie \u0219i rezultatele pentru cele mai mari jackpoturi din lume","description":"G\u0103se\u0219te aici rezultatele loto ale acestei s\u0103pt\u0103m\u00e2ni \u0219i numerele c\u00e2\u0219tig\u0103toare pentru cele mai mari loterii.","robots":{"index":"index","follow":"follow","max-snippet":"max-snippet:-1","max-image-preview":"max-image-preview:large","max-video-preview":"max-video-preview:-1"},"canonical":"https:\/\/onlinelotto365.com\/ro\/numere-castigatoare\/","og_locale":"ro_RO","og_type":"article","og_title":"Numerele c\u00e2\u0219tig\u0103toare de la loterie \u0219i rezultatele pentru cele mai mari jackpoturi din lume","og_description":"G\u0103se\u0219te aici rezultatele loto ale acestei s\u0103pt\u0103m\u00e2ni \u0219i numerele c\u00e2\u0219tig\u0103toare pentru cele mai mari loterii.","og_url":"https:\/\/onlinelotto365.com\/ro\/numere-castigatoare\/","og_site_name":"OnlineLotto365","article_modified_time":"2021-03-02T07:18:25+00:00","og_image":[{"url":"https:\/\/redfoxlotto.com\/ro\/image?size=8&amp;lottery=eurojackpot"}],"twitter_card":"summary_large_image","twitter_misc":{"Timp estimat pentru citire":"6 minute"},"schema":{"@context":"https:\/\/schema.org","@graph":[{"@type":"WebPage","@id":"https:\/\/onlinelotto365.com\/ro\/numere-castigatoare\/","url":"https:\/\/onlinelotto365.com\/ro\/numere-castigatoare\/","name":"Numerele c\u00e2\u0219tig\u0103toare de la loterie \u0219i rezultatele pentru cele mai mari jackpoturi din lume","isPartOf":{"@id":"https:\/\/onlinelotto365.com\/ro\/#website"},"primaryImageOfPage":{"@id":"https:\/\/onlinelotto365.com\/ro\/numere-castigatoare\/#primaryimage"},"image":{"@id":"https:\/\/onlinelotto365.com\/ro\/numere-castigatoare\/#primaryimage"},"thumbnailUrl":"https:\/\/redfoxlotto.com\/ro\/image?size=8&amp;lottery=eurojackpot","datePublished":"2020-12-05T09:06:46+00:00","dateModified":"2021-03-02T07:18:25+00:00","description":"G\u0103se\u0219te aici rezultatele loto ale acestei s\u0103pt\u0103m\u00e2ni \u0219i numerele c\u00e2\u0219tig\u0103toare pentru cele mai mari loterii.","breadcrumb":{"@id":"https:\/\/onlinelotto365.com\/ro\/numere-castigatoare\/#breadcrumb"},"inLanguage":"ro-RO","potentialAction":[{"@type":"ReadAction","target":["https:\/\/onlinelotto365.com\/ro\/numere-castigatoare\/"]}]},{"@type":"ImageObject","inLanguage":"ro-RO","@id":"https:\/\/onlinelotto365.com\/ro\/numere-castigatoare\/#primaryimage","url":"https:\/\/redfoxlotto.com\/ro\/image?size=8&amp;lottery=eurojackpot","contentUrl":"https:\/\/redfoxlotto.com\/ro\/image?size=8&amp;lottery=eurojackpot"},{"@type":"BreadcrumbList","@id":"https:\/\/onlinelotto365.com\/ro\/numere-castigatoare\/#breadcrumb","itemListElement":[{"@type":"ListItem","position":1,"name":"Home","item":"https:\/\/onlinelotto365.com\/ro\/"},{"@type":"ListItem","position":2,"name":"G\u0103se\u0219te numerele c\u00e2\u0219tig\u0103toare \u0219i rezultatele celor mai recente extrageri loto."}]},{"@type":"WebSite","@id":"https:\/\/onlinelotto365.com\/ro\/#website","url":"https:\/\/onlinelotto365.com\/ro\/","name":"OnlineLotto365","description":"","potentialAction":[{"@type":"SearchAction","target":{"@type":"EntryPoint","urlTemplate":"https:\/\/onlinelotto365.com\/ro\/?s={search_term_string}"},"query-input":{"@type":"PropertyValueSpecification","valueRequired":true,"valueName":"search_term_string"}}],"inLanguage":"ro-RO"}]}},"_links":{"self":[{"href":"https:\/\/onlinelotto365.com\/ro\/wp-json\/wp\/v2\/pages\/5862","targetHints":{"allow":["GET"]}}],"collection":[{"href":"https:\/\/onlinelotto365.com\/ro\/wp-json\/wp\/v2\/pages"}],"about":[{"href":"https:\/\/onlinelotto365.com\/ro\/wp-json\/wp\/v2\/types\/page"}],"author":[{"embeddable":true,"href":"https:\/\/onlinelotto365.com\/ro\/wp-json\/wp\/v2\/users\/1"}],"replies":[{"embeddable":true,"href":"https:\/\/onlinelotto365.com\/ro\/wp-json\/wp\/v2\/comments?post=5862"}],"version-history":[{"count":0,"href":"https:\/\/onlinelotto365.com\/ro\/wp-json\/wp\/v2\/pages\/5862\/revisions"}],"wp:attachment":[{"href":"https:\/\/onlinelotto365.com\/ro\/wp-json\/wp\/v2\/media?parent=5862"}],"curies":[{"name":"wp","href":"https:\/\/api.w.org\/{rel}","templated":true}]}}