{"id":79122,"date":"2022-11-01T12:12:50","date_gmt":"2022-11-01T11:12:50","guid":{"rendered":"https:\/\/onlinelotto365.com\/?page_id=79122"},"modified":"2022-11-09T13:13:50","modified_gmt":"2022-11-09T12:13:50","slug":"mon-wed-lotto","status":"publish","type":"page","link":"https:\/\/onlinelotto365.com\/ro\/joaca\/mon-wed-lotto\/","title":{"rendered":"Jocul Mon &#038; Wed Lotto Australia este doar una dintre op\u021biunile pentru fanii loteriei din Rom\u00e2nia"},"content":{"rendered":"<h2>Cum s\u0103 joci Mon &amp; Wed Lotto Australia online<\/h2>\n<p>Dac\u0103 v\u0103 afla\u021bi \u00een Rom\u00e2nia nu trebuie s\u0103 fie dificil s\u0103 juca\u021bi online la Mon &amp; Wed Lotto Australia. Tot ce trebuie s\u0103 faci este s\u0103 te g\u00e2nde\u0219ti cum vei proceda \u0219i cum vei face rost de biletele pe care \u021bi le dore\u0219ti pentru urm\u0103toarea extragere. Noi v\u0103 putem ajuta \u00een acest sens.<\/p>\n<p>Sistemul nostru se asigur\u0103 c\u0103 sunte\u021bi pe drumul cel bun pe tot parcursul jocului. Tot ce trebuie s\u0103 face\u021bi este s\u0103 v\u0103 crea\u021bi un cont, s\u0103 alege\u021bi biletele \u0219i numerele pe care le dori\u021bi \u0219i apoi s\u0103 le pl\u0103ti\u021bi cu metoda de plat\u0103 preferat\u0103. Doar a\u0219a, vei fi gata de plecare \u0219i vei a\u0219tepta urm\u0103toarea extragere pentru a-\u021bi putea verifica biletele.<\/p>\n<p>Dac\u0103 e\u0219ti gata s\u0103 alegi primele bilete, trebuie doar s\u0103 alegi jocul potrivit. \u00cen acest caz, este vorba despre Mon &amp; Wed Lotto Australia. A\u0219adar, selecta\u021bi jocul potrivit \u0219i \u00eencepe\u021bi s\u0103 v\u0103 alege\u021bi numerele.<br \/>\nSau alege\u021bi o alegere rapid\u0103, unde calculatorul va alege numere aleatorii pentru dumneavoastr\u0103. Pute\u021bi chiar s\u0103 ajusta\u021bi \u00een continuare acele numere dac\u0103 v\u0103 r\u0103zg\u00e2ndi\u021bi, astfel \u00eenc\u00e2t s\u0103 ob\u021bine\u021bi numerele pe care le dori\u021bi pentru fiecare extragere.<\/p>\n<p>Dup\u0103 ce v-a\u021bi ales numerele pentru luni \u0219i miercuri la Lotto Australia, pute\u021bi alege bilete pentru orice alt joc pe care dori\u021bi s\u0103 \u00eel juca\u021bi \u0219i s\u0103 pleca\u021bi. Procesul de checkout este sigur \u0219i securizat \u0219i se asigur\u0103, de asemenea, c\u0103 dumneavoastr\u0103 sunte\u021bi cel care cump\u0103r\u0103 biletele. Va trebui s\u0103 v\u0103 verifica\u021bi contul (\u0219i s\u0103 v\u0103 crea\u021bi unul) \u0219i apoi pute\u021bi \u00eencepe s\u0103 cump\u0103ra\u021bi orice bilet dori\u021bi.<\/p>\n<p>Trebuie doar s\u0103 v\u0103 crea\u021bi un cont cu informa\u021biile dvs. personale \u0219i s\u0103 face\u021bi clic pe linkul din e-mailul de verificare pe care vi-l trimitem. Este posibil s\u0103 se afle \u00een dosarul de spam dac\u0103 nu ne-a\u021bi ad\u0103ugat \u00eenc\u0103 \u00een agenda dvs. de adrese, a\u0219a c\u0103 asigura\u021bi-v\u0103 c\u0103 sunte\u021bi atent la el. De acolo, contul dvs. va fi gata \u0219i ve\u021bi putea \u00eencepe s\u0103 cump\u0103ra\u021bi toate biletele pe care le dori\u021bi.<br \/>\n<a href=\"https:\/\/redfoxlotto.com\/play\/monday-wednesday-lotto-au\/?ref=a8564250a2&amp;medium=ol365\" target=\"_blank\" rel=\"noopener noreferrer\"><img decoding=\"async\" class=\"aligncenter\" src=\"https:\/\/redfoxlotto.com\/image?size=8&amp;lottery=monday-wednesday-lotto-au\" alt=\"Luni \u0219i Miercuri Lotto Australia\" \/><\/a><\/p>\n<h2>Despre Mon &amp; Wed Lotto Australia<\/h2>\n<ul>\n<li>\u021aara: Australien<\/li>\n<li>Gama de numere principale: 45<\/li>\n<li>Trebuie s\u0103 selecta\u021bi: 6<\/li>\n<li>Zilele, orele de extragere: Luni, miercuri, 21:30 GMT+11 &#8211; 10:30 CET<\/li>\n<li>Jackpotul \u00eencepe la: AU$ 2,5 milioane<\/li>\n<li>Jackpotul este plafonat la: jackpot fix<\/li>\n<li>\u0218ansa de a c\u00e2\u0219tiga jackpotul: 1 la 8145060<\/li>\n<li>\u0218ansa de a c\u00e2\u0219tiga premiul al doilea: 1 la 678755<\/li>\n<li>\u0218ansa de a c\u00e2\u0219tiga orice premiu: 1 la 85,44<\/li>\n<li>Num\u0103rul de categorii de premii: 6<\/li>\n<\/ul>\n<h2>Cele mai bune caracteristici ale Mon &amp; Wed Lotto Australia<\/h2>\n<p>Tras la sor\u021bi de dou\u0103 ori pe s\u0103pt\u0103m\u00e2n\u0103, Mon &amp; Wed Lotto Australia v\u0103 ofer\u0103 o \u0219ans\u0103 la o parte din premiile de milioane de euro. \u0218i tot ce trebuie s\u0103 face\u021bi este s\u0103 \u00eei da\u021bi o \u0219ans\u0103 \u0219i s\u0103 v\u0103 \u00eenscrie\u021bi \u00een fondul de premii al Diviziei 1. Nu \u0219tii niciodat\u0103 cu ce ai putea pleca.<\/p>\n<h2>Cum s\u0103 verifica\u021bi rezultatele la Mon &amp; Wed Lotto Australia<\/h2>\n<p>C\u00e2nd vine vorba de verificarea rezultatelor s-ar putea s\u0103 fi\u021bi surprins de toate locurile \u00een care pute\u021bi merge. Pute\u021bi verifica site-ul loteriei pentru a afla numerele imediat dup\u0103 extragere. De asemenea, pute\u021bi verifica ziarele locale \u0219i posturile tv dup\u0103 extragere.<br \/>\nDar dac\u0103 dori\u021bi s\u0103 afla\u021bi rezultatele rapid \u0219i u\u0219or ar trebui s\u0103 verifica\u021bi site-ul nostru, de unde a\u021bi cump\u0103rat biletele. Ve\u021bi g\u0103si nu numai numerele c\u00e2\u0219tig\u0103toare, ci \u0219i o compara\u021bie cu numerele dvs.<\/p>\n<h2>A\u021bi jucat la Mon &amp; Wed Lotto Australia online \u0219i a\u021bi c\u00e2\u0219tigat &#8211; ce se \u00eent\u00e2mpl\u0103 \u00een continuare?<\/h2>\n<p>Verific\u0103 numerele c\u00e2\u0219tig\u0103toare, numerele tale \u0219i c\u00e2t ai c\u00e2\u0219tigat la acest joc. Dac\u0103 a\u021bi c\u00e2\u0219tigat mai pu\u021bin de 2500 \u20ac nu va trebui s\u0103 face\u021bi nimic. Banii vor fi deja \u00een contul dumneavoastr\u0103.<br \/>\n\u0218i odat\u0103 ce se afl\u0103 \u00een cont, tot ce trebuie s\u0103 faci este s\u0103-i retragi (dac\u0103 sunt mai mari de 10 \u20ac) sau s\u0103-i cheltuie\u0219ti pe alte bilete de loto. \u00cei pute\u021bi l\u0103sa \u00een contul dvs. pentru a-i cheltui c\u00e2t timp dori\u021bi, astfel \u00eenc\u00e2t s\u0103 fie mereu acolo.<br \/>\nTotu\u0219i, dac\u0103 e\u0219ti norocos \u0219i c\u00e2\u0219tigi peste 2500 \u20ac, vei primi un mesaj de la echipa noastr\u0103 de asisten\u021b\u0103. Ace\u0219tia te vor ajuta s\u0103 \u00ee\u021bi dai seama care sunt urm\u0103torii pa\u0219i, inclusiv s\u0103 completezi un formular de revendicare pentru a-\u021bi primi c\u00e2\u0219tigurile. Iar apoi banii vor fi depu\u0219i direct \u00een contul t\u0103u bancar sau \u00ee\u021bi vor fi trimi\u0219i prin cec.<\/p>\n","protected":false},"excerpt":{"rendered":"<p>Cum s\u0103 joci Mon &amp; Wed Lotto Australia online Dac\u0103 v\u0103 afla\u021bi \u00een Rom\u00e2nia nu trebuie s\u0103 fie dificil s\u0103 juca\u021bi online la Mon &amp; Wed Lotto Australia. Tot ce trebuie s\u0103 faci este s\u0103 te g\u00e2nde\u0219ti cum vei proceda \u0219i cum vei face rost de biletele pe care \u021bi le dore\u0219ti pentru urm\u0103toarea extragere. [&hellip;]<\/p>\n","protected":false},"author":1,"featured_media":0,"parent":5032,"menu_order":16,"comment_status":"closed","ping_status":"closed","template":"template-rightsidebar.php","meta":{"_et_pb_use_builder":"","_et_pb_old_content":"","_et_gb_content_width":"","exclude_from_search":false,"footnotes":""},"class_list":["post-79122","page","type-page","status-publish","hentry"],"yoast_head":"<!-- This site is optimized with the Yoast SEO plugin v23.4 - https:\/\/yoast.com\/wordpress\/plugins\/seo\/ -->\n<title>Participa\u021bi la Mon &amp; Wed Lotto Australia chiar \u0219i din Rom\u00e2nia<\/title>\n<meta name=\"description\" content=\"Dori\u021bi s\u0103 juca\u021bi la Australia Won &amp; Wed lotto? Cump\u0103ra\u021bi bilete aici!\" \/>\n<meta name=\"robots\" content=\"index, follow, max-snippet:-1, max-image-preview:large, max-video-preview:-1\" \/>\n<link rel=\"canonical\" href=\"https:\/\/onlinelotto365.com\/ro\/joaca\/mon-wed-lotto\/\" \/>\n<meta property=\"og:locale\" content=\"ro_RO\" \/>\n<meta property=\"og:type\" content=\"article\" \/>\n<meta property=\"og:title\" content=\"Participa\u021bi la Mon &amp; Wed Lotto Australia chiar \u0219i din Rom\u00e2nia\" \/>\n<meta property=\"og:description\" content=\"Dori\u021bi s\u0103 juca\u021bi la Australia Won &amp; Wed lotto? Cump\u0103ra\u021bi bilete aici!\" \/>\n<meta property=\"og:url\" content=\"https:\/\/onlinelotto365.com\/ro\/joaca\/mon-wed-lotto\/\" \/>\n<meta property=\"og:site_name\" content=\"OnlineLotto365\" \/>\n<meta property=\"article:modified_time\" content=\"2022-11-09T12:13:50+00:00\" \/>\n<meta property=\"og:image\" content=\"https:\/\/redfoxlotto.com\/image?size=8&amp;lottery=monday-wednesday-lotto-au\" \/>\n<meta name=\"twitter:card\" content=\"summary_large_image\" \/>\n<meta name=\"twitter:label1\" content=\"Timp estimat pentru citire\" \/>\n\t<meta name=\"twitter:data1\" content=\"4 minute\" \/>\n<script type=\"application\/ld+json\" class=\"yoast-schema-graph\">{\"@context\":\"https:\/\/schema.org\",\"@graph\":[{\"@type\":\"WebPage\",\"@id\":\"https:\/\/onlinelotto365.com\/ro\/joaca\/mon-wed-lotto\/\",\"url\":\"https:\/\/onlinelotto365.com\/ro\/joaca\/mon-wed-lotto\/\",\"name\":\"Participa\u021bi la Mon & Wed Lotto Australia chiar \u0219i din Rom\u00e2nia\",\"isPartOf\":{\"@id\":\"https:\/\/onlinelotto365.com\/ro\/#website\"},\"primaryImageOfPage\":{\"@id\":\"https:\/\/onlinelotto365.com\/ro\/joaca\/mon-wed-lotto\/#primaryimage\"},\"image\":{\"@id\":\"https:\/\/onlinelotto365.com\/ro\/joaca\/mon-wed-lotto\/#primaryimage\"},\"thumbnailUrl\":\"https:\/\/redfoxlotto.com\/image?size=8&amp;lottery=monday-wednesday-lotto-au\",\"datePublished\":\"2022-11-01T11:12:50+00:00\",\"dateModified\":\"2022-11-09T12:13:50+00:00\",\"description\":\"Dori\u021bi s\u0103 juca\u021bi la Australia Won & Wed lotto? Cump\u0103ra\u021bi bilete aici!\",\"breadcrumb\":{\"@id\":\"https:\/\/onlinelotto365.com\/ro\/joaca\/mon-wed-lotto\/#breadcrumb\"},\"inLanguage\":\"ro-RO\",\"potentialAction\":[{\"@type\":\"ReadAction\",\"target\":[\"https:\/\/onlinelotto365.com\/ro\/joaca\/mon-wed-lotto\/\"]}]},{\"@type\":\"ImageObject\",\"inLanguage\":\"ro-RO\",\"@id\":\"https:\/\/onlinelotto365.com\/ro\/joaca\/mon-wed-lotto\/#primaryimage\",\"url\":\"https:\/\/redfoxlotto.com\/image?size=8&amp;lottery=monday-wednesday-lotto-au\",\"contentUrl\":\"https:\/\/redfoxlotto.com\/image?size=8&amp;lottery=monday-wednesday-lotto-au\"},{\"@type\":\"BreadcrumbList\",\"@id\":\"https:\/\/onlinelotto365.com\/ro\/joaca\/mon-wed-lotto\/#breadcrumb\",\"itemListElement\":[{\"@type\":\"ListItem\",\"position\":1,\"name\":\"Home\",\"item\":\"https:\/\/onlinelotto365.com\/ro\/\"},{\"@type\":\"ListItem\",\"position\":2,\"name\":\"Tot ceea ce trebuie s\u0103 \u0219tii despre op\u021biunile tale de a juca la cele mai bune loterii online.\",\"item\":\"https:\/\/onlinelotto365.com\/ro\/joaca\/\"},{\"@type\":\"ListItem\",\"position\":3,\"name\":\"Jocul Mon &#038; Wed Lotto Australia este doar una dintre op\u021biunile pentru fanii loteriei din Rom\u00e2nia\"}]},{\"@type\":\"WebSite\",\"@id\":\"https:\/\/onlinelotto365.com\/ro\/#website\",\"url\":\"https:\/\/onlinelotto365.com\/ro\/\",\"name\":\"OnlineLotto365\",\"description\":\"\",\"potentialAction\":[{\"@type\":\"SearchAction\",\"target\":{\"@type\":\"EntryPoint\",\"urlTemplate\":\"https:\/\/onlinelotto365.com\/ro\/?s={search_term_string}\"},\"query-input\":{\"@type\":\"PropertyValueSpecification\",\"valueRequired\":true,\"valueName\":\"search_term_string\"}}],\"inLanguage\":\"ro-RO\"}]}<\/script>\n<!-- \/ Yoast SEO plugin. -->","yoast_head_json":{"title":"Participa\u021bi la Mon & Wed Lotto Australia chiar \u0219i din Rom\u00e2nia","description":"Dori\u021bi s\u0103 juca\u021bi la Australia Won & Wed lotto? Cump\u0103ra\u021bi bilete aici!","robots":{"index":"index","follow":"follow","max-snippet":"max-snippet:-1","max-image-preview":"max-image-preview:large","max-video-preview":"max-video-preview:-1"},"canonical":"https:\/\/onlinelotto365.com\/ro\/joaca\/mon-wed-lotto\/","og_locale":"ro_RO","og_type":"article","og_title":"Participa\u021bi la Mon & Wed Lotto Australia chiar \u0219i din Rom\u00e2nia","og_description":"Dori\u021bi s\u0103 juca\u021bi la Australia Won & Wed lotto? Cump\u0103ra\u021bi bilete aici!","og_url":"https:\/\/onlinelotto365.com\/ro\/joaca\/mon-wed-lotto\/","og_site_name":"OnlineLotto365","article_modified_time":"2022-11-09T12:13:50+00:00","og_image":[{"url":"https:\/\/redfoxlotto.com\/image?size=8&amp;lottery=monday-wednesday-lotto-au"}],"twitter_card":"summary_large_image","twitter_misc":{"Timp estimat pentru citire":"4 minute"},"schema":{"@context":"https:\/\/schema.org","@graph":[{"@type":"WebPage","@id":"https:\/\/onlinelotto365.com\/ro\/joaca\/mon-wed-lotto\/","url":"https:\/\/onlinelotto365.com\/ro\/joaca\/mon-wed-lotto\/","name":"Participa\u021bi la Mon & Wed Lotto Australia chiar \u0219i din Rom\u00e2nia","isPartOf":{"@id":"https:\/\/onlinelotto365.com\/ro\/#website"},"primaryImageOfPage":{"@id":"https:\/\/onlinelotto365.com\/ro\/joaca\/mon-wed-lotto\/#primaryimage"},"image":{"@id":"https:\/\/onlinelotto365.com\/ro\/joaca\/mon-wed-lotto\/#primaryimage"},"thumbnailUrl":"https:\/\/redfoxlotto.com\/image?size=8&amp;lottery=monday-wednesday-lotto-au","datePublished":"2022-11-01T11:12:50+00:00","dateModified":"2022-11-09T12:13:50+00:00","description":"Dori\u021bi s\u0103 juca\u021bi la Australia Won & Wed lotto? Cump\u0103ra\u021bi bilete aici!","breadcrumb":{"@id":"https:\/\/onlinelotto365.com\/ro\/joaca\/mon-wed-lotto\/#breadcrumb"},"inLanguage":"ro-RO","potentialAction":[{"@type":"ReadAction","target":["https:\/\/onlinelotto365.com\/ro\/joaca\/mon-wed-lotto\/"]}]},{"@type":"ImageObject","inLanguage":"ro-RO","@id":"https:\/\/onlinelotto365.com\/ro\/joaca\/mon-wed-lotto\/#primaryimage","url":"https:\/\/redfoxlotto.com\/image?size=8&amp;lottery=monday-wednesday-lotto-au","contentUrl":"https:\/\/redfoxlotto.com\/image?size=8&amp;lottery=monday-wednesday-lotto-au"},{"@type":"BreadcrumbList","@id":"https:\/\/onlinelotto365.com\/ro\/joaca\/mon-wed-lotto\/#breadcrumb","itemListElement":[{"@type":"ListItem","position":1,"name":"Home","item":"https:\/\/onlinelotto365.com\/ro\/"},{"@type":"ListItem","position":2,"name":"Tot ceea ce trebuie s\u0103 \u0219tii despre op\u021biunile tale de a juca la cele mai bune loterii online.","item":"https:\/\/onlinelotto365.com\/ro\/joaca\/"},{"@type":"ListItem","position":3,"name":"Jocul Mon &#038; Wed Lotto Australia este doar una dintre op\u021biunile pentru fanii loteriei din Rom\u00e2nia"}]},{"@type":"WebSite","@id":"https:\/\/onlinelotto365.com\/ro\/#website","url":"https:\/\/onlinelotto365.com\/ro\/","name":"OnlineLotto365","description":"","potentialAction":[{"@type":"SearchAction","target":{"@type":"EntryPoint","urlTemplate":"https:\/\/onlinelotto365.com\/ro\/?s={search_term_string}"},"query-input":{"@type":"PropertyValueSpecification","valueRequired":true,"valueName":"search_term_string"}}],"inLanguage":"ro-RO"}]}},"_links":{"self":[{"href":"https:\/\/onlinelotto365.com\/ro\/wp-json\/wp\/v2\/pages\/79122","targetHints":{"allow":["GET"]}}],"collection":[{"href":"https:\/\/onlinelotto365.com\/ro\/wp-json\/wp\/v2\/pages"}],"about":[{"href":"https:\/\/onlinelotto365.com\/ro\/wp-json\/wp\/v2\/types\/page"}],"author":[{"embeddable":true,"href":"https:\/\/onlinelotto365.com\/ro\/wp-json\/wp\/v2\/users\/1"}],"replies":[{"embeddable":true,"href":"https:\/\/onlinelotto365.com\/ro\/wp-json\/wp\/v2\/comments?post=79122"}],"version-history":[{"count":0,"href":"https:\/\/onlinelotto365.com\/ro\/wp-json\/wp\/v2\/pages\/79122\/revisions"}],"up":[{"embeddable":true,"href":"https:\/\/onlinelotto365.com\/ro\/wp-json\/wp\/v2\/pages\/5032"}],"wp:attachment":[{"href":"https:\/\/onlinelotto365.com\/ro\/wp-json\/wp\/v2\/media?parent=79122"}],"curies":[{"name":"wp","href":"https:\/\/api.w.org\/{rel}","templated":true}]}}