{"id":79149,"date":"2022-11-01T14:35:11","date_gmt":"2022-11-01T13:35:11","guid":{"rendered":"https:\/\/onlinelotto365.com\/?page_id=79149"},"modified":"2022-11-01T14:35:11","modified_gmt":"2022-11-01T13:35:11","slug":"euromillions","status":"publish","type":"page","link":"https:\/\/onlinelotto365.com\/ro\/joaca\/euromillions\/","title":{"rendered":"EuroMillions este cea mai mare loterie din Europa"},"content":{"rendered":"<p>EuroMillions a \u00eenceput \u00een 2004 ca un efort de cooperare \u00eentre operatorii de loterii na\u021bionale din Fran\u021ba, Spania \u0219i Marea Britanie. A durat zece ani pentru a se ajunge la un acord \u00eentre aceste \u021b\u0103ri, a\u0219a c\u0103, odat\u0103 ce a \u00eenceput, a fost cu siguran\u021b\u0103 foarte bine organizat, a\u0219a cum a fost \u0219i p\u00e2n\u0103 acum.<\/p>\n<p>Planul era de a oferi juc\u0103torilor de loto din aceste trei \u021b\u0103ri posibilitatea de a juca pentru jackpoturi mult mai mari dec\u00e2t cele disponibile p\u00e2n\u0103 atunci. Deoarece jackpoturile uria\u0219e sunt cele care tind s\u0103 st\u00e2rneasc\u0103 cu adev\u0103rat entuziasmul aici, se a\u0219tepta ca acest nou loto s\u0103 fie un succes uria\u0219 \u0219i s\u0103 genereze ni\u0219te jackpoturi fantastice s\u0103pt\u0103m\u00e2n\u0103 de s\u0103pt\u0103m\u00e2n\u0103. \u0218i exact asta s-a \u00eent\u00e2mplat.<\/p>\n<p>Pe m\u0103sur\u0103 ce succesul loteriei a crescut, mai multe \u021b\u0103ri au fost ad\u0103ugate la parteneriat, iar ast\u0103zi exist\u0103 \u00een total nou\u0103 \u021b\u0103ri diferite care particip\u0103 la loterie. Jackpoturile sunt \u00eentotdeauna printre cele mai mari disponibile oriunde \u00een lume, \u00eencep\u00e2nd de la 17 milioane de euro \u0219i cresc\u00e2nd de acolo.<\/p>\n<h2>Nu mai trebuie s\u0103 locui\u021bi \u00een niciuna dintre aceste \u021b\u0103ri pentru a juca la aceast\u0103 loterie<\/h2>\n<p>Din moment ce EuroMillions a fost istoric oferit doar \u00een nou\u0103 \u021b\u0103ri europene selecte, cei mai mul\u021bi dintre noi au fost l\u0103sa\u021bi pe dinafar\u0103 aici \u00een ceea ce prive\u0219te posibilitatea de a se bucura de joc. De fapt, jucarea acestei loterii nici m\u0103car nu a fost luat\u0103 \u00een considerare pentru noi ceilal\u021bi, p\u00e2n\u0103 \u00een ultima vreme, adic\u0103.<\/p>\n<p><a href=\"https:\/\/redfoxlotto.com\/play\/euromillions\/?ref=a8564250a2&amp;medium=ol365\" target=\"_blank\" rel=\"noopener noreferrer\"><img loading=\"lazy\" decoding=\"async\" class=\"aligncenter\" src=\"https:\/\/redfoxlotto.com\/image?size=8&amp;lottery=euromillions\" alt=\"euromillions\" width=\"720\" height=\"90\" \/><\/a><\/p>\n<p>Juc\u0103torii de loto iste\u021bi din Australia \u0219i din alte p\u0103r\u021bi, cei care suntem \u00een cuno\u0219tin\u021b\u0103 de cauz\u0103, ne d\u0103m seama acum c\u0103 barierele fizice \u00een lumea loteriilor nu mai exist\u0103. De fapt, ele \u00eenc\u0103 mai exist\u0103 \u00eentr-un anumit sens, deoarece \u00eenc\u0103 trebuie s\u0103 v\u0103 cump\u0103ra\u021bi biletele de loterie pentru EuroMillions \u0219i alte loterii din \u00eentreaga lume. Desigur, nu ve\u021bi c\u0103l\u0103tori acolo din Australia de dou\u0103 ori pe s\u0103pt\u0103m\u00e2n\u0103 pentru a v\u0103 cump\u0103ra bilete, deoarece acest lucru ar necesita o cantitate ridicol\u0103 de timp \u0219i bani. A\u021bi putea angaja pe cineva care locuie\u0219te \u00een \u021b\u0103rile din care dori\u021bi s\u0103 cump\u0103ra\u021bi bilete de loterie, dar asta ar necesita mai multe cuno\u0219tin\u021be \u0219i mai mult efort dec\u00e2t s-ar g\u00e2ndi majoritatea oamenilor s\u0103 se angajeze vreodat\u0103.<\/p>\n<p>R\u0103spunsul este s\u0103 le cump\u0103ra\u021bi pur \u0219i simplu online, direct de acas\u0103, \u0219i s\u0103 ave\u021bi un serviciu apreciat \u0219i de \u00eencredere care s\u0103 se ocupe de toate nevoile dumneavoastr\u0103, inclusiv de cump\u0103rarea biletelor \u00een numele dumneavoastr\u0103, de p\u0103strarea biletelor pentru dumneavoastr\u0103 \u00een siguran\u021b\u0103, de verificarea numerelor \u0219i de a v\u0103 anun\u021ba dac\u0103 a\u021bi c\u00e2\u0219tigat \u0219i de a v\u0103 ajuta s\u0103 v\u0103 \u00eencasa\u021bi c\u00e2\u0219tigurile.<\/p>\n<p>Acest nou serviciu transform\u0103 visele oamenilor \u00een realitate &#8211; posibilitatea de a cump\u0103ra bilete de loterie online \u0219i de a avea grij\u0103 de toate aspectele legate de acestea a devenit acum o realitate. Nu numai c\u0103 pute\u021bi cump\u0103ra foarte convenabil toate biletele EuroMillions pe care le dori\u021bi, dar v\u0103 oferim, de asemenea, posibilitatea de a cump\u0103ra online bilete la toate cele mai mari \u0219i mai populare extrageri loto din lume.<\/p>\n<h2>Cum s\u0103 pl\u0103ti\u021bi online biletul Euromillions<\/h2>\n<p>Exist\u0103 mai multe op\u021biuni de plat\u0103, inclusiv virament bancar, card de credit \u0219i Bitcoin sau alte criptomonede. Protocoalele noastre de criptare digital\u0103 asigur\u0103 siguran\u021ba datelor dumneavoastr\u0103.<\/p>\n<p>Po\u021bi alege s\u0103 pl\u0103te\u0219ti direct pentru comenzile tale sau s\u0103 depui orice sum\u0103 dore\u0219ti \u0219i apoi s\u0103 folose\u0219ti ulterior fondurile din contul t\u0103u de client pentru a cump\u0103ra oric\u00e2te bilete online dore\u0219ti.<\/p>\n<h2>Mai multe informa\u021bii despre Euromillions<\/h2>\n<ul>\n<li>Loteria are loc unde: diverse \u021b\u0103ri europene<\/li>\n<li>Din c\u00e2te numere principale pute\u021bi alege: 50<\/li>\n<li>Trebuie s\u0103 selecta\u021bi: 5<\/li>\n<li>C\u00e2te numere suplimentare pute\u021bi alege: 12<\/li>\n<li>Trebuie s\u0103 selecta\u021bi: 2<\/li>\n<li>Extrage\u021bi zile, ore: Mar\u021bi, vineri 19:30 GMT &#8211; 20:30 CET<\/li>\n<li>Jackpotul minim: 17 milioane de euro<\/li>\n<li>Valoarea maxim\u0103 a jackpot-ului: 190 milioane de euro<\/li>\n<li>Combina\u021bia de numere posibil\u0103 pentru un c\u00e2\u0219tig de jackpot: 1 \u00een 186.450.880<\/li>\n<li>Combina\u021bie posibil\u0103 de numere pentru un c\u00e2\u0219tig de nivel 2: 1 din 2.118.760<\/li>\n<li>Probabilitatea de a c\u00e2\u0219tiga la orice nivel: 1 la 12,98<\/li>\n<li>C\u00e2te niveluri de premii: 13<\/li>\n<li>Extrageri speciale pentru Euromillioane: de trei ori pe an, premiul cel mare este stabilit la 140 de milioane de euro<\/li>\n<\/ul>\n<p>&nbsp;<\/p>\n<p>Odat\u0103 ce jackpotul ajunge la 190 de milioane de euro, acesta este plafonat \u0219i se adaug\u0103 alte cre\u0219teri la celelalte premii. Organizatorii loteriei consider\u0103 aceast\u0103 m\u0103rime a jackpotului suficient de mare, se pare, \u0219i cu siguran\u021b\u0103 sunt mai mult dec\u00e2t suficien\u021bi bani pentru a satisface pe oricare dintre noi. Totu\u0219i, g\u00e2ndul lor este c\u0103 \u00een acest moment au creat mai mult dec\u00e2t suficient entuziasm pentru jackpot \u0219i acum pot face acela\u0219i lucru cu celelalte premii. Dar premiile de nivel inferior vor fi mult mai mari dup\u0103 ce jackpotul va fi limitat. Asta \u00eenseamn\u0103 c\u0103, \u00een acel moment, loteria devine \u0219i mai atractiv\u0103. La urma urmei, \u0219ansele de a c\u00e2\u0219tiga un premiu de nivelul doi sunt mult mai bune, \u00een compara\u021bie cu probabilitatea de a c\u00e2\u0219tiga jackpot-ul.<\/p>\n<p>De asemenea, Euromillions ofer\u0103 de trei ori pe an o a\u0219a-numit\u0103 Superdraw. Acest lucru \u00eenseamn\u0103 c\u0103 ei stabilesc pur \u0219i simplu jackpot-ul la 130 de milioane de euro. \u0218i poate chiar s\u0103 creasc\u0103 mai mult dec\u00e2t at\u00e2t dac\u0103 nimeni nu \u00eel c\u00e2\u0219tig\u0103. <img loading=\"lazy\" decoding=\"async\" class=\"alignright wp-image-1873\" style=\"font-size: 16px; font-weight: inherit;\" src=\"https:\/\/onlinelotto365.com\/wp-content\/uploads\/2020\/11\/online_lottery-167-300x197.jpg\" alt=\"juca euromillions online\" width=\"282\" height=\"185\" \/><\/p>\n<h2>Cum s\u0103 verifica\u021bi rezultatele Powerball<\/h2>\n<p>Pute\u021bi s\u0103 vizita\u021bi din nou site-ul nostru pentru a v\u0103 verifica biletele sau, dac\u0103 prefera\u021bi, pute\u021bi a\u0219tepta e-mailul pe care vi-l trimitem atunci c\u00e2nd c\u00e2\u0219tiga\u021bi. \u00cen func\u021bie de suma c\u00e2\u0219tigat\u0103, v\u0103 vom sf\u0103tui apoi \u0219i v\u0103 vom ajuta s\u0103 o \u00eencasa\u021bi.<\/p>\n<h2>A\u021bi jucat la Euromillions online \u0219i a\u021bi c\u00e2\u0219tigat &#8211; ce se \u00eent\u00e2mpl\u0103 \u00een continuare?<\/h2>\n<p>Exist\u0103 un total de 13 premii diferite \u00een acest eveniment loto, \u00eencep\u00e2nd de la potrivirea a doar dou\u0103 numere din cele 5 principale, p\u00e2n\u0103 la potrivirea tuturor celor 5 plus ambele numere Lucky Stars \u0219i c\u00e2\u0219tigarea sumei jackpot. \u00cen afar\u0103 de sumele uria\u0219e ale jackpotului, EuroMillions ofer\u0103 juc\u0103torilor s\u0103i \u0219i o \u0219ans\u0103 mai mare de a c\u00e2\u0219tiga o form\u0103 de plat\u0103 dec\u00e2t cele pe care le vede\u021bi de obicei la loteriile mari.<\/p>\n<p>Extragerile au loc de dou\u0103 ori pe s\u0103pt\u0103m\u00e2n\u0103, mar\u021bea \u0219i vinerea, la ora 21:00, ora Regatului Unit. Juc\u0103torii aleg 5 numere de la 1 la 50, precum \u0219i 2 numere norocoase cu stea de la 1 la 11. Oferim juc\u0103torilor op\u021biunea de a-\u0219i alege singuri numerele sau de a l\u0103sa calculatorul s\u0103 le aleag\u0103 aleatoriu.<\/p>\n<h2>Acum, c\u0103 sunte\u021bi la curent, ave\u021bi puterea<\/h2>\n<p>Nu mai suntem exclu\u0219i de la loterii grozave, cum ar fi EuroMillions, doar pe baza locului \u00een care locuim. Acum putem cump\u0103ra orice bilet de loterie dorim, chiar \u0219i din Australia, \u0219i nimeni nu ne poate opri. Internetul a deschis cu adev\u0103rat lumea, iar acum acest lucru s-a extins \u00een sf\u00e2r\u0219it \u0219i la loterii. A\u0219teptarea noastr\u0103 a luat sf\u00e2r\u0219it.<\/p>\n<p>A\u0219adar, cu at\u00e2tea emo\u021bii la loto acum at\u00e2t de u\u0219or de g\u0103sit, nu exist\u0103 niciun motiv \u00eentemeiat s\u0103 ne refuz\u0103m distrac\u021bia care ne a\u0219teapt\u0103.<\/p>\n","protected":false},"excerpt":{"rendered":"<p>EuroMillions a \u00eenceput \u00een 2004 ca un efort de cooperare \u00eentre operatorii de loterii na\u021bionale din Fran\u021ba, Spania \u0219i Marea Britanie. A durat zece ani pentru a se ajunge la un acord \u00eentre aceste \u021b\u0103ri, a\u0219a c\u0103, odat\u0103 ce a \u00eenceput, a fost cu siguran\u021b\u0103 foarte bine organizat, a\u0219a cum a fost \u0219i p\u00e2n\u0103 acum. [&hellip;]<\/p>\n","protected":false},"author":1,"featured_media":0,"parent":5032,"menu_order":3,"comment_status":"closed","ping_status":"closed","template":"euromillions.php","meta":{"_et_pb_use_builder":"","_et_pb_old_content":"","_et_gb_content_width":"","exclude_from_search":false,"footnotes":""},"class_list":["post-79149","page","type-page","status-publish","hentry"],"yoast_head":"<!-- This site is optimized with the Yoast SEO plugin v23.4 - https:\/\/yoast.com\/wordpress\/plugins\/seo\/ -->\n<title>Juca\u021bi Euromillions online din Australia | Despre Euromillions, cum s\u0103 ob\u021bine\u021bi bilete online<\/title>\n<meta name=\"description\" content=\"Joac\u0103 la loto EuroMillions, cu un bilet online, chiar \u0219i din Australia.\" \/>\n<meta name=\"robots\" content=\"index, follow, max-snippet:-1, max-image-preview:large, max-video-preview:-1\" \/>\n<link rel=\"canonical\" href=\"https:\/\/onlinelotto365.com\/ro\/joaca\/euromillions\/\" \/>\n<meta property=\"og:locale\" content=\"ro_RO\" \/>\n<meta property=\"og:type\" content=\"article\" \/>\n<meta property=\"og:title\" content=\"Juca\u021bi Euromillions online din Australia | Despre Euromillions, cum s\u0103 ob\u021bine\u021bi bilete online\" \/>\n<meta property=\"og:description\" content=\"Joac\u0103 la loto EuroMillions, cu un bilet online, chiar \u0219i din Australia.\" \/>\n<meta property=\"og:url\" content=\"https:\/\/onlinelotto365.com\/ro\/joaca\/euromillions\/\" \/>\n<meta property=\"og:site_name\" content=\"OnlineLotto365\" \/>\n<meta property=\"og:image\" content=\"https:\/\/redfoxlotto.com\/image?size=8&amp;lottery=euromillions\" \/>\n<meta name=\"twitter:card\" content=\"summary_large_image\" \/>\n<meta name=\"twitter:label1\" content=\"Timp estimat pentru citire\" \/>\n\t<meta name=\"twitter:data1\" content=\"6 minute\" \/>\n<script type=\"application\/ld+json\" class=\"yoast-schema-graph\">{\"@context\":\"https:\/\/schema.org\",\"@graph\":[{\"@type\":\"WebPage\",\"@id\":\"https:\/\/onlinelotto365.com\/ro\/joaca\/euromillions\/\",\"url\":\"https:\/\/onlinelotto365.com\/ro\/joaca\/euromillions\/\",\"name\":\"Juca\u021bi Euromillions online din Australia | Despre Euromillions, cum s\u0103 ob\u021bine\u021bi bilete online\",\"isPartOf\":{\"@id\":\"https:\/\/onlinelotto365.com\/ro\/#website\"},\"primaryImageOfPage\":{\"@id\":\"https:\/\/onlinelotto365.com\/ro\/joaca\/euromillions\/#primaryimage\"},\"image\":{\"@id\":\"https:\/\/onlinelotto365.com\/ro\/joaca\/euromillions\/#primaryimage\"},\"thumbnailUrl\":\"https:\/\/redfoxlotto.com\/image?size=8&amp;lottery=euromillions\",\"datePublished\":\"2022-11-01T13:35:11+00:00\",\"dateModified\":\"2022-11-01T13:35:11+00:00\",\"description\":\"Joac\u0103 la loto EuroMillions, cu un bilet online, chiar \u0219i din Australia.\",\"breadcrumb\":{\"@id\":\"https:\/\/onlinelotto365.com\/ro\/joaca\/euromillions\/#breadcrumb\"},\"inLanguage\":\"ro-RO\",\"potentialAction\":[{\"@type\":\"ReadAction\",\"target\":[\"https:\/\/onlinelotto365.com\/ro\/joaca\/euromillions\/\"]}]},{\"@type\":\"ImageObject\",\"inLanguage\":\"ro-RO\",\"@id\":\"https:\/\/onlinelotto365.com\/ro\/joaca\/euromillions\/#primaryimage\",\"url\":\"https:\/\/redfoxlotto.com\/image?size=8&amp;lottery=euromillions\",\"contentUrl\":\"https:\/\/redfoxlotto.com\/image?size=8&amp;lottery=euromillions\"},{\"@type\":\"BreadcrumbList\",\"@id\":\"https:\/\/onlinelotto365.com\/ro\/joaca\/euromillions\/#breadcrumb\",\"itemListElement\":[{\"@type\":\"ListItem\",\"position\":1,\"name\":\"Home\",\"item\":\"https:\/\/onlinelotto365.com\/ro\/\"},{\"@type\":\"ListItem\",\"position\":2,\"name\":\"Tot ceea ce trebuie s\u0103 \u0219tii despre op\u021biunile tale de a juca la cele mai bune loterii online.\",\"item\":\"https:\/\/onlinelotto365.com\/ro\/joaca\/\"},{\"@type\":\"ListItem\",\"position\":3,\"name\":\"EuroMillions este cea mai mare loterie din Europa\"}]},{\"@type\":\"WebSite\",\"@id\":\"https:\/\/onlinelotto365.com\/ro\/#website\",\"url\":\"https:\/\/onlinelotto365.com\/ro\/\",\"name\":\"OnlineLotto365\",\"description\":\"\",\"potentialAction\":[{\"@type\":\"SearchAction\",\"target\":{\"@type\":\"EntryPoint\",\"urlTemplate\":\"https:\/\/onlinelotto365.com\/ro\/?s={search_term_string}\"},\"query-input\":{\"@type\":\"PropertyValueSpecification\",\"valueRequired\":true,\"valueName\":\"search_term_string\"}}],\"inLanguage\":\"ro-RO\"}]}<\/script>\n<!-- \/ Yoast SEO plugin. -->","yoast_head_json":{"title":"Juca\u021bi Euromillions online din Australia | Despre Euromillions, cum s\u0103 ob\u021bine\u021bi bilete online","description":"Joac\u0103 la loto EuroMillions, cu un bilet online, chiar \u0219i din Australia.","robots":{"index":"index","follow":"follow","max-snippet":"max-snippet:-1","max-image-preview":"max-image-preview:large","max-video-preview":"max-video-preview:-1"},"canonical":"https:\/\/onlinelotto365.com\/ro\/joaca\/euromillions\/","og_locale":"ro_RO","og_type":"article","og_title":"Juca\u021bi Euromillions online din Australia | Despre Euromillions, cum s\u0103 ob\u021bine\u021bi bilete online","og_description":"Joac\u0103 la loto EuroMillions, cu un bilet online, chiar \u0219i din Australia.","og_url":"https:\/\/onlinelotto365.com\/ro\/joaca\/euromillions\/","og_site_name":"OnlineLotto365","og_image":[{"url":"https:\/\/redfoxlotto.com\/image?size=8&amp;lottery=euromillions"}],"twitter_card":"summary_large_image","twitter_misc":{"Timp estimat pentru citire":"6 minute"},"schema":{"@context":"https:\/\/schema.org","@graph":[{"@type":"WebPage","@id":"https:\/\/onlinelotto365.com\/ro\/joaca\/euromillions\/","url":"https:\/\/onlinelotto365.com\/ro\/joaca\/euromillions\/","name":"Juca\u021bi Euromillions online din Australia | Despre Euromillions, cum s\u0103 ob\u021bine\u021bi bilete online","isPartOf":{"@id":"https:\/\/onlinelotto365.com\/ro\/#website"},"primaryImageOfPage":{"@id":"https:\/\/onlinelotto365.com\/ro\/joaca\/euromillions\/#primaryimage"},"image":{"@id":"https:\/\/onlinelotto365.com\/ro\/joaca\/euromillions\/#primaryimage"},"thumbnailUrl":"https:\/\/redfoxlotto.com\/image?size=8&amp;lottery=euromillions","datePublished":"2022-11-01T13:35:11+00:00","dateModified":"2022-11-01T13:35:11+00:00","description":"Joac\u0103 la loto EuroMillions, cu un bilet online, chiar \u0219i din Australia.","breadcrumb":{"@id":"https:\/\/onlinelotto365.com\/ro\/joaca\/euromillions\/#breadcrumb"},"inLanguage":"ro-RO","potentialAction":[{"@type":"ReadAction","target":["https:\/\/onlinelotto365.com\/ro\/joaca\/euromillions\/"]}]},{"@type":"ImageObject","inLanguage":"ro-RO","@id":"https:\/\/onlinelotto365.com\/ro\/joaca\/euromillions\/#primaryimage","url":"https:\/\/redfoxlotto.com\/image?size=8&amp;lottery=euromillions","contentUrl":"https:\/\/redfoxlotto.com\/image?size=8&amp;lottery=euromillions"},{"@type":"BreadcrumbList","@id":"https:\/\/onlinelotto365.com\/ro\/joaca\/euromillions\/#breadcrumb","itemListElement":[{"@type":"ListItem","position":1,"name":"Home","item":"https:\/\/onlinelotto365.com\/ro\/"},{"@type":"ListItem","position":2,"name":"Tot ceea ce trebuie s\u0103 \u0219tii despre op\u021biunile tale de a juca la cele mai bune loterii online.","item":"https:\/\/onlinelotto365.com\/ro\/joaca\/"},{"@type":"ListItem","position":3,"name":"EuroMillions este cea mai mare loterie din Europa"}]},{"@type":"WebSite","@id":"https:\/\/onlinelotto365.com\/ro\/#website","url":"https:\/\/onlinelotto365.com\/ro\/","name":"OnlineLotto365","description":"","potentialAction":[{"@type":"SearchAction","target":{"@type":"EntryPoint","urlTemplate":"https:\/\/onlinelotto365.com\/ro\/?s={search_term_string}"},"query-input":{"@type":"PropertyValueSpecification","valueRequired":true,"valueName":"search_term_string"}}],"inLanguage":"ro-RO"}]}},"_links":{"self":[{"href":"https:\/\/onlinelotto365.com\/ro\/wp-json\/wp\/v2\/pages\/79149","targetHints":{"allow":["GET"]}}],"collection":[{"href":"https:\/\/onlinelotto365.com\/ro\/wp-json\/wp\/v2\/pages"}],"about":[{"href":"https:\/\/onlinelotto365.com\/ro\/wp-json\/wp\/v2\/types\/page"}],"author":[{"embeddable":true,"href":"https:\/\/onlinelotto365.com\/ro\/wp-json\/wp\/v2\/users\/1"}],"replies":[{"embeddable":true,"href":"https:\/\/onlinelotto365.com\/ro\/wp-json\/wp\/v2\/comments?post=79149"}],"version-history":[{"count":0,"href":"https:\/\/onlinelotto365.com\/ro\/wp-json\/wp\/v2\/pages\/79149\/revisions"}],"up":[{"embeddable":true,"href":"https:\/\/onlinelotto365.com\/ro\/wp-json\/wp\/v2\/pages\/5032"}],"wp:attachment":[{"href":"https:\/\/onlinelotto365.com\/ro\/wp-json\/wp\/v2\/media?parent=79149"}],"curies":[{"name":"wp","href":"https:\/\/api.w.org\/{rel}","templated":true}]}}