{"id":79179,"date":"2022-11-02T08:44:29","date_gmt":"2022-11-02T07:44:29","guid":{"rendered":"https:\/\/onlinelotto365.com\/?page_id=79179"},"modified":"2022-11-02T08:44:29","modified_gmt":"2022-11-02T07:44:29","slug":"bonoloto","status":"publish","type":"page","link":"https:\/\/onlinelotto365.com\/ro\/joaca\/bonoloto\/","title":{"rendered":"Bonoloto este acum disponibil de peste tot"},"content":{"rendered":"<h2>Cum se joac\u0103 BonoLoto online<\/h2>\n<p>S\u0103 joci BonoLoto este mai u\u0219or dec\u00e2t ai putea crede. Tot ce trebuie s\u0103 faci este s\u0103 \u0219tii de unde s\u0103 \u00eencepi \u0219i de unde s\u0103-\u021bi cumperi biletele. Iar cel mai bun loc \u00een care po\u021bi face exact asta este la noi, \u0219i \u00een c\u00e2\u021biva pa\u0219i simpli.<\/p>\n<p>Sistemul nostru se asigur\u0103 c\u0103 e\u0219ti \u00eengrijit de la \u00eenceput p\u00e2n\u0103 la sf\u00e2r\u0219it. Tot ce trebuie s\u0103 face\u021bi este s\u0103 v\u0103 crea\u021bi un cont complet gratuit \u0219i sunte\u021bi pe drumul cel bun. Ve\u021bi putea alege din toate jocurile loto diferite pe care le avem disponibile \u0219i ve\u021bi putea alege biletele \u0219i numerele specifice pe care le dori\u021bi. Apoi pute\u021bi pl\u0103ti cu metoda de plat\u0103 preferat\u0103 \u0219i a\u021bi terminat.<\/p>\n<p>Tot ce trebuie s\u0103 face\u021bi este s\u0103 arunca\u021bi o privire la diferitele jocuri loto pe care le avem disponibile \u0219i s\u0103 \u00eel selecta\u021bi pe cel corect (BonoLoto). De acolo, alege\u021bi numerele pe care dori\u021bi s\u0103 le juca\u021bi. Dac\u0103 alege\u021bi prea multe sau prea pu\u021bine nu conteaz\u0103, sistemul nostru v\u0103 va avertiza exact ce trebuie s\u0103 face\u021bi pentru a v\u0103 putea corecta biletul. Sau pute\u021bi alege s\u0103 l\u0103sa\u021bi computerul s\u0103 v\u0103 atribuie numere la \u00eent\u00e2mplare.<\/p>\n<p>Odat\u0103 ce ai ob\u021binut biletele pe care le dore\u0219ti pentru BonoLoto, po\u021bi alege s\u0103 adaugi \u0219i bilete de la alte jocuri. Va fi super simplu \u0219i dureaz\u0103 doar c\u00e2teva minute. A\u0219tep\u021bi ca e-mailul de verificare s\u0103 ajung\u0103 \u00een e-mailul pe care ni l-ai furnizat \u0219i dai click pe link. Asta e tot ce trebuie \u0219i contul t\u0103u va fi configurat. \u00cen acest fel, po\u021bi continua s\u0103 cumperi bilete.<br \/>\n<a href=\"https:\/\/redfoxlotto.com\/play\/bonoloto\/?ref=a8564250a2&amp;medium=ol365\" target=\"_blank\" rel=\"noopener noreferrer\"><img decoding=\"async\" class=\"aligncenter\" src=\"https:\/\/redfoxlotto.com\/image?size=8&amp;lottery=bonoloto\" alt=\"Bono Lotto\" \/><\/a><\/p>\n<p>Asigur\u0103-te c\u0103 urm\u0103re\u0219ti linkul de verificare at\u00e2t \u00een c\u0103su\u021ba de e-mail obi\u0219nuit\u0103, c\u00e2t \u0219i \u00een dosarul de spam, pentru a fi sigur. Dac\u0103 nu suntem \u00een agenda dvs. de adrese, este posibil s\u0103 nu vede\u021bi e-mailul \u00een dosarul obi\u0219nuit al contului dvs.<\/p>\n<h2>Despre BonoLoto<\/h2>\n<ul>\n<li>\u021aar\u0103: Spania<\/li>\n<li>Intervalul principal de numere: 49<\/li>\n<li>Trebuie s\u0103 selecta\u021bi: 6<\/li>\n<li>Zilele, orele de extragere: zilnic, cu excep\u021bia duminicilor, 21:30 CET &#8211; 21:30 CET<\/li>\n<li>Jackpotul \u00eencepe la: \u20ac400.000<\/li>\n<li>Jackpotul este plafonat la: niciunul<\/li>\n<li>\u0218ansa de a c\u00e2\u0219tiga jackpotul: 1 la 13983816<\/li>\n<li>\u0218ansa de a c\u00e2\u0219tiga premiul al doilea: 1 la 2330636<\/li>\n<li>\u0218ansa de a c\u00e2\u0219tiga orice premiu: 1 la 8,43<\/li>\n<li>Num\u0103rul de categorii de premii: 6<\/li>\n<\/ul>\n<h2>\nCele mai bune caracteristici ale BonoLoto<\/h2>\n<p>BonoLoto exist\u0103 de ceva vreme \u0219i a dat o mul\u021bime de premii \u00een acest timp. Chiar mai bine, are patru extrageri diferite \u00een fiecare s\u0103pt\u0103m\u00e2n\u0103 \u0219i a fost creat ini\u021bial pentru a fi o op\u021biune accesibil\u0103. \u00cenc\u0103 este \u0219i acum, iar tu po\u021bi c\u00e2\u0219tiga o parte de 55% din venituri \u00een premii totale.<\/p>\n<h2>Cum se verific\u0103 rezultatele BonoLoto<\/h2>\n<p>Sunte\u021bi gata s\u0103 vede\u021bi care sunt numerele c\u00e2\u0219tig\u0103toare pentru BonoLoto? Ei bine, este de fapt destul de simplu, pentru c\u0103 tot ce trebuie s\u0103 faci este s\u0103 accesezi site-ul oficial BonoLoto. Sau po\u021bi alege s\u0103 verifici ziarele \u0219i posturile tv locale. Toate aceste locuri raporteaz\u0103 numerele c\u00e2\u0219tig\u0103toare.<br \/>\nDar cel mai bun loc este cu siguran\u021b\u0103 locul de unde a\u021bi cump\u0103rat biletul, adic\u0103 chiar aici. Ve\u021bi putea vedea numerele c\u00e2\u0219tig\u0103toare, precum \u0219i propriile numere \u0219i cum se compar\u0103 acestea. \u00cen acest fel, v\u0103 pute\u021bi vedea imediat \u0219i c\u00e2\u0219tigurile. <img loading=\"lazy\" decoding=\"async\" class=\"alignright wp-image-3656\" src=\"https:\/\/onlinelotto365.com\/wp-content\/uploads\/2020\/11\/online_lottery-16-300x200.jpg\" alt=\"juca\u021bi bonoloto online\" width=\"215\" height=\"143\" srcset=\"https:\/\/onlinelotto365.com\/wp-content\/uploads\/2020\/11\/online_lottery-16-300x200.jpg 300w, https:\/\/onlinelotto365.com\/wp-content\/uploads\/2020\/11\/online_lottery-16.jpg 320w\" sizes=\"auto, (max-width: 215px) 100vw, 215px\" \/><\/p>\n<h2>Ai jucat BonoLoto online \u0219i ai c\u00e2\u0219tigat &#8211; ce se \u00eent\u00e2mpl\u0103 \u00een continuare?<\/h2>\n<p>Dac\u0103 a\u021bi c\u00e2\u0219tigat mai pu\u021bin de 2500 \u20ac nu trebuie s\u0103 face\u021bi nimic. Asta pentru c\u0103 noi revendic\u0103m banii pentru tine \u0219i \u00eei depunem direct \u00een contul t\u0103u. Vor fi acolo pentru ca tu s\u0103-i folose\u0219ti cum \u0219i c\u00e2nd dore\u0219ti. Sau \u00eei pute\u021bi retrage \u00een contul dvs. bancar obi\u0219nuit dac\u0103 ave\u021bi cel pu\u021bin 10 \u20ac.<br \/>\nDac\u0103 ai c\u00e2\u0219tigat peste 2500 \u20ac, va trebui s\u0103 a\u0219tep\u021bi s\u0103 prime\u0219ti ve\u0219ti de la echipa noastr\u0103 de asisten\u021b\u0103, pentru c\u0103 este ceva mai mult de munc\u0103 pentru a-\u021bi primi c\u00e2\u0219tigurile. Din fericire, noi te ajut\u0103m \u00een acest proces \u0219i te ajut\u0103m s\u0103 \u00eencepi imediat, astfel \u00eenc\u00e2t s\u0103 \u00ee\u021bi po\u021bi trimite banii prin cec sau direct \u00een contul t\u0103u.<\/p>\n","protected":false},"excerpt":{"rendered":"<p>Cum se joac\u0103 BonoLoto online S\u0103 joci BonoLoto este mai u\u0219or dec\u00e2t ai putea crede. Tot ce trebuie s\u0103 faci este s\u0103 \u0219tii de unde s\u0103 \u00eencepi \u0219i de unde s\u0103-\u021bi cumperi biletele. Iar cel mai bun loc \u00een care po\u021bi face exact asta este la noi, \u0219i \u00een c\u00e2\u021biva pa\u0219i simpli. Sistemul nostru se [&hellip;]<\/p>\n","protected":false},"author":1,"featured_media":0,"parent":5032,"menu_order":8,"comment_status":"closed","ping_status":"closed","template":"","meta":{"_et_pb_use_builder":"","_et_pb_old_content":"","_et_gb_content_width":"","exclude_from_search":false,"footnotes":""},"class_list":["post-79179","page","type-page","status-publish","hentry"],"yoast_head":"<!-- This site is optimized with the Yoast SEO plugin v23.4 - https:\/\/yoast.com\/wordpress\/plugins\/seo\/ -->\n<title>Cum s\u0103 joci BonoLoto dac\u0103 locuie\u0219ti \u00een Rom\u00e2nia<\/title>\n<meta name=\"description\" content=\"Comanda\u021bi legal bilete pentru a juca Bonoloto aici pe site-ul nostru\" \/>\n<meta name=\"robots\" content=\"index, follow, max-snippet:-1, max-image-preview:large, max-video-preview:-1\" \/>\n<link rel=\"canonical\" href=\"https:\/\/onlinelotto365.com\/ro\/joaca\/bonoloto\/\" \/>\n<meta property=\"og:locale\" content=\"ro_RO\" \/>\n<meta property=\"og:type\" content=\"article\" \/>\n<meta property=\"og:title\" content=\"Cum s\u0103 joci BonoLoto dac\u0103 locuie\u0219ti \u00een Rom\u00e2nia\" \/>\n<meta property=\"og:description\" content=\"Comanda\u021bi legal bilete pentru a juca Bonoloto aici pe site-ul nostru\" \/>\n<meta property=\"og:url\" content=\"https:\/\/onlinelotto365.com\/ro\/joaca\/bonoloto\/\" \/>\n<meta property=\"og:site_name\" content=\"OnlineLotto365\" \/>\n<meta property=\"og:image\" content=\"https:\/\/redfoxlotto.com\/image?size=8&amp;lottery=bonoloto\" \/>\n<meta name=\"twitter:card\" content=\"summary_large_image\" \/>\n<meta name=\"twitter:label1\" content=\"Timp estimat pentru citire\" \/>\n\t<meta name=\"twitter:data1\" content=\"4 minute\" \/>\n<script type=\"application\/ld+json\" class=\"yoast-schema-graph\">{\"@context\":\"https:\/\/schema.org\",\"@graph\":[{\"@type\":\"WebPage\",\"@id\":\"https:\/\/onlinelotto365.com\/ro\/joaca\/bonoloto\/\",\"url\":\"https:\/\/onlinelotto365.com\/ro\/joaca\/bonoloto\/\",\"name\":\"Cum s\u0103 joci BonoLoto dac\u0103 locuie\u0219ti \u00een Rom\u00e2nia\",\"isPartOf\":{\"@id\":\"https:\/\/onlinelotto365.com\/ro\/#website\"},\"primaryImageOfPage\":{\"@id\":\"https:\/\/onlinelotto365.com\/ro\/joaca\/bonoloto\/#primaryimage\"},\"image\":{\"@id\":\"https:\/\/onlinelotto365.com\/ro\/joaca\/bonoloto\/#primaryimage\"},\"thumbnailUrl\":\"https:\/\/redfoxlotto.com\/image?size=8&amp;lottery=bonoloto\",\"datePublished\":\"2022-11-02T07:44:29+00:00\",\"dateModified\":\"2022-11-02T07:44:29+00:00\",\"description\":\"Comanda\u021bi legal bilete pentru a juca Bonoloto aici pe site-ul nostru\",\"breadcrumb\":{\"@id\":\"https:\/\/onlinelotto365.com\/ro\/joaca\/bonoloto\/#breadcrumb\"},\"inLanguage\":\"ro-RO\",\"potentialAction\":[{\"@type\":\"ReadAction\",\"target\":[\"https:\/\/onlinelotto365.com\/ro\/joaca\/bonoloto\/\"]}]},{\"@type\":\"ImageObject\",\"inLanguage\":\"ro-RO\",\"@id\":\"https:\/\/onlinelotto365.com\/ro\/joaca\/bonoloto\/#primaryimage\",\"url\":\"https:\/\/redfoxlotto.com\/image?size=8&amp;lottery=bonoloto\",\"contentUrl\":\"https:\/\/redfoxlotto.com\/image?size=8&amp;lottery=bonoloto\"},{\"@type\":\"BreadcrumbList\",\"@id\":\"https:\/\/onlinelotto365.com\/ro\/joaca\/bonoloto\/#breadcrumb\",\"itemListElement\":[{\"@type\":\"ListItem\",\"position\":1,\"name\":\"Home\",\"item\":\"https:\/\/onlinelotto365.com\/ro\/\"},{\"@type\":\"ListItem\",\"position\":2,\"name\":\"Tot ceea ce trebuie s\u0103 \u0219tii despre op\u021biunile tale de a juca la cele mai bune loterii online.\",\"item\":\"https:\/\/onlinelotto365.com\/ro\/joaca\/\"},{\"@type\":\"ListItem\",\"position\":3,\"name\":\"Bonoloto este acum disponibil de peste tot\"}]},{\"@type\":\"WebSite\",\"@id\":\"https:\/\/onlinelotto365.com\/ro\/#website\",\"url\":\"https:\/\/onlinelotto365.com\/ro\/\",\"name\":\"OnlineLotto365\",\"description\":\"\",\"potentialAction\":[{\"@type\":\"SearchAction\",\"target\":{\"@type\":\"EntryPoint\",\"urlTemplate\":\"https:\/\/onlinelotto365.com\/ro\/?s={search_term_string}\"},\"query-input\":{\"@type\":\"PropertyValueSpecification\",\"valueRequired\":true,\"valueName\":\"search_term_string\"}}],\"inLanguage\":\"ro-RO\"}]}<\/script>\n<!-- \/ Yoast SEO plugin. -->","yoast_head_json":{"title":"Cum s\u0103 joci BonoLoto dac\u0103 locuie\u0219ti \u00een Rom\u00e2nia","description":"Comanda\u021bi legal bilete pentru a juca Bonoloto aici pe site-ul nostru","robots":{"index":"index","follow":"follow","max-snippet":"max-snippet:-1","max-image-preview":"max-image-preview:large","max-video-preview":"max-video-preview:-1"},"canonical":"https:\/\/onlinelotto365.com\/ro\/joaca\/bonoloto\/","og_locale":"ro_RO","og_type":"article","og_title":"Cum s\u0103 joci BonoLoto dac\u0103 locuie\u0219ti \u00een Rom\u00e2nia","og_description":"Comanda\u021bi legal bilete pentru a juca Bonoloto aici pe site-ul nostru","og_url":"https:\/\/onlinelotto365.com\/ro\/joaca\/bonoloto\/","og_site_name":"OnlineLotto365","og_image":[{"url":"https:\/\/redfoxlotto.com\/image?size=8&amp;lottery=bonoloto"}],"twitter_card":"summary_large_image","twitter_misc":{"Timp estimat pentru citire":"4 minute"},"schema":{"@context":"https:\/\/schema.org","@graph":[{"@type":"WebPage","@id":"https:\/\/onlinelotto365.com\/ro\/joaca\/bonoloto\/","url":"https:\/\/onlinelotto365.com\/ro\/joaca\/bonoloto\/","name":"Cum s\u0103 joci BonoLoto dac\u0103 locuie\u0219ti \u00een Rom\u00e2nia","isPartOf":{"@id":"https:\/\/onlinelotto365.com\/ro\/#website"},"primaryImageOfPage":{"@id":"https:\/\/onlinelotto365.com\/ro\/joaca\/bonoloto\/#primaryimage"},"image":{"@id":"https:\/\/onlinelotto365.com\/ro\/joaca\/bonoloto\/#primaryimage"},"thumbnailUrl":"https:\/\/redfoxlotto.com\/image?size=8&amp;lottery=bonoloto","datePublished":"2022-11-02T07:44:29+00:00","dateModified":"2022-11-02T07:44:29+00:00","description":"Comanda\u021bi legal bilete pentru a juca Bonoloto aici pe site-ul nostru","breadcrumb":{"@id":"https:\/\/onlinelotto365.com\/ro\/joaca\/bonoloto\/#breadcrumb"},"inLanguage":"ro-RO","potentialAction":[{"@type":"ReadAction","target":["https:\/\/onlinelotto365.com\/ro\/joaca\/bonoloto\/"]}]},{"@type":"ImageObject","inLanguage":"ro-RO","@id":"https:\/\/onlinelotto365.com\/ro\/joaca\/bonoloto\/#primaryimage","url":"https:\/\/redfoxlotto.com\/image?size=8&amp;lottery=bonoloto","contentUrl":"https:\/\/redfoxlotto.com\/image?size=8&amp;lottery=bonoloto"},{"@type":"BreadcrumbList","@id":"https:\/\/onlinelotto365.com\/ro\/joaca\/bonoloto\/#breadcrumb","itemListElement":[{"@type":"ListItem","position":1,"name":"Home","item":"https:\/\/onlinelotto365.com\/ro\/"},{"@type":"ListItem","position":2,"name":"Tot ceea ce trebuie s\u0103 \u0219tii despre op\u021biunile tale de a juca la cele mai bune loterii online.","item":"https:\/\/onlinelotto365.com\/ro\/joaca\/"},{"@type":"ListItem","position":3,"name":"Bonoloto este acum disponibil de peste tot"}]},{"@type":"WebSite","@id":"https:\/\/onlinelotto365.com\/ro\/#website","url":"https:\/\/onlinelotto365.com\/ro\/","name":"OnlineLotto365","description":"","potentialAction":[{"@type":"SearchAction","target":{"@type":"EntryPoint","urlTemplate":"https:\/\/onlinelotto365.com\/ro\/?s={search_term_string}"},"query-input":{"@type":"PropertyValueSpecification","valueRequired":true,"valueName":"search_term_string"}}],"inLanguage":"ro-RO"}]}},"_links":{"self":[{"href":"https:\/\/onlinelotto365.com\/ro\/wp-json\/wp\/v2\/pages\/79179","targetHints":{"allow":["GET"]}}],"collection":[{"href":"https:\/\/onlinelotto365.com\/ro\/wp-json\/wp\/v2\/pages"}],"about":[{"href":"https:\/\/onlinelotto365.com\/ro\/wp-json\/wp\/v2\/types\/page"}],"author":[{"embeddable":true,"href":"https:\/\/onlinelotto365.com\/ro\/wp-json\/wp\/v2\/users\/1"}],"replies":[{"embeddable":true,"href":"https:\/\/onlinelotto365.com\/ro\/wp-json\/wp\/v2\/comments?post=79179"}],"version-history":[{"count":0,"href":"https:\/\/onlinelotto365.com\/ro\/wp-json\/wp\/v2\/pages\/79179\/revisions"}],"up":[{"embeddable":true,"href":"https:\/\/onlinelotto365.com\/ro\/wp-json\/wp\/v2\/pages\/5032"}],"wp:attachment":[{"href":"https:\/\/onlinelotto365.com\/ro\/wp-json\/wp\/v2\/media?parent=79179"}],"curies":[{"name":"wp","href":"https:\/\/api.w.org\/{rel}","templated":true}]}}