{"id":79217,"date":"2022-11-02T11:40:01","date_gmt":"2022-11-02T10:40:01","guid":{"rendered":"https:\/\/onlinelotto365.com\/?page_id=79217"},"modified":"2022-11-02T11:40:01","modified_gmt":"2022-11-02T10:40:01","slug":"german-lotto","status":"publish","type":"page","link":"https:\/\/onlinelotto365.com\/ro\/joaca\/german-lotto\/","title":{"rendered":"Participa\u021bi la German Lotto din alte \u021b\u0103ri"},"content":{"rendered":"<p>Loteria german\u0103 este una dintre cele mai vechi loterii din lume, fiind organizat\u0103 de peste 50 de ani. Pute\u021bi paria c\u0103 toat\u0103 aceast\u0103 experien\u021b\u0103 le serve\u0219te foarte bine, fiind una dintre cele mai mari \u021b\u0103ri europene care \u00ee\u0219i p\u0103streaz\u0103 propria loterie na\u021bional\u0103 \u00een loc s\u0103 fac\u0103 echip\u0103 cu loteria EuroMillions. A\u0219adar, germanii sunt m\u00e2ndri de Loteria lor german\u0103, a\u0219a cum ar trebui s\u0103 fie.<\/p>\n<p>Dac\u0103 totu\u0219i locui\u021bi \u00een Rom\u00e2nia \u0219i dori\u021bi s\u0103 juca\u021bi oricum la Loteria German\u0103, sau la orice alt\u0103 loterie mare din lume, atunci nu mai exist\u0103 nimic care s\u0103 v\u0103 opreasc\u0103 s\u0103 face\u021bi acest lucru. Tot ce trebuie s\u0103 face\u021bi \u00een zilele noastre este s\u0103 v\u0103 cump\u0103ra\u021bi biletele online. Dac\u0103 sunte\u021bi din Rom\u00e2nia, pute\u021bi cump\u0103ra \u00een continuare chiar \u0219i bilete la Loto German\u0103 online.<\/p>\n<p>Desigur, trebuie s\u0103 \u0219ti\u021bi de unde s\u0103 v\u0103 cump\u0103ra\u021bi biletele de loterie \u00een acest mod, \u0219i aici intervenim noi. Avem acest serviciu de bilete de loterie online de ceva vreme. Dup\u0103 cum v\u0103 pute\u021bi imagina, acesta este cel mai mare lucru care s-a \u00eent\u00e2mplat vreodat\u0103 cu jocul de loterie de c\u00e2nd au fost inventate loteriile.<\/p>\n<p><a href=\"https:\/\/redfoxlotto.com\/play\/lotto-6aus49\/?ref=a8564250a2&amp;medium=ol365\" target=\"_blank\" rel=\"noopener noreferrer\"><img decoding=\"async\" class=\"aligncenter\" src=\"https:\/\/redfoxlotto.com\/image?size=8&amp;lottery=lotto-6aus49\" alt=\"German 6aus49\" \/><\/a><\/p>\n<h2>Nu mai sunte\u021bi limitat doar la loteria din zona dvs.<\/h2>\n<p>Dac\u0103 sunte\u021bi ca majoritatea juc\u0103torilor de loterie, dori\u021bi s\u0103 juca\u021bi la marile loterii \u0219i, dac\u0103 ave\u021bi posibilitatea de a alege, dori\u021bi s\u0103 juca\u021bi la mai mult de una singur\u0103. P\u00e2n\u0103 \u00een ultima vreme \u00eens\u0103, acest lucru nu a fost posibil. Oamenii s-au \u00eentrebat totu\u0219i de ce nu a fost a\u0219a, de exemplu, de ce po\u021bi cump\u0103ra cam orice online, cu excep\u021bia biletelor de loterie?<\/p>\n<p>Acest lucru a necesitat o re\u021bea de oameni care s\u0103 fie pus\u0103 la punct pentru a face licita\u021bia pentru clien\u021bii no\u0219tri, ceea ce a implicat s\u0103 mearg\u0103 \u0219i s\u0103 cumpere bilete pentru toat\u0103 lumea, \u00een multe \u021b\u0103ri diferite. De asemenea, a presupus gestionarea experien\u021belor clien\u021bilor de la punctul de v\u00e2nzare \u00eencoace \u0219i oferirea de servicii excelente pe care oamenii le a\u0219teapt\u0103.<\/p>\n<p><img loading=\"lazy\" decoding=\"async\" class=\" wp-image-1543 alignright\" src=\"https:\/\/onlinelotto365.com\/wp-content\/uploads\/2020\/11\/online_lottery-135.jpg\" alt=\"juca german lotto online\" width=\"305\" height=\"204\" \/><\/p>\n<h2>Despre German Lotto<\/h2>\n<ul>\n<li>\u021aara: Germania<\/li>\n<li>Gama de numere principale: 49<\/li>\n<li>Tu alegi: 6<\/li>\n<li>Numere suplimentare: nici unul<\/li>\n<li>Tu alegi: niciunul<\/li>\n<li>Zilele \u0219i orele de extragere: S\u00e2mb\u0103t\u0103, 20:25 CET, 20:25 CET<\/li>\n<li>Jackpot minim: 1 milion de euro<\/li>\n<li>Jackpot maxim: f\u0103r\u0103 plafon<\/li>\n<li>Probabilitatea de a c\u00e2\u0219tiga jackpotul: 1 la 125.854.344<\/li>\n<li>Probabilitatea unui c\u00e2\u0219tig de nivel 2: 1 la 13.983.816<\/li>\n<li>Probabilitatea de a c\u00e2\u0219tiga \u00een orice nivel: 1 la 31<\/li>\n<li>Num\u0103rul de niveluri de premii: 9<\/li>\n<\/ul>\n<p>Toate loteriile pe care vi le punem la dispozi\u021bie sunt toate loterii majore de prim\u0103 clas\u0103, inclusiv Loteria German\u0103. Pentru a juca la Loto German\u0103, selecta\u021bi 6 numere dintr-un total de 49 posibile, \u00eempreun\u0103 cu un num\u0103r bonus de la 1 la 9.\u00a0Dac\u0103 reu\u0219i\u021bi s\u0103 nimeri\u021bi toate cele 6 numere plus num\u0103rul bonus, ve\u021bi face \u00een cur\u00e2nd o c\u0103l\u0103torie \u00een Germania pentru a ridica c\u00e2teva milioane de euro sau mai mult.<\/p>\n<p>Av\u00e2nd \u00een vedere cantitatea mai mic\u0103 de bile din tambur \u00een compara\u021bie cu multe alte loterii mari, \u0219ansele de a c\u00e2\u0219tiga jackpotul la Loto German\u0103 sunt cu siguran\u021b\u0103 mai mari. Loteria German\u0103, desigur, ofer\u0103 \u0219i alte premii \u00een afar\u0103 de jackpot, a\u0219a cum fac toate loteriile, exist\u00e2nd \u00een total 7 premii subsidiare \u00een afar\u0103 de jackpot. Dac\u0103 reu\u0219e\u0219ti s\u0103 potrive\u0219ti chiar \u0219i numai 3 dintre numere, vei fi pl\u0103tit.<\/p>\n<h2>Permite\u021bi-ne s\u0103 fim ghidul dumneavoastr\u0103 pentru loteria german\u0103 \u0219i nu numai<\/h2>\n<p>Av\u00e2nd \u00een vedere c\u00e2t de populare sunt loteriile din \u00eentreaga lume, a avea acces la toate loteriile bune este visul oric\u0103rui juc\u0103tor de loto. De ce s\u0103 joci doar la una singur\u0103 c\u00e2nd po\u021bi juca la c\u00e2te vrei \u00een schimb? De ce s\u0103 v\u0103 mul\u021bumi\u021bi cu una sau dou\u0103 extrageri pe s\u0103pt\u0103m\u00e2n\u0103 c\u00e2nd pute\u021bi avea zeci dac\u0103 dori\u021bi? De ce s\u0103 te chinui s\u0103 mergi la magazin c\u00e2nd po\u021bi cump\u0103ra toate biletele de loterie pe care le dore\u0219ti online?<\/p>\n<h2>A\u021bi jucat la German Lotto online \u0219i a\u021bi c\u00e2\u0219tigat &#8211; ce urmeaz\u0103?<\/h2>\n<p>V\u0103 asistam la fiecare pas, de la trimiterea unui e-mail de confirmare a achizi\u021biei, la notificarea prin e-mail ori de c\u00e2te ori c\u00e2\u0219tiga\u021bi, p\u00e2n\u0103 la a v\u0103 ajuta s\u0103 \u00eencasa\u021bi banii c\u00e2\u0219tiga\u021bi. Totul este incredibil de u\u0219or.<\/p>\n","protected":false},"excerpt":{"rendered":"<p>Loteria german\u0103 este una dintre cele mai vechi loterii din lume, fiind organizat\u0103 de peste 50 de ani. Pute\u021bi paria c\u0103 toat\u0103 aceast\u0103 experien\u021b\u0103 le serve\u0219te foarte bine, fiind una dintre cele mai mari \u021b\u0103ri europene care \u00ee\u0219i p\u0103streaz\u0103 propria loterie na\u021bional\u0103 \u00een loc s\u0103 fac\u0103 echip\u0103 cu loteria EuroMillions. A\u0219adar, germanii sunt m\u00e2ndri de [&hellip;]<\/p>\n","protected":false},"author":1,"featured_media":0,"parent":5032,"menu_order":11,"comment_status":"closed","ping_status":"closed","template":"lotto-german.php","meta":{"_et_pb_use_builder":"","_et_pb_old_content":"","_et_gb_content_width":"","exclude_from_search":false,"footnotes":""},"class_list":["post-79217","page","type-page","status-publish","hentry"],"yoast_head":"<!-- This site is optimized with the Yoast SEO plugin v23.4 - https:\/\/yoast.com\/wordpress\/plugins\/seo\/ -->\n<title>Joaca German Lotto online din Rom\u00e2nia | Pot participa la German Lotto dac\u0103 locuiesc \u00een Rom\u00e2nia<\/title>\n<meta name=\"description\" content=\"Joac\u0103 la German Lotto Lotto aici - serviciul nostru de bilete online face posibil acest lucru din Rom\u00e2nia\" \/>\n<meta name=\"robots\" content=\"index, follow, max-snippet:-1, max-image-preview:large, max-video-preview:-1\" \/>\n<link rel=\"canonical\" href=\"https:\/\/onlinelotto365.com\/ro\/joaca\/german-lotto\/\" \/>\n<meta property=\"og:locale\" content=\"ro_RO\" \/>\n<meta property=\"og:type\" content=\"article\" \/>\n<meta property=\"og:title\" content=\"Joaca German Lotto online din Rom\u00e2nia | Pot participa la German Lotto dac\u0103 locuiesc \u00een Rom\u00e2nia\" \/>\n<meta property=\"og:description\" content=\"Joac\u0103 la German Lotto Lotto aici - serviciul nostru de bilete online face posibil acest lucru din Rom\u00e2nia\" \/>\n<meta property=\"og:url\" content=\"https:\/\/onlinelotto365.com\/ro\/joaca\/german-lotto\/\" \/>\n<meta property=\"og:site_name\" content=\"OnlineLotto365\" \/>\n<meta property=\"og:image\" content=\"https:\/\/redfoxlotto.com\/image?size=8&amp;lottery=lotto-6aus49\" \/>\n<meta name=\"twitter:card\" content=\"summary_large_image\" \/>\n<meta name=\"twitter:label1\" content=\"Timp estimat pentru citire\" \/>\n\t<meta name=\"twitter:data1\" content=\"4 minute\" \/>\n<script type=\"application\/ld+json\" class=\"yoast-schema-graph\">{\"@context\":\"https:\/\/schema.org\",\"@graph\":[{\"@type\":\"WebPage\",\"@id\":\"https:\/\/onlinelotto365.com\/ro\/joaca\/german-lotto\/\",\"url\":\"https:\/\/onlinelotto365.com\/ro\/joaca\/german-lotto\/\",\"name\":\"Joaca German Lotto online din Rom\u00e2nia | Pot participa la German Lotto dac\u0103 locuiesc \u00een Rom\u00e2nia\",\"isPartOf\":{\"@id\":\"https:\/\/onlinelotto365.com\/ro\/#website\"},\"primaryImageOfPage\":{\"@id\":\"https:\/\/onlinelotto365.com\/ro\/joaca\/german-lotto\/#primaryimage\"},\"image\":{\"@id\":\"https:\/\/onlinelotto365.com\/ro\/joaca\/german-lotto\/#primaryimage\"},\"thumbnailUrl\":\"https:\/\/redfoxlotto.com\/image?size=8&amp;lottery=lotto-6aus49\",\"datePublished\":\"2022-11-02T10:40:01+00:00\",\"dateModified\":\"2022-11-02T10:40:01+00:00\",\"description\":\"Joac\u0103 la German Lotto Lotto aici - serviciul nostru de bilete online face posibil acest lucru din Rom\u00e2nia\",\"breadcrumb\":{\"@id\":\"https:\/\/onlinelotto365.com\/ro\/joaca\/german-lotto\/#breadcrumb\"},\"inLanguage\":\"ro-RO\",\"potentialAction\":[{\"@type\":\"ReadAction\",\"target\":[\"https:\/\/onlinelotto365.com\/ro\/joaca\/german-lotto\/\"]}]},{\"@type\":\"ImageObject\",\"inLanguage\":\"ro-RO\",\"@id\":\"https:\/\/onlinelotto365.com\/ro\/joaca\/german-lotto\/#primaryimage\",\"url\":\"https:\/\/redfoxlotto.com\/image?size=8&amp;lottery=lotto-6aus49\",\"contentUrl\":\"https:\/\/redfoxlotto.com\/image?size=8&amp;lottery=lotto-6aus49\"},{\"@type\":\"BreadcrumbList\",\"@id\":\"https:\/\/onlinelotto365.com\/ro\/joaca\/german-lotto\/#breadcrumb\",\"itemListElement\":[{\"@type\":\"ListItem\",\"position\":1,\"name\":\"Home\",\"item\":\"https:\/\/onlinelotto365.com\/ro\/\"},{\"@type\":\"ListItem\",\"position\":2,\"name\":\"Tot ceea ce trebuie s\u0103 \u0219tii despre op\u021biunile tale de a juca la cele mai bune loterii online.\",\"item\":\"https:\/\/onlinelotto365.com\/ro\/joaca\/\"},{\"@type\":\"ListItem\",\"position\":3,\"name\":\"Participa\u021bi la German Lotto din alte \u021b\u0103ri\"}]},{\"@type\":\"WebSite\",\"@id\":\"https:\/\/onlinelotto365.com\/ro\/#website\",\"url\":\"https:\/\/onlinelotto365.com\/ro\/\",\"name\":\"OnlineLotto365\",\"description\":\"\",\"potentialAction\":[{\"@type\":\"SearchAction\",\"target\":{\"@type\":\"EntryPoint\",\"urlTemplate\":\"https:\/\/onlinelotto365.com\/ro\/?s={search_term_string}\"},\"query-input\":{\"@type\":\"PropertyValueSpecification\",\"valueRequired\":true,\"valueName\":\"search_term_string\"}}],\"inLanguage\":\"ro-RO\"}]}<\/script>\n<!-- \/ Yoast SEO plugin. -->","yoast_head_json":{"title":"Joaca German Lotto online din Rom\u00e2nia | Pot participa la German Lotto dac\u0103 locuiesc \u00een Rom\u00e2nia","description":"Joac\u0103 la German Lotto Lotto aici - serviciul nostru de bilete online face posibil acest lucru din Rom\u00e2nia","robots":{"index":"index","follow":"follow","max-snippet":"max-snippet:-1","max-image-preview":"max-image-preview:large","max-video-preview":"max-video-preview:-1"},"canonical":"https:\/\/onlinelotto365.com\/ro\/joaca\/german-lotto\/","og_locale":"ro_RO","og_type":"article","og_title":"Joaca German Lotto online din Rom\u00e2nia | Pot participa la German Lotto dac\u0103 locuiesc \u00een Rom\u00e2nia","og_description":"Joac\u0103 la German Lotto Lotto aici - serviciul nostru de bilete online face posibil acest lucru din Rom\u00e2nia","og_url":"https:\/\/onlinelotto365.com\/ro\/joaca\/german-lotto\/","og_site_name":"OnlineLotto365","og_image":[{"url":"https:\/\/redfoxlotto.com\/image?size=8&amp;lottery=lotto-6aus49"}],"twitter_card":"summary_large_image","twitter_misc":{"Timp estimat pentru citire":"4 minute"},"schema":{"@context":"https:\/\/schema.org","@graph":[{"@type":"WebPage","@id":"https:\/\/onlinelotto365.com\/ro\/joaca\/german-lotto\/","url":"https:\/\/onlinelotto365.com\/ro\/joaca\/german-lotto\/","name":"Joaca German Lotto online din Rom\u00e2nia | Pot participa la German Lotto dac\u0103 locuiesc \u00een Rom\u00e2nia","isPartOf":{"@id":"https:\/\/onlinelotto365.com\/ro\/#website"},"primaryImageOfPage":{"@id":"https:\/\/onlinelotto365.com\/ro\/joaca\/german-lotto\/#primaryimage"},"image":{"@id":"https:\/\/onlinelotto365.com\/ro\/joaca\/german-lotto\/#primaryimage"},"thumbnailUrl":"https:\/\/redfoxlotto.com\/image?size=8&amp;lottery=lotto-6aus49","datePublished":"2022-11-02T10:40:01+00:00","dateModified":"2022-11-02T10:40:01+00:00","description":"Joac\u0103 la German Lotto Lotto aici - serviciul nostru de bilete online face posibil acest lucru din Rom\u00e2nia","breadcrumb":{"@id":"https:\/\/onlinelotto365.com\/ro\/joaca\/german-lotto\/#breadcrumb"},"inLanguage":"ro-RO","potentialAction":[{"@type":"ReadAction","target":["https:\/\/onlinelotto365.com\/ro\/joaca\/german-lotto\/"]}]},{"@type":"ImageObject","inLanguage":"ro-RO","@id":"https:\/\/onlinelotto365.com\/ro\/joaca\/german-lotto\/#primaryimage","url":"https:\/\/redfoxlotto.com\/image?size=8&amp;lottery=lotto-6aus49","contentUrl":"https:\/\/redfoxlotto.com\/image?size=8&amp;lottery=lotto-6aus49"},{"@type":"BreadcrumbList","@id":"https:\/\/onlinelotto365.com\/ro\/joaca\/german-lotto\/#breadcrumb","itemListElement":[{"@type":"ListItem","position":1,"name":"Home","item":"https:\/\/onlinelotto365.com\/ro\/"},{"@type":"ListItem","position":2,"name":"Tot ceea ce trebuie s\u0103 \u0219tii despre op\u021biunile tale de a juca la cele mai bune loterii online.","item":"https:\/\/onlinelotto365.com\/ro\/joaca\/"},{"@type":"ListItem","position":3,"name":"Participa\u021bi la German Lotto din alte \u021b\u0103ri"}]},{"@type":"WebSite","@id":"https:\/\/onlinelotto365.com\/ro\/#website","url":"https:\/\/onlinelotto365.com\/ro\/","name":"OnlineLotto365","description":"","potentialAction":[{"@type":"SearchAction","target":{"@type":"EntryPoint","urlTemplate":"https:\/\/onlinelotto365.com\/ro\/?s={search_term_string}"},"query-input":{"@type":"PropertyValueSpecification","valueRequired":true,"valueName":"search_term_string"}}],"inLanguage":"ro-RO"}]}},"_links":{"self":[{"href":"https:\/\/onlinelotto365.com\/ro\/wp-json\/wp\/v2\/pages\/79217","targetHints":{"allow":["GET"]}}],"collection":[{"href":"https:\/\/onlinelotto365.com\/ro\/wp-json\/wp\/v2\/pages"}],"about":[{"href":"https:\/\/onlinelotto365.com\/ro\/wp-json\/wp\/v2\/types\/page"}],"author":[{"embeddable":true,"href":"https:\/\/onlinelotto365.com\/ro\/wp-json\/wp\/v2\/users\/1"}],"replies":[{"embeddable":true,"href":"https:\/\/onlinelotto365.com\/ro\/wp-json\/wp\/v2\/comments?post=79217"}],"version-history":[{"count":0,"href":"https:\/\/onlinelotto365.com\/ro\/wp-json\/wp\/v2\/pages\/79217\/revisions"}],"up":[{"embeddable":true,"href":"https:\/\/onlinelotto365.com\/ro\/wp-json\/wp\/v2\/pages\/5032"}],"wp:attachment":[{"href":"https:\/\/onlinelotto365.com\/ro\/wp-json\/wp\/v2\/media?parent=79217"}],"curies":[{"name":"wp","href":"https:\/\/api.w.org\/{rel}","templated":true}]}}