{"id":79258,"date":"2022-11-03T08:34:26","date_gmt":"2022-11-03T07:34:26","guid":{"rendered":"https:\/\/onlinelotto365.com\/?page_id=79258"},"modified":"2022-11-03T08:36:35","modified_gmt":"2022-11-03T07:36:35","slug":"la-primitiva","status":"publish","type":"page","link":"https:\/\/onlinelotto365.com\/ro\/joaca\/la-primitiva\/","title":{"rendered":"Cum se joac\u0103 la loteria spaniol\u0103 La Primitiva Lottery"},"content":{"rendered":"<h2>Despre La Primitiva<\/h2>\n<p>Aceast\u0103 loterie din Spania este cunoscut\u0103 \u0219i sub numele de El Gordo, de\u0219i acest lucru este \u00een\u0219el\u0103tor. De fapt, El Gordo este porecla edi\u021biei de Cr\u0103ciun a loteriei La Primitiva. \u00cen timp ce pute\u021bi juca la La Primitiva tot anul, El Gordo este oferit\u0103 doar de Cr\u0103ciun. La Primitiva poate fi jucat online de c\u0103tre reziden\u021bii din Rom\u00e2nia prin intermediul site-ului nostru.<\/p>\n<p>Exist\u0103 dou\u0103 extrageri pe s\u0103pt\u0103m\u00e2n\u0103 pentru La Primitiva. \u0218ansele de a c\u00e2\u0219tiga jackpotul sunt relativ mari, deoarece nu exist\u0103 numere suplimentare.<\/p>\n<p><a href=\"https:\/\/redfoxlotto.com\/play\/la-primitiva\/?ref=a8564250a2&amp;medium=ol365\" target=\"_blank\" rel=\"noopener noreferrer\"><img decoding=\"async\" class=\"aligncenter\" src=\"https:\/\/redfoxlotto.com\/image?size=8&amp;lottery=la-primitiva\" alt=\"La Primitiva\" \/><\/a><\/p>\n<ul>\n<li>\u021aar\u0103: Spania<\/li>\n<li>Intervalul principal de numere: 49<\/li>\n<li>Trebuie s\u0103 selecta\u021bi: 6<\/li>\n<li>Set de numere suplimentare:<\/li>\n<li>Trebuie s\u0103 selecta\u021bi: 1<\/li>\n<li>Zilele, orele de extragere: Joi, s\u00e2mb\u0103t\u0103, 21:30 CET &#8211; 21:30 CET<\/li>\n<li>Jackpotul \u00eencepe la: 2 milioane de euro<\/li>\n<li>Jackpotul este plafonat la: niciunul<\/li>\n<li>\u0218ansa de a c\u00e2\u0219tiga jackpotul: 1 la 15537573<\/li>\n<li>\u0218ansa de a c\u00e2\u0219tiga un al doilea premiu: 1 la 542008<\/li>\n<li>\u0218ansa de a c\u00e2\u0219tiga orice premiu: 1 la 8,43<\/li>\n<li>Num\u0103rul de categorii de premii: 9<\/li>\n<\/ul>\n<p>&nbsp;<\/p>\n<h2>Cele mai bune caracteristici ale La Primitiva<\/h2>\n<p>Dup\u0103 cum am men\u021bionat deja, faptul c\u0103 trebuie s\u0103 joci doar 6 numere din 49, f\u0103r\u0103 numere suplimentare, \u00eenseamn\u0103 c\u0103 \u0219ansele de a c\u00e2\u0219tiga jackpotul sunt de fapt destul de bune.<\/p>\n<h2>Cum se verific\u0103 rezultatele La Primitiva<\/h2>\n<p>Dac\u0103 v-a\u021bi cump\u0103rat biletul online din Rom\u00e2nia sau din orice alt\u0103 \u021bar\u0103 din afara Spaniei, g\u0103sirea numerelor c\u00e2\u0219tig\u0103toare \u0219i a sumelor premiilor poate fi dificil\u0103. Dar aici, pe site-ul nostru, public\u0103m rezultatele imediat dup\u0103 ce au fost extrase numerele de loterie La Primitiva. Pute\u021bi chiar s\u0103 v\u0103 uita\u021bi la biletul dvs. \u00een contul dvs. de juc\u0103tor, unde pute\u021bi vedea imediat ce numere din biletul dvs. de loterie se potrivesc cu rezultatele extragerii.<\/p>\n<p><img loading=\"lazy\" decoding=\"async\" class=\"alignright size-full wp-image-905\" src=\"https:\/\/onlinelotto365.com\/wp-content\/uploads\/2020\/11\/online_lottery-71.jpg\" alt=\"juca la primitiva\" width=\"302\" height=\"100\" \/><\/p>\n<h2>A\u021bi jucat La Primitiva online \u0219i a\u021bi c\u00e2\u0219tigat &#8211; ce se \u00eent\u00e2mpl\u0103 \u00een continuare?<\/h2>\n<p>Dac\u0103 biletul dvs. a c\u00e2\u0219tigat un premiu mai mic de 2.500 \u20ac, suma respectiv\u0103 va fi \u00een contul dvs. de juc\u0103tor imediat dup\u0103 extragere. Dac\u0103 a\u021bi c\u00e2\u0219tigat un premiu mai mare, v\u0103 rug\u0103m s\u0103 contacta\u021bi echipa noastr\u0103 de servicii. Ace\u0219tia v\u0103 vor ajuta s\u0103 stabili\u021bi o plat\u0103, fie direct \u00een contul dvs. bancar, fie prin cec.<\/p>\n","protected":false},"excerpt":{"rendered":"<p>Despre La Primitiva Aceast\u0103 loterie din Spania este cunoscut\u0103 \u0219i sub numele de El Gordo, de\u0219i acest lucru este \u00een\u0219el\u0103tor. De fapt, El Gordo este porecla edi\u021biei de Cr\u0103ciun a loteriei La Primitiva. \u00cen timp ce pute\u021bi juca la La Primitiva tot anul, El Gordo este oferit\u0103 doar de Cr\u0103ciun. La Primitiva poate fi jucat [&hellip;]<\/p>\n","protected":false},"author":1,"featured_media":0,"parent":5032,"menu_order":7,"comment_status":"closed","ping_status":"closed","template":"la-primitiva.php","meta":{"_et_pb_use_builder":"","_et_pb_old_content":"","_et_gb_content_width":"","exclude_from_search":false,"footnotes":""},"class_list":["post-79258","page","type-page","status-publish","hentry"],"yoast_head":"<!-- This site is optimized with the Yoast SEO plugin v23.4 - https:\/\/yoast.com\/wordpress\/plugins\/seo\/ -->\n<title>Joac\u0103 La Primitiva Spania online | La Primitiva din Rom\u00e2nia<\/title>\n<meta name=\"description\" content=\"Loteria spaniol\u0103 La Primitiva poate fi acum jucat\u0103 online din Rom\u00e2nia\" \/>\n<meta name=\"robots\" content=\"index, follow, max-snippet:-1, max-image-preview:large, max-video-preview:-1\" \/>\n<link rel=\"canonical\" href=\"https:\/\/onlinelotto365.com\/ro\/joaca\/la-primitiva\/\" \/>\n<meta property=\"og:locale\" content=\"ro_RO\" \/>\n<meta property=\"og:type\" content=\"article\" \/>\n<meta property=\"og:title\" content=\"Joac\u0103 La Primitiva Spania online | La Primitiva din Rom\u00e2nia\" \/>\n<meta property=\"og:description\" content=\"Loteria spaniol\u0103 La Primitiva poate fi acum jucat\u0103 online din Rom\u00e2nia\" \/>\n<meta property=\"og:url\" content=\"https:\/\/onlinelotto365.com\/ro\/joaca\/la-primitiva\/\" \/>\n<meta property=\"og:site_name\" content=\"OnlineLotto365\" \/>\n<meta property=\"article:modified_time\" content=\"2022-11-03T07:36:35+00:00\" \/>\n<meta property=\"og:image\" content=\"https:\/\/redfoxlotto.com\/image?size=8&amp;lottery=la-primitiva\" \/>\n<meta name=\"twitter:card\" content=\"summary_large_image\" \/>\n<meta name=\"twitter:label1\" content=\"Timp estimat pentru citire\" \/>\n\t<meta name=\"twitter:data1\" content=\"2 minute\" \/>\n<script type=\"application\/ld+json\" class=\"yoast-schema-graph\">{\"@context\":\"https:\/\/schema.org\",\"@graph\":[{\"@type\":\"WebPage\",\"@id\":\"https:\/\/onlinelotto365.com\/ro\/joaca\/la-primitiva\/\",\"url\":\"https:\/\/onlinelotto365.com\/ro\/joaca\/la-primitiva\/\",\"name\":\"Joac\u0103 La Primitiva Spania online | La Primitiva din Rom\u00e2nia\",\"isPartOf\":{\"@id\":\"https:\/\/onlinelotto365.com\/ro\/#website\"},\"primaryImageOfPage\":{\"@id\":\"https:\/\/onlinelotto365.com\/ro\/joaca\/la-primitiva\/#primaryimage\"},\"image\":{\"@id\":\"https:\/\/onlinelotto365.com\/ro\/joaca\/la-primitiva\/#primaryimage\"},\"thumbnailUrl\":\"https:\/\/redfoxlotto.com\/image?size=8&amp;lottery=la-primitiva\",\"datePublished\":\"2022-11-03T07:34:26+00:00\",\"dateModified\":\"2022-11-03T07:36:35+00:00\",\"description\":\"Loteria spaniol\u0103 La Primitiva poate fi acum jucat\u0103 online din Rom\u00e2nia\",\"breadcrumb\":{\"@id\":\"https:\/\/onlinelotto365.com\/ro\/joaca\/la-primitiva\/#breadcrumb\"},\"inLanguage\":\"ro-RO\",\"potentialAction\":[{\"@type\":\"ReadAction\",\"target\":[\"https:\/\/onlinelotto365.com\/ro\/joaca\/la-primitiva\/\"]}]},{\"@type\":\"ImageObject\",\"inLanguage\":\"ro-RO\",\"@id\":\"https:\/\/onlinelotto365.com\/ro\/joaca\/la-primitiva\/#primaryimage\",\"url\":\"https:\/\/redfoxlotto.com\/image?size=8&amp;lottery=la-primitiva\",\"contentUrl\":\"https:\/\/redfoxlotto.com\/image?size=8&amp;lottery=la-primitiva\"},{\"@type\":\"BreadcrumbList\",\"@id\":\"https:\/\/onlinelotto365.com\/ro\/joaca\/la-primitiva\/#breadcrumb\",\"itemListElement\":[{\"@type\":\"ListItem\",\"position\":1,\"name\":\"Home\",\"item\":\"https:\/\/onlinelotto365.com\/ro\/\"},{\"@type\":\"ListItem\",\"position\":2,\"name\":\"Tot ceea ce trebuie s\u0103 \u0219tii despre op\u021biunile tale de a juca la cele mai bune loterii online.\",\"item\":\"https:\/\/onlinelotto365.com\/ro\/joaca\/\"},{\"@type\":\"ListItem\",\"position\":3,\"name\":\"Cum se joac\u0103 la loteria spaniol\u0103 La Primitiva Lottery\"}]},{\"@type\":\"WebSite\",\"@id\":\"https:\/\/onlinelotto365.com\/ro\/#website\",\"url\":\"https:\/\/onlinelotto365.com\/ro\/\",\"name\":\"OnlineLotto365\",\"description\":\"\",\"potentialAction\":[{\"@type\":\"SearchAction\",\"target\":{\"@type\":\"EntryPoint\",\"urlTemplate\":\"https:\/\/onlinelotto365.com\/ro\/?s={search_term_string}\"},\"query-input\":{\"@type\":\"PropertyValueSpecification\",\"valueRequired\":true,\"valueName\":\"search_term_string\"}}],\"inLanguage\":\"ro-RO\"}]}<\/script>\n<!-- \/ Yoast SEO plugin. -->","yoast_head_json":{"title":"Joac\u0103 La Primitiva Spania online | La Primitiva din Rom\u00e2nia","description":"Loteria spaniol\u0103 La Primitiva poate fi acum jucat\u0103 online din Rom\u00e2nia","robots":{"index":"index","follow":"follow","max-snippet":"max-snippet:-1","max-image-preview":"max-image-preview:large","max-video-preview":"max-video-preview:-1"},"canonical":"https:\/\/onlinelotto365.com\/ro\/joaca\/la-primitiva\/","og_locale":"ro_RO","og_type":"article","og_title":"Joac\u0103 La Primitiva Spania online | La Primitiva din Rom\u00e2nia","og_description":"Loteria spaniol\u0103 La Primitiva poate fi acum jucat\u0103 online din Rom\u00e2nia","og_url":"https:\/\/onlinelotto365.com\/ro\/joaca\/la-primitiva\/","og_site_name":"OnlineLotto365","article_modified_time":"2022-11-03T07:36:35+00:00","og_image":[{"url":"https:\/\/redfoxlotto.com\/image?size=8&amp;lottery=la-primitiva"}],"twitter_card":"summary_large_image","twitter_misc":{"Timp estimat pentru citire":"2 minute"},"schema":{"@context":"https:\/\/schema.org","@graph":[{"@type":"WebPage","@id":"https:\/\/onlinelotto365.com\/ro\/joaca\/la-primitiva\/","url":"https:\/\/onlinelotto365.com\/ro\/joaca\/la-primitiva\/","name":"Joac\u0103 La Primitiva Spania online | La Primitiva din Rom\u00e2nia","isPartOf":{"@id":"https:\/\/onlinelotto365.com\/ro\/#website"},"primaryImageOfPage":{"@id":"https:\/\/onlinelotto365.com\/ro\/joaca\/la-primitiva\/#primaryimage"},"image":{"@id":"https:\/\/onlinelotto365.com\/ro\/joaca\/la-primitiva\/#primaryimage"},"thumbnailUrl":"https:\/\/redfoxlotto.com\/image?size=8&amp;lottery=la-primitiva","datePublished":"2022-11-03T07:34:26+00:00","dateModified":"2022-11-03T07:36:35+00:00","description":"Loteria spaniol\u0103 La Primitiva poate fi acum jucat\u0103 online din Rom\u00e2nia","breadcrumb":{"@id":"https:\/\/onlinelotto365.com\/ro\/joaca\/la-primitiva\/#breadcrumb"},"inLanguage":"ro-RO","potentialAction":[{"@type":"ReadAction","target":["https:\/\/onlinelotto365.com\/ro\/joaca\/la-primitiva\/"]}]},{"@type":"ImageObject","inLanguage":"ro-RO","@id":"https:\/\/onlinelotto365.com\/ro\/joaca\/la-primitiva\/#primaryimage","url":"https:\/\/redfoxlotto.com\/image?size=8&amp;lottery=la-primitiva","contentUrl":"https:\/\/redfoxlotto.com\/image?size=8&amp;lottery=la-primitiva"},{"@type":"BreadcrumbList","@id":"https:\/\/onlinelotto365.com\/ro\/joaca\/la-primitiva\/#breadcrumb","itemListElement":[{"@type":"ListItem","position":1,"name":"Home","item":"https:\/\/onlinelotto365.com\/ro\/"},{"@type":"ListItem","position":2,"name":"Tot ceea ce trebuie s\u0103 \u0219tii despre op\u021biunile tale de a juca la cele mai bune loterii online.","item":"https:\/\/onlinelotto365.com\/ro\/joaca\/"},{"@type":"ListItem","position":3,"name":"Cum se joac\u0103 la loteria spaniol\u0103 La Primitiva Lottery"}]},{"@type":"WebSite","@id":"https:\/\/onlinelotto365.com\/ro\/#website","url":"https:\/\/onlinelotto365.com\/ro\/","name":"OnlineLotto365","description":"","potentialAction":[{"@type":"SearchAction","target":{"@type":"EntryPoint","urlTemplate":"https:\/\/onlinelotto365.com\/ro\/?s={search_term_string}"},"query-input":{"@type":"PropertyValueSpecification","valueRequired":true,"valueName":"search_term_string"}}],"inLanguage":"ro-RO"}]}},"_links":{"self":[{"href":"https:\/\/onlinelotto365.com\/ro\/wp-json\/wp\/v2\/pages\/79258","targetHints":{"allow":["GET"]}}],"collection":[{"href":"https:\/\/onlinelotto365.com\/ro\/wp-json\/wp\/v2\/pages"}],"about":[{"href":"https:\/\/onlinelotto365.com\/ro\/wp-json\/wp\/v2\/types\/page"}],"author":[{"embeddable":true,"href":"https:\/\/onlinelotto365.com\/ro\/wp-json\/wp\/v2\/users\/1"}],"replies":[{"embeddable":true,"href":"https:\/\/onlinelotto365.com\/ro\/wp-json\/wp\/v2\/comments?post=79258"}],"version-history":[{"count":0,"href":"https:\/\/onlinelotto365.com\/ro\/wp-json\/wp\/v2\/pages\/79258\/revisions"}],"up":[{"embeddable":true,"href":"https:\/\/onlinelotto365.com\/ro\/wp-json\/wp\/v2\/pages\/5032"}],"wp:attachment":[{"href":"https:\/\/onlinelotto365.com\/ro\/wp-json\/wp\/v2\/media?parent=79258"}],"curies":[{"name":"wp","href":"https:\/\/api.w.org\/{rel}","templated":true}]}}