{"id":79298,"date":"2022-11-03T10:25:12","date_gmt":"2022-11-03T09:25:12","guid":{"rendered":"https:\/\/onlinelotto365.com\/?page_id=79298"},"modified":"2022-11-03T10:25:12","modified_gmt":"2022-11-03T09:25:12","slug":"saturday-lotto-australia","status":"publish","type":"page","link":"https:\/\/onlinelotto365.com\/ro\/joaca\/saturday-lotto-australia\/","title":{"rendered":"Jocul Saturday Lotto Australia este doar una dintre op\u021biunile pentru fanii loteriei din Rom\u00e2nia"},"content":{"rendered":"<h2>Cum s\u0103 joci Saturday Lotto Australia online<\/h2>\n<p>Dac\u0103 locui\u021bi \u00een Rom\u00e2nia sau \u00een alt\u0103 parte, ve\u021bi descoperi c\u0103 nu este at\u00e2t de dificil pe c\u00e2t a\u021bi putea crede s\u0103 juca\u021bi la Saturday Lotto Australia. \u00cen plus, vei avea op\u021biuni pentru a ob\u021bine biletele pe care le dore\u0219ti f\u0103r\u0103 a fi nevoit s\u0103 petreci mult timp la asta, ce poate fi mai bine dec\u00e2t at\u00e2t?<\/p>\n<p>Ei bine, faptul c\u0103 v\u0103 vom ajuta pe parcurs va fi cu siguran\u021b\u0103 un mare beneficiu. Pute\u021bi alege toate op\u021biunile pe care le dori\u021bi, v\u0103 pute\u021bi crea un cont, v\u0103 pute\u021bi achizi\u021biona biletele \u0219i tot ceea ce ave\u021bi nevoie cu metoda de plat\u0103 preferat\u0103 \u00een cel mai scurt timp. Iar noi ne vom asigura c\u0103 acele bilete vor fi gata pentru tine atunci c\u00e2nd va veni extragerea.<\/p>\n<p>Tot ce trebuie s\u0103 face\u021bi este s\u0103 verifica\u021bi diferitele op\u021biuni de loto \u0219i s\u0103 alege\u021bi Saturday Lotto Australia. Odat\u0103 ce a\u021bi f\u0103cut acest lucru, ve\u021bi avea op\u021biunea de a alege numerele pentru fiecare bilet pe care \u00eel dori\u021bi.<br \/>\nTotu\u0219i, nu v\u0103 face\u021bi griji c\u0103 alege\u021bi cantitatea gre\u0219it\u0103 de numere, deoarece sistemul v\u0103 va ghida pentru a ob\u021bine exact cantitatea potrivit\u0103. Iar dac\u0103 nu sunte\u021bi at\u00e2t de sigur de numerele pe care le dori\u021bi, pute\u021bi alege o alegere rapid\u0103 pentru a l\u0103sa computerul s\u0103 aleag\u0103 numerele pentru dumneavoastr\u0103.<\/p>\n<p>Odat\u0103 ce a\u021bi ob\u021binut biletele, pute\u021bi alege s\u0103 mai ad\u0103uga\u021bi altele, s\u0103 alege\u021bi bilete pentru un alt meci sau pur \u0219i simplu s\u0103 le ad\u0103uga\u021bi la comanda dumneavoastr\u0103 \u0219i s\u0103 v\u0103 preg\u0103ti\u021bi s\u0103 face\u021bi o achizi\u021bie. Procesul de plat\u0103 este conceput pentru a fi c\u00e2t mai simplu posibil, astfel \u00eenc\u00e2t s\u0103 pute\u021bi pl\u0103ti biletele \u0219i s\u0103 v\u0103 pute\u021bi continua drumul \u00een cel mai scurt timp. Tot ce trebuie s\u0103 face\u021bi este s\u0103 v\u0103 crea\u021bi un cont.<\/p>\n<p>Crearea unui cont este foarte simpl\u0103, deoarece nu avem nevoie de multe informa\u021bii. Apoi v\u0103 vom trimite un e-mail de verificare pentru a v\u0103 permite s\u0103 v\u0103 finaliza\u021bi contul. \u021aine\u021bi cont de faptul c\u0103 ar putea ajunge \u00een dosarul de spam (ceea ce \u00eenseamn\u0103 c\u0103 trebuie s\u0103 ne ad\u0103uga\u021bi \u00een agenda dvs. de adrese) \u0219i cu asta, ve\u021bi avea un cont \u0219i posibilitatea de a cump\u0103ra mai multe bilete oric\u00e2nd dori\u021bi.<\/p>\n<p><a href=\"https:\/\/redfoxlotto.com\/play\/saturday-lotto-au\/?ref=a8564250a2&amp;medium=ol365\" target=\"_blank\" rel=\"noopener noreferrer\"><img decoding=\"async\" class=\"aligncenter\" src=\"https:\/\/redfoxlotto.com\/image?size=8&amp;lottery=saturday-lotto-au\" alt=\" Saturday Lotto Australia\" \/><\/a><\/p>\n<h2>Despre Saturday Lotto Australia<\/h2>\n<ul>\n<li>\u021aara: Australia<\/li>\n<li>Intervalul principal de numere: 45<\/li>\n<li>Trebuie s\u0103 selecta\u021bi: 6<\/li>\n<li>Zilele, orele de extragere: S\u00e2mb\u0103t\u0103, 21:30 GMT+11 &#8211; 10:30 CET<\/li>\n<li>Jackpotul \u00eencepe la: AU$ 5 milioane<\/li>\n<li>Jackpotul este plafonat la: 150 milioane AU$.<\/li>\n<li>\u0218ansa de a c\u00e2\u0219tiga jackpotul: 1 la 8145060<\/li>\n<li>\u0218ansa de a c\u00e2\u0219tiga premiul al doilea: 1 la 678755<\/li>\n<li>\u0218ansa de a c\u00e2\u0219tiga orice premiu: 1 la 85,44<\/li>\n<li>Num\u0103rul de categorii de premii: 6<\/li>\n<\/ul>\n<h2>Cele mai bune caracteristici ale Saturday Lotto Australia<\/h2>\n<p>Saturday Lotto Australia ofer\u0103 o mul\u021bime de \u0219anse de c\u00e2\u0219tig \u0219i jackpot-uri de c\u00e2teva milioane. Ceea ce este \u0219i mai bine este c\u0103 exist\u0103 sute de mii de c\u00e2\u0219tig\u0103tori la fiecare extragere. Pute\u021bi c\u00e2\u0219tiga un premiu mic de mai pu\u021bin de 10 dolari sau pute\u021bi c\u00e2\u0219tiga premii mari care sunt de sute de mii de dolari. Tot ce trebuie s\u0103 face\u021bi este s\u0103 alege\u021bi numerele potrivite.<\/p>\n<h2>Cum s\u0103 verifica\u021bi rezultatele la Saturday Lotto Australia<\/h2>\n<p>C\u00e2nd vine timpul s\u0103 verifica\u021bi rezultatele la Saturday Lotto Australia ave\u021bi mai multe op\u021biuni diferite. Prima este s\u0103 arunca\u021bi o privire pe site-ul oficial al loteriei. Ace\u0219tia posteaz\u0103 \u00eentotdeauna numerele c\u00e2\u0219tig\u0103toare dup\u0103 ce au fost extrase.<br \/>\nDar pute\u021bi verifica \u0219i ziarele locale \u0219i canalele de televiziune, dac\u0103 locui\u021bi \u00een localitate. Bine\u00een\u021beles, cel mai simplu \u0219i cel mai bun mod de a verifica este s\u0103 reveni\u021bi pe site-ul nostru \u0219i s\u0103 v\u0103 conecta\u021bi la contul dumneavoastr\u0103. De acolo, ve\u021bi putea vedea cele mai recente numere c\u00e2\u0219tig\u0103toare, precum \u0219i s\u0103 le compara\u021bi cu ale dumneavoastr\u0103.<\/p>\n<h2>A\u021bi jucat online la Saturday Lotto Australia \u0219i a\u021bi c\u00e2\u0219tigat &#8211; ce se \u00eent\u00e2mpl\u0103 \u00een continuare?<\/h2>\n<p>A\u021bi c\u00e2\u0219tigat ceva la ultima extragere? Dac\u0103 da, vei dori s\u0103 \u0219tii c\u00e2t de mult \u0219i asta va avea impact asupra modului \u00een care \u00ee\u021bi vei primi banii. Orice sum\u0103 mai mic\u0103 de 2500 \u20ac poate fi depus\u0103 direct \u00een contul dumneavoastr\u0103 \u0219i va fi. Asta \u00eenseamn\u0103 c\u0103 po\u021bi face ce vrei cu ea, de la retragerea ei (dac\u0103 este mai mare de 10 \u20ac), p\u00e2n\u0103 la cump\u0103rarea c\u00e2torva bilete \u00een plus pentru acest joc sau pentru orice alt joc pe care \u00eel dore\u0219ti.<br \/>\nPe de alt\u0103 parte, dac\u0103 ai fost suficient de norocos s\u0103 c\u00e2\u0219tigi mai mult de 2500 \u20ac, te vom ajuta \u00een procesul de revendicare a c\u00e2\u0219tigurilor tale, ceea ce necesit\u0103 un pic mai mult efort. Pentru acest proces, va trebui s\u0103 completezi un formular de revendicare pentru comisia loteriei \u0219i s\u0103 decizi dac\u0103 vrei s\u0103 \u00ee\u021bi fie trimi\u0219i banii prin transfer bancar sau prin cec. Depinde \u00een \u00eentregime de dumneavoastr\u0103.<\/p>\n","protected":false},"excerpt":{"rendered":"<p>Cum s\u0103 joci Saturday Lotto Australia online Dac\u0103 locui\u021bi \u00een Rom\u00e2nia sau \u00een alt\u0103 parte, ve\u021bi descoperi c\u0103 nu este at\u00e2t de dificil pe c\u00e2t a\u021bi putea crede s\u0103 juca\u021bi la Saturday Lotto Australia. \u00cen plus, vei avea op\u021biuni pentru a ob\u021bine biletele pe care le dore\u0219ti f\u0103r\u0103 a fi nevoit s\u0103 petreci mult timp [&hellip;]<\/p>\n","protected":false},"author":1,"featured_media":0,"parent":5032,"menu_order":15,"comment_status":"closed","ping_status":"closed","template":"saturday-lotto.php","meta":{"_et_pb_use_builder":"","_et_pb_old_content":"","_et_gb_content_width":"","exclude_from_search":false,"footnotes":""},"class_list":["post-79298","page","type-page","status-publish","hentry"],"yoast_head":"<!-- This site is optimized with the Yoast SEO plugin v23.4 - https:\/\/yoast.com\/wordpress\/plugins\/seo\/ -->\n<title>Serviciul nostru v\u0103 permite s\u0103 juca\u021bi Saturday Lotto Australia online din Rom\u00e2nia<\/title>\n<meta name=\"description\" content=\"Exist\u0103 loto de s\u00e2mb\u0103t\u0103 \u0219i \u00een Australia - juca\u021bi-l online acum\" \/>\n<meta name=\"robots\" content=\"index, follow, max-snippet:-1, max-image-preview:large, max-video-preview:-1\" \/>\n<link rel=\"canonical\" href=\"https:\/\/onlinelotto365.com\/ro\/joaca\/saturday-lotto-australia\/\" \/>\n<meta property=\"og:locale\" content=\"ro_RO\" \/>\n<meta property=\"og:type\" content=\"article\" \/>\n<meta property=\"og:title\" content=\"Serviciul nostru v\u0103 permite s\u0103 juca\u021bi Saturday Lotto Australia online din Rom\u00e2nia\" \/>\n<meta property=\"og:description\" content=\"Exist\u0103 loto de s\u00e2mb\u0103t\u0103 \u0219i \u00een Australia - juca\u021bi-l online acum\" \/>\n<meta property=\"og:url\" content=\"https:\/\/onlinelotto365.com\/ro\/joaca\/saturday-lotto-australia\/\" \/>\n<meta property=\"og:site_name\" content=\"OnlineLotto365\" \/>\n<meta property=\"og:image\" content=\"https:\/\/redfoxlotto.com\/image?size=8&amp;lottery=saturday-lotto-au\" \/>\n<meta name=\"twitter:card\" content=\"summary_large_image\" \/>\n<meta name=\"twitter:label1\" content=\"Timp estimat pentru citire\" \/>\n\t<meta name=\"twitter:data1\" content=\"4 minute\" \/>\n<script type=\"application\/ld+json\" class=\"yoast-schema-graph\">{\"@context\":\"https:\/\/schema.org\",\"@graph\":[{\"@type\":\"WebPage\",\"@id\":\"https:\/\/onlinelotto365.com\/ro\/joaca\/saturday-lotto-australia\/\",\"url\":\"https:\/\/onlinelotto365.com\/ro\/joaca\/saturday-lotto-australia\/\",\"name\":\"Serviciul nostru v\u0103 permite s\u0103 juca\u021bi Saturday Lotto Australia online din Rom\u00e2nia\",\"isPartOf\":{\"@id\":\"https:\/\/onlinelotto365.com\/ro\/#website\"},\"primaryImageOfPage\":{\"@id\":\"https:\/\/onlinelotto365.com\/ro\/joaca\/saturday-lotto-australia\/#primaryimage\"},\"image\":{\"@id\":\"https:\/\/onlinelotto365.com\/ro\/joaca\/saturday-lotto-australia\/#primaryimage\"},\"thumbnailUrl\":\"https:\/\/redfoxlotto.com\/image?size=8&amp;lottery=saturday-lotto-au\",\"datePublished\":\"2022-11-03T09:25:12+00:00\",\"dateModified\":\"2022-11-03T09:25:12+00:00\",\"description\":\"Exist\u0103 loto de s\u00e2mb\u0103t\u0103 \u0219i \u00een Australia - juca\u021bi-l online acum\",\"breadcrumb\":{\"@id\":\"https:\/\/onlinelotto365.com\/ro\/joaca\/saturday-lotto-australia\/#breadcrumb\"},\"inLanguage\":\"ro-RO\",\"potentialAction\":[{\"@type\":\"ReadAction\",\"target\":[\"https:\/\/onlinelotto365.com\/ro\/joaca\/saturday-lotto-australia\/\"]}]},{\"@type\":\"ImageObject\",\"inLanguage\":\"ro-RO\",\"@id\":\"https:\/\/onlinelotto365.com\/ro\/joaca\/saturday-lotto-australia\/#primaryimage\",\"url\":\"https:\/\/redfoxlotto.com\/image?size=8&amp;lottery=saturday-lotto-au\",\"contentUrl\":\"https:\/\/redfoxlotto.com\/image?size=8&amp;lottery=saturday-lotto-au\"},{\"@type\":\"BreadcrumbList\",\"@id\":\"https:\/\/onlinelotto365.com\/ro\/joaca\/saturday-lotto-australia\/#breadcrumb\",\"itemListElement\":[{\"@type\":\"ListItem\",\"position\":1,\"name\":\"Home\",\"item\":\"https:\/\/onlinelotto365.com\/ro\/\"},{\"@type\":\"ListItem\",\"position\":2,\"name\":\"Tot ceea ce trebuie s\u0103 \u0219tii despre op\u021biunile tale de a juca la cele mai bune loterii online.\",\"item\":\"https:\/\/onlinelotto365.com\/ro\/joaca\/\"},{\"@type\":\"ListItem\",\"position\":3,\"name\":\"Jocul Saturday Lotto Australia este doar una dintre op\u021biunile pentru fanii loteriei din Rom\u00e2nia\"}]},{\"@type\":\"WebSite\",\"@id\":\"https:\/\/onlinelotto365.com\/ro\/#website\",\"url\":\"https:\/\/onlinelotto365.com\/ro\/\",\"name\":\"OnlineLotto365\",\"description\":\"\",\"potentialAction\":[{\"@type\":\"SearchAction\",\"target\":{\"@type\":\"EntryPoint\",\"urlTemplate\":\"https:\/\/onlinelotto365.com\/ro\/?s={search_term_string}\"},\"query-input\":{\"@type\":\"PropertyValueSpecification\",\"valueRequired\":true,\"valueName\":\"search_term_string\"}}],\"inLanguage\":\"ro-RO\"}]}<\/script>\n<!-- \/ Yoast SEO plugin. -->","yoast_head_json":{"title":"Serviciul nostru v\u0103 permite s\u0103 juca\u021bi Saturday Lotto Australia online din Rom\u00e2nia","description":"Exist\u0103 loto de s\u00e2mb\u0103t\u0103 \u0219i \u00een Australia - juca\u021bi-l online acum","robots":{"index":"index","follow":"follow","max-snippet":"max-snippet:-1","max-image-preview":"max-image-preview:large","max-video-preview":"max-video-preview:-1"},"canonical":"https:\/\/onlinelotto365.com\/ro\/joaca\/saturday-lotto-australia\/","og_locale":"ro_RO","og_type":"article","og_title":"Serviciul nostru v\u0103 permite s\u0103 juca\u021bi Saturday Lotto Australia online din Rom\u00e2nia","og_description":"Exist\u0103 loto de s\u00e2mb\u0103t\u0103 \u0219i \u00een Australia - juca\u021bi-l online acum","og_url":"https:\/\/onlinelotto365.com\/ro\/joaca\/saturday-lotto-australia\/","og_site_name":"OnlineLotto365","og_image":[{"url":"https:\/\/redfoxlotto.com\/image?size=8&amp;lottery=saturday-lotto-au"}],"twitter_card":"summary_large_image","twitter_misc":{"Timp estimat pentru citire":"4 minute"},"schema":{"@context":"https:\/\/schema.org","@graph":[{"@type":"WebPage","@id":"https:\/\/onlinelotto365.com\/ro\/joaca\/saturday-lotto-australia\/","url":"https:\/\/onlinelotto365.com\/ro\/joaca\/saturday-lotto-australia\/","name":"Serviciul nostru v\u0103 permite s\u0103 juca\u021bi Saturday Lotto Australia online din Rom\u00e2nia","isPartOf":{"@id":"https:\/\/onlinelotto365.com\/ro\/#website"},"primaryImageOfPage":{"@id":"https:\/\/onlinelotto365.com\/ro\/joaca\/saturday-lotto-australia\/#primaryimage"},"image":{"@id":"https:\/\/onlinelotto365.com\/ro\/joaca\/saturday-lotto-australia\/#primaryimage"},"thumbnailUrl":"https:\/\/redfoxlotto.com\/image?size=8&amp;lottery=saturday-lotto-au","datePublished":"2022-11-03T09:25:12+00:00","dateModified":"2022-11-03T09:25:12+00:00","description":"Exist\u0103 loto de s\u00e2mb\u0103t\u0103 \u0219i \u00een Australia - juca\u021bi-l online acum","breadcrumb":{"@id":"https:\/\/onlinelotto365.com\/ro\/joaca\/saturday-lotto-australia\/#breadcrumb"},"inLanguage":"ro-RO","potentialAction":[{"@type":"ReadAction","target":["https:\/\/onlinelotto365.com\/ro\/joaca\/saturday-lotto-australia\/"]}]},{"@type":"ImageObject","inLanguage":"ro-RO","@id":"https:\/\/onlinelotto365.com\/ro\/joaca\/saturday-lotto-australia\/#primaryimage","url":"https:\/\/redfoxlotto.com\/image?size=8&amp;lottery=saturday-lotto-au","contentUrl":"https:\/\/redfoxlotto.com\/image?size=8&amp;lottery=saturday-lotto-au"},{"@type":"BreadcrumbList","@id":"https:\/\/onlinelotto365.com\/ro\/joaca\/saturday-lotto-australia\/#breadcrumb","itemListElement":[{"@type":"ListItem","position":1,"name":"Home","item":"https:\/\/onlinelotto365.com\/ro\/"},{"@type":"ListItem","position":2,"name":"Tot ceea ce trebuie s\u0103 \u0219tii despre op\u021biunile tale de a juca la cele mai bune loterii online.","item":"https:\/\/onlinelotto365.com\/ro\/joaca\/"},{"@type":"ListItem","position":3,"name":"Jocul Saturday Lotto Australia este doar una dintre op\u021biunile pentru fanii loteriei din Rom\u00e2nia"}]},{"@type":"WebSite","@id":"https:\/\/onlinelotto365.com\/ro\/#website","url":"https:\/\/onlinelotto365.com\/ro\/","name":"OnlineLotto365","description":"","potentialAction":[{"@type":"SearchAction","target":{"@type":"EntryPoint","urlTemplate":"https:\/\/onlinelotto365.com\/ro\/?s={search_term_string}"},"query-input":{"@type":"PropertyValueSpecification","valueRequired":true,"valueName":"search_term_string"}}],"inLanguage":"ro-RO"}]}},"_links":{"self":[{"href":"https:\/\/onlinelotto365.com\/ro\/wp-json\/wp\/v2\/pages\/79298","targetHints":{"allow":["GET"]}}],"collection":[{"href":"https:\/\/onlinelotto365.com\/ro\/wp-json\/wp\/v2\/pages"}],"about":[{"href":"https:\/\/onlinelotto365.com\/ro\/wp-json\/wp\/v2\/types\/page"}],"author":[{"embeddable":true,"href":"https:\/\/onlinelotto365.com\/ro\/wp-json\/wp\/v2\/users\/1"}],"replies":[{"embeddable":true,"href":"https:\/\/onlinelotto365.com\/ro\/wp-json\/wp\/v2\/comments?post=79298"}],"version-history":[{"count":0,"href":"https:\/\/onlinelotto365.com\/ro\/wp-json\/wp\/v2\/pages\/79298\/revisions"}],"up":[{"embeddable":true,"href":"https:\/\/onlinelotto365.com\/ro\/wp-json\/wp\/v2\/pages\/5032"}],"wp:attachment":[{"href":"https:\/\/onlinelotto365.com\/ro\/wp-json\/wp\/v2\/media?parent=79298"}],"curies":[{"name":"wp","href":"https:\/\/api.w.org\/{rel}","templated":true}]}}