{"id":79339,"date":"2022-11-03T12:15:45","date_gmt":"2022-11-03T11:15:45","guid":{"rendered":"https:\/\/onlinelotto365.com\/?page_id=79339"},"modified":"2022-11-03T12:19:47","modified_gmt":"2022-11-03T11:19:47","slug":"oz-lotto","status":"publish","type":"page","link":"https:\/\/onlinelotto365.com\/ro\/joaca\/oz-lotto\/","title":{"rendered":"Jocul Oz Lotto este doar una dintre op\u021biunile pentru fanii loteriei din Rom\u00e2nia"},"content":{"rendered":"<h2>Cum s\u0103 joci Oz Lotto online<\/h2>\n<p>Fie c\u0103 locui\u021bi sau nu \u00een Rom\u00e2nia, pute\u021bi juca Oz Lotto online cu u\u0219urin\u021b\u0103. Asta pentru c\u0103 tot ce trebuie s\u0103 faci este s\u0103 g\u0103se\u0219ti pagina potrivit\u0103 pe site-ul nostru, s\u0103 dai click pe c\u00e2teva butoane \u0219i, c\u00e2t ai clipi, vei avea biletele dorite.<\/p>\n<p>Chiar mai bine, trebuie doar s\u0103 v\u0103 crea\u021bi un cont complet gratuit, s\u0103 alege\u021bi biletele \u0219i numerele pe care le dori\u021bi, s\u0103 selecta\u021bi op\u021biunea de plat\u0103 care v\u0103 convine cel mai bine \u0219i a\u021bi terminat. Este chiar at\u00e2t de simplu.<\/p>\n<p>Dac\u0103 sunte\u021bi gata s\u0103 \u00eencepe\u021bi, primul lucru pe care trebuie s\u0103 \u00eel face\u021bi este s\u0103 alege\u021bi loteria pe care o dori\u021bi. \u00cen acest caz, ave\u021bi \u00een vedere Oz Lotto. Dup\u0103 ce ai intrat, trebuie doar s\u0103 alegi numerele pe care vrei s\u0103 le joci. Nici m\u0103car nu trebuie s\u0103-\u021bi faci griji c\u0103 ai ales numerele incorect, pentru c\u0103 sistemul te va anun\u021ba de ce ai nevoie.<\/p>\n<p>Asta \u00eenseamn\u0103 \u0219i cantitatea de numere. \u00cen plus, pute\u021bi alege o alegere rapid\u0103 pentru ca computerul s\u0103 v\u0103 selecteze numerele la \u00eent\u00e2mplare \u0219i apoi s\u0103 edita\u021bi \u0219i aceste numere.<br \/>\nOdat\u0103 ce a\u021bi ob\u021binut biletele pe care le dori\u021bi pentru Oz Lotto, pute\u021bi alege s\u0103 ad\u0103uga\u021bi \u0219i mai multe bilete, s\u0103 alege\u021bi un alt joc \u0219i s\u0103 ad\u0103uga\u021bi acele bilete sau doar s\u0103 ad\u0103uga\u021bi biletele la o comand\u0103 pentru a le cump\u0103ra. Face\u021bi checkout \u0219i pl\u0103ti\u021bi cu metoda de plat\u0103 preferat\u0103 \u0219i ve\u021bi fi gata. De\u0219i, desigur, va trebui s\u0103 v\u0103 crea\u021bi un cont pentru a parcurge tot procesul de plat\u0103.<\/p>\n<p>Crearea contului este u\u0219oar\u0103, iar noi v\u0103 trimitem imediat un e-mail de verificare \u0219i un link. \u00cen acest fel, pute\u021bi s\u0103ri direct la cump\u0103rarea biletelor f\u0103r\u0103 s\u0103 mai a\u0219tepta\u021bi. Asigur\u0103-te c\u0103 \u00ee\u021bi verifici c\u0103su\u021ba po\u0219tal\u0103 \u0219i folderul de spam, deoarece nu vei putea ob\u021bine biletele dec\u00e2t dac\u0103 confirmi. Ve\u021bi fi gata de plecare \u00een cel mai scurt timp.<\/p>\n<p><a href=\"https:\/\/redfoxlotto.com\/play\/oz-lotto\/?ref=a8564250a2&amp;medium=ol365\" target=\"_blank\" rel=\"noopener noreferrer\"><img decoding=\"async\" class=\"aligncenter\" src=\"https:\/\/redfoxlotto.com\/image?size=8&amp;lottery=oz-lotto\" alt=\"Oz Lotto\" \/><\/a><\/p>\n<h2>Despre Oz Lotto<\/h2>\n<ul>\n<li>\u021aara: Australia<\/li>\n<li>Gama de numere principale: 45<\/li>\n<li>Trebuie s\u0103 selecta\u021bi: 7<\/li>\n<li>Zilele, orele de extragere: Mar\u021bi, 21:30 GMT+11 &#8211; 10:30 CET<\/li>\n<li>Jackpotul \u00eencepe la: AU$ 2 milioane<\/li>\n<li>Jackpotul este plafonat la: niciunul<\/li>\n<li>\u0218ansa de a c\u00e2\u0219tiga jackpotul: 1 la 45379620<\/li>\n<li>\u0218ansa de a c\u00e2\u0219tiga premiul al doilea: 1 la 3241401<\/li>\n<li>\u0218ansa de a c\u00e2\u0219tiga orice premiu: 1 la 54,59<\/li>\n<li>Num\u0103rul de categorii de premii: 7<\/li>\n<\/ul>\n<h2>Cele mai bune caracteristici ale Oz Lotto<\/h2>\n<p>Oz Lotto v\u0103 ofer\u0103 posibilitatea de a c\u00e2\u0219tiga \u00een \u0219apte divizii diferite, sporindu-v\u0103 \u0219ansele de a c\u00e2\u0219tiga un premiu mare. Nu numai at\u00e2t, dar dac\u0103 c\u00e2\u0219tiga\u021bi \u00een Divizia 1, ave\u021bi garantat s\u0103 \u00eemp\u0103r\u021bi\u021bi un premiu de 2 milioane de dolari, \u0219i adesea mult mai mare. Asta \u00eenseamn\u0103 c\u0103 nu ve\u021bi avea nicio problem\u0103 \u00een a c\u00e2\u0219tiga ceva mare, sau cel pu\u021bin \u00een a ob\u021bine o parte din una dintre op\u021biunile de premii mari.<\/p>\n<h2>Cum s\u0103 verifica\u021bi rezultatele Oz Lotto<\/h2>\n<p>Exist\u0103 o mul\u021bime de modalit\u0103\u021bi de a verifica numerele c\u00e2\u0219tig\u0103toare la Oz Lotto. Primul este acces\u00e2nd site-ul oficial sau verific\u00e2nd loteriile locale prin intermediul ziarului propriu sau al canalului de \u0219tiri preferat. Dar asta func\u021bioneaz\u0103 doar dac\u0103 jocul este local. Iar cel mai bun mod \u00een care pute\u021bi ob\u021bine numerele de la loto este revenind direct pe site-ul nostru.<br \/>\nLa urma urmei, v-a\u021bi cump\u0103rat biletele aici, a\u0219a c\u0103 de ce nu? Ve\u021bi putea s\u0103 v\u0103 conecta\u021bi direct \u00een contul dvs. \u0219i s\u0103 compara\u021bi numerele dvs. cu numerele c\u00e2\u0219tig\u0103toare pentru a vedea c\u00e2t de mult a\u021bi c\u00e2\u0219tigat.<\/p>\n<h2>Sunte\u021bi un c\u00e2\u0219tig\u0103tor Oz Lotto! &#8211; \u0218i acum ce urmeaz\u0103?<\/h2>\n<p>Primul lucru pe care ve\u021bi dori s\u0103 \u0219ti\u021bi este c\u00e2t de mult ve\u021bi primi. La urma urmei, toat\u0103 lumea vrea s\u0103 \u0219tie despre c\u00e2\u0219tigurile lor, nu? Dac\u0103 a\u021bi c\u00e2\u0219tigat mai pu\u021bin de 2500 \u20ac nu va trebui s\u0103 face\u021bi nimic. Noi ne ocup\u0103m de revendicarea premiului \u0219i \u00eel punem direct \u00een contul t\u0103u online. De acolo, po\u021bi alege s\u0103 \u00eel retragi, s\u0103 cumperi bilete noi sau orice altceva dore\u0219ti, at\u00e2ta timp c\u00e2t ai peste 10 \u20ac, adic\u0103.<br \/>\n<img loading=\"lazy\" decoding=\"async\" class=\"alignright wp-image-3635\" src=\"https:\/\/onlinelotto365.com\/wp-content\/uploads\/2020\/11\/online_lottery-123-300x300.jpg\" alt=\"juca\u021bi la oz lotto online\" width=\"228\" height=\"228\" srcset=\"https:\/\/onlinelotto365.com\/wp-content\/uploads\/2020\/11\/online_lottery-123-300x300.jpg 300w, https:\/\/onlinelotto365.com\/wp-content\/uploads\/2020\/11\/online_lottery-123-100x100.jpg 100w, https:\/\/onlinelotto365.com\/wp-content\/uploads\/2020\/11\/online_lottery-123-150x150.jpg 150w, https:\/\/onlinelotto365.com\/wp-content\/uploads\/2020\/11\/online_lottery-123.jpg 320w\" sizes=\"auto, (max-width: 228px) 100vw, 228px\" \/><\/p>\n<p>Acum, dac\u0103 ai c\u00e2\u0219tigat peste 2500 \u20ac, procesul este pu\u021bin mai complicat, dar nu-\u021bi face griji, pentru c\u0103 te vom ajuta s\u0103 treci prin toate acestea. Vom lua leg\u0103tura cu tine \u0219i \u00ee\u021bi vom face rost de o copie a formularului de revendicare care trebuie trimis la comisia de loterie. Dup\u0103 ce \u00eel completezi, vei putea s\u0103 \u00ee\u021bi prime\u0219ti c\u00e2\u0219tigurile \u00een func\u021bie de ceea ce ai trimis pe h\u00e2rtie. Po\u021bi primi un cec sau un transfer bancar.<\/p>\n","protected":false},"excerpt":{"rendered":"<p>Cum s\u0103 joci Oz Lotto online Fie c\u0103 locui\u021bi sau nu \u00een Rom\u00e2nia, pute\u021bi juca Oz Lotto online cu u\u0219urin\u021b\u0103. Asta pentru c\u0103 tot ce trebuie s\u0103 faci este s\u0103 g\u0103se\u0219ti pagina potrivit\u0103 pe site-ul nostru, s\u0103 dai click pe c\u00e2teva butoane \u0219i, c\u00e2t ai clipi, vei avea biletele dorite. Chiar mai bine, trebuie doar [&hellip;]<\/p>\n","protected":false},"author":1,"featured_media":0,"parent":5032,"menu_order":14,"comment_status":"closed","ping_status":"closed","template":"template-rightsidebar.php","meta":{"_et_pb_use_builder":"","_et_pb_old_content":"","_et_gb_content_width":"","exclude_from_search":false,"footnotes":""},"class_list":["post-79339","page","type-page","status-publish","hentry"],"yoast_head":"<!-- This site is optimized with the Yoast SEO plugin v23.4 - https:\/\/yoast.com\/wordpress\/plugins\/seo\/ -->\n<title>Juca\u021bi Oz Lotto chiar aici - cele mai mari loterii ale planetei, disponibile online din Rom\u00e2nia<\/title>\n<meta name=\"description\" content=\"Joac\u0103 online la multe loterii interna\u021bionale, inclusiv OzLotto\" \/>\n<meta name=\"robots\" content=\"index, follow, max-snippet:-1, max-image-preview:large, max-video-preview:-1\" \/>\n<link rel=\"canonical\" href=\"https:\/\/onlinelotto365.com\/ro\/joaca\/oz-lotto\/\" \/>\n<meta property=\"og:locale\" content=\"ro_RO\" \/>\n<meta property=\"og:type\" content=\"article\" \/>\n<meta property=\"og:title\" content=\"Juca\u021bi Oz Lotto chiar aici - cele mai mari loterii ale planetei, disponibile online din Rom\u00e2nia\" \/>\n<meta property=\"og:description\" content=\"Joac\u0103 online la multe loterii interna\u021bionale, inclusiv OzLotto\" \/>\n<meta property=\"og:url\" content=\"https:\/\/onlinelotto365.com\/ro\/joaca\/oz-lotto\/\" \/>\n<meta property=\"og:site_name\" content=\"OnlineLotto365\" \/>\n<meta property=\"article:modified_time\" content=\"2022-11-03T11:19:47+00:00\" \/>\n<meta property=\"og:image\" content=\"https:\/\/redfoxlotto.com\/image?size=8&amp;lottery=oz-lotto\" \/>\n<meta name=\"twitter:card\" content=\"summary_large_image\" \/>\n<meta name=\"twitter:label1\" content=\"Timp estimat pentru citire\" \/>\n\t<meta name=\"twitter:data1\" content=\"4 minute\" \/>\n<script type=\"application\/ld+json\" class=\"yoast-schema-graph\">{\"@context\":\"https:\/\/schema.org\",\"@graph\":[{\"@type\":\"WebPage\",\"@id\":\"https:\/\/onlinelotto365.com\/ro\/joaca\/oz-lotto\/\",\"url\":\"https:\/\/onlinelotto365.com\/ro\/joaca\/oz-lotto\/\",\"name\":\"Juca\u021bi Oz Lotto chiar aici - cele mai mari loterii ale planetei, disponibile online din Rom\u00e2nia\",\"isPartOf\":{\"@id\":\"https:\/\/onlinelotto365.com\/ro\/#website\"},\"primaryImageOfPage\":{\"@id\":\"https:\/\/onlinelotto365.com\/ro\/joaca\/oz-lotto\/#primaryimage\"},\"image\":{\"@id\":\"https:\/\/onlinelotto365.com\/ro\/joaca\/oz-lotto\/#primaryimage\"},\"thumbnailUrl\":\"https:\/\/redfoxlotto.com\/image?size=8&amp;lottery=oz-lotto\",\"datePublished\":\"2022-11-03T11:15:45+00:00\",\"dateModified\":\"2022-11-03T11:19:47+00:00\",\"description\":\"Joac\u0103 online la multe loterii interna\u021bionale, inclusiv OzLotto\",\"breadcrumb\":{\"@id\":\"https:\/\/onlinelotto365.com\/ro\/joaca\/oz-lotto\/#breadcrumb\"},\"inLanguage\":\"ro-RO\",\"potentialAction\":[{\"@type\":\"ReadAction\",\"target\":[\"https:\/\/onlinelotto365.com\/ro\/joaca\/oz-lotto\/\"]}]},{\"@type\":\"ImageObject\",\"inLanguage\":\"ro-RO\",\"@id\":\"https:\/\/onlinelotto365.com\/ro\/joaca\/oz-lotto\/#primaryimage\",\"url\":\"https:\/\/redfoxlotto.com\/image?size=8&amp;lottery=oz-lotto\",\"contentUrl\":\"https:\/\/redfoxlotto.com\/image?size=8&amp;lottery=oz-lotto\"},{\"@type\":\"BreadcrumbList\",\"@id\":\"https:\/\/onlinelotto365.com\/ro\/joaca\/oz-lotto\/#breadcrumb\",\"itemListElement\":[{\"@type\":\"ListItem\",\"position\":1,\"name\":\"Home\",\"item\":\"https:\/\/onlinelotto365.com\/ro\/\"},{\"@type\":\"ListItem\",\"position\":2,\"name\":\"Tot ceea ce trebuie s\u0103 \u0219tii despre op\u021biunile tale de a juca la cele mai bune loterii online.\",\"item\":\"https:\/\/onlinelotto365.com\/ro\/joaca\/\"},{\"@type\":\"ListItem\",\"position\":3,\"name\":\"Jocul Oz Lotto este doar una dintre op\u021biunile pentru fanii loteriei din Rom\u00e2nia\"}]},{\"@type\":\"WebSite\",\"@id\":\"https:\/\/onlinelotto365.com\/ro\/#website\",\"url\":\"https:\/\/onlinelotto365.com\/ro\/\",\"name\":\"OnlineLotto365\",\"description\":\"\",\"potentialAction\":[{\"@type\":\"SearchAction\",\"target\":{\"@type\":\"EntryPoint\",\"urlTemplate\":\"https:\/\/onlinelotto365.com\/ro\/?s={search_term_string}\"},\"query-input\":{\"@type\":\"PropertyValueSpecification\",\"valueRequired\":true,\"valueName\":\"search_term_string\"}}],\"inLanguage\":\"ro-RO\"}]}<\/script>\n<!-- \/ Yoast SEO plugin. -->","yoast_head_json":{"title":"Juca\u021bi Oz Lotto chiar aici - cele mai mari loterii ale planetei, disponibile online din Rom\u00e2nia","description":"Joac\u0103 online la multe loterii interna\u021bionale, inclusiv OzLotto","robots":{"index":"index","follow":"follow","max-snippet":"max-snippet:-1","max-image-preview":"max-image-preview:large","max-video-preview":"max-video-preview:-1"},"canonical":"https:\/\/onlinelotto365.com\/ro\/joaca\/oz-lotto\/","og_locale":"ro_RO","og_type":"article","og_title":"Juca\u021bi Oz Lotto chiar aici - cele mai mari loterii ale planetei, disponibile online din Rom\u00e2nia","og_description":"Joac\u0103 online la multe loterii interna\u021bionale, inclusiv OzLotto","og_url":"https:\/\/onlinelotto365.com\/ro\/joaca\/oz-lotto\/","og_site_name":"OnlineLotto365","article_modified_time":"2022-11-03T11:19:47+00:00","og_image":[{"url":"https:\/\/redfoxlotto.com\/image?size=8&amp;lottery=oz-lotto"}],"twitter_card":"summary_large_image","twitter_misc":{"Timp estimat pentru citire":"4 minute"},"schema":{"@context":"https:\/\/schema.org","@graph":[{"@type":"WebPage","@id":"https:\/\/onlinelotto365.com\/ro\/joaca\/oz-lotto\/","url":"https:\/\/onlinelotto365.com\/ro\/joaca\/oz-lotto\/","name":"Juca\u021bi Oz Lotto chiar aici - cele mai mari loterii ale planetei, disponibile online din Rom\u00e2nia","isPartOf":{"@id":"https:\/\/onlinelotto365.com\/ro\/#website"},"primaryImageOfPage":{"@id":"https:\/\/onlinelotto365.com\/ro\/joaca\/oz-lotto\/#primaryimage"},"image":{"@id":"https:\/\/onlinelotto365.com\/ro\/joaca\/oz-lotto\/#primaryimage"},"thumbnailUrl":"https:\/\/redfoxlotto.com\/image?size=8&amp;lottery=oz-lotto","datePublished":"2022-11-03T11:15:45+00:00","dateModified":"2022-11-03T11:19:47+00:00","description":"Joac\u0103 online la multe loterii interna\u021bionale, inclusiv OzLotto","breadcrumb":{"@id":"https:\/\/onlinelotto365.com\/ro\/joaca\/oz-lotto\/#breadcrumb"},"inLanguage":"ro-RO","potentialAction":[{"@type":"ReadAction","target":["https:\/\/onlinelotto365.com\/ro\/joaca\/oz-lotto\/"]}]},{"@type":"ImageObject","inLanguage":"ro-RO","@id":"https:\/\/onlinelotto365.com\/ro\/joaca\/oz-lotto\/#primaryimage","url":"https:\/\/redfoxlotto.com\/image?size=8&amp;lottery=oz-lotto","contentUrl":"https:\/\/redfoxlotto.com\/image?size=8&amp;lottery=oz-lotto"},{"@type":"BreadcrumbList","@id":"https:\/\/onlinelotto365.com\/ro\/joaca\/oz-lotto\/#breadcrumb","itemListElement":[{"@type":"ListItem","position":1,"name":"Home","item":"https:\/\/onlinelotto365.com\/ro\/"},{"@type":"ListItem","position":2,"name":"Tot ceea ce trebuie s\u0103 \u0219tii despre op\u021biunile tale de a juca la cele mai bune loterii online.","item":"https:\/\/onlinelotto365.com\/ro\/joaca\/"},{"@type":"ListItem","position":3,"name":"Jocul Oz Lotto este doar una dintre op\u021biunile pentru fanii loteriei din Rom\u00e2nia"}]},{"@type":"WebSite","@id":"https:\/\/onlinelotto365.com\/ro\/#website","url":"https:\/\/onlinelotto365.com\/ro\/","name":"OnlineLotto365","description":"","potentialAction":[{"@type":"SearchAction","target":{"@type":"EntryPoint","urlTemplate":"https:\/\/onlinelotto365.com\/ro\/?s={search_term_string}"},"query-input":{"@type":"PropertyValueSpecification","valueRequired":true,"valueName":"search_term_string"}}],"inLanguage":"ro-RO"}]}},"_links":{"self":[{"href":"https:\/\/onlinelotto365.com\/ro\/wp-json\/wp\/v2\/pages\/79339","targetHints":{"allow":["GET"]}}],"collection":[{"href":"https:\/\/onlinelotto365.com\/ro\/wp-json\/wp\/v2\/pages"}],"about":[{"href":"https:\/\/onlinelotto365.com\/ro\/wp-json\/wp\/v2\/types\/page"}],"author":[{"embeddable":true,"href":"https:\/\/onlinelotto365.com\/ro\/wp-json\/wp\/v2\/users\/1"}],"replies":[{"embeddable":true,"href":"https:\/\/onlinelotto365.com\/ro\/wp-json\/wp\/v2\/comments?post=79339"}],"version-history":[{"count":0,"href":"https:\/\/onlinelotto365.com\/ro\/wp-json\/wp\/v2\/pages\/79339\/revisions"}],"up":[{"embeddable":true,"href":"https:\/\/onlinelotto365.com\/ro\/wp-json\/wp\/v2\/pages\/5032"}],"wp:attachment":[{"href":"https:\/\/onlinelotto365.com\/ro\/wp-json\/wp\/v2\/media?parent=79339"}],"curies":[{"name":"wp","href":"https:\/\/api.w.org\/{rel}","templated":true}]}}