{"id":79383,"date":"2022-11-03T15:21:50","date_gmt":"2022-11-03T14:21:50","guid":{"rendered":"https:\/\/onlinelotto365.com\/?page_id=79383"},"modified":"2022-11-03T15:22:52","modified_gmt":"2022-11-03T14:22:52","slug":"powerball-australia","status":"publish","type":"page","link":"https:\/\/onlinelotto365.com\/ro\/joaca\/powerball-australia\/","title":{"rendered":"Powerball Australia &#8211; nu mai e\u0219ti limitat la loteriile din Rom\u00e2nia"},"content":{"rendered":"<h2>Cum s\u0103 joci Powerball Australia online<\/h2>\n<p>Este de fapt destul de simplu s\u0103 joci Powerball Australia online, chiar dac\u0103 e\u0219ti \u00een Rom\u00e2nia. \u0218i este \u0219i destul de convenabil, pentru c\u0103 e\u0219ti deja aici, de unde \u00ee\u021bi po\u021bi lua biletele cu doar c\u00e2teva click-uri de mouse.<\/p>\n<p>Se va avea grij\u0103 de tine la fiecare pas, unde tot ce trebuie s\u0103 faci este s\u0103 \u00ee\u021bi creezi un cont gratuit, s\u0103 faci selec\u021biile, s\u0103 alegi una dintre numeroasele lor op\u021biuni de plat\u0103 convenabile, iar noi ne ocup\u0103m de restul.<\/p>\n<p>Asigura\u021bi-v\u0103 c\u0103 face\u021bi clic pe loteria corect\u0103, \u0219i anume Powerball Australia. Apoi, selecta\u021bi numerele dvs. Dac\u0103 \u00eencerca\u021bi s\u0103 alege\u021bi prea multe numere sau dac\u0103 nu a\u021bi selectat suficiente numere, sistemul v\u0103 va solicita s\u0103 alege\u021bi mai pu\u021bine sau mai multe numere. Ceea ce pute\u021bi face, de asemenea, este s\u0103 face\u021bi clic pe butonul de selectare rapid\u0103, iar site-ul va alege c\u00e2teva numere la \u00eent\u00e2mplare pentru dumneavoastr\u0103. Pute\u021bi modifica \u00een continuare manual aceste numere dac\u0103 nu v\u0103 plac.<\/p>\n<p>Exist\u0103, de asemenea, o metod\u0103 pe care mul\u021bi juc\u0103tori le place s\u0103 o foloseasc\u0103 &#8211; func\u021bia de alegere rapid\u0103. Sau po\u021bi folosi manual c\u00e2teva dintre numerele tale preferate \u0219i po\u021bi l\u0103sa generatorul de numere aleatorii s\u0103 aleag\u0103 restul pentru tine.<\/p>\n<p>Dup\u0103 aceea, pute\u021bi selecta o alt\u0103 loterie, pute\u021bi juca mai multe bilete de loto \u0219i le pute\u021bi ad\u0103uga la comanda dvs. Apoi, face\u021bi clic pentru a verifica \u0219i pl\u0103ti\u021bi \u00een siguran\u021b\u0103 pentru biletele dumneavoastr\u0103. \u00cen acest moment, va trebui s\u0103 v\u0103 crea\u021bi un cont la noi. Desigur, pute\u021bi, de asemenea, s\u0103 v\u0103 crea\u021bi mai \u00eent\u00e2i contul \u0219i apoi s\u0103 \u00eencepe\u021bi procesul de comand\u0103 a biletelor.<\/p>\n<p>Dup\u0103 ce v-a\u021bi creat contul, v\u0103 vom trimite un e-mail de verificare cu un link pe care trebuie s\u0103 face\u021bi clic. V\u0103 rug\u0103m s\u0103 v\u0103 asigura\u021bi c\u0103 a\u021bi verificat dosarul de spam pentru acest e-mail. Ar fi \u00een\u021belept s\u0103 marca\u021bi adresa noastr\u0103 de e-mail ca fiind un expeditor de \u00eencredere. Acest lucru asigur\u0103 c\u0103 mesajele importante, cum ar fi notific\u0103rile de c\u00e2\u0219tiguri, vor ajunge efectiv la dvs.<br \/>\n<a href=\"https:\/\/redfoxlotto.com\/play\/powerball-au\/?ref=a8564250a2&amp;medium=ol365\" target=\"_blank\" rel=\"noopener noreferrer\"><img decoding=\"async\" class=\"aligncenter\" src=\"https:\/\/redfoxlotto.com\/image?size=8&amp;lottery=powerball-au\" alt=\"Powerball Australia\" \/><\/a><\/p>\n<h2>Despre Powerball Australia<\/h2>\n<ul>\n<li>\u021aar\u0103: Australia<\/li>\n<li>Intervalul numerelor principale: 35<\/li>\n<li>Trebuie s\u0103 selecta\u021bi: 7<\/li>\n<li>Intervalul numerelor suplimentare: 20<\/li>\n<li>Trebuie s\u0103 selecta\u021bi: 1<\/li>\n<li>Zilele, orele de extragere: Joi, 21:30 GMT+11, 10:30 CET<\/li>\n<li>Jackpotul \u00eencepe la: AU$ 3 milioane<\/li>\n<li>Jackpotul este plafonat la: 150 milioane AU$.<\/li>\n<li>\u0218ansa de a c\u00e2\u0219tiga jackpotul: 1 la 134.490.400<\/li>\n<li>\u0218ansa de a c\u00e2\u0219tiga un al doilea premiu: 1 la 7.078.443<\/li>\n<li>\u0218ansa de a c\u00e2\u0219tiga orice premiu: 1 la 24,87<\/li>\n<li>Num\u0103rul de categorii de premii: 7<\/li>\n<\/ul>\n<h2>Cum s\u0103 verifica\u021bi rezultatele Powerball Australia<\/h2>\n<p>Pute\u021bi folosi mai multe metode pentru a verifica rezultatele. Le pute\u021bi g\u0103si pe site-ul oficial al loteriei. \u00cen cazul unor loterii, pute\u021bi g\u0103si numerele c\u00e2\u0219tig\u0103toare \u00een ziarul local sau un canal de televiziune le poate transmite. Dar cel mai simplu mod este s\u0103 reveni\u021bi pe site-ul nostru \u0219i s\u0103 verifica\u021bi aici cele mai recente numere c\u00e2\u0219tig\u0103toare. Odat\u0103 ce v-a\u021bi conectat la contul dvs., pute\u021bi compara numerele pe care le-a\u021bi jucat cu numerele de la extragere. \u0218i pute\u021bi vedea imediat c\u00e2t a\u021bi c\u00e2\u0219tigat.<\/p>\n<h2>Ai jucat Powerball Australia online \u0219i ai c\u00e2\u0219tigat &#8211; ce urmeaz\u0103?<\/h2>\n<p>\u00cen primul r\u00e2nd, ar trebui s\u0103 verifica\u021bi c\u00e2t de mult a\u021bi c\u00e2\u0219tigat. Dac\u0103 c\u00e2\u0219tigul este mai mic de 2500 \u20ac, ve\u021bi g\u0103si suma creditat\u0103 \u00een contul dumneavoastr\u0103 de juc\u0103tor. Este alegerea ta s\u0103 o folose\u0219ti pentru achizi\u021bionarea de bilete suplimentare sau, dac\u0103 preferi asta, o po\u021bi retrage. Re\u021bine\u021bi c\u0103 op\u021biunea de retragere este vizibil\u0103 doar dac\u0103 soldul contului dvs. este de cel pu\u021bin 10 \u20ac.<br \/>\n<img loading=\"lazy\" decoding=\"async\" class=\"alignright wp-image-1653\" src=\"https:\/\/onlinelotto365.com\/wp-content\/uploads\/2020\/11\/online_lottery-145-300x143.jpg\" alt=\"juca Powerball Australia online\" width=\"413\" height=\"197\" \/><\/p>\n<p>Pentru c\u00e2\u0219tiguri mai mari de 2500 \u20ac, v\u0103 va contacta serviciul nostru de asisten\u021b\u0103. Va trebui s\u0103 completa\u021bi un formular de revendicare, pe care \u00eel vom trimite apoi comisiei de loterie. Apoi, ve\u021bi primi c\u00e2\u0219tigurile fie prin virament bancar, fie prin cec, \u00een func\u021bie de dorin\u021bele dumneavoastr\u0103.<\/p>\n","protected":false},"excerpt":{"rendered":"<p>Cum s\u0103 joci Powerball Australia online Este de fapt destul de simplu s\u0103 joci Powerball Australia online, chiar dac\u0103 e\u0219ti \u00een Rom\u00e2nia. \u0218i este \u0219i destul de convenabil, pentru c\u0103 e\u0219ti deja aici, de unde \u00ee\u021bi po\u021bi lua biletele cu doar c\u00e2teva click-uri de mouse. Se va avea grij\u0103 de tine la fiecare pas, unde [&hellip;]<\/p>\n","protected":false},"author":1,"featured_media":0,"parent":5032,"menu_order":13,"comment_status":"closed","ping_status":"closed","template":"powerball-au.php","meta":{"_et_pb_use_builder":"","_et_pb_old_content":"","_et_gb_content_width":"","exclude_from_search":false,"footnotes":""},"class_list":["post-79383","page","type-page","status-publish","hentry"],"yoast_head":"<!-- This site is optimized with the Yoast SEO plugin v23.4 - https:\/\/yoast.com\/wordpress\/plugins\/seo\/ -->\n<title>Joac\u0103 Powerball Australia online din Rom\u00e2nia | Pot participa la Powerball Australia dac\u0103 locuiesc \u00een Rom\u00e2nia<\/title>\n<meta name=\"description\" content=\"Joac\u0103 Powerball Australia chiar aici - cele mai mari loterii, de pe planet\u0103, disponibile online din Rom\u00e2nia\" \/>\n<meta name=\"robots\" content=\"index, follow, max-snippet:-1, max-image-preview:large, max-video-preview:-1\" \/>\n<link rel=\"canonical\" href=\"https:\/\/onlinelotto365.com\/ro\/joaca\/powerball-australia\/\" \/>\n<meta property=\"og:locale\" content=\"ro_RO\" \/>\n<meta property=\"og:type\" content=\"article\" \/>\n<meta property=\"og:title\" content=\"Joac\u0103 Powerball Australia online din Rom\u00e2nia | Pot participa la Powerball Australia dac\u0103 locuiesc \u00een Rom\u00e2nia\" \/>\n<meta property=\"og:description\" content=\"Joac\u0103 Powerball Australia chiar aici - cele mai mari loterii, de pe planet\u0103, disponibile online din Rom\u00e2nia\" \/>\n<meta property=\"og:url\" content=\"https:\/\/onlinelotto365.com\/ro\/joaca\/powerball-australia\/\" \/>\n<meta property=\"og:site_name\" content=\"OnlineLotto365\" \/>\n<meta property=\"article:modified_time\" content=\"2022-11-03T14:22:52+00:00\" \/>\n<meta property=\"og:image\" content=\"https:\/\/redfoxlotto.com\/image?size=8&amp;lottery=powerball-au\" \/>\n<meta name=\"twitter:card\" content=\"summary_large_image\" \/>\n<meta name=\"twitter:label1\" content=\"Timp estimat pentru citire\" \/>\n\t<meta name=\"twitter:data1\" content=\"4 minute\" \/>\n<script type=\"application\/ld+json\" class=\"yoast-schema-graph\">{\"@context\":\"https:\/\/schema.org\",\"@graph\":[{\"@type\":\"WebPage\",\"@id\":\"https:\/\/onlinelotto365.com\/ro\/joaca\/powerball-australia\/\",\"url\":\"https:\/\/onlinelotto365.com\/ro\/joaca\/powerball-australia\/\",\"name\":\"Joac\u0103 Powerball Australia online din Rom\u00e2nia | Pot participa la Powerball Australia dac\u0103 locuiesc \u00een Rom\u00e2nia\",\"isPartOf\":{\"@id\":\"https:\/\/onlinelotto365.com\/ro\/#website\"},\"primaryImageOfPage\":{\"@id\":\"https:\/\/onlinelotto365.com\/ro\/joaca\/powerball-australia\/#primaryimage\"},\"image\":{\"@id\":\"https:\/\/onlinelotto365.com\/ro\/joaca\/powerball-australia\/#primaryimage\"},\"thumbnailUrl\":\"https:\/\/redfoxlotto.com\/image?size=8&amp;lottery=powerball-au\",\"datePublished\":\"2022-11-03T14:21:50+00:00\",\"dateModified\":\"2022-11-03T14:22:52+00:00\",\"description\":\"Joac\u0103 Powerball Australia chiar aici - cele mai mari loterii, de pe planet\u0103, disponibile online din Rom\u00e2nia\",\"breadcrumb\":{\"@id\":\"https:\/\/onlinelotto365.com\/ro\/joaca\/powerball-australia\/#breadcrumb\"},\"inLanguage\":\"ro-RO\",\"potentialAction\":[{\"@type\":\"ReadAction\",\"target\":[\"https:\/\/onlinelotto365.com\/ro\/joaca\/powerball-australia\/\"]}]},{\"@type\":\"ImageObject\",\"inLanguage\":\"ro-RO\",\"@id\":\"https:\/\/onlinelotto365.com\/ro\/joaca\/powerball-australia\/#primaryimage\",\"url\":\"https:\/\/redfoxlotto.com\/image?size=8&amp;lottery=powerball-au\",\"contentUrl\":\"https:\/\/redfoxlotto.com\/image?size=8&amp;lottery=powerball-au\"},{\"@type\":\"BreadcrumbList\",\"@id\":\"https:\/\/onlinelotto365.com\/ro\/joaca\/powerball-australia\/#breadcrumb\",\"itemListElement\":[{\"@type\":\"ListItem\",\"position\":1,\"name\":\"Home\",\"item\":\"https:\/\/onlinelotto365.com\/ro\/\"},{\"@type\":\"ListItem\",\"position\":2,\"name\":\"Tot ceea ce trebuie s\u0103 \u0219tii despre op\u021biunile tale de a juca la cele mai bune loterii online.\",\"item\":\"https:\/\/onlinelotto365.com\/ro\/joaca\/\"},{\"@type\":\"ListItem\",\"position\":3,\"name\":\"Powerball Australia &#8211; nu mai e\u0219ti limitat la loteriile din Rom\u00e2nia\"}]},{\"@type\":\"WebSite\",\"@id\":\"https:\/\/onlinelotto365.com\/ro\/#website\",\"url\":\"https:\/\/onlinelotto365.com\/ro\/\",\"name\":\"OnlineLotto365\",\"description\":\"\",\"potentialAction\":[{\"@type\":\"SearchAction\",\"target\":{\"@type\":\"EntryPoint\",\"urlTemplate\":\"https:\/\/onlinelotto365.com\/ro\/?s={search_term_string}\"},\"query-input\":{\"@type\":\"PropertyValueSpecification\",\"valueRequired\":true,\"valueName\":\"search_term_string\"}}],\"inLanguage\":\"ro-RO\"}]}<\/script>\n<!-- \/ Yoast SEO plugin. -->","yoast_head_json":{"title":"Joac\u0103 Powerball Australia online din Rom\u00e2nia | Pot participa la Powerball Australia dac\u0103 locuiesc \u00een Rom\u00e2nia","description":"Joac\u0103 Powerball Australia chiar aici - cele mai mari loterii, de pe planet\u0103, disponibile online din Rom\u00e2nia","robots":{"index":"index","follow":"follow","max-snippet":"max-snippet:-1","max-image-preview":"max-image-preview:large","max-video-preview":"max-video-preview:-1"},"canonical":"https:\/\/onlinelotto365.com\/ro\/joaca\/powerball-australia\/","og_locale":"ro_RO","og_type":"article","og_title":"Joac\u0103 Powerball Australia online din Rom\u00e2nia | Pot participa la Powerball Australia dac\u0103 locuiesc \u00een Rom\u00e2nia","og_description":"Joac\u0103 Powerball Australia chiar aici - cele mai mari loterii, de pe planet\u0103, disponibile online din Rom\u00e2nia","og_url":"https:\/\/onlinelotto365.com\/ro\/joaca\/powerball-australia\/","og_site_name":"OnlineLotto365","article_modified_time":"2022-11-03T14:22:52+00:00","og_image":[{"url":"https:\/\/redfoxlotto.com\/image?size=8&amp;lottery=powerball-au"}],"twitter_card":"summary_large_image","twitter_misc":{"Timp estimat pentru citire":"4 minute"},"schema":{"@context":"https:\/\/schema.org","@graph":[{"@type":"WebPage","@id":"https:\/\/onlinelotto365.com\/ro\/joaca\/powerball-australia\/","url":"https:\/\/onlinelotto365.com\/ro\/joaca\/powerball-australia\/","name":"Joac\u0103 Powerball Australia online din Rom\u00e2nia | Pot participa la Powerball Australia dac\u0103 locuiesc \u00een Rom\u00e2nia","isPartOf":{"@id":"https:\/\/onlinelotto365.com\/ro\/#website"},"primaryImageOfPage":{"@id":"https:\/\/onlinelotto365.com\/ro\/joaca\/powerball-australia\/#primaryimage"},"image":{"@id":"https:\/\/onlinelotto365.com\/ro\/joaca\/powerball-australia\/#primaryimage"},"thumbnailUrl":"https:\/\/redfoxlotto.com\/image?size=8&amp;lottery=powerball-au","datePublished":"2022-11-03T14:21:50+00:00","dateModified":"2022-11-03T14:22:52+00:00","description":"Joac\u0103 Powerball Australia chiar aici - cele mai mari loterii, de pe planet\u0103, disponibile online din Rom\u00e2nia","breadcrumb":{"@id":"https:\/\/onlinelotto365.com\/ro\/joaca\/powerball-australia\/#breadcrumb"},"inLanguage":"ro-RO","potentialAction":[{"@type":"ReadAction","target":["https:\/\/onlinelotto365.com\/ro\/joaca\/powerball-australia\/"]}]},{"@type":"ImageObject","inLanguage":"ro-RO","@id":"https:\/\/onlinelotto365.com\/ro\/joaca\/powerball-australia\/#primaryimage","url":"https:\/\/redfoxlotto.com\/image?size=8&amp;lottery=powerball-au","contentUrl":"https:\/\/redfoxlotto.com\/image?size=8&amp;lottery=powerball-au"},{"@type":"BreadcrumbList","@id":"https:\/\/onlinelotto365.com\/ro\/joaca\/powerball-australia\/#breadcrumb","itemListElement":[{"@type":"ListItem","position":1,"name":"Home","item":"https:\/\/onlinelotto365.com\/ro\/"},{"@type":"ListItem","position":2,"name":"Tot ceea ce trebuie s\u0103 \u0219tii despre op\u021biunile tale de a juca la cele mai bune loterii online.","item":"https:\/\/onlinelotto365.com\/ro\/joaca\/"},{"@type":"ListItem","position":3,"name":"Powerball Australia &#8211; nu mai e\u0219ti limitat la loteriile din Rom\u00e2nia"}]},{"@type":"WebSite","@id":"https:\/\/onlinelotto365.com\/ro\/#website","url":"https:\/\/onlinelotto365.com\/ro\/","name":"OnlineLotto365","description":"","potentialAction":[{"@type":"SearchAction","target":{"@type":"EntryPoint","urlTemplate":"https:\/\/onlinelotto365.com\/ro\/?s={search_term_string}"},"query-input":{"@type":"PropertyValueSpecification","valueRequired":true,"valueName":"search_term_string"}}],"inLanguage":"ro-RO"}]}},"_links":{"self":[{"href":"https:\/\/onlinelotto365.com\/ro\/wp-json\/wp\/v2\/pages\/79383","targetHints":{"allow":["GET"]}}],"collection":[{"href":"https:\/\/onlinelotto365.com\/ro\/wp-json\/wp\/v2\/pages"}],"about":[{"href":"https:\/\/onlinelotto365.com\/ro\/wp-json\/wp\/v2\/types\/page"}],"author":[{"embeddable":true,"href":"https:\/\/onlinelotto365.com\/ro\/wp-json\/wp\/v2\/users\/1"}],"replies":[{"embeddable":true,"href":"https:\/\/onlinelotto365.com\/ro\/wp-json\/wp\/v2\/comments?post=79383"}],"version-history":[{"count":0,"href":"https:\/\/onlinelotto365.com\/ro\/wp-json\/wp\/v2\/pages\/79383\/revisions"}],"up":[{"embeddable":true,"href":"https:\/\/onlinelotto365.com\/ro\/wp-json\/wp\/v2\/pages\/5032"}],"wp:attachment":[{"href":"https:\/\/onlinelotto365.com\/ro\/wp-json\/wp\/v2\/media?parent=79383"}],"curies":[{"name":"wp","href":"https:\/\/api.w.org\/{rel}","templated":true}]}}