{"id":79421,"date":"2022-11-04T09:22:40","date_gmt":"2022-11-04T08:22:40","guid":{"rendered":"https:\/\/onlinelotto365.com\/?page_id=79421"},"modified":"2022-11-04T09:22:50","modified_gmt":"2022-11-04T08:22:50","slug":"mega-sena","status":"publish","type":"page","link":"https:\/\/onlinelotto365.com\/ro\/joaca\/mega-sena\/","title":{"rendered":"Cum pot reziden\u021bii din Rom\u00e2nia s\u0103 joace Mega-Sena online?"},"content":{"rendered":"<p>Serviciul nostru v\u0103 permite \u00een prezent s\u0103 cump\u0103ra\u021bi bilete de loterie la 15 loterii mari diferite din \u00eentreaga lume. Suntem m\u00e2ndri s\u0103 le oferim juc\u0103torilor no\u0219tri posibilitatea de a juca online la loteria brazilian\u0103 Mega Sena. La fel ca la toate loteriile mari, \u00eenainte trebuia s\u0103 locui\u021bi \u00een \u021bara sau zona \u00een care se desf\u0103\u0219ura o anumit\u0103 loterie \u0219i s\u0103 v\u0103 deplasa\u021bi la un comerciant de loto de acolo pentru a v\u0103 cump\u0103ra biletele.<\/p>\n<p>Acest lucru nu mai este \u00eens\u0103 cazul acum c\u0103 le po\u021bi juca \u0219i din Rom\u00e2nia \u0219i po\u021bi cump\u0103ra orice bilet de loterie dore\u0219ti chiar online, \u0219i oric\u00e2te vrei, \u0219i la oric\u00e2te loterii diferite dore\u0219ti, chiar de pe propriul calculator.<\/p>\n<p>A\u0219adar, acum c\u0103 aceast\u0103 nou\u0103 zi a r\u0103s\u0103rit \u00een lumea jocului la loto, juc\u0103torii au vorbit, iar ceea ce au cerut este o selec\u021bie mare de loterii diferite. A\u0219a c\u0103 noi v\u0103 aducem ce e mai bun \u00een casa dumneavoastr\u0103. Printre acestea se num\u0103r\u0103 Mega-Sena Lotto, cea mai mare loterie din Brazilia.<br \/>\n<a href=\"https:\/\/redfoxlotto.com\/play\/mega-sena\/?ref=a8564250a2&amp;medium=ol365\" target=\"_blank\" rel=\"noopener noreferrer\"><img decoding=\"async\" class=\"aligncenter\" src=\"https:\/\/redfoxlotto.com\/image?size=8&amp;lottery=mega-sena\" alt=\"mega-sena\" \/><\/a><\/p>\n<h2>Despre Mega-Sena<\/h2>\n<ul>\n<li>\u021aar\u0103: Brazilia<\/li>\n<li>Intervalul principal de numere: 60<\/li>\n<li>Tu alegi: 6<\/li>\n<li>Numere suplimentare: niciuna<\/li>\n<li>Tu alegi: niciunul<\/li>\n<li>Zilele \u0219i orele de extragere: Miercuri, s\u00e2mb\u0103t\u0103, 20:00 GMT -3, 24:00 CET<\/li>\n<li>Jackpot minim: 2 milioane R$<\/li>\n<li>Jackpot plafonat la maxim: f\u0103r\u0103 plafon<\/li>\n<li>Probabilitatea de a c\u00e2\u0219tiga jackpot-ul: 1 la 50.063.860<\/li>\n<li>Probabilitatea unui c\u00e2\u0219tig de nivel 2: 1 la 15.451.809<\/li>\n<li>Probabilitatea de a c\u00e2\u0219tiga \u00een orice nivel: 1 la 2297,56<\/li>\n<li>Num\u0103rul de niveluri de premii: 3<\/li>\n<\/ul>\n<p>Extragerile pentru Mega-Sena au loc miercurea \u0219i s\u00e2mb\u0103ta, ad\u0103ug\u00e2nd \u00eenc\u0103 dou\u0103 \u0219anse de c\u00e2\u0219tig printre toate celelalte loterii la care juca\u021bi acum. V\u0103 oferim o selec\u021bie mare din care pute\u021bi alege \u0219i toate merit\u0103 jucate, inclusiv Mega Sena.<\/p>\n<p>Pentru a juca la Loto Mega-Sena, juc\u0103torii aleg 6 numere de la 1 la 60. Potrivirea tuturor celor 6 numere v\u0103 c\u00e2\u0219tig\u0103 jackpot-ul, care este \u00eentotdeauna de cel pu\u021bin c\u00e2teva milioane de dolari \u0219i adesea devine mult mai mare dec\u00e2t at\u00e2t.<br \/>\nCu toate acestea, Mega-Sena este unic\u0103 fa\u021b\u0103 de toate celelalte loterii din lume, deoarece nu&#8217; are doar 60 de bile cu numere diferite pe ele. Exist\u0103 dou\u0103 tobe diferite, unul cu numere de la 0 la 5 \u0219i al doilea de la 0 la 9. Apoi se extrag cifrele una c\u00e2te una.<\/p>\n<p>De exemplu, dac\u0103 se extrage un 2 din primul tambur \u0219i apoi se extrage un 9 din al doilea, atunci num\u0103rul extras este 29. Odat\u0103 extras un num\u0103r cu o singur\u0103 cifr\u0103, acesta nu mai este pus \u00eenapoi \u00een tambur. A\u0219adar, \u0219tim acum c\u0103 va exista exact un num\u0103r cu o singur\u0103 cifr\u0103, cu excep\u021bia cazului \u00een care este extras 00, care este considerat a fi 60, unul care \u00eencepe cu 1, unul care \u00eencepe cu 2 \u0219i a\u0219a mai departe. Deci, aceasta este o \u00eentors\u0103tur\u0103 interesant\u0103 \u0219i de fapt face ca c\u00e2\u0219tigurile s\u0103 fie mai u\u0219oare, cu condi\u021bia s\u0103 urma\u021bi aceast\u0103 strategie.<\/p>\n<p>Potrivirea tuturor celor 6 numere v\u0103 aduce jackpot-ul, \u00een timp ce potrivirea a 4 sau 5 numere v\u0103 va aduce un premiu secundar. A\u0219a cum se \u00eent\u00e2mpl\u0103 adesea \u00een cazul loteriilor na\u021bionale, profiturile generate de Mega-Sena Lotto merg pentru a sprijini programele sociale \u0219i, de fapt, poporul brazilian se bazeaz\u0103 foarte mult pe aceste dona\u021bii. A\u0219adar, de\u0219i poate c\u0103 nu suntem din Brazilia \u0219i, prin urmare, nu beneficiem direct de acest lucru, este minunat s\u0103 \u0219tim c\u0103 facem cu siguran\u021b\u0103 un bine juc\u00e2nd la Mega Sena, pe l\u00e2ng\u0103 toat\u0103 distrac\u021bia pe care o avem f\u0103c\u00e2nd acest lucru.<\/p>\n<h2>Loteriile sunt forma preferat\u0103 de jocuri de noroc din lume<\/h2>\n<p>Nu este foarte greu s\u0103 ne d\u0103m seama de ce loteriile au fost cea mai popular\u0103 form\u0103 de jocuri de noroc din lume. Nici m\u0103car nu este vorba de faptul c\u0103 este at\u00e2t de u\u0219or de accesat, de\u0219i asta cu siguran\u021b\u0103 ajut\u0103. Adev\u0103ratul motiv este entuziasmul pe care \u00eel ofer\u0103 posibilitatea de a c\u00e2\u0219tiga sume monstruoase de bani.<\/p>\n<p>De asemenea, se pare c\u0103 apetitul nostru pentru aceste jackpoturi uria\u0219e este \u00eentr-adev\u0103r destul de substan\u021bial. Dac\u0103 a\u021bi fost vreodat\u0103 martor la zumzetul care este generat atunci c\u00e2nd jackpoturile cresc la sume enorme \u0219i la c\u00e2t de multe bilete sunt v\u00e2ndute pentru acestea, cu cozile mult mai lungi care vin cu ele, atunci \u0219ti\u021bi c\u0103 toate acestea sunt adev\u0103rate.<br \/>\n<img loading=\"lazy\" decoding=\"async\" class=\"size-medium wp-image-1136 alignright\" src=\"https:\/\/onlinelotto365.com\/wp-content\/uploads\/2020\/11\/online_lottery-96-300x212.jpg\" alt=\"juca\u021bi mega-sena online\" width=\"300\" height=\"212\" \/><\/p>\n<p>Totu\u0219i, de ce nu s-ar entuziasma oamenii cu privire la \u0219ansa de a c\u00e2\u0219tiga suficien\u021bi bani pentru a-\u021bi asigura o via\u021b\u0103 de lux \u0219i opulen\u021b\u0103? Pentru majoritatea cov\u00e2r\u0219itoare dintre noi, aceasta este singura \u0219ans\u0103 pe care o vom avea vreodat\u0103 la acest stil de via\u021b\u0103. Totu\u0219i, oameni obi\u0219nui\u021bi ca noi c\u00e2\u0219tig\u0103 aceste sume uria\u0219e \u0219i nu \u0219tii niciodat\u0103 dac\u0103 \u0219i c\u00e2nd \u00ee\u021bi poate veni r\u00e2ndul.<\/p>\n<p>Simplul act de a juca ofer\u0103 totu\u0219i mult\u0103 pl\u0103cere oamenilor, unde chiar dac\u0103 \u0219ansele de a c\u00e2\u0219tiga o mul\u021bime de bani \u00een acest mod sunt foarte mici, \u0219ansa exist\u0103 totu\u0219i. Dac\u0103 nu joci, ei bine, nu ajungi s\u0103 visezi \u0219i nu te bucuri de g\u00e2ndul c\u0103 \u021bi s-ar putea \u00eent\u00e2mpla toate acestea.<\/p>\n<p>Desigur, nu trebuie s\u0103 c\u00e2\u0219tigi jackpotul pentru a c\u00e2\u0219tiga bani la loterii, iar juc\u0103torii c\u00e2\u0219tig\u0103 mereu premii mai mici. Unele dintre aceste premii mai mici nu sunt chiar at\u00e2t de mici, de fapt. Exist\u0103 multe moduri diferite de a c\u00e2\u0219tiga bani juc\u00e2nd la loterii \u0219i, de fiecare dat\u0103 c\u00e2nd \u00eencasa\u021bi banii, este \u00eentotdeauna foarte pl\u0103cut.<\/p>\n","protected":false},"excerpt":{"rendered":"<p>Serviciul nostru v\u0103 permite \u00een prezent s\u0103 cump\u0103ra\u021bi bilete de loterie la 15 loterii mari diferite din \u00eentreaga lume. Suntem m\u00e2ndri s\u0103 le oferim juc\u0103torilor no\u0219tri posibilitatea de a juca online la loteria brazilian\u0103 Mega Sena. La fel ca la toate loteriile mari, \u00eenainte trebuia s\u0103 locui\u021bi \u00een \u021bara sau zona \u00een care se desf\u0103\u0219ura [&hellip;]<\/p>\n","protected":false},"author":1,"featured_media":0,"parent":5032,"menu_order":12,"comment_status":"closed","ping_status":"closed","template":"megasena.php","meta":{"_et_pb_use_builder":"","_et_pb_old_content":"","_et_gb_content_width":"","exclude_from_search":false,"footnotes":""},"class_list":["post-79421","page","type-page","status-publish","hentry"],"yoast_head":"<!-- This site is optimized with the Yoast SEO plugin v23.4 - https:\/\/yoast.com\/wordpress\/plugins\/seo\/ -->\n<title>Joac\u0103 Mega-Sena online din Rom\u00e2nia | Pot s\u0103 particip la Mega-Sena dac\u0103 locuiesc \u00een Rom\u00e2nia?<\/title>\n<meta name=\"description\" content=\"Serviciul nostru de bilete online v\u0103 permite s\u0103 juca\u021bi Mega-Sena online cu u\u0219urin\u021b\u0103.\" \/>\n<meta name=\"robots\" content=\"index, follow, max-snippet:-1, max-image-preview:large, max-video-preview:-1\" \/>\n<link rel=\"canonical\" href=\"https:\/\/onlinelotto365.com\/ro\/joaca\/mega-sena\/\" \/>\n<meta property=\"og:locale\" content=\"ro_RO\" \/>\n<meta property=\"og:type\" content=\"article\" \/>\n<meta property=\"og:title\" content=\"Joac\u0103 Mega-Sena online din Rom\u00e2nia | Pot s\u0103 particip la Mega-Sena dac\u0103 locuiesc \u00een Rom\u00e2nia?\" \/>\n<meta property=\"og:description\" content=\"Serviciul nostru de bilete online v\u0103 permite s\u0103 juca\u021bi Mega-Sena online cu u\u0219urin\u021b\u0103.\" \/>\n<meta property=\"og:url\" content=\"https:\/\/onlinelotto365.com\/ro\/joaca\/mega-sena\/\" \/>\n<meta property=\"og:site_name\" content=\"OnlineLotto365\" \/>\n<meta property=\"article:modified_time\" content=\"2022-11-04T08:22:50+00:00\" \/>\n<meta property=\"og:image\" content=\"https:\/\/redfoxlotto.com\/image?size=8&amp;lottery=mega-sena\" \/>\n<meta name=\"twitter:card\" content=\"summary_large_image\" \/>\n<meta name=\"twitter:label1\" content=\"Timp estimat pentru citire\" \/>\n\t<meta name=\"twitter:data1\" content=\"5 minute\" \/>\n<script type=\"application\/ld+json\" class=\"yoast-schema-graph\">{\"@context\":\"https:\/\/schema.org\",\"@graph\":[{\"@type\":\"WebPage\",\"@id\":\"https:\/\/onlinelotto365.com\/ro\/joaca\/mega-sena\/\",\"url\":\"https:\/\/onlinelotto365.com\/ro\/joaca\/mega-sena\/\",\"name\":\"Joac\u0103 Mega-Sena online din Rom\u00e2nia | Pot s\u0103 particip la Mega-Sena dac\u0103 locuiesc \u00een Rom\u00e2nia?\",\"isPartOf\":{\"@id\":\"https:\/\/onlinelotto365.com\/ro\/#website\"},\"primaryImageOfPage\":{\"@id\":\"https:\/\/onlinelotto365.com\/ro\/joaca\/mega-sena\/#primaryimage\"},\"image\":{\"@id\":\"https:\/\/onlinelotto365.com\/ro\/joaca\/mega-sena\/#primaryimage\"},\"thumbnailUrl\":\"https:\/\/redfoxlotto.com\/image?size=8&amp;lottery=mega-sena\",\"datePublished\":\"2022-11-04T08:22:40+00:00\",\"dateModified\":\"2022-11-04T08:22:50+00:00\",\"description\":\"Serviciul nostru de bilete online v\u0103 permite s\u0103 juca\u021bi Mega-Sena online cu u\u0219urin\u021b\u0103.\",\"breadcrumb\":{\"@id\":\"https:\/\/onlinelotto365.com\/ro\/joaca\/mega-sena\/#breadcrumb\"},\"inLanguage\":\"ro-RO\",\"potentialAction\":[{\"@type\":\"ReadAction\",\"target\":[\"https:\/\/onlinelotto365.com\/ro\/joaca\/mega-sena\/\"]}]},{\"@type\":\"ImageObject\",\"inLanguage\":\"ro-RO\",\"@id\":\"https:\/\/onlinelotto365.com\/ro\/joaca\/mega-sena\/#primaryimage\",\"url\":\"https:\/\/redfoxlotto.com\/image?size=8&amp;lottery=mega-sena\",\"contentUrl\":\"https:\/\/redfoxlotto.com\/image?size=8&amp;lottery=mega-sena\"},{\"@type\":\"BreadcrumbList\",\"@id\":\"https:\/\/onlinelotto365.com\/ro\/joaca\/mega-sena\/#breadcrumb\",\"itemListElement\":[{\"@type\":\"ListItem\",\"position\":1,\"name\":\"Home\",\"item\":\"https:\/\/onlinelotto365.com\/ro\/\"},{\"@type\":\"ListItem\",\"position\":2,\"name\":\"Tot ceea ce trebuie s\u0103 \u0219tii despre op\u021biunile tale de a juca la cele mai bune loterii online.\",\"item\":\"https:\/\/onlinelotto365.com\/ro\/joaca\/\"},{\"@type\":\"ListItem\",\"position\":3,\"name\":\"Cum pot reziden\u021bii din Rom\u00e2nia s\u0103 joace Mega-Sena online?\"}]},{\"@type\":\"WebSite\",\"@id\":\"https:\/\/onlinelotto365.com\/ro\/#website\",\"url\":\"https:\/\/onlinelotto365.com\/ro\/\",\"name\":\"OnlineLotto365\",\"description\":\"\",\"potentialAction\":[{\"@type\":\"SearchAction\",\"target\":{\"@type\":\"EntryPoint\",\"urlTemplate\":\"https:\/\/onlinelotto365.com\/ro\/?s={search_term_string}\"},\"query-input\":{\"@type\":\"PropertyValueSpecification\",\"valueRequired\":true,\"valueName\":\"search_term_string\"}}],\"inLanguage\":\"ro-RO\"}]}<\/script>\n<!-- \/ Yoast SEO plugin. -->","yoast_head_json":{"title":"Joac\u0103 Mega-Sena online din Rom\u00e2nia | Pot s\u0103 particip la Mega-Sena dac\u0103 locuiesc \u00een Rom\u00e2nia?","description":"Serviciul nostru de bilete online v\u0103 permite s\u0103 juca\u021bi Mega-Sena online cu u\u0219urin\u021b\u0103.","robots":{"index":"index","follow":"follow","max-snippet":"max-snippet:-1","max-image-preview":"max-image-preview:large","max-video-preview":"max-video-preview:-1"},"canonical":"https:\/\/onlinelotto365.com\/ro\/joaca\/mega-sena\/","og_locale":"ro_RO","og_type":"article","og_title":"Joac\u0103 Mega-Sena online din Rom\u00e2nia | Pot s\u0103 particip la Mega-Sena dac\u0103 locuiesc \u00een Rom\u00e2nia?","og_description":"Serviciul nostru de bilete online v\u0103 permite s\u0103 juca\u021bi Mega-Sena online cu u\u0219urin\u021b\u0103.","og_url":"https:\/\/onlinelotto365.com\/ro\/joaca\/mega-sena\/","og_site_name":"OnlineLotto365","article_modified_time":"2022-11-04T08:22:50+00:00","og_image":[{"url":"https:\/\/redfoxlotto.com\/image?size=8&amp;lottery=mega-sena"}],"twitter_card":"summary_large_image","twitter_misc":{"Timp estimat pentru citire":"5 minute"},"schema":{"@context":"https:\/\/schema.org","@graph":[{"@type":"WebPage","@id":"https:\/\/onlinelotto365.com\/ro\/joaca\/mega-sena\/","url":"https:\/\/onlinelotto365.com\/ro\/joaca\/mega-sena\/","name":"Joac\u0103 Mega-Sena online din Rom\u00e2nia | Pot s\u0103 particip la Mega-Sena dac\u0103 locuiesc \u00een Rom\u00e2nia?","isPartOf":{"@id":"https:\/\/onlinelotto365.com\/ro\/#website"},"primaryImageOfPage":{"@id":"https:\/\/onlinelotto365.com\/ro\/joaca\/mega-sena\/#primaryimage"},"image":{"@id":"https:\/\/onlinelotto365.com\/ro\/joaca\/mega-sena\/#primaryimage"},"thumbnailUrl":"https:\/\/redfoxlotto.com\/image?size=8&amp;lottery=mega-sena","datePublished":"2022-11-04T08:22:40+00:00","dateModified":"2022-11-04T08:22:50+00:00","description":"Serviciul nostru de bilete online v\u0103 permite s\u0103 juca\u021bi Mega-Sena online cu u\u0219urin\u021b\u0103.","breadcrumb":{"@id":"https:\/\/onlinelotto365.com\/ro\/joaca\/mega-sena\/#breadcrumb"},"inLanguage":"ro-RO","potentialAction":[{"@type":"ReadAction","target":["https:\/\/onlinelotto365.com\/ro\/joaca\/mega-sena\/"]}]},{"@type":"ImageObject","inLanguage":"ro-RO","@id":"https:\/\/onlinelotto365.com\/ro\/joaca\/mega-sena\/#primaryimage","url":"https:\/\/redfoxlotto.com\/image?size=8&amp;lottery=mega-sena","contentUrl":"https:\/\/redfoxlotto.com\/image?size=8&amp;lottery=mega-sena"},{"@type":"BreadcrumbList","@id":"https:\/\/onlinelotto365.com\/ro\/joaca\/mega-sena\/#breadcrumb","itemListElement":[{"@type":"ListItem","position":1,"name":"Home","item":"https:\/\/onlinelotto365.com\/ro\/"},{"@type":"ListItem","position":2,"name":"Tot ceea ce trebuie s\u0103 \u0219tii despre op\u021biunile tale de a juca la cele mai bune loterii online.","item":"https:\/\/onlinelotto365.com\/ro\/joaca\/"},{"@type":"ListItem","position":3,"name":"Cum pot reziden\u021bii din Rom\u00e2nia s\u0103 joace Mega-Sena online?"}]},{"@type":"WebSite","@id":"https:\/\/onlinelotto365.com\/ro\/#website","url":"https:\/\/onlinelotto365.com\/ro\/","name":"OnlineLotto365","description":"","potentialAction":[{"@type":"SearchAction","target":{"@type":"EntryPoint","urlTemplate":"https:\/\/onlinelotto365.com\/ro\/?s={search_term_string}"},"query-input":{"@type":"PropertyValueSpecification","valueRequired":true,"valueName":"search_term_string"}}],"inLanguage":"ro-RO"}]}},"_links":{"self":[{"href":"https:\/\/onlinelotto365.com\/ro\/wp-json\/wp\/v2\/pages\/79421","targetHints":{"allow":["GET"]}}],"collection":[{"href":"https:\/\/onlinelotto365.com\/ro\/wp-json\/wp\/v2\/pages"}],"about":[{"href":"https:\/\/onlinelotto365.com\/ro\/wp-json\/wp\/v2\/types\/page"}],"author":[{"embeddable":true,"href":"https:\/\/onlinelotto365.com\/ro\/wp-json\/wp\/v2\/users\/1"}],"replies":[{"embeddable":true,"href":"https:\/\/onlinelotto365.com\/ro\/wp-json\/wp\/v2\/comments?post=79421"}],"version-history":[{"count":0,"href":"https:\/\/onlinelotto365.com\/ro\/wp-json\/wp\/v2\/pages\/79421\/revisions"}],"up":[{"embeddable":true,"href":"https:\/\/onlinelotto365.com\/ro\/wp-json\/wp\/v2\/pages\/5032"}],"wp:attachment":[{"href":"https:\/\/onlinelotto365.com\/ro\/wp-json\/wp\/v2\/media?parent=79421"}],"curies":[{"name":"wp","href":"https:\/\/api.w.org\/{rel}","templated":true}]}}