{"id":79454,"date":"2022-11-04T11:03:56","date_gmt":"2022-11-04T10:03:56","guid":{"rendered":"https:\/\/onlinelotto365.com\/?page_id=79454"},"modified":"2022-11-04T11:05:02","modified_gmt":"2022-11-04T10:05:02","slug":"set-for-life","status":"publish","type":"page","link":"https:\/\/onlinelotto365.com\/ro\/joaca\/set-for-life\/","title":{"rendered":"Este posibil s\u0103 joci online la loto Set for life?"},"content":{"rendered":"<p>\u0218tia\u021bi c\u0103 loteria Set for Life v\u0103 poate oferi o \u0219ans\u0103 de a c\u00e2\u0219tiga 10.000 de lire sterline \u00een fiecare lun\u0103? Dac\u0103 sunte\u021bi interesat s\u0103 v\u0103 \u00eencerca\u021bi norocul la o loterie, Set for Life este o modalitate fantastic\u0103 de a \u00eencepe. Loteria Set for Life este cel mai bine cunoscut\u0103 pentru c\u0103 este singurul joc care v\u0103 permite s\u0103 juca\u021bi numere \u00een \u0219apte extrageri zilnice consecutive. Acest lucru \u00eenseamn\u0103 pur \u0219i simplu c\u0103 ave\u021bi o mul\u021bime de \u0219anse de a c\u00e2\u0219tiga jackpot-ul \u00een fiecare zi a s\u0103pt\u0103m\u00e2nii.<\/p>\n<p>Aici v\u0103 vom face s\u0103 afla\u021bi mai multe despre Set for Life \u0219i s\u0103 \u00een\u021belege\u021bi de ce o mul\u021bime de oameni continu\u0103 s\u0103 joace la aceast\u0103 loterie.<\/p>\n<p>Set for Life a fost organizat de c\u0103tre Loteria Na\u021bional\u0103 \u0219i a c\u00e2\u0219tigat titlul de a fi primul joc de loterie cu rent\u0103 din Marea Britanie. Loteria ofer\u0103 \u0219ansa juc\u0103torilor de a c\u00e2\u0219tiga o plat\u0103 lunar\u0103 de 10.000 de lire sterline pentru o perioad\u0103 de timp de 30 de ani.<\/p>\n<p>\u0218i chiar dac\u0103 este o loterie din Marea Britanie, pute\u021bi juca Set for life online din Rom\u00e2nia. Serviciul nostru de bilete online pentru loteriile globale permite juc\u0103torilor din \u00eentreaga lume s\u0103 participe la cele mai bune loterii cu cele mai mari jackpoturi.<\/p>\n<p><a href=\"https:\/\/redfoxlotto.com\/play\/set-for-life-uk\/?ref=a8564250a2&amp;medium=ol365\" target=\"_blank\" rel=\"noopener noreferrer\"><img decoding=\"async\" class=\"aligncenter\" src=\"https:\/\/redfoxlotto.com\/image?size=8&amp;lottery=set-for-life-uk\" alt=\"&quot;Set\" \/><\/a><\/p>\n<p>&nbsp;<\/p>\n<h2>Despre loto Set for life<\/h2>\n<ul>\n<li>\u021aar\u0103: Marea Britanie<\/li>\n<li>Intervalul principal de numere: 45<\/li>\n<li>Tu alegi: 5<\/li>\n<li>Numere suplimentare: 10<\/li>\n<li>Tu alegi: 1<\/li>\n<li>Zile \u0219i ore de extragere: Luni, Joi, 20:00 GMT, 21:00 CET<\/li>\n<li>Jackpot minim: niciunul<\/li>\n<li>Jackpot maxim: niciunul<\/li>\n<li>Probabilitatea de a c\u00e2\u0219tiga jackpot-ul: 1 din 15.339.390<\/li>\n<li>Probabilitatea unui c\u00e2\u0219tig de nivel 2: 1 la 1.704.377<\/li>\n<li>Probabilitatea de a c\u00e2\u0219tiga \u00een orice nivel: 1 la 12,4<\/li>\n<li>Num\u0103rul de niveluri de premii: 8<\/li>\n<\/ul>\n<p>La fel ca \u0219i alte loterii din Marea Britanie, Set for Life este un joc de tragere la sor\u021bi. Dac\u0103 juca\u021bi la loto, trebuie s\u0103 selecta\u021bi cinci numere din intervalul de ghicire de la 1 la 47, inclusiv un num\u0103r &#8222;life ball&#8221; de la 1 la 10. Odat\u0103 ce cele cinci numere \u0219i num\u0103rul &#8222;life ball&#8221; sunt alese, ve\u021bi avea \u0219ansa de a c\u00e2\u0219tiga un jackpot total de 10.000 de lire sterline \u00een fiecare lun\u0103.<\/p>\n<h2>Seta\u021bi pentru extragerea Life Draw<\/h2>\n<p>Loteria Set for Life se desf\u0103\u0219oar\u0103 \u00een fiecare luni \u0219i joi, iar \u00een Marea Britanie, juc\u0103torii pot cump\u0103ra bilete de loto de la magazinul loto local. Extragerea se \u00eencheie la ora 21:00 EST \u00een fiecare sear\u0103. Cele mai recente rezultate de la Set for Life sunt de obicei disponibile \u00een ziua extragerii, care este la ora 21:45 GMT. V\u0103 rug\u0103m s\u0103 re\u021bine\u021bi c\u0103 dividendele pentru fiecare joc sunt actualizate la scurt timp dup\u0103 extragere. De asemenea, actualiz\u0103rile dividendelor sunt de obicei disponibile pentru public \u00een diminea\u021ba de dup\u0103 extragerea loto.<\/p>\n<h2>Cum s\u0103 c\u00e2\u0219tigi la Loteria Set for Life<\/h2>\n<p>Primul premiu al loteriei Set for Life ofer\u0103 o plat\u0103 lunar\u0103 de 10.000 de lire sterline, iar patru juc\u0103tori au \u0219ansa de a c\u00e2\u0219tiga premiul la fiecare extragere. Pentru a c\u00e2\u0219tiga premiul cel mare, numerele dvs. trebuie s\u0103 se potriveasc\u0103 cu cele opt numere c\u00e2\u0219tig\u0103toare \u00een timpul setului unic. Ceea ce \u00eenseamn\u0103 c\u0103 exist\u0103 un total de opt categorii de premii \u00een cadrul loteriei Set for Life. Ave\u021bi o \u0219ans\u0103 de a c\u00e2\u0219tiga un premiu cu patru numere c\u00e2\u0219tig\u0103toare, inclusiv un num\u0103r bonus \u00een fiecare set.<br \/>\n<img loading=\"lazy\" decoding=\"async\" class=\"size-full wp-image-1477 alignright\" src=\"https:\/\/onlinelotto365.com\/wp-content\/uploads\/2020\/11\/online_lottery-128.jpg\" alt=\"juca set for life loto\" width=\"212\" height=\"142\" \/><\/p>\n<p>Set for Life ofer\u0103 \u0219anse favorabile de a c\u00e2\u0219tiga premiul cel mare. De exemplu, alte premii care necesit\u0103 o potrivire a unuia sau mai multor numere v\u0103 ofer\u0103 o \u0219ans\u0103 de 1 la 12 de a c\u00e2\u0219tiga chiar \u0219i care ar fi de doar 5 lire sterline.<\/p>\n<p>A\u0219adar, dac\u0103 v\u0103 sim\u021bi\u021bi norocos, va merita s\u0103 merge\u021bi dup\u0103 un bilet Set for Life! \u00ce\u021bi oferim o gam\u0103 larg\u0103 de loterii interna\u021bionale la care po\u021bi juca din Rom\u00e2nia, pentru jackpoturi cu c\u00e2\u0219tiguri de sute de milioane.<\/p>\n","protected":false},"excerpt":{"rendered":"<p>\u0218tia\u021bi c\u0103 loteria Set for Life v\u0103 poate oferi o \u0219ans\u0103 de a c\u00e2\u0219tiga 10.000 de lire sterline \u00een fiecare lun\u0103? Dac\u0103 sunte\u021bi interesat s\u0103 v\u0103 \u00eencerca\u021bi norocul la o loterie, Set for Life este o modalitate fantastic\u0103 de a \u00eencepe. Loteria Set for Life este cel mai bine cunoscut\u0103 pentru c\u0103 este singurul joc [&hellip;]<\/p>\n","protected":false},"author":1,"featured_media":0,"parent":5032,"menu_order":10,"comment_status":"closed","ping_status":"closed","template":"set-for-life.php","meta":{"_et_pb_use_builder":"","_et_pb_old_content":"","_et_gb_content_width":"","exclude_from_search":false,"footnotes":""},"class_list":["post-79454","page","type-page","status-publish","hentry"],"yoast_head":"<!-- This site is optimized with the Yoast SEO plugin v23.4 - https:\/\/yoast.com\/wordpress\/plugins\/seo\/ -->\n<title>Cum s\u0103 joci Set for life loto online din Rom\u00e2nia<\/title>\n<meta name=\"description\" content=\"Achizi\u021biona\u021bi bilete online la loto Set for life dac\u0103 sunte\u021bi stabilit \u00een Rom\u00e2nia\" \/>\n<meta name=\"robots\" content=\"index, follow, max-snippet:-1, max-image-preview:large, max-video-preview:-1\" \/>\n<link rel=\"canonical\" href=\"https:\/\/onlinelotto365.com\/ro\/joaca\/set-for-life\/\" \/>\n<meta property=\"og:locale\" content=\"ro_RO\" \/>\n<meta property=\"og:type\" content=\"article\" \/>\n<meta property=\"og:title\" content=\"Cum s\u0103 joci Set for life loto online din Rom\u00e2nia\" \/>\n<meta property=\"og:description\" content=\"Achizi\u021biona\u021bi bilete online la loto Set for life dac\u0103 sunte\u021bi stabilit \u00een Rom\u00e2nia\" \/>\n<meta property=\"og:url\" content=\"https:\/\/onlinelotto365.com\/ro\/joaca\/set-for-life\/\" \/>\n<meta property=\"og:site_name\" content=\"OnlineLotto365\" \/>\n<meta property=\"article:modified_time\" content=\"2022-11-04T10:05:02+00:00\" \/>\n<meta property=\"og:image\" content=\"https:\/\/redfoxlotto.com\/image?size=8&amp;lottery=set-for-life-uk\" \/>\n<meta name=\"twitter:card\" content=\"summary_large_image\" \/>\n<meta name=\"twitter:label1\" content=\"Timp estimat pentru citire\" \/>\n\t<meta name=\"twitter:data1\" content=\"4 minute\" \/>\n<script type=\"application\/ld+json\" class=\"yoast-schema-graph\">{\"@context\":\"https:\/\/schema.org\",\"@graph\":[{\"@type\":\"WebPage\",\"@id\":\"https:\/\/onlinelotto365.com\/ro\/joaca\/set-for-life\/\",\"url\":\"https:\/\/onlinelotto365.com\/ro\/joaca\/set-for-life\/\",\"name\":\"Cum s\u0103 joci Set for life loto online din Rom\u00e2nia\",\"isPartOf\":{\"@id\":\"https:\/\/onlinelotto365.com\/ro\/#website\"},\"primaryImageOfPage\":{\"@id\":\"https:\/\/onlinelotto365.com\/ro\/joaca\/set-for-life\/#primaryimage\"},\"image\":{\"@id\":\"https:\/\/onlinelotto365.com\/ro\/joaca\/set-for-life\/#primaryimage\"},\"thumbnailUrl\":\"https:\/\/redfoxlotto.com\/image?size=8&amp;lottery=set-for-life-uk\",\"datePublished\":\"2022-11-04T10:03:56+00:00\",\"dateModified\":\"2022-11-04T10:05:02+00:00\",\"description\":\"Achizi\u021biona\u021bi bilete online la loto Set for life dac\u0103 sunte\u021bi stabilit \u00een Rom\u00e2nia\",\"breadcrumb\":{\"@id\":\"https:\/\/onlinelotto365.com\/ro\/joaca\/set-for-life\/#breadcrumb\"},\"inLanguage\":\"ro-RO\",\"potentialAction\":[{\"@type\":\"ReadAction\",\"target\":[\"https:\/\/onlinelotto365.com\/ro\/joaca\/set-for-life\/\"]}]},{\"@type\":\"ImageObject\",\"inLanguage\":\"ro-RO\",\"@id\":\"https:\/\/onlinelotto365.com\/ro\/joaca\/set-for-life\/#primaryimage\",\"url\":\"https:\/\/redfoxlotto.com\/image?size=8&amp;lottery=set-for-life-uk\",\"contentUrl\":\"https:\/\/redfoxlotto.com\/image?size=8&amp;lottery=set-for-life-uk\"},{\"@type\":\"BreadcrumbList\",\"@id\":\"https:\/\/onlinelotto365.com\/ro\/joaca\/set-for-life\/#breadcrumb\",\"itemListElement\":[{\"@type\":\"ListItem\",\"position\":1,\"name\":\"Home\",\"item\":\"https:\/\/onlinelotto365.com\/ro\/\"},{\"@type\":\"ListItem\",\"position\":2,\"name\":\"Tot ceea ce trebuie s\u0103 \u0219tii despre op\u021biunile tale de a juca la cele mai bune loterii online.\",\"item\":\"https:\/\/onlinelotto365.com\/ro\/joaca\/\"},{\"@type\":\"ListItem\",\"position\":3,\"name\":\"Este posibil s\u0103 joci online la loto Set for life?\"}]},{\"@type\":\"WebSite\",\"@id\":\"https:\/\/onlinelotto365.com\/ro\/#website\",\"url\":\"https:\/\/onlinelotto365.com\/ro\/\",\"name\":\"OnlineLotto365\",\"description\":\"\",\"potentialAction\":[{\"@type\":\"SearchAction\",\"target\":{\"@type\":\"EntryPoint\",\"urlTemplate\":\"https:\/\/onlinelotto365.com\/ro\/?s={search_term_string}\"},\"query-input\":{\"@type\":\"PropertyValueSpecification\",\"valueRequired\":true,\"valueName\":\"search_term_string\"}}],\"inLanguage\":\"ro-RO\"}]}<\/script>\n<!-- \/ Yoast SEO plugin. -->","yoast_head_json":{"title":"Cum s\u0103 joci Set for life loto online din Rom\u00e2nia","description":"Achizi\u021biona\u021bi bilete online la loto Set for life dac\u0103 sunte\u021bi stabilit \u00een Rom\u00e2nia","robots":{"index":"index","follow":"follow","max-snippet":"max-snippet:-1","max-image-preview":"max-image-preview:large","max-video-preview":"max-video-preview:-1"},"canonical":"https:\/\/onlinelotto365.com\/ro\/joaca\/set-for-life\/","og_locale":"ro_RO","og_type":"article","og_title":"Cum s\u0103 joci Set for life loto online din Rom\u00e2nia","og_description":"Achizi\u021biona\u021bi bilete online la loto Set for life dac\u0103 sunte\u021bi stabilit \u00een Rom\u00e2nia","og_url":"https:\/\/onlinelotto365.com\/ro\/joaca\/set-for-life\/","og_site_name":"OnlineLotto365","article_modified_time":"2022-11-04T10:05:02+00:00","og_image":[{"url":"https:\/\/redfoxlotto.com\/image?size=8&amp;lottery=set-for-life-uk"}],"twitter_card":"summary_large_image","twitter_misc":{"Timp estimat pentru citire":"4 minute"},"schema":{"@context":"https:\/\/schema.org","@graph":[{"@type":"WebPage","@id":"https:\/\/onlinelotto365.com\/ro\/joaca\/set-for-life\/","url":"https:\/\/onlinelotto365.com\/ro\/joaca\/set-for-life\/","name":"Cum s\u0103 joci Set for life loto online din Rom\u00e2nia","isPartOf":{"@id":"https:\/\/onlinelotto365.com\/ro\/#website"},"primaryImageOfPage":{"@id":"https:\/\/onlinelotto365.com\/ro\/joaca\/set-for-life\/#primaryimage"},"image":{"@id":"https:\/\/onlinelotto365.com\/ro\/joaca\/set-for-life\/#primaryimage"},"thumbnailUrl":"https:\/\/redfoxlotto.com\/image?size=8&amp;lottery=set-for-life-uk","datePublished":"2022-11-04T10:03:56+00:00","dateModified":"2022-11-04T10:05:02+00:00","description":"Achizi\u021biona\u021bi bilete online la loto Set for life dac\u0103 sunte\u021bi stabilit \u00een Rom\u00e2nia","breadcrumb":{"@id":"https:\/\/onlinelotto365.com\/ro\/joaca\/set-for-life\/#breadcrumb"},"inLanguage":"ro-RO","potentialAction":[{"@type":"ReadAction","target":["https:\/\/onlinelotto365.com\/ro\/joaca\/set-for-life\/"]}]},{"@type":"ImageObject","inLanguage":"ro-RO","@id":"https:\/\/onlinelotto365.com\/ro\/joaca\/set-for-life\/#primaryimage","url":"https:\/\/redfoxlotto.com\/image?size=8&amp;lottery=set-for-life-uk","contentUrl":"https:\/\/redfoxlotto.com\/image?size=8&amp;lottery=set-for-life-uk"},{"@type":"BreadcrumbList","@id":"https:\/\/onlinelotto365.com\/ro\/joaca\/set-for-life\/#breadcrumb","itemListElement":[{"@type":"ListItem","position":1,"name":"Home","item":"https:\/\/onlinelotto365.com\/ro\/"},{"@type":"ListItem","position":2,"name":"Tot ceea ce trebuie s\u0103 \u0219tii despre op\u021biunile tale de a juca la cele mai bune loterii online.","item":"https:\/\/onlinelotto365.com\/ro\/joaca\/"},{"@type":"ListItem","position":3,"name":"Este posibil s\u0103 joci online la loto Set for life?"}]},{"@type":"WebSite","@id":"https:\/\/onlinelotto365.com\/ro\/#website","url":"https:\/\/onlinelotto365.com\/ro\/","name":"OnlineLotto365","description":"","potentialAction":[{"@type":"SearchAction","target":{"@type":"EntryPoint","urlTemplate":"https:\/\/onlinelotto365.com\/ro\/?s={search_term_string}"},"query-input":{"@type":"PropertyValueSpecification","valueRequired":true,"valueName":"search_term_string"}}],"inLanguage":"ro-RO"}]}},"_links":{"self":[{"href":"https:\/\/onlinelotto365.com\/ro\/wp-json\/wp\/v2\/pages\/79454","targetHints":{"allow":["GET"]}}],"collection":[{"href":"https:\/\/onlinelotto365.com\/ro\/wp-json\/wp\/v2\/pages"}],"about":[{"href":"https:\/\/onlinelotto365.com\/ro\/wp-json\/wp\/v2\/types\/page"}],"author":[{"embeddable":true,"href":"https:\/\/onlinelotto365.com\/ro\/wp-json\/wp\/v2\/users\/1"}],"replies":[{"embeddable":true,"href":"https:\/\/onlinelotto365.com\/ro\/wp-json\/wp\/v2\/comments?post=79454"}],"version-history":[{"count":0,"href":"https:\/\/onlinelotto365.com\/ro\/wp-json\/wp\/v2\/pages\/79454\/revisions"}],"up":[{"embeddable":true,"href":"https:\/\/onlinelotto365.com\/ro\/wp-json\/wp\/v2\/pages\/5032"}],"wp:attachment":[{"href":"https:\/\/onlinelotto365.com\/ro\/wp-json\/wp\/v2\/media?parent=79454"}],"curies":[{"name":"wp","href":"https:\/\/api.w.org\/{rel}","templated":true}]}}