{"id":79487,"date":"2022-11-04T13:05:53","date_gmt":"2022-11-04T12:05:53","guid":{"rendered":"https:\/\/onlinelotto365.com\/?page_id=79487"},"modified":"2022-11-04T13:05:53","modified_gmt":"2022-11-04T12:05:53","slug":"uk-lottery","status":"publish","type":"page","link":"https:\/\/onlinelotto365.com\/ro\/joaca\/uk-lottery\/","title":{"rendered":"Cum pot reziden\u021bii din Rom\u00e2nia s\u0103 joace la UK Lottery online?"},"content":{"rendered":"<h2>Despre UK Lottery<\/h2>\n<p>Cu \u0219ase numere de ales din 59 \u0219i f\u0103r\u0103 numere suplimentare, \u0219ansele de c\u00e2\u0219tig sunt bune \u00een compara\u021bie cu cele de la Powerball sau Mega Millions. Dac\u0103 a\u021bi nimerit corect 5 din cele 6 numere, ave\u021bi garantat 2,5 milioane de lire sterline, iar cu toate cele \u0219ase numere a\u021bi c\u00e2\u0219tigat premiul cel mare. Dac\u0103 nu locui\u021bi \u00een Regatul Unit, jocul online prin intermediul serviciului nostru este singura op\u021biune de participare.<\/p>\n<ul>\n<li>\u021aara: MAREA BRITANIE<\/li>\n<li>Gama de numere principale: 59<\/li>\n<li>Tu alegi: 6<\/li>\n<li>Numere suplimentare: niciunul<\/li>\n<li>Tu alegi: niciunul<\/li>\n<li>Zilele \u0219i orele de extragere: Miercuri, s\u00e2mb\u0103t\u0103 19:30 UTC, 19:30 CET<\/li>\n<li>Jackpot minim: 2,5 milioane de lire sterline<\/li>\n<li>Jackpotul maxim: 22 milioane GBP<\/li>\n<li>Probabilitatea de a c\u00e2\u0219tiga jackpotul: 1 la 45.057.474<\/li>\n<li>Probabilitatea unui c\u00e2\u0219tig de nivel 2: 1 la 7.509.579<\/li>\n<li>Probabilitatea de a c\u00e2\u0219tiga \u00een orice nivel: 1 la 9,27<\/li>\n<li>Num\u0103rul de niveluri de premii: 6<\/li>\n<\/ul>\n<h2>De ce sunt jackpoturile loteriei britanice de obicei destul de mici?<\/h2>\n<p><a href=\"https:\/\/redfoxlotto.com\/play\/lotto-uk\/?ref=a8564250a2&amp;medium=ol365\" target=\"_blank\" rel=\"noopener noreferrer\"><img loading=\"lazy\" decoding=\"async\" class=\"aligncenter\" src=\"https:\/\/redfoxlotto.com\/image?size=8&amp;lottery=lotto-uk\" alt=\"Marea Britanie loterie\" width=\"720\" height=\"90\" \/><\/a><\/p>\n<p>Ei bine, din cauza simplului fapt c\u0103 jackpot-ul pentru loteria din Marea Britanie poate fi rulat doar de 5 ori. Dup\u0103 aceea, jackpotul poate fi c\u00e2\u0219tigat doar dac\u0103 se ob\u021bin 5 din<br \/>\n\u0219ase numere pe biletul de loto. Av\u00e2nd \u00een vedere aceast\u0103 regul\u0103, ar fi logic s\u0103 joci la aceast\u0103 loterie de fiecare dat\u0103 c\u00e2nd jackpotul nu a fost c\u00e2\u0219tigat de cinci ori la r\u00e2nd. \u00cen acel moment, ave\u021bi \u0219anse mult mai mari de a c\u00e2\u0219tiga premiul cel mare. Acel premiu de top ar trebui s\u0103 fie suficient de mare pentru a v\u0103 pune \u00eentr-o pozi\u021bie \u00een care s\u0103 nu mai trebuiasc\u0103 s\u0103 v\u0103 face\u021bi griji cu privire la bani pentru tot restul vie\u021bii.<\/p>\n<p>Exist\u0103 totu\u0219i o \u0219ans\u0103 bun\u0103 ca, dup\u0103 cinci rulaje, jackpotul s\u0103 fie \u00eemp\u0103r\u021bit \u00eentre mai mul\u021bi c\u00e2\u0219tig\u0103tori. Av\u00e2nd \u00een vedere cotele mai mici \u0219i mai mul\u021bi oameni care joac\u0103, este posibil s\u0103 existe mai mult de un c\u00e2\u0219tig\u0103tor pentru al doilea nivel de premii.<\/p>\n<h2>Nu dori\u021bi s\u0103 \u00eemp\u0103r\u021bi\u021bi jackpotul?<\/h2>\n<p>Exist\u0103 o strategie de loterie pentru a evita \u00eemp\u0103r\u021birea premiului cel mare: alege\u021bi o combina\u021bie de numere care pare mai pu\u021bin probabil\u0103 s\u0103 fie aleas\u0103 \u0219i de al\u021bi juc\u0103tori. De exemplu, folosi\u021bi mai pu\u021bine numere \u00eentre 1 \u0219i 31 (sunt prea mul\u021bi juc\u0103tori care folosesc datele de na\u0219tere ca numere norocoase), sau folosi\u021bi 3 numere \u00eentre 30 \u0219i 40 \u0219i trei numere \u00eentre 50 \u0219i 56. Folosi\u021bi-v\u0103 imagina\u021bia pentru a g\u0103si mai multe numere &#8222;ciudate&#8221;.<\/p>\n","protected":false},"excerpt":{"rendered":"<p>Despre UK Lottery Cu \u0219ase numere de ales din 59 \u0219i f\u0103r\u0103 numere suplimentare, \u0219ansele de c\u00e2\u0219tig sunt bune \u00een compara\u021bie cu cele de la Powerball sau Mega Millions. Dac\u0103 a\u021bi nimerit corect 5 din cele 6 numere, ave\u021bi garantat 2,5 milioane de lire sterline, iar cu toate cele \u0219ase numere a\u021bi c\u00e2\u0219tigat premiul cel [&hellip;]<\/p>\n","protected":false},"author":1,"featured_media":0,"parent":5032,"menu_order":9,"comment_status":"closed","ping_status":"closed","template":"lotto-uk.php","meta":{"_et_pb_use_builder":"","_et_pb_old_content":"","_et_gb_content_width":"","exclude_from_search":false,"footnotes":""},"class_list":["post-79487","page","type-page","status-publish","hentry"],"yoast_head":"<!-- This site is optimized with the Yoast SEO plugin v23.4 - https:\/\/yoast.com\/wordpress\/plugins\/seo\/ -->\n<title>Joac\u0103 la UK Lottery online din Rom\u00e2nia | Pot participa la UK Lotto dac\u0103 locuiesc \u00een Rom\u00e2nia<\/title>\n<meta name=\"description\" content=\"Participarea la UK Lottery din alte \u021b\u0103ri, cum ar fi Rom\u00e2nia, este u\u0219or acum cu serviciul nostru online\" \/>\n<meta name=\"robots\" content=\"index, follow, max-snippet:-1, max-image-preview:large, max-video-preview:-1\" \/>\n<link rel=\"canonical\" href=\"https:\/\/onlinelotto365.com\/ro\/joaca\/uk-lottery\/\" \/>\n<meta property=\"og:locale\" content=\"ro_RO\" \/>\n<meta property=\"og:type\" content=\"article\" \/>\n<meta property=\"og:title\" content=\"Joac\u0103 la UK Lottery online din Rom\u00e2nia | Pot participa la UK Lotto dac\u0103 locuiesc \u00een Rom\u00e2nia\" \/>\n<meta property=\"og:description\" content=\"Participarea la UK Lottery din alte \u021b\u0103ri, cum ar fi Rom\u00e2nia, este u\u0219or acum cu serviciul nostru online\" \/>\n<meta property=\"og:url\" content=\"https:\/\/onlinelotto365.com\/ro\/joaca\/uk-lottery\/\" \/>\n<meta property=\"og:site_name\" content=\"OnlineLotto365\" \/>\n<meta property=\"og:image\" content=\"https:\/\/redfoxlotto.com\/image?size=8&amp;lottery=lotto-uk\" \/>\n<meta name=\"twitter:card\" content=\"summary_large_image\" \/>\n<meta name=\"twitter:label1\" content=\"Timp estimat pentru citire\" \/>\n\t<meta name=\"twitter:data1\" content=\"2 minute\" \/>\n<script type=\"application\/ld+json\" class=\"yoast-schema-graph\">{\"@context\":\"https:\/\/schema.org\",\"@graph\":[{\"@type\":\"WebPage\",\"@id\":\"https:\/\/onlinelotto365.com\/ro\/joaca\/uk-lottery\/\",\"url\":\"https:\/\/onlinelotto365.com\/ro\/joaca\/uk-lottery\/\",\"name\":\"Joac\u0103 la UK Lottery online din Rom\u00e2nia | Pot participa la UK Lotto dac\u0103 locuiesc \u00een Rom\u00e2nia\",\"isPartOf\":{\"@id\":\"https:\/\/onlinelotto365.com\/ro\/#website\"},\"primaryImageOfPage\":{\"@id\":\"https:\/\/onlinelotto365.com\/ro\/joaca\/uk-lottery\/#primaryimage\"},\"image\":{\"@id\":\"https:\/\/onlinelotto365.com\/ro\/joaca\/uk-lottery\/#primaryimage\"},\"thumbnailUrl\":\"https:\/\/redfoxlotto.com\/image?size=8&amp;lottery=lotto-uk\",\"datePublished\":\"2022-11-04T12:05:53+00:00\",\"dateModified\":\"2022-11-04T12:05:53+00:00\",\"description\":\"Participarea la UK Lottery din alte \u021b\u0103ri, cum ar fi Rom\u00e2nia, este u\u0219or acum cu serviciul nostru online\",\"breadcrumb\":{\"@id\":\"https:\/\/onlinelotto365.com\/ro\/joaca\/uk-lottery\/#breadcrumb\"},\"inLanguage\":\"ro-RO\",\"potentialAction\":[{\"@type\":\"ReadAction\",\"target\":[\"https:\/\/onlinelotto365.com\/ro\/joaca\/uk-lottery\/\"]}]},{\"@type\":\"ImageObject\",\"inLanguage\":\"ro-RO\",\"@id\":\"https:\/\/onlinelotto365.com\/ro\/joaca\/uk-lottery\/#primaryimage\",\"url\":\"https:\/\/redfoxlotto.com\/image?size=8&amp;lottery=lotto-uk\",\"contentUrl\":\"https:\/\/redfoxlotto.com\/image?size=8&amp;lottery=lotto-uk\"},{\"@type\":\"BreadcrumbList\",\"@id\":\"https:\/\/onlinelotto365.com\/ro\/joaca\/uk-lottery\/#breadcrumb\",\"itemListElement\":[{\"@type\":\"ListItem\",\"position\":1,\"name\":\"Home\",\"item\":\"https:\/\/onlinelotto365.com\/ro\/\"},{\"@type\":\"ListItem\",\"position\":2,\"name\":\"Tot ceea ce trebuie s\u0103 \u0219tii despre op\u021biunile tale de a juca la cele mai bune loterii online.\",\"item\":\"https:\/\/onlinelotto365.com\/ro\/joaca\/\"},{\"@type\":\"ListItem\",\"position\":3,\"name\":\"Cum pot reziden\u021bii din Rom\u00e2nia s\u0103 joace la UK Lottery online?\"}]},{\"@type\":\"WebSite\",\"@id\":\"https:\/\/onlinelotto365.com\/ro\/#website\",\"url\":\"https:\/\/onlinelotto365.com\/ro\/\",\"name\":\"OnlineLotto365\",\"description\":\"\",\"potentialAction\":[{\"@type\":\"SearchAction\",\"target\":{\"@type\":\"EntryPoint\",\"urlTemplate\":\"https:\/\/onlinelotto365.com\/ro\/?s={search_term_string}\"},\"query-input\":{\"@type\":\"PropertyValueSpecification\",\"valueRequired\":true,\"valueName\":\"search_term_string\"}}],\"inLanguage\":\"ro-RO\"}]}<\/script>\n<!-- \/ Yoast SEO plugin. -->","yoast_head_json":{"title":"Joac\u0103 la UK Lottery online din Rom\u00e2nia | Pot participa la UK Lotto dac\u0103 locuiesc \u00een Rom\u00e2nia","description":"Participarea la UK Lottery din alte \u021b\u0103ri, cum ar fi Rom\u00e2nia, este u\u0219or acum cu serviciul nostru online","robots":{"index":"index","follow":"follow","max-snippet":"max-snippet:-1","max-image-preview":"max-image-preview:large","max-video-preview":"max-video-preview:-1"},"canonical":"https:\/\/onlinelotto365.com\/ro\/joaca\/uk-lottery\/","og_locale":"ro_RO","og_type":"article","og_title":"Joac\u0103 la UK Lottery online din Rom\u00e2nia | Pot participa la UK Lotto dac\u0103 locuiesc \u00een Rom\u00e2nia","og_description":"Participarea la UK Lottery din alte \u021b\u0103ri, cum ar fi Rom\u00e2nia, este u\u0219or acum cu serviciul nostru online","og_url":"https:\/\/onlinelotto365.com\/ro\/joaca\/uk-lottery\/","og_site_name":"OnlineLotto365","og_image":[{"url":"https:\/\/redfoxlotto.com\/image?size=8&amp;lottery=lotto-uk"}],"twitter_card":"summary_large_image","twitter_misc":{"Timp estimat pentru citire":"2 minute"},"schema":{"@context":"https:\/\/schema.org","@graph":[{"@type":"WebPage","@id":"https:\/\/onlinelotto365.com\/ro\/joaca\/uk-lottery\/","url":"https:\/\/onlinelotto365.com\/ro\/joaca\/uk-lottery\/","name":"Joac\u0103 la UK Lottery online din Rom\u00e2nia | Pot participa la UK Lotto dac\u0103 locuiesc \u00een Rom\u00e2nia","isPartOf":{"@id":"https:\/\/onlinelotto365.com\/ro\/#website"},"primaryImageOfPage":{"@id":"https:\/\/onlinelotto365.com\/ro\/joaca\/uk-lottery\/#primaryimage"},"image":{"@id":"https:\/\/onlinelotto365.com\/ro\/joaca\/uk-lottery\/#primaryimage"},"thumbnailUrl":"https:\/\/redfoxlotto.com\/image?size=8&amp;lottery=lotto-uk","datePublished":"2022-11-04T12:05:53+00:00","dateModified":"2022-11-04T12:05:53+00:00","description":"Participarea la UK Lottery din alte \u021b\u0103ri, cum ar fi Rom\u00e2nia, este u\u0219or acum cu serviciul nostru online","breadcrumb":{"@id":"https:\/\/onlinelotto365.com\/ro\/joaca\/uk-lottery\/#breadcrumb"},"inLanguage":"ro-RO","potentialAction":[{"@type":"ReadAction","target":["https:\/\/onlinelotto365.com\/ro\/joaca\/uk-lottery\/"]}]},{"@type":"ImageObject","inLanguage":"ro-RO","@id":"https:\/\/onlinelotto365.com\/ro\/joaca\/uk-lottery\/#primaryimage","url":"https:\/\/redfoxlotto.com\/image?size=8&amp;lottery=lotto-uk","contentUrl":"https:\/\/redfoxlotto.com\/image?size=8&amp;lottery=lotto-uk"},{"@type":"BreadcrumbList","@id":"https:\/\/onlinelotto365.com\/ro\/joaca\/uk-lottery\/#breadcrumb","itemListElement":[{"@type":"ListItem","position":1,"name":"Home","item":"https:\/\/onlinelotto365.com\/ro\/"},{"@type":"ListItem","position":2,"name":"Tot ceea ce trebuie s\u0103 \u0219tii despre op\u021biunile tale de a juca la cele mai bune loterii online.","item":"https:\/\/onlinelotto365.com\/ro\/joaca\/"},{"@type":"ListItem","position":3,"name":"Cum pot reziden\u021bii din Rom\u00e2nia s\u0103 joace la UK Lottery online?"}]},{"@type":"WebSite","@id":"https:\/\/onlinelotto365.com\/ro\/#website","url":"https:\/\/onlinelotto365.com\/ro\/","name":"OnlineLotto365","description":"","potentialAction":[{"@type":"SearchAction","target":{"@type":"EntryPoint","urlTemplate":"https:\/\/onlinelotto365.com\/ro\/?s={search_term_string}"},"query-input":{"@type":"PropertyValueSpecification","valueRequired":true,"valueName":"search_term_string"}}],"inLanguage":"ro-RO"}]}},"_links":{"self":[{"href":"https:\/\/onlinelotto365.com\/ro\/wp-json\/wp\/v2\/pages\/79487","targetHints":{"allow":["GET"]}}],"collection":[{"href":"https:\/\/onlinelotto365.com\/ro\/wp-json\/wp\/v2\/pages"}],"about":[{"href":"https:\/\/onlinelotto365.com\/ro\/wp-json\/wp\/v2\/types\/page"}],"author":[{"embeddable":true,"href":"https:\/\/onlinelotto365.com\/ro\/wp-json\/wp\/v2\/users\/1"}],"replies":[{"embeddable":true,"href":"https:\/\/onlinelotto365.com\/ro\/wp-json\/wp\/v2\/comments?post=79487"}],"version-history":[{"count":0,"href":"https:\/\/onlinelotto365.com\/ro\/wp-json\/wp\/v2\/pages\/79487\/revisions"}],"up":[{"embeddable":true,"href":"https:\/\/onlinelotto365.com\/ro\/wp-json\/wp\/v2\/pages\/5032"}],"wp:attachment":[{"href":"https:\/\/onlinelotto365.com\/ro\/wp-json\/wp\/v2\/media?parent=79487"}],"curies":[{"name":"wp","href":"https:\/\/api.w.org\/{rel}","templated":true}]}}