{"id":79525,"date":"2022-11-07T08:42:18","date_gmt":"2022-11-07T07:42:18","guid":{"rendered":"https:\/\/onlinelotto365.com\/?page_id=79525"},"modified":"2022-11-07T08:43:17","modified_gmt":"2022-11-07T07:43:17","slug":"superenalotto","status":"publish","type":"page","link":"https:\/\/onlinelotto365.com\/ro\/joaca\/superenalotto\/","title":{"rendered":"Ia-\u021bi biletele Superenalotto de oriunde"},"content":{"rendered":"<p>De ani de zile, oamenii t\u00e2njesc s\u0103 joace la loterii din alte p\u0103r\u021bi ale lumii. Provocarea nu a fost \u00eens\u0103 refuzul diferitelor loterii de a accepta juc\u0103tori interna\u021bionali. Ci faptul c\u0103 trebuie s\u0103 te afli fizic \u00een \u021bara sau regiunea \u00een care se desf\u0103\u0219oar\u0103 loteria pentru a putea juca \u00een mod corespunz\u0103tor.<\/p>\n<p>Pentru \u00eenceput, trebuie s\u0103 vizita\u021bi un comerciant care vinde loteria la care dori\u021bi s\u0103 cump\u0103ra\u021bi bilete. Asta \u00eenseamn\u0103 c\u0103 trebuie s\u0103 fi\u021bi \u00een \u021bar\u0103, nu doar o dat\u0103, ci de fiecare dat\u0103 c\u00e2nd dori\u021bi s\u0103 cump\u0103ra\u021bi bilete. Deci asta \u00eenseamn\u0103 s\u0103 faci un drum din Rom\u00e2nia p\u00e2n\u0103 \u00een Italia pentru a cump\u0103ra bilete la loto la cele trei extrageri pe care Superenalotto le are \u00een fiecare s\u0103pt\u0103m\u00e2n\u0103.<\/p>\n<p>A\u0219a c\u0103 trebuie fie s\u0103 te mu\u021bi acolo, fie s\u0103 angajezi pe cineva \u00een Italia s\u0103 o fac\u0103 pentru tine. Pur \u0219i simplu nu este ceva ce noi suntem capabili s\u0103 facem. Dac\u0103 tot sunte\u021bi \u00een aceast\u0103 situa\u021bie, ar trebui s\u0103 angaja\u021bi oameni \u00een toate celelalte \u021b\u0103ri care au loterii mari care s\u0103 fac\u0103 licita\u021bii pentru dumneavoastr\u0103. Asta ar costa o avere.<\/p>\n<p><a href=\"https:\/\/redfoxlotto.com\/play\/superenalotto\/?ref=a8564250a2&amp;medium=ol365\" target=\"_blank\" rel=\"noopener noreferrer\"><img decoding=\"async\" class=\"aligncenter\" src=\"https:\/\/redfoxlotto.com\/image?size=8&amp;lottery=superenalotto\" alt=\"superenalotto\" \/><\/a><\/p>\n<p>Dar acum exist\u0103 o alternativ\u0103 grozav\u0103 &#8211; doar juca\u021bi online aici, pe site-ul nostru!<\/p>\n<h2>Avem toate nevoile tale de loto acoperite<\/h2>\n<p>Avem totul rezolvat \u00een ceea ce prive\u0219te modul \u00een care v\u0103 putem face s\u0103 intra\u021bi \u00een joc cu Superenalotto, \u00een plus fa\u021b\u0103 de toate celelalte loterii majore din lume. Pur \u0219i simplu cump\u0103ra\u021bi de la noi online \u0219i din Rom\u00e2nia orice bilet de loterie dori\u021bi, iar noi facem tot restul pentru dumneavoastr\u0103.<\/p>\n<p>Noi cump\u0103r\u0103m biletele \u00een numele dvs. \u0219i, spre deosebire de biletele de loterie normale care pot fi \u00eencasate de oricine le de\u021bine, noi le de\u021binem pentru dvs. Apoi monitoriz\u0103m extragerile \u00een locul dumneavoastr\u0103, astfel \u00eenc\u00e2t s\u0103 nu mai fi\u021bi nevoit s\u0103 o face\u021bi dac\u0103 nu dori\u021bi, \u0219i v\u0103 anun\u021b\u0103m de fiecare dat\u0103 c\u00e2nd c\u00e2\u0219tiga\u021bi.<\/p>\n<h2>Mai multe informa\u021bii despre Superenalotto<\/h2>\n<ul>\n<li>Loteria are loc unde: Italia<\/li>\n<li>Din c\u00e2te numere principale pute\u021bi alege: 90<\/li>\n<li>Trebuie s\u0103 selecta\u021bi: 6<\/li>\n<li>C\u00e2te numere suplimentare pute\u021bi alege: niciunul<\/li>\n<li>Trebuie s\u0103 selecta\u021bi: niciunul<\/li>\n<li>Extrage\u021bi zile, ore: Mar\u021bi, joi, s\u00e2mb\u0103t\u0103, 19:00 GMT, 21:00 CET<\/li>\n<li>Jackpotul minim: 2 milioane de euro<\/li>\n<li>Valoarea maxim\u0103 a jackpotului: niciunul<\/li>\n<li>Combina\u021bie de numere posibil\u0103 pentru un c\u00e2\u0219tig de jackpot: 1 \u00een 622.614.630<\/li>\n<li>Combina\u021bie posibil\u0103 de numere pentru un c\u00e2\u0219tig de nivel 2: 1 \u00een 103.769.105<\/li>\n<li>Probabilitatea de a c\u00e2\u0219tiga \u00een orice nivel: 1 la 20,58<\/li>\n<li>C\u00e2te niveluri de premii: v<\/li>\n<\/ul>\n<p>Pentru a juca la Superenalotto, alege\u021bi 6 numere dintr-un total de 90 de numere posibile. De asemenea, trebuie s\u0103 alegi ceea ce ei numesc un num\u0103r Jolly din cele 90, de asemenea.<\/p>\n<p>Pentru a c\u00e2\u0219tiga premiul cel mare, trebuie s\u0103 potrivi\u021bi toate cele 6 numere obi\u0219nuite. Dac\u0103 potrive\u0219ti 5 plus num\u0103rul Jolly, c\u00e2\u0219tigi al doilea premiu. 5 numere f\u0103r\u0103 num\u0103rul Jolly v\u0103 aduce un c\u00e2\u0219tig pe locul al treilea, 4 numere corecte v\u0103 aduc locul al patrulea, iar doar 3 numere v\u0103 aduc \u0219i ele un c\u00e2\u0219tig.<\/p>\n<p>Extragerile au loc de 3 ori pe s\u0103pt\u0103m\u00e2n\u0103, mar\u021bea, joia \u0219i s\u00e2mb\u0103ta, la ora 20:00, ora Italiei. V\u0103 oferim o num\u0103r\u0103toare invers\u0103 p\u00e2n\u0103 la urm\u0103toarea extragere pentru Superenalotto, \u00een plus fa\u021b\u0103 de toate celelalte loterii mari care ofer\u0103 bilete online, astfel \u00eenc\u00e2t s\u0103 \u0219ti\u021bi \u00eentotdeauna c\u00e2t timp v-a mai r\u0103mas.<\/p>\n<p><img loading=\"lazy\" decoding=\"async\" class=\" wp-image-1334 alignright\" src=\"https:\/\/onlinelotto365.com\/wp-content\/uploads\/2020\/11\/online_lottery-115.jpg\" alt=\"cump\u0103ra\u021bi bilete superenalotto online\" width=\"452\" height=\"172\" \/><\/p>\n<h2>Avantajele de a juca Superenalotto online<\/h2>\n<p>Mul\u021bi juc\u0103tori de loterie la nivel mondial prefer\u0103 s\u0103 aleag\u0103 mai multe loterii la care s\u0103 joace, mai ales c\u0103 fiecare dintre ele ofer\u0103 \u00een mod regulat jackpoturi mari. De fapt, cu c\u00e2t sunt mai multe extrageri \u00een care e\u0219ti implicat, cu at\u00e2t mai bine.<\/p>\n<p>Deci, de\u0219i jackpoturile cu Superenalotto nu se pot compara cu unele dintre loteriile mai mari de acolo, de exemplu, EuroMillions, Powerball sau Mega Millions, ve\u021bi dori s\u0103 le juca\u021bi \u0219i pe acestea oricum. Totu\u0219i, Superenalotto nu este un cartof mic, jackpoturile tipice fiind adesea de ordinul zecilor de milioane de euro. Astfel, cu cele 3 extrageri suplimentare pe s\u0103pt\u0103m\u00e2n\u0103 pe care le ofer\u0103 Superenalotto, \u00eenseamn\u0103 3 extrageri \u00een plus pe s\u0103pt\u0103m\u00e2n\u0103 \u00een valoare de distrac\u021bie fa\u021b\u0103 de cele pe care le ve\u021bi avea dac\u0103 nu juca\u021bi.<\/p>\n<p>A\u0219adar, cu 3 \u0219anse \u00een plus de a c\u00e2\u0219tiga un premiu uria\u0219, nu este greu de \u00een\u021beles de ce at\u00e2t de mul\u021bi oameni din Rom\u00e2nia apreciaz\u0103 aceast\u0103 loterie. Av\u00e2nd \u00een vedere c\u0103 acum pute\u021bi cump\u0103ra biletele convenabil online, nu exist\u0103 niciun motiv bun pentru a nu juca de fapt. \u00cempr\u0103\u0219tierea banilor la mai multe loterii este ceea ce \u00eenseamn\u0103, ad\u0103ug\u00e2nd foarte mult la cantitatea de entuziasm pe care o ai juc\u00e2nd la loterii acum.<\/p>\n<p>Deci, dac\u0103 sunte\u021bi gata pentru mai mult\u0103 distrac\u021bie juc\u00e2nd la loto, \u0219i \u0219tiu c\u0103 sunte\u021bi, atunci pute\u021bi \u00eencepe chiar acum.<\/p>\n<h2>Cum sunt pl\u0103tit dac\u0103 c\u00e2\u0219tig Superenalotto online?<\/h2>\n<p>V\u0103 oferim toat\u0103 asisten\u021ba de care ave\u021bi nevoie pentru a v\u0103 \u00eencasa biletele, de la ridicarea premiilor mai mici \u0219i punerea imediat\u0103 \u00een contul dvs. la noi, p\u00e2n\u0103 la ridicarea \u0219i trimiterea oric\u0103ror formulare necesare pentru premii mai mari sau chiar jackpoturi. A\u0219adar, nu trebuie s\u0103 v\u0103 face\u021bi griji aici, deoarece este o afacere cu servicii complete, cu servicii \u0219i tratament de prim\u0103 clas\u0103 pentru clien\u021bii no\u0219tri din Rom\u00e2nia \u0219i din alte p\u0103r\u021bi.<\/p>\n","protected":false},"excerpt":{"rendered":"<p>De ani de zile, oamenii t\u00e2njesc s\u0103 joace la loterii din alte p\u0103r\u021bi ale lumii. Provocarea nu a fost \u00eens\u0103 refuzul diferitelor loterii de a accepta juc\u0103tori interna\u021bionali. Ci faptul c\u0103 trebuie s\u0103 te afli fizic \u00een \u021bara sau regiunea \u00een care se desf\u0103\u0219oar\u0103 loteria pentru a putea juca \u00een mod corespunz\u0103tor. Pentru \u00eenceput, trebuie [&hellip;]<\/p>\n","protected":false},"author":1,"featured_media":0,"parent":5032,"menu_order":5,"comment_status":"closed","ping_status":"closed","template":"superenalotto.php","meta":{"_et_pb_use_builder":"","_et_pb_old_content":"","_et_gb_content_width":"","exclude_from_search":false,"footnotes":""},"class_list":["post-79525","page","type-page","status-publish","hentry"],"yoast_head":"<!-- This site is optimized with the Yoast SEO plugin v23.4 - https:\/\/yoast.com\/wordpress\/plugins\/seo\/ -->\n<title>Joac\u0103 Superenalotto Italia online din Rom\u00e2nia | Cum s\u0103 cumperi bilete Superena online<\/title>\n<meta name=\"description\" content=\"Acest jackpot al loteriei italiene poate fi acum c\u00e2\u0219tigat de oricine, de oriunde - juca\u021bi acum biletul online Superenalotto\" \/>\n<meta name=\"robots\" content=\"index, follow, max-snippet:-1, max-image-preview:large, max-video-preview:-1\" \/>\n<link rel=\"canonical\" href=\"https:\/\/onlinelotto365.com\/ro\/joaca\/superenalotto\/\" \/>\n<meta property=\"og:locale\" content=\"ro_RO\" \/>\n<meta property=\"og:type\" content=\"article\" \/>\n<meta property=\"og:title\" content=\"Joac\u0103 Superenalotto Italia online din Rom\u00e2nia | Cum s\u0103 cumperi bilete Superena online\" \/>\n<meta property=\"og:description\" content=\"Acest jackpot al loteriei italiene poate fi acum c\u00e2\u0219tigat de oricine, de oriunde - juca\u021bi acum biletul online Superenalotto\" \/>\n<meta property=\"og:url\" content=\"https:\/\/onlinelotto365.com\/ro\/joaca\/superenalotto\/\" \/>\n<meta property=\"og:site_name\" content=\"OnlineLotto365\" \/>\n<meta property=\"article:modified_time\" content=\"2022-11-07T07:43:17+00:00\" \/>\n<meta property=\"og:image\" content=\"https:\/\/redfoxlotto.com\/image?size=8&amp;lottery=superenalotto\" \/>\n<meta name=\"twitter:card\" content=\"summary_large_image\" \/>\n<meta name=\"twitter:label1\" content=\"Timp estimat pentru citire\" \/>\n\t<meta name=\"twitter:data1\" content=\"5 minute\" \/>\n<script type=\"application\/ld+json\" class=\"yoast-schema-graph\">{\"@context\":\"https:\/\/schema.org\",\"@graph\":[{\"@type\":\"WebPage\",\"@id\":\"https:\/\/onlinelotto365.com\/ro\/joaca\/superenalotto\/\",\"url\":\"https:\/\/onlinelotto365.com\/ro\/joaca\/superenalotto\/\",\"name\":\"Joac\u0103 Superenalotto Italia online din Rom\u00e2nia | Cum s\u0103 cumperi bilete Superena online\",\"isPartOf\":{\"@id\":\"https:\/\/onlinelotto365.com\/ro\/#website\"},\"primaryImageOfPage\":{\"@id\":\"https:\/\/onlinelotto365.com\/ro\/joaca\/superenalotto\/#primaryimage\"},\"image\":{\"@id\":\"https:\/\/onlinelotto365.com\/ro\/joaca\/superenalotto\/#primaryimage\"},\"thumbnailUrl\":\"https:\/\/redfoxlotto.com\/image?size=8&amp;lottery=superenalotto\",\"datePublished\":\"2022-11-07T07:42:18+00:00\",\"dateModified\":\"2022-11-07T07:43:17+00:00\",\"description\":\"Acest jackpot al loteriei italiene poate fi acum c\u00e2\u0219tigat de oricine, de oriunde - juca\u021bi acum biletul online Superenalotto\",\"breadcrumb\":{\"@id\":\"https:\/\/onlinelotto365.com\/ro\/joaca\/superenalotto\/#breadcrumb\"},\"inLanguage\":\"ro-RO\",\"potentialAction\":[{\"@type\":\"ReadAction\",\"target\":[\"https:\/\/onlinelotto365.com\/ro\/joaca\/superenalotto\/\"]}]},{\"@type\":\"ImageObject\",\"inLanguage\":\"ro-RO\",\"@id\":\"https:\/\/onlinelotto365.com\/ro\/joaca\/superenalotto\/#primaryimage\",\"url\":\"https:\/\/redfoxlotto.com\/image?size=8&amp;lottery=superenalotto\",\"contentUrl\":\"https:\/\/redfoxlotto.com\/image?size=8&amp;lottery=superenalotto\"},{\"@type\":\"BreadcrumbList\",\"@id\":\"https:\/\/onlinelotto365.com\/ro\/joaca\/superenalotto\/#breadcrumb\",\"itemListElement\":[{\"@type\":\"ListItem\",\"position\":1,\"name\":\"Home\",\"item\":\"https:\/\/onlinelotto365.com\/ro\/\"},{\"@type\":\"ListItem\",\"position\":2,\"name\":\"Tot ceea ce trebuie s\u0103 \u0219tii despre op\u021biunile tale de a juca la cele mai bune loterii online.\",\"item\":\"https:\/\/onlinelotto365.com\/ro\/joaca\/\"},{\"@type\":\"ListItem\",\"position\":3,\"name\":\"Ia-\u021bi biletele Superenalotto de oriunde\"}]},{\"@type\":\"WebSite\",\"@id\":\"https:\/\/onlinelotto365.com\/ro\/#website\",\"url\":\"https:\/\/onlinelotto365.com\/ro\/\",\"name\":\"OnlineLotto365\",\"description\":\"\",\"potentialAction\":[{\"@type\":\"SearchAction\",\"target\":{\"@type\":\"EntryPoint\",\"urlTemplate\":\"https:\/\/onlinelotto365.com\/ro\/?s={search_term_string}\"},\"query-input\":{\"@type\":\"PropertyValueSpecification\",\"valueRequired\":true,\"valueName\":\"search_term_string\"}}],\"inLanguage\":\"ro-RO\"}]}<\/script>\n<!-- \/ Yoast SEO plugin. -->","yoast_head_json":{"title":"Joac\u0103 Superenalotto Italia online din Rom\u00e2nia | Cum s\u0103 cumperi bilete Superena online","description":"Acest jackpot al loteriei italiene poate fi acum c\u00e2\u0219tigat de oricine, de oriunde - juca\u021bi acum biletul online Superenalotto","robots":{"index":"index","follow":"follow","max-snippet":"max-snippet:-1","max-image-preview":"max-image-preview:large","max-video-preview":"max-video-preview:-1"},"canonical":"https:\/\/onlinelotto365.com\/ro\/joaca\/superenalotto\/","og_locale":"ro_RO","og_type":"article","og_title":"Joac\u0103 Superenalotto Italia online din Rom\u00e2nia | Cum s\u0103 cumperi bilete Superena online","og_description":"Acest jackpot al loteriei italiene poate fi acum c\u00e2\u0219tigat de oricine, de oriunde - juca\u021bi acum biletul online Superenalotto","og_url":"https:\/\/onlinelotto365.com\/ro\/joaca\/superenalotto\/","og_site_name":"OnlineLotto365","article_modified_time":"2022-11-07T07:43:17+00:00","og_image":[{"url":"https:\/\/redfoxlotto.com\/image?size=8&amp;lottery=superenalotto"}],"twitter_card":"summary_large_image","twitter_misc":{"Timp estimat pentru citire":"5 minute"},"schema":{"@context":"https:\/\/schema.org","@graph":[{"@type":"WebPage","@id":"https:\/\/onlinelotto365.com\/ro\/joaca\/superenalotto\/","url":"https:\/\/onlinelotto365.com\/ro\/joaca\/superenalotto\/","name":"Joac\u0103 Superenalotto Italia online din Rom\u00e2nia | Cum s\u0103 cumperi bilete Superena online","isPartOf":{"@id":"https:\/\/onlinelotto365.com\/ro\/#website"},"primaryImageOfPage":{"@id":"https:\/\/onlinelotto365.com\/ro\/joaca\/superenalotto\/#primaryimage"},"image":{"@id":"https:\/\/onlinelotto365.com\/ro\/joaca\/superenalotto\/#primaryimage"},"thumbnailUrl":"https:\/\/redfoxlotto.com\/image?size=8&amp;lottery=superenalotto","datePublished":"2022-11-07T07:42:18+00:00","dateModified":"2022-11-07T07:43:17+00:00","description":"Acest jackpot al loteriei italiene poate fi acum c\u00e2\u0219tigat de oricine, de oriunde - juca\u021bi acum biletul online Superenalotto","breadcrumb":{"@id":"https:\/\/onlinelotto365.com\/ro\/joaca\/superenalotto\/#breadcrumb"},"inLanguage":"ro-RO","potentialAction":[{"@type":"ReadAction","target":["https:\/\/onlinelotto365.com\/ro\/joaca\/superenalotto\/"]}]},{"@type":"ImageObject","inLanguage":"ro-RO","@id":"https:\/\/onlinelotto365.com\/ro\/joaca\/superenalotto\/#primaryimage","url":"https:\/\/redfoxlotto.com\/image?size=8&amp;lottery=superenalotto","contentUrl":"https:\/\/redfoxlotto.com\/image?size=8&amp;lottery=superenalotto"},{"@type":"BreadcrumbList","@id":"https:\/\/onlinelotto365.com\/ro\/joaca\/superenalotto\/#breadcrumb","itemListElement":[{"@type":"ListItem","position":1,"name":"Home","item":"https:\/\/onlinelotto365.com\/ro\/"},{"@type":"ListItem","position":2,"name":"Tot ceea ce trebuie s\u0103 \u0219tii despre op\u021biunile tale de a juca la cele mai bune loterii online.","item":"https:\/\/onlinelotto365.com\/ro\/joaca\/"},{"@type":"ListItem","position":3,"name":"Ia-\u021bi biletele Superenalotto de oriunde"}]},{"@type":"WebSite","@id":"https:\/\/onlinelotto365.com\/ro\/#website","url":"https:\/\/onlinelotto365.com\/ro\/","name":"OnlineLotto365","description":"","potentialAction":[{"@type":"SearchAction","target":{"@type":"EntryPoint","urlTemplate":"https:\/\/onlinelotto365.com\/ro\/?s={search_term_string}"},"query-input":{"@type":"PropertyValueSpecification","valueRequired":true,"valueName":"search_term_string"}}],"inLanguage":"ro-RO"}]}},"_links":{"self":[{"href":"https:\/\/onlinelotto365.com\/ro\/wp-json\/wp\/v2\/pages\/79525","targetHints":{"allow":["GET"]}}],"collection":[{"href":"https:\/\/onlinelotto365.com\/ro\/wp-json\/wp\/v2\/pages"}],"about":[{"href":"https:\/\/onlinelotto365.com\/ro\/wp-json\/wp\/v2\/types\/page"}],"author":[{"embeddable":true,"href":"https:\/\/onlinelotto365.com\/ro\/wp-json\/wp\/v2\/users\/1"}],"replies":[{"embeddable":true,"href":"https:\/\/onlinelotto365.com\/ro\/wp-json\/wp\/v2\/comments?post=79525"}],"version-history":[{"count":0,"href":"https:\/\/onlinelotto365.com\/ro\/wp-json\/wp\/v2\/pages\/79525\/revisions"}],"up":[{"embeddable":true,"href":"https:\/\/onlinelotto365.com\/ro\/wp-json\/wp\/v2\/pages\/5032"}],"wp:attachment":[{"href":"https:\/\/onlinelotto365.com\/ro\/wp-json\/wp\/v2\/media?parent=79525"}],"curies":[{"name":"wp","href":"https:\/\/api.w.org\/{rel}","templated":true}]}}