{"id":79543,"date":"2022-11-07T09:38:59","date_gmt":"2022-11-07T08:38:59","guid":{"rendered":"https:\/\/onlinelotto365.com\/?page_id=79543"},"modified":"2022-11-07T13:20:41","modified_gmt":"2022-11-07T12:20:41","slug":"eurojackpot","status":"publish","type":"page","link":"https:\/\/onlinelotto365.com\/ro\/joaca\/eurojackpot\/","title":{"rendered":"Joac\u0103 Eurojackpot cu un bilet online"},"content":{"rendered":"<h2>Despre Eurojackpot<\/h2>\n<p>Aceast\u0103 loterie european\u0103 a fost creat\u0103 prin cooperarea mai multor autorit\u0103\u021bi europene de loterie. \u00cen prezent, pute\u021bi juca la Eurojackpot cu bilete disponibile la magazinul local de loterie dac\u0103 locui\u021bi \u00eentr-una dintre \u021b\u0103rile participante. Aceste \u021b\u0103ri sunt: Croa\u021bia, Republica Ceh\u0103, Danemarca, Estonia, Finlanda, Germania, Rom\u00e2nia, Islanda, Italia, Letonia, Lituania, Norvegia, Polonia, Slovacia, Slovenia, Spania, Suedia \u0219i \u021a\u0103rile de Jos.<\/p>\n<p>Dac\u0103 locuie\u0219ti \u00eentr-o \u021bar\u0103 care nu se afl\u0103 pe list\u0103, singura ta op\u021biune este s\u0103 joci Eurojackpot online. Odat\u0103 ce a\u021bi descoperit aceast\u0103 op\u021biune, ve\u021bi vedea c\u0103 exist\u0103 mult mai multe op\u021biuni. Site-ul nostru nu numai c\u0103 v\u0103 faciliteaz\u0103 s\u0103 juca\u021bi Eurojackpot online din Rom\u00e2nia. De asemenea, v\u0103 oferim acces \u0219i la alte loterii de clas\u0103 mondial\u0103 cu jackpoturi uria\u0219e.<\/p>\n<p><a href=\"https:\/\/redfoxlotto.com\/play\/eurojackpot\/?ref=a8564250a2&amp;medium=ol365\" target=\"_blank\" rel=\"noopener noreferrer\"><img decoding=\"async\" class=\"aligncenter\" src=\"https:\/\/redfoxlotto.com\/image?size=8&amp;lottery=eurojackpot\" alt=\"Eurojackpot\" \/><\/a><\/p>\n<ul>\n<li>\u021aar\u0103: diverse \u021b\u0103ri europene, vezi mai sus<\/li>\n<li>Gama de numere principale: 50<\/li>\n<li>Trebuie s\u0103 selecta\u021bi: 5<\/li>\n<li>Intervalul numerelor suplimentare: 10<\/li>\n<li>Trebuie s\u0103 selecta\u021bi: 2<\/li>\n<li>Zilele, orele de extragere: Vineri, , , , 21:00 CET &#8211; 21:00 CET<\/li>\n<li>Jackpotul \u00eencepe la: 10 milioane de euro<\/li>\n<li>Jackpotul este plafonat la: 90 milioane de euro<\/li>\n<li>\u0218ansa de a c\u00e2\u0219tiga jackpotul: 1 la 135600640<\/li>\n<li>\u0218ansa de a c\u00e2\u0219tiga premiul al doilea: 1 la 2118760<\/li>\n<li>\u0218ansa de a c\u00e2\u0219tiga orice premiu: 1 la 26,39<\/li>\n<li>Num\u0103rul de categorii de premii: 12<\/li>\n<li>Cele mai bune caracteristici ale Eurojackpot<\/li>\n<\/ul>\n<p>La \u00eenceput, ve\u021bi observa c\u0103 jackpotul \u00eencepe \u00eentotdeauna cu o sum\u0103 de cel pu\u021bin 10 milioane de euro. Dar ar trebui s\u0103 observa\u021bi, de asemenea, c\u0103 al doilea nivel de premii este, de asemenea, destul de atractiv \u0219i are \u0219anse mult mai bune. Pentru a c\u00e2\u0219tiga premiul al doilea, trebuie s\u0103 ave\u021bi toate cele 5 numere principale corect, plus unul dintre cele dou\u0103 numere suplimentare. \u0218ansele ca acest lucru s\u0103 se \u00eent\u00e2mple sunt de aproximativ 1 la 2 milioane, iar c\u00e2\u0219tigarea acestui premiu v\u0103 ofer\u0103, de obicei, un c\u00e2\u0219tig \u00eentre 100.000 \u0219i 500.000 de euro. Acesta este cu siguran\u021b\u0103 un motiv suficient de bun pentru a juca Eurojackpot online din Rom\u00e2nia.<\/p>\n<p>Dar principalul motiv pentru care ar trebui s\u0103 fi\u021bi mereu cu ochii pe Eurojackpot este ce se va \u00eent\u00e2mpla dac\u0103 jackpotul ajunge la 90 de milioane de euro, ceea ce se \u00eent\u00e2mpl\u0103 de obicei de c\u00e2teva ori pe an. De \u00eendat\u0103 ce jackpotul a dep\u0103\u0219it pragul de 40 de milioane de euro, acesta tinde s\u0103 creasc\u0103 destul de repede, deoarece mai mul\u021bi oameni joac\u0103 la Eurojackpot \u0219i se v\u00e2nd mai multe bilete. Ce se va \u00eent\u00e2mpla atunci c\u00e2nd va atinge plafonul de 90 de milioane de euro?<\/p>\n<p>\u00cen acel moment, to\u021bi banii suplimentari cheltui\u021bi de juc\u0103tori nu vor mai cre\u0219te jackpotul. \u00cen schimb, aceste fonduri se vor v\u0103rsa \u00een categoria celui de-al doilea premiu. A\u0219adar, odat\u0103 cu urm\u0103toarea extragere, nu numai c\u0103 pute\u021bi juca online la Eurojackpot pentru un jackpot de 90 de milioane de euro, dar v\u0103 pute\u021bi a\u0219tepta \u0219i la o plat\u0103 mult mai mare dac\u0103 ve\u021bi c\u00e2\u0219tiga \u00een cel de-al doilea nivel. \u0218i at\u00e2ta timp c\u00e2t jackpotul de 90 de milioane de euro nu a fost spart, premiul de rangul al doilea poate fi c\u00e2\u0219tigat, dar cu fiecare extragere se vor ad\u0103uga bani noi.<\/p>\n<h2>Cum s\u0103 verifica\u021bi rezultatele Eurojackpot<\/h2>\n<p>Verifica\u021bi rezultatele fie pe unul dintre site-urile oficiale ale loteriei unei \u021b\u0103ri participante, fie, mai comod, vizita\u021bi site-ul nostru, unde pute\u021bi g\u0103si cele mai recente rezultate pentru cele mai spectaculoase loterii de pe glob. \u0218i, bine\u00een\u021beles, pe l\u00e2ng\u0103 posibilitatea de a juca Eurojackpot online din Rom\u00e2nia, ave\u021bi \u0219i op\u021biunea de a selecta pur \u0219i simplu loteria care are \u00een prezent cel mai mare jackpot \u0219i de a juca la acea loterie online.<\/p>\n<h2>Ai jucat Eurojackpot online \u0219i ai c\u00e2\u0219tigat &#8211; ce se \u00eent\u00e2mpl\u0103 \u00een continuare?<\/h2>\n<p>Dup\u0103 ce ai aflat c\u0103 ai c\u00e2\u0219tigat ceva la Eurojackpot, vei primi \u0219i o notificare prin e-mail din partea noastr\u0103. Vom notifica \u00eentotdeauna c\u00e2\u0219tig\u0103torii no\u0219tri, astfel \u00eenc\u00e2t nu exist\u0103 nicio \u0219ans\u0103 s\u0103 pierde\u021bi un c\u00e2\u0219tig. Iar cu toate c\u00e2\u0219tigurile mai mici (mai mici sau egale cu 2500 \u20ac), ve\u021bi g\u0103si banii c\u00e2\u0219tiga\u021bi deja \u00een contul dvs. de juc\u0103tor. Fondurile vor fi la dispozi\u021bia dumneavoastr\u0103 pentru retragere la scurt timp dup\u0103 extragere. Bine\u00een\u021beles, pute\u021bi opta, de asemenea, s\u0103 nu retrage\u021bi sau s\u0103 solicita\u021bi plata unei sume par\u021biale din soldul dvs. Oricare ar fi soldul dvs. dup\u0103 aceea, poate fi folosit pentru a juca la loto online \u0219i pentru a cump\u0103ra noi bilete.<\/p>\n","protected":false},"excerpt":{"rendered":"<p>Despre Eurojackpot Aceast\u0103 loterie european\u0103 a fost creat\u0103 prin cooperarea mai multor autorit\u0103\u021bi europene de loterie. \u00cen prezent, pute\u021bi juca la Eurojackpot cu bilete disponibile la magazinul local de loterie dac\u0103 locui\u021bi \u00eentr-una dintre \u021b\u0103rile participante. Aceste \u021b\u0103ri sunt: Croa\u021bia, Republica Ceh\u0103, Danemarca, Estonia, Finlanda, Germania, Rom\u00e2nia, Islanda, Italia, Letonia, Lituania, Norvegia, Polonia, Slovacia, Slovenia, [&hellip;]<\/p>\n","protected":false},"author":1,"featured_media":0,"parent":5032,"menu_order":4,"comment_status":"closed","ping_status":"closed","template":"eurojackpot.php","meta":{"_et_pb_use_builder":"","_et_pb_old_content":"","_et_gb_content_width":"","exclude_from_search":false,"footnotes":""},"class_list":["post-79543","page","type-page","status-publish","hentry"],"yoast_head":"<!-- This site is optimized with the Yoast SEO plugin v23.4 - https:\/\/yoast.com\/wordpress\/plugins\/seo\/ -->\n<title>Eurojackpot pentru reziden\u021bii din Rom\u00e2nia | Joac\u0103 Eurojackpot online aici<\/title>\n<meta name=\"description\" content=\"Modul legal \u0219i simplu de a juca Eurojackpot online \u0219i din Rom\u00e2nia\" \/>\n<meta name=\"robots\" content=\"index, follow, max-snippet:-1, max-image-preview:large, max-video-preview:-1\" \/>\n<link rel=\"canonical\" href=\"https:\/\/onlinelotto365.com\/ro\/joaca\/eurojackpot\/\" \/>\n<meta property=\"og:locale\" content=\"ro_RO\" \/>\n<meta property=\"og:type\" content=\"article\" \/>\n<meta property=\"og:title\" content=\"Eurojackpot pentru reziden\u021bii din Rom\u00e2nia | Joac\u0103 Eurojackpot online aici\" \/>\n<meta property=\"og:description\" content=\"Modul legal \u0219i simplu de a juca Eurojackpot online \u0219i din Rom\u00e2nia\" \/>\n<meta property=\"og:url\" content=\"https:\/\/onlinelotto365.com\/ro\/joaca\/eurojackpot\/\" \/>\n<meta property=\"og:site_name\" content=\"OnlineLotto365\" \/>\n<meta property=\"article:modified_time\" content=\"2022-11-07T12:20:41+00:00\" \/>\n<meta property=\"og:image\" content=\"https:\/\/redfoxlotto.com\/image?size=8&amp;lottery=eurojackpot\" \/>\n<meta name=\"twitter:card\" content=\"summary_large_image\" \/>\n<meta name=\"twitter:label1\" content=\"Timp estimat pentru citire\" \/>\n\t<meta name=\"twitter:data1\" content=\"4 minute\" \/>\n<script type=\"application\/ld+json\" class=\"yoast-schema-graph\">{\"@context\":\"https:\/\/schema.org\",\"@graph\":[{\"@type\":\"WebPage\",\"@id\":\"https:\/\/onlinelotto365.com\/ro\/joaca\/eurojackpot\/\",\"url\":\"https:\/\/onlinelotto365.com\/ro\/joaca\/eurojackpot\/\",\"name\":\"Eurojackpot pentru reziden\u021bii din Rom\u00e2nia | Joac\u0103 Eurojackpot online aici\",\"isPartOf\":{\"@id\":\"https:\/\/onlinelotto365.com\/ro\/#website\"},\"primaryImageOfPage\":{\"@id\":\"https:\/\/onlinelotto365.com\/ro\/joaca\/eurojackpot\/#primaryimage\"},\"image\":{\"@id\":\"https:\/\/onlinelotto365.com\/ro\/joaca\/eurojackpot\/#primaryimage\"},\"thumbnailUrl\":\"https:\/\/redfoxlotto.com\/image?size=8&amp;lottery=eurojackpot\",\"datePublished\":\"2022-11-07T08:38:59+00:00\",\"dateModified\":\"2022-11-07T12:20:41+00:00\",\"description\":\"Modul legal \u0219i simplu de a juca Eurojackpot online \u0219i din Rom\u00e2nia\",\"breadcrumb\":{\"@id\":\"https:\/\/onlinelotto365.com\/ro\/joaca\/eurojackpot\/#breadcrumb\"},\"inLanguage\":\"ro-RO\",\"potentialAction\":[{\"@type\":\"ReadAction\",\"target\":[\"https:\/\/onlinelotto365.com\/ro\/joaca\/eurojackpot\/\"]}]},{\"@type\":\"ImageObject\",\"inLanguage\":\"ro-RO\",\"@id\":\"https:\/\/onlinelotto365.com\/ro\/joaca\/eurojackpot\/#primaryimage\",\"url\":\"https:\/\/redfoxlotto.com\/image?size=8&amp;lottery=eurojackpot\",\"contentUrl\":\"https:\/\/redfoxlotto.com\/image?size=8&amp;lottery=eurojackpot\"},{\"@type\":\"BreadcrumbList\",\"@id\":\"https:\/\/onlinelotto365.com\/ro\/joaca\/eurojackpot\/#breadcrumb\",\"itemListElement\":[{\"@type\":\"ListItem\",\"position\":1,\"name\":\"Home\",\"item\":\"https:\/\/onlinelotto365.com\/ro\/\"},{\"@type\":\"ListItem\",\"position\":2,\"name\":\"Tot ceea ce trebuie s\u0103 \u0219tii despre op\u021biunile tale de a juca la cele mai bune loterii online.\",\"item\":\"https:\/\/onlinelotto365.com\/ro\/joaca\/\"},{\"@type\":\"ListItem\",\"position\":3,\"name\":\"Joac\u0103 Eurojackpot cu un bilet online\"}]},{\"@type\":\"WebSite\",\"@id\":\"https:\/\/onlinelotto365.com\/ro\/#website\",\"url\":\"https:\/\/onlinelotto365.com\/ro\/\",\"name\":\"OnlineLotto365\",\"description\":\"\",\"potentialAction\":[{\"@type\":\"SearchAction\",\"target\":{\"@type\":\"EntryPoint\",\"urlTemplate\":\"https:\/\/onlinelotto365.com\/ro\/?s={search_term_string}\"},\"query-input\":{\"@type\":\"PropertyValueSpecification\",\"valueRequired\":true,\"valueName\":\"search_term_string\"}}],\"inLanguage\":\"ro-RO\"}]}<\/script>\n<!-- \/ Yoast SEO plugin. -->","yoast_head_json":{"title":"Eurojackpot pentru reziden\u021bii din Rom\u00e2nia | Joac\u0103 Eurojackpot online aici","description":"Modul legal \u0219i simplu de a juca Eurojackpot online \u0219i din Rom\u00e2nia","robots":{"index":"index","follow":"follow","max-snippet":"max-snippet:-1","max-image-preview":"max-image-preview:large","max-video-preview":"max-video-preview:-1"},"canonical":"https:\/\/onlinelotto365.com\/ro\/joaca\/eurojackpot\/","og_locale":"ro_RO","og_type":"article","og_title":"Eurojackpot pentru reziden\u021bii din Rom\u00e2nia | Joac\u0103 Eurojackpot online aici","og_description":"Modul legal \u0219i simplu de a juca Eurojackpot online \u0219i din Rom\u00e2nia","og_url":"https:\/\/onlinelotto365.com\/ro\/joaca\/eurojackpot\/","og_site_name":"OnlineLotto365","article_modified_time":"2022-11-07T12:20:41+00:00","og_image":[{"url":"https:\/\/redfoxlotto.com\/image?size=8&amp;lottery=eurojackpot"}],"twitter_card":"summary_large_image","twitter_misc":{"Timp estimat pentru citire":"4 minute"},"schema":{"@context":"https:\/\/schema.org","@graph":[{"@type":"WebPage","@id":"https:\/\/onlinelotto365.com\/ro\/joaca\/eurojackpot\/","url":"https:\/\/onlinelotto365.com\/ro\/joaca\/eurojackpot\/","name":"Eurojackpot pentru reziden\u021bii din Rom\u00e2nia | Joac\u0103 Eurojackpot online aici","isPartOf":{"@id":"https:\/\/onlinelotto365.com\/ro\/#website"},"primaryImageOfPage":{"@id":"https:\/\/onlinelotto365.com\/ro\/joaca\/eurojackpot\/#primaryimage"},"image":{"@id":"https:\/\/onlinelotto365.com\/ro\/joaca\/eurojackpot\/#primaryimage"},"thumbnailUrl":"https:\/\/redfoxlotto.com\/image?size=8&amp;lottery=eurojackpot","datePublished":"2022-11-07T08:38:59+00:00","dateModified":"2022-11-07T12:20:41+00:00","description":"Modul legal \u0219i simplu de a juca Eurojackpot online \u0219i din Rom\u00e2nia","breadcrumb":{"@id":"https:\/\/onlinelotto365.com\/ro\/joaca\/eurojackpot\/#breadcrumb"},"inLanguage":"ro-RO","potentialAction":[{"@type":"ReadAction","target":["https:\/\/onlinelotto365.com\/ro\/joaca\/eurojackpot\/"]}]},{"@type":"ImageObject","inLanguage":"ro-RO","@id":"https:\/\/onlinelotto365.com\/ro\/joaca\/eurojackpot\/#primaryimage","url":"https:\/\/redfoxlotto.com\/image?size=8&amp;lottery=eurojackpot","contentUrl":"https:\/\/redfoxlotto.com\/image?size=8&amp;lottery=eurojackpot"},{"@type":"BreadcrumbList","@id":"https:\/\/onlinelotto365.com\/ro\/joaca\/eurojackpot\/#breadcrumb","itemListElement":[{"@type":"ListItem","position":1,"name":"Home","item":"https:\/\/onlinelotto365.com\/ro\/"},{"@type":"ListItem","position":2,"name":"Tot ceea ce trebuie s\u0103 \u0219tii despre op\u021biunile tale de a juca la cele mai bune loterii online.","item":"https:\/\/onlinelotto365.com\/ro\/joaca\/"},{"@type":"ListItem","position":3,"name":"Joac\u0103 Eurojackpot cu un bilet online"}]},{"@type":"WebSite","@id":"https:\/\/onlinelotto365.com\/ro\/#website","url":"https:\/\/onlinelotto365.com\/ro\/","name":"OnlineLotto365","description":"","potentialAction":[{"@type":"SearchAction","target":{"@type":"EntryPoint","urlTemplate":"https:\/\/onlinelotto365.com\/ro\/?s={search_term_string}"},"query-input":{"@type":"PropertyValueSpecification","valueRequired":true,"valueName":"search_term_string"}}],"inLanguage":"ro-RO"}]}},"_links":{"self":[{"href":"https:\/\/onlinelotto365.com\/ro\/wp-json\/wp\/v2\/pages\/79543","targetHints":{"allow":["GET"]}}],"collection":[{"href":"https:\/\/onlinelotto365.com\/ro\/wp-json\/wp\/v2\/pages"}],"about":[{"href":"https:\/\/onlinelotto365.com\/ro\/wp-json\/wp\/v2\/types\/page"}],"author":[{"embeddable":true,"href":"https:\/\/onlinelotto365.com\/ro\/wp-json\/wp\/v2\/users\/1"}],"replies":[{"embeddable":true,"href":"https:\/\/onlinelotto365.com\/ro\/wp-json\/wp\/v2\/comments?post=79543"}],"version-history":[{"count":0,"href":"https:\/\/onlinelotto365.com\/ro\/wp-json\/wp\/v2\/pages\/79543\/revisions"}],"up":[{"embeddable":true,"href":"https:\/\/onlinelotto365.com\/ro\/wp-json\/wp\/v2\/pages\/5032"}],"wp:attachment":[{"href":"https:\/\/onlinelotto365.com\/ro\/wp-json\/wp\/v2\/media?parent=79543"}],"curies":[{"name":"wp","href":"https:\/\/api.w.org\/{rel}","templated":true}]}}