{"id":79581,"date":"2022-11-07T14:32:59","date_gmt":"2022-11-07T13:32:59","guid":{"rendered":"https:\/\/onlinelotto365.com\/?page_id=79581"},"modified":"2022-11-07T14:32:59","modified_gmt":"2022-11-07T13:32:59","slug":"mega-millions-2","status":"publish","type":"page","link":"https:\/\/onlinelotto365.com\/ro\/joaca\/mega-millions-2\/","title":{"rendered":"Mega Millions online"},"content":{"rendered":"<h2>Despre Mega Millions<\/h2>\n<p>Aceasta este probabil cea mai cunoscut\u0103 loterie din lume. Oferind pasiona\u021bilor de loto oportunitatea de a juca Mega Millions online, \u00eei ajut\u0103 pe juc\u0103tori s\u0103 \u00ee\u0219i \u00eemplineasc\u0103 un vis. Dac\u0103 locui\u021bi \u00een Rom\u00e2nia, pute\u021bi juca \u00een continuare la Mega Millions cu un bilet online. Serviciul nostru este perfect legal \u0219i v\u0103 oferim \u0219ansa de a participa la aceast\u0103 mega-loterie din SUA.<\/p>\n<p><a href=\"https:\/\/redfoxlotto.com\/play\/mega-millions\/?ref=a8564250a2&amp;medium=ol365\" target=\"_blank\" rel=\"noopener noreferrer\"><img decoding=\"async\" class=\"aligncenter\" src=\"https:\/\/redfoxlotto.com\/image?size=8&amp;lottery=mega-millions\" alt=\"mega millions\" \/><\/a><\/p>\n<ul>\n<li>\u021aar\u0103: SUA<\/li>\n<li>Intervalul numerelor principale: 1: 70<\/li>\n<li>Trebuie s\u0103 selecta\u021bi: 5<\/li>\n<li>Intervalul numerelor suplimentare: 25<\/li>\n<li>Trebuie s\u0103 selecta\u021bi: 1<\/li>\n<li>Zilele, orele de extragere: Mar\u021bi, vineri, , 21:00 EST &#8211; +1 zi 3:00 CET<\/li>\n<li>Jackpotul \u00eencepe la: 40 milioane de dolari<\/li>\n<li>Jackpotul este plafonat la: niciunul<\/li>\n<li>\u0218ansa de a c\u00e2\u0219tiga jackpot-ul: 1 la 175711536<\/li>\n<li>\u0218ansa de a c\u00e2\u0219tiga premiul al doilea: 1 la 3819816<\/li>\n<li>\u0218ansa de a c\u00e2\u0219tiga orice premiu: 1 la 24,12<\/li>\n<li>Num\u0103rul de categorii de premii: 9<\/li>\n<\/ul>\n<h2>Cele mai bune caracteristici ale Mega Millions<\/h2>\n<p>Principala atrac\u021bie a Mega Millions este, desigur, m\u0103rimea jackpoturilor. Jackpotul Mega Millions nu poate fi niciodat\u0103 mai mic de 40 de milioane de dolari. De fiecare dat\u0103 c\u00e2nd cineva c\u00e2\u0219tig\u0103 jackpotul, acesta porne\u0219te din nou de la aceast\u0103 sum\u0103 minim\u0103 de 40 de milioane de dolari. Cu dou\u0103 extrageri pe s\u0103pt\u0103m\u00e2n\u0103, jackpotul Mega Millions cre\u0219te destul de repede. \u00cen SUA, milioane de oameni joac\u0103 Mega Millions s\u0103pt\u0103m\u00e2n\u0103 de s\u0103pt\u0103m\u00e2n\u0103, iar o mul\u021bime de oameni din alte \u021b\u0103ri, cum ar fi Rom\u00e2nia, joac\u0103 \u0219i ei Mega Millions online.<\/p>\n<p>A\u0219adar, este normal ca jackpotul Mega Millions s\u0103 creasc\u0103 cu 10 milioane de dolari dup\u0103 fiecare extragere (cu excep\u021bia cazului \u00een care cineva c\u00e2\u0219tig\u0103 jackpotul). Asta \u00eenseamn\u0103 aproximativ 20 de milioane de dolari pe s\u0103pt\u0103m\u00e2n\u0103, av\u00e2nd \u00een vedere c\u0103 sunt dou\u0103 extrageri pe s\u0103pt\u0103m\u00e2n\u0103.<\/p>\n<p>Iar odat\u0103 ce jackpotul a trecut de 100 de milioane de dolari, se v\u00e2nd \u0219i mai multe bilete at\u00e2t \u00een magazinele loto, c\u00e2t \u0219i juc\u0103torilor online. \u00cen multe ocazii, jackpotul a ajuns la sume de 400 de milioane de dolari \u0219i chiar mai mult. Iar din acel moment, o cre\u0219tere s\u0103pt\u0103m\u00e2nal\u0103 de 100 de milioane de dolari este normal\u0103, din cauza exploziei v\u00e2nz\u0103rilor de bilete. Actualul jackpot record se ridic\u0103 la 1.500 de milioane de dolari (da, 1,5 miliarde de dolari!).<\/p>\n<h2>Cum se verific\u0103 rezultatele Mega Millions<\/h2>\n<p>Dac\u0103 locui\u021bi \u00een Rom\u00e2nia sau \u00een orice alt\u0103 \u021bar\u0103 din afara SUA, atunci cel mai probabil nu ve\u021bi putea afla numerele c\u00e2\u0219tig\u0103toare de la posturile locale de radio sau de televiziune. Ai putea vizita site-ul oficial al Mega Millions, dar exist\u0103 o solu\u021bie mult mai simpl\u0103 pentru tine. Pur \u0219i simplu reveni\u021bi pe site-ul nostru \u0219i arunca\u021bi o privire pe pagina noastr\u0103 de rezultate. Aici public\u0103m rezultatele pentru toate loteriile. Numerele c\u00e2\u0219tig\u0103toare vor fi afi\u0219ate la c\u00e2teva minute dup\u0103 ce au avut loc extragerile.<\/p>\n<p>De asemenea, v\u0103 vom trimite un e-mail cu o notificare a c\u00e2\u0219tigului &#8211; dac\u0103 a\u021bi jucat online \u0219i ave\u021bi un bilet pentru Mega Millions \u00een contul dumneavoastr\u0103.<\/p>\n<p>De asemenea, v\u0103 pute\u021bi verifica rezultatele loteriei personale \u00een contul dvs. de juc\u0103tor. Odat\u0103 ce a\u021bi jucat Mega Millions online pe site-ul nostru, biletul sau biletele pe care le-a\u021bi jucat sunt stocate \u00een contul dumneavoastr\u0103. Iar dup\u0103 extragere, v\u0103 pute\u021bi \u00eentoarce acolo \u0219i pute\u021bi compara imediat biletul Mega Millions cu cele mai recente numere c\u00e2\u0219tig\u0103toare.<\/p>\n<h2>A\u021bi jucat Mega Millions online \u0219i a\u021bi c\u00e2\u0219tigat &#8211; ce se \u00eent\u00e2mpl\u0103 \u00een continuare?<\/h2>\n<p>Dac\u0103 a\u021bi c\u00e2\u0219tigat un premiu mai mare, trebuie s\u0103 trimite\u021bi un mesaj echipei noastre de asisten\u021b\u0103 &#8211; de\u0219i probabil c\u0103 aceasta v-a trimis deja un mesaj cu instruc\u021biuni despre cum s\u0103 proceda\u021bi. \u00cen continuare, va trebui s\u0103 completa\u021bi un formular pus la dispozi\u021bie de noi. Echipa noastr\u0103 de asisten\u021b\u0103 va trimite formularul dvs. c\u0103tre comisia de loterie. Formularul va avea \u0219i informa\u021bii despre contul dvs. bancar sau adresa dvs. fizic\u0103 din Rom\u00e2nia(sau de oriunde locui\u021bi), iar dorin\u021bele dvs. cu privire la metoda de plat\u0103 sunt de asemenea definite de dvs. \u00een acel formular. \u00cen c\u00e2teva zile, ve\u021bi primi banii \u00een modalitatea pe care a\u021bi ales-o pentru plat\u0103.<\/p>\n<p>Iar dac\u0103 ai c\u00e2\u0219tigat o sum\u0103 mai mic\u0103 de bani (de p\u00e2n\u0103 la 2500 de euro, mai exact), plata se va face \u0219i mai repede. Acest tip de c\u00e2\u0219tig va fi depus imediat \u00een contul t\u0103u de juc\u0103tor &#8211; trebuie doar s\u0103 verifici soldul t\u0103u de juc\u0103tor. Apoi pute\u021bi decide dac\u0103 dori\u021bi s\u0103 l\u0103sa\u021bi fondurile acolo \u0219i s\u0103 le folosi\u021bi pentru a continua s\u0103 juca\u021bi la mai multe loterii (sau la Mega Millions) online, sau pute\u021bi ini\u021bia o retragere. Pentru aceast\u0103 retragere, pute\u021bi folosi orice metod\u0103 care a fost folosit\u0103 anterior pentru a juca online. Din cauza reglement\u0103rilor privind sp\u0103larea banilor, vom avea nevoie de o form\u0103 de identificare pentru a verifica datele dvs. personale. Serviciul nostru de asisten\u021b\u0103 v\u0103 va explica de ce avem nevoie pentru acest proces de verificare. Odat\u0103 ce avem aceste documente, va dura doar o zi sau dou\u0103 pentru a procesa retragerea \u0219i pentru a v\u0103 trimite banii.<\/p>\n","protected":false},"excerpt":{"rendered":"<p>Despre Mega Millions Aceasta este probabil cea mai cunoscut\u0103 loterie din lume. Oferind pasiona\u021bilor de loto oportunitatea de a juca Mega Millions online, \u00eei ajut\u0103 pe juc\u0103tori s\u0103 \u00ee\u0219i \u00eemplineasc\u0103 un vis. Dac\u0103 locui\u021bi \u00een Rom\u00e2nia, pute\u021bi juca \u00een continuare la Mega Millions cu un bilet online. Serviciul nostru este perfect legal \u0219i v\u0103 oferim [&hellip;]<\/p>\n","protected":false},"author":1,"featured_media":0,"parent":5032,"menu_order":2,"comment_status":"closed","ping_status":"closed","template":"megamillion.php","meta":{"_et_pb_use_builder":"","_et_pb_old_content":"","_et_gb_content_width":"","exclude_from_search":false,"footnotes":""},"class_list":["post-79581","page","type-page","status-publish","hentry"],"yoast_head":"<!-- This site is optimized with the Yoast SEO plugin v23.4 - https:\/\/yoast.com\/wordpress\/plugins\/seo\/ -->\n<title>Joac\u0103 Mega Millions USA online | Cum pot participa legal reziden\u021bii din Rom\u00e2nia la Mega Millions<\/title>\n<meta name=\"description\" content=\"Acum po\u021bi juca \u0219i tu la Mega Millions - serviciul nostru online \u00ee\u021bi permite s\u0103 ob\u021bii bilete la Mega Millions din Rom\u00e2nia\" \/>\n<meta name=\"robots\" content=\"index, follow, max-snippet:-1, max-image-preview:large, max-video-preview:-1\" \/>\n<link rel=\"canonical\" href=\"https:\/\/onlinelotto365.com\/ro\/joaca\/mega-millions-2\/\" \/>\n<meta property=\"og:locale\" content=\"ro_RO\" \/>\n<meta property=\"og:type\" content=\"article\" \/>\n<meta property=\"og:title\" content=\"Joac\u0103 Mega Millions USA online | Cum pot participa legal reziden\u021bii din Rom\u00e2nia la Mega Millions\" \/>\n<meta property=\"og:description\" content=\"Acum po\u021bi juca \u0219i tu la Mega Millions - serviciul nostru online \u00ee\u021bi permite s\u0103 ob\u021bii bilete la Mega Millions din Rom\u00e2nia\" \/>\n<meta property=\"og:url\" content=\"https:\/\/onlinelotto365.com\/ro\/joaca\/mega-millions-2\/\" \/>\n<meta property=\"og:site_name\" content=\"OnlineLotto365\" \/>\n<meta property=\"og:image\" content=\"https:\/\/redfoxlotto.com\/image?size=8&amp;lottery=mega-millions\" \/>\n<meta name=\"twitter:card\" content=\"summary_large_image\" \/>\n<meta name=\"twitter:label1\" content=\"Timp estimat pentru citire\" \/>\n\t<meta name=\"twitter:data1\" content=\"4 minute\" \/>\n<script type=\"application\/ld+json\" class=\"yoast-schema-graph\">{\"@context\":\"https:\/\/schema.org\",\"@graph\":[{\"@type\":\"WebPage\",\"@id\":\"https:\/\/onlinelotto365.com\/ro\/joaca\/mega-millions-2\/\",\"url\":\"https:\/\/onlinelotto365.com\/ro\/joaca\/mega-millions-2\/\",\"name\":\"Joac\u0103 Mega Millions USA online | Cum pot participa legal reziden\u021bii din Rom\u00e2nia la Mega Millions\",\"isPartOf\":{\"@id\":\"https:\/\/onlinelotto365.com\/ro\/#website\"},\"primaryImageOfPage\":{\"@id\":\"https:\/\/onlinelotto365.com\/ro\/joaca\/mega-millions-2\/#primaryimage\"},\"image\":{\"@id\":\"https:\/\/onlinelotto365.com\/ro\/joaca\/mega-millions-2\/#primaryimage\"},\"thumbnailUrl\":\"https:\/\/redfoxlotto.com\/image?size=8&amp;lottery=mega-millions\",\"datePublished\":\"2022-11-07T13:32:59+00:00\",\"dateModified\":\"2022-11-07T13:32:59+00:00\",\"description\":\"Acum po\u021bi juca \u0219i tu la Mega Millions - serviciul nostru online \u00ee\u021bi permite s\u0103 ob\u021bii bilete la Mega Millions din Rom\u00e2nia\",\"breadcrumb\":{\"@id\":\"https:\/\/onlinelotto365.com\/ro\/joaca\/mega-millions-2\/#breadcrumb\"},\"inLanguage\":\"ro-RO\",\"potentialAction\":[{\"@type\":\"ReadAction\",\"target\":[\"https:\/\/onlinelotto365.com\/ro\/joaca\/mega-millions-2\/\"]}]},{\"@type\":\"ImageObject\",\"inLanguage\":\"ro-RO\",\"@id\":\"https:\/\/onlinelotto365.com\/ro\/joaca\/mega-millions-2\/#primaryimage\",\"url\":\"https:\/\/redfoxlotto.com\/image?size=8&amp;lottery=mega-millions\",\"contentUrl\":\"https:\/\/redfoxlotto.com\/image?size=8&amp;lottery=mega-millions\"},{\"@type\":\"BreadcrumbList\",\"@id\":\"https:\/\/onlinelotto365.com\/ro\/joaca\/mega-millions-2\/#breadcrumb\",\"itemListElement\":[{\"@type\":\"ListItem\",\"position\":1,\"name\":\"Home\",\"item\":\"https:\/\/onlinelotto365.com\/ro\/\"},{\"@type\":\"ListItem\",\"position\":2,\"name\":\"Tot ceea ce trebuie s\u0103 \u0219tii despre op\u021biunile tale de a juca la cele mai bune loterii online.\",\"item\":\"https:\/\/onlinelotto365.com\/ro\/joaca\/\"},{\"@type\":\"ListItem\",\"position\":3,\"name\":\"Mega Millions online\"}]},{\"@type\":\"WebSite\",\"@id\":\"https:\/\/onlinelotto365.com\/ro\/#website\",\"url\":\"https:\/\/onlinelotto365.com\/ro\/\",\"name\":\"OnlineLotto365\",\"description\":\"\",\"potentialAction\":[{\"@type\":\"SearchAction\",\"target\":{\"@type\":\"EntryPoint\",\"urlTemplate\":\"https:\/\/onlinelotto365.com\/ro\/?s={search_term_string}\"},\"query-input\":{\"@type\":\"PropertyValueSpecification\",\"valueRequired\":true,\"valueName\":\"search_term_string\"}}],\"inLanguage\":\"ro-RO\"}]}<\/script>\n<!-- \/ Yoast SEO plugin. -->","yoast_head_json":{"title":"Joac\u0103 Mega Millions USA online | Cum pot participa legal reziden\u021bii din Rom\u00e2nia la Mega Millions","description":"Acum po\u021bi juca \u0219i tu la Mega Millions - serviciul nostru online \u00ee\u021bi permite s\u0103 ob\u021bii bilete la Mega Millions din Rom\u00e2nia","robots":{"index":"index","follow":"follow","max-snippet":"max-snippet:-1","max-image-preview":"max-image-preview:large","max-video-preview":"max-video-preview:-1"},"canonical":"https:\/\/onlinelotto365.com\/ro\/joaca\/mega-millions-2\/","og_locale":"ro_RO","og_type":"article","og_title":"Joac\u0103 Mega Millions USA online | Cum pot participa legal reziden\u021bii din Rom\u00e2nia la Mega Millions","og_description":"Acum po\u021bi juca \u0219i tu la Mega Millions - serviciul nostru online \u00ee\u021bi permite s\u0103 ob\u021bii bilete la Mega Millions din Rom\u00e2nia","og_url":"https:\/\/onlinelotto365.com\/ro\/joaca\/mega-millions-2\/","og_site_name":"OnlineLotto365","og_image":[{"url":"https:\/\/redfoxlotto.com\/image?size=8&amp;lottery=mega-millions"}],"twitter_card":"summary_large_image","twitter_misc":{"Timp estimat pentru citire":"4 minute"},"schema":{"@context":"https:\/\/schema.org","@graph":[{"@type":"WebPage","@id":"https:\/\/onlinelotto365.com\/ro\/joaca\/mega-millions-2\/","url":"https:\/\/onlinelotto365.com\/ro\/joaca\/mega-millions-2\/","name":"Joac\u0103 Mega Millions USA online | Cum pot participa legal reziden\u021bii din Rom\u00e2nia la Mega Millions","isPartOf":{"@id":"https:\/\/onlinelotto365.com\/ro\/#website"},"primaryImageOfPage":{"@id":"https:\/\/onlinelotto365.com\/ro\/joaca\/mega-millions-2\/#primaryimage"},"image":{"@id":"https:\/\/onlinelotto365.com\/ro\/joaca\/mega-millions-2\/#primaryimage"},"thumbnailUrl":"https:\/\/redfoxlotto.com\/image?size=8&amp;lottery=mega-millions","datePublished":"2022-11-07T13:32:59+00:00","dateModified":"2022-11-07T13:32:59+00:00","description":"Acum po\u021bi juca \u0219i tu la Mega Millions - serviciul nostru online \u00ee\u021bi permite s\u0103 ob\u021bii bilete la Mega Millions din Rom\u00e2nia","breadcrumb":{"@id":"https:\/\/onlinelotto365.com\/ro\/joaca\/mega-millions-2\/#breadcrumb"},"inLanguage":"ro-RO","potentialAction":[{"@type":"ReadAction","target":["https:\/\/onlinelotto365.com\/ro\/joaca\/mega-millions-2\/"]}]},{"@type":"ImageObject","inLanguage":"ro-RO","@id":"https:\/\/onlinelotto365.com\/ro\/joaca\/mega-millions-2\/#primaryimage","url":"https:\/\/redfoxlotto.com\/image?size=8&amp;lottery=mega-millions","contentUrl":"https:\/\/redfoxlotto.com\/image?size=8&amp;lottery=mega-millions"},{"@type":"BreadcrumbList","@id":"https:\/\/onlinelotto365.com\/ro\/joaca\/mega-millions-2\/#breadcrumb","itemListElement":[{"@type":"ListItem","position":1,"name":"Home","item":"https:\/\/onlinelotto365.com\/ro\/"},{"@type":"ListItem","position":2,"name":"Tot ceea ce trebuie s\u0103 \u0219tii despre op\u021biunile tale de a juca la cele mai bune loterii online.","item":"https:\/\/onlinelotto365.com\/ro\/joaca\/"},{"@type":"ListItem","position":3,"name":"Mega Millions online"}]},{"@type":"WebSite","@id":"https:\/\/onlinelotto365.com\/ro\/#website","url":"https:\/\/onlinelotto365.com\/ro\/","name":"OnlineLotto365","description":"","potentialAction":[{"@type":"SearchAction","target":{"@type":"EntryPoint","urlTemplate":"https:\/\/onlinelotto365.com\/ro\/?s={search_term_string}"},"query-input":{"@type":"PropertyValueSpecification","valueRequired":true,"valueName":"search_term_string"}}],"inLanguage":"ro-RO"}]}},"_links":{"self":[{"href":"https:\/\/onlinelotto365.com\/ro\/wp-json\/wp\/v2\/pages\/79581","targetHints":{"allow":["GET"]}}],"collection":[{"href":"https:\/\/onlinelotto365.com\/ro\/wp-json\/wp\/v2\/pages"}],"about":[{"href":"https:\/\/onlinelotto365.com\/ro\/wp-json\/wp\/v2\/types\/page"}],"author":[{"embeddable":true,"href":"https:\/\/onlinelotto365.com\/ro\/wp-json\/wp\/v2\/users\/1"}],"replies":[{"embeddable":true,"href":"https:\/\/onlinelotto365.com\/ro\/wp-json\/wp\/v2\/comments?post=79581"}],"version-history":[{"count":0,"href":"https:\/\/onlinelotto365.com\/ro\/wp-json\/wp\/v2\/pages\/79581\/revisions"}],"up":[{"embeddable":true,"href":"https:\/\/onlinelotto365.com\/ro\/wp-json\/wp\/v2\/pages\/5032"}],"wp:attachment":[{"href":"https:\/\/onlinelotto365.com\/ro\/wp-json\/wp\/v2\/media?parent=79581"}],"curies":[{"name":"wp","href":"https:\/\/api.w.org\/{rel}","templated":true}]}}