{"id":80079,"date":"2022-11-14T14:05:03","date_gmt":"2022-11-14T13:05:03","guid":{"rendered":"https:\/\/onlinelotto365.com\/?page_id=80079"},"modified":"2022-11-14T14:05:03","modified_gmt":"2022-11-14T13:05:03","slug":"superenalotto","status":"publish","type":"page","link":"https:\/\/onlinelotto365.com\/ro\/numere-castigatoare\/superenalotto\/","title":{"rendered":"Verifica\u021bi numerele c\u00e2\u0219tig\u0103toare Superenalotto aici"},"content":{"rendered":"<p>Oferim o mul\u021bime de jocuri de loterie interna\u021bionale diferite pe site-ul nostru, dar vrem s\u0103 ne asigur\u0103m c\u0103 g\u0103sirea rezultatelor nu este o problem\u0103. Sigur, a\u021bi putea verifica rezultatele la televizor, dac\u0103 sunte\u021bi suficient de norocos s\u0103 g\u0103si\u021bi rezultatele extragerii la \u0219tiri. Sau le-a\u021bi putea g\u0103si \u00een ziar, dac\u0103 locui\u021bi \u00eentr-o zon\u0103 \u00een care jocurile sunt locale. Dar \u0219i asta poate fi dificil.<br \/>\n<a href=\"https:\/\/redfoxlotto.com\/play\/superenalotto\/?ref=a8564250a2&amp;medium=ol365\" target=\"_blank\" rel=\"noopener noreferrer\"><img decoding=\"async\" class=\"aligncenter\" src=\"https:\/\/redfoxlotto.com\/image?size=8&amp;lottery=superenalotto\" alt=\"superenalotto\" \/><\/a><\/p>\n<p>De asemenea, pute\u021bi verifica site-ul Superenalotto pentru a g\u0103si o transmisiune \u00een direct a procesului de extragere, dac\u0103 este oferit\u0103. Acest lucru poate fi amuzant pentru jocurile care \u00eel ofer\u0103 \u0219i v\u0103 poate oferi un moment emo\u021bionant de urm\u0103rire pentru a vedea dac\u0103 numerele dvs. sunt cele care au c\u00e2\u0219tigat, dar nu toate jocurile de loterie ofer\u0103 de fapt aceast\u0103 op\u021biune.<\/p>\n<p>Dup\u0103 extragere, pute\u021bi g\u0103si uneori numere c\u00e2\u0219tig\u0103toare \u0219i extrageri pentru Superenalotto pe YouTube, dac\u0103 \u0219ti\u021bi cum s\u0103 v\u0103 face\u021bi cercet\u0103rile \u0219i unde s\u0103 c\u0103uta\u021bi. Dar asta poate dura ceva timp.<\/p>\n<p>Cel mai bun mod de a face acest lucru este s\u0103 merge\u021bi pur \u0219i simplu la pagina noastr\u0103 cu rezultatele loteriei \u0219i s\u0103 vede\u021bi toate numerele pentru fiecare dintre diferitele jocuri loto. Asta include Superenalotto \u0219i multe altele.<\/p>\n<h2>Cum s\u0103 afli dac\u0103 biletul t\u0103u online a c\u00e2\u0219tigat<\/h2>\n<p>Pentru cei care au cump\u0103rat un bilet pentru Superenalotto cu ajutorul site-ului nostru, pute\u021bi verifica cu u\u0219urin\u021b\u0103 contul dvs. pentru a afla numerele c\u00e2\u0219tig\u0103toare. Va fi mult mai u\u0219or dec\u00e2t a\u021bi putea crede \u0219i ceea ce este mai bine este c\u0103 nici m\u0103car nu trebuie s\u0103 compara\u021bi numerele.<\/p>\n<p>Noi ne ocup\u0103m de aceast\u0103 parte pentru tine. De fapt, v\u0103 ar\u0103t\u0103m ce numere ave\u021bi care se potrivesc cu numerele c\u00e2\u0219tig\u0103toare, eviden\u021biindu-le. Apoi, punem to\u021bi banii pe care \u00eei c\u00e2\u0219tigi p\u00e2n\u0103 la 2500 \u20ac direct \u00een contul t\u0103u. Nu trebuie s\u0103 v\u0103 face\u021bi griji cu privire la revendicarea lor sau s\u0103 v\u0103 asigura\u021bi c\u0103 a\u021bi verificat ceva. Noi facem totul pentru ca tu s\u0103 te po\u021bi bucura de c\u00e2\u0219tigurile tale.<\/p>\n<h2>Arhiva de rezultate Superenalotto<\/h2>\n<p>Orice pagin\u0103 de pe site-ul nostru care arat\u0103 numerele c\u00e2\u0219tig\u0103toare pentru Superenalotto v\u0103 va ar\u0103ta, de asemenea, exact cum pute\u021bi reveni la rezultatele anterioare pentru a verifica extragerile anterioare. Acest lucru v\u0103 poate ajuta s\u0103 alege\u021bi numerele corecte pe care dori\u021bi s\u0103 le juca\u021bi atunci c\u00e2nd vine timpul pentru urm\u0103toarea extragere. Este una dintre cele mai populare modalit\u0103\u021bi de a alege numerele.<\/p>\n<h2>Biletul meu a c\u00e2\u0219tigat, ce se \u00eent\u00e2mpl\u0103 \u00een continuare?<\/h2>\n<p><img loading=\"lazy\" decoding=\"async\" class=\"alignright size-full wp-image-3634\" src=\"https:\/\/onlinelotto365.com\/wp-content\/uploads\/2020\/11\/online_lottery-136.jpg\" alt=\"numere c\u00e2\u0219tig\u0103toare la superenalotto\" width=\"297\" height=\"101\" \/><br \/>\nOrice premiu care este mai mic de 2500 \u20ac va fi pus imediat \u00een contul dumneavoastr\u0103 de juc\u0103tor. Astfel, \u00eel pute\u021bi retrage (orice sum\u0103 mai mare de 10 \u20ac) sau \u00eel pute\u021bi folosi pentru a cump\u0103ra bilete suplimentare. Re\u021bine\u021bi doar c\u0103 pute\u021bi retrage fonduri pe un card de credit sau de debit sau pute\u021bi retrage \u00eentr-un cont bancar. Oricare ar fi contul cu care dori\u021bi s\u0103 scoate\u021bi banii, va trebui s\u0103 fi folosit deja \u0219i pentru a introduce bani. Acesta este modul \u00een care v\u0103 ajut\u0103m s\u0103 v\u0103 protej\u0103m \u0219i, de asemenea, modul \u00een care respect\u0103m reglement\u0103rile pentru combaterea sp\u0103l\u0103rii banilor \u0219i nu numai.<\/p>\n","protected":false},"excerpt":{"rendered":"<p>Oferim o mul\u021bime de jocuri de loterie interna\u021bionale diferite pe site-ul nostru, dar vrem s\u0103 ne asigur\u0103m c\u0103 g\u0103sirea rezultatelor nu este o problem\u0103. Sigur, a\u021bi putea verifica rezultatele la televizor, dac\u0103 sunte\u021bi suficient de norocos s\u0103 g\u0103si\u021bi rezultatele extragerii la \u0219tiri. Sau le-a\u021bi putea g\u0103si \u00een ziar, dac\u0103 locui\u021bi \u00eentr-o zon\u0103 \u00een care jocurile [&hellip;]<\/p>\n","protected":false},"author":1,"featured_media":0,"parent":5862,"menu_order":5,"comment_status":"closed","ping_status":"closed","template":"superenalotto-results.php","meta":{"_et_pb_use_builder":"","_et_pb_old_content":"","_et_gb_content_width":"","exclude_from_search":false,"footnotes":""},"class_list":["post-80079","page","type-page","status-publish","hentry"],"yoast_head":"<!-- This site is optimized with the Yoast SEO plugin v23.4 - https:\/\/yoast.com\/wordpress\/plugins\/seo\/ -->\n<title>Ultimele numere c\u00e2\u0219tig\u0103toare pentru Superenalotto<\/title>\n<meta name=\"description\" content=\"Vrei s\u0103 \u0219tii numerele c\u00e2\u0219tig\u0103toare pentru Superenalotto? G\u0103si\u021bi aici rezultatele \u0219i multe altele!\" \/>\n<meta name=\"robots\" content=\"index, follow, max-snippet:-1, max-image-preview:large, max-video-preview:-1\" \/>\n<link rel=\"canonical\" href=\"https:\/\/onlinelotto365.com\/ro\/numere-castigatoare\/superenalotto\/\" \/>\n<meta property=\"og:locale\" content=\"ro_RO\" \/>\n<meta property=\"og:type\" content=\"article\" \/>\n<meta property=\"og:title\" content=\"Ultimele numere c\u00e2\u0219tig\u0103toare pentru Superenalotto\" \/>\n<meta property=\"og:description\" content=\"Vrei s\u0103 \u0219tii numerele c\u00e2\u0219tig\u0103toare pentru Superenalotto? G\u0103si\u021bi aici rezultatele \u0219i multe altele!\" \/>\n<meta property=\"og:url\" content=\"https:\/\/onlinelotto365.com\/ro\/numere-castigatoare\/superenalotto\/\" \/>\n<meta property=\"og:site_name\" content=\"OnlineLotto365\" \/>\n<meta property=\"og:image\" content=\"https:\/\/redfoxlotto.com\/image?size=8&amp;lottery=superenalotto\" \/>\n<meta name=\"twitter:card\" content=\"summary_large_image\" \/>\n<meta name=\"twitter:label1\" content=\"Timp estimat pentru citire\" \/>\n\t<meta name=\"twitter:data1\" content=\"3 minute\" \/>\n<script type=\"application\/ld+json\" class=\"yoast-schema-graph\">{\"@context\":\"https:\/\/schema.org\",\"@graph\":[{\"@type\":\"WebPage\",\"@id\":\"https:\/\/onlinelotto365.com\/ro\/numere-castigatoare\/superenalotto\/\",\"url\":\"https:\/\/onlinelotto365.com\/ro\/numere-castigatoare\/superenalotto\/\",\"name\":\"Ultimele numere c\u00e2\u0219tig\u0103toare pentru Superenalotto\",\"isPartOf\":{\"@id\":\"https:\/\/onlinelotto365.com\/ro\/#website\"},\"primaryImageOfPage\":{\"@id\":\"https:\/\/onlinelotto365.com\/ro\/numere-castigatoare\/superenalotto\/#primaryimage\"},\"image\":{\"@id\":\"https:\/\/onlinelotto365.com\/ro\/numere-castigatoare\/superenalotto\/#primaryimage\"},\"thumbnailUrl\":\"https:\/\/redfoxlotto.com\/image?size=8&amp;lottery=superenalotto\",\"datePublished\":\"2022-11-14T13:05:03+00:00\",\"dateModified\":\"2022-11-14T13:05:03+00:00\",\"description\":\"Vrei s\u0103 \u0219tii numerele c\u00e2\u0219tig\u0103toare pentru Superenalotto? G\u0103si\u021bi aici rezultatele \u0219i multe altele!\",\"breadcrumb\":{\"@id\":\"https:\/\/onlinelotto365.com\/ro\/numere-castigatoare\/superenalotto\/#breadcrumb\"},\"inLanguage\":\"ro-RO\",\"potentialAction\":[{\"@type\":\"ReadAction\",\"target\":[\"https:\/\/onlinelotto365.com\/ro\/numere-castigatoare\/superenalotto\/\"]}]},{\"@type\":\"ImageObject\",\"inLanguage\":\"ro-RO\",\"@id\":\"https:\/\/onlinelotto365.com\/ro\/numere-castigatoare\/superenalotto\/#primaryimage\",\"url\":\"https:\/\/redfoxlotto.com\/image?size=8&amp;lottery=superenalotto\",\"contentUrl\":\"https:\/\/redfoxlotto.com\/image?size=8&amp;lottery=superenalotto\"},{\"@type\":\"BreadcrumbList\",\"@id\":\"https:\/\/onlinelotto365.com\/ro\/numere-castigatoare\/superenalotto\/#breadcrumb\",\"itemListElement\":[{\"@type\":\"ListItem\",\"position\":1,\"name\":\"Home\",\"item\":\"https:\/\/onlinelotto365.com\/ro\/\"},{\"@type\":\"ListItem\",\"position\":2,\"name\":\"G\u0103se\u0219te numerele c\u00e2\u0219tig\u0103toare \u0219i rezultatele celor mai recente extrageri loto.\",\"item\":\"https:\/\/onlinelotto365.com\/ro\/numere-castigatoare\/\"},{\"@type\":\"ListItem\",\"position\":3,\"name\":\"Verifica\u021bi numerele c\u00e2\u0219tig\u0103toare Superenalotto aici\"}]},{\"@type\":\"WebSite\",\"@id\":\"https:\/\/onlinelotto365.com\/ro\/#website\",\"url\":\"https:\/\/onlinelotto365.com\/ro\/\",\"name\":\"OnlineLotto365\",\"description\":\"\",\"potentialAction\":[{\"@type\":\"SearchAction\",\"target\":{\"@type\":\"EntryPoint\",\"urlTemplate\":\"https:\/\/onlinelotto365.com\/ro\/?s={search_term_string}\"},\"query-input\":{\"@type\":\"PropertyValueSpecification\",\"valueRequired\":true,\"valueName\":\"search_term_string\"}}],\"inLanguage\":\"ro-RO\"}]}<\/script>\n<!-- \/ Yoast SEO plugin. -->","yoast_head_json":{"title":"Ultimele numere c\u00e2\u0219tig\u0103toare pentru Superenalotto","description":"Vrei s\u0103 \u0219tii numerele c\u00e2\u0219tig\u0103toare pentru Superenalotto? G\u0103si\u021bi aici rezultatele \u0219i multe altele!","robots":{"index":"index","follow":"follow","max-snippet":"max-snippet:-1","max-image-preview":"max-image-preview:large","max-video-preview":"max-video-preview:-1"},"canonical":"https:\/\/onlinelotto365.com\/ro\/numere-castigatoare\/superenalotto\/","og_locale":"ro_RO","og_type":"article","og_title":"Ultimele numere c\u00e2\u0219tig\u0103toare pentru Superenalotto","og_description":"Vrei s\u0103 \u0219tii numerele c\u00e2\u0219tig\u0103toare pentru Superenalotto? G\u0103si\u021bi aici rezultatele \u0219i multe altele!","og_url":"https:\/\/onlinelotto365.com\/ro\/numere-castigatoare\/superenalotto\/","og_site_name":"OnlineLotto365","og_image":[{"url":"https:\/\/redfoxlotto.com\/image?size=8&amp;lottery=superenalotto"}],"twitter_card":"summary_large_image","twitter_misc":{"Timp estimat pentru citire":"3 minute"},"schema":{"@context":"https:\/\/schema.org","@graph":[{"@type":"WebPage","@id":"https:\/\/onlinelotto365.com\/ro\/numere-castigatoare\/superenalotto\/","url":"https:\/\/onlinelotto365.com\/ro\/numere-castigatoare\/superenalotto\/","name":"Ultimele numere c\u00e2\u0219tig\u0103toare pentru Superenalotto","isPartOf":{"@id":"https:\/\/onlinelotto365.com\/ro\/#website"},"primaryImageOfPage":{"@id":"https:\/\/onlinelotto365.com\/ro\/numere-castigatoare\/superenalotto\/#primaryimage"},"image":{"@id":"https:\/\/onlinelotto365.com\/ro\/numere-castigatoare\/superenalotto\/#primaryimage"},"thumbnailUrl":"https:\/\/redfoxlotto.com\/image?size=8&amp;lottery=superenalotto","datePublished":"2022-11-14T13:05:03+00:00","dateModified":"2022-11-14T13:05:03+00:00","description":"Vrei s\u0103 \u0219tii numerele c\u00e2\u0219tig\u0103toare pentru Superenalotto? G\u0103si\u021bi aici rezultatele \u0219i multe altele!","breadcrumb":{"@id":"https:\/\/onlinelotto365.com\/ro\/numere-castigatoare\/superenalotto\/#breadcrumb"},"inLanguage":"ro-RO","potentialAction":[{"@type":"ReadAction","target":["https:\/\/onlinelotto365.com\/ro\/numere-castigatoare\/superenalotto\/"]}]},{"@type":"ImageObject","inLanguage":"ro-RO","@id":"https:\/\/onlinelotto365.com\/ro\/numere-castigatoare\/superenalotto\/#primaryimage","url":"https:\/\/redfoxlotto.com\/image?size=8&amp;lottery=superenalotto","contentUrl":"https:\/\/redfoxlotto.com\/image?size=8&amp;lottery=superenalotto"},{"@type":"BreadcrumbList","@id":"https:\/\/onlinelotto365.com\/ro\/numere-castigatoare\/superenalotto\/#breadcrumb","itemListElement":[{"@type":"ListItem","position":1,"name":"Home","item":"https:\/\/onlinelotto365.com\/ro\/"},{"@type":"ListItem","position":2,"name":"G\u0103se\u0219te numerele c\u00e2\u0219tig\u0103toare \u0219i rezultatele celor mai recente extrageri loto.","item":"https:\/\/onlinelotto365.com\/ro\/numere-castigatoare\/"},{"@type":"ListItem","position":3,"name":"Verifica\u021bi numerele c\u00e2\u0219tig\u0103toare Superenalotto aici"}]},{"@type":"WebSite","@id":"https:\/\/onlinelotto365.com\/ro\/#website","url":"https:\/\/onlinelotto365.com\/ro\/","name":"OnlineLotto365","description":"","potentialAction":[{"@type":"SearchAction","target":{"@type":"EntryPoint","urlTemplate":"https:\/\/onlinelotto365.com\/ro\/?s={search_term_string}"},"query-input":{"@type":"PropertyValueSpecification","valueRequired":true,"valueName":"search_term_string"}}],"inLanguage":"ro-RO"}]}},"_links":{"self":[{"href":"https:\/\/onlinelotto365.com\/ro\/wp-json\/wp\/v2\/pages\/80079","targetHints":{"allow":["GET"]}}],"collection":[{"href":"https:\/\/onlinelotto365.com\/ro\/wp-json\/wp\/v2\/pages"}],"about":[{"href":"https:\/\/onlinelotto365.com\/ro\/wp-json\/wp\/v2\/types\/page"}],"author":[{"embeddable":true,"href":"https:\/\/onlinelotto365.com\/ro\/wp-json\/wp\/v2\/users\/1"}],"replies":[{"embeddable":true,"href":"https:\/\/onlinelotto365.com\/ro\/wp-json\/wp\/v2\/comments?post=80079"}],"version-history":[{"count":0,"href":"https:\/\/onlinelotto365.com\/ro\/wp-json\/wp\/v2\/pages\/80079\/revisions"}],"up":[{"embeddable":true,"href":"https:\/\/onlinelotto365.com\/ro\/wp-json\/wp\/v2\/pages\/5862"}],"wp:attachment":[{"href":"https:\/\/onlinelotto365.com\/ro\/wp-json\/wp\/v2\/media?parent=80079"}],"curies":[{"name":"wp","href":"https:\/\/api.w.org\/{rel}","templated":true}]}}