{"id":80111,"date":"2022-11-14T18:12:02","date_gmt":"2022-11-14T17:12:02","guid":{"rendered":"https:\/\/onlinelotto365.com\/?page_id=80111"},"modified":"2022-11-14T18:12:02","modified_gmt":"2022-11-14T17:12:02","slug":"euromillions","status":"publish","type":"page","link":"https:\/\/onlinelotto365.com\/ro\/numere-castigatoare\/euromillions\/","title":{"rendered":"Vezi numerele c\u00e2\u0219tig\u0103toare la Euromillioane"},"content":{"rendered":"<p>\u0218tim c\u0103 exist\u0103 o mul\u021bime de jocuri de loterie interna\u021bionale disponibile pe site-ul nostru \u0219i c\u0103 acest lucru poate deveni pu\u021bin confuz pentru tine. Dar nu trebuie s\u0103 fie at\u00e2t de confuz pe c\u00e2t crede\u021bi. \u0218i, de asemenea, nu trebuie s\u0103 fie at\u00e2t de dificil pentru tine s\u0103 g\u0103se\u0219ti numerele c\u00e2\u0219tig\u0103toare pentru jocul pe care \u00eel dore\u0219ti. Dar poate c\u0103 te-ai g\u00e2ndit s\u0103 verifici \u00een alt\u0103 parte. Ziarul \u0219i televizorul sunt c\u00e2teva op\u021biuni, dar dac\u0103 nu e\u0219ti localnic, poate fi greu s\u0103 g\u0103se\u0219ti rezultatele \u00een oricare dintre aceste locuri.<br \/>\n<a href=\"https:\/\/redfoxlotto.com\/play\/euromillions\/?ref=a8564250a2&amp;medium=ol365\" target=\"_blank\" rel=\"noopener noreferrer\"><img decoding=\"async\" class=\"aligncenter\" src=\"https:\/\/redfoxlotto.com\/image?size=8&amp;lottery=euromillions\" alt=\"euromillions\" \/><\/a><br \/>\nDe asemenea, pute\u021bi alege s\u0103 merge\u021bi pe site-ul oficial al loteriei EuroMillions. Acesta este unul dintre cele mai bune locuri pentru a ob\u021bine rezultatele, deoarece sunt disponibile fapte \u0219i s-ar putea chiar s\u0103 pute\u021bi urm\u0103ri o transmisiune \u00een direct a extragerii. Poate fi amuzant \u0219i interesant s\u0103 urm\u0103re\u0219ti acea extragere \u00een direct, mai ales dac\u0103 tu e\u0219ti cel care c\u00e2\u0219tig\u0103 \u0219i po\u021bi vedea cum \u00ee\u021bi apar numerele. Dar poate dura mult timp \u0219i nu toate jocurile de loterie sunt de fapt transmise \u00een flux.<\/p>\n<p>Dup\u0103 ce loteria a fost extras\u0103, o alt\u0103 op\u021biune este s\u0103 verifica\u021bi pe YouTube pentru a vedea dac\u0103 pute\u021bi ob\u021bine un videoclip cu extragerea sau cu altcineva care dezv\u0103luie numerele dup\u0103 ce a avut loc.<\/p>\n<p>Cel mai bun mod de a ob\u021bine numerele c\u00e2\u0219tig\u0103toare, totu\u0219i, este s\u0103 verifica\u021bi site-ul nostru \u0219i s\u0103 verifica\u021bi rezultatele. Totul este disponibil pe pagina noastr\u0103 de rezultate loto, care v\u0103 va ar\u0103ta numerele c\u00e2\u0219tig\u0103toare pentru orice joc loto pe care \u00eel pute\u021bi cump\u0103ra de pe site-ul nostru.<\/p>\n<h2>Cum s\u0103 afla\u021bi dac\u0103 biletul dvs. online a c\u00e2\u0219tigat<\/h2>\n<p>Ceea ce este \u0219i mai bine este c\u0103, dac\u0103 a\u021bi cump\u0103rat efectiv un bilet pentru acest joc, nici m\u0103car nu trebuie s\u0103 v\u0103 face\u021bi griji c\u0103 trebuie s\u0103 merge\u021bi la pagina de rezultate. Po\u021bi merge direct \u00een contul t\u0103u \u0219i pe pagina cu biletele tale.<\/p>\n<p>De acolo, po\u021bi vedea numerele c\u00e2\u0219tig\u0103toare \u0219i numerele tale comparate. Iar noi eviden\u021biem numerele care se potrivesc, astfel \u00eenc\u00e2t s\u0103 nu le ratezi. \u00cen plus, ne ocup\u0103m noi s\u0103 \u00ee\u021bi primim c\u00e2\u0219tigurile din numerele tale, dac\u0103 ai ceva sub 2500 \u20ac. Dac\u0103 este peste, tot ce trebuie s\u0103 faci este s\u0103 completezi un formular \u0219i tot noi te ajut\u0103m s\u0103 te ocupi de tot.<\/p>\n<h2>Arhiva de rezultate EuroMillions<\/h2>\n<p>Avem mai multe zone \u00een care pute\u021bi vedea cele mai recente numere c\u00e2\u0219tig\u0103toare pentru EuroMillions \u0219i rezultatele altor jocuri, dar avem \u0219i op\u021biuni pentru a verifica \u0219i numerele c\u00e2\u0219tig\u0103toare vechi. Dac\u0103 vrei s\u0103 te asiguri c\u0103 alegi numerele corecte pentru jocul de pe net, s\u0103 te ui\u021bi la jocurile mai vechi ar putea fi o modalitate bun\u0103 de a face aceast\u0103 alegere.<\/p>\n<h2>Biletul meu a c\u00e2\u0219tigat, ce se \u00eent\u00e2mpl\u0103 \u00een continuare?<\/h2>\n<p><img loading=\"lazy\" decoding=\"async\" class=\"alignright wp-image-3645\" src=\"https:\/\/onlinelotto365.com\/wp-content\/uploads\/2020\/11\/online_lottery-129-300x300.jpg\" alt=\"Numerele c\u00e2\u0219tig\u0103toare la Euromillions\" width=\"210\" height=\"210\" srcset=\"https:\/\/onlinelotto365.com\/wp-content\/uploads\/2020\/11\/online_lottery-129-300x300.jpg 300w, https:\/\/onlinelotto365.com\/wp-content\/uploads\/2020\/11\/online_lottery-129-100x100.jpg 100w, https:\/\/onlinelotto365.com\/wp-content\/uploads\/2020\/11\/online_lottery-129-150x150.jpg 150w, https:\/\/onlinelotto365.com\/wp-content\/uploads\/2020\/11\/online_lottery-129.jpg 320w\" sizes=\"auto, (max-width: 210px) 100vw, 210px\" \/><br \/>\nAm men\u021bionat deja c\u0103 orice premiu pe care \u00eel c\u00e2\u0219tigi \u0219i care este mai mic de 2.500 \u20ac va fi pus \u00een contul t\u0103u de c\u0103tre echipa noastr\u0103 de servicii pentru clien\u021bi. Odat\u0103 ce banii sunt \u00een contul t\u0103u, vei putea s\u0103-i retragi, s\u0103-i folose\u0219ti sau orice altceva dore\u0219ti. Acest lucru \u00ee\u021bi va facilita continuarea jocului sau folosirea banilor pentru orice dore\u0219ti.<br \/>\nNu numai asta, dar po\u021bi retrage banii din orice cont pe care l-ai folosit deja pentru a cump\u0103ra sau depune bani suplimentari \u00een contul t\u0103u. Asta include conturi bancare, carduri de credit \u0219i multe altele.<\/p>\n","protected":false},"excerpt":{"rendered":"<p>\u0218tim c\u0103 exist\u0103 o mul\u021bime de jocuri de loterie interna\u021bionale disponibile pe site-ul nostru \u0219i c\u0103 acest lucru poate deveni pu\u021bin confuz pentru tine. Dar nu trebuie s\u0103 fie at\u00e2t de confuz pe c\u00e2t crede\u021bi. \u0218i, de asemenea, nu trebuie s\u0103 fie at\u00e2t de dificil pentru tine s\u0103 g\u0103se\u0219ti numerele c\u00e2\u0219tig\u0103toare pentru jocul pe care [&hellip;]<\/p>\n","protected":false},"author":1,"featured_media":0,"parent":5862,"menu_order":3,"comment_status":"closed","ping_status":"closed","template":"euromillions-results.php","meta":{"_et_pb_use_builder":"","_et_pb_old_content":"","_et_gb_content_width":"","exclude_from_search":false,"footnotes":""},"class_list":["post-80111","page","type-page","status-publish","hentry"],"yoast_head":"<!-- This site is optimized with the Yoast SEO plugin v23.4 - https:\/\/yoast.com\/wordpress\/plugins\/seo\/ -->\n<title>Numere c\u00e2\u0219tig\u0103toare Euromillions | Vezi cele mai recente premii \u0219i rezultate pentru Euromillions<\/title>\n<meta name=\"description\" content=\"Compara\u021bi biletul dumneavoastr\u0103 Euromillions cu numerele c\u00e2\u0219tig\u0103toare - vede\u021bi aici toate rezultatele loteriei\" \/>\n<meta name=\"robots\" content=\"index, follow, max-snippet:-1, max-image-preview:large, max-video-preview:-1\" \/>\n<link rel=\"canonical\" href=\"https:\/\/onlinelotto365.com\/ro\/numere-castigatoare\/euromillions\/\" \/>\n<meta property=\"og:locale\" content=\"ro_RO\" \/>\n<meta property=\"og:type\" content=\"article\" \/>\n<meta property=\"og:title\" content=\"Numere c\u00e2\u0219tig\u0103toare Euromillions | Vezi cele mai recente premii \u0219i rezultate pentru Euromillions\" \/>\n<meta property=\"og:description\" content=\"Compara\u021bi biletul dumneavoastr\u0103 Euromillions cu numerele c\u00e2\u0219tig\u0103toare - vede\u021bi aici toate rezultatele loteriei\" \/>\n<meta property=\"og:url\" content=\"https:\/\/onlinelotto365.com\/ro\/numere-castigatoare\/euromillions\/\" \/>\n<meta property=\"og:site_name\" content=\"OnlineLotto365\" \/>\n<meta property=\"og:image\" content=\"https:\/\/redfoxlotto.com\/image?size=8&amp;lottery=euromillions\" \/>\n<meta name=\"twitter:card\" content=\"summary_large_image\" \/>\n<meta name=\"twitter:label1\" content=\"Timp estimat pentru citire\" \/>\n\t<meta name=\"twitter:data1\" content=\"3 minute\" \/>\n<script type=\"application\/ld+json\" class=\"yoast-schema-graph\">{\"@context\":\"https:\/\/schema.org\",\"@graph\":[{\"@type\":\"WebPage\",\"@id\":\"https:\/\/onlinelotto365.com\/ro\/numere-castigatoare\/euromillions\/\",\"url\":\"https:\/\/onlinelotto365.com\/ro\/numere-castigatoare\/euromillions\/\",\"name\":\"Numere c\u00e2\u0219tig\u0103toare Euromillions | Vezi cele mai recente premii \u0219i rezultate pentru Euromillions\",\"isPartOf\":{\"@id\":\"https:\/\/onlinelotto365.com\/ro\/#website\"},\"primaryImageOfPage\":{\"@id\":\"https:\/\/onlinelotto365.com\/ro\/numere-castigatoare\/euromillions\/#primaryimage\"},\"image\":{\"@id\":\"https:\/\/onlinelotto365.com\/ro\/numere-castigatoare\/euromillions\/#primaryimage\"},\"thumbnailUrl\":\"https:\/\/redfoxlotto.com\/image?size=8&amp;lottery=euromillions\",\"datePublished\":\"2022-11-14T17:12:02+00:00\",\"dateModified\":\"2022-11-14T17:12:02+00:00\",\"description\":\"Compara\u021bi biletul dumneavoastr\u0103 Euromillions cu numerele c\u00e2\u0219tig\u0103toare - vede\u021bi aici toate rezultatele loteriei\",\"breadcrumb\":{\"@id\":\"https:\/\/onlinelotto365.com\/ro\/numere-castigatoare\/euromillions\/#breadcrumb\"},\"inLanguage\":\"ro-RO\",\"potentialAction\":[{\"@type\":\"ReadAction\",\"target\":[\"https:\/\/onlinelotto365.com\/ro\/numere-castigatoare\/euromillions\/\"]}]},{\"@type\":\"ImageObject\",\"inLanguage\":\"ro-RO\",\"@id\":\"https:\/\/onlinelotto365.com\/ro\/numere-castigatoare\/euromillions\/#primaryimage\",\"url\":\"https:\/\/redfoxlotto.com\/image?size=8&amp;lottery=euromillions\",\"contentUrl\":\"https:\/\/redfoxlotto.com\/image?size=8&amp;lottery=euromillions\"},{\"@type\":\"BreadcrumbList\",\"@id\":\"https:\/\/onlinelotto365.com\/ro\/numere-castigatoare\/euromillions\/#breadcrumb\",\"itemListElement\":[{\"@type\":\"ListItem\",\"position\":1,\"name\":\"Home\",\"item\":\"https:\/\/onlinelotto365.com\/ro\/\"},{\"@type\":\"ListItem\",\"position\":2,\"name\":\"G\u0103se\u0219te numerele c\u00e2\u0219tig\u0103toare \u0219i rezultatele celor mai recente extrageri loto.\",\"item\":\"https:\/\/onlinelotto365.com\/ro\/numere-castigatoare\/\"},{\"@type\":\"ListItem\",\"position\":3,\"name\":\"Vezi numerele c\u00e2\u0219tig\u0103toare la Euromillioane\"}]},{\"@type\":\"WebSite\",\"@id\":\"https:\/\/onlinelotto365.com\/ro\/#website\",\"url\":\"https:\/\/onlinelotto365.com\/ro\/\",\"name\":\"OnlineLotto365\",\"description\":\"\",\"potentialAction\":[{\"@type\":\"SearchAction\",\"target\":{\"@type\":\"EntryPoint\",\"urlTemplate\":\"https:\/\/onlinelotto365.com\/ro\/?s={search_term_string}\"},\"query-input\":{\"@type\":\"PropertyValueSpecification\",\"valueRequired\":true,\"valueName\":\"search_term_string\"}}],\"inLanguage\":\"ro-RO\"}]}<\/script>\n<!-- \/ Yoast SEO plugin. -->","yoast_head_json":{"title":"Numere c\u00e2\u0219tig\u0103toare Euromillions | Vezi cele mai recente premii \u0219i rezultate pentru Euromillions","description":"Compara\u021bi biletul dumneavoastr\u0103 Euromillions cu numerele c\u00e2\u0219tig\u0103toare - vede\u021bi aici toate rezultatele loteriei","robots":{"index":"index","follow":"follow","max-snippet":"max-snippet:-1","max-image-preview":"max-image-preview:large","max-video-preview":"max-video-preview:-1"},"canonical":"https:\/\/onlinelotto365.com\/ro\/numere-castigatoare\/euromillions\/","og_locale":"ro_RO","og_type":"article","og_title":"Numere c\u00e2\u0219tig\u0103toare Euromillions | Vezi cele mai recente premii \u0219i rezultate pentru Euromillions","og_description":"Compara\u021bi biletul dumneavoastr\u0103 Euromillions cu numerele c\u00e2\u0219tig\u0103toare - vede\u021bi aici toate rezultatele loteriei","og_url":"https:\/\/onlinelotto365.com\/ro\/numere-castigatoare\/euromillions\/","og_site_name":"OnlineLotto365","og_image":[{"url":"https:\/\/redfoxlotto.com\/image?size=8&amp;lottery=euromillions"}],"twitter_card":"summary_large_image","twitter_misc":{"Timp estimat pentru citire":"3 minute"},"schema":{"@context":"https:\/\/schema.org","@graph":[{"@type":"WebPage","@id":"https:\/\/onlinelotto365.com\/ro\/numere-castigatoare\/euromillions\/","url":"https:\/\/onlinelotto365.com\/ro\/numere-castigatoare\/euromillions\/","name":"Numere c\u00e2\u0219tig\u0103toare Euromillions | Vezi cele mai recente premii \u0219i rezultate pentru Euromillions","isPartOf":{"@id":"https:\/\/onlinelotto365.com\/ro\/#website"},"primaryImageOfPage":{"@id":"https:\/\/onlinelotto365.com\/ro\/numere-castigatoare\/euromillions\/#primaryimage"},"image":{"@id":"https:\/\/onlinelotto365.com\/ro\/numere-castigatoare\/euromillions\/#primaryimage"},"thumbnailUrl":"https:\/\/redfoxlotto.com\/image?size=8&amp;lottery=euromillions","datePublished":"2022-11-14T17:12:02+00:00","dateModified":"2022-11-14T17:12:02+00:00","description":"Compara\u021bi biletul dumneavoastr\u0103 Euromillions cu numerele c\u00e2\u0219tig\u0103toare - vede\u021bi aici toate rezultatele loteriei","breadcrumb":{"@id":"https:\/\/onlinelotto365.com\/ro\/numere-castigatoare\/euromillions\/#breadcrumb"},"inLanguage":"ro-RO","potentialAction":[{"@type":"ReadAction","target":["https:\/\/onlinelotto365.com\/ro\/numere-castigatoare\/euromillions\/"]}]},{"@type":"ImageObject","inLanguage":"ro-RO","@id":"https:\/\/onlinelotto365.com\/ro\/numere-castigatoare\/euromillions\/#primaryimage","url":"https:\/\/redfoxlotto.com\/image?size=8&amp;lottery=euromillions","contentUrl":"https:\/\/redfoxlotto.com\/image?size=8&amp;lottery=euromillions"},{"@type":"BreadcrumbList","@id":"https:\/\/onlinelotto365.com\/ro\/numere-castigatoare\/euromillions\/#breadcrumb","itemListElement":[{"@type":"ListItem","position":1,"name":"Home","item":"https:\/\/onlinelotto365.com\/ro\/"},{"@type":"ListItem","position":2,"name":"G\u0103se\u0219te numerele c\u00e2\u0219tig\u0103toare \u0219i rezultatele celor mai recente extrageri loto.","item":"https:\/\/onlinelotto365.com\/ro\/numere-castigatoare\/"},{"@type":"ListItem","position":3,"name":"Vezi numerele c\u00e2\u0219tig\u0103toare la Euromillioane"}]},{"@type":"WebSite","@id":"https:\/\/onlinelotto365.com\/ro\/#website","url":"https:\/\/onlinelotto365.com\/ro\/","name":"OnlineLotto365","description":"","potentialAction":[{"@type":"SearchAction","target":{"@type":"EntryPoint","urlTemplate":"https:\/\/onlinelotto365.com\/ro\/?s={search_term_string}"},"query-input":{"@type":"PropertyValueSpecification","valueRequired":true,"valueName":"search_term_string"}}],"inLanguage":"ro-RO"}]}},"_links":{"self":[{"href":"https:\/\/onlinelotto365.com\/ro\/wp-json\/wp\/v2\/pages\/80111","targetHints":{"allow":["GET"]}}],"collection":[{"href":"https:\/\/onlinelotto365.com\/ro\/wp-json\/wp\/v2\/pages"}],"about":[{"href":"https:\/\/onlinelotto365.com\/ro\/wp-json\/wp\/v2\/types\/page"}],"author":[{"embeddable":true,"href":"https:\/\/onlinelotto365.com\/ro\/wp-json\/wp\/v2\/users\/1"}],"replies":[{"embeddable":true,"href":"https:\/\/onlinelotto365.com\/ro\/wp-json\/wp\/v2\/comments?post=80111"}],"version-history":[{"count":0,"href":"https:\/\/onlinelotto365.com\/ro\/wp-json\/wp\/v2\/pages\/80111\/revisions"}],"up":[{"embeddable":true,"href":"https:\/\/onlinelotto365.com\/ro\/wp-json\/wp\/v2\/pages\/5862"}],"wp:attachment":[{"href":"https:\/\/onlinelotto365.com\/ro\/wp-json\/wp\/v2\/media?parent=80111"}],"curies":[{"name":"wp","href":"https:\/\/api.w.org\/{rel}","templated":true}]}}