{"id":80143,"date":"2022-11-15T07:37:12","date_gmt":"2022-11-15T06:37:12","guid":{"rendered":"https:\/\/onlinelotto365.com\/?page_id=80143"},"modified":"2022-11-15T07:37:12","modified_gmt":"2022-11-15T06:37:12","slug":"mega-millions","status":"publish","type":"page","link":"https:\/\/onlinelotto365.com\/ro\/numere-castigatoare\/mega-millions\/","title":{"rendered":"Verifica\u021bi numerele c\u00e2\u0219tig\u0103toare la Mega Millions aici"},"content":{"rendered":"<p>Cu toate loteriile interna\u021bionale pe care le pute\u021bi juca pe site-ul nostru, ob\u021binerea numerelor c\u00e2\u0219tig\u0103toare \u0219i a rezultatelor ar putea fi o problem\u0103. Probabil c\u0103 nu ve\u021bi putea g\u0103si numerele c\u00e2\u0219tig\u0103toare pentru Mega Millions \u00een ziarul dumneavoastr\u0103. A\u021bi putea s\u0103 c\u0103uta\u021bi un canal de televiziune disponibil pentru dvs. care include rezultatele extragerii \u00een \u0219tirile lor, dar asta ar necesita ceva cercet\u0103ri.<br \/>\n<a href=\"https:\/\/redfoxlotto.com\/play\/mega-millions\/?ref=a8564250a2&amp;medium=ol365\" target=\"_blank\" rel=\"noopener noreferrer\"><img decoding=\"async\" class=\"aligncenter\" src=\"https:\/\/redfoxlotto.com\/image?size=8&amp;lottery=mega-millions\" alt=\"Mega Millions\" \/><\/a><br \/>\nO op\u021biune ar fi s\u0103 verifica\u021bi dac\u0103 site-ul oficial al loteriei Mega Millions difuzeaz\u0103 o transmisiune \u00een direct a procedurii de extragere. A vedea numerele extrase \u00een direct este, desigur, foarte interesant. Ar fi, de asemenea, cel mai rapid mod de a afla dac\u0103 numerele tale au c\u00e2\u0219tigat. Dar majoritatea loteriilor nu ofer\u0103 streaming live al extragerii \u00een timp real.<\/p>\n<p>Dac\u0103 extragerea a avut deja loc \u00een momentul \u00een care dori\u021bi s\u0103 verifica\u021bi numerele c\u00e2\u0219tig\u0103toare, a\u021bi putea merge pe Youtube \u0219i s\u0103 c\u0103uta\u021bi un videoclip care s\u0103 prezinte cea mai recent\u0103 extragere Mega Millions.<\/p>\n<p>Dar o metod\u0103 foarte convenabil\u0103 pentru a verifica numerele c\u00e2\u0219tig\u0103toare, precum \u0219i rezultatele \u0219i premiile de la Mega Millions este propria noastr\u0103 pagin\u0103 cu rezultatele loteriei. Pe o singur\u0103 pagin\u0103, pute\u021bi g\u0103si numerele c\u00e2\u0219tig\u0103toare pentru toate loteriile pe care le oferim.<\/p>\n<h2>Cum pute\u021bi afla dac\u0103 biletul dvs. online a c\u00e2\u0219tigat<\/h2>\n<p>\u0218i devine \u0219i mai bine! Dac\u0103 a\u021bi cump\u0103rat un bilet pentru Mega Millions de pe site-ul nostru, pute\u021bi arunca o privire \u00een contul dvs. (trebuie s\u0103 v\u0103 conecta\u021bi mai \u00eent\u00e2i, desigur) \u0219i \u00een sec\u021biunea \u00een care sunt stocate biletele dvs. Pentru fiecare loterie la care a\u021bi jucat, numerele c\u00e2\u0219tig\u0103toare sunt afi\u0219ate chiar l\u00e2ng\u0103 numerele pe care le-a\u021bi selectat. Toate numerele din biletul dvs. care se potrivesc cu rezultatele extragerii vor fi, de asemenea, marcate cu culori. Odat\u0103 ce \u0219ti\u021bi c\u00e2te numere a\u021bi ales corect, pute\u021bi verifica c\u00e2t a\u021bi c\u00e2\u0219tigat. De asemenea, nu uita\u021bi c\u0103 toate c\u00e2\u0219tigurile mai mici de 2500 \u20ac vor fi creditate \u00een contul dvs. de juc\u0103tor imediat ce loteria a confirmat rezultatele oficiale.<\/p>\n<h2>Arhiva rezultatelor Mega Millions<\/h2>\n<p>Paginile de pe site-ul nostru care prezint\u0103 cele mai recente rezultate Mega Millions v\u0103 ofer\u0103, de asemenea, op\u021biunea de a verifica rezultatele extragerilor anterioare. Acesta este un lucru pe care mul\u021bi juc\u0103tori \u00eel folosesc pentru a verifica ce numere au fost extrase \u00een ultima vreme sau ce numere nu au fost extrase \u00een trecut. Este o strategie de loterie foarte popular\u0103 s\u0103 folose\u0219ti aceste informa\u021bii atunci c\u00e2nd selectezi numerele pentru urm\u0103torul t\u0103u bilet.<\/p>\n<h2>Biletul meu a c\u00e2\u0219tigat, ce se \u00eent\u00e2mpl\u0103 \u00een continuare?<\/h2>\n<p>Dup\u0103 cum am men\u021bionat deja, premiile mai mici de 2500 \u20ac vor fi creditate direct \u00een contul dvs. de client de pe site-ul nostru. De acolo, pute\u021bi retrage totul sau o parte din el, at\u00e2ta timp c\u00e2t ave\u021bi un sold de cel pu\u021bin 10 \u20ac. Sau pute\u021bi folosi o parte din el pentru a cump\u0103ra bilete noi. Dac\u0103 decide\u021bi s\u0103 retrage\u021bi fonduri pe cardul de credit sau \u00een contul bancar, va trebui s\u0103 ne furniza\u021bi c\u00e2teva documente de identificare. Aceasta este o cerin\u021b\u0103 impus\u0103 de procesatorii no\u0219tri de pl\u0103\u021bi, datorit\u0103 legilor \u00eempotriva sp\u0103l\u0103rii banilor. De asemenea, nu pute\u021bi utiliza o metod\u0103 de retragere care nu a fost folosit\u0103 anterior pentru o achizi\u021bie sau un depozit.<\/p>\n","protected":false},"excerpt":{"rendered":"<p>Cu toate loteriile interna\u021bionale pe care le pute\u021bi juca pe site-ul nostru, ob\u021binerea numerelor c\u00e2\u0219tig\u0103toare \u0219i a rezultatelor ar putea fi o problem\u0103. Probabil c\u0103 nu ve\u021bi putea g\u0103si numerele c\u00e2\u0219tig\u0103toare pentru Mega Millions \u00een ziarul dumneavoastr\u0103. A\u021bi putea s\u0103 c\u0103uta\u021bi un canal de televiziune disponibil pentru dvs. care include rezultatele extragerii \u00een \u0219tirile lor, [&hellip;]<\/p>\n","protected":false},"author":1,"featured_media":0,"parent":5862,"menu_order":2,"comment_status":"closed","ping_status":"closed","template":"megamillion-results.php","meta":{"_et_pb_use_builder":"","_et_pb_old_content":"","_et_gb_content_width":"","exclude_from_search":false,"footnotes":""},"class_list":["post-80143","page","type-page","status-publish","hentry"],"yoast_head":"<!-- This site is optimized with the Yoast SEO plugin v23.4 - https:\/\/yoast.com\/wordpress\/plugins\/seo\/ -->\n<title>Numere c\u00e2\u0219tig\u0103toare Mega Millions | Ultimele rezultate \u0219i premii la Mega Millions<\/title>\n<meta name=\"description\" content=\"Cum s\u0103 utiliza\u021bi site-ul nostru pentru a g\u0103si cu u\u0219urin\u021b\u0103 numerele c\u00e2\u0219tig\u0103toare \u0219i rezultatele pentru Mega Millions\" \/>\n<meta name=\"robots\" content=\"index, follow, max-snippet:-1, max-image-preview:large, max-video-preview:-1\" \/>\n<link rel=\"canonical\" href=\"https:\/\/onlinelotto365.com\/ro\/numere-castigatoare\/mega-millions\/\" \/>\n<meta property=\"og:locale\" content=\"ro_RO\" \/>\n<meta property=\"og:type\" content=\"article\" \/>\n<meta property=\"og:title\" content=\"Numere c\u00e2\u0219tig\u0103toare Mega Millions | Ultimele rezultate \u0219i premii la Mega Millions\" \/>\n<meta property=\"og:description\" content=\"Cum s\u0103 utiliza\u021bi site-ul nostru pentru a g\u0103si cu u\u0219urin\u021b\u0103 numerele c\u00e2\u0219tig\u0103toare \u0219i rezultatele pentru Mega Millions\" \/>\n<meta property=\"og:url\" content=\"https:\/\/onlinelotto365.com\/ro\/numere-castigatoare\/mega-millions\/\" \/>\n<meta property=\"og:site_name\" content=\"OnlineLotto365\" \/>\n<meta property=\"og:image\" content=\"https:\/\/redfoxlotto.com\/image?size=8&amp;lottery=mega-millions\" \/>\n<meta name=\"twitter:card\" content=\"summary_large_image\" \/>\n<meta name=\"twitter:label1\" content=\"Timp estimat pentru citire\" \/>\n\t<meta name=\"twitter:data1\" content=\"3 minute\" \/>\n<script type=\"application\/ld+json\" class=\"yoast-schema-graph\">{\"@context\":\"https:\/\/schema.org\",\"@graph\":[{\"@type\":\"WebPage\",\"@id\":\"https:\/\/onlinelotto365.com\/ro\/numere-castigatoare\/mega-millions\/\",\"url\":\"https:\/\/onlinelotto365.com\/ro\/numere-castigatoare\/mega-millions\/\",\"name\":\"Numere c\u00e2\u0219tig\u0103toare Mega Millions | Ultimele rezultate \u0219i premii la Mega Millions\",\"isPartOf\":{\"@id\":\"https:\/\/onlinelotto365.com\/ro\/#website\"},\"primaryImageOfPage\":{\"@id\":\"https:\/\/onlinelotto365.com\/ro\/numere-castigatoare\/mega-millions\/#primaryimage\"},\"image\":{\"@id\":\"https:\/\/onlinelotto365.com\/ro\/numere-castigatoare\/mega-millions\/#primaryimage\"},\"thumbnailUrl\":\"https:\/\/redfoxlotto.com\/image?size=8&amp;lottery=mega-millions\",\"datePublished\":\"2022-11-15T06:37:12+00:00\",\"dateModified\":\"2022-11-15T06:37:12+00:00\",\"description\":\"Cum s\u0103 utiliza\u021bi site-ul nostru pentru a g\u0103si cu u\u0219urin\u021b\u0103 numerele c\u00e2\u0219tig\u0103toare \u0219i rezultatele pentru Mega Millions\",\"breadcrumb\":{\"@id\":\"https:\/\/onlinelotto365.com\/ro\/numere-castigatoare\/mega-millions\/#breadcrumb\"},\"inLanguage\":\"ro-RO\",\"potentialAction\":[{\"@type\":\"ReadAction\",\"target\":[\"https:\/\/onlinelotto365.com\/ro\/numere-castigatoare\/mega-millions\/\"]}]},{\"@type\":\"ImageObject\",\"inLanguage\":\"ro-RO\",\"@id\":\"https:\/\/onlinelotto365.com\/ro\/numere-castigatoare\/mega-millions\/#primaryimage\",\"url\":\"https:\/\/redfoxlotto.com\/image?size=8&amp;lottery=mega-millions\",\"contentUrl\":\"https:\/\/redfoxlotto.com\/image?size=8&amp;lottery=mega-millions\"},{\"@type\":\"BreadcrumbList\",\"@id\":\"https:\/\/onlinelotto365.com\/ro\/numere-castigatoare\/mega-millions\/#breadcrumb\",\"itemListElement\":[{\"@type\":\"ListItem\",\"position\":1,\"name\":\"Home\",\"item\":\"https:\/\/onlinelotto365.com\/ro\/\"},{\"@type\":\"ListItem\",\"position\":2,\"name\":\"G\u0103se\u0219te numerele c\u00e2\u0219tig\u0103toare \u0219i rezultatele celor mai recente extrageri loto.\",\"item\":\"https:\/\/onlinelotto365.com\/ro\/numere-castigatoare\/\"},{\"@type\":\"ListItem\",\"position\":3,\"name\":\"Verifica\u021bi numerele c\u00e2\u0219tig\u0103toare la Mega Millions aici\"}]},{\"@type\":\"WebSite\",\"@id\":\"https:\/\/onlinelotto365.com\/ro\/#website\",\"url\":\"https:\/\/onlinelotto365.com\/ro\/\",\"name\":\"OnlineLotto365\",\"description\":\"\",\"potentialAction\":[{\"@type\":\"SearchAction\",\"target\":{\"@type\":\"EntryPoint\",\"urlTemplate\":\"https:\/\/onlinelotto365.com\/ro\/?s={search_term_string}\"},\"query-input\":{\"@type\":\"PropertyValueSpecification\",\"valueRequired\":true,\"valueName\":\"search_term_string\"}}],\"inLanguage\":\"ro-RO\"}]}<\/script>\n<!-- \/ Yoast SEO plugin. -->","yoast_head_json":{"title":"Numere c\u00e2\u0219tig\u0103toare Mega Millions | Ultimele rezultate \u0219i premii la Mega Millions","description":"Cum s\u0103 utiliza\u021bi site-ul nostru pentru a g\u0103si cu u\u0219urin\u021b\u0103 numerele c\u00e2\u0219tig\u0103toare \u0219i rezultatele pentru Mega Millions","robots":{"index":"index","follow":"follow","max-snippet":"max-snippet:-1","max-image-preview":"max-image-preview:large","max-video-preview":"max-video-preview:-1"},"canonical":"https:\/\/onlinelotto365.com\/ro\/numere-castigatoare\/mega-millions\/","og_locale":"ro_RO","og_type":"article","og_title":"Numere c\u00e2\u0219tig\u0103toare Mega Millions | Ultimele rezultate \u0219i premii la Mega Millions","og_description":"Cum s\u0103 utiliza\u021bi site-ul nostru pentru a g\u0103si cu u\u0219urin\u021b\u0103 numerele c\u00e2\u0219tig\u0103toare \u0219i rezultatele pentru Mega Millions","og_url":"https:\/\/onlinelotto365.com\/ro\/numere-castigatoare\/mega-millions\/","og_site_name":"OnlineLotto365","og_image":[{"url":"https:\/\/redfoxlotto.com\/image?size=8&amp;lottery=mega-millions"}],"twitter_card":"summary_large_image","twitter_misc":{"Timp estimat pentru citire":"3 minute"},"schema":{"@context":"https:\/\/schema.org","@graph":[{"@type":"WebPage","@id":"https:\/\/onlinelotto365.com\/ro\/numere-castigatoare\/mega-millions\/","url":"https:\/\/onlinelotto365.com\/ro\/numere-castigatoare\/mega-millions\/","name":"Numere c\u00e2\u0219tig\u0103toare Mega Millions | Ultimele rezultate \u0219i premii la Mega Millions","isPartOf":{"@id":"https:\/\/onlinelotto365.com\/ro\/#website"},"primaryImageOfPage":{"@id":"https:\/\/onlinelotto365.com\/ro\/numere-castigatoare\/mega-millions\/#primaryimage"},"image":{"@id":"https:\/\/onlinelotto365.com\/ro\/numere-castigatoare\/mega-millions\/#primaryimage"},"thumbnailUrl":"https:\/\/redfoxlotto.com\/image?size=8&amp;lottery=mega-millions","datePublished":"2022-11-15T06:37:12+00:00","dateModified":"2022-11-15T06:37:12+00:00","description":"Cum s\u0103 utiliza\u021bi site-ul nostru pentru a g\u0103si cu u\u0219urin\u021b\u0103 numerele c\u00e2\u0219tig\u0103toare \u0219i rezultatele pentru Mega Millions","breadcrumb":{"@id":"https:\/\/onlinelotto365.com\/ro\/numere-castigatoare\/mega-millions\/#breadcrumb"},"inLanguage":"ro-RO","potentialAction":[{"@type":"ReadAction","target":["https:\/\/onlinelotto365.com\/ro\/numere-castigatoare\/mega-millions\/"]}]},{"@type":"ImageObject","inLanguage":"ro-RO","@id":"https:\/\/onlinelotto365.com\/ro\/numere-castigatoare\/mega-millions\/#primaryimage","url":"https:\/\/redfoxlotto.com\/image?size=8&amp;lottery=mega-millions","contentUrl":"https:\/\/redfoxlotto.com\/image?size=8&amp;lottery=mega-millions"},{"@type":"BreadcrumbList","@id":"https:\/\/onlinelotto365.com\/ro\/numere-castigatoare\/mega-millions\/#breadcrumb","itemListElement":[{"@type":"ListItem","position":1,"name":"Home","item":"https:\/\/onlinelotto365.com\/ro\/"},{"@type":"ListItem","position":2,"name":"G\u0103se\u0219te numerele c\u00e2\u0219tig\u0103toare \u0219i rezultatele celor mai recente extrageri loto.","item":"https:\/\/onlinelotto365.com\/ro\/numere-castigatoare\/"},{"@type":"ListItem","position":3,"name":"Verifica\u021bi numerele c\u00e2\u0219tig\u0103toare la Mega Millions aici"}]},{"@type":"WebSite","@id":"https:\/\/onlinelotto365.com\/ro\/#website","url":"https:\/\/onlinelotto365.com\/ro\/","name":"OnlineLotto365","description":"","potentialAction":[{"@type":"SearchAction","target":{"@type":"EntryPoint","urlTemplate":"https:\/\/onlinelotto365.com\/ro\/?s={search_term_string}"},"query-input":{"@type":"PropertyValueSpecification","valueRequired":true,"valueName":"search_term_string"}}],"inLanguage":"ro-RO"}]}},"_links":{"self":[{"href":"https:\/\/onlinelotto365.com\/ro\/wp-json\/wp\/v2\/pages\/80143","targetHints":{"allow":["GET"]}}],"collection":[{"href":"https:\/\/onlinelotto365.com\/ro\/wp-json\/wp\/v2\/pages"}],"about":[{"href":"https:\/\/onlinelotto365.com\/ro\/wp-json\/wp\/v2\/types\/page"}],"author":[{"embeddable":true,"href":"https:\/\/onlinelotto365.com\/ro\/wp-json\/wp\/v2\/users\/1"}],"replies":[{"embeddable":true,"href":"https:\/\/onlinelotto365.com\/ro\/wp-json\/wp\/v2\/comments?post=80143"}],"version-history":[{"count":0,"href":"https:\/\/onlinelotto365.com\/ro\/wp-json\/wp\/v2\/pages\/80143\/revisions"}],"up":[{"embeddable":true,"href":"https:\/\/onlinelotto365.com\/ro\/wp-json\/wp\/v2\/pages\/5862"}],"wp:attachment":[{"href":"https:\/\/onlinelotto365.com\/ro\/wp-json\/wp\/v2\/media?parent=80143"}],"curies":[{"name":"wp","href":"https:\/\/api.w.org\/{rel}","templated":true}]}}