{"id":80175,"date":"2022-11-15T08:41:58","date_gmt":"2022-11-15T07:41:58","guid":{"rendered":"https:\/\/onlinelotto365.com\/?page_id=80175"},"modified":"2022-11-15T08:41:58","modified_gmt":"2022-11-15T07:41:58","slug":"powerball","status":"publish","type":"page","link":"https:\/\/onlinelotto365.com\/ro\/numere-castigatoare\/powerball\/","title":{"rendered":"Rezultatele extragerii Powerball"},"content":{"rendered":"<h2>Verifica\u021bi numerele c\u00e2\u0219tig\u0103toare la Powerball aici<\/h2>\n<p>G\u0103sirea numerelor c\u00e2\u0219tig\u0103toare la Powerball este u\u0219oar\u0103 dac\u0103 locui\u021bi \u00een SUA. Mai ales \u00een ocaziile \u00een care jackpotul este foarte mare, rezultatele vor fi difuzate la \u0219tiri \u0219i publicate \u00een fiecare ziar.<br \/>\n<a href=\"https:\/\/redfoxlotto.com\/play\/powerball\/?ref=a8564250a2&amp;medium=ol365\" target=\"_blank\" rel=\"noopener noreferrer\"><img decoding=\"async\" class=\"aligncenter\" src=\"https:\/\/redfoxlotto.com\/image?size=8&amp;lottery=powerball\" alt=\"Powerball\" \/><\/a><br \/>\nDar dac\u0103 nu locui\u021bi \u00een SUA, cine v\u0103 pune m\u00e2na pe numerele c\u00e2\u0219tig\u0103toare Powerball? Cum g\u0103se\u0219ti rezultatele \u0219i cum vezi c\u00e2t ai c\u00e2\u0219tigat?<\/p>\n<h2>Cum s\u0103 afli dac\u0103 biletul t\u0103u online a c\u00e2\u0219tigat<\/h2>\n<p>Ei bine, dac\u0103 a\u021bi cump\u0103rat un bilet online, acest lucru este de fapt destul de u\u0219or. \u00centoarce\u021bi-v\u0103 pe site-ul nostru, conecta\u021bi-v\u0103 cu numele de utilizator \u0219i parola, apoi merge\u021bi la sec\u021biunea \u00een care biletul cump\u0103rat este stocat digital. Numerele pe care le-a\u021bi jucat vor fi eviden\u021biate \u00eentr-o culoare diferit\u0103 dac\u0103 se potrivesc cu numerele extrase \u00een ziua extragerii pentru care a\u021bi cump\u0103rat biletul.<\/p>\n<p>Bine\u00een\u021beles, pute\u021bi deschide \u0219i pagina noastr\u0103 de prezentare general\u0103 a rezultatelor \u0219i s\u0103 compara\u021bi astfel rezultatele extragerii cu biletul dumneavoastr\u0103. Unora dintre clien\u021bii no\u0219tri le place s\u0103 \u00ee\u0219i printeze biletele online \u0219i apoi s\u0103 marcheze numerele c\u00e2\u0219tig\u0103toare pe imprimare pentru a vedea dac\u0103 au c\u00e2\u0219tigat.<\/p>\n<h2>Arhiva rezultatelor Powerball<\/h2>\n<p>Pagina noastr\u0103 de prezentare general\u0103 a rezultatelor loteriei v\u0103 permite, de asemenea, s\u0103 arunca\u021bi o privire la numerele c\u00e2\u0219tig\u0103toare din s\u0103pt\u0103m\u00e2nile trecute. Acest lucru v\u0103 poate ajuta \u00een strategia de selectare a numerelor norocoase. De exemplu, a\u021bi putea \u00eencerca s\u0103 g\u0103si\u021bi numerele care au fost c\u00e2\u0219tigate de mult timp \u0219i apoi s\u0103 crea\u021bi un bilet de loterie folosind doar acele numere.<\/p>\n<p>Sau, pute\u021bi selecta numerele c\u00e2\u0219tig\u0103toare la Powerball afl\u00e2nd care numere au ie\u0219it mai des dec\u00e2t alte numere. Mul\u021bi juc\u0103tori folosesc un amestec al acestor dou\u0103 metode pentru a-\u0219i alege numerele de loterie personale.<\/p>\n<p>Dac\u0103 nu v\u0103 pute\u021bi decide ce numere s\u0103 alege\u021bi pentru un bilet c\u00e2\u0219tig\u0103tor, ce zice\u021bi de aceast\u0103 metod\u0103: Verifica\u021bi numerele c\u00e2\u0219tig\u0103toare din trecut pentru o alt\u0103 loterie cu un interval de numere similar cu cel al loteriei la care inten\u021biona\u021bi s\u0103 juca\u021bi. G\u0103si\u021bi o combina\u021bie c\u00e2\u0219tig\u0103toare care v\u0103 place \u00een acele rezultate anterioare, apoi folosi\u021bi acele numere c\u00e2\u0219tig\u0103toare mai vechi pentru a juca un nou bilet Powerball.<\/p>\n<h2>Biletul meu a c\u00e2\u0219tigat, ce se \u00eent\u00e2mpl\u0103 \u00een continuare?<\/h2>\n<p><img loading=\"lazy\" decoding=\"async\" class=\"size-full wp-image-50704 alignright\" src=\"https:\/\/onlinelotto365.com\/wp-content\/uploads\/2021\/01\/online_lottery-136.jpg\" alt=\"rezultatele loteriei\" width=\"297\" height=\"101\" \/><br \/>\nEi bine, felicit\u0103ri, bravo \u021bie! Bine\u00een\u021beles, suntem \u00eentotdeauna bucuro\u0219i dac\u0103 unul dintre clien\u021bii no\u0219tri are un bilet cu biletul c\u00e2\u0219tig\u0103tor la Powerball pe el. Fie c\u0103 este vorba de un c\u00e2\u0219tig mai mic sau mai mare, ne ocup\u0103m noi de plat\u0103 pentru dumneavoastr\u0103, gratuit, bine\u00een\u021beles!<\/p>\n<p>C\u00e2\u0219tig de 2500 \u20ac sau mai pu\u021bin &#8211; suma c\u00e2\u0219tigat\u0103 va fi creditat\u0103 \u00een soldul dvs. de pe site-ul nostru. \u00cencaseaz\u0103-l de acolo, sau folose\u0219te soldul pentru a cump\u0103ra mai multe bilete.<\/p>\n<p>C\u00e2\u0219tiguri mai mari de E2500 &#8211; echipa noastr\u0103 de asisten\u021b\u0103 v\u0103 va ajuta s\u0103 ob\u021bine\u021bi plata. Dup\u0103 ce a\u021bi trimis c\u00e2teva informa\u021bii cu privire la identitatea dvs. \u0219i metoda de plat\u0103 preferat\u0103 (transfer bancar sau cec), ve\u021bi primi plata direct \u00een modul pe care l-a\u021bi ales.<\/p>\n","protected":false},"excerpt":{"rendered":"<p>Verifica\u021bi numerele c\u00e2\u0219tig\u0103toare la Powerball aici G\u0103sirea numerelor c\u00e2\u0219tig\u0103toare la Powerball este u\u0219oar\u0103 dac\u0103 locui\u021bi \u00een SUA. Mai ales \u00een ocaziile \u00een care jackpotul este foarte mare, rezultatele vor fi difuzate la \u0219tiri \u0219i publicate \u00een fiecare ziar. Dar dac\u0103 nu locui\u021bi \u00een SUA, cine v\u0103 pune m\u00e2na pe numerele c\u00e2\u0219tig\u0103toare Powerball? Cum g\u0103se\u0219ti rezultatele [&hellip;]<\/p>\n","protected":false},"author":1,"featured_media":0,"parent":5862,"menu_order":1,"comment_status":"closed","ping_status":"closed","template":"powerball-usa-info.php","meta":{"_et_pb_use_builder":"","_et_pb_old_content":"","_et_gb_content_width":"","exclude_from_search":false,"footnotes":""},"class_list":["post-80175","page","type-page","status-publish","hentry"],"yoast_head":"<!-- This site is optimized with the Yoast SEO plugin v23.4 - https:\/\/yoast.com\/wordpress\/plugins\/seo\/ -->\n<title>Numerele c\u00e2\u0219tig\u0103toare Powerball | Verifica\u021bi rezultatele \u0219i c\u00e2\u0219tigurile pentru Powerball SUA<\/title>\n<meta name=\"description\" content=\"Vre\u021bi s\u0103 vede\u021bi dac\u0103 biletul dvs. de la Powerball este c\u00e2\u0219tig\u0103tor? Verifica\u021bi numerele c\u00e2\u0219tig\u0103toare pe site-ul nostru!\" \/>\n<meta name=\"robots\" content=\"index, follow, max-snippet:-1, max-image-preview:large, max-video-preview:-1\" \/>\n<link rel=\"canonical\" href=\"https:\/\/onlinelotto365.com\/ro\/numere-castigatoare\/powerball\/\" \/>\n<meta property=\"og:locale\" content=\"ro_RO\" \/>\n<meta property=\"og:type\" content=\"article\" \/>\n<meta property=\"og:title\" content=\"Numerele c\u00e2\u0219tig\u0103toare Powerball | Verifica\u021bi rezultatele \u0219i c\u00e2\u0219tigurile pentru Powerball SUA\" \/>\n<meta property=\"og:description\" content=\"Vre\u021bi s\u0103 vede\u021bi dac\u0103 biletul dvs. de la Powerball este c\u00e2\u0219tig\u0103tor? Verifica\u021bi numerele c\u00e2\u0219tig\u0103toare pe site-ul nostru!\" \/>\n<meta property=\"og:url\" content=\"https:\/\/onlinelotto365.com\/ro\/numere-castigatoare\/powerball\/\" \/>\n<meta property=\"og:site_name\" content=\"OnlineLotto365\" \/>\n<meta property=\"og:image\" content=\"https:\/\/redfoxlotto.com\/image?size=8&amp;lottery=powerball\" \/>\n<meta name=\"twitter:card\" content=\"summary_large_image\" \/>\n<meta name=\"twitter:label1\" content=\"Timp estimat pentru citire\" \/>\n\t<meta name=\"twitter:data1\" content=\"3 minute\" \/>\n<script type=\"application\/ld+json\" class=\"yoast-schema-graph\">{\"@context\":\"https:\/\/schema.org\",\"@graph\":[{\"@type\":\"WebPage\",\"@id\":\"https:\/\/onlinelotto365.com\/ro\/numere-castigatoare\/powerball\/\",\"url\":\"https:\/\/onlinelotto365.com\/ro\/numere-castigatoare\/powerball\/\",\"name\":\"Numerele c\u00e2\u0219tig\u0103toare Powerball | Verifica\u021bi rezultatele \u0219i c\u00e2\u0219tigurile pentru Powerball SUA\",\"isPartOf\":{\"@id\":\"https:\/\/onlinelotto365.com\/ro\/#website\"},\"primaryImageOfPage\":{\"@id\":\"https:\/\/onlinelotto365.com\/ro\/numere-castigatoare\/powerball\/#primaryimage\"},\"image\":{\"@id\":\"https:\/\/onlinelotto365.com\/ro\/numere-castigatoare\/powerball\/#primaryimage\"},\"thumbnailUrl\":\"https:\/\/redfoxlotto.com\/image?size=8&amp;lottery=powerball\",\"datePublished\":\"2022-11-15T07:41:58+00:00\",\"dateModified\":\"2022-11-15T07:41:58+00:00\",\"description\":\"Vre\u021bi s\u0103 vede\u021bi dac\u0103 biletul dvs. de la Powerball este c\u00e2\u0219tig\u0103tor? Verifica\u021bi numerele c\u00e2\u0219tig\u0103toare pe site-ul nostru!\",\"breadcrumb\":{\"@id\":\"https:\/\/onlinelotto365.com\/ro\/numere-castigatoare\/powerball\/#breadcrumb\"},\"inLanguage\":\"ro-RO\",\"potentialAction\":[{\"@type\":\"ReadAction\",\"target\":[\"https:\/\/onlinelotto365.com\/ro\/numere-castigatoare\/powerball\/\"]}]},{\"@type\":\"ImageObject\",\"inLanguage\":\"ro-RO\",\"@id\":\"https:\/\/onlinelotto365.com\/ro\/numere-castigatoare\/powerball\/#primaryimage\",\"url\":\"https:\/\/redfoxlotto.com\/image?size=8&amp;lottery=powerball\",\"contentUrl\":\"https:\/\/redfoxlotto.com\/image?size=8&amp;lottery=powerball\"},{\"@type\":\"BreadcrumbList\",\"@id\":\"https:\/\/onlinelotto365.com\/ro\/numere-castigatoare\/powerball\/#breadcrumb\",\"itemListElement\":[{\"@type\":\"ListItem\",\"position\":1,\"name\":\"Home\",\"item\":\"https:\/\/onlinelotto365.com\/ro\/\"},{\"@type\":\"ListItem\",\"position\":2,\"name\":\"G\u0103se\u0219te numerele c\u00e2\u0219tig\u0103toare \u0219i rezultatele celor mai recente extrageri loto.\",\"item\":\"https:\/\/onlinelotto365.com\/ro\/numere-castigatoare\/\"},{\"@type\":\"ListItem\",\"position\":3,\"name\":\"Rezultatele extragerii Powerball\"}]},{\"@type\":\"WebSite\",\"@id\":\"https:\/\/onlinelotto365.com\/ro\/#website\",\"url\":\"https:\/\/onlinelotto365.com\/ro\/\",\"name\":\"OnlineLotto365\",\"description\":\"\",\"potentialAction\":[{\"@type\":\"SearchAction\",\"target\":{\"@type\":\"EntryPoint\",\"urlTemplate\":\"https:\/\/onlinelotto365.com\/ro\/?s={search_term_string}\"},\"query-input\":{\"@type\":\"PropertyValueSpecification\",\"valueRequired\":true,\"valueName\":\"search_term_string\"}}],\"inLanguage\":\"ro-RO\"}]}<\/script>\n<!-- \/ Yoast SEO plugin. -->","yoast_head_json":{"title":"Numerele c\u00e2\u0219tig\u0103toare Powerball | Verifica\u021bi rezultatele \u0219i c\u00e2\u0219tigurile pentru Powerball SUA","description":"Vre\u021bi s\u0103 vede\u021bi dac\u0103 biletul dvs. de la Powerball este c\u00e2\u0219tig\u0103tor? Verifica\u021bi numerele c\u00e2\u0219tig\u0103toare pe site-ul nostru!","robots":{"index":"index","follow":"follow","max-snippet":"max-snippet:-1","max-image-preview":"max-image-preview:large","max-video-preview":"max-video-preview:-1"},"canonical":"https:\/\/onlinelotto365.com\/ro\/numere-castigatoare\/powerball\/","og_locale":"ro_RO","og_type":"article","og_title":"Numerele c\u00e2\u0219tig\u0103toare Powerball | Verifica\u021bi rezultatele \u0219i c\u00e2\u0219tigurile pentru Powerball SUA","og_description":"Vre\u021bi s\u0103 vede\u021bi dac\u0103 biletul dvs. de la Powerball este c\u00e2\u0219tig\u0103tor? Verifica\u021bi numerele c\u00e2\u0219tig\u0103toare pe site-ul nostru!","og_url":"https:\/\/onlinelotto365.com\/ro\/numere-castigatoare\/powerball\/","og_site_name":"OnlineLotto365","og_image":[{"url":"https:\/\/redfoxlotto.com\/image?size=8&amp;lottery=powerball"}],"twitter_card":"summary_large_image","twitter_misc":{"Timp estimat pentru citire":"3 minute"},"schema":{"@context":"https:\/\/schema.org","@graph":[{"@type":"WebPage","@id":"https:\/\/onlinelotto365.com\/ro\/numere-castigatoare\/powerball\/","url":"https:\/\/onlinelotto365.com\/ro\/numere-castigatoare\/powerball\/","name":"Numerele c\u00e2\u0219tig\u0103toare Powerball | Verifica\u021bi rezultatele \u0219i c\u00e2\u0219tigurile pentru Powerball SUA","isPartOf":{"@id":"https:\/\/onlinelotto365.com\/ro\/#website"},"primaryImageOfPage":{"@id":"https:\/\/onlinelotto365.com\/ro\/numere-castigatoare\/powerball\/#primaryimage"},"image":{"@id":"https:\/\/onlinelotto365.com\/ro\/numere-castigatoare\/powerball\/#primaryimage"},"thumbnailUrl":"https:\/\/redfoxlotto.com\/image?size=8&amp;lottery=powerball","datePublished":"2022-11-15T07:41:58+00:00","dateModified":"2022-11-15T07:41:58+00:00","description":"Vre\u021bi s\u0103 vede\u021bi dac\u0103 biletul dvs. de la Powerball este c\u00e2\u0219tig\u0103tor? Verifica\u021bi numerele c\u00e2\u0219tig\u0103toare pe site-ul nostru!","breadcrumb":{"@id":"https:\/\/onlinelotto365.com\/ro\/numere-castigatoare\/powerball\/#breadcrumb"},"inLanguage":"ro-RO","potentialAction":[{"@type":"ReadAction","target":["https:\/\/onlinelotto365.com\/ro\/numere-castigatoare\/powerball\/"]}]},{"@type":"ImageObject","inLanguage":"ro-RO","@id":"https:\/\/onlinelotto365.com\/ro\/numere-castigatoare\/powerball\/#primaryimage","url":"https:\/\/redfoxlotto.com\/image?size=8&amp;lottery=powerball","contentUrl":"https:\/\/redfoxlotto.com\/image?size=8&amp;lottery=powerball"},{"@type":"BreadcrumbList","@id":"https:\/\/onlinelotto365.com\/ro\/numere-castigatoare\/powerball\/#breadcrumb","itemListElement":[{"@type":"ListItem","position":1,"name":"Home","item":"https:\/\/onlinelotto365.com\/ro\/"},{"@type":"ListItem","position":2,"name":"G\u0103se\u0219te numerele c\u00e2\u0219tig\u0103toare \u0219i rezultatele celor mai recente extrageri loto.","item":"https:\/\/onlinelotto365.com\/ro\/numere-castigatoare\/"},{"@type":"ListItem","position":3,"name":"Rezultatele extragerii Powerball"}]},{"@type":"WebSite","@id":"https:\/\/onlinelotto365.com\/ro\/#website","url":"https:\/\/onlinelotto365.com\/ro\/","name":"OnlineLotto365","description":"","potentialAction":[{"@type":"SearchAction","target":{"@type":"EntryPoint","urlTemplate":"https:\/\/onlinelotto365.com\/ro\/?s={search_term_string}"},"query-input":{"@type":"PropertyValueSpecification","valueRequired":true,"valueName":"search_term_string"}}],"inLanguage":"ro-RO"}]}},"_links":{"self":[{"href":"https:\/\/onlinelotto365.com\/ro\/wp-json\/wp\/v2\/pages\/80175","targetHints":{"allow":["GET"]}}],"collection":[{"href":"https:\/\/onlinelotto365.com\/ro\/wp-json\/wp\/v2\/pages"}],"about":[{"href":"https:\/\/onlinelotto365.com\/ro\/wp-json\/wp\/v2\/types\/page"}],"author":[{"embeddable":true,"href":"https:\/\/onlinelotto365.com\/ro\/wp-json\/wp\/v2\/users\/1"}],"replies":[{"embeddable":true,"href":"https:\/\/onlinelotto365.com\/ro\/wp-json\/wp\/v2\/comments?post=80175"}],"version-history":[{"count":0,"href":"https:\/\/onlinelotto365.com\/ro\/wp-json\/wp\/v2\/pages\/80175\/revisions"}],"up":[{"embeddable":true,"href":"https:\/\/onlinelotto365.com\/ro\/wp-json\/wp\/v2\/pages\/5862"}],"wp:attachment":[{"href":"https:\/\/onlinelotto365.com\/ro\/wp-json\/wp\/v2\/media?parent=80175"}],"curies":[{"name":"wp","href":"https:\/\/api.w.org\/{rel}","templated":true}]}}