{"id":80227,"date":"2022-11-15T12:05:29","date_gmt":"2022-11-15T11:05:29","guid":{"rendered":"https:\/\/onlinelotto365.com\/?page_id=80227"},"modified":"2022-11-15T12:05:29","modified_gmt":"2022-11-15T11:05:29","slug":"superenalotto","status":"publish","type":"page","link":"https:\/\/onlinelotto365.com\/ro\/cumpara-bilete\/superenalotto\/","title":{"rendered":"Cum s\u0103 cump\u0103ra\u021bi bilete Superenalotto online"},"content":{"rendered":"<p>Sunte\u021bi interesat s\u0103 cump\u0103ra\u021bi online bilete Superenalotto din Rom\u00e2nia, dar nu sunte\u021bi sigur cum s\u0103 face\u021bi asta? Ei bine, atunci e\u0219ti \u00een locul potrivit, pentru c\u0103 noi ne vom ocupa de asta pentru tine. Tot ce trebuie s\u0103 faci este s\u0103 urmezi pa\u0219ii simpli pe care \u00eei vom discuta mai jos \u0219i vei avea rapid biletele tale.<br \/>\n<img loading=\"lazy\" decoding=\"async\" class=\"alignright size-medium wp-image-3615\" src=\"https:\/\/onlinelotto365.com\/wp-content\/uploads\/2020\/11\/online_lottery-52-300x169.jpg\" alt=\"juca Superenalotto online \u00een Marea Britanie\" width=\"300\" height=\"169\" srcset=\"https:\/\/onlinelotto365.com\/wp-content\/uploads\/2020\/11\/online_lottery-52-300x169.jpg 300w, https:\/\/onlinelotto365.com\/wp-content\/uploads\/2020\/11\/online_lottery-52.jpg 462w\" sizes=\"auto, (max-width: 300px) 100vw, 300px\" \/><\/p>\n<ul>\n<li>Alege\u021bi jocul de loterie pentru care dori\u021bi s\u0103 achizi\u021biona\u021bi bilete \u0219i alege\u021bi numerele pe care dori\u021bi s\u0103 le juca\u021bi sau alege\u021bi op\u021biunea de alegere rapid\u0103 pentru a l\u0103sa calculatorul s\u0103 aleag\u0103<\/li>\n<li>pentru dvs.<\/li>\n<li>Ad\u0103uga\u021bi bilete suplimentare sau loterii suplimentare pentru a crea comanda dvs.<\/li>\n<li>Alege\u021bi op\u021biunea de a pl\u0103ti acum<\/li>\n<li>Crea\u021bi un cont la noi sau conecta\u021bi-v\u0103 la contul dvs. pentru a cump\u0103ra biletele dvs.<\/li>\n<li>Cei care trebuie s\u0103 \u00eenregistreze un cont vor trebui s\u0103 caute un link de verificare \u00een e-mailul lor pentru a se asigura c\u0103 contul lor este complet configurat<\/li>\n<li>Nu uita\u021bi c\u0103 link-ul poate ajunge \u00een folderul de spam dac\u0103 adresa noastr\u0103 de e-mail nu este ad\u0103ugat\u0103 \u00een agenda dvs. de adrese, a\u0219a c\u0103 asigura\u021bi-v\u0103 c\u0103 verifica\u021bi de dou\u0103 ori<\/li>\n<li>Alege\u021bi pictograma de plat\u0103 din partea de sus a ecranului dvs.<\/li>\n<li>Alege\u021bi metoda de plat\u0103 \u0219i urma\u021bi instruc\u021biunile pentru a finaliza procesul de plat\u0103<\/li>\n<\/ul>\n<p>&nbsp;<\/p>\n<h2>Cum s\u0103 pl\u0103ti\u021bi online biletul pentru Superenalotto<\/h2>\n<p>Facem ca plata biletului dumneavoastr\u0103 pentru Superenalotto din Rom\u00e2nia<br \/>\nc\u00e2t mai simplu posibil, oferind o gam\u0103 larg\u0103 de metode de plat\u0103 diferite. Trebuie doar s\u0103 o alege\u021bi pe cea pe care o prefera\u021bi \u0219i ve\u021bi fi pe drum \u00een cel mai scurt timp.<\/p>\n<p>C\u00e2nd sunte\u021bi gata s\u0103 v\u0103 cump\u0103ra\u021bi biletele online, trebuie doar s\u0103 alege\u021bi \u00eentre:<\/p>\n<ul>\n<li>Utiliza\u021bi o metod\u0103 de plat\u0103 preferat\u0103 pentru a pl\u0103ti biletele direct<\/li>\n<li>Pune\u021bi bani \u00een contul dumneavoastr\u0103 \u0219i folosi\u021bi acei bani pentru a v\u0103 cump\u0103ra biletele<\/li>\n<\/ul>\n<p>Doar asigura\u021bi-v\u0103 c\u0103 depune\u021bi \u00een cont mai mult dec\u00e2t suma de bani de care ave\u021bi nevoie pentru bilete dac\u0103 alege\u021bi s\u0103 pl\u0103ti\u021bi \u00een acest mod.<\/p>\n<h2>Mai multe informa\u021bii despre Superenalotto<\/h2>\n<ul>\n<li>\u021aar\u0103: Italia<\/li>\n<li>Numerele principale: 90<\/li>\n<li>Tu alegi: 6<\/li>\n<li>Trage zilele, orele: Mar\u021bi, joi, s\u00e2mb\u0103t\u0103, 19:00 GMT, 21:00 CET<\/li>\n<li>Jackpot minim: 2 milioane de euro<\/li>\n<li>Jackpot maxim: niciunul<\/li>\n<li>Probabilitatea de a c\u00e2\u0219tiga jackpotul: 1 din 622614630<\/li>\n<li>Probabilitatea unui c\u00e2\u0219tig de nivel 2: 1 la 103769105<\/li>\n<li>Probabilitatea de a c\u00e2\u0219tiga \u00een orice nivel: 1 la 20,58<\/li>\n<li>Num\u0103rul de niveluri de premii: 6<\/li>\n<\/ul>\n<h2>Avantajele cump\u0103r\u0103rii online a biletelor Superenalotto<\/h2>\n<ul>\n<li>Achizi\u021bionarea biletelor se face de oriunde v\u0103 sim\u021bi\u021bi cel mai confortabil, inclusiv din Rom\u00e2nia<\/li>\n<li>Pute\u021bi alege din mai multe loterii diferite<\/li>\n<li>Ob\u021bine\u021bi cele mai mari \u0219anse de a c\u00e2\u0219tiga la loteriile care au cele mai bune jackpoturi<\/li>\n<li>Ad\u0103uga\u021bi bani \u00een contul dumneavoastr\u0103 pentru a pl\u0103ti direct biletele<\/li>\n<li>Nu v\u0103 face\u021bi griji c\u0103 v\u0103 pierde\u021bi biletul<\/li>\n<li>Notific\u0103ri instantanee atunci c\u00e2nd c\u00e2\u0219tiga\u021bi<\/li>\n<li>Generator de numere aleatorii pentru op\u021biuni de alegere rapid\u0103 a biletelor<\/li>\n<\/ul>\n<h2>Este legal s\u0103 cumperi bilete Superenalotto online?<\/h2>\n<p>Ce se \u00eent\u00e2mpl\u0103 dac\u0103 sunte\u021bi \u00eengrijorat de legalitatea cump\u0103r\u0103rii biletelor loto online? Sau chiar \u00een mod tradi\u021bional? Dac\u0103 \u021bara dvs. de re\u0219edin\u021b\u0103 are ni\u0219te legi stricte, s-ar putea s\u0103 fi\u021bi \u00eengrijorat, dar nu trebuie s\u0103 fi\u021bi. Asta pentru c\u0103 serviciul nostru respect\u0103 reglement\u0103rile \u0219i se asigur\u0103 c\u0103 v\u0103 ve\u021bi primi c\u00e2\u0219tigurile, indiferent de suma c\u00e2\u0219tigat\u0103 sau de locul \u00een care locui\u021bi. Trebuie doar s\u0103 ai 18 ani pentru a folosi serviciul.<\/p>\n<h2>Cum sunt pl\u0103tit dac\u0103 c\u00e2\u0219tig Superenalotto online?<\/h2>\n<p><a href=\"https:\/\/redfoxlotto.com\/play\/superenalotto\/?ref=a8564250a2&amp;medium=ol365\" target=\"_blank\" rel=\"noopener noreferrer\"><img decoding=\"async\" class=\"aligncenter\" src=\"https:\/\/redfoxlotto.com\/image?size=8&amp;lottery=superenalotto\" alt=\"superenalotto\" \/><\/a><br \/>\nDac\u0103 c\u00e2\u0219tigi, procesul de plat\u0103 este u\u0219or, deoarece trebuie s\u0103 faci foarte pu\u021bine lucruri. \u0218i nici nu trebuie s\u0103 v\u0103 face\u021bi griji c\u0103 ve\u021bi pierde vreun c\u00e2\u0219tig. Nu lu\u0103m niciun comision atunci c\u00e2nd c\u00e2\u0219tigi \u0219i nu \u00ee\u021bi percepem niciun comision dec\u00e2t dac\u0103 alegi s\u0103 fie efectuat un transfer bancar. \u00cen acest caz, dac\u0103 banca ne percepe comisioane pentru transfer, atunci noi le transfer\u0103m \u0219i este posibil s\u0103 vede\u021bi o mic\u0103 sum\u0103 luat\u0103 din c\u00e2\u0219tigurile dvs.<\/p>\n<p><strong>\u00cen rest, exist\u0103 dou\u0103 lucruri pe care trebuie s\u0103 le \u0219ti\u021bi:<\/strong><\/p>\n<ul>\n<li>Sumele c\u00e2\u0219tigate care nu dep\u0103\u0219esc 2500 \u20ac sunt imediat depuse direct \u00een contul t\u0103u de juc\u0103tor, astfel \u00eenc\u00e2t le po\u021bi folosi cum dore\u0219ti.<\/li>\n<li>Sumele care dep\u0103\u0219esc 2500 \u20ac vor avea nevoie de un pas suplimentar. Vei fi contactat de c\u0103tre echipa noastr\u0103 de asisten\u021b\u0103 cu un formular pe care trebuie s\u0103-l completezi pentru comisionul loteriei. Formularul va detalia modul \u00een care dori\u021bi ca pl\u0103\u021bile s\u0103 fie efectuate \u0219i ve\u021bi putea ob\u021bine un transfer bancar sau un cec pentru suma pe care a\u021bi c\u00e2\u0219tigat-o.<\/li>\n<\/ul>\n","protected":false},"excerpt":{"rendered":"<p>Sunte\u021bi interesat s\u0103 cump\u0103ra\u021bi online bilete Superenalotto din Rom\u00e2nia, dar nu sunte\u021bi sigur cum s\u0103 face\u021bi asta? Ei bine, atunci e\u0219ti \u00een locul potrivit, pentru c\u0103 noi ne vom ocupa de asta pentru tine. Tot ce trebuie s\u0103 faci este s\u0103 urmezi pa\u0219ii simpli pe care \u00eei vom discuta mai jos \u0219i vei avea rapid [&hellip;]<\/p>\n","protected":false},"author":1,"featured_media":0,"parent":5673,"menu_order":5,"comment_status":"closed","ping_status":"closed","template":"superenalotto-info.php","meta":{"_et_pb_use_builder":"","_et_pb_old_content":"","_et_gb_content_width":"","exclude_from_search":false,"footnotes":""},"class_list":["post-80227","page","type-page","status-publish","hentry"],"yoast_head":"<!-- This site is optimized with the Yoast SEO plugin v23.4 - https:\/\/yoast.com\/wordpress\/plugins\/seo\/ -->\n<title>Despre cump\u0103rarea biletelor pentru Superenalotto online din Rom\u00e2nia<\/title>\n<meta name=\"description\" content=\"Afl\u0103 cum po\u021bi cump\u0103ra bilete la Superenalotto de oriunde, inclusiv din Rom\u00e2nia\" \/>\n<meta name=\"robots\" content=\"index, follow, max-snippet:-1, max-image-preview:large, max-video-preview:-1\" \/>\n<link rel=\"canonical\" href=\"https:\/\/onlinelotto365.com\/ro\/cumpara-bilete\/superenalotto\/\" \/>\n<meta property=\"og:locale\" content=\"ro_RO\" \/>\n<meta property=\"og:type\" content=\"article\" \/>\n<meta property=\"og:title\" content=\"Despre cump\u0103rarea biletelor pentru Superenalotto online din Rom\u00e2nia\" \/>\n<meta property=\"og:description\" content=\"Afl\u0103 cum po\u021bi cump\u0103ra bilete la Superenalotto de oriunde, inclusiv din Rom\u00e2nia\" \/>\n<meta property=\"og:url\" content=\"https:\/\/onlinelotto365.com\/ro\/cumpara-bilete\/superenalotto\/\" \/>\n<meta property=\"og:site_name\" content=\"OnlineLotto365\" \/>\n<meta property=\"og:image\" content=\"https:\/\/onlinelotto365.com\/wp-content\/uploads\/2020\/11\/online_lottery-52-300x169.jpg\" \/>\n<meta name=\"twitter:card\" content=\"summary_large_image\" \/>\n<meta name=\"twitter:label1\" content=\"Timp estimat pentru citire\" \/>\n\t<meta name=\"twitter:data1\" content=\"4 minute\" \/>\n<script type=\"application\/ld+json\" class=\"yoast-schema-graph\">{\"@context\":\"https:\/\/schema.org\",\"@graph\":[{\"@type\":\"WebPage\",\"@id\":\"https:\/\/onlinelotto365.com\/ro\/cumpara-bilete\/superenalotto\/\",\"url\":\"https:\/\/onlinelotto365.com\/ro\/cumpara-bilete\/superenalotto\/\",\"name\":\"Despre cump\u0103rarea biletelor pentru Superenalotto online din Rom\u00e2nia\",\"isPartOf\":{\"@id\":\"https:\/\/onlinelotto365.com\/ro\/#website\"},\"primaryImageOfPage\":{\"@id\":\"https:\/\/onlinelotto365.com\/ro\/cumpara-bilete\/superenalotto\/#primaryimage\"},\"image\":{\"@id\":\"https:\/\/onlinelotto365.com\/ro\/cumpara-bilete\/superenalotto\/#primaryimage\"},\"thumbnailUrl\":\"https:\/\/onlinelotto365.com\/wp-content\/uploads\/2020\/11\/online_lottery-52-300x169.jpg\",\"datePublished\":\"2022-11-15T11:05:29+00:00\",\"dateModified\":\"2022-11-15T11:05:29+00:00\",\"description\":\"Afl\u0103 cum po\u021bi cump\u0103ra bilete la Superenalotto de oriunde, inclusiv din Rom\u00e2nia\",\"breadcrumb\":{\"@id\":\"https:\/\/onlinelotto365.com\/ro\/cumpara-bilete\/superenalotto\/#breadcrumb\"},\"inLanguage\":\"ro-RO\",\"potentialAction\":[{\"@type\":\"ReadAction\",\"target\":[\"https:\/\/onlinelotto365.com\/ro\/cumpara-bilete\/superenalotto\/\"]}]},{\"@type\":\"ImageObject\",\"inLanguage\":\"ro-RO\",\"@id\":\"https:\/\/onlinelotto365.com\/ro\/cumpara-bilete\/superenalotto\/#primaryimage\",\"url\":\"https:\/\/onlinelotto365.com\/wp-content\/uploads\/2020\/11\/online_lottery-52-300x169.jpg\",\"contentUrl\":\"https:\/\/onlinelotto365.com\/wp-content\/uploads\/2020\/11\/online_lottery-52-300x169.jpg\"},{\"@type\":\"BreadcrumbList\",\"@id\":\"https:\/\/onlinelotto365.com\/ro\/cumpara-bilete\/superenalotto\/#breadcrumb\",\"itemListElement\":[{\"@type\":\"ListItem\",\"position\":1,\"name\":\"Home\",\"item\":\"https:\/\/onlinelotto365.com\/ro\/\"},{\"@type\":\"ListItem\",\"position\":2,\"name\":\"De ce are mai mult sens s\u0103 cumperi bilete la loterie online.\",\"item\":\"https:\/\/onlinelotto365.com\/ro\/cumpara-bilete\/\"},{\"@type\":\"ListItem\",\"position\":3,\"name\":\"Cum s\u0103 cump\u0103ra\u021bi bilete Superenalotto online\"}]},{\"@type\":\"WebSite\",\"@id\":\"https:\/\/onlinelotto365.com\/ro\/#website\",\"url\":\"https:\/\/onlinelotto365.com\/ro\/\",\"name\":\"OnlineLotto365\",\"description\":\"\",\"potentialAction\":[{\"@type\":\"SearchAction\",\"target\":{\"@type\":\"EntryPoint\",\"urlTemplate\":\"https:\/\/onlinelotto365.com\/ro\/?s={search_term_string}\"},\"query-input\":{\"@type\":\"PropertyValueSpecification\",\"valueRequired\":true,\"valueName\":\"search_term_string\"}}],\"inLanguage\":\"ro-RO\"}]}<\/script>\n<!-- \/ Yoast SEO plugin. -->","yoast_head_json":{"title":"Despre cump\u0103rarea biletelor pentru Superenalotto online din Rom\u00e2nia","description":"Afl\u0103 cum po\u021bi cump\u0103ra bilete la Superenalotto de oriunde, inclusiv din Rom\u00e2nia","robots":{"index":"index","follow":"follow","max-snippet":"max-snippet:-1","max-image-preview":"max-image-preview:large","max-video-preview":"max-video-preview:-1"},"canonical":"https:\/\/onlinelotto365.com\/ro\/cumpara-bilete\/superenalotto\/","og_locale":"ro_RO","og_type":"article","og_title":"Despre cump\u0103rarea biletelor pentru Superenalotto online din Rom\u00e2nia","og_description":"Afl\u0103 cum po\u021bi cump\u0103ra bilete la Superenalotto de oriunde, inclusiv din Rom\u00e2nia","og_url":"https:\/\/onlinelotto365.com\/ro\/cumpara-bilete\/superenalotto\/","og_site_name":"OnlineLotto365","og_image":[{"url":"https:\/\/onlinelotto365.com\/wp-content\/uploads\/2020\/11\/online_lottery-52-300x169.jpg"}],"twitter_card":"summary_large_image","twitter_misc":{"Timp estimat pentru citire":"4 minute"},"schema":{"@context":"https:\/\/schema.org","@graph":[{"@type":"WebPage","@id":"https:\/\/onlinelotto365.com\/ro\/cumpara-bilete\/superenalotto\/","url":"https:\/\/onlinelotto365.com\/ro\/cumpara-bilete\/superenalotto\/","name":"Despre cump\u0103rarea biletelor pentru Superenalotto online din Rom\u00e2nia","isPartOf":{"@id":"https:\/\/onlinelotto365.com\/ro\/#website"},"primaryImageOfPage":{"@id":"https:\/\/onlinelotto365.com\/ro\/cumpara-bilete\/superenalotto\/#primaryimage"},"image":{"@id":"https:\/\/onlinelotto365.com\/ro\/cumpara-bilete\/superenalotto\/#primaryimage"},"thumbnailUrl":"https:\/\/onlinelotto365.com\/wp-content\/uploads\/2020\/11\/online_lottery-52-300x169.jpg","datePublished":"2022-11-15T11:05:29+00:00","dateModified":"2022-11-15T11:05:29+00:00","description":"Afl\u0103 cum po\u021bi cump\u0103ra bilete la Superenalotto de oriunde, inclusiv din Rom\u00e2nia","breadcrumb":{"@id":"https:\/\/onlinelotto365.com\/ro\/cumpara-bilete\/superenalotto\/#breadcrumb"},"inLanguage":"ro-RO","potentialAction":[{"@type":"ReadAction","target":["https:\/\/onlinelotto365.com\/ro\/cumpara-bilete\/superenalotto\/"]}]},{"@type":"ImageObject","inLanguage":"ro-RO","@id":"https:\/\/onlinelotto365.com\/ro\/cumpara-bilete\/superenalotto\/#primaryimage","url":"https:\/\/onlinelotto365.com\/wp-content\/uploads\/2020\/11\/online_lottery-52-300x169.jpg","contentUrl":"https:\/\/onlinelotto365.com\/wp-content\/uploads\/2020\/11\/online_lottery-52-300x169.jpg"},{"@type":"BreadcrumbList","@id":"https:\/\/onlinelotto365.com\/ro\/cumpara-bilete\/superenalotto\/#breadcrumb","itemListElement":[{"@type":"ListItem","position":1,"name":"Home","item":"https:\/\/onlinelotto365.com\/ro\/"},{"@type":"ListItem","position":2,"name":"De ce are mai mult sens s\u0103 cumperi bilete la loterie online.","item":"https:\/\/onlinelotto365.com\/ro\/cumpara-bilete\/"},{"@type":"ListItem","position":3,"name":"Cum s\u0103 cump\u0103ra\u021bi bilete Superenalotto online"}]},{"@type":"WebSite","@id":"https:\/\/onlinelotto365.com\/ro\/#website","url":"https:\/\/onlinelotto365.com\/ro\/","name":"OnlineLotto365","description":"","potentialAction":[{"@type":"SearchAction","target":{"@type":"EntryPoint","urlTemplate":"https:\/\/onlinelotto365.com\/ro\/?s={search_term_string}"},"query-input":{"@type":"PropertyValueSpecification","valueRequired":true,"valueName":"search_term_string"}}],"inLanguage":"ro-RO"}]}},"_links":{"self":[{"href":"https:\/\/onlinelotto365.com\/ro\/wp-json\/wp\/v2\/pages\/80227","targetHints":{"allow":["GET"]}}],"collection":[{"href":"https:\/\/onlinelotto365.com\/ro\/wp-json\/wp\/v2\/pages"}],"about":[{"href":"https:\/\/onlinelotto365.com\/ro\/wp-json\/wp\/v2\/types\/page"}],"author":[{"embeddable":true,"href":"https:\/\/onlinelotto365.com\/ro\/wp-json\/wp\/v2\/users\/1"}],"replies":[{"embeddable":true,"href":"https:\/\/onlinelotto365.com\/ro\/wp-json\/wp\/v2\/comments?post=80227"}],"version-history":[{"count":0,"href":"https:\/\/onlinelotto365.com\/ro\/wp-json\/wp\/v2\/pages\/80227\/revisions"}],"up":[{"embeddable":true,"href":"https:\/\/onlinelotto365.com\/ro\/wp-json\/wp\/v2\/pages\/5673"}],"wp:attachment":[{"href":"https:\/\/onlinelotto365.com\/ro\/wp-json\/wp\/v2\/media?parent=80227"}],"curies":[{"name":"wp","href":"https:\/\/api.w.org\/{rel}","templated":true}]}}