{"id":80257,"date":"2022-11-16T07:41:23","date_gmt":"2022-11-16T06:41:23","guid":{"rendered":"https:\/\/onlinelotto365.com\/?page_id=80257"},"modified":"2022-11-16T07:41:23","modified_gmt":"2022-11-16T06:41:23","slug":"el-gordo","status":"publish","type":"page","link":"https:\/\/onlinelotto365.com\/ro\/cumpara-bilete\/el-gordo\/","title":{"rendered":"Cum s\u0103 cump\u0103ra\u021bi online bilete El Gordo"},"content":{"rendered":"<p>E\u0219ti curios s\u0103 cumperi bilete El Gordo online, \u00een timp ce locuie\u0219ti \u00een Rom\u00e2nia? Ei bine, atunci nu vei dori s\u0103 ratezi acest articol, pentru c\u0103 te vom ghida chiar prin acest proces, astfel \u00eenc\u00e2t s\u0103 po\u021bi ob\u021bine biletele pe care le dore\u0219ti f\u0103r\u0103 b\u0103t\u0103i de cap \u0219i f\u0103r\u0103 s\u0103 trebuiasc\u0103 s\u0103 c\u0103l\u0103tore\u0219ti nici \u00eentr-o \u021bar\u0103 \u00een care se joac\u0103 \u00een mod normal acest joc.<br \/>\n<a href=\"https:\/\/redfoxlotto.com\/play\/el-gordo-primitiva\/?ref=a8564250a2&amp;medium=ol365\" target=\"_blank\" rel=\"noopener noreferrer\"><img decoding=\"async\" class=\"aligncenter\" src=\"https:\/\/redfoxlotto.com\/image?size=8&amp;lottery=el-gordo-primitiva\" alt=\"el gordo\" \/><\/a><\/p>\n<ul>\n<li>Consulta\u021bi pagina principal\u0103 a loteriei la care dori\u021bi s\u0103 juca\u021bi \u0219i alege\u021bi numerele pe care le dori\u021bi pe bilete<\/li>\n<li>Ad\u0103uga\u021bi \u0219i mai multe bilete pentru acela\u0219i joc sau pentru alte jocuri pe care dori\u021bi s\u0103 le juca\u021bi, astfel \u00eenc\u00e2t s\u0103 ave\u021bi o comand\u0103 complet\u0103<\/li>\n<li>Alege\u021bi op\u021biunea de a pl\u0103ti acum<\/li>\n<li>Trece\u021bi prin procesul de \u00eenregistrare pentru contul dvs. dac\u0103 nu a\u021bi mai cump\u0103rat niciodat\u0103 de la noi sau conecta\u021bi-v\u0103 la contul dvs. existent dac\u0103 ave\u021bi deja unul.<\/li>\n<li>Verific\u0103-\u021bi e-mailul pentru un link de verificare pentru conturile care au nevoie de verificare \u0219i \u00eenregistrare<\/li>\n<li>Dac\u0103 e-mailul nu apare \u00een c\u0103su\u021ba dvs. de primire, asigura\u021bi-v\u0103 c\u0103 v\u0103 uita\u021bi \u00een dosarul de spam pentru a v\u0103 asigura c\u0103 nu a ajuns acolo<\/li>\n<li>Face\u021bi clic pe co\u0219ul de cump\u0103r\u0103turi pentru a pl\u0103ti comanda.<\/li>\n<li>Alege\u021bi op\u021biunea de plat\u0103 pe care dori\u021bi s\u0103 o utiliza\u021bi \u0219i urma\u021bi instruc\u021biunile de plat\u0103<\/li>\n<\/ul>\n<h2>Cum s\u0103 pl\u0103ti\u021bi pentru biletul online pentru El Gordo<\/h2>\n<p>Efectuarea unei pl\u0103\u021bi pentru biletele dumneavoastr\u0103 este u\u0219oar\u0103 \u0219i rapid\u0103, deoarece vrem s\u0103 ne asigur\u0103m c\u0103 clien\u021bii no\u0219tri din Rom\u00e2nia pot alege biletele pe care le doresc atunci c\u00e2nd le doresc.<br \/>\nPute\u021bi alege s\u0103 pl\u0103ti\u021bi pentru biletele dvs. f\u0103c\u00e2nd oricare dintre urm\u0103toarele:<\/p>\n<ul>\n<li>Introduce\u021bi o metod\u0103 de plat\u0103 pentru a face o achizi\u021bie direct<\/li>\n<li>Ad\u0103uga\u021bi bani \u00een contul dvs. pentru a face o plat\u0103 direct de acolo<\/li>\n<\/ul>\n<p>Asigur\u0103-te c\u0103 adaugi mai mult dec\u00e2t suficient \u00een contul t\u0103u de juc\u0103tor dac\u0103 pl\u0103nuie\u0219ti s\u0103 faci o achizi\u021bie direct de aici.<\/p>\n<h2>Mai multe informa\u021bii despre El Gordo<\/h2>\n<ul>\n<li>\u021aar\u0103: Spania<\/li>\n<li>Intervalul numerelor principale: 54<\/li>\n<li>Alege tu: 5<\/li>\n<li>Numere suplimentare: nici unul<\/li>\n<li>Tu alegi: niciunul<\/li>\n<li>Zilele \u0219i orele de extragere: Duminic\u0103, 21:30 CET, 21:30 CET<\/li>\n<li>Jackpot minim: 4 milioane de euro<\/li>\n<li>Jackpot maxim: niciunul<\/li>\n<li>Probabilitatea de a c\u00e2\u0219tiga jackpotul: 1 din 31625100<\/li>\n<li>Probabilitatea unui c\u00e2\u0219tig de nivel 2: 1 la 3513900<\/li>\n<li>Probabilitatea de a c\u00e2\u0219tiga \u00een orice nivel: 1 la 6,16<\/li>\n<li>Num\u0103rul de niveluri de premii: 9<\/li>\n<\/ul>\n<h2>Avantajele cump\u0103r\u0103rii online a biletelor El Gordo<\/h2>\n<ul>\n<li>Ob\u021bine\u021bi biletele pe care le dori\u021bi f\u0103r\u0103 s\u0103 pleca\u021bi de acas\u0103<\/li>\n<li>Alege\u021bi din mai multe jocuri de loterie<\/li>\n<li>Ob\u021bine\u021bi \u0219anse \u0219i mai mari de c\u00e2\u0219tig aleg\u00e2nd jocurile de loterie cu cele mai bune jackpoturi<\/li>\n<li>Ad\u0103uga\u021bi bani \u00een contul dvs. \u0219i pl\u0103ti\u021bi biletele folosind soldul dvs. de loterie<\/li>\n<li>\u021aine\u021bi eviden\u021ba biletelor dvs. cu u\u0219urin\u021b\u0103<\/li>\n<li>Primi\u021bi o notificare instantanee pentru biletele c\u00e2\u0219tig\u0103toare<\/li>\n<li>L\u0103sa\u021bi calculatorul s\u0103 aleag\u0103 numerele de bilete pe care le folosi\u021bi<\/li>\n<\/ul>\n<h2>Este legal s\u0103 cumperi bilete El Gordo online?<\/h2>\n<p>Nu v\u0103 face\u021bi griji dac\u0103 biletele \u0219i cump\u0103rarea online sau \u00een mod tradi\u021bional este legal\u0103 pentru dumneavoastr\u0103 \u00een Rom\u00e2nia. Sistemul nostru face totul legal \u0219i conform reglement\u0103rilor. Ca s\u0103 nu mai spunem c\u0103 \u00ee\u021bi vei primi plata \u0219i c\u00e2\u0219tigurile, indiferent de situa\u021bie. Ne asigur\u0103m c\u0103 acesta este transferat \u00een contul t\u0103u c\u00e2t mai repede posibil.<br \/>\nTot ce trebuie s\u0103 faci este s\u0103 ai 18 ani pentru a putea folosi site-ul nostru.<\/p>\n<h2>Cum sunt pl\u0103tit dac\u0103 c\u00e2\u0219tig El Gordo online?<\/h2>\n<p><img loading=\"lazy\" decoding=\"async\" class=\"alignright wp-image-3585\" src=\"https:\/\/onlinelotto365.com\/wp-content\/uploads\/2020\/11\/online_lottery-106.jpg\" alt=\"juca el gordo online Rom\u00e2nia\" width=\"282\" height=\"169\" \/><br \/>\n\u0218tim c\u0103 a fi pl\u0103tit este extrem de important pentru tine, motiv pentru care punem foarte mult timp \u0219i efort \u00een acest proces. Ne asigur\u0103m c\u0103 prime\u0219ti toate c\u00e2\u0219tigurile tale f\u0103r\u0103 taxe sau comisioane luate pentru noi. Singurul moment \u00een care ne pl\u0103te\u0219ti ceva este dac\u0103 alegi un transfer bancar ca metod\u0103 de plat\u0103. \u00cen unele zone, acest lucru poate necesita un comision din partea b\u0103ncii pentru un transfer \u00een Rom\u00e2nia, iar noi \u00ee\u021bi vom transfera \u0219i acest mic comision.<\/p>\n<h2>\u00cen caz contrar, plata are loc \u00eentr-unul din cele dou\u0103 moduri:<\/h2>\n<p>Dac\u0103 c\u00e2\u0219tigi mai pu\u021bin de 2500 \u20ac, vom depune automat banii direct \u00een contul t\u0103u, astfel \u00eenc\u00e2t nu trebuie s\u0103 faci nimic altceva.<br \/>\nDac\u0103 c\u00e2\u0219tiga\u021bi mai mult de 2500 \u20ac, atunci va trebui s\u0103 a\u0219tepta\u021bi un e-mail de la echipa noastr\u0103 de asisten\u021b\u0103 pentru a putea completa formularul de revendicare. Acest lucru \u00ee\u021bi va permite s\u0103 prime\u0219ti c\u00e2\u0219tigurile depuse direct prin transfer bancar sau printr-un cec care \u00ee\u021bi va fi trimis.<\/p>\n","protected":false},"excerpt":{"rendered":"<p>E\u0219ti curios s\u0103 cumperi bilete El Gordo online, \u00een timp ce locuie\u0219ti \u00een Rom\u00e2nia? Ei bine, atunci nu vei dori s\u0103 ratezi acest articol, pentru c\u0103 te vom ghida chiar prin acest proces, astfel \u00eenc\u00e2t s\u0103 po\u021bi ob\u021bine biletele pe care le dore\u0219ti f\u0103r\u0103 b\u0103t\u0103i de cap \u0219i f\u0103r\u0103 s\u0103 trebuiasc\u0103 s\u0103 c\u0103l\u0103tore\u0219ti nici \u00eentr-o [&hellip;]<\/p>\n","protected":false},"author":1,"featured_media":0,"parent":5673,"menu_order":6,"comment_status":"closed","ping_status":"closed","template":"el-gordo-info.php","meta":{"_et_pb_use_builder":"","_et_pb_old_content":"","_et_gb_content_width":"","exclude_from_search":false,"footnotes":""},"class_list":["post-80257","page","type-page","status-publish","hentry"],"yoast_head":"<!-- This site is optimized with the Yoast SEO plugin v23.4 - https:\/\/yoast.com\/wordpress\/plugins\/seo\/ -->\n<title>El Gordo din Rom\u00e2nia - cum s\u0103 cumperi bilete online<\/title>\n<meta name=\"description\" content=\"Aceast\u0103 loterie spaniol\u0103 este acum disponibil\u0103 din Rom\u00e2nia - cump\u0103ra\u021bi bilete online\" \/>\n<meta name=\"robots\" content=\"index, follow, max-snippet:-1, max-image-preview:large, max-video-preview:-1\" \/>\n<link rel=\"canonical\" href=\"https:\/\/onlinelotto365.com\/ro\/cumpara-bilete\/el-gordo\/\" \/>\n<meta property=\"og:locale\" content=\"ro_RO\" \/>\n<meta property=\"og:type\" content=\"article\" \/>\n<meta property=\"og:title\" content=\"El Gordo din Rom\u00e2nia - cum s\u0103 cumperi bilete online\" \/>\n<meta property=\"og:description\" content=\"Aceast\u0103 loterie spaniol\u0103 este acum disponibil\u0103 din Rom\u00e2nia - cump\u0103ra\u021bi bilete online\" \/>\n<meta property=\"og:url\" content=\"https:\/\/onlinelotto365.com\/ro\/cumpara-bilete\/el-gordo\/\" \/>\n<meta property=\"og:site_name\" content=\"OnlineLotto365\" \/>\n<meta property=\"og:image\" content=\"https:\/\/redfoxlotto.com\/image?size=8&amp;lottery=el-gordo-primitiva\" \/>\n<meta name=\"twitter:card\" content=\"summary_large_image\" \/>\n<meta name=\"twitter:label1\" content=\"Timp estimat pentru citire\" \/>\n\t<meta name=\"twitter:data1\" content=\"4 minute\" \/>\n<script type=\"application\/ld+json\" class=\"yoast-schema-graph\">{\"@context\":\"https:\/\/schema.org\",\"@graph\":[{\"@type\":\"WebPage\",\"@id\":\"https:\/\/onlinelotto365.com\/ro\/cumpara-bilete\/el-gordo\/\",\"url\":\"https:\/\/onlinelotto365.com\/ro\/cumpara-bilete\/el-gordo\/\",\"name\":\"El Gordo din Rom\u00e2nia - cum s\u0103 cumperi bilete online\",\"isPartOf\":{\"@id\":\"https:\/\/onlinelotto365.com\/ro\/#website\"},\"primaryImageOfPage\":{\"@id\":\"https:\/\/onlinelotto365.com\/ro\/cumpara-bilete\/el-gordo\/#primaryimage\"},\"image\":{\"@id\":\"https:\/\/onlinelotto365.com\/ro\/cumpara-bilete\/el-gordo\/#primaryimage\"},\"thumbnailUrl\":\"https:\/\/redfoxlotto.com\/image?size=8&amp;lottery=el-gordo-primitiva\",\"datePublished\":\"2022-11-16T06:41:23+00:00\",\"dateModified\":\"2022-11-16T06:41:23+00:00\",\"description\":\"Aceast\u0103 loterie spaniol\u0103 este acum disponibil\u0103 din Rom\u00e2nia - cump\u0103ra\u021bi bilete online\",\"breadcrumb\":{\"@id\":\"https:\/\/onlinelotto365.com\/ro\/cumpara-bilete\/el-gordo\/#breadcrumb\"},\"inLanguage\":\"ro-RO\",\"potentialAction\":[{\"@type\":\"ReadAction\",\"target\":[\"https:\/\/onlinelotto365.com\/ro\/cumpara-bilete\/el-gordo\/\"]}]},{\"@type\":\"ImageObject\",\"inLanguage\":\"ro-RO\",\"@id\":\"https:\/\/onlinelotto365.com\/ro\/cumpara-bilete\/el-gordo\/#primaryimage\",\"url\":\"https:\/\/redfoxlotto.com\/image?size=8&amp;lottery=el-gordo-primitiva\",\"contentUrl\":\"https:\/\/redfoxlotto.com\/image?size=8&amp;lottery=el-gordo-primitiva\"},{\"@type\":\"BreadcrumbList\",\"@id\":\"https:\/\/onlinelotto365.com\/ro\/cumpara-bilete\/el-gordo\/#breadcrumb\",\"itemListElement\":[{\"@type\":\"ListItem\",\"position\":1,\"name\":\"Home\",\"item\":\"https:\/\/onlinelotto365.com\/ro\/\"},{\"@type\":\"ListItem\",\"position\":2,\"name\":\"De ce are mai mult sens s\u0103 cumperi bilete la loterie online.\",\"item\":\"https:\/\/onlinelotto365.com\/ro\/cumpara-bilete\/\"},{\"@type\":\"ListItem\",\"position\":3,\"name\":\"Cum s\u0103 cump\u0103ra\u021bi online bilete El Gordo\"}]},{\"@type\":\"WebSite\",\"@id\":\"https:\/\/onlinelotto365.com\/ro\/#website\",\"url\":\"https:\/\/onlinelotto365.com\/ro\/\",\"name\":\"OnlineLotto365\",\"description\":\"\",\"potentialAction\":[{\"@type\":\"SearchAction\",\"target\":{\"@type\":\"EntryPoint\",\"urlTemplate\":\"https:\/\/onlinelotto365.com\/ro\/?s={search_term_string}\"},\"query-input\":{\"@type\":\"PropertyValueSpecification\",\"valueRequired\":true,\"valueName\":\"search_term_string\"}}],\"inLanguage\":\"ro-RO\"}]}<\/script>\n<!-- \/ Yoast SEO plugin. -->","yoast_head_json":{"title":"El Gordo din Rom\u00e2nia - cum s\u0103 cumperi bilete online","description":"Aceast\u0103 loterie spaniol\u0103 este acum disponibil\u0103 din Rom\u00e2nia - cump\u0103ra\u021bi bilete online","robots":{"index":"index","follow":"follow","max-snippet":"max-snippet:-1","max-image-preview":"max-image-preview:large","max-video-preview":"max-video-preview:-1"},"canonical":"https:\/\/onlinelotto365.com\/ro\/cumpara-bilete\/el-gordo\/","og_locale":"ro_RO","og_type":"article","og_title":"El Gordo din Rom\u00e2nia - cum s\u0103 cumperi bilete online","og_description":"Aceast\u0103 loterie spaniol\u0103 este acum disponibil\u0103 din Rom\u00e2nia - cump\u0103ra\u021bi bilete online","og_url":"https:\/\/onlinelotto365.com\/ro\/cumpara-bilete\/el-gordo\/","og_site_name":"OnlineLotto365","og_image":[{"url":"https:\/\/redfoxlotto.com\/image?size=8&amp;lottery=el-gordo-primitiva"}],"twitter_card":"summary_large_image","twitter_misc":{"Timp estimat pentru citire":"4 minute"},"schema":{"@context":"https:\/\/schema.org","@graph":[{"@type":"WebPage","@id":"https:\/\/onlinelotto365.com\/ro\/cumpara-bilete\/el-gordo\/","url":"https:\/\/onlinelotto365.com\/ro\/cumpara-bilete\/el-gordo\/","name":"El Gordo din Rom\u00e2nia - cum s\u0103 cumperi bilete online","isPartOf":{"@id":"https:\/\/onlinelotto365.com\/ro\/#website"},"primaryImageOfPage":{"@id":"https:\/\/onlinelotto365.com\/ro\/cumpara-bilete\/el-gordo\/#primaryimage"},"image":{"@id":"https:\/\/onlinelotto365.com\/ro\/cumpara-bilete\/el-gordo\/#primaryimage"},"thumbnailUrl":"https:\/\/redfoxlotto.com\/image?size=8&amp;lottery=el-gordo-primitiva","datePublished":"2022-11-16T06:41:23+00:00","dateModified":"2022-11-16T06:41:23+00:00","description":"Aceast\u0103 loterie spaniol\u0103 este acum disponibil\u0103 din Rom\u00e2nia - cump\u0103ra\u021bi bilete online","breadcrumb":{"@id":"https:\/\/onlinelotto365.com\/ro\/cumpara-bilete\/el-gordo\/#breadcrumb"},"inLanguage":"ro-RO","potentialAction":[{"@type":"ReadAction","target":["https:\/\/onlinelotto365.com\/ro\/cumpara-bilete\/el-gordo\/"]}]},{"@type":"ImageObject","inLanguage":"ro-RO","@id":"https:\/\/onlinelotto365.com\/ro\/cumpara-bilete\/el-gordo\/#primaryimage","url":"https:\/\/redfoxlotto.com\/image?size=8&amp;lottery=el-gordo-primitiva","contentUrl":"https:\/\/redfoxlotto.com\/image?size=8&amp;lottery=el-gordo-primitiva"},{"@type":"BreadcrumbList","@id":"https:\/\/onlinelotto365.com\/ro\/cumpara-bilete\/el-gordo\/#breadcrumb","itemListElement":[{"@type":"ListItem","position":1,"name":"Home","item":"https:\/\/onlinelotto365.com\/ro\/"},{"@type":"ListItem","position":2,"name":"De ce are mai mult sens s\u0103 cumperi bilete la loterie online.","item":"https:\/\/onlinelotto365.com\/ro\/cumpara-bilete\/"},{"@type":"ListItem","position":3,"name":"Cum s\u0103 cump\u0103ra\u021bi online bilete El Gordo"}]},{"@type":"WebSite","@id":"https:\/\/onlinelotto365.com\/ro\/#website","url":"https:\/\/onlinelotto365.com\/ro\/","name":"OnlineLotto365","description":"","potentialAction":[{"@type":"SearchAction","target":{"@type":"EntryPoint","urlTemplate":"https:\/\/onlinelotto365.com\/ro\/?s={search_term_string}"},"query-input":{"@type":"PropertyValueSpecification","valueRequired":true,"valueName":"search_term_string"}}],"inLanguage":"ro-RO"}]}},"_links":{"self":[{"href":"https:\/\/onlinelotto365.com\/ro\/wp-json\/wp\/v2\/pages\/80257","targetHints":{"allow":["GET"]}}],"collection":[{"href":"https:\/\/onlinelotto365.com\/ro\/wp-json\/wp\/v2\/pages"}],"about":[{"href":"https:\/\/onlinelotto365.com\/ro\/wp-json\/wp\/v2\/types\/page"}],"author":[{"embeddable":true,"href":"https:\/\/onlinelotto365.com\/ro\/wp-json\/wp\/v2\/users\/1"}],"replies":[{"embeddable":true,"href":"https:\/\/onlinelotto365.com\/ro\/wp-json\/wp\/v2\/comments?post=80257"}],"version-history":[{"count":0,"href":"https:\/\/onlinelotto365.com\/ro\/wp-json\/wp\/v2\/pages\/80257\/revisions"}],"up":[{"embeddable":true,"href":"https:\/\/onlinelotto365.com\/ro\/wp-json\/wp\/v2\/pages\/5673"}],"wp:attachment":[{"href":"https:\/\/onlinelotto365.com\/ro\/wp-json\/wp\/v2\/media?parent=80257"}],"curies":[{"name":"wp","href":"https:\/\/api.w.org\/{rel}","templated":true}]}}