{"id":80289,"date":"2022-11-16T10:19:55","date_gmt":"2022-11-16T09:19:55","guid":{"rendered":"https:\/\/onlinelotto365.com\/?page_id=80289"},"modified":"2022-11-16T10:19:55","modified_gmt":"2022-11-16T09:19:55","slug":"la-primitiva","status":"publish","type":"page","link":"https:\/\/onlinelotto365.com\/ro\/cumpara-bilete\/la-primitiva\/","title":{"rendered":"Cum s\u0103 cump\u0103ra\u021bi bilete La Primitiva online"},"content":{"rendered":"<p>Dac\u0103 dori\u021bi s\u0103 cump\u0103ra\u021bi bilete La Primitiva online, dar nu sunte\u021bi \u00eenc\u0103 destul de sigur cum s\u0103 o face\u021bi, atunci asigura\u021bi-v\u0103 c\u0103 arunca\u021bi o privire la acest proces. Este mult mai u\u0219or dec\u00e2t a\u021bi putea crede pentru Rom\u00e2nia.<br \/>\nfanii loto, \u0219i ai putea a\u0219tepta extragerea mai repede dec\u00e2t crezi.<br \/>\n<a href=\"https:\/\/redfoxlotto.com\/play\/la-primitiva\/?ref=a8564250a2&amp;medium=ol365\" target=\"_blank\" rel=\"noopener noreferrer\"><img decoding=\"async\" class=\"aligncenter\" src=\"https:\/\/redfoxlotto.com\/image?size=8&amp;lottery=la-primitiva\" alt=\" la primitiva\" \/><\/a><\/p>\n<ul>\n<li>Alege jocul de loterie pe care vrei s\u0103 \u00eel joci \u0219i alege numerele pentru fiecare dintre biletele tale. Sau l\u0103sa\u021bi computerul s\u0103 aleag\u0103 numerele biletelor pentru dumneavoastr\u0103.<\/li>\n<li>Ad\u0103uga\u021bi la comanda dvs. oric\u00e2te bilete \u0219i jocuri de loterie diferite dori\u021bi \u00eenainte de a fi gata de plat\u0103<\/li>\n<li>Selecta\u021bi op\u021biunea de a pl\u0103ti acum<\/li>\n<li>\u00cenregistra\u021bi un cont nou dac\u0103 nu a\u021bi mai cump\u0103rat niciodat\u0103 de la noi sau conecta\u021bi-v\u0103 dac\u0103 sunte\u021bi un client existent<\/li>\n<li>Finaliza\u021bi procesul de \u00eenregistrare f\u0103c\u00e2nd clic pe linkul de verificare trimis la adresa dvs. de e-mail<\/li>\n<li>Verifica\u021bi at\u00e2t \u00een c\u0103su\u021ba de primire, c\u00e2t \u0219i \u00een dosarul de spam pentru e-mailul de confirmare.<\/li>\n<li>Merge\u021bi la co\u0219ul de cump\u0103r\u0103turi de pe site<\/li>\n<li>Urma\u021bi instruc\u021biunile pentru a selecta o op\u021biune de plat\u0103 \u0219i pl\u0103ti\u021bi biletele.<\/li>\n<\/ul>\n<h2>Cum s\u0103 pl\u0103ti\u021bi biletul online pentru La Primitiva<\/h2>\n<p>Pute\u021bi alege \u00eentre mai multe op\u021biuni de plat\u0103 diferite, care sunt foarte sigure pentru utilizatorii no\u0219tri. V\u0103 l\u0103s\u0103m s\u0103 alege\u021bi op\u021biunea care v\u0103 este cea mai convenabil\u0103.<br \/>\nAlege\u021bi una dintre cele dou\u0103 op\u021biuni pentru a \u00eencepe:<\/p>\n<ul>\n<li>Efectua\u021bi o plat\u0103 direct cu un card de credit, un cont bancar sau o alt\u0103 metod\u0103 de plat\u0103<\/li>\n<li>Ad\u0103uga\u021bi bani \u00een contul dvs. \u0219i folosi\u021bi-i pentru a cump\u0103ra bilete din contul dvs. de juc\u0103tor<\/li>\n<\/ul>\n<p>Cei care adaug\u0103 \u00een contul de juc\u0103tor pentru a face o achizi\u021bie vor trebui s\u0103 depun\u0103 mai mult dec\u00e2t suficien\u021bi bani pentru achizi\u021bia pe care aleg s\u0103 o fac\u0103.<\/p>\n<h2>Mai multe informa\u021bii despre La Primitiva<\/h2>\n<ul>\n<li>\u021aar\u0103: Spania<\/li>\n<li>Intervalul numerelor principale: 49<\/li>\n<li>Alege\u021bi dumneavoastr\u0103: 6<\/li>\n<li>Numere suplimentare:<\/li>\n<li>Tu alegi: 1<\/li>\n<li>Zilele \u0219i orele de extragere: Joi, s\u00e2mb\u0103t\u0103, 21:30 CET, 21:30 CET<\/li>\n<li>Jackpot minim: 2 milioane de euro<\/li>\n<li>Jackpot maxim: niciunul<\/li>\n<li>Probabilitatea de a c\u00e2\u0219tiga jackpotul: 1 din 15537573<\/li>\n<li>Probabilitatea unui c\u00e2\u0219tig de nivel 2: 1 la 542008<\/li>\n<li>Probabilitatea de a c\u00e2\u0219tiga \u00een orice nivel: 1 la 8,43<\/li>\n<li>Num\u0103rul de niveluri de premii: 9<\/li>\n<\/ul>\n<h2>Avantajele de a cump\u0103ra bilete La Primitiva online<\/h2>\n<ul>\n<li>Alege\u021bi-v\u0103 biletele f\u0103r\u0103 s\u0103 pleca\u021bi de acas\u0103<\/li>\n<li>Alege\u021bi din mai multe op\u021biuni de loterie<\/li>\n<li>Arunca\u021bi o privire la diferite jackpot-uri pentru a vedea unde pute\u021bi c\u00e2\u0219tiga cel mai mult<\/li>\n<li>Pune\u021bi bani \u00een contul dvs. pentru a pl\u0103ti biletele dvs.<\/li>\n<li>Nu v\u0103 face\u021bi griji c\u0103 v\u0103 pierde\u021bi biletele<\/li>\n<li>Ve\u021bi primi o notificare dac\u0103 ve\u021bi c\u00e2\u0219tiga<\/li>\n<li>Pute\u021bi alege un bilet generat aleatoriu<\/li>\n<\/ul>\n<h2>Este legal s\u0103 cumperi bilete La Primitiva online?<\/h2>\n<p>Unii oameni se \u00eengrijoreaz\u0103 dac\u0103 cump\u0103rarea biletelor de loterie online este permis\u0103 de \u021bara lor de re\u0219edin\u021b\u0103. Sau chiar dac\u0103 pot cump\u0103ra bilete \u00een mod tradi\u021bional. Dar nu trebuie s\u0103 v\u0103 face\u021bi griji dac\u0103 este legal s\u0103 folosi\u021bi sistemul nostru, pentru c\u0103 noi ne ocup\u0103m de reglement\u0103rile pentru zona \u00een care are loc loteria. \u00cen acest fel, v\u0103 primi\u021bi c\u00e2\u0219tigurile, indiferent de ceea ce se \u00eent\u00e2mpl\u0103 \u0219i indiferent de c\u00e2t de mult c\u00e2\u0219tiga\u021bi.<br \/>\nTrebuie doar s\u0103 ave\u021bi cel pu\u021bin 18 ani pentru a putea folosi serviciul nostru.<\/p>\n<h2>Cum sunt pl\u0103tit dac\u0103 c\u00e2\u0219tig La Primitiva online?<\/h2>\n<p><img loading=\"lazy\" decoding=\"async\" class=\"alignright wp-image-3535\" src=\"https:\/\/onlinelotto365.com\/wp-content\/uploads\/2020\/11\/online_lottery-141-296x300.jpg\" alt=\"la primitiva online\" width=\"164\" height=\"166\" srcset=\"https:\/\/onlinelotto365.com\/wp-content\/uploads\/2020\/11\/online_lottery-141-296x300.jpg 296w, https:\/\/onlinelotto365.com\/wp-content\/uploads\/2020\/11\/online_lottery-141-100x100.jpg 100w, https:\/\/onlinelotto365.com\/wp-content\/uploads\/2020\/11\/online_lottery-141.jpg 491w\" sizes=\"auto, (max-width: 164px) 100vw, 164px\" \/><br \/>\nC\u00e2nd vine vorba de a fi pl\u0103tit, \u0219tim c\u00e2t de important este pentru tine. De aceea, facem ca procesul de plat\u0103 s\u0103 fie c\u00e2t mai u\u0219or posibil. \u0218i facem totul f\u0103r\u0103 a v\u0103 percepe niciun fel de taxe sau comisioane. Cel pu\u021bin, cu excep\u021bia cazului \u00een care alegi ca plata s\u0103 fie trimis\u0103 prin transfer bancar. \u00cen acest caz, este posibil s\u0103 ni se perceap\u0103 un comision de c\u0103tre banca dumneavoastr\u0103. C\u00e2nd se \u00eent\u00e2mpl\u0103 acest lucru, noi v\u0103 transfer\u0103m acest comision.<br \/>\nTot ce trebuie s\u0103 face\u021bi este s\u0103 \u0219ti\u021bi ce se \u00eent\u00e2mpl\u0103 c\u00e2nd c\u00e2\u0219tiga\u021bi:<\/p>\n<ul>\n<li>Dac\u0103 c\u00e2\u0219tiga\u021bi mai pu\u021bin de 2500 \u20ac, nu trebuie s\u0103 face\u021bi nimic, pentru c\u0103 noi ne ocup\u0103m de tot pentru dumneavoastr\u0103. Ne asigur\u0103m c\u0103 prime\u0219ti to\u021bi banii direct \u00een contul t\u0103u de juc\u0103tor<\/li>\n<li>Dac\u0103 c\u00e2\u0219tigi mai mult de \u20ac2500 vei putea primi banii trimi\u0219i prin cec sau transfer bancar. \u00cen acest caz, va trebui s\u0103 completezi un formular de revendicare, pe care \u021bi-l va trimite echipa noastr\u0103 de asisten\u021b\u0103, iar apoi te vom ajuta cu restul<\/li>\n<\/ul>\n","protected":false},"excerpt":{"rendered":"<p>Dac\u0103 dori\u021bi s\u0103 cump\u0103ra\u021bi bilete La Primitiva online, dar nu sunte\u021bi \u00eenc\u0103 destul de sigur cum s\u0103 o face\u021bi, atunci asigura\u021bi-v\u0103 c\u0103 arunca\u021bi o privire la acest proces. Este mult mai u\u0219or dec\u00e2t a\u021bi putea crede pentru Rom\u00e2nia. fanii loto, \u0219i ai putea a\u0219tepta extragerea mai repede dec\u00e2t crezi. Alege jocul de loterie pe care [&hellip;]<\/p>\n","protected":false},"author":1,"featured_media":0,"parent":5673,"menu_order":7,"comment_status":"closed","ping_status":"closed","template":"la-primitiva-info.php","meta":{"_et_pb_use_builder":"","_et_pb_old_content":"","_et_gb_content_width":"","exclude_from_search":false,"footnotes":""},"class_list":["post-80289","page","type-page","status-publish","hentry"],"yoast_head":"<!-- This site is optimized with the Yoast SEO plugin v23.4 - https:\/\/yoast.com\/wordpress\/plugins\/seo\/ -->\n<title>Serviciu online pentru bilete La Primitiva | La Primitiva din Rom\u00e2nia<\/title>\n<meta name=\"description\" content=\"Afl\u0103 cum po\u021bi cump\u0103ra bilete la loteria La Primitiva din Spania din Rom\u00e2nia\" \/>\n<meta name=\"robots\" content=\"index, follow, max-snippet:-1, max-image-preview:large, max-video-preview:-1\" \/>\n<link rel=\"canonical\" href=\"https:\/\/onlinelotto365.com\/ro\/cumpara-bilete\/la-primitiva\/\" \/>\n<meta property=\"og:locale\" content=\"ro_RO\" \/>\n<meta property=\"og:type\" content=\"article\" \/>\n<meta property=\"og:title\" content=\"Serviciu online pentru bilete La Primitiva | La Primitiva din Rom\u00e2nia\" \/>\n<meta property=\"og:description\" content=\"Afl\u0103 cum po\u021bi cump\u0103ra bilete la loteria La Primitiva din Spania din Rom\u00e2nia\" \/>\n<meta property=\"og:url\" content=\"https:\/\/onlinelotto365.com\/ro\/cumpara-bilete\/la-primitiva\/\" \/>\n<meta property=\"og:site_name\" content=\"OnlineLotto365\" \/>\n<meta property=\"og:image\" content=\"https:\/\/redfoxlotto.com\/image?size=8&amp;lottery=la-primitiva\" \/>\n<meta name=\"twitter:card\" content=\"summary_large_image\" \/>\n<meta name=\"twitter:label1\" content=\"Timp estimat pentru citire\" \/>\n\t<meta name=\"twitter:data1\" content=\"4 minute\" \/>\n<script type=\"application\/ld+json\" class=\"yoast-schema-graph\">{\"@context\":\"https:\/\/schema.org\",\"@graph\":[{\"@type\":\"WebPage\",\"@id\":\"https:\/\/onlinelotto365.com\/ro\/cumpara-bilete\/la-primitiva\/\",\"url\":\"https:\/\/onlinelotto365.com\/ro\/cumpara-bilete\/la-primitiva\/\",\"name\":\"Serviciu online pentru bilete La Primitiva | La Primitiva din Rom\u00e2nia\",\"isPartOf\":{\"@id\":\"https:\/\/onlinelotto365.com\/ro\/#website\"},\"primaryImageOfPage\":{\"@id\":\"https:\/\/onlinelotto365.com\/ro\/cumpara-bilete\/la-primitiva\/#primaryimage\"},\"image\":{\"@id\":\"https:\/\/onlinelotto365.com\/ro\/cumpara-bilete\/la-primitiva\/#primaryimage\"},\"thumbnailUrl\":\"https:\/\/redfoxlotto.com\/image?size=8&amp;lottery=la-primitiva\",\"datePublished\":\"2022-11-16T09:19:55+00:00\",\"dateModified\":\"2022-11-16T09:19:55+00:00\",\"description\":\"Afl\u0103 cum po\u021bi cump\u0103ra bilete la loteria La Primitiva din Spania din Rom\u00e2nia\",\"breadcrumb\":{\"@id\":\"https:\/\/onlinelotto365.com\/ro\/cumpara-bilete\/la-primitiva\/#breadcrumb\"},\"inLanguage\":\"ro-RO\",\"potentialAction\":[{\"@type\":\"ReadAction\",\"target\":[\"https:\/\/onlinelotto365.com\/ro\/cumpara-bilete\/la-primitiva\/\"]}]},{\"@type\":\"ImageObject\",\"inLanguage\":\"ro-RO\",\"@id\":\"https:\/\/onlinelotto365.com\/ro\/cumpara-bilete\/la-primitiva\/#primaryimage\",\"url\":\"https:\/\/redfoxlotto.com\/image?size=8&amp;lottery=la-primitiva\",\"contentUrl\":\"https:\/\/redfoxlotto.com\/image?size=8&amp;lottery=la-primitiva\"},{\"@type\":\"BreadcrumbList\",\"@id\":\"https:\/\/onlinelotto365.com\/ro\/cumpara-bilete\/la-primitiva\/#breadcrumb\",\"itemListElement\":[{\"@type\":\"ListItem\",\"position\":1,\"name\":\"Home\",\"item\":\"https:\/\/onlinelotto365.com\/ro\/\"},{\"@type\":\"ListItem\",\"position\":2,\"name\":\"De ce are mai mult sens s\u0103 cumperi bilete la loterie online.\",\"item\":\"https:\/\/onlinelotto365.com\/ro\/cumpara-bilete\/\"},{\"@type\":\"ListItem\",\"position\":3,\"name\":\"Cum s\u0103 cump\u0103ra\u021bi bilete La Primitiva online\"}]},{\"@type\":\"WebSite\",\"@id\":\"https:\/\/onlinelotto365.com\/ro\/#website\",\"url\":\"https:\/\/onlinelotto365.com\/ro\/\",\"name\":\"OnlineLotto365\",\"description\":\"\",\"potentialAction\":[{\"@type\":\"SearchAction\",\"target\":{\"@type\":\"EntryPoint\",\"urlTemplate\":\"https:\/\/onlinelotto365.com\/ro\/?s={search_term_string}\"},\"query-input\":{\"@type\":\"PropertyValueSpecification\",\"valueRequired\":true,\"valueName\":\"search_term_string\"}}],\"inLanguage\":\"ro-RO\"}]}<\/script>\n<!-- \/ Yoast SEO plugin. -->","yoast_head_json":{"title":"Serviciu online pentru bilete La Primitiva | La Primitiva din Rom\u00e2nia","description":"Afl\u0103 cum po\u021bi cump\u0103ra bilete la loteria La Primitiva din Spania din Rom\u00e2nia","robots":{"index":"index","follow":"follow","max-snippet":"max-snippet:-1","max-image-preview":"max-image-preview:large","max-video-preview":"max-video-preview:-1"},"canonical":"https:\/\/onlinelotto365.com\/ro\/cumpara-bilete\/la-primitiva\/","og_locale":"ro_RO","og_type":"article","og_title":"Serviciu online pentru bilete La Primitiva | La Primitiva din Rom\u00e2nia","og_description":"Afl\u0103 cum po\u021bi cump\u0103ra bilete la loteria La Primitiva din Spania din Rom\u00e2nia","og_url":"https:\/\/onlinelotto365.com\/ro\/cumpara-bilete\/la-primitiva\/","og_site_name":"OnlineLotto365","og_image":[{"url":"https:\/\/redfoxlotto.com\/image?size=8&amp;lottery=la-primitiva"}],"twitter_card":"summary_large_image","twitter_misc":{"Timp estimat pentru citire":"4 minute"},"schema":{"@context":"https:\/\/schema.org","@graph":[{"@type":"WebPage","@id":"https:\/\/onlinelotto365.com\/ro\/cumpara-bilete\/la-primitiva\/","url":"https:\/\/onlinelotto365.com\/ro\/cumpara-bilete\/la-primitiva\/","name":"Serviciu online pentru bilete La Primitiva | La Primitiva din Rom\u00e2nia","isPartOf":{"@id":"https:\/\/onlinelotto365.com\/ro\/#website"},"primaryImageOfPage":{"@id":"https:\/\/onlinelotto365.com\/ro\/cumpara-bilete\/la-primitiva\/#primaryimage"},"image":{"@id":"https:\/\/onlinelotto365.com\/ro\/cumpara-bilete\/la-primitiva\/#primaryimage"},"thumbnailUrl":"https:\/\/redfoxlotto.com\/image?size=8&amp;lottery=la-primitiva","datePublished":"2022-11-16T09:19:55+00:00","dateModified":"2022-11-16T09:19:55+00:00","description":"Afl\u0103 cum po\u021bi cump\u0103ra bilete la loteria La Primitiva din Spania din Rom\u00e2nia","breadcrumb":{"@id":"https:\/\/onlinelotto365.com\/ro\/cumpara-bilete\/la-primitiva\/#breadcrumb"},"inLanguage":"ro-RO","potentialAction":[{"@type":"ReadAction","target":["https:\/\/onlinelotto365.com\/ro\/cumpara-bilete\/la-primitiva\/"]}]},{"@type":"ImageObject","inLanguage":"ro-RO","@id":"https:\/\/onlinelotto365.com\/ro\/cumpara-bilete\/la-primitiva\/#primaryimage","url":"https:\/\/redfoxlotto.com\/image?size=8&amp;lottery=la-primitiva","contentUrl":"https:\/\/redfoxlotto.com\/image?size=8&amp;lottery=la-primitiva"},{"@type":"BreadcrumbList","@id":"https:\/\/onlinelotto365.com\/ro\/cumpara-bilete\/la-primitiva\/#breadcrumb","itemListElement":[{"@type":"ListItem","position":1,"name":"Home","item":"https:\/\/onlinelotto365.com\/ro\/"},{"@type":"ListItem","position":2,"name":"De ce are mai mult sens s\u0103 cumperi bilete la loterie online.","item":"https:\/\/onlinelotto365.com\/ro\/cumpara-bilete\/"},{"@type":"ListItem","position":3,"name":"Cum s\u0103 cump\u0103ra\u021bi bilete La Primitiva online"}]},{"@type":"WebSite","@id":"https:\/\/onlinelotto365.com\/ro\/#website","url":"https:\/\/onlinelotto365.com\/ro\/","name":"OnlineLotto365","description":"","potentialAction":[{"@type":"SearchAction","target":{"@type":"EntryPoint","urlTemplate":"https:\/\/onlinelotto365.com\/ro\/?s={search_term_string}"},"query-input":{"@type":"PropertyValueSpecification","valueRequired":true,"valueName":"search_term_string"}}],"inLanguage":"ro-RO"}]}},"_links":{"self":[{"href":"https:\/\/onlinelotto365.com\/ro\/wp-json\/wp\/v2\/pages\/80289","targetHints":{"allow":["GET"]}}],"collection":[{"href":"https:\/\/onlinelotto365.com\/ro\/wp-json\/wp\/v2\/pages"}],"about":[{"href":"https:\/\/onlinelotto365.com\/ro\/wp-json\/wp\/v2\/types\/page"}],"author":[{"embeddable":true,"href":"https:\/\/onlinelotto365.com\/ro\/wp-json\/wp\/v2\/users\/1"}],"replies":[{"embeddable":true,"href":"https:\/\/onlinelotto365.com\/ro\/wp-json\/wp\/v2\/comments?post=80289"}],"version-history":[{"count":0,"href":"https:\/\/onlinelotto365.com\/ro\/wp-json\/wp\/v2\/pages\/80289\/revisions"}],"up":[{"embeddable":true,"href":"https:\/\/onlinelotto365.com\/ro\/wp-json\/wp\/v2\/pages\/5673"}],"wp:attachment":[{"href":"https:\/\/onlinelotto365.com\/ro\/wp-json\/wp\/v2\/media?parent=80289"}],"curies":[{"name":"wp","href":"https:\/\/api.w.org\/{rel}","templated":true}]}}