{"id":80321,"date":"2022-11-16T12:46:10","date_gmt":"2022-11-16T11:46:10","guid":{"rendered":"https:\/\/onlinelotto365.com\/?page_id=80321"},"modified":"2022-11-16T12:46:10","modified_gmt":"2022-11-16T11:46:10","slug":"bonoloto","status":"publish","type":"page","link":"https:\/\/onlinelotto365.com\/ro\/cumpara-bilete\/bonoloto\/","title":{"rendered":"Cum s\u0103 cump\u0103ra\u021bi bilete BonoLoto online"},"content":{"rendered":"<p>Dac\u0103 locuie\u0219ti \u00een Rom\u00e2nia \u0219i vrei s\u0103 \u0219tii cum s\u0103 joci BonoLoto online \u0219i cum s\u0103-\u021bi iei bilete, e\u0219ti la locul potrivit. Noi te putem ajuta cu \u00eentregul proces \u0219i va fi mult mai u\u0219or dec\u00e2t ai putea crede \u0219i tu. Tot ce trebuie s\u0103 faci este s\u0103 urmezi pa\u0219ii pe care \u021bi i-am prezentat mai jos.<br \/>\n<a href=\"https:\/\/redfoxlotto.com\/play\/bonoloto\/?ref=a8564250a2&amp;medium=ol365\" target=\"_blank\" rel=\"noopener noreferrer\"><img decoding=\"async\" class=\"aligncenter\" src=\"https:\/\/redfoxlotto.com\/image?size=8&amp;lottery=bonoloto\" alt=\"BonoLoto\" \/><\/a><\/p>\n<ul>\n<li>Merge\u021bi pe pagina jocului loto la care dori\u021bi s\u0103 juca\u021bi, cum ar fi BonoLoto. Apoi alege\u021bi toate biletele pe care le dori\u021bi, inclusiv numerele pe care dori\u021bi s\u0103 le juca\u021bi.<\/li>\n<li>Ad\u0103uga\u021bi bilete suplimentare pentru BonoLoto sau pentru alte jocuri la comanda dvs. p\u00e2n\u0103 c\u00e2nd sunte\u021bi gata de plat\u0103.<\/li>\n<li>Selecta\u021bi butonul pentru a pl\u0103ti acum<\/li>\n<li>Autentifica\u021bi-v\u0103 \u00een contul dvs. sau alege\u021bi op\u021biunea de a crea un cont nou \u0219i trece\u021bi prin procesul de \u00eenregistrare.<\/li>\n<li>Dac\u0103 \u00ee\u021bi creezi un cont nou, va trebui s\u0103 accesezi e-mailul t\u0103u pentru a ob\u021bine link-ul de verificare care \u00ee\u021bi va permite s\u0103 finalizezi procesul.<\/li>\n<li>Dac\u0103 nu primi\u021bi linkul, asigura\u021bi-v\u0103 c\u0103 verifica\u021bi dosarul de spam pentru a vedea dac\u0103 nu apare acolo \u00een loc s\u0103 apar\u0103 \u00een cutia po\u0219tal\u0103 obi\u0219nuit\u0103.<\/li>\n<li>Merge\u021bi la pagina de plat\u0103 de pe site \u0219i \u00eencepe\u021bi procesul de plat\u0103.<\/li>\n<li>Alege\u021bi metoda de plat\u0103 \u0219i finaliza\u021bi procesul de plat\u0103.<\/li>\n<\/ul>\n<h2>Cum s\u0103 pl\u0103ti\u021bi biletul online pentru BonoLoto<\/h2>\n<p>Vei avea la dispozi\u021bie o mul\u021bime de metode de plat\u0103 diferite pe care le po\u021bi folosi pentru a-\u021bi achizi\u021biona biletele BonoLoto \u0219i nu numai.<br \/>\nIa-\u021bi biletele aleg\u00e2nd \u00eentre aceste dou\u0103 op\u021biuni generale pentru a \u00eencepe:<\/p>\n<ul>\n<li>Efectua\u021bi plata comenzii dumneavoastr\u0103 direct cu un card de credit sau cont financiar<\/li>\n<li>Depune\u021bi bani \u00een contul dvs. de juc\u0103tor pe site-ul nostru \u0219i folosi\u021bi contul dvs. de juc\u0103tor pentru a face o achizi\u021bie<\/li>\n<\/ul>\n<p>Pentru cei care aleg s\u0103 depun\u0103 bani \u00een contul lor de juc\u0103tor, asigura\u021bi-v\u0103 c\u0103 ad\u0103uga\u021bi mai mul\u021bi bani dec\u00e2t ave\u021bi nevoie pentru comanda curent\u0103 pentru a o procesa.<\/p>\n<h2>Mai multe informa\u021bii despre BonoLoto<\/h2>\n<ul>\n<li>\u021aar\u0103: Spania<\/li>\n<li>Intervalul numerelor principale: 49<\/li>\n<li>Alege tu: 6<\/li>\n<li>Zilele \u0219i orele de extragere: zilnic, cu excep\u021bia duminicilor, 21:30 CET, 21:30 CET<\/li>\n<li>Jackpot minim: 400000<\/li>\n<li>Jackpot maxim: niciunul<\/li>\n<li>Probabilitatea de a c\u00e2\u0219tiga jackpot-ul: 1 din 13983816<\/li>\n<li>Probabilitatea unui c\u00e2\u0219tig de nivel 2: 1 la 2330636<\/li>\n<li>Probabilitatea de a c\u00e2\u0219tiga \u00een orice nivel: 1 la 8,43<\/li>\n<li>Num\u0103rul de niveluri de premii: 6<\/li>\n<\/ul>\n<h2>Avantajele de a cump\u0103ra bilete BonoLoto online<\/h2>\n<ul>\n<li>R\u0103m\u00e2i acas\u0103 \u0219i \u00een acela\u0219i timp prime\u0219ti biletele pe care le dore\u0219ti din Rom\u00e2nia sau din orice \u021bar\u0103<\/li>\n<li>Alege\u021bi dintr-o gam\u0103 larg\u0103 de diferite jocuri de loterie din \u00eentreaga lume<\/li>\n<li>Ob\u021bine\u021bi \u0219anse mai mari de a c\u00e2\u0219tiga premii mari aleg\u00e2nd cele mai bune jackpot-uri<\/li>\n<li>Pune\u021bi bani \u00een contul dvs. pentru a pl\u0103ti biletele dvs.<\/li>\n<li>Nu v\u0103 mai face\u021bi griji c\u0103 ve\u021bi pierde vreodat\u0103 un bilet<\/li>\n<li>Nu rata\u021bi niciodat\u0103 un c\u00e2\u0219tig cu notific\u0103ri instantanee<\/li>\n<li>Folosi\u021bi generatorul de numere aleatorii pentru a alege numerele \u00een locul dvs.<\/li>\n<\/ul>\n<h2>Este legal s\u0103 cumperi bilete BonoLoto online?<\/h2>\n<p>S-ar putea s\u0103 v\u0103 sim\u021bi\u021bi pu\u021bin \u00eengrijorat \u00een leg\u0103tur\u0103 cu acest tip de joc dac\u0103 nu \u0219ti\u021bi despre legalitatea loteriei online \u00een \u021bara dumneavoastr\u0103 de re\u0219edin\u021b\u0103. Dar pute\u021bi avea \u00eencredere absolut\u0103 \u00een serviciul nostru pentru a v\u0103 ajuta. Ne asigur\u0103m c\u0103 sunt respectate toate reglement\u0103rile pentru \u021bara din care provine loto-ul.<\/p>\n<p>\u00cen acest fel, dac\u0103 c\u00e2\u0219tiga\u021bi vreun premiu, inclusiv premiul cel mare, nu trebuie s\u0103 v\u0103 face\u021bi griji cu privire la posibilitatea de a-l putea revendica. Ave\u021bi garan\u021bia c\u0103 ve\u021bi primi premiul pe care l-a\u021bi c\u00e2\u0219tigat.<br \/>\nSingura regul\u0103 este c\u0103 trebuie s\u0103 ai cel pu\u021bin 18 ani pentru a putea juca.<\/p>\n<h2>Cum sunt pl\u0103tit dac\u0103 c\u00e2\u0219tig BonoLoto online?<\/h2>\n<p><img loading=\"lazy\" decoding=\"async\" class=\"alignright wp-image-3675\" src=\"https:\/\/onlinelotto365.com\/wp-content\/uploads\/2020\/11\/online_lottery-117-300x217.jpg\" alt=\"cump\u0103ra bilete bonoloto online\" width=\"195\" height=\"141\" srcset=\"https:\/\/onlinelotto365.com\/wp-content\/uploads\/2020\/11\/online_lottery-117-300x217.jpg 300w, https:\/\/onlinelotto365.com\/wp-content\/uploads\/2020\/11\/online_lottery-117.jpg 320w\" sizes=\"auto, (max-width: 195px) 100vw, 195px\" \/><br \/>\nPl\u0103\u021bile sunt importante \u0219i vrei s\u0103 te asiguri c\u0103 vei primi to\u021bi banii la care ai dreptul. Asta nu este o problem\u0103 la noi, deoarece nu \u00ee\u021bi percepem niciun comision pentru niciunul dintre c\u00e2\u0219tigurile tale. \u00cei vei primi pe to\u021bi direct \u00een contul t\u0103u.<\/p>\n<p>Singurul moment \u00een care percepem comisioane este dac\u0103 alege\u021bi s\u0103 v\u0103 transfera\u021bi banii la banca dvs. Dac\u0103 banca ta percepe o tax\u0103 pentru acest transfer, atunci noi vom transfera acea tax\u0103 \u00een contul t\u0103u.<br \/>\nCu toate acestea, atunci c\u00e2nd ave\u021bi dreptul la plat\u0103, se va \u00eent\u00e2mpla unul din dou\u0103 lucruri:<\/p>\n<ul>\n<li>Dac\u0103 a\u021bi c\u00e2\u0219tigat mai pu\u021bin de 2500 \u20ac, ve\u021bi primi banii \u00een contul dvs. practic instantaneu, astfel \u00eenc\u00e2t s\u0103 pute\u021bi face ce dori\u021bi cu ei.<\/li>\n<li>Dac\u0103 c\u00e2\u0219tigi mai mult de 2500 \u20ac, atunci suma c\u00e2\u0219tigat\u0103 \u00ee\u021bi va fi trimis\u0103 fie sub form\u0103 de transfer bancar, fie sub form\u0103 de cec. Po\u021bi alege ce preferi atunci c\u00e2nd completezi formularul de revendicare pe care \u021bi-l va trimite personalul nostru. \u00cen acest fel, \u00ee\u021bi vei primi banii \u00een doar c\u00e2teva zile.<\/li>\n<\/ul>\n","protected":false},"excerpt":{"rendered":"<p>Dac\u0103 locuie\u0219ti \u00een Rom\u00e2nia \u0219i vrei s\u0103 \u0219tii cum s\u0103 joci BonoLoto online \u0219i cum s\u0103-\u021bi iei bilete, e\u0219ti la locul potrivit. Noi te putem ajuta cu \u00eentregul proces \u0219i va fi mult mai u\u0219or dec\u00e2t ai putea crede \u0219i tu. Tot ce trebuie s\u0103 faci este s\u0103 urmezi pa\u0219ii pe care \u021bi i-am prezentat [&hellip;]<\/p>\n","protected":false},"author":1,"featured_media":0,"parent":5673,"menu_order":8,"comment_status":"closed","ping_status":"closed","template":"template-rightsidebar.php","meta":{"_et_pb_use_builder":"","_et_pb_old_content":"","_et_gb_content_width":"","exclude_from_search":false,"footnotes":""},"class_list":["post-80321","page","type-page","status-publish","hentry"],"yoast_head":"<!-- This site is optimized with the Yoast SEO plugin v23.4 - https:\/\/yoast.com\/wordpress\/plugins\/seo\/ -->\n<title>Bilete BonoLoto online | Cum s\u0103 cump\u0103ra\u021bi bilete din Rom\u00e2nia<\/title>\n<meta name=\"description\" content=\"Site-ul nostru v\u0103 permite s\u0103 cump\u0103ra\u021bi bilete Bonoloto online \u0219i legal\" \/>\n<meta name=\"robots\" content=\"index, follow, max-snippet:-1, max-image-preview:large, max-video-preview:-1\" \/>\n<link rel=\"canonical\" href=\"https:\/\/onlinelotto365.com\/ro\/cumpara-bilete\/bonoloto\/\" \/>\n<meta property=\"og:locale\" content=\"ro_RO\" \/>\n<meta property=\"og:type\" content=\"article\" \/>\n<meta property=\"og:title\" content=\"Bilete BonoLoto online | Cum s\u0103 cump\u0103ra\u021bi bilete din Rom\u00e2nia\" \/>\n<meta property=\"og:description\" content=\"Site-ul nostru v\u0103 permite s\u0103 cump\u0103ra\u021bi bilete Bonoloto online \u0219i legal\" \/>\n<meta property=\"og:url\" content=\"https:\/\/onlinelotto365.com\/ro\/cumpara-bilete\/bonoloto\/\" \/>\n<meta property=\"og:site_name\" content=\"OnlineLotto365\" \/>\n<meta property=\"og:image\" content=\"https:\/\/redfoxlotto.com\/image?size=8&amp;lottery=bonoloto\" \/>\n<meta name=\"twitter:card\" content=\"summary_large_image\" \/>\n<meta name=\"twitter:label1\" content=\"Timp estimat pentru citire\" \/>\n\t<meta name=\"twitter:data1\" content=\"4 minute\" \/>\n<script type=\"application\/ld+json\" class=\"yoast-schema-graph\">{\"@context\":\"https:\/\/schema.org\",\"@graph\":[{\"@type\":\"WebPage\",\"@id\":\"https:\/\/onlinelotto365.com\/ro\/cumpara-bilete\/bonoloto\/\",\"url\":\"https:\/\/onlinelotto365.com\/ro\/cumpara-bilete\/bonoloto\/\",\"name\":\"Bilete BonoLoto online | Cum s\u0103 cump\u0103ra\u021bi bilete din Rom\u00e2nia\",\"isPartOf\":{\"@id\":\"https:\/\/onlinelotto365.com\/ro\/#website\"},\"primaryImageOfPage\":{\"@id\":\"https:\/\/onlinelotto365.com\/ro\/cumpara-bilete\/bonoloto\/#primaryimage\"},\"image\":{\"@id\":\"https:\/\/onlinelotto365.com\/ro\/cumpara-bilete\/bonoloto\/#primaryimage\"},\"thumbnailUrl\":\"https:\/\/redfoxlotto.com\/image?size=8&amp;lottery=bonoloto\",\"datePublished\":\"2022-11-16T11:46:10+00:00\",\"dateModified\":\"2022-11-16T11:46:10+00:00\",\"description\":\"Site-ul nostru v\u0103 permite s\u0103 cump\u0103ra\u021bi bilete Bonoloto online \u0219i legal\",\"breadcrumb\":{\"@id\":\"https:\/\/onlinelotto365.com\/ro\/cumpara-bilete\/bonoloto\/#breadcrumb\"},\"inLanguage\":\"ro-RO\",\"potentialAction\":[{\"@type\":\"ReadAction\",\"target\":[\"https:\/\/onlinelotto365.com\/ro\/cumpara-bilete\/bonoloto\/\"]}]},{\"@type\":\"ImageObject\",\"inLanguage\":\"ro-RO\",\"@id\":\"https:\/\/onlinelotto365.com\/ro\/cumpara-bilete\/bonoloto\/#primaryimage\",\"url\":\"https:\/\/redfoxlotto.com\/image?size=8&amp;lottery=bonoloto\",\"contentUrl\":\"https:\/\/redfoxlotto.com\/image?size=8&amp;lottery=bonoloto\"},{\"@type\":\"BreadcrumbList\",\"@id\":\"https:\/\/onlinelotto365.com\/ro\/cumpara-bilete\/bonoloto\/#breadcrumb\",\"itemListElement\":[{\"@type\":\"ListItem\",\"position\":1,\"name\":\"Home\",\"item\":\"https:\/\/onlinelotto365.com\/ro\/\"},{\"@type\":\"ListItem\",\"position\":2,\"name\":\"De ce are mai mult sens s\u0103 cumperi bilete la loterie online.\",\"item\":\"https:\/\/onlinelotto365.com\/ro\/cumpara-bilete\/\"},{\"@type\":\"ListItem\",\"position\":3,\"name\":\"Cum s\u0103 cump\u0103ra\u021bi bilete BonoLoto online\"}]},{\"@type\":\"WebSite\",\"@id\":\"https:\/\/onlinelotto365.com\/ro\/#website\",\"url\":\"https:\/\/onlinelotto365.com\/ro\/\",\"name\":\"OnlineLotto365\",\"description\":\"\",\"potentialAction\":[{\"@type\":\"SearchAction\",\"target\":{\"@type\":\"EntryPoint\",\"urlTemplate\":\"https:\/\/onlinelotto365.com\/ro\/?s={search_term_string}\"},\"query-input\":{\"@type\":\"PropertyValueSpecification\",\"valueRequired\":true,\"valueName\":\"search_term_string\"}}],\"inLanguage\":\"ro-RO\"}]}<\/script>\n<!-- \/ Yoast SEO plugin. -->","yoast_head_json":{"title":"Bilete BonoLoto online | Cum s\u0103 cump\u0103ra\u021bi bilete din Rom\u00e2nia","description":"Site-ul nostru v\u0103 permite s\u0103 cump\u0103ra\u021bi bilete Bonoloto online \u0219i legal","robots":{"index":"index","follow":"follow","max-snippet":"max-snippet:-1","max-image-preview":"max-image-preview:large","max-video-preview":"max-video-preview:-1"},"canonical":"https:\/\/onlinelotto365.com\/ro\/cumpara-bilete\/bonoloto\/","og_locale":"ro_RO","og_type":"article","og_title":"Bilete BonoLoto online | Cum s\u0103 cump\u0103ra\u021bi bilete din Rom\u00e2nia","og_description":"Site-ul nostru v\u0103 permite s\u0103 cump\u0103ra\u021bi bilete Bonoloto online \u0219i legal","og_url":"https:\/\/onlinelotto365.com\/ro\/cumpara-bilete\/bonoloto\/","og_site_name":"OnlineLotto365","og_image":[{"url":"https:\/\/redfoxlotto.com\/image?size=8&amp;lottery=bonoloto"}],"twitter_card":"summary_large_image","twitter_misc":{"Timp estimat pentru citire":"4 minute"},"schema":{"@context":"https:\/\/schema.org","@graph":[{"@type":"WebPage","@id":"https:\/\/onlinelotto365.com\/ro\/cumpara-bilete\/bonoloto\/","url":"https:\/\/onlinelotto365.com\/ro\/cumpara-bilete\/bonoloto\/","name":"Bilete BonoLoto online | Cum s\u0103 cump\u0103ra\u021bi bilete din Rom\u00e2nia","isPartOf":{"@id":"https:\/\/onlinelotto365.com\/ro\/#website"},"primaryImageOfPage":{"@id":"https:\/\/onlinelotto365.com\/ro\/cumpara-bilete\/bonoloto\/#primaryimage"},"image":{"@id":"https:\/\/onlinelotto365.com\/ro\/cumpara-bilete\/bonoloto\/#primaryimage"},"thumbnailUrl":"https:\/\/redfoxlotto.com\/image?size=8&amp;lottery=bonoloto","datePublished":"2022-11-16T11:46:10+00:00","dateModified":"2022-11-16T11:46:10+00:00","description":"Site-ul nostru v\u0103 permite s\u0103 cump\u0103ra\u021bi bilete Bonoloto online \u0219i legal","breadcrumb":{"@id":"https:\/\/onlinelotto365.com\/ro\/cumpara-bilete\/bonoloto\/#breadcrumb"},"inLanguage":"ro-RO","potentialAction":[{"@type":"ReadAction","target":["https:\/\/onlinelotto365.com\/ro\/cumpara-bilete\/bonoloto\/"]}]},{"@type":"ImageObject","inLanguage":"ro-RO","@id":"https:\/\/onlinelotto365.com\/ro\/cumpara-bilete\/bonoloto\/#primaryimage","url":"https:\/\/redfoxlotto.com\/image?size=8&amp;lottery=bonoloto","contentUrl":"https:\/\/redfoxlotto.com\/image?size=8&amp;lottery=bonoloto"},{"@type":"BreadcrumbList","@id":"https:\/\/onlinelotto365.com\/ro\/cumpara-bilete\/bonoloto\/#breadcrumb","itemListElement":[{"@type":"ListItem","position":1,"name":"Home","item":"https:\/\/onlinelotto365.com\/ro\/"},{"@type":"ListItem","position":2,"name":"De ce are mai mult sens s\u0103 cumperi bilete la loterie online.","item":"https:\/\/onlinelotto365.com\/ro\/cumpara-bilete\/"},{"@type":"ListItem","position":3,"name":"Cum s\u0103 cump\u0103ra\u021bi bilete BonoLoto online"}]},{"@type":"WebSite","@id":"https:\/\/onlinelotto365.com\/ro\/#website","url":"https:\/\/onlinelotto365.com\/ro\/","name":"OnlineLotto365","description":"","potentialAction":[{"@type":"SearchAction","target":{"@type":"EntryPoint","urlTemplate":"https:\/\/onlinelotto365.com\/ro\/?s={search_term_string}"},"query-input":{"@type":"PropertyValueSpecification","valueRequired":true,"valueName":"search_term_string"}}],"inLanguage":"ro-RO"}]}},"_links":{"self":[{"href":"https:\/\/onlinelotto365.com\/ro\/wp-json\/wp\/v2\/pages\/80321","targetHints":{"allow":["GET"]}}],"collection":[{"href":"https:\/\/onlinelotto365.com\/ro\/wp-json\/wp\/v2\/pages"}],"about":[{"href":"https:\/\/onlinelotto365.com\/ro\/wp-json\/wp\/v2\/types\/page"}],"author":[{"embeddable":true,"href":"https:\/\/onlinelotto365.com\/ro\/wp-json\/wp\/v2\/users\/1"}],"replies":[{"embeddable":true,"href":"https:\/\/onlinelotto365.com\/ro\/wp-json\/wp\/v2\/comments?post=80321"}],"version-history":[{"count":0,"href":"https:\/\/onlinelotto365.com\/ro\/wp-json\/wp\/v2\/pages\/80321\/revisions"}],"up":[{"embeddable":true,"href":"https:\/\/onlinelotto365.com\/ro\/wp-json\/wp\/v2\/pages\/5673"}],"wp:attachment":[{"href":"https:\/\/onlinelotto365.com\/ro\/wp-json\/wp\/v2\/media?parent=80321"}],"curies":[{"name":"wp","href":"https:\/\/api.w.org\/{rel}","templated":true}]}}