{"id":80359,"date":"2022-11-17T08:16:24","date_gmt":"2022-11-17T07:16:24","guid":{"rendered":"https:\/\/onlinelotto365.com\/?page_id=80359"},"modified":"2022-11-17T08:16:24","modified_gmt":"2022-11-17T07:16:24","slug":"uk-lottery","status":"publish","type":"page","link":"https:\/\/onlinelotto365.com\/ro\/cumpara-bilete\/uk-lottery\/","title":{"rendered":"Cum s\u0103 cump\u0103ra\u021bi bilete de loterie din Marea Britanie online"},"content":{"rendered":"<p>Dac\u0103 dori\u021bi s\u0103 cump\u0103ra\u021bi bilete la loto pentru UK Lottery \u00een Rom\u00e2nia, nu trebuie s\u0103 v\u0103 face\u021bi griji, deoarece avem \u00eentregul proces stabilit pentru dvs. rapid \u0219i u\u0219or. Trebuie doar s\u0103 arunca\u021bi o privire la pa\u0219ii simpli de mai jos \u0219i ve\u021bi fi gata \u00een cel mai scurt timp.<br \/>\n<a href=\"https:\/\/redfoxlotto.com\/play\/lotto-uk\/?ref=a8564250a2&amp;medium=ol365\" target=\"_blank\" rel=\"noopener noreferrer\"><img decoding=\"async\" class=\"aligncenter\" src=\"https:\/\/redfoxlotto.com\/image?size=8&amp;lottery=lotto-uk\" alt=\"uk loterie\" \/><\/a><\/p>\n<ul>\n<li>Ajunge\u021bi la pagina potrivit\u0103 pentru jocul de loterie la care dori\u021bi s\u0103 juca\u021bi, cum ar fi UK Lottery. \u0218i apoi alege numerele pe care le dore\u0219ti pentru biletul t\u0103u.<\/li>\n<li>Alege orice bilet de loterie suplimentar pe care \u00eel dore\u0219ti pentru acest joc de loterie sau pentru orice alt joc de loterie pe care \u00eel vei juca<\/li>\n<li>Alege\u021bi op\u021biunea de a pl\u0103ti pentru biletele dvs.<\/li>\n<li>Trece\u021bi prin procesul de \u00eenregistrare a unui cont dac\u0103 sunte\u021bi un utilizator nou sau conecta\u021bi-v\u0103 la contul dvs. dac\u0103 sunte\u021bi deja un utilizator existent<\/li>\n<li>Pentru cei care mai trebuie s\u0103 se \u00eenregistreze, ve\u021bi primi un e-mail de verificare \u00een c\u0103su\u021ba de e-mail sau \u00een dosarul de spam \u00een c\u00e2teva minute<\/li>\n<li>Dac\u0103 nu a\u021bi primit e-mailul \u00een c\u00e2teva minute, verifica\u021bi dosarul de spam pentru a afla cu siguran\u021b\u0103 dac\u0103 l-a\u021bi primit.<\/li>\n<li>\u00centoarce\u021bi-v\u0103 pe site \u0219i selecta\u021bi co\u0219ul de cump\u0103r\u0103turi pentru a pl\u0103ti pentru bilete<\/li>\n<li>Alege\u021bi metoda de plat\u0103 \u0219i parcurge\u021bi instruc\u021biunile de plat\u0103<\/li>\n<\/ul>\n<h2>Cum s\u0103 pl\u0103ti\u021bi online biletul la loteria britanic\u0103<\/h2>\n<p>Oferim mai multe metode de plat\u0103 diferite \u0219i complet sigure pentru clien\u021bii no\u0219tri din Rom\u00e2nia \u0219i din alte \u021b\u0103ri. Astfel, pute\u021bi alege metoda care func\u021bioneaz\u0103 cel mai bine pentru dumneavoastr\u0103.<br \/>\nAlege\u021bi din dou\u0103 op\u021biuni de plat\u0103 globale diferite:<\/p>\n<p>Pl\u0103ti\u021bi pentru fiecare comand\u0103 folosind modalitatea de plat\u0103 preferat\u0103 de dvs.<br \/>\nPune\u021bi bani \u00een contul dvs. \u0219i folosi\u021bi-i pentru a cump\u0103ra biletele pe care le dori\u021bi<\/p>\n<p>Asigura\u021bi-v\u0103 c\u0103 depune\u021bi mai mult dec\u00e2t suma de care ave\u021bi nevoie pentru bilete dac\u0103 alege\u021bi s\u0103 ad\u0103uga\u021bi bani direct \u00een contul dvs.<\/p>\n<h2>Mai multe informa\u021bii despre UK Lottery<\/h2>\n<ul>\n<li>\u021aara: Marea Britanie Loterie<\/li>\n<li>Gama de numere principale: 59<\/li>\n<li>Tu alegi: 6<\/li>\n<li>Numere suplimentare:<\/li>\n<li>Tu alegi:<\/li>\n<li>Extrage\u021bi zile, ore: Miercuri, s\u00e2mb\u0103t\u0103, , 19:30 UTC, 19:30 CET<\/li>\n<li>Jackpot minim: 2,5 milioane GBP<\/li>\n<li>Jackpotul maxim: 22 milioane GBP<\/li>\n<li>Probabilitatea de a c\u00e2\u0219tiga jackpotul: 1 la 4505747474<\/li>\n<li>Probabilitatea unui c\u00e2\u0219tig de nivel 2: 1 la 7509579<\/li>\n<li>Probabilitatea de a c\u00e2\u0219tiga \u00een orice nivel: 1 la 9,27<\/li>\n<li>Num\u0103rul de niveluri de premii: 6<\/li>\n<\/ul>\n<h2>Avantajele cump\u0103r\u0103rii online a biletelor la loteria britanic\u0103<\/h2>\n<ul>\n<li>Ob\u021bine\u021bi biletele pe care le dori\u021bi f\u0103r\u0103 a pleca de acas\u0103<\/li>\n<li>Alege\u021bi dintr-o mare varietate de jocuri de loterie diferite<\/li>\n<li>Ob\u021bine\u021bi cele mai bune \u0219anse la un jackpot mare aleg\u00e2nd \u00eentre diferite jocuri<\/li>\n<li>Ad\u0103uga\u021bi bani direct \u00een contul dvs. de plat\u0103 pentru a pl\u0103ti biletele<\/li>\n<li>Nu v\u0103 mai face\u021bi griji c\u0103 v\u0103 pierde\u021bi biletele de fiecare dat\u0103<\/li>\n<li>Notific\u0103ri trimise direct c\u0103tre dvs. pentru c\u00e2\u0219tigurile ob\u021binute<\/li>\n<li>Op\u021biuni de alegere u\u0219oar\u0103 dac\u0103 nu dori\u021bi s\u0103 v\u0103 alege\u021bi singuri numerele<\/li>\n<\/ul>\n<h2>Este legal s\u0103 cump\u0103ra\u021bi bilete online la loteria din Marea Britanie?<\/h2>\n<p>Nu exist\u0103 nici o \u00eengrijorare cu privire la legalitatea cump\u0103r\u0103rii online a biletelor la UK Lottery din Rom\u00e2nia sau \u00een mod tradi\u021bional. Po\u021bi fi sigur c\u0103, indiferent de situa\u021bie, \u00ee\u021bi vei primi biletele \u0219i nu va trebui s\u0103-\u021bi faci griji nici m\u0103car c\u0103 vei primi un jackpot.<\/p>\n<p>Noi ne vom ocupa s\u0103 v\u0103 facem rost de bani f\u0103r\u0103 s\u0103 v\u0103 face\u021bi griji dac\u0103 serviciul este legal \u00een func\u021bie de \u021bara \u00een care locui\u021bi. Asigur\u0103-te doar c\u0103 ai 18 ani sau mai mult pentru a cump\u0103ra bilete cu noi<\/p>\n<h2>Cum sunt pl\u0103tit dac\u0103 c\u00e2\u0219tig online la Loteria din Marea Britanie?<\/h2>\n<p><img loading=\"lazy\" decoding=\"async\" class=\"alignright size-medium wp-image-3655\" src=\"https:\/\/onlinelotto365.com\/wp-content\/uploads\/2020\/11\/online_lottery-59-300x182.jpg\" alt=\"juca uk loteria online\" width=\"300\" height=\"182\" srcset=\"https:\/\/onlinelotto365.com\/wp-content\/uploads\/2020\/11\/online_lottery-59-300x182.jpg 300w, https:\/\/onlinelotto365.com\/wp-content\/uploads\/2020\/11\/online_lottery-59.jpg 320w\" sizes=\"auto, (max-width: 300px) 100vw, 300px\" \/><br \/>\n\u0218tim c\u0103 a fi pl\u0103tit este una dintre cele mai importante p\u0103r\u021bi pentru tine \u0219i de aceea vrem s\u0103 ne asigur\u0103m c\u0103 procesul de plat\u0103 este c\u00e2t se poate de simplu. De asemenea, nu lu\u0103m niciun comision din c\u00e2\u0219tigurile tale, a\u0219a c\u0103 vei primi fiecare buc\u0103\u021bic\u0103 din ceea ce ai c\u00e2\u0219tigat. Singurul moment \u00een care percepem comisioane este dac\u0103 solicita\u021bi un transfer bancar \u0219i banca ne percepe un comision. Aceast\u0103 sum\u0103 poate fi transferat\u0103 c\u0103tre dumneavoastr\u0103.<br \/>\nAltfel, arunca\u021bi o privire la ce se \u00eent\u00e2mpl\u0103 pentru pl\u0103\u021bile dvs. aici:<\/p>\n<ul>\n<li>Pl\u0103\u021bile mai mici de 2 500 \u20ac vor fi pl\u0103tite automat \u00een contul dvs. Nu trebuie s\u0103 face\u021bi nimic<\/li>\n<li>Pl\u0103\u021bile mai mari de 2500 \u20ac vor necesita un formular de revendicare care poate fi trimis la comisia loteriei. Acesta v\u0103 va fi trimis de c\u0103tre echipa noastr\u0103 de asisten\u021b\u0103 \u0219i v\u0103 va permite s\u0103 alege\u021bi s\u0103 v\u0103 trimite\u021bi banii prin cec sau prin transfer bancar<\/li>\n<\/ul>\n","protected":false},"excerpt":{"rendered":"<p>Dac\u0103 dori\u021bi s\u0103 cump\u0103ra\u021bi bilete la loto pentru UK Lottery \u00een Rom\u00e2nia, nu trebuie s\u0103 v\u0103 face\u021bi griji, deoarece avem \u00eentregul proces stabilit pentru dvs. rapid \u0219i u\u0219or. Trebuie doar s\u0103 arunca\u021bi o privire la pa\u0219ii simpli de mai jos \u0219i ve\u021bi fi gata \u00een cel mai scurt timp. Ajunge\u021bi la pagina potrivit\u0103 pentru jocul [&hellip;]<\/p>\n","protected":false},"author":1,"featured_media":0,"parent":5673,"menu_order":9,"comment_status":"closed","ping_status":"closed","template":"lotto-uk-info.php","meta":{"_et_pb_use_builder":"","_et_pb_old_content":"","_et_gb_content_width":"","exclude_from_search":false,"footnotes":""},"class_list":["post-80359","page","type-page","status-publish","hentry"],"yoast_head":"<!-- This site is optimized with the Yoast SEO plugin v23.4 - https:\/\/yoast.com\/wordpress\/plugins\/seo\/ -->\n<title>Cump\u0103ra\u021bi bilete pentru UK Lottery online din Rom\u00e2nia | UK Lottery info, cum s\u0103 cump\u0103ra\u021bi bilete<\/title>\n<meta name=\"description\" content=\"Facem posibil ca juc\u0103torii de loto din Rom\u00e2nia s\u0103 cumpere bilete pentru UK Lottery\" \/>\n<meta name=\"robots\" content=\"index, follow, max-snippet:-1, max-image-preview:large, max-video-preview:-1\" \/>\n<link rel=\"canonical\" href=\"https:\/\/onlinelotto365.com\/ro\/cumpara-bilete\/uk-lottery\/\" \/>\n<meta property=\"og:locale\" content=\"ro_RO\" \/>\n<meta property=\"og:type\" content=\"article\" \/>\n<meta property=\"og:title\" content=\"Cump\u0103ra\u021bi bilete pentru UK Lottery online din Rom\u00e2nia | UK Lottery info, cum s\u0103 cump\u0103ra\u021bi bilete\" \/>\n<meta property=\"og:description\" content=\"Facem posibil ca juc\u0103torii de loto din Rom\u00e2nia s\u0103 cumpere bilete pentru UK Lottery\" \/>\n<meta property=\"og:url\" content=\"https:\/\/onlinelotto365.com\/ro\/cumpara-bilete\/uk-lottery\/\" \/>\n<meta property=\"og:site_name\" content=\"OnlineLotto365\" \/>\n<meta property=\"og:image\" content=\"https:\/\/redfoxlotto.com\/image?size=8&amp;lottery=lotto-uk\" \/>\n<meta name=\"twitter:card\" content=\"summary_large_image\" \/>\n<meta name=\"twitter:label1\" content=\"Timp estimat pentru citire\" \/>\n\t<meta name=\"twitter:data1\" content=\"4 minute\" \/>\n<script type=\"application\/ld+json\" class=\"yoast-schema-graph\">{\"@context\":\"https:\/\/schema.org\",\"@graph\":[{\"@type\":\"WebPage\",\"@id\":\"https:\/\/onlinelotto365.com\/ro\/cumpara-bilete\/uk-lottery\/\",\"url\":\"https:\/\/onlinelotto365.com\/ro\/cumpara-bilete\/uk-lottery\/\",\"name\":\"Cump\u0103ra\u021bi bilete pentru UK Lottery online din Rom\u00e2nia | UK Lottery info, cum s\u0103 cump\u0103ra\u021bi bilete\",\"isPartOf\":{\"@id\":\"https:\/\/onlinelotto365.com\/ro\/#website\"},\"primaryImageOfPage\":{\"@id\":\"https:\/\/onlinelotto365.com\/ro\/cumpara-bilete\/uk-lottery\/#primaryimage\"},\"image\":{\"@id\":\"https:\/\/onlinelotto365.com\/ro\/cumpara-bilete\/uk-lottery\/#primaryimage\"},\"thumbnailUrl\":\"https:\/\/redfoxlotto.com\/image?size=8&amp;lottery=lotto-uk\",\"datePublished\":\"2022-11-17T07:16:24+00:00\",\"dateModified\":\"2022-11-17T07:16:24+00:00\",\"description\":\"Facem posibil ca juc\u0103torii de loto din Rom\u00e2nia s\u0103 cumpere bilete pentru UK Lottery\",\"breadcrumb\":{\"@id\":\"https:\/\/onlinelotto365.com\/ro\/cumpara-bilete\/uk-lottery\/#breadcrumb\"},\"inLanguage\":\"ro-RO\",\"potentialAction\":[{\"@type\":\"ReadAction\",\"target\":[\"https:\/\/onlinelotto365.com\/ro\/cumpara-bilete\/uk-lottery\/\"]}]},{\"@type\":\"ImageObject\",\"inLanguage\":\"ro-RO\",\"@id\":\"https:\/\/onlinelotto365.com\/ro\/cumpara-bilete\/uk-lottery\/#primaryimage\",\"url\":\"https:\/\/redfoxlotto.com\/image?size=8&amp;lottery=lotto-uk\",\"contentUrl\":\"https:\/\/redfoxlotto.com\/image?size=8&amp;lottery=lotto-uk\"},{\"@type\":\"BreadcrumbList\",\"@id\":\"https:\/\/onlinelotto365.com\/ro\/cumpara-bilete\/uk-lottery\/#breadcrumb\",\"itemListElement\":[{\"@type\":\"ListItem\",\"position\":1,\"name\":\"Home\",\"item\":\"https:\/\/onlinelotto365.com\/ro\/\"},{\"@type\":\"ListItem\",\"position\":2,\"name\":\"De ce are mai mult sens s\u0103 cumperi bilete la loterie online.\",\"item\":\"https:\/\/onlinelotto365.com\/ro\/cumpara-bilete\/\"},{\"@type\":\"ListItem\",\"position\":3,\"name\":\"Cum s\u0103 cump\u0103ra\u021bi bilete de loterie din Marea Britanie online\"}]},{\"@type\":\"WebSite\",\"@id\":\"https:\/\/onlinelotto365.com\/ro\/#website\",\"url\":\"https:\/\/onlinelotto365.com\/ro\/\",\"name\":\"OnlineLotto365\",\"description\":\"\",\"potentialAction\":[{\"@type\":\"SearchAction\",\"target\":{\"@type\":\"EntryPoint\",\"urlTemplate\":\"https:\/\/onlinelotto365.com\/ro\/?s={search_term_string}\"},\"query-input\":{\"@type\":\"PropertyValueSpecification\",\"valueRequired\":true,\"valueName\":\"search_term_string\"}}],\"inLanguage\":\"ro-RO\"}]}<\/script>\n<!-- \/ Yoast SEO plugin. -->","yoast_head_json":{"title":"Cump\u0103ra\u021bi bilete pentru UK Lottery online din Rom\u00e2nia | UK Lottery info, cum s\u0103 cump\u0103ra\u021bi bilete","description":"Facem posibil ca juc\u0103torii de loto din Rom\u00e2nia s\u0103 cumpere bilete pentru UK Lottery","robots":{"index":"index","follow":"follow","max-snippet":"max-snippet:-1","max-image-preview":"max-image-preview:large","max-video-preview":"max-video-preview:-1"},"canonical":"https:\/\/onlinelotto365.com\/ro\/cumpara-bilete\/uk-lottery\/","og_locale":"ro_RO","og_type":"article","og_title":"Cump\u0103ra\u021bi bilete pentru UK Lottery online din Rom\u00e2nia | UK Lottery info, cum s\u0103 cump\u0103ra\u021bi bilete","og_description":"Facem posibil ca juc\u0103torii de loto din Rom\u00e2nia s\u0103 cumpere bilete pentru UK Lottery","og_url":"https:\/\/onlinelotto365.com\/ro\/cumpara-bilete\/uk-lottery\/","og_site_name":"OnlineLotto365","og_image":[{"url":"https:\/\/redfoxlotto.com\/image?size=8&amp;lottery=lotto-uk"}],"twitter_card":"summary_large_image","twitter_misc":{"Timp estimat pentru citire":"4 minute"},"schema":{"@context":"https:\/\/schema.org","@graph":[{"@type":"WebPage","@id":"https:\/\/onlinelotto365.com\/ro\/cumpara-bilete\/uk-lottery\/","url":"https:\/\/onlinelotto365.com\/ro\/cumpara-bilete\/uk-lottery\/","name":"Cump\u0103ra\u021bi bilete pentru UK Lottery online din Rom\u00e2nia | UK Lottery info, cum s\u0103 cump\u0103ra\u021bi bilete","isPartOf":{"@id":"https:\/\/onlinelotto365.com\/ro\/#website"},"primaryImageOfPage":{"@id":"https:\/\/onlinelotto365.com\/ro\/cumpara-bilete\/uk-lottery\/#primaryimage"},"image":{"@id":"https:\/\/onlinelotto365.com\/ro\/cumpara-bilete\/uk-lottery\/#primaryimage"},"thumbnailUrl":"https:\/\/redfoxlotto.com\/image?size=8&amp;lottery=lotto-uk","datePublished":"2022-11-17T07:16:24+00:00","dateModified":"2022-11-17T07:16:24+00:00","description":"Facem posibil ca juc\u0103torii de loto din Rom\u00e2nia s\u0103 cumpere bilete pentru UK Lottery","breadcrumb":{"@id":"https:\/\/onlinelotto365.com\/ro\/cumpara-bilete\/uk-lottery\/#breadcrumb"},"inLanguage":"ro-RO","potentialAction":[{"@type":"ReadAction","target":["https:\/\/onlinelotto365.com\/ro\/cumpara-bilete\/uk-lottery\/"]}]},{"@type":"ImageObject","inLanguage":"ro-RO","@id":"https:\/\/onlinelotto365.com\/ro\/cumpara-bilete\/uk-lottery\/#primaryimage","url":"https:\/\/redfoxlotto.com\/image?size=8&amp;lottery=lotto-uk","contentUrl":"https:\/\/redfoxlotto.com\/image?size=8&amp;lottery=lotto-uk"},{"@type":"BreadcrumbList","@id":"https:\/\/onlinelotto365.com\/ro\/cumpara-bilete\/uk-lottery\/#breadcrumb","itemListElement":[{"@type":"ListItem","position":1,"name":"Home","item":"https:\/\/onlinelotto365.com\/ro\/"},{"@type":"ListItem","position":2,"name":"De ce are mai mult sens s\u0103 cumperi bilete la loterie online.","item":"https:\/\/onlinelotto365.com\/ro\/cumpara-bilete\/"},{"@type":"ListItem","position":3,"name":"Cum s\u0103 cump\u0103ra\u021bi bilete de loterie din Marea Britanie online"}]},{"@type":"WebSite","@id":"https:\/\/onlinelotto365.com\/ro\/#website","url":"https:\/\/onlinelotto365.com\/ro\/","name":"OnlineLotto365","description":"","potentialAction":[{"@type":"SearchAction","target":{"@type":"EntryPoint","urlTemplate":"https:\/\/onlinelotto365.com\/ro\/?s={search_term_string}"},"query-input":{"@type":"PropertyValueSpecification","valueRequired":true,"valueName":"search_term_string"}}],"inLanguage":"ro-RO"}]}},"_links":{"self":[{"href":"https:\/\/onlinelotto365.com\/ro\/wp-json\/wp\/v2\/pages\/80359","targetHints":{"allow":["GET"]}}],"collection":[{"href":"https:\/\/onlinelotto365.com\/ro\/wp-json\/wp\/v2\/pages"}],"about":[{"href":"https:\/\/onlinelotto365.com\/ro\/wp-json\/wp\/v2\/types\/page"}],"author":[{"embeddable":true,"href":"https:\/\/onlinelotto365.com\/ro\/wp-json\/wp\/v2\/users\/1"}],"replies":[{"embeddable":true,"href":"https:\/\/onlinelotto365.com\/ro\/wp-json\/wp\/v2\/comments?post=80359"}],"version-history":[{"count":0,"href":"https:\/\/onlinelotto365.com\/ro\/wp-json\/wp\/v2\/pages\/80359\/revisions"}],"up":[{"embeddable":true,"href":"https:\/\/onlinelotto365.com\/ro\/wp-json\/wp\/v2\/pages\/5673"}],"wp:attachment":[{"href":"https:\/\/onlinelotto365.com\/ro\/wp-json\/wp\/v2\/media?parent=80359"}],"curies":[{"name":"wp","href":"https:\/\/api.w.org\/{rel}","templated":true}]}}