{"id":80409,"date":"2022-11-17T12:29:26","date_gmt":"2022-11-17T11:29:26","guid":{"rendered":"https:\/\/onlinelotto365.com\/?page_id=80409"},"modified":"2022-11-17T12:29:26","modified_gmt":"2022-11-17T11:29:26","slug":"set-for-life","status":"publish","type":"page","link":"https:\/\/onlinelotto365.com\/ro\/cumpara-bilete\/set-for-life\/","title":{"rendered":"Cum s\u0103 cump\u0103ra\u021bi bilete online la Set for life"},"content":{"rendered":"<p>Dac\u0103 dori\u021bi s\u0103 v\u0103 cump\u0103ra\u021bi acum biletele pentru Set for Life, trebuie s\u0103 \u0219ti\u021bi cum s\u0103 face\u021bi acest lucru. Dac\u0103 locuie\u0219ti \u00een Rom\u00e2nia, \u00ee\u021bi va fi u\u0219or \u0219i probabil c\u0103 \u0219tii deja cum s\u0103 faci rost de bilete. Dar cum r\u0103m\u00e2ne cu juc\u0103torii de loto din alte \u021b\u0103ri, cum ar fi din Australia? Ei bine, este un proces foarte simplu \u0219i v\u0103 putem ajuta s\u0103 \u00eencepe\u021bi \u00een cel mai scurt timp. Trebuie doar s\u0103 urma\u021bi pa\u0219ii pe care vi i-am prezentat mai jos. De acolo, pute\u021bi ob\u021bine biletele pe care le dori\u021bi pentru urm\u0103toarea extragere.<br \/>\n<a href=\"https:\/\/redfoxlotto.com\/play\/set-for-life-uk\/?ref=a8564250a2&amp;medium=ol365\" target=\"_blank\" rel=\"noopener noreferrer\"><img decoding=\"async\" class=\"aligncenter\" src=\"https:\/\/redfoxlotto.com\/image?size=8&amp;lottery=set-for-life-uk\" alt=\"&quot;Set\" \/><\/a><\/p>\n<ul>\n<li>Merge\u021bi pe pagina loteriei Set for Life \u0219i alege\u021bi num\u0103rul de bilete pe care \u00eel dori\u021bi \u0219i selecta\u021bi numerele pe care le dori\u021bi pentru fiecare dintre aceste bilete<\/li>\n<li>Alege\u021bi bilete suplimentare pentru Set for Life sau alte jocuri loto pentru a v\u0103 umple co\u0219ul de cump\u0103r\u0103turi<\/li>\n<li>Alege\u021bi op\u021biunea de a pl\u0103ti acum<\/li>\n<li>Urma\u021bi instruc\u021biunile pentru a v\u0103 autentifica \u00een contul dvs. sau pentru a crea un cont nou.<\/li>\n<li>Finaliza\u021bi procesul de verificare acces\u00e2nd contul dvs. \u0219i f\u0103c\u00e2nd clic pe linkul din e-mailul dvs.<\/li>\n<li>Verifica\u021bi dosarul de spam dac\u0103 e-mailul nu apare \u00een c\u0103su\u021ba dvs. de primire pentru a v\u0103 asigura c\u0103 l-a\u021bi primit<\/li>\n<li>Dup\u0103 ce v-a\u021bi verificat contul, intra\u021bi \u00een co\u0219ul de cump\u0103r\u0103turi de pe site.<\/li>\n<li>Alege\u021bi metoda de plat\u0103 preferat\u0103 \u0219i parcurge\u021bi procesul de plat\u0103<\/li>\n<\/ul>\n<h2>Cum s\u0103 pl\u0103ti\u021bi online biletul Set for life<\/h2>\n<p>C\u00e2nd vine vorba de plata biletelor, ve\u021bi descoperi c\u0103 nu este doar u\u0219or, ci \u0219i complet sigur \u0219i v\u0103 ofer\u0103 o mul\u021bime de op\u021biuni.<br \/>\nAlege\u021bi s\u0103 v\u0103 pl\u0103ti\u021bi biletele prin:<\/p>\n<p>Efectu\u00e2nd o achizi\u021bie direct\u0103 cu metoda de plat\u0103 aleas\u0103 de dvs.<br \/>\nPun\u00e2nd bani \u00een contul dvs. \u0219i folosindu-i pentru a face o achizi\u021bie<\/p>\n<p>Asigura\u021bi-v\u0103 c\u0103, dac\u0103 alege\u021bi s\u0103 pune\u021bi bani \u00een contul dvs., pune\u021bi \u0219i o sum\u0103 suplimentar\u0103 pentru ca alegerea dvs. de plat\u0103 s\u0103 fie acceptat\u0103.<\/p>\n<h2>Mai multe informa\u021bii despre Set for life<\/h2>\n<ul>\n<li>\u021aar\u0103: Rom\u00e2nia<\/li>\n<li>Intervalul principal de numere: 45<\/li>\n<li>Tu alegi: 5<\/li>\n<li>Numere suplimentare: 10<\/li>\n<li>Tu alegi: 1<\/li>\n<li>Zile \u0219i ore de extragere: Luni, Joi, 20:00 GMT, 21:00 CET<\/li>\n<li>Jackpot minim:<\/li>\n<li>Jackpot maxim:<\/li>\n<li>Probabilitatea de a c\u00e2\u0219tiga jackpot-ul: 1 din 15339390<\/li>\n<li>Probabilitatea unui c\u00e2\u0219tig de nivel 2: 1 la 1704377<\/li>\n<li>Probabilitatea de a c\u00e2\u0219tiga \u00een orice nivel: 1 la 12,4<\/li>\n<li>Num\u0103rul de niveluri de premii: 8<\/li>\n<\/ul>\n<h2>Avantajele cump\u0103r\u0103rii online a biletelor Set for life<\/h2>\n<ul>\n<li>Nu ie\u0219i\u021bi niciodat\u0103 din cas\u0103 pentru a v\u0103 cump\u0103ra bilete<\/li>\n<li>Nu sunte\u021bi restric\u021bionat s\u0103 juca\u021bi la loteriile din Australia.<\/li>\n<li>Pute\u021bi alege dintr-o gam\u0103 larg\u0103 de loterii diferite din \u00eentreaga lume<\/li>\n<li>Alege\u021bi jocurile cu cele mai mari jackpoturi pentru a v\u0103 cre\u0219te \u0219ansele de c\u00e2\u0219tig<\/li>\n<li>Folosi\u021bi soldul contului dvs. pentru a cump\u0103ra biletele pe care le dori\u021bi<\/li>\n<li>\u021aine\u021bi eviden\u021ba biletelor dvs. \u00een orice moment<\/li>\n<li>Primi\u021bi o notificare dac\u0103 biletul dvs. este c\u00e2\u0219tig\u0103tor<\/li>\n<li>Nu v\u0103 face\u021bi griji cu privire la alegerea op\u021biunilor de bilete cu selec\u021bii rapide<\/li>\n<\/ul>\n<h2>Este legal s\u0103 cumperi bilete Set for life online?<\/h2>\n<p>Nu trebuie s\u0103 v\u0103 face\u021bi griji cu privire la legalitatea cump\u0103r\u0103rii biletelor online sau \u00een mod tradi\u021bional. Po\u021bi s\u0103 stai lini\u0219tit \u0219i s\u0103 te relaxezi \u0219i s\u0103 ai \u00eencredere c\u0103 noi ne vom ocupa de respectarea tuturor reglement\u0103rilor din \u021bara din care provin aceste jocuri. Tot ce trebuie s\u0103 face\u021bi este s\u0103 cump\u0103ra\u021bi un bilet \u0219i v\u0103 garant\u0103m c\u0103 dac\u0103 ave\u021bi dreptul la un premiu, inclusiv la jackpot, \u00eel ve\u021bi primi.<br \/>\nTrebuie s\u0103 ai cel pu\u021bin 18 ani pentru a putea folosi site-ul nostru.<\/p>\n<h2>Cum sunt pl\u0103tit dac\u0103 c\u00e2\u0219tig Set for life online?<\/h2>\n<p>Vrei s\u0103 \u021bi se pl\u0103teasc\u0103 fiecare cent care \u021bi se cuvine atunci c\u00e2nd c\u00e2\u0219tigi ceva \u0219i exact asta facem noi. Ne asigur\u0103m c\u0103 prime\u0219ti \u00eentotdeauna to\u021bi banii, f\u0103r\u0103 comisioane \u0219i f\u0103r\u0103 taxe percepute pe c\u00e2\u0219tigurile tale.<br \/>\nSingurul moment \u00een care trebuie s\u0103 pl\u0103te\u0219ti ceva este dac\u0103 decizi s\u0103 faci un transfer bancar. Dac\u0103 banca ne taxeaz\u0103 bani, ceea ce se poate \u00eent\u00e2mpla \u00een cazul transferurilor interna\u021bionale, atunci noi \u00ee\u021bi tax\u0103m contul pentru aceast\u0103 tax\u0103. Acesta este singurul motiv pentru care lu\u0103m ceva din c\u00e2\u0219tigurile tale.<br \/>\n\u0218i dac\u0103 c\u00e2\u0219tigi, \u00ee\u021bi vei primi banii \u00eentr-unul din doar c\u00e2teva moduri:<\/p>\n<ul>\n<li>Orice sum\u0103 mai mic\u0103 de 2500 \u20ac este u\u0219oar\u0103, deoarece echipa noastr\u0103 de asisten\u021b\u0103 va pune banii direct \u00een contul t\u0103u pentru tine<\/li>\n<li>Orice sum\u0103 de peste \u20ac2500 va fi \u00een continuare u\u0219or pentru tine, deoarece echipa noastr\u0103 de asisten\u021b\u0103 te va ajuta \u00een acest proces. \u00ce\u021bi vom trimite formularul de cerere de desp\u0103gubire, astfel \u00eenc\u00e2t s\u0103 \u00eel completezi \u0219i s\u0103 ne spui dac\u0103 dore\u0219ti ca banii s\u0103 fie transfera\u021bi la banca ta sau trimi\u0219i sub form\u0103 de cec.<\/li>\n<\/ul>\n","protected":false},"excerpt":{"rendered":"<p>Dac\u0103 dori\u021bi s\u0103 v\u0103 cump\u0103ra\u021bi acum biletele pentru Set for Life, trebuie s\u0103 \u0219ti\u021bi cum s\u0103 face\u021bi acest lucru. Dac\u0103 locuie\u0219ti \u00een Rom\u00e2nia, \u00ee\u021bi va fi u\u0219or \u0219i probabil c\u0103 \u0219tii deja cum s\u0103 faci rost de bilete. Dar cum r\u0103m\u00e2ne cu juc\u0103torii de loto din alte \u021b\u0103ri, cum ar fi din Australia? Ei bine, [&hellip;]<\/p>\n","protected":false},"author":1,"featured_media":0,"parent":5673,"menu_order":10,"comment_status":"closed","ping_status":"closed","template":"set-for-life-info.php","meta":{"_et_pb_use_builder":"","_et_pb_old_content":"","_et_gb_content_width":"","exclude_from_search":false,"footnotes":""},"class_list":["post-80409","page","type-page","status-publish","hentry"],"yoast_head":"<!-- This site is optimized with the Yoast SEO plugin v23.4 - https:\/\/yoast.com\/wordpress\/plugins\/seo\/ -->\n<title>Cumpara bilete pentru Set for life online din Australia | Set for life loterie info, cum s\u0103 cumpere bilete<\/title>\n<meta name=\"description\" content=\"Loteria Set for Life poate fi c\u00e2\u0219tigat\u0103 din Australia - cump\u0103ra\u021bi bilete online aici\" \/>\n<meta name=\"robots\" content=\"index, follow, max-snippet:-1, max-image-preview:large, max-video-preview:-1\" \/>\n<link rel=\"canonical\" href=\"https:\/\/onlinelotto365.com\/ro\/cumpara-bilete\/set-for-life\/\" \/>\n<meta property=\"og:locale\" content=\"ro_RO\" \/>\n<meta property=\"og:type\" content=\"article\" \/>\n<meta property=\"og:title\" content=\"Cumpara bilete pentru Set for life online din Australia | Set for life loterie info, cum s\u0103 cumpere bilete\" \/>\n<meta property=\"og:description\" content=\"Loteria Set for Life poate fi c\u00e2\u0219tigat\u0103 din Australia - cump\u0103ra\u021bi bilete online aici\" \/>\n<meta property=\"og:url\" content=\"https:\/\/onlinelotto365.com\/ro\/cumpara-bilete\/set-for-life\/\" \/>\n<meta property=\"og:site_name\" content=\"OnlineLotto365\" \/>\n<meta property=\"og:image\" content=\"https:\/\/redfoxlotto.com\/image?size=8&amp;lottery=set-for-life-uk\" \/>\n<meta name=\"twitter:card\" content=\"summary_large_image\" \/>\n<meta name=\"twitter:label1\" content=\"Timp estimat pentru citire\" \/>\n\t<meta name=\"twitter:data1\" content=\"4 minute\" \/>\n<script type=\"application\/ld+json\" class=\"yoast-schema-graph\">{\"@context\":\"https:\/\/schema.org\",\"@graph\":[{\"@type\":\"WebPage\",\"@id\":\"https:\/\/onlinelotto365.com\/ro\/cumpara-bilete\/set-for-life\/\",\"url\":\"https:\/\/onlinelotto365.com\/ro\/cumpara-bilete\/set-for-life\/\",\"name\":\"Cumpara bilete pentru Set for life online din Australia | Set for life loterie info, cum s\u0103 cumpere bilete\",\"isPartOf\":{\"@id\":\"https:\/\/onlinelotto365.com\/ro\/#website\"},\"primaryImageOfPage\":{\"@id\":\"https:\/\/onlinelotto365.com\/ro\/cumpara-bilete\/set-for-life\/#primaryimage\"},\"image\":{\"@id\":\"https:\/\/onlinelotto365.com\/ro\/cumpara-bilete\/set-for-life\/#primaryimage\"},\"thumbnailUrl\":\"https:\/\/redfoxlotto.com\/image?size=8&amp;lottery=set-for-life-uk\",\"datePublished\":\"2022-11-17T11:29:26+00:00\",\"dateModified\":\"2022-11-17T11:29:26+00:00\",\"description\":\"Loteria Set for Life poate fi c\u00e2\u0219tigat\u0103 din Australia - cump\u0103ra\u021bi bilete online aici\",\"breadcrumb\":{\"@id\":\"https:\/\/onlinelotto365.com\/ro\/cumpara-bilete\/set-for-life\/#breadcrumb\"},\"inLanguage\":\"ro-RO\",\"potentialAction\":[{\"@type\":\"ReadAction\",\"target\":[\"https:\/\/onlinelotto365.com\/ro\/cumpara-bilete\/set-for-life\/\"]}]},{\"@type\":\"ImageObject\",\"inLanguage\":\"ro-RO\",\"@id\":\"https:\/\/onlinelotto365.com\/ro\/cumpara-bilete\/set-for-life\/#primaryimage\",\"url\":\"https:\/\/redfoxlotto.com\/image?size=8&amp;lottery=set-for-life-uk\",\"contentUrl\":\"https:\/\/redfoxlotto.com\/image?size=8&amp;lottery=set-for-life-uk\"},{\"@type\":\"BreadcrumbList\",\"@id\":\"https:\/\/onlinelotto365.com\/ro\/cumpara-bilete\/set-for-life\/#breadcrumb\",\"itemListElement\":[{\"@type\":\"ListItem\",\"position\":1,\"name\":\"Home\",\"item\":\"https:\/\/onlinelotto365.com\/ro\/\"},{\"@type\":\"ListItem\",\"position\":2,\"name\":\"De ce are mai mult sens s\u0103 cumperi bilete la loterie online.\",\"item\":\"https:\/\/onlinelotto365.com\/ro\/cumpara-bilete\/\"},{\"@type\":\"ListItem\",\"position\":3,\"name\":\"Cum s\u0103 cump\u0103ra\u021bi bilete online la Set for life\"}]},{\"@type\":\"WebSite\",\"@id\":\"https:\/\/onlinelotto365.com\/ro\/#website\",\"url\":\"https:\/\/onlinelotto365.com\/ro\/\",\"name\":\"OnlineLotto365\",\"description\":\"\",\"potentialAction\":[{\"@type\":\"SearchAction\",\"target\":{\"@type\":\"EntryPoint\",\"urlTemplate\":\"https:\/\/onlinelotto365.com\/ro\/?s={search_term_string}\"},\"query-input\":{\"@type\":\"PropertyValueSpecification\",\"valueRequired\":true,\"valueName\":\"search_term_string\"}}],\"inLanguage\":\"ro-RO\"}]}<\/script>\n<!-- \/ Yoast SEO plugin. -->","yoast_head_json":{"title":"Cumpara bilete pentru Set for life online din Australia | Set for life loterie info, cum s\u0103 cumpere bilete","description":"Loteria Set for Life poate fi c\u00e2\u0219tigat\u0103 din Australia - cump\u0103ra\u021bi bilete online aici","robots":{"index":"index","follow":"follow","max-snippet":"max-snippet:-1","max-image-preview":"max-image-preview:large","max-video-preview":"max-video-preview:-1"},"canonical":"https:\/\/onlinelotto365.com\/ro\/cumpara-bilete\/set-for-life\/","og_locale":"ro_RO","og_type":"article","og_title":"Cumpara bilete pentru Set for life online din Australia | Set for life loterie info, cum s\u0103 cumpere bilete","og_description":"Loteria Set for Life poate fi c\u00e2\u0219tigat\u0103 din Australia - cump\u0103ra\u021bi bilete online aici","og_url":"https:\/\/onlinelotto365.com\/ro\/cumpara-bilete\/set-for-life\/","og_site_name":"OnlineLotto365","og_image":[{"url":"https:\/\/redfoxlotto.com\/image?size=8&amp;lottery=set-for-life-uk"}],"twitter_card":"summary_large_image","twitter_misc":{"Timp estimat pentru citire":"4 minute"},"schema":{"@context":"https:\/\/schema.org","@graph":[{"@type":"WebPage","@id":"https:\/\/onlinelotto365.com\/ro\/cumpara-bilete\/set-for-life\/","url":"https:\/\/onlinelotto365.com\/ro\/cumpara-bilete\/set-for-life\/","name":"Cumpara bilete pentru Set for life online din Australia | Set for life loterie info, cum s\u0103 cumpere bilete","isPartOf":{"@id":"https:\/\/onlinelotto365.com\/ro\/#website"},"primaryImageOfPage":{"@id":"https:\/\/onlinelotto365.com\/ro\/cumpara-bilete\/set-for-life\/#primaryimage"},"image":{"@id":"https:\/\/onlinelotto365.com\/ro\/cumpara-bilete\/set-for-life\/#primaryimage"},"thumbnailUrl":"https:\/\/redfoxlotto.com\/image?size=8&amp;lottery=set-for-life-uk","datePublished":"2022-11-17T11:29:26+00:00","dateModified":"2022-11-17T11:29:26+00:00","description":"Loteria Set for Life poate fi c\u00e2\u0219tigat\u0103 din Australia - cump\u0103ra\u021bi bilete online aici","breadcrumb":{"@id":"https:\/\/onlinelotto365.com\/ro\/cumpara-bilete\/set-for-life\/#breadcrumb"},"inLanguage":"ro-RO","potentialAction":[{"@type":"ReadAction","target":["https:\/\/onlinelotto365.com\/ro\/cumpara-bilete\/set-for-life\/"]}]},{"@type":"ImageObject","inLanguage":"ro-RO","@id":"https:\/\/onlinelotto365.com\/ro\/cumpara-bilete\/set-for-life\/#primaryimage","url":"https:\/\/redfoxlotto.com\/image?size=8&amp;lottery=set-for-life-uk","contentUrl":"https:\/\/redfoxlotto.com\/image?size=8&amp;lottery=set-for-life-uk"},{"@type":"BreadcrumbList","@id":"https:\/\/onlinelotto365.com\/ro\/cumpara-bilete\/set-for-life\/#breadcrumb","itemListElement":[{"@type":"ListItem","position":1,"name":"Home","item":"https:\/\/onlinelotto365.com\/ro\/"},{"@type":"ListItem","position":2,"name":"De ce are mai mult sens s\u0103 cumperi bilete la loterie online.","item":"https:\/\/onlinelotto365.com\/ro\/cumpara-bilete\/"},{"@type":"ListItem","position":3,"name":"Cum s\u0103 cump\u0103ra\u021bi bilete online la Set for life"}]},{"@type":"WebSite","@id":"https:\/\/onlinelotto365.com\/ro\/#website","url":"https:\/\/onlinelotto365.com\/ro\/","name":"OnlineLotto365","description":"","potentialAction":[{"@type":"SearchAction","target":{"@type":"EntryPoint","urlTemplate":"https:\/\/onlinelotto365.com\/ro\/?s={search_term_string}"},"query-input":{"@type":"PropertyValueSpecification","valueRequired":true,"valueName":"search_term_string"}}],"inLanguage":"ro-RO"}]}},"_links":{"self":[{"href":"https:\/\/onlinelotto365.com\/ro\/wp-json\/wp\/v2\/pages\/80409","targetHints":{"allow":["GET"]}}],"collection":[{"href":"https:\/\/onlinelotto365.com\/ro\/wp-json\/wp\/v2\/pages"}],"about":[{"href":"https:\/\/onlinelotto365.com\/ro\/wp-json\/wp\/v2\/types\/page"}],"author":[{"embeddable":true,"href":"https:\/\/onlinelotto365.com\/ro\/wp-json\/wp\/v2\/users\/1"}],"replies":[{"embeddable":true,"href":"https:\/\/onlinelotto365.com\/ro\/wp-json\/wp\/v2\/comments?post=80409"}],"version-history":[{"count":0,"href":"https:\/\/onlinelotto365.com\/ro\/wp-json\/wp\/v2\/pages\/80409\/revisions"}],"up":[{"embeddable":true,"href":"https:\/\/onlinelotto365.com\/ro\/wp-json\/wp\/v2\/pages\/5673"}],"wp:attachment":[{"href":"https:\/\/onlinelotto365.com\/ro\/wp-json\/wp\/v2\/media?parent=80409"}],"curies":[{"name":"wp","href":"https:\/\/api.w.org\/{rel}","templated":true}]}}