{"id":80445,"date":"2022-11-18T08:21:33","date_gmt":"2022-11-18T07:21:33","guid":{"rendered":"https:\/\/onlinelotto365.com\/?page_id=80445"},"modified":"2022-11-18T08:21:33","modified_gmt":"2022-11-18T07:21:33","slug":"german-lotto","status":"publish","type":"page","link":"https:\/\/onlinelotto365.com\/ro\/cumpara-bilete\/german-lotto\/","title":{"rendered":"Cum s\u0103 cump\u0103ra\u021bi bilete online pentru Loto Germania"},"content":{"rendered":"<p>Nu sunte\u021bi sigur cum s\u0103 cump\u0103ra\u021bi online biletele German Lotto? Ei bine, atunci a\u021bi ajuns la locul potrivit, pentru c\u0103 v\u0103 vom ghida prin procesul foarte simplu pentru a ajunge de la dorin\u021ba de a avea acele bilete \u00een Rom\u00e2nia p\u00e2n\u0103 la a\u0219teptarea extragerii pentru a vedea dac\u0103 a\u021bi c\u00e2\u0219tigat ceva mare.<br \/>\n<a href=\"https:\/\/redfoxlotto.com\/play\/lotto-6aus49\/?ref=a8564250a2&amp;medium=ol365\" target=\"_blank\" rel=\"noopener noreferrer\"><img decoding=\"async\" class=\"aligncenter\" src=\"https:\/\/redfoxlotto.com\/image?size=8&amp;lottery=lotto-6aus49\" alt=\"German Lotto 6aus49\" \/><\/a><\/p>\n<ul>\n<li>Merge\u021bi pe pagina web a jocului loto pe care dori\u021bi s\u0103 \u00eel juca\u021bi \u0219i alege\u021bi num\u0103rul de bilete pe care \u00eel dori\u021bi \u0219i numerele pe care dori\u021bi s\u0103 le juca\u021bi<\/li>\n<li>Lua\u021bi oric\u00e2te bilete dori\u021bi pentru acest joc \u0219i pentru oricare altul<\/li>\n<li>Face\u021bi clic pe butonul pentru a pl\u0103ti acum<\/li>\n<li>Conecta\u021bi-v\u0103 la contul dvs. curent pentru a procesa plata sau crea\u021bi un cont nou \u0219i finaliza\u021bi procesul de \u00eenregistrare<\/li>\n<li>Cei care trebuie s\u0103 creeze un cont vor trebui, de asemenea, s\u0103 \u00eel verifice din contul de e-mail<\/li>\n<li>Asigur\u0103-te c\u0103 te ui\u021bi \u00een c\u0103su\u021ba de primire, precum \u0219i \u00een dosarul de spam pentru a vedea dac\u0103 e-mailul este trimis acolo \u0219i f\u0103 clic pe link<\/li>\n<li>Dup\u0103 ce v-a\u021bi verificat contul, merge\u021bi la co\u0219ul de cump\u0103r\u0103turi pentru a v\u0103 achizi\u021biona articolele<\/li>\n<li>Trece\u021bi prin procesul de plat\u0103 conform instruc\u021biunilor care v\u0103 sunt furnizate<\/li>\n<\/ul>\n<h2>Cum s\u0103 pl\u0103ti\u021bi online biletul German Lotto<\/h2>\n<p>Pute\u021bi alege din mai multe op\u021biuni de plat\u0103 diferite \u0219i complet sigure atunci c\u00e2nd este timpul s\u0103 pl\u0103ti\u021bi pentru biletele dumneavoastr\u0103.<br \/>\nFiecare dintre aceste op\u021biuni se \u00eencadreaz\u0103 \u00eentr-una dintre cele dou\u0103 categorii diferite:<\/p>\n<p>Pl\u0103ti\u021bi pentru biletele dvs. prin trimiterea unei metode de plat\u0103 \u00een momentul cump\u0103r\u0103rii<br \/>\nPl\u0103ti\u021bi pentru bilete ad\u0103ug\u00e2nd bani \u00een contul dvs. de juc\u0103tor \u0219i folosindu-i pentru a face achizi\u021bia<\/p>\n<p>Asigura\u021bi-v\u0103 c\u0103, dac\u0103 ad\u0103uga\u021bi bani \u00een contul dvs., ad\u0103uga\u021bi suficient pentru a acoperi mai mult dec\u00e2t costul tranzac\u021biei curente, astfel \u00eenc\u00e2t aceasta s\u0103 fie aprobat\u0103.<\/p>\n<h2>Mai multe informa\u021bii despre German Lotto<\/h2>\n<ul>\n<li>\u021aara: Germania<\/li>\n<li>Gama de numere principale: 49<\/li>\n<li>Tu alegi: 6<\/li>\n<li>Num\u0103rul suplimentar va fi ales automat pentru dumneavoastr\u0103<\/li>\n<li>Zilele \u0219i orele de extragere: S\u00e2mb\u0103t\u0103, 20:25 CET, 20:25 CET<\/li>\n<li>Jackpot minim: 1 milion de euro<\/li>\n<li>Jackpot maxim: dup\u0103 12 extrageri<\/li>\n<li>Probabilitatea de a c\u00e2\u0219tiga jackpotul: 1 din 125854344<\/li>\n<li>Probabilitatea unui c\u00e2\u0219tig de nivel 2: 1 la 13983816<\/li>\n<li>Probabilitatea de a c\u00e2\u0219tiga \u00een orice nivel: 1 la 31<\/li>\n<li>Num\u0103rul de niveluri de premii: 9<\/li>\n<\/ul>\n<h2>Avantajele cump\u0103r\u0103rii online a biletelor German Lotto<\/h2>\n<ul>\n<li>Cump\u0103ra\u021bi bilete din locul confortabil de acas\u0103<\/li>\n<li>Ob\u021bine\u021bi toate tipurile de jocuri de loterie pe care le dori\u021bi<\/li>\n<li>Ob\u021bine\u021bi \u0219anse mai mari la cele mai bune jackpoturi aleg\u00e2nd corect jocurile dvs.<\/li>\n<li>Ob\u021bine\u021bi op\u021biuni de plat\u0103 u\u0219oar\u0103 prin ad\u0103ugarea de bani direct \u00een contul dvs. de juc\u0103tor pentru a cump\u0103ra<\/li>\n<li>Ob\u021bine\u021bi o stocare u\u0219oar\u0103 a tuturor biletelor dvs. de loto<\/li>\n<li>Primi\u021bi o notificare instantanee pentru c\u00e2\u0219tigurile ob\u021binute<\/li>\n<li>Ob\u021bine\u021bi op\u021biuni de alegere u\u0219oar\u0103 pentru a nu fi nevoit s\u0103 alege\u021bi numerele<\/li>\n<\/ul>\n<h2>Este legal s\u0103 cump\u0103ra\u021bi bilete Lotto German online?<\/h2>\n<p>Dac\u0103 v-a\u021bi \u00eengrijorat s\u0103 cump\u0103ra\u021bi bilete online pentru c\u0103 sunte\u021bi \u00een Rom\u00e2nia<br \/>\n\u0219i nu cunoa\u0219te\u021bi regulile, nu trebuie s\u0103 v\u0103 face\u021bi griji. Noi v\u0103 putem ajuta s\u0103 v\u0103 u\u0219ur\u0103m o parte din griji, deoarece ne asigur\u0103m c\u0103 sunt respectate toate reglement\u0103rile pentru \u021bara din care provine loteria.<br \/>\nAcest lucru v\u0103 ajut\u0103 s\u0103 v\u0103 sim\u021bi\u021bi mai \u00eencrez\u0103tor \u0219i v\u0103 asigur\u0103 c\u0103 to\u021bi banii pe care \u00eei c\u00e2\u0219tiga\u021bi sunt garanta\u021bi s\u0103 ajung\u0103 direct la dumneavoastr\u0103.<br \/>\nSingura regul\u0103 este c\u0103 trebuie s\u0103 ave\u021bi 18 ani sau mai mult pentru a putea juca.<\/p>\n<h2>Cum sunt pl\u0103tit dac\u0103 c\u00e2\u0219tig la German Lotto online?<\/h2>\n<p><img loading=\"lazy\" decoding=\"async\" class=\"alignright wp-image-3633\" src=\"https:\/\/onlinelotto365.com\/wp-content\/uploads\/2020\/11\/online_lottery-41-300x102.jpg\" alt=\"German Lotto online uk\" width=\"376\" height=\"128\" srcset=\"https:\/\/onlinelotto365.com\/wp-content\/uploads\/2020\/11\/online_lottery-41-300x102.jpg 300w, https:\/\/onlinelotto365.com\/wp-content\/uploads\/2020\/11\/online_lottery-41.jpg 593w\" sizes=\"auto, (max-width: 376px) 100vw, 376px\" \/><br \/>\nC\u00e2nd vine vorba de ob\u021binerea c\u00e2\u0219tigurilor, \u0219tim deja c\u0103 nu vrei s\u0103 faci sacrificii. Vrei s\u0103 prime\u0219ti to\u021bi banii la care ai dreptul \u0219i noi te putem ajuta \u00een acest sens. De fapt, putem \u00eencepe imediat, deoarece nu vom lua niciun comision din c\u00e2\u0219tigurile tale.<\/p>\n<p>De asemenea, nu v\u0103 vom percepe niciun fel de taxe. A\u0219a este, cu excep\u021bia cazului \u00een care alege\u021bi s\u0103 transfera\u021bi banii la banca dvs., nu v\u0103 vom percepe nicio tax\u0103 pentru nimic din ceea ce facem. Dac\u0103 alege\u021bi un transfer bancar, noi percepem o tax\u0103, deoarece banca dumneavoastr\u0103 percepe o tax\u0103.<\/p>\n<p><strong>Ce se \u00eent\u00e2mpl\u0103 atunci c\u00e2nd c\u00e2\u0219tiga\u021bi:<\/strong><\/p>\n<ul>\n<li>Pentru cei care c\u00e2\u0219tig\u0103 mai pu\u021bin de 2 500 de euro, nu trebuie s\u0103 face\u021bi nimic. Noi ne ocup\u0103m de tot, pun\u00e2nd banii \u00een contul t\u0103u.<\/li>\n<li>Pentru cei care c\u00e2\u0219tig\u0103 peste 2500 \u20ac, ve\u021bi primi un formular de revendicare de la echipa noastr\u0103 de asisten\u021b\u0103. Acel formular v\u0103 va permite s\u0103 decide\u021bi dac\u0103 dori\u021bi s\u0103 fi\u021bi pl\u0103tit prin cec sau prin transfer bancar. Apoi, po\u021bi sta lini\u0219tit \u0219i a\u0219tepta ca banii s\u0103 ajung\u0103 la tine \u00een c\u00e2teva zile<\/li>\n<\/ul>\n","protected":false},"excerpt":{"rendered":"<p>Nu sunte\u021bi sigur cum s\u0103 cump\u0103ra\u021bi online biletele German Lotto? Ei bine, atunci a\u021bi ajuns la locul potrivit, pentru c\u0103 v\u0103 vom ghida prin procesul foarte simplu pentru a ajunge de la dorin\u021ba de a avea acele bilete \u00een Rom\u00e2nia p\u00e2n\u0103 la a\u0219teptarea extragerii pentru a vedea dac\u0103 a\u021bi c\u00e2\u0219tigat ceva mare. Merge\u021bi pe pagina [&hellip;]<\/p>\n","protected":false},"author":1,"featured_media":0,"parent":5673,"menu_order":11,"comment_status":"closed","ping_status":"closed","template":"lotto-german-info.php","meta":{"_et_pb_use_builder":"","_et_pb_old_content":"","_et_gb_content_width":"","exclude_from_search":false,"footnotes":""},"class_list":["post-80445","page","type-page","status-publish","hentry"],"yoast_head":"<!-- This site is optimized with the Yoast SEO plugin v23.4 - https:\/\/yoast.com\/wordpress\/plugins\/seo\/ -->\n<title>Cump\u0103ra\u021bi acum bilete online la German Lotto din Rom\u00e2nia<\/title>\n<meta name=\"description\" content=\"Dac\u0103 locui\u021bi \u00een Rom\u00e2nia, pute\u021bi cump\u0103ra \u00een continuare bilete online la Loto German\u0103\" \/>\n<meta name=\"robots\" content=\"index, follow, max-snippet:-1, max-image-preview:large, max-video-preview:-1\" \/>\n<link rel=\"canonical\" href=\"https:\/\/onlinelotto365.com\/ro\/cumpara-bilete\/german-lotto\/\" \/>\n<meta property=\"og:locale\" content=\"ro_RO\" \/>\n<meta property=\"og:type\" content=\"article\" \/>\n<meta property=\"og:title\" content=\"Cump\u0103ra\u021bi acum bilete online la German Lotto din Rom\u00e2nia\" \/>\n<meta property=\"og:description\" content=\"Dac\u0103 locui\u021bi \u00een Rom\u00e2nia, pute\u021bi cump\u0103ra \u00een continuare bilete online la Loto German\u0103\" \/>\n<meta property=\"og:url\" content=\"https:\/\/onlinelotto365.com\/ro\/cumpara-bilete\/german-lotto\/\" \/>\n<meta property=\"og:site_name\" content=\"OnlineLotto365\" \/>\n<meta property=\"og:image\" content=\"https:\/\/redfoxlotto.com\/image?size=8&amp;lottery=lotto-6aus49\" \/>\n<meta name=\"twitter:card\" content=\"summary_large_image\" \/>\n<meta name=\"twitter:label1\" content=\"Timp estimat pentru citire\" \/>\n\t<meta name=\"twitter:data1\" content=\"4 minute\" \/>\n<script type=\"application\/ld+json\" class=\"yoast-schema-graph\">{\"@context\":\"https:\/\/schema.org\",\"@graph\":[{\"@type\":\"WebPage\",\"@id\":\"https:\/\/onlinelotto365.com\/ro\/cumpara-bilete\/german-lotto\/\",\"url\":\"https:\/\/onlinelotto365.com\/ro\/cumpara-bilete\/german-lotto\/\",\"name\":\"Cump\u0103ra\u021bi acum bilete online la German Lotto din Rom\u00e2nia\",\"isPartOf\":{\"@id\":\"https:\/\/onlinelotto365.com\/ro\/#website\"},\"primaryImageOfPage\":{\"@id\":\"https:\/\/onlinelotto365.com\/ro\/cumpara-bilete\/german-lotto\/#primaryimage\"},\"image\":{\"@id\":\"https:\/\/onlinelotto365.com\/ro\/cumpara-bilete\/german-lotto\/#primaryimage\"},\"thumbnailUrl\":\"https:\/\/redfoxlotto.com\/image?size=8&amp;lottery=lotto-6aus49\",\"datePublished\":\"2022-11-18T07:21:33+00:00\",\"dateModified\":\"2022-11-18T07:21:33+00:00\",\"description\":\"Dac\u0103 locui\u021bi \u00een Rom\u00e2nia, pute\u021bi cump\u0103ra \u00een continuare bilete online la Loto German\u0103\",\"breadcrumb\":{\"@id\":\"https:\/\/onlinelotto365.com\/ro\/cumpara-bilete\/german-lotto\/#breadcrumb\"},\"inLanguage\":\"ro-RO\",\"potentialAction\":[{\"@type\":\"ReadAction\",\"target\":[\"https:\/\/onlinelotto365.com\/ro\/cumpara-bilete\/german-lotto\/\"]}]},{\"@type\":\"ImageObject\",\"inLanguage\":\"ro-RO\",\"@id\":\"https:\/\/onlinelotto365.com\/ro\/cumpara-bilete\/german-lotto\/#primaryimage\",\"url\":\"https:\/\/redfoxlotto.com\/image?size=8&amp;lottery=lotto-6aus49\",\"contentUrl\":\"https:\/\/redfoxlotto.com\/image?size=8&amp;lottery=lotto-6aus49\"},{\"@type\":\"BreadcrumbList\",\"@id\":\"https:\/\/onlinelotto365.com\/ro\/cumpara-bilete\/german-lotto\/#breadcrumb\",\"itemListElement\":[{\"@type\":\"ListItem\",\"position\":1,\"name\":\"Home\",\"item\":\"https:\/\/onlinelotto365.com\/ro\/\"},{\"@type\":\"ListItem\",\"position\":2,\"name\":\"De ce are mai mult sens s\u0103 cumperi bilete la loterie online.\",\"item\":\"https:\/\/onlinelotto365.com\/ro\/cumpara-bilete\/\"},{\"@type\":\"ListItem\",\"position\":3,\"name\":\"Cum s\u0103 cump\u0103ra\u021bi bilete online pentru Loto Germania\"}]},{\"@type\":\"WebSite\",\"@id\":\"https:\/\/onlinelotto365.com\/ro\/#website\",\"url\":\"https:\/\/onlinelotto365.com\/ro\/\",\"name\":\"OnlineLotto365\",\"description\":\"\",\"potentialAction\":[{\"@type\":\"SearchAction\",\"target\":{\"@type\":\"EntryPoint\",\"urlTemplate\":\"https:\/\/onlinelotto365.com\/ro\/?s={search_term_string}\"},\"query-input\":{\"@type\":\"PropertyValueSpecification\",\"valueRequired\":true,\"valueName\":\"search_term_string\"}}],\"inLanguage\":\"ro-RO\"}]}<\/script>\n<!-- \/ Yoast SEO plugin. -->","yoast_head_json":{"title":"Cump\u0103ra\u021bi acum bilete online la German Lotto din Rom\u00e2nia","description":"Dac\u0103 locui\u021bi \u00een Rom\u00e2nia, pute\u021bi cump\u0103ra \u00een continuare bilete online la Loto German\u0103","robots":{"index":"index","follow":"follow","max-snippet":"max-snippet:-1","max-image-preview":"max-image-preview:large","max-video-preview":"max-video-preview:-1"},"canonical":"https:\/\/onlinelotto365.com\/ro\/cumpara-bilete\/german-lotto\/","og_locale":"ro_RO","og_type":"article","og_title":"Cump\u0103ra\u021bi acum bilete online la German Lotto din Rom\u00e2nia","og_description":"Dac\u0103 locui\u021bi \u00een Rom\u00e2nia, pute\u021bi cump\u0103ra \u00een continuare bilete online la Loto German\u0103","og_url":"https:\/\/onlinelotto365.com\/ro\/cumpara-bilete\/german-lotto\/","og_site_name":"OnlineLotto365","og_image":[{"url":"https:\/\/redfoxlotto.com\/image?size=8&amp;lottery=lotto-6aus49"}],"twitter_card":"summary_large_image","twitter_misc":{"Timp estimat pentru citire":"4 minute"},"schema":{"@context":"https:\/\/schema.org","@graph":[{"@type":"WebPage","@id":"https:\/\/onlinelotto365.com\/ro\/cumpara-bilete\/german-lotto\/","url":"https:\/\/onlinelotto365.com\/ro\/cumpara-bilete\/german-lotto\/","name":"Cump\u0103ra\u021bi acum bilete online la German Lotto din Rom\u00e2nia","isPartOf":{"@id":"https:\/\/onlinelotto365.com\/ro\/#website"},"primaryImageOfPage":{"@id":"https:\/\/onlinelotto365.com\/ro\/cumpara-bilete\/german-lotto\/#primaryimage"},"image":{"@id":"https:\/\/onlinelotto365.com\/ro\/cumpara-bilete\/german-lotto\/#primaryimage"},"thumbnailUrl":"https:\/\/redfoxlotto.com\/image?size=8&amp;lottery=lotto-6aus49","datePublished":"2022-11-18T07:21:33+00:00","dateModified":"2022-11-18T07:21:33+00:00","description":"Dac\u0103 locui\u021bi \u00een Rom\u00e2nia, pute\u021bi cump\u0103ra \u00een continuare bilete online la Loto German\u0103","breadcrumb":{"@id":"https:\/\/onlinelotto365.com\/ro\/cumpara-bilete\/german-lotto\/#breadcrumb"},"inLanguage":"ro-RO","potentialAction":[{"@type":"ReadAction","target":["https:\/\/onlinelotto365.com\/ro\/cumpara-bilete\/german-lotto\/"]}]},{"@type":"ImageObject","inLanguage":"ro-RO","@id":"https:\/\/onlinelotto365.com\/ro\/cumpara-bilete\/german-lotto\/#primaryimage","url":"https:\/\/redfoxlotto.com\/image?size=8&amp;lottery=lotto-6aus49","contentUrl":"https:\/\/redfoxlotto.com\/image?size=8&amp;lottery=lotto-6aus49"},{"@type":"BreadcrumbList","@id":"https:\/\/onlinelotto365.com\/ro\/cumpara-bilete\/german-lotto\/#breadcrumb","itemListElement":[{"@type":"ListItem","position":1,"name":"Home","item":"https:\/\/onlinelotto365.com\/ro\/"},{"@type":"ListItem","position":2,"name":"De ce are mai mult sens s\u0103 cumperi bilete la loterie online.","item":"https:\/\/onlinelotto365.com\/ro\/cumpara-bilete\/"},{"@type":"ListItem","position":3,"name":"Cum s\u0103 cump\u0103ra\u021bi bilete online pentru Loto Germania"}]},{"@type":"WebSite","@id":"https:\/\/onlinelotto365.com\/ro\/#website","url":"https:\/\/onlinelotto365.com\/ro\/","name":"OnlineLotto365","description":"","potentialAction":[{"@type":"SearchAction","target":{"@type":"EntryPoint","urlTemplate":"https:\/\/onlinelotto365.com\/ro\/?s={search_term_string}"},"query-input":{"@type":"PropertyValueSpecification","valueRequired":true,"valueName":"search_term_string"}}],"inLanguage":"ro-RO"}]}},"_links":{"self":[{"href":"https:\/\/onlinelotto365.com\/ro\/wp-json\/wp\/v2\/pages\/80445","targetHints":{"allow":["GET"]}}],"collection":[{"href":"https:\/\/onlinelotto365.com\/ro\/wp-json\/wp\/v2\/pages"}],"about":[{"href":"https:\/\/onlinelotto365.com\/ro\/wp-json\/wp\/v2\/types\/page"}],"author":[{"embeddable":true,"href":"https:\/\/onlinelotto365.com\/ro\/wp-json\/wp\/v2\/users\/1"}],"replies":[{"embeddable":true,"href":"https:\/\/onlinelotto365.com\/ro\/wp-json\/wp\/v2\/comments?post=80445"}],"version-history":[{"count":0,"href":"https:\/\/onlinelotto365.com\/ro\/wp-json\/wp\/v2\/pages\/80445\/revisions"}],"up":[{"embeddable":true,"href":"https:\/\/onlinelotto365.com\/ro\/wp-json\/wp\/v2\/pages\/5673"}],"wp:attachment":[{"href":"https:\/\/onlinelotto365.com\/ro\/wp-json\/wp\/v2\/media?parent=80445"}],"curies":[{"name":"wp","href":"https:\/\/api.w.org\/{rel}","templated":true}]}}