{"id":80477,"date":"2022-11-18T11:23:14","date_gmt":"2022-11-18T10:23:14","guid":{"rendered":"https:\/\/onlinelotto365.com\/?page_id=80477"},"modified":"2022-11-18T11:23:14","modified_gmt":"2022-11-18T10:23:14","slug":"mega-sena","status":"publish","type":"page","link":"https:\/\/onlinelotto365.com\/ro\/cumpara-bilete\/mega-sena\/","title":{"rendered":"Cum s\u0103 cump\u0103ra\u021bi online bilete la Mega-Sena Brazilia"},"content":{"rendered":"<p>Vrei s\u0103 \u0219tii cum po\u021bi face rost de biletele de care ai nevoie pentru Mega-Sena, de\u0219i locuie\u0219ti \u00een Rom\u00e2nia sau \u00een orice alt\u0103 \u021bar\u0103 din afara Braziliei? Ei bine, atunci, vei dori s\u0103 cite\u0219ti pu\u021bin mai departe, deoarece te putem ajuta cu \u00eentregul proces \u0219i s\u0103 te asigur\u0103m c\u0103 e\u0219ti pe drumul cel bun pentru a ob\u021bine biletele pe care le dore\u0219ti pentru oricare \u0219i toate jocurile pe care vrei s\u0103 le joci.<br \/>\n<a href=\"https:\/\/redfoxlotto.com\/play\/mega-sena\/?ref=a8564250a2&amp;medium=ol365\" target=\"_blank\" rel=\"noopener noreferrer\"><img decoding=\"async\" class=\"aligncenter\" src=\"https:\/\/redfoxlotto.com\/image?size=8&amp;lottery=mega-sena\" alt=\"mega-sena\" \/><\/a><\/p>\n<ul>\n<li>Tot ce trebuie s\u0103 face\u021bi pentru a \u00eencepe este s\u0103 alege\u021bi jocul pe care dori\u021bi s\u0103 \u00eel juca\u021bi \u0219i s\u0103 alege\u021bi numerele de bilete pe care le dori\u021bi pentru acel joc.<\/li>\n<li>Ad\u0103uga\u021bi oric\u00e2te bilete dori\u021bi pentru acest joc sau pentru orice alt joc pe care dori\u021bi s\u0103 \u00eel juca\u021bi.<\/li>\n<li>Face\u021bi clic pe buton pentru a \u00eencepe procesul de plat\u0103.<\/li>\n<li>Conecta\u021bi-v\u0103 la contul dvs. curent sau crea\u021bi un cont nou pentru a v\u0103 cump\u0103ra biletele.<\/li>\n<li>Dac\u0103 trebuie s\u0103 crea\u021bi un cont nou, va trebui s\u0103 trece\u021bi prin procesul de \u00eenregistrare. Linkul de verificare v\u0103 va fi trimis pe e-mail.<\/li>\n<li>Dac\u0103 e-mailul nu apare \u00een c\u0103su\u021ba dvs. de primire, trebuie s\u0103 verifica\u021bi dosarul de spam pentru a v\u0103 asigura c\u0103 a fost primit.<\/li>\n<li>Dup\u0103 ce v-a\u021bi verificat contul, merge\u021bi la co\u0219ul de cump\u0103r\u0103turi de pe site.<\/li>\n<li>Urma\u021bi instruc\u021biunile pentru a pl\u0103ti biletele folosind metoda de plat\u0103 aleas\u0103.<\/li>\n<\/ul>\n<h2>Cum s\u0103 pl\u0103ti\u021bi biletul Mega-Sena online<\/h2>\n<p>Plata biletelor \u00eentr-un mod sigur este important\u0103 pentru dvs. \u0219i v\u0103 facem acest lucru c\u00e2t mai u\u0219or posibil, oferindu-v\u0103 o mul\u021bime de op\u021biuni diferite de plat\u0103 direct\u0103, precum \u0219i o op\u021biune secundar\u0103 pentru a v\u0103 cump\u0103ra biletele. Trebuie doar s\u0103 \u00eencepe\u021bi cu una dintre cele dou\u0103 de mai jos.<\/p>\n<p>Pl\u0103ti\u021bi direct folosind metoda dvs. preferat\u0103 de plat\u0103<br \/>\nAd\u0103uga\u021bi bani \u00een contul dvs. de juc\u0103tor pentru a putea cump\u0103ra bilete direct din cont.<\/p>\n<p>Asigur\u0103-te c\u0103 adaugi pu\u021bin mai mult \u00een contul t\u0103u de juc\u0103tor dac\u0103 vei alege aceast\u0103 metod\u0103. \u00cen acest fel, soldul contului dvs. va putea pl\u0103ti pentru achizi\u021bie.<\/p>\n<h2>Mai multe informa\u021bii despre Mega-Sena<\/h2>\n<ul>\n<li>\u021aar\u0103: Brazilia<\/li>\n<li>Intervalul principal de numere: Num\u0103rul de numere principale: 60<\/li>\n<li>Tu alegi: 6<\/li>\n<li>Zilele \u0219i orele de extragere: Miercuri, s\u00e2mb\u0103t\u0103, 20:00 GMT -3, 24:00 CET<\/li>\n<li>Jackpot minim: 2 milioane R$<\/li>\n<li>Jackpot maxim: niciunul<\/li>\n<li>Probabilitatea de a c\u00e2\u0219tiga jackpotul: 1 din 50063860<\/li>\n<li>Probabilitatea unui c\u00e2\u0219tig de nivel 2: 1 la 15451809<\/li>\n<li>Probabilitatea de a c\u00e2\u0219tiga \u00een orice nivel: 1 la 2297,56<\/li>\n<li>Num\u0103rul de niveluri de premii: 3<\/li>\n<\/ul>\n<h2>Avantajele cump\u0103r\u0103rii online a biletelor Mega-Sena<\/h2>\n<ul>\n<li>Nu este nevoie s\u0103 v\u0103 deplasa\u021bi &#8211; cump\u0103ra\u021bi bilete de acas\u0103<\/li>\n<li>Pute\u021bi alege dintre diferite jocuri de loterie<\/li>\n<li>Ob\u021bine\u021bi cele mai bune \u0219anse de a c\u00e2\u0219tiga jocuri cu jackpoturi mari<\/li>\n<li>Pune\u021bi bani direct \u00een contul dvs. pentru a fi folosi\u021bi pentru achizi\u021bia dvs.<\/li>\n<li>\u021aine\u021bi eviden\u021ba biletelor dvs. cu u\u0219urin\u021b\u0103<\/li>\n<li>Primi\u021bi notific\u0103ri ori de c\u00e2te ori c\u00e2\u0219tiga\u021bi pe biletele dvs.<\/li>\n<li>Folosi\u021bi op\u021biunea de alegere rapid\u0103 pentru a ob\u021bine bilete f\u0103r\u0103 a alege numere<\/li>\n<\/ul>\n<h2>Este legal s\u0103 cumperi bilete Mega-Sena online?<\/h2>\n<p>Mul\u021bi oameni se \u00eengrijoreaz\u0103 dac\u0103 pot sau nu pot cump\u0103ra bilete de loto Mega Sena online, deoarece Rom\u00e2nia este \u021bara lor de re\u0219edin\u021b\u0103. Sau poate c\u0103 locuiesc \u00een alt\u0103 \u021bar\u0103, dar nu \u00een Brazilia. Noi v\u0103 ajut\u0103m s\u0103 rezolv\u0103m o parte din aceste \u00eengrijor\u0103ri, asigur\u00e2ndu-ne c\u0103 tot ceea ce facem se bazeaz\u0103 pe reglement\u0103rile din \u021bara care administreaz\u0103 loteria. Acest lucru v\u0103 face mai u\u0219or s\u0103 v\u0103 cump\u0103ra\u021bi biletele \u0219i s\u0103 v\u0103 sim\u021bi\u021bi confortabil cu procesul. \u00cen plus, ave\u021bi garan\u021bia c\u0103 ve\u021bi primi to\u021bi banii pe care \u00eei c\u00e2\u0219tiga\u021bi, inclusiv jackpot-ul.<\/p>\n<h2>Cum sunt pl\u0103tit dac\u0103 c\u00e2\u0219tig Mega-Sena online?<\/h2>\n<p><img loading=\"lazy\" decoding=\"async\" class=\"alignright wp-image-3660\" src=\"https:\/\/onlinelotto365.com\/wp-content\/uploads\/2020\/11\/online_lottery-133-300x212.jpg\" alt=\"mega-sena online Rom\u00e2nia\" width=\"177\" height=\"125\" srcset=\"https:\/\/onlinelotto365.com\/wp-content\/uploads\/2020\/11\/online_lottery-133-300x212.jpg 300w, https:\/\/onlinelotto365.com\/wp-content\/uploads\/2020\/11\/online_lottery-133.jpg 320w\" sizes=\"auto, (max-width: 177px) 100vw, 177px\" \/><br \/>\nC\u00e2nd vine vorba de a face pl\u0103\u021bi c\u0103tre c\u00e2\u0219tig\u0103tori, o facem \u00een cel mai bun mod, oferindu-v\u0103 fiecare cent. Nu trebuie s\u0103 ne pl\u0103te\u0219ti niciun comision pentru orice sum\u0103 pe care o c\u00e2\u0219tigi, fie c\u0103 este vorba de un premiu mic sau chiar de un jackpot. De asemenea, nu trebuie s\u0103 ne pl\u0103ti\u021bi niciun comision, cu excep\u021bia cazului \u00een care alege\u021bi un transfer bancar.<br \/>\nCu toate celelalte metode de plat\u0103, ve\u021bi primi to\u021bi banii pe care i-a\u021bi c\u00e2\u0219tigat. Cu transferurile bancare, uneori primim comisioane de la banc\u0103, iar aceast\u0103 tax\u0103 este luat\u0103 din c\u00e2\u0219tigurile tale \u00een timpul procesului de transfer.<\/p>\n<p><strong>Totu\u0219i, atunci c\u00e2nd c\u00e2\u0219tigi, ar trebui s\u0103 \u0219tii care este procesul care se \u00eent\u00e2mpl\u0103 pentru a-\u021bi primi banii:<\/strong><\/p>\n<ul>\n<li>Oricine c\u00e2\u0219tig\u0103 mai pu\u021bin de 2.500 de euro va primi banii direct \u00een contul s\u0103u, f\u0103r\u0103 a fi nevoie s\u0103 fac\u0103 nimic.<\/li>\n<li>Oricine c\u00e2\u0219tig\u0103 mai mult de 2500 \u20ac, \u00eens\u0103, va fi rugat s\u0103 completeze un formular de revendicare de c\u0103tre echipa noastr\u0103 de asisten\u021b\u0103. Acest lucru v\u0103 va permite s\u0103 v\u0103 primi\u021bi banii \u00eentr-unul din cele dou\u0103 moduri. Po\u021bi alege fie s\u0103 prime\u0219ti un cec pentru \u00eentreaga sum\u0103, fie s\u0103 faci un transfer bancar. \u00cen ambele cazuri, ve\u021bi primi banii transfera\u021bi \u00een orice \u021bar\u0103, inclusiv \u00een Rom\u00e2nia, \u00een c\u00e2teva zile.<\/li>\n<\/ul>\n","protected":false},"excerpt":{"rendered":"<p>Vrei s\u0103 \u0219tii cum po\u021bi face rost de biletele de care ai nevoie pentru Mega-Sena, de\u0219i locuie\u0219ti \u00een Rom\u00e2nia sau \u00een orice alt\u0103 \u021bar\u0103 din afara Braziliei? Ei bine, atunci, vei dori s\u0103 cite\u0219ti pu\u021bin mai departe, deoarece te putem ajuta cu \u00eentregul proces \u0219i s\u0103 te asigur\u0103m c\u0103 e\u0219ti pe drumul cel bun pentru [&hellip;]<\/p>\n","protected":false},"author":1,"featured_media":0,"parent":5673,"menu_order":12,"comment_status":"closed","ping_status":"closed","template":"megasena-info.php","meta":{"_et_pb_use_builder":"","_et_pb_old_content":"","_et_gb_content_width":"","exclude_from_search":false,"footnotes":""},"class_list":["post-80477","page","type-page","status-publish","hentry"],"yoast_head":"<!-- This site is optimized with the Yoast SEO plugin v23.4 - https:\/\/yoast.com\/wordpress\/plugins\/seo\/ -->\n<title>Cumpara bilete pentru Mega-Sena online din Rom\u00e2nia | Despre Mega-Sena \u0219i cum s\u0103 ob\u021bine\u021bi bilete<\/title>\n<meta name=\"description\" content=\"Aceasta este o mare loterie din Brazilia - \u0219i acum pute\u021bi cump\u0103ra bilete online\" \/>\n<meta name=\"robots\" content=\"index, follow, max-snippet:-1, max-image-preview:large, max-video-preview:-1\" \/>\n<link rel=\"canonical\" href=\"https:\/\/onlinelotto365.com\/ro\/cumpara-bilete\/mega-sena\/\" \/>\n<meta property=\"og:locale\" content=\"ro_RO\" \/>\n<meta property=\"og:type\" content=\"article\" \/>\n<meta property=\"og:title\" content=\"Cumpara bilete pentru Mega-Sena online din Rom\u00e2nia | Despre Mega-Sena \u0219i cum s\u0103 ob\u021bine\u021bi bilete\" \/>\n<meta property=\"og:description\" content=\"Aceasta este o mare loterie din Brazilia - \u0219i acum pute\u021bi cump\u0103ra bilete online\" \/>\n<meta property=\"og:url\" content=\"https:\/\/onlinelotto365.com\/ro\/cumpara-bilete\/mega-sena\/\" \/>\n<meta property=\"og:site_name\" content=\"OnlineLotto365\" \/>\n<meta property=\"og:image\" content=\"https:\/\/redfoxlotto.com\/image?size=8&amp;lottery=mega-sena\" \/>\n<meta name=\"twitter:card\" content=\"summary_large_image\" \/>\n<meta name=\"twitter:label1\" content=\"Timp estimat pentru citire\" \/>\n\t<meta name=\"twitter:data1\" content=\"4 minute\" \/>\n<script type=\"application\/ld+json\" class=\"yoast-schema-graph\">{\"@context\":\"https:\/\/schema.org\",\"@graph\":[{\"@type\":\"WebPage\",\"@id\":\"https:\/\/onlinelotto365.com\/ro\/cumpara-bilete\/mega-sena\/\",\"url\":\"https:\/\/onlinelotto365.com\/ro\/cumpara-bilete\/mega-sena\/\",\"name\":\"Cumpara bilete pentru Mega-Sena online din Rom\u00e2nia | Despre Mega-Sena \u0219i cum s\u0103 ob\u021bine\u021bi bilete\",\"isPartOf\":{\"@id\":\"https:\/\/onlinelotto365.com\/ro\/#website\"},\"primaryImageOfPage\":{\"@id\":\"https:\/\/onlinelotto365.com\/ro\/cumpara-bilete\/mega-sena\/#primaryimage\"},\"image\":{\"@id\":\"https:\/\/onlinelotto365.com\/ro\/cumpara-bilete\/mega-sena\/#primaryimage\"},\"thumbnailUrl\":\"https:\/\/redfoxlotto.com\/image?size=8&amp;lottery=mega-sena\",\"datePublished\":\"2022-11-18T10:23:14+00:00\",\"dateModified\":\"2022-11-18T10:23:14+00:00\",\"description\":\"Aceasta este o mare loterie din Brazilia - \u0219i acum pute\u021bi cump\u0103ra bilete online\",\"breadcrumb\":{\"@id\":\"https:\/\/onlinelotto365.com\/ro\/cumpara-bilete\/mega-sena\/#breadcrumb\"},\"inLanguage\":\"ro-RO\",\"potentialAction\":[{\"@type\":\"ReadAction\",\"target\":[\"https:\/\/onlinelotto365.com\/ro\/cumpara-bilete\/mega-sena\/\"]}]},{\"@type\":\"ImageObject\",\"inLanguage\":\"ro-RO\",\"@id\":\"https:\/\/onlinelotto365.com\/ro\/cumpara-bilete\/mega-sena\/#primaryimage\",\"url\":\"https:\/\/redfoxlotto.com\/image?size=8&amp;lottery=mega-sena\",\"contentUrl\":\"https:\/\/redfoxlotto.com\/image?size=8&amp;lottery=mega-sena\"},{\"@type\":\"BreadcrumbList\",\"@id\":\"https:\/\/onlinelotto365.com\/ro\/cumpara-bilete\/mega-sena\/#breadcrumb\",\"itemListElement\":[{\"@type\":\"ListItem\",\"position\":1,\"name\":\"Home\",\"item\":\"https:\/\/onlinelotto365.com\/ro\/\"},{\"@type\":\"ListItem\",\"position\":2,\"name\":\"De ce are mai mult sens s\u0103 cumperi bilete la loterie online.\",\"item\":\"https:\/\/onlinelotto365.com\/ro\/cumpara-bilete\/\"},{\"@type\":\"ListItem\",\"position\":3,\"name\":\"Cum s\u0103 cump\u0103ra\u021bi online bilete la Mega-Sena Brazilia\"}]},{\"@type\":\"WebSite\",\"@id\":\"https:\/\/onlinelotto365.com\/ro\/#website\",\"url\":\"https:\/\/onlinelotto365.com\/ro\/\",\"name\":\"OnlineLotto365\",\"description\":\"\",\"potentialAction\":[{\"@type\":\"SearchAction\",\"target\":{\"@type\":\"EntryPoint\",\"urlTemplate\":\"https:\/\/onlinelotto365.com\/ro\/?s={search_term_string}\"},\"query-input\":{\"@type\":\"PropertyValueSpecification\",\"valueRequired\":true,\"valueName\":\"search_term_string\"}}],\"inLanguage\":\"ro-RO\"}]}<\/script>\n<!-- \/ Yoast SEO plugin. -->","yoast_head_json":{"title":"Cumpara bilete pentru Mega-Sena online din Rom\u00e2nia | Despre Mega-Sena \u0219i cum s\u0103 ob\u021bine\u021bi bilete","description":"Aceasta este o mare loterie din Brazilia - \u0219i acum pute\u021bi cump\u0103ra bilete online","robots":{"index":"index","follow":"follow","max-snippet":"max-snippet:-1","max-image-preview":"max-image-preview:large","max-video-preview":"max-video-preview:-1"},"canonical":"https:\/\/onlinelotto365.com\/ro\/cumpara-bilete\/mega-sena\/","og_locale":"ro_RO","og_type":"article","og_title":"Cumpara bilete pentru Mega-Sena online din Rom\u00e2nia | Despre Mega-Sena \u0219i cum s\u0103 ob\u021bine\u021bi bilete","og_description":"Aceasta este o mare loterie din Brazilia - \u0219i acum pute\u021bi cump\u0103ra bilete online","og_url":"https:\/\/onlinelotto365.com\/ro\/cumpara-bilete\/mega-sena\/","og_site_name":"OnlineLotto365","og_image":[{"url":"https:\/\/redfoxlotto.com\/image?size=8&amp;lottery=mega-sena"}],"twitter_card":"summary_large_image","twitter_misc":{"Timp estimat pentru citire":"4 minute"},"schema":{"@context":"https:\/\/schema.org","@graph":[{"@type":"WebPage","@id":"https:\/\/onlinelotto365.com\/ro\/cumpara-bilete\/mega-sena\/","url":"https:\/\/onlinelotto365.com\/ro\/cumpara-bilete\/mega-sena\/","name":"Cumpara bilete pentru Mega-Sena online din Rom\u00e2nia | Despre Mega-Sena \u0219i cum s\u0103 ob\u021bine\u021bi bilete","isPartOf":{"@id":"https:\/\/onlinelotto365.com\/ro\/#website"},"primaryImageOfPage":{"@id":"https:\/\/onlinelotto365.com\/ro\/cumpara-bilete\/mega-sena\/#primaryimage"},"image":{"@id":"https:\/\/onlinelotto365.com\/ro\/cumpara-bilete\/mega-sena\/#primaryimage"},"thumbnailUrl":"https:\/\/redfoxlotto.com\/image?size=8&amp;lottery=mega-sena","datePublished":"2022-11-18T10:23:14+00:00","dateModified":"2022-11-18T10:23:14+00:00","description":"Aceasta este o mare loterie din Brazilia - \u0219i acum pute\u021bi cump\u0103ra bilete online","breadcrumb":{"@id":"https:\/\/onlinelotto365.com\/ro\/cumpara-bilete\/mega-sena\/#breadcrumb"},"inLanguage":"ro-RO","potentialAction":[{"@type":"ReadAction","target":["https:\/\/onlinelotto365.com\/ro\/cumpara-bilete\/mega-sena\/"]}]},{"@type":"ImageObject","inLanguage":"ro-RO","@id":"https:\/\/onlinelotto365.com\/ro\/cumpara-bilete\/mega-sena\/#primaryimage","url":"https:\/\/redfoxlotto.com\/image?size=8&amp;lottery=mega-sena","contentUrl":"https:\/\/redfoxlotto.com\/image?size=8&amp;lottery=mega-sena"},{"@type":"BreadcrumbList","@id":"https:\/\/onlinelotto365.com\/ro\/cumpara-bilete\/mega-sena\/#breadcrumb","itemListElement":[{"@type":"ListItem","position":1,"name":"Home","item":"https:\/\/onlinelotto365.com\/ro\/"},{"@type":"ListItem","position":2,"name":"De ce are mai mult sens s\u0103 cumperi bilete la loterie online.","item":"https:\/\/onlinelotto365.com\/ro\/cumpara-bilete\/"},{"@type":"ListItem","position":3,"name":"Cum s\u0103 cump\u0103ra\u021bi online bilete la Mega-Sena Brazilia"}]},{"@type":"WebSite","@id":"https:\/\/onlinelotto365.com\/ro\/#website","url":"https:\/\/onlinelotto365.com\/ro\/","name":"OnlineLotto365","description":"","potentialAction":[{"@type":"SearchAction","target":{"@type":"EntryPoint","urlTemplate":"https:\/\/onlinelotto365.com\/ro\/?s={search_term_string}"},"query-input":{"@type":"PropertyValueSpecification","valueRequired":true,"valueName":"search_term_string"}}],"inLanguage":"ro-RO"}]}},"_links":{"self":[{"href":"https:\/\/onlinelotto365.com\/ro\/wp-json\/wp\/v2\/pages\/80477","targetHints":{"allow":["GET"]}}],"collection":[{"href":"https:\/\/onlinelotto365.com\/ro\/wp-json\/wp\/v2\/pages"}],"about":[{"href":"https:\/\/onlinelotto365.com\/ro\/wp-json\/wp\/v2\/types\/page"}],"author":[{"embeddable":true,"href":"https:\/\/onlinelotto365.com\/ro\/wp-json\/wp\/v2\/users\/1"}],"replies":[{"embeddable":true,"href":"https:\/\/onlinelotto365.com\/ro\/wp-json\/wp\/v2\/comments?post=80477"}],"version-history":[{"count":0,"href":"https:\/\/onlinelotto365.com\/ro\/wp-json\/wp\/v2\/pages\/80477\/revisions"}],"up":[{"embeddable":true,"href":"https:\/\/onlinelotto365.com\/ro\/wp-json\/wp\/v2\/pages\/5673"}],"wp:attachment":[{"href":"https:\/\/onlinelotto365.com\/ro\/wp-json\/wp\/v2\/media?parent=80477"}],"curies":[{"name":"wp","href":"https:\/\/api.w.org\/{rel}","templated":true}]}}