{"id":80518,"date":"2022-11-21T08:05:45","date_gmt":"2022-11-21T07:05:45","guid":{"rendered":"https:\/\/onlinelotto365.com\/?page_id=80518"},"modified":"2022-11-21T08:28:19","modified_gmt":"2022-11-21T07:28:19","slug":"powerball-australia","status":"publish","type":"page","link":"https:\/\/onlinelotto365.com\/ro\/cumpara-bilete\/powerball-australia\/","title":{"rendered":"Cum s\u0103 cump\u0103ra\u021bi bilete Powerball Australia online"},"content":{"rendered":"<p>Vrei s\u0103 \u0219tii cum po\u021bi cump\u0103ra biletele Powerball Australia online? Ei bine, am \u00eemp\u0103r\u021bit totul \u00een c\u00e2\u021biva pa\u0219i simpli pentru clien\u021bii no\u0219tri din Rom\u00e2nia \u0219i din alte \u021b\u0103ri, astfel \u00eenc\u00e2t s\u0103 po\u021bi \u00eencepe procesul chiar acum. \u0218i o po\u021bi face mult mai repede \u0219i mai u\u0219or dec\u00e2t ai putea crede.<br \/>\n<a href=\"https:\/\/redfoxlotto.com\/play\/powerball-au\/?ref=a8564250a2&amp;medium=ol365\" target=\"_blank\" rel=\"noopener noreferrer\"><img decoding=\"async\" class=\"aligncenter\" src=\"https:\/\/redfoxlotto.com\/image?size=8&amp;lottery=powerball-au\" alt=\"Powerball Australia\" \/><\/a><\/p>\n<ul>\n<li>Merge\u021bi pe pagina Powerball Australia \u0219i alege\u021bi biletele pe care le dori\u021bi \u0219i numerele pentru acele bilete, sau l\u0103sa\u021bi calculatorul s\u0103 selecteze pentru dumneavoastr\u0103.<\/li>\n<li>Ad\u0103uga\u021bi la comanda dvs. c\u00e2te bilete \u0219i jocuri dori\u021bi \u00eenainte de a termina.<\/li>\n<li>Face\u021bi clic pe butonul pentru a pl\u0103ti acum<\/li>\n<li>Crea\u021bi un cont pe site-ul nostru sau conecta\u021bi-v\u0103 la contul dvs. actual dac\u0103 ave\u021bi deja unul.<\/li>\n<li>Pentru cei care trebuie s\u0103 creeze un cont, va trebui s\u0103 \u00eel \u00eenregistreze cu adresa dvs. de e-mail.<\/li>\n<li>Verifica\u021bi dosarul de spam, precum \u0219i c\u0103su\u021ba de e-mail obi\u0219nuit\u0103 pentru e-mailul de verificare<\/li>\n<li>Merge\u021bi la co\u0219ul de cump\u0103r\u0103turi pentru a finaliza achizi\u021bia<\/li>\n<li>Alege\u021bi metoda de plat\u0103 pe care dori\u021bi s\u0103 o utiliza\u021bi \u0219i parcurge\u021bi procesul de plat\u0103<\/li>\n<\/ul>\n<h2>Cum s\u0103 pl\u0103ti\u021bi online biletul Powerball Australia<\/h2>\n<p>Po\u021bi alege dintr-o serie de op\u021biuni de plat\u0103 diferite, toate la fel de sigure precum te-ai a\u0219tepta atunci c\u00e2nd cumperi ceva online din Rom\u00e2nia.<br \/>\nCump\u0103r\u0103-\u021bi biletele prin:<\/p>\n<p>Pl\u0103ti\u021bi comanda direct cu op\u021biunea de plat\u0103 preferat\u0103 de dvs.<br \/>\nPun\u00e2nd bani \u00een contul dvs. de juc\u0103tor \u0219i folosindu-i pentru a v\u0103 cump\u0103ra biletele<\/p>\n<p>Nu uita\u021bi c\u0103 va trebui s\u0103 depune\u021bi mai mult dec\u00e2t suficien\u021bi bani \u00een contul dvs. de juc\u0103tor pentru a cump\u0103ra biletele pe care le dori\u021bi dac\u0103 alege\u021bi aceast\u0103 op\u021biune.<\/p>\n<h2>Mai multe informa\u021bii despre Powerball Australia<\/h2>\n<ul>\n<li>\u021aara: Australia<\/li>\n<li>Intervalul numerelor principale: 35<\/li>\n<li>Tu alegi: 7<\/li>\n<li>Numere suplimentare: 20<\/li>\n<li>Tu alegi: 1<\/li>\n<li>Zilele \u0219i orele de extragere: joi, 21:30 GMT+11, 10:30 CET<\/li>\n<li>Jackpot minim: AU$ 3 milioane<\/li>\n<li>Jackpot maxim: 150 milioane AU$.<\/li>\n<li>Probabilitatea de a c\u00e2\u0219tiga jackpot-ul: 1 din 134490400<\/li>\n<li>Probabilitatea unui c\u00e2\u0219tig de nivel 2: 1 la 7078443<\/li>\n<li>Probabilitatea de a c\u00e2\u0219tiga \u00een orice nivel: 1 la 24,87<\/li>\n<li>Num\u0103rul de niveluri de premii: 7<\/li>\n<\/ul>\n<h2>Avantajele cump\u0103r\u0103rii online a biletelor Powerball Australia<\/h2>\n<ul>\n<li>Ob\u021bine\u021bi biletele pe care le dori\u021bi f\u0103r\u0103 a fi nevoie s\u0103 pleca\u021bi de acas\u0103<\/li>\n<li>Cump\u0103ra\u021bi bilete pentru multe tipuri diferite de loterii<\/li>\n<li>Ob\u021bine\u021bi o \u0219ans\u0103 mai mare de a c\u00e2\u0219tiga un jackpot mare prin alegerea op\u021biunilor de top<\/li>\n<li>Pune\u021bi bani \u00een contul dvs. \u0219i folosi\u021bi-i pentru a v\u0103 cump\u0103ra bilete<\/li>\n<li>Nu v\u0103 face\u021bi griji c\u0103 v\u0103 pierde\u021bi biletele<\/li>\n<li>Notific\u0103ri \u00een cazul \u00een care biletul dvs. este c\u00e2\u0219tig\u0103tor<\/li>\n<li>Alege\u021bi bilete aleatorii cu ajutorul generatorului de numere<\/li>\n<\/ul>\n<h2>Este legal s\u0103 cumperi bilete Powerball Australia online \u00een Rom\u00e2nia?<\/h2>\n<p>Nu trebuie s\u0103 v\u0103 face\u021bi griji \u00een leg\u0103tur\u0103 cu cump\u0103rarea biletelor online sau \u00een mod tradi\u021bional atunci c\u00e2nd vine vorba de reglement\u0103rile din \u021bara dvs. de re\u0219edin\u021b\u0103. Noi ne ocup\u0103m de respectarea reglement\u0103rilor din \u021bara \u00een care are loc loteria, astfel \u00eenc\u00e2t s\u0103 v\u0103 pute\u021bi ob\u021bine c\u00e2\u0219tigurile. Chiar dac\u0103 ve\u021bi c\u00e2\u0219tiga jackpotul nu ve\u021bi avea nicio problem\u0103 \u00een a primi banii.<br \/>\nOricine folose\u0219te serviciul nostru trebuie s\u0103 aib\u0103 cel pu\u021bin 18 ani.<\/p>\n<h2>Cum sunt pl\u0103tit dac\u0103 c\u00e2\u0219tig Powerball Australia online?<\/h2>\n<p><img loading=\"lazy\" decoding=\"async\" class=\"alignright wp-image-3631\" src=\"https:\/\/onlinelotto365.com\/wp-content\/uploads\/2020\/11\/online_lottery-40-300x200.jpg\" alt=\"powerball australia online\" width=\"252\" height=\"168\" srcset=\"https:\/\/onlinelotto365.com\/wp-content\/uploads\/2020\/11\/online_lottery-40-300x200.jpg 300w, https:\/\/onlinelotto365.com\/wp-content\/uploads\/2020\/11\/online_lottery-40.jpg 424w\" sizes=\"auto, (max-width: 252px) 100vw, 252px\" \/><br \/>\n\u0218tim c\u0103 dori\u021bi s\u0103 v\u0103 primi\u021bi c\u00e2\u0219tigurile c\u00e2t mai repede posibil \u0219i cu siguran\u021b\u0103 nu dori\u021bi s\u0103 pl\u0103ti\u021bi nim\u0103nui al\u021bi bani din aceste c\u00e2\u0219tiguri. De aceea nu lu\u0103m niciodat\u0103 un comision din c\u00e2\u0219tigurile tale. Dac\u0103 ai c\u00e2\u0219tigat, tu prime\u0219ti banii. Singurul moment \u00een care lu\u0103m un comision este dac\u0103 alege\u021bi s\u0103 transfera\u021bi banii prin virament bancar la banca dvs., care ne-ar percepe un comision care v\u0103 este transferat.<br \/>\nDac\u0103 c\u00e2\u0219tiga\u021bi bani, trebuie doar s\u0103 \u021bine\u021bi cont de acest lucru:<\/p>\n<ul>\n<li>Sumele mai mici de 2500 \u20ac sunt pl\u0103tite automat \u00een contul dvs. de juc\u0103tor, f\u0103r\u0103 ca dvs. s\u0103 trebuiasc\u0103 s\u0103 face\u021bi nimic.<\/li>\n<li>Sumele mai mari de \u20ac2500 sunt pl\u0103tite prin cec sau prin transfer bancar \u0219i necesit\u0103 completarea unui formular care va fi trimis de c\u0103tre echipa de asisten\u021b\u0103. \u00cen acest fel, pute\u021bi ob\u021bine banii prin intermediul comisiei de loterie.<\/li>\n<\/ul>\n","protected":false},"excerpt":{"rendered":"<p>Vrei s\u0103 \u0219tii cum po\u021bi cump\u0103ra biletele Powerball Australia online? Ei bine, am \u00eemp\u0103r\u021bit totul \u00een c\u00e2\u021biva pa\u0219i simpli pentru clien\u021bii no\u0219tri din Rom\u00e2nia \u0219i din alte \u021b\u0103ri, astfel \u00eenc\u00e2t s\u0103 po\u021bi \u00eencepe procesul chiar acum. \u0218i o po\u021bi face mult mai repede \u0219i mai u\u0219or dec\u00e2t ai putea crede. Merge\u021bi pe pagina Powerball Australia [&hellip;]<\/p>\n","protected":false},"author":1,"featured_media":0,"parent":5673,"menu_order":13,"comment_status":"closed","ping_status":"closed","template":"powerball-au-info.php","meta":{"_et_pb_use_builder":"","_et_pb_old_content":"","_et_gb_content_width":"","exclude_from_search":false,"footnotes":""},"class_list":["post-80518","page","type-page","status-publish","hentry"],"yoast_head":"<!-- This site is optimized with the Yoast SEO plugin v23.4 - https:\/\/yoast.com\/wordpress\/plugins\/seo\/ -->\n<title>Cump\u0103ra\u021bi bilete pentru Powerball Australia din Rom\u00e2nia prin serviciul online<\/title>\n<meta name=\"description\" content=\"Cump\u0103ra\u021bi bilete Powerball Australia online - noi facem posibil pentru juc\u0103torii din Rom\u00e2nia\" \/>\n<meta name=\"robots\" content=\"index, follow, max-snippet:-1, max-image-preview:large, max-video-preview:-1\" \/>\n<link rel=\"canonical\" href=\"https:\/\/onlinelotto365.com\/ro\/cumpara-bilete\/powerball-australia\/\" \/>\n<meta property=\"og:locale\" content=\"ro_RO\" \/>\n<meta property=\"og:type\" content=\"article\" \/>\n<meta property=\"og:title\" content=\"Cump\u0103ra\u021bi bilete pentru Powerball Australia din Rom\u00e2nia prin serviciul online\" \/>\n<meta property=\"og:description\" content=\"Cump\u0103ra\u021bi bilete Powerball Australia online - noi facem posibil pentru juc\u0103torii din Rom\u00e2nia\" \/>\n<meta property=\"og:url\" content=\"https:\/\/onlinelotto365.com\/ro\/cumpara-bilete\/powerball-australia\/\" \/>\n<meta property=\"og:site_name\" content=\"OnlineLotto365\" \/>\n<meta property=\"article:modified_time\" content=\"2022-11-21T07:28:19+00:00\" \/>\n<meta property=\"og:image\" content=\"https:\/\/redfoxlotto.com\/image?size=8&amp;lottery=powerball-au\" \/>\n<meta name=\"twitter:card\" content=\"summary_large_image\" \/>\n<meta name=\"twitter:label1\" content=\"Timp estimat pentru citire\" \/>\n\t<meta name=\"twitter:data1\" content=\"4 minute\" \/>\n<script type=\"application\/ld+json\" class=\"yoast-schema-graph\">{\"@context\":\"https:\/\/schema.org\",\"@graph\":[{\"@type\":\"WebPage\",\"@id\":\"https:\/\/onlinelotto365.com\/ro\/cumpara-bilete\/powerball-australia\/\",\"url\":\"https:\/\/onlinelotto365.com\/ro\/cumpara-bilete\/powerball-australia\/\",\"name\":\"Cump\u0103ra\u021bi bilete pentru Powerball Australia din Rom\u00e2nia prin serviciul online\",\"isPartOf\":{\"@id\":\"https:\/\/onlinelotto365.com\/ro\/#website\"},\"primaryImageOfPage\":{\"@id\":\"https:\/\/onlinelotto365.com\/ro\/cumpara-bilete\/powerball-australia\/#primaryimage\"},\"image\":{\"@id\":\"https:\/\/onlinelotto365.com\/ro\/cumpara-bilete\/powerball-australia\/#primaryimage\"},\"thumbnailUrl\":\"https:\/\/redfoxlotto.com\/image?size=8&amp;lottery=powerball-au\",\"datePublished\":\"2022-11-21T07:05:45+00:00\",\"dateModified\":\"2022-11-21T07:28:19+00:00\",\"description\":\"Cump\u0103ra\u021bi bilete Powerball Australia online - noi facem posibil pentru juc\u0103torii din Rom\u00e2nia\",\"breadcrumb\":{\"@id\":\"https:\/\/onlinelotto365.com\/ro\/cumpara-bilete\/powerball-australia\/#breadcrumb\"},\"inLanguage\":\"ro-RO\",\"potentialAction\":[{\"@type\":\"ReadAction\",\"target\":[\"https:\/\/onlinelotto365.com\/ro\/cumpara-bilete\/powerball-australia\/\"]}]},{\"@type\":\"ImageObject\",\"inLanguage\":\"ro-RO\",\"@id\":\"https:\/\/onlinelotto365.com\/ro\/cumpara-bilete\/powerball-australia\/#primaryimage\",\"url\":\"https:\/\/redfoxlotto.com\/image?size=8&amp;lottery=powerball-au\",\"contentUrl\":\"https:\/\/redfoxlotto.com\/image?size=8&amp;lottery=powerball-au\"},{\"@type\":\"BreadcrumbList\",\"@id\":\"https:\/\/onlinelotto365.com\/ro\/cumpara-bilete\/powerball-australia\/#breadcrumb\",\"itemListElement\":[{\"@type\":\"ListItem\",\"position\":1,\"name\":\"Home\",\"item\":\"https:\/\/onlinelotto365.com\/ro\/\"},{\"@type\":\"ListItem\",\"position\":2,\"name\":\"De ce are mai mult sens s\u0103 cumperi bilete la loterie online.\",\"item\":\"https:\/\/onlinelotto365.com\/ro\/cumpara-bilete\/\"},{\"@type\":\"ListItem\",\"position\":3,\"name\":\"Cum s\u0103 cump\u0103ra\u021bi bilete Powerball Australia online\"}]},{\"@type\":\"WebSite\",\"@id\":\"https:\/\/onlinelotto365.com\/ro\/#website\",\"url\":\"https:\/\/onlinelotto365.com\/ro\/\",\"name\":\"OnlineLotto365\",\"description\":\"\",\"potentialAction\":[{\"@type\":\"SearchAction\",\"target\":{\"@type\":\"EntryPoint\",\"urlTemplate\":\"https:\/\/onlinelotto365.com\/ro\/?s={search_term_string}\"},\"query-input\":{\"@type\":\"PropertyValueSpecification\",\"valueRequired\":true,\"valueName\":\"search_term_string\"}}],\"inLanguage\":\"ro-RO\"}]}<\/script>\n<!-- \/ Yoast SEO plugin. -->","yoast_head_json":{"title":"Cump\u0103ra\u021bi bilete pentru Powerball Australia din Rom\u00e2nia prin serviciul online","description":"Cump\u0103ra\u021bi bilete Powerball Australia online - noi facem posibil pentru juc\u0103torii din Rom\u00e2nia","robots":{"index":"index","follow":"follow","max-snippet":"max-snippet:-1","max-image-preview":"max-image-preview:large","max-video-preview":"max-video-preview:-1"},"canonical":"https:\/\/onlinelotto365.com\/ro\/cumpara-bilete\/powerball-australia\/","og_locale":"ro_RO","og_type":"article","og_title":"Cump\u0103ra\u021bi bilete pentru Powerball Australia din Rom\u00e2nia prin serviciul online","og_description":"Cump\u0103ra\u021bi bilete Powerball Australia online - noi facem posibil pentru juc\u0103torii din Rom\u00e2nia","og_url":"https:\/\/onlinelotto365.com\/ro\/cumpara-bilete\/powerball-australia\/","og_site_name":"OnlineLotto365","article_modified_time":"2022-11-21T07:28:19+00:00","og_image":[{"url":"https:\/\/redfoxlotto.com\/image?size=8&amp;lottery=powerball-au"}],"twitter_card":"summary_large_image","twitter_misc":{"Timp estimat pentru citire":"4 minute"},"schema":{"@context":"https:\/\/schema.org","@graph":[{"@type":"WebPage","@id":"https:\/\/onlinelotto365.com\/ro\/cumpara-bilete\/powerball-australia\/","url":"https:\/\/onlinelotto365.com\/ro\/cumpara-bilete\/powerball-australia\/","name":"Cump\u0103ra\u021bi bilete pentru Powerball Australia din Rom\u00e2nia prin serviciul online","isPartOf":{"@id":"https:\/\/onlinelotto365.com\/ro\/#website"},"primaryImageOfPage":{"@id":"https:\/\/onlinelotto365.com\/ro\/cumpara-bilete\/powerball-australia\/#primaryimage"},"image":{"@id":"https:\/\/onlinelotto365.com\/ro\/cumpara-bilete\/powerball-australia\/#primaryimage"},"thumbnailUrl":"https:\/\/redfoxlotto.com\/image?size=8&amp;lottery=powerball-au","datePublished":"2022-11-21T07:05:45+00:00","dateModified":"2022-11-21T07:28:19+00:00","description":"Cump\u0103ra\u021bi bilete Powerball Australia online - noi facem posibil pentru juc\u0103torii din Rom\u00e2nia","breadcrumb":{"@id":"https:\/\/onlinelotto365.com\/ro\/cumpara-bilete\/powerball-australia\/#breadcrumb"},"inLanguage":"ro-RO","potentialAction":[{"@type":"ReadAction","target":["https:\/\/onlinelotto365.com\/ro\/cumpara-bilete\/powerball-australia\/"]}]},{"@type":"ImageObject","inLanguage":"ro-RO","@id":"https:\/\/onlinelotto365.com\/ro\/cumpara-bilete\/powerball-australia\/#primaryimage","url":"https:\/\/redfoxlotto.com\/image?size=8&amp;lottery=powerball-au","contentUrl":"https:\/\/redfoxlotto.com\/image?size=8&amp;lottery=powerball-au"},{"@type":"BreadcrumbList","@id":"https:\/\/onlinelotto365.com\/ro\/cumpara-bilete\/powerball-australia\/#breadcrumb","itemListElement":[{"@type":"ListItem","position":1,"name":"Home","item":"https:\/\/onlinelotto365.com\/ro\/"},{"@type":"ListItem","position":2,"name":"De ce are mai mult sens s\u0103 cumperi bilete la loterie online.","item":"https:\/\/onlinelotto365.com\/ro\/cumpara-bilete\/"},{"@type":"ListItem","position":3,"name":"Cum s\u0103 cump\u0103ra\u021bi bilete Powerball Australia online"}]},{"@type":"WebSite","@id":"https:\/\/onlinelotto365.com\/ro\/#website","url":"https:\/\/onlinelotto365.com\/ro\/","name":"OnlineLotto365","description":"","potentialAction":[{"@type":"SearchAction","target":{"@type":"EntryPoint","urlTemplate":"https:\/\/onlinelotto365.com\/ro\/?s={search_term_string}"},"query-input":{"@type":"PropertyValueSpecification","valueRequired":true,"valueName":"search_term_string"}}],"inLanguage":"ro-RO"}]}},"_links":{"self":[{"href":"https:\/\/onlinelotto365.com\/ro\/wp-json\/wp\/v2\/pages\/80518","targetHints":{"allow":["GET"]}}],"collection":[{"href":"https:\/\/onlinelotto365.com\/ro\/wp-json\/wp\/v2\/pages"}],"about":[{"href":"https:\/\/onlinelotto365.com\/ro\/wp-json\/wp\/v2\/types\/page"}],"author":[{"embeddable":true,"href":"https:\/\/onlinelotto365.com\/ro\/wp-json\/wp\/v2\/users\/1"}],"replies":[{"embeddable":true,"href":"https:\/\/onlinelotto365.com\/ro\/wp-json\/wp\/v2\/comments?post=80518"}],"version-history":[{"count":0,"href":"https:\/\/onlinelotto365.com\/ro\/wp-json\/wp\/v2\/pages\/80518\/revisions"}],"up":[{"embeddable":true,"href":"https:\/\/onlinelotto365.com\/ro\/wp-json\/wp\/v2\/pages\/5673"}],"wp:attachment":[{"href":"https:\/\/onlinelotto365.com\/ro\/wp-json\/wp\/v2\/media?parent=80518"}],"curies":[{"name":"wp","href":"https:\/\/api.w.org\/{rel}","templated":true}]}}