{"id":80547,"date":"2022-11-21T11:45:44","date_gmt":"2022-11-21T10:45:44","guid":{"rendered":"https:\/\/onlinelotto365.com\/?page_id=80547"},"modified":"2022-11-21T11:45:44","modified_gmt":"2022-11-21T10:45:44","slug":"oz-lotto","status":"publish","type":"page","link":"https:\/\/onlinelotto365.com\/ro\/cumpara-bilete\/oz-lotto\/","title":{"rendered":"Cum s\u0103 cump\u0103ra\u021bi bilete Oz Lotto online"},"content":{"rendered":"<p>Ave\u021bi noroc, pentru c\u0103 am trecut prin procesul de ce trebuie s\u0103 face\u021bi pentru a ob\u021bine biletele Oz Loto chiar aici, \u0219i din Rom\u00e2nia.<br \/>\nprecum \u0219i din Rom\u00e2nia. Po\u021bi cump\u0103ra online cu u\u0219urin\u021b\u0103 dac\u0103 urmezi ace\u0219ti pa\u0219i simpli pe care \u021bi i-am prezentat.<br \/>\n<a href=\"https:\/\/redfoxlotto.com\/play\/oz-lotto\/?ref=a8564250a2&amp;medium=ol365\" target=\"_blank\" rel=\"noopener noreferrer\"><img decoding=\"async\" class=\"aligncenter\" src=\"https:\/\/redfoxlotto.com\/image?size=8&amp;lottery=oz-lotto\" alt=\"Oz Lotto\" \/><\/a><\/p>\n<ul>\n<li>Merge\u021bi pe pagina loteriei la care dori\u021bi s\u0103 juca\u021bi \u0219i alege\u021bi numerele pe care le dori\u021bi. Sau l\u0103sa\u021bi calculatorul s\u0103 aleag\u0103 ni\u0219te numere pentru dumneavoastr\u0103.<\/li>\n<li>Ad\u0103uga\u021bi bilete pentru \u0219i mai multe loterii \u0219i pentru acest joc, de asemenea<\/li>\n<li>Pl\u0103ti\u021bi chiar acum pentru biletele dvs.<\/li>\n<li>\u00cenregistra\u021bi un cont nou sau conecta\u021bi-v\u0103 la contul dvs. actual pentru a trece prin procesul de plat\u0103<\/li>\n<li>Pentru conturile care trebuie s\u0103 se \u00eenregistreze, asigura\u021bi-v\u0103 c\u0103 v\u0103 verifica\u021bi e-mailul pentru linkul de verificare pentru a \u00eencepe<\/li>\n<li>C\u0103uta\u021bi \u00een dosarul de spam dac\u0103 nu a\u021bi primit e-mailul \u00een c\u0103su\u021ba de e-mail obi\u0219nuit\u0103 \u0219i face\u021bi clic pe linkul de verificare.<\/li>\n<li>Merge\u021bi la co\u0219ul de cump\u0103r\u0103turi pentru a v\u0103 cump\u0103ra biletele<\/li>\n<li>Trece\u021bi prin procesul de plat\u0103 pentru a v\u0103 ob\u021bine biletele<\/li>\n<\/ul>\n<h2>Cum s\u0103 pl\u0103ti\u021bi online pentru biletul Oz Lotto<\/h2>\n<p>Pute\u021bi alege din mai multe op\u021biuni diferite \u0219i complet sigure atunci c\u00e2nd vine vorba de plata biletelor Oz Lotto.<br \/>\nFiecare dintre acestea se \u00eencadreaz\u0103 \u00een dou\u0103 categorii diferite:<\/p>\n<p>Pl\u0103ti\u021bi comanda cu orice metod\u0103 de plat\u0103 aleas\u0103<br \/>\npune\u021bi bani \u00een contul dvs. curent de juc\u0103tor \u0219i folosi\u021bi acei bani pentru a face o achizi\u021bie<\/p>\n<p>Asigura\u021bi-v\u0103 c\u0103 pune\u021bi mai mul\u021bi bani dec\u00e2t ave\u021bi nevoie pentru a face achizi\u021bia dac\u0103 ave\u021bi de g\u00e2nd s\u0103 folosi\u021bi contul dvs. de juc\u0103tor.<\/p>\n<h2>Mai multe informa\u021bii despre Oz Lotto<\/h2>\n<ul>\n<li>\u021aara: Australia<\/li>\n<li>Gama de numere principale: 45<\/li>\n<li>Tu alegi: 7<\/li>\n<li>Zilele \u0219i orele de extragere: Mar\u021bi, 21:30 GMT+11, 10:30 CET<\/li>\n<li>Jackpot minim: AU$ 2 milioane<\/li>\n<li>Jackpot maxim: niciunul<\/li>\n<li>Probabilitatea de a c\u00e2\u0219tiga jackpot-ul: 1 din 45379620<\/li>\n<li>Probabilitatea unui c\u00e2\u0219tig de nivel 2: 1 la 3241401<\/li>\n<li>Probabilitatea de a c\u00e2\u0219tiga \u00een orice nivel: 1 la 54,59<\/li>\n<li>Num\u0103rul de niveluri de premii: 7<\/li>\n<\/ul>\n<h2>Avantajele cump\u0103r\u0103rii online a biletelor Oz Lotto<\/h2>\n<ul>\n<li>Nu trebuie s\u0103 pleca\u021bi de acas\u0103 pentru a v\u0103 alege biletele<\/li>\n<li>Ave\u021bi posibilitatea de a alege \u00eentre o mul\u021bime de op\u021biuni diferite<\/li>\n<li>Uita\u021bi-v\u0103 la sumele jackpot-ului pentru a decide ce loterie dori\u021bi s\u0103 cump\u0103ra\u021bi<\/li>\n<li>Ad\u0103uga\u021bi bani direct \u00een contul dvs. de juc\u0103tor \u0219i folosi\u021bi-i pentru a v\u0103 cump\u0103ra bilete<\/li>\n<li>Nu v\u0103 face\u021bi griji c\u0103 v\u0103 pierde\u021bi biletele<\/li>\n<li>Primi\u021bi notific\u0103ri dac\u0103 c\u00e2\u0219tiga\u021bi ceva<\/li>\n<li>Folosi\u021bi o op\u021biune de alegere rapid\u0103 pentru a ob\u021bine bilete f\u0103r\u0103 a alege propriile numere<\/li>\n<\/ul>\n<h2>Este legal s\u0103 cump\u0103ra\u021bi bilete Oz Lotto online?<\/h2>\n<p>S-ar putea s\u0103 nu fi\u021bi sigur dac\u0103 \u021bara dvs. de re\u0219edin\u021b\u0103 permite cump\u0103rarea biletelor de loterie online sau chiar \u00een mod tradi\u021bional. Ei bine, nu trebuie s\u0103 v\u0103 face\u021bi griji, fie c\u0103 \u00een Rom\u00e2nia<br \/>\nsau \u00een alt\u0103 parte, pentru c\u0103 noi ne ocup\u0103m de lucruri atunci c\u00e2nd vine vorba de reglement\u0103rile pentru \u021bara \u00een care se joac\u0103 jocul. Nu trebuie s\u0103 v\u0103 face\u021bi griji dac\u0103 este legal s\u0103 folosi\u021bi serviciul pe care vi-l punem la dispozi\u021bie, at\u00e2ta timp c\u00e2t ave\u021bi cel pu\u021bin 18 ani \u00eemplini\u021bi. Ne vom asigura c\u0103 vei fi pl\u0103tit indiferent de situa\u021bie.<\/p>\n<h2>Cum sunt pl\u0103tit dac\u0103 c\u00e2\u0219tig Oz Lotto online?<\/h2>\n<p><img loading=\"lazy\" decoding=\"async\" class=\"alignright wp-image-3659\" src=\"https:\/\/onlinelotto365.com\/wp-content\/uploads\/2020\/11\/online_lottery-4-300x300.jpg\" alt=\"Oz Loto din Marea Britanie\" width=\"246\" height=\"246\" srcset=\"https:\/\/onlinelotto365.com\/wp-content\/uploads\/2020\/11\/online_lottery-4-300x300.jpg 300w, https:\/\/onlinelotto365.com\/wp-content\/uploads\/2020\/11\/online_lottery-4-100x100.jpg 100w, https:\/\/onlinelotto365.com\/wp-content\/uploads\/2020\/11\/online_lottery-4-150x150.jpg 150w, https:\/\/onlinelotto365.com\/wp-content\/uploads\/2020\/11\/online_lottery-4.jpg 320w\" sizes=\"auto, (max-width: 246px) 100vw, 246px\" \/><br \/>\nPl\u0103\u021bile sunt o parte important\u0103 a procesului atunci c\u00e2nd vine vorba de jocul dumneavoastr\u0103 la loto. Vrem s\u0103 ne asigur\u0103m c\u0103 v\u0103 primi\u021bi to\u021bi banii \u0219i de aceea ne asigur\u0103m c\u0103 nu vi se percepe niciun comision atunci c\u00e2nd c\u00e2\u0219tiga\u021bi ceva.<\/p>\n<p>De asemenea, nu vei fi taxat cu nici un comision, cu excep\u021bia cazului \u00een care optezi pentru efectuarea unui transfer bancar pentru a-\u021bi primi banii \u00een cont. \u00cen acest caz, este posibil s\u0103 \u021bi se perceap\u0103 o tax\u0103 \u00een valoare de orice sum\u0103 pe care banca o percepe pentru acest transfer.<\/p>\n<p><strong>\u00cen rest, \u021bine\u021bi cont de acest lucru:<\/strong><\/p>\n<ul>\n<li>Dac\u0103 c\u00e2\u0219tigi mai pu\u021bin de 2500 \u20ac, banii sunt depu\u0219i automat \u00een contul t\u0103u. Nu va trebui s\u0103 v\u0103 face\u021bi nicio grij\u0103.<\/li>\n<li>Dac\u0103 c\u00e2\u0219tiga\u021bi mai mult de 2500 \u20ac, banii vor trebui s\u0103 treac\u0103 prin canalele corespunz\u0103toare. Asta \u00eenseamn\u0103 c\u0103 vei primi un e-mail de la noi despre completarea unui formular de revendicare la comisia loteriei. Apoi, banii vor fi vira\u021bi \u00een contul t\u0103u bancar sau \u00ee\u021bi vor fi trimi\u0219i prin cec direct la tine.<\/li>\n<\/ul>\n","protected":false},"excerpt":{"rendered":"<p>Ave\u021bi noroc, pentru c\u0103 am trecut prin procesul de ce trebuie s\u0103 face\u021bi pentru a ob\u021bine biletele Oz Loto chiar aici, \u0219i din Rom\u00e2nia. precum \u0219i din Rom\u00e2nia. Po\u021bi cump\u0103ra online cu u\u0219urin\u021b\u0103 dac\u0103 urmezi ace\u0219ti pa\u0219i simpli pe care \u021bi i-am prezentat. Merge\u021bi pe pagina loteriei la care dori\u021bi s\u0103 juca\u021bi \u0219i alege\u021bi numerele [&hellip;]<\/p>\n","protected":false},"author":1,"featured_media":0,"parent":5673,"menu_order":14,"comment_status":"closed","ping_status":"closed","template":"template-rightsidebar.php","meta":{"_et_pb_use_builder":"","_et_pb_old_content":"","_et_gb_content_width":"","exclude_from_search":false,"footnotes":""},"class_list":["post-80547","page","type-page","status-publish","hentry"],"yoast_head":"<!-- This site is optimized with the Yoast SEO plugin v23.4 - https:\/\/yoast.com\/wordpress\/plugins\/seo\/ -->\n<title>Cum s\u0103 ob\u021bine\u021bi bilete pentru Oz Lotto online din Rom\u00e2nia<\/title>\n<meta name=\"description\" content=\"Cump\u0103ra\u021bi bilete pentru Oz Lotto Australia din Rom\u00e2nia\" \/>\n<meta name=\"robots\" content=\"index, follow, max-snippet:-1, max-image-preview:large, max-video-preview:-1\" \/>\n<link rel=\"canonical\" href=\"https:\/\/onlinelotto365.com\/ro\/cumpara-bilete\/oz-lotto\/\" \/>\n<meta property=\"og:locale\" content=\"ro_RO\" \/>\n<meta property=\"og:type\" content=\"article\" \/>\n<meta property=\"og:title\" content=\"Cum s\u0103 ob\u021bine\u021bi bilete pentru Oz Lotto online din Rom\u00e2nia\" \/>\n<meta property=\"og:description\" content=\"Cump\u0103ra\u021bi bilete pentru Oz Lotto Australia din Rom\u00e2nia\" \/>\n<meta property=\"og:url\" content=\"https:\/\/onlinelotto365.com\/ro\/cumpara-bilete\/oz-lotto\/\" \/>\n<meta property=\"og:site_name\" content=\"OnlineLotto365\" \/>\n<meta property=\"og:image\" content=\"https:\/\/redfoxlotto.com\/image?size=8&amp;lottery=oz-lotto\" \/>\n<meta name=\"twitter:card\" content=\"summary_large_image\" \/>\n<meta name=\"twitter:label1\" content=\"Timp estimat pentru citire\" \/>\n\t<meta name=\"twitter:data1\" content=\"4 minute\" \/>\n<script type=\"application\/ld+json\" class=\"yoast-schema-graph\">{\"@context\":\"https:\/\/schema.org\",\"@graph\":[{\"@type\":\"WebPage\",\"@id\":\"https:\/\/onlinelotto365.com\/ro\/cumpara-bilete\/oz-lotto\/\",\"url\":\"https:\/\/onlinelotto365.com\/ro\/cumpara-bilete\/oz-lotto\/\",\"name\":\"Cum s\u0103 ob\u021bine\u021bi bilete pentru Oz Lotto online din Rom\u00e2nia\",\"isPartOf\":{\"@id\":\"https:\/\/onlinelotto365.com\/ro\/#website\"},\"primaryImageOfPage\":{\"@id\":\"https:\/\/onlinelotto365.com\/ro\/cumpara-bilete\/oz-lotto\/#primaryimage\"},\"image\":{\"@id\":\"https:\/\/onlinelotto365.com\/ro\/cumpara-bilete\/oz-lotto\/#primaryimage\"},\"thumbnailUrl\":\"https:\/\/redfoxlotto.com\/image?size=8&amp;lottery=oz-lotto\",\"datePublished\":\"2022-11-21T10:45:44+00:00\",\"dateModified\":\"2022-11-21T10:45:44+00:00\",\"description\":\"Cump\u0103ra\u021bi bilete pentru Oz Lotto Australia din Rom\u00e2nia\",\"breadcrumb\":{\"@id\":\"https:\/\/onlinelotto365.com\/ro\/cumpara-bilete\/oz-lotto\/#breadcrumb\"},\"inLanguage\":\"ro-RO\",\"potentialAction\":[{\"@type\":\"ReadAction\",\"target\":[\"https:\/\/onlinelotto365.com\/ro\/cumpara-bilete\/oz-lotto\/\"]}]},{\"@type\":\"ImageObject\",\"inLanguage\":\"ro-RO\",\"@id\":\"https:\/\/onlinelotto365.com\/ro\/cumpara-bilete\/oz-lotto\/#primaryimage\",\"url\":\"https:\/\/redfoxlotto.com\/image?size=8&amp;lottery=oz-lotto\",\"contentUrl\":\"https:\/\/redfoxlotto.com\/image?size=8&amp;lottery=oz-lotto\"},{\"@type\":\"BreadcrumbList\",\"@id\":\"https:\/\/onlinelotto365.com\/ro\/cumpara-bilete\/oz-lotto\/#breadcrumb\",\"itemListElement\":[{\"@type\":\"ListItem\",\"position\":1,\"name\":\"Home\",\"item\":\"https:\/\/onlinelotto365.com\/ro\/\"},{\"@type\":\"ListItem\",\"position\":2,\"name\":\"De ce are mai mult sens s\u0103 cumperi bilete la loterie online.\",\"item\":\"https:\/\/onlinelotto365.com\/ro\/cumpara-bilete\/\"},{\"@type\":\"ListItem\",\"position\":3,\"name\":\"Cum s\u0103 cump\u0103ra\u021bi bilete Oz Lotto online\"}]},{\"@type\":\"WebSite\",\"@id\":\"https:\/\/onlinelotto365.com\/ro\/#website\",\"url\":\"https:\/\/onlinelotto365.com\/ro\/\",\"name\":\"OnlineLotto365\",\"description\":\"\",\"potentialAction\":[{\"@type\":\"SearchAction\",\"target\":{\"@type\":\"EntryPoint\",\"urlTemplate\":\"https:\/\/onlinelotto365.com\/ro\/?s={search_term_string}\"},\"query-input\":{\"@type\":\"PropertyValueSpecification\",\"valueRequired\":true,\"valueName\":\"search_term_string\"}}],\"inLanguage\":\"ro-RO\"}]}<\/script>\n<!-- \/ Yoast SEO plugin. -->","yoast_head_json":{"title":"Cum s\u0103 ob\u021bine\u021bi bilete pentru Oz Lotto online din Rom\u00e2nia","description":"Cump\u0103ra\u021bi bilete pentru Oz Lotto Australia din Rom\u00e2nia","robots":{"index":"index","follow":"follow","max-snippet":"max-snippet:-1","max-image-preview":"max-image-preview:large","max-video-preview":"max-video-preview:-1"},"canonical":"https:\/\/onlinelotto365.com\/ro\/cumpara-bilete\/oz-lotto\/","og_locale":"ro_RO","og_type":"article","og_title":"Cum s\u0103 ob\u021bine\u021bi bilete pentru Oz Lotto online din Rom\u00e2nia","og_description":"Cump\u0103ra\u021bi bilete pentru Oz Lotto Australia din Rom\u00e2nia","og_url":"https:\/\/onlinelotto365.com\/ro\/cumpara-bilete\/oz-lotto\/","og_site_name":"OnlineLotto365","og_image":[{"url":"https:\/\/redfoxlotto.com\/image?size=8&amp;lottery=oz-lotto"}],"twitter_card":"summary_large_image","twitter_misc":{"Timp estimat pentru citire":"4 minute"},"schema":{"@context":"https:\/\/schema.org","@graph":[{"@type":"WebPage","@id":"https:\/\/onlinelotto365.com\/ro\/cumpara-bilete\/oz-lotto\/","url":"https:\/\/onlinelotto365.com\/ro\/cumpara-bilete\/oz-lotto\/","name":"Cum s\u0103 ob\u021bine\u021bi bilete pentru Oz Lotto online din Rom\u00e2nia","isPartOf":{"@id":"https:\/\/onlinelotto365.com\/ro\/#website"},"primaryImageOfPage":{"@id":"https:\/\/onlinelotto365.com\/ro\/cumpara-bilete\/oz-lotto\/#primaryimage"},"image":{"@id":"https:\/\/onlinelotto365.com\/ro\/cumpara-bilete\/oz-lotto\/#primaryimage"},"thumbnailUrl":"https:\/\/redfoxlotto.com\/image?size=8&amp;lottery=oz-lotto","datePublished":"2022-11-21T10:45:44+00:00","dateModified":"2022-11-21T10:45:44+00:00","description":"Cump\u0103ra\u021bi bilete pentru Oz Lotto Australia din Rom\u00e2nia","breadcrumb":{"@id":"https:\/\/onlinelotto365.com\/ro\/cumpara-bilete\/oz-lotto\/#breadcrumb"},"inLanguage":"ro-RO","potentialAction":[{"@type":"ReadAction","target":["https:\/\/onlinelotto365.com\/ro\/cumpara-bilete\/oz-lotto\/"]}]},{"@type":"ImageObject","inLanguage":"ro-RO","@id":"https:\/\/onlinelotto365.com\/ro\/cumpara-bilete\/oz-lotto\/#primaryimage","url":"https:\/\/redfoxlotto.com\/image?size=8&amp;lottery=oz-lotto","contentUrl":"https:\/\/redfoxlotto.com\/image?size=8&amp;lottery=oz-lotto"},{"@type":"BreadcrumbList","@id":"https:\/\/onlinelotto365.com\/ro\/cumpara-bilete\/oz-lotto\/#breadcrumb","itemListElement":[{"@type":"ListItem","position":1,"name":"Home","item":"https:\/\/onlinelotto365.com\/ro\/"},{"@type":"ListItem","position":2,"name":"De ce are mai mult sens s\u0103 cumperi bilete la loterie online.","item":"https:\/\/onlinelotto365.com\/ro\/cumpara-bilete\/"},{"@type":"ListItem","position":3,"name":"Cum s\u0103 cump\u0103ra\u021bi bilete Oz Lotto online"}]},{"@type":"WebSite","@id":"https:\/\/onlinelotto365.com\/ro\/#website","url":"https:\/\/onlinelotto365.com\/ro\/","name":"OnlineLotto365","description":"","potentialAction":[{"@type":"SearchAction","target":{"@type":"EntryPoint","urlTemplate":"https:\/\/onlinelotto365.com\/ro\/?s={search_term_string}"},"query-input":{"@type":"PropertyValueSpecification","valueRequired":true,"valueName":"search_term_string"}}],"inLanguage":"ro-RO"}]}},"_links":{"self":[{"href":"https:\/\/onlinelotto365.com\/ro\/wp-json\/wp\/v2\/pages\/80547","targetHints":{"allow":["GET"]}}],"collection":[{"href":"https:\/\/onlinelotto365.com\/ro\/wp-json\/wp\/v2\/pages"}],"about":[{"href":"https:\/\/onlinelotto365.com\/ro\/wp-json\/wp\/v2\/types\/page"}],"author":[{"embeddable":true,"href":"https:\/\/onlinelotto365.com\/ro\/wp-json\/wp\/v2\/users\/1"}],"replies":[{"embeddable":true,"href":"https:\/\/onlinelotto365.com\/ro\/wp-json\/wp\/v2\/comments?post=80547"}],"version-history":[{"count":0,"href":"https:\/\/onlinelotto365.com\/ro\/wp-json\/wp\/v2\/pages\/80547\/revisions"}],"up":[{"embeddable":true,"href":"https:\/\/onlinelotto365.com\/ro\/wp-json\/wp\/v2\/pages\/5673"}],"wp:attachment":[{"href":"https:\/\/onlinelotto365.com\/ro\/wp-json\/wp\/v2\/media?parent=80547"}],"curies":[{"name":"wp","href":"https:\/\/api.w.org\/{rel}","templated":true}]}}