{"id":80583,"date":"2022-11-21T14:06:27","date_gmt":"2022-11-21T13:06:27","guid":{"rendered":"https:\/\/onlinelotto365.com\/?page_id=80583"},"modified":"2022-11-21T14:06:27","modified_gmt":"2022-11-21T13:06:27","slug":"saturday-lotto-australia","status":"publish","type":"page","link":"https:\/\/onlinelotto365.com\/ro\/cumpara-bilete\/saturday-lotto-australia\/","title":{"rendered":"Cum s\u0103 cump\u0103ra\u021bi online bilete Saturday Lotto Australia"},"content":{"rendered":"<p>Dac\u0103 nu era\u021bi sigur cum s\u0103 cump\u0103ra\u021bi online biletele Saturday Lotto Australia, ve\u021bi dori s\u0103 consulta\u021bi acest ghid pas cu pas, conceput pentru a v\u0103 ajuta s\u0103 ajunge\u021bi rapid la acest lucru. Nu va trebui s\u0103 v\u0103 face\u021bi griji pentru nimic, pentru c\u0103 v\u0103 vom ajuta.<br \/>\n<a href=\"https:\/\/redfoxlotto.com\/play\/saturday-lotto-au\/?ref=a8564250a2&amp;medium=ol365\" target=\"_blank\" rel=\"noopener noreferrer\"><img decoding=\"async\" class=\"aligncenter\" src=\"https:\/\/redfoxlotto.com\/image?size=8&amp;lottery=saturday-lotto-au\" alt=\"Saturday Lotto Australia\" \/><\/a><\/p>\n<ul>\n<li>Accesa\u021bi pagina pentru Saturday Lotto Australia \u0219i alege\u021bi numerele pe care dori\u021bi s\u0103 le juca\u021bi pe fiecare dintre biletele dvs.<\/li>\n<li>Ad\u0103uga\u021bi mai multe bilete pentru acela\u0219i joc sau pentru jocuri diferite<\/li>\n<li>Merge\u021bi la op\u021biunea de a pl\u0103ti acum<\/li>\n<li>Conecta\u021bi-v\u0103 la contul dvs. curent sau selecta\u021bi op\u021biunea de \u00eenregistrare pentru un cont nou \u0219i urma\u021bi instruc\u021biunile<\/li>\n<li>Pentru conturile noi, verifica\u021bi-v\u0103 c\u0103 a\u021bi primit un e-mail de confirmare cu un link de verificare.<\/li>\n<li>Verifica\u021bi dosarul de spam dac\u0103 nu vede\u021bi e-mailul de confirmare \u0219i face\u021bi clic pe linkul respectiv<\/li>\n<li>Merge\u021bi la co\u0219ul de cump\u0103r\u0103turi<\/li>\n<li>Alege\u021bi op\u021biunea de plat\u0103 pe care dori\u021bi s\u0103 o utiliza\u021bi \u0219i parcurge\u021bi procesul de plat\u0103<\/li>\n<\/ul>\n<h2>Cum s\u0103 pl\u0103ti\u021bi online biletul Saturday Lotto Australia<\/h2>\n<p>Pute\u021bi folosi una dintre diferitele op\u021biuni de plat\u0103 securizat\u0103 atunci c\u00e2nd sunte\u021bi gata s\u0103 cump\u0103ra\u021bi urm\u0103toarele bilete de loterie de la noi din Rom\u00e2nia.<br \/>\nAlege\u021bi din aceste op\u021biuni diferite:<\/p>\n<p>Pl\u0103ti\u021bi comanda direct prin intermediul metodei dvs. preferate de plat\u0103<br \/>\nPune\u021bi bani \u00een contul dvs. \u0219i folosi\u021bi-i pentru a face o achizi\u021bie de bilete<\/p>\n<p>Asigura\u021bi-v\u0103 c\u0103 ad\u0103uga\u021bi mai mult dec\u00e2t suficien\u021bi bani pentru achizi\u021bie dac\u0103 decide\u021bi s\u0103 pune\u021bi bani \u00een contul dvs.<\/p>\n<h2>Mai multe informa\u021bii despre Saturday Lotto Australia<\/h2>\n<ul>\n<li>\u021aara: Australia<\/li>\n<li>Gama de numere principale: 45<\/li>\n<li>Tu alegi: 6<\/li>\n<li>Zilele \u0219i orele de extragere: S\u00e2mb\u0103t\u0103, 21:30 GMT+11, 10:30 CET<\/li>\n<li>Jackpot minim: 5 milioane de dolari australieni<\/li>\n<li>Jackpot maxim: 150 milioane AU$.<\/li>\n<li>Probabilitatea de a c\u00e2\u0219tiga jackpotul: 1 din 8145060<\/li>\n<li>Probabilitatea unui c\u00e2\u0219tig de nivel 2: 1 la 678755<\/li>\n<li>Probabilitatea de a c\u00e2\u0219tiga \u00een orice nivel: 1 la 85,44<\/li>\n<li>Num\u0103rul de niveluri de premii: 6<\/li>\n<\/ul>\n<h2>Avantajele cump\u0103r\u0103rii online a biletelor Saturday Lotto Australia<\/h2>\n<ul>\n<li>Ob\u021bine\u021bi biletele pe care le dori\u021bi \u0219i nu trebuie s\u0103 ie\u0219i\u021bi niciodat\u0103 pe u\u0219\u0103<\/li>\n<li>Alege\u021bi dintre o mul\u021bime de jocuri de loterie diferite<\/li>\n<li>Ave\u021bi o \u0219ans\u0103 mai mare de c\u00e2\u0219tig dac\u0103 alege\u021bi cele mai mari jackpoturi<\/li>\n<li>Pune\u021bi banii \u00eentr-un cont \u0219i apoi pl\u0103ti\u021bi pentru bilete<\/li>\n<li>\u021aine\u021bi eviden\u021ba biletelor dvs. cu u\u0219urin\u021b\u0103<\/li>\n<li>Primi\u021bi notific\u0103ri de c\u00e2\u0219tig de fiecare dat\u0103<\/li>\n<li>Folosi\u021bi o alegere rapid\u0103 pentru a ob\u021bine bilete f\u0103r\u0103 a alege numere<\/li>\n<\/ul>\n<h2>Este legal s\u0103 cump\u0103ra\u021bi online biletele Saturday Lotto Australia?<\/h2>\n<p>S-ar putea s\u0103 ave\u021bi emo\u021bii cu privire la faptul c\u0103, \u00een timp ce sunte\u021bi rezident \u00een Rom\u00e2nia, s\u0103 cump\u0103ra\u021bi bilete de loterie \u00een acest mod, dac\u0103 acest lucru este de fapt legal \u00een \u021bara dvs. de re\u0219edin\u021b\u0103. Ei bine, nu trebuie s\u0103 v\u0103 face\u021bi griji pentru c\u0103 noi ne ocup\u0103m s\u0103 ne asigur\u0103m c\u0103 totul este legal \u00een func\u021bie de \u021bara din care sunt cump\u0103rate biletele, inclusiv de \u021bara \u00een care se afl\u0103 sediul loteriei. Nu trebuie s\u0103 v\u0103 face\u021bi griji dec\u00e2t s\u0103 v\u0103 asigura\u021bi c\u0103 ave\u021bi v\u00e2rsta legal\u0103 pentru a cump\u0103ra biletele. Trebuie s\u0103 ave\u021bi 18 ani pentru a putea folosi site-ul nostru.<\/p>\n<h2>Cum sunt pl\u0103tit dac\u0103 c\u00e2\u0219tig online la Saturday Lotto Australia?<\/h2>\n<p><img loading=\"lazy\" decoding=\"async\" class=\"alignright wp-image-3694\" src=\"https:\/\/onlinelotto365.com\/wp-content\/uploads\/2020\/11\/online_lottery-11-300x300.jpeg\" alt=\"cump\u0103ra\u021bi bilete la Saturday Lotto online\" width=\"187\" height=\"187\" srcset=\"https:\/\/onlinelotto365.com\/wp-content\/uploads\/2020\/11\/online_lottery-11-300x300.jpeg 300w, https:\/\/onlinelotto365.com\/wp-content\/uploads\/2020\/11\/online_lottery-11-100x100.jpeg 100w, https:\/\/onlinelotto365.com\/wp-content\/uploads\/2020\/11\/online_lottery-11-150x150.jpeg 150w, https:\/\/onlinelotto365.com\/wp-content\/uploads\/2020\/11\/online_lottery-11.jpeg 480w\" sizes=\"auto, (max-width: 187px) 100vw, 187px\" \/><br \/>\n\u0218tim c\u0103 nu dori\u021bi ca cineva s\u0103 v\u0103 ia o parte din c\u00e2\u0219tigurile dumneavoastr\u0103 \u0219i de aceea ne asigur\u0103m c\u0103 nu o facem. Nu ne ve\u021bi pl\u0103ti niciodat\u0103 un comision atunci c\u00e2nd c\u00e2\u0219tiga\u021bi jocurile dvs. preferate de loterie. \u0218i nici nu trebuie s\u0103 v\u0103 face\u021bi griji c\u0103 ne ve\u021bi pl\u0103ti un comision pentru c\u00e2\u0219tigurile ob\u021binute.<\/p>\n<p>Singura dat\u0103 c\u00e2nd vei pl\u0103ti un comision este dac\u0103 alegi ca c\u00e2\u0219tigurile tale la loto s\u0103 fie depuse printr-un transfer bancar, de exemplu la o banc\u0103 din Rom\u00e2nia. Aceste transferuri bancare ne pot costa uneori comisioane, deoarece b\u0103ncile percep taxe pentru transferurile interna\u021bionale. Acest comision poate fi transferat c\u0103tre dvs. \u0219i scos din c\u00e2\u0219tigurile pe care le-a\u021bi realizat.<br \/>\n<strong>C\u00e2nd vine vorba de a fi pl\u0103tit trebuie doar s\u0103 v\u0103 aminti\u021bi:<\/strong><\/p>\n<ul>\n<li>Pl\u0103\u021bile mai mici de 2500 \u20ac sunt puse \u00een contul t\u0103u. Nu trebuie s\u0103 faci nimic pentru c\u0103 noi vom face totul pentru tine.<\/li>\n<li>Pl\u0103\u021bile de peste \u20ac2500 sunt pl\u0103tite prin transfer bancar sau prin cec. Ve\u021bi fi contactat de echipa noastr\u0103 de asisten\u021b\u0103 pentru a completa un formular care ne va permite s\u0103 \u0219tim cum s\u0103 v\u0103 trimitem banii. Apoi trebuie doar s\u0103 a\u0219tepta\u021bi c\u00e2teva zile pentru ca ace\u0219tia s\u0103 ajung\u0103 acolo.<\/li>\n<\/ul>\n","protected":false},"excerpt":{"rendered":"<p>Dac\u0103 nu era\u021bi sigur cum s\u0103 cump\u0103ra\u021bi online biletele Saturday Lotto Australia, ve\u021bi dori s\u0103 consulta\u021bi acest ghid pas cu pas, conceput pentru a v\u0103 ajuta s\u0103 ajunge\u021bi rapid la acest lucru. Nu va trebui s\u0103 v\u0103 face\u021bi griji pentru nimic, pentru c\u0103 v\u0103 vom ajuta. Accesa\u021bi pagina pentru Saturday Lotto Australia \u0219i alege\u021bi numerele [&hellip;]<\/p>\n","protected":false},"author":1,"featured_media":0,"parent":5673,"menu_order":15,"comment_status":"closed","ping_status":"closed","template":"saturday-lotto-info.php","meta":{"_et_pb_use_builder":"","_et_pb_old_content":"","_et_gb_content_width":"","exclude_from_search":false,"footnotes":""},"class_list":["post-80583","page","type-page","status-publish","hentry"],"yoast_head":"<!-- This site is optimized with the Yoast SEO plugin v23.4 - https:\/\/yoast.com\/wordpress\/plugins\/seo\/ -->\n<title>Cum s\u0103 ob\u021bine\u021bi bilete la Saturday Lotto Australia dac\u0103 sunte\u021bi rezident \u00een Rom\u00e2nia<\/title>\n<meta name=\"description\" content=\"Reziden\u021bii din Rom\u00e2nia pot achizi\u021biona acum bilete la Saturday lotto Australia\" \/>\n<meta name=\"robots\" content=\"index, follow, max-snippet:-1, max-image-preview:large, max-video-preview:-1\" \/>\n<link rel=\"canonical\" href=\"https:\/\/onlinelotto365.com\/ro\/cumpara-bilete\/saturday-lotto-australia\/\" \/>\n<meta property=\"og:locale\" content=\"ro_RO\" \/>\n<meta property=\"og:type\" content=\"article\" \/>\n<meta property=\"og:title\" content=\"Cum s\u0103 ob\u021bine\u021bi bilete la Saturday Lotto Australia dac\u0103 sunte\u021bi rezident \u00een Rom\u00e2nia\" \/>\n<meta property=\"og:description\" content=\"Reziden\u021bii din Rom\u00e2nia pot achizi\u021biona acum bilete la Saturday lotto Australia\" \/>\n<meta property=\"og:url\" content=\"https:\/\/onlinelotto365.com\/ro\/cumpara-bilete\/saturday-lotto-australia\/\" \/>\n<meta property=\"og:site_name\" content=\"OnlineLotto365\" \/>\n<meta property=\"og:image\" content=\"https:\/\/redfoxlotto.com\/image?size=8&amp;lottery=saturday-lotto-au\" \/>\n<meta name=\"twitter:card\" content=\"summary_large_image\" \/>\n<meta name=\"twitter:label1\" content=\"Timp estimat pentru citire\" \/>\n\t<meta name=\"twitter:data1\" content=\"4 minute\" \/>\n<script type=\"application\/ld+json\" class=\"yoast-schema-graph\">{\"@context\":\"https:\/\/schema.org\",\"@graph\":[{\"@type\":\"WebPage\",\"@id\":\"https:\/\/onlinelotto365.com\/ro\/cumpara-bilete\/saturday-lotto-australia\/\",\"url\":\"https:\/\/onlinelotto365.com\/ro\/cumpara-bilete\/saturday-lotto-australia\/\",\"name\":\"Cum s\u0103 ob\u021bine\u021bi bilete la Saturday Lotto Australia dac\u0103 sunte\u021bi rezident \u00een Rom\u00e2nia\",\"isPartOf\":{\"@id\":\"https:\/\/onlinelotto365.com\/ro\/#website\"},\"primaryImageOfPage\":{\"@id\":\"https:\/\/onlinelotto365.com\/ro\/cumpara-bilete\/saturday-lotto-australia\/#primaryimage\"},\"image\":{\"@id\":\"https:\/\/onlinelotto365.com\/ro\/cumpara-bilete\/saturday-lotto-australia\/#primaryimage\"},\"thumbnailUrl\":\"https:\/\/redfoxlotto.com\/image?size=8&amp;lottery=saturday-lotto-au\",\"datePublished\":\"2022-11-21T13:06:27+00:00\",\"dateModified\":\"2022-11-21T13:06:27+00:00\",\"description\":\"Reziden\u021bii din Rom\u00e2nia pot achizi\u021biona acum bilete la Saturday lotto Australia\",\"breadcrumb\":{\"@id\":\"https:\/\/onlinelotto365.com\/ro\/cumpara-bilete\/saturday-lotto-australia\/#breadcrumb\"},\"inLanguage\":\"ro-RO\",\"potentialAction\":[{\"@type\":\"ReadAction\",\"target\":[\"https:\/\/onlinelotto365.com\/ro\/cumpara-bilete\/saturday-lotto-australia\/\"]}]},{\"@type\":\"ImageObject\",\"inLanguage\":\"ro-RO\",\"@id\":\"https:\/\/onlinelotto365.com\/ro\/cumpara-bilete\/saturday-lotto-australia\/#primaryimage\",\"url\":\"https:\/\/redfoxlotto.com\/image?size=8&amp;lottery=saturday-lotto-au\",\"contentUrl\":\"https:\/\/redfoxlotto.com\/image?size=8&amp;lottery=saturday-lotto-au\"},{\"@type\":\"BreadcrumbList\",\"@id\":\"https:\/\/onlinelotto365.com\/ro\/cumpara-bilete\/saturday-lotto-australia\/#breadcrumb\",\"itemListElement\":[{\"@type\":\"ListItem\",\"position\":1,\"name\":\"Home\",\"item\":\"https:\/\/onlinelotto365.com\/ro\/\"},{\"@type\":\"ListItem\",\"position\":2,\"name\":\"De ce are mai mult sens s\u0103 cumperi bilete la loterie online.\",\"item\":\"https:\/\/onlinelotto365.com\/ro\/cumpara-bilete\/\"},{\"@type\":\"ListItem\",\"position\":3,\"name\":\"Cum s\u0103 cump\u0103ra\u021bi online bilete Saturday Lotto Australia\"}]},{\"@type\":\"WebSite\",\"@id\":\"https:\/\/onlinelotto365.com\/ro\/#website\",\"url\":\"https:\/\/onlinelotto365.com\/ro\/\",\"name\":\"OnlineLotto365\",\"description\":\"\",\"potentialAction\":[{\"@type\":\"SearchAction\",\"target\":{\"@type\":\"EntryPoint\",\"urlTemplate\":\"https:\/\/onlinelotto365.com\/ro\/?s={search_term_string}\"},\"query-input\":{\"@type\":\"PropertyValueSpecification\",\"valueRequired\":true,\"valueName\":\"search_term_string\"}}],\"inLanguage\":\"ro-RO\"}]}<\/script>\n<!-- \/ Yoast SEO plugin. -->","yoast_head_json":{"title":"Cum s\u0103 ob\u021bine\u021bi bilete la Saturday Lotto Australia dac\u0103 sunte\u021bi rezident \u00een Rom\u00e2nia","description":"Reziden\u021bii din Rom\u00e2nia pot achizi\u021biona acum bilete la Saturday lotto Australia","robots":{"index":"index","follow":"follow","max-snippet":"max-snippet:-1","max-image-preview":"max-image-preview:large","max-video-preview":"max-video-preview:-1"},"canonical":"https:\/\/onlinelotto365.com\/ro\/cumpara-bilete\/saturday-lotto-australia\/","og_locale":"ro_RO","og_type":"article","og_title":"Cum s\u0103 ob\u021bine\u021bi bilete la Saturday Lotto Australia dac\u0103 sunte\u021bi rezident \u00een Rom\u00e2nia","og_description":"Reziden\u021bii din Rom\u00e2nia pot achizi\u021biona acum bilete la Saturday lotto Australia","og_url":"https:\/\/onlinelotto365.com\/ro\/cumpara-bilete\/saturday-lotto-australia\/","og_site_name":"OnlineLotto365","og_image":[{"url":"https:\/\/redfoxlotto.com\/image?size=8&amp;lottery=saturday-lotto-au"}],"twitter_card":"summary_large_image","twitter_misc":{"Timp estimat pentru citire":"4 minute"},"schema":{"@context":"https:\/\/schema.org","@graph":[{"@type":"WebPage","@id":"https:\/\/onlinelotto365.com\/ro\/cumpara-bilete\/saturday-lotto-australia\/","url":"https:\/\/onlinelotto365.com\/ro\/cumpara-bilete\/saturday-lotto-australia\/","name":"Cum s\u0103 ob\u021bine\u021bi bilete la Saturday Lotto Australia dac\u0103 sunte\u021bi rezident \u00een Rom\u00e2nia","isPartOf":{"@id":"https:\/\/onlinelotto365.com\/ro\/#website"},"primaryImageOfPage":{"@id":"https:\/\/onlinelotto365.com\/ro\/cumpara-bilete\/saturday-lotto-australia\/#primaryimage"},"image":{"@id":"https:\/\/onlinelotto365.com\/ro\/cumpara-bilete\/saturday-lotto-australia\/#primaryimage"},"thumbnailUrl":"https:\/\/redfoxlotto.com\/image?size=8&amp;lottery=saturday-lotto-au","datePublished":"2022-11-21T13:06:27+00:00","dateModified":"2022-11-21T13:06:27+00:00","description":"Reziden\u021bii din Rom\u00e2nia pot achizi\u021biona acum bilete la Saturday lotto Australia","breadcrumb":{"@id":"https:\/\/onlinelotto365.com\/ro\/cumpara-bilete\/saturday-lotto-australia\/#breadcrumb"},"inLanguage":"ro-RO","potentialAction":[{"@type":"ReadAction","target":["https:\/\/onlinelotto365.com\/ro\/cumpara-bilete\/saturday-lotto-australia\/"]}]},{"@type":"ImageObject","inLanguage":"ro-RO","@id":"https:\/\/onlinelotto365.com\/ro\/cumpara-bilete\/saturday-lotto-australia\/#primaryimage","url":"https:\/\/redfoxlotto.com\/image?size=8&amp;lottery=saturday-lotto-au","contentUrl":"https:\/\/redfoxlotto.com\/image?size=8&amp;lottery=saturday-lotto-au"},{"@type":"BreadcrumbList","@id":"https:\/\/onlinelotto365.com\/ro\/cumpara-bilete\/saturday-lotto-australia\/#breadcrumb","itemListElement":[{"@type":"ListItem","position":1,"name":"Home","item":"https:\/\/onlinelotto365.com\/ro\/"},{"@type":"ListItem","position":2,"name":"De ce are mai mult sens s\u0103 cumperi bilete la loterie online.","item":"https:\/\/onlinelotto365.com\/ro\/cumpara-bilete\/"},{"@type":"ListItem","position":3,"name":"Cum s\u0103 cump\u0103ra\u021bi online bilete Saturday Lotto Australia"}]},{"@type":"WebSite","@id":"https:\/\/onlinelotto365.com\/ro\/#website","url":"https:\/\/onlinelotto365.com\/ro\/","name":"OnlineLotto365","description":"","potentialAction":[{"@type":"SearchAction","target":{"@type":"EntryPoint","urlTemplate":"https:\/\/onlinelotto365.com\/ro\/?s={search_term_string}"},"query-input":{"@type":"PropertyValueSpecification","valueRequired":true,"valueName":"search_term_string"}}],"inLanguage":"ro-RO"}]}},"_links":{"self":[{"href":"https:\/\/onlinelotto365.com\/ro\/wp-json\/wp\/v2\/pages\/80583","targetHints":{"allow":["GET"]}}],"collection":[{"href":"https:\/\/onlinelotto365.com\/ro\/wp-json\/wp\/v2\/pages"}],"about":[{"href":"https:\/\/onlinelotto365.com\/ro\/wp-json\/wp\/v2\/types\/page"}],"author":[{"embeddable":true,"href":"https:\/\/onlinelotto365.com\/ro\/wp-json\/wp\/v2\/users\/1"}],"replies":[{"embeddable":true,"href":"https:\/\/onlinelotto365.com\/ro\/wp-json\/wp\/v2\/comments?post=80583"}],"version-history":[{"count":0,"href":"https:\/\/onlinelotto365.com\/ro\/wp-json\/wp\/v2\/pages\/80583\/revisions"}],"up":[{"embeddable":true,"href":"https:\/\/onlinelotto365.com\/ro\/wp-json\/wp\/v2\/pages\/5673"}],"wp:attachment":[{"href":"https:\/\/onlinelotto365.com\/ro\/wp-json\/wp\/v2\/media?parent=80583"}],"curies":[{"name":"wp","href":"https:\/\/api.w.org\/{rel}","templated":true}]}}