{"id":80608,"date":"2022-11-22T08:11:42","date_gmt":"2022-11-22T07:11:42","guid":{"rendered":"https:\/\/onlinelotto365.com\/?page_id=80608"},"modified":"2022-11-22T08:11:42","modified_gmt":"2022-11-22T07:11:42","slug":"mon-wed-lotto","status":"publish","type":"page","link":"https:\/\/onlinelotto365.com\/ro\/cumpara-bilete\/mon-wed-lotto\/","title":{"rendered":"Cum s\u0103 cump\u0103ra\u021bi bilete online pentru Mon &#038; Wed Lotto Australia"},"content":{"rendered":"<p>Am scris diferi\u021bii pa\u0219i pe care trebuie s\u0103 \u00eei urma\u021bi dac\u0103 dori\u021bi s\u0103 cump\u0103ra\u021bi bilete Mon &amp; Wed Lotto Australia de pe site-ul nostru. Este simplu \u0219i u\u0219or, iar atunci c\u00e2nd parcurge\u021bi ace\u0219ti pa\u0219i ve\u021bi vedea c\u0103 ve\u021bi avea biletele gata de plecare rapid.<br \/>\n<a href=\"https:\/\/redfoxlotto.com\/play\/monday-wednesday-lotto-au\/?ref=a8564250a2&amp;medium=ol365\" target=\"_blank\" rel=\"noopener noreferrer\"><img decoding=\"async\" class=\"aligncenter\" src=\"https:\/\/redfoxlotto.com\/image?size=8&amp;lottery=monday-wednesday-lotto-au\" alt=\"Mon &amp;amp; Wed Lotto Australia\" \/><\/a><\/p>\n<ul>\n<li>Merge\u021bi la pagina pentru loteria la care dori\u021bi s\u0103 juca\u021bi \u0219i alege\u021bi numerele pe care le ve\u021bi juca pe fiecare bilet<\/li>\n<li>Ad\u0103uga\u021bi at\u00e2tea bilete pentru acest joc sau pentru orice alt joc c\u00e2te dori\u021bi pentru a v\u0103 crea comanda<\/li>\n<li>Alege\u021bi op\u021biunea de a pl\u0103ti acum<\/li>\n<li>Conecta\u021bi-v\u0103 la contul dvs. actual sau trece\u021bi prin procesul de creare \u0219i \u00eenregistrare a unui cont nou<\/li>\n<li>Accesa\u021bi e-mailul dvs. pentru a ob\u021bine linkul de verificare pentru a v\u0103 \u00eenregistra contul \u0219i a face o achizi\u021bie<\/li>\n<li>Verifica\u021bi dosarul de spam pentru a vedea dac\u0103 e-mailul a fost trimis acolo din gre\u0219eal\u0103, dac\u0103 nu \u00eel vede\u021bi \u00een c\u0103su\u021ba dvs. de e-mail.<\/li>\n<li>Trece\u021bi prin procesul de plat\u0103 \u00een co\u0219ul de cump\u0103r\u0103turi<\/li>\n<li>Alege\u021bi metoda de plat\u0103 pe care dori\u021bi s\u0103 o utiliza\u021bi \u0219i urma\u021bi instruc\u021biunile pentru a procesa plata.<\/li>\n<\/ul>\n<h2>Cum s\u0103 pl\u0103ti\u021bi online biletul pentru Mon &amp; Wed Lotto Australia<\/h2>\n<p>C\u00e2nd vine vorba de a face o plat\u0103, ave\u021bi mai multe op\u021biuni diferite \u0219i complet sigure. Tot ce trebuie s\u0103 face\u021bi este s\u0103 arunca\u021bi o privire aici \u0219i s\u0103 vede\u021bi care vor fi unele dintre aceste op\u021biuni.<br \/>\nCump\u0103ra\u021bi-v\u0103 biletele aleg\u00e2nd una dintre cele dou\u0103 op\u021biuni:<\/p>\n<p>Pl\u0103ti\u021bi direct cu o metod\u0103 de plat\u0103 aleas\u0103 de dvs.<br \/>\nAd\u0103uga\u021bi bani \u00eentr-un cont de juc\u0103tor \u0219i folosi\u021bi acel cont pentru a v\u0103 cump\u0103ra biletele<\/p>\n<p>Nu face\u021bi gre\u0219eala de a pune prea pu\u021bini bani \u00een contul dumneavoastr\u0103 pentru a pl\u0103ti biletele. Ave\u021bi nevoie de pu\u021bin mai mult dec\u00e2t suma din co\u0219ul dumneavoastr\u0103.<\/p>\n<h2>Mai multe informa\u021bii despre Mon &amp; Wed Lotto Australia<\/h2>\n<ul>\n<li>\u021aara: Australien<\/li>\n<li>Intervalul principal de numere: 45<\/li>\n<li>Tu alegi: 6<\/li>\n<li>Trage zile, ore: Luni, miercuri, 21:30 GMT+11, 10:30 CET<\/li>\n<li>Jackpot minim: AU$ 2,5 milioane<\/li>\n<li>Jackpot maxim: jackpot fix<\/li>\n<li>Probabilitatea de a c\u00e2\u0219tiga jackpotul: 1 din 8145060<\/li>\n<li>Probabilitatea unui c\u00e2\u0219tig de nivel 2: 1 la 678755<\/li>\n<li>Probabilitatea de a c\u00e2\u0219tiga \u00een orice nivel: 1 la 85,44<\/li>\n<li>Num\u0103rul de niveluri de premii: 6<\/li>\n<\/ul>\n<h2>Avantajele cump\u0103r\u0103rii online a biletelor Mon &amp; Wed Lotto Australia<\/h2>\n<ul>\n<li>Cump\u0103ra\u021bi bilete la loto de acas\u0103, f\u0103r\u0103 a v\u0103 face griji c\u0103 trebuie s\u0103 ie\u0219i\u021bi din cas\u0103<\/li>\n<li>Alege\u021bi din toate biletele dvs. preferate \u0219i chiar mai multe<\/li>\n<li>Ob\u021bine\u021bi \u0219anse mai bune aleg\u00e2nd jocurile cu cele mai mari sume de jackpot<\/li>\n<li>Folosi\u021bi soldul contului dvs. pentru a cump\u0103ra bilete prin depunerea de bani<\/li>\n<li>\u021aine\u021bi eviden\u021ba biletelor dvs. printr-un cont online<\/li>\n<li>Primi\u021bi notific\u0103ri ori de c\u00e2te ori ave\u021bi un bilet c\u00e2\u0219tig\u0103tor<\/li>\n<li>Folosi\u021bi generatorul de numere aleatorii pentru a alege bilete pentru dvs.<\/li>\n<\/ul>\n<h2>Este legal s\u0103 cumperi bilete online la Mon &amp; Wed Lotto Australia?<\/h2>\n<p>Mul\u021bi oameni se tem c\u0103 achizi\u021bionarea de bilete online este ilegal\u0103 sau c\u0103 achizi\u021bionarea lor \u00een mod tradi\u021bional ar putea fi ilegal\u0103 \u00een \u021bara lor de origine. Ei bine, noi ne asigur\u0103m c\u0103 toate reglement\u0103rile sunt respectate pentru \u021bara din care provine loteria \u00een sine. Ne vom asigura c\u0103 v\u0103 ve\u021bi primi \u0219i c\u00e2\u0219tigurile la loterie. Fie c\u0103 a\u021bi c\u00e2\u0219tigat un premiu mic sau unul mare, v\u0103 vom ajuta s\u0103 ob\u021bine\u021bi ceea ce c\u0103uta\u021bi \u0219i la ce ave\u021bi dreptul.<br \/>\nTo\u021bi utilizatorii site-ului nostru trebuie s\u0103 aib\u0103 cel pu\u021bin 18 ani.<\/p>\n<h2>Cum sunt pl\u0103tit dac\u0103 c\u00e2\u0219tig la Mon &amp; Wed Lotto Australia online?<\/h2>\n<p><img loading=\"lazy\" decoding=\"async\" class=\"alignright wp-image-3685\" src=\"https:\/\/onlinelotto365.com\/wp-content\/uploads\/2020\/11\/online_lottery-4-300x192.jpeg\" alt=\"mon wed lotto australia online\" width=\"255\" height=\"163\" srcset=\"https:\/\/onlinelotto365.com\/wp-content\/uploads\/2020\/11\/online_lottery-4-300x192.jpeg 300w, https:\/\/onlinelotto365.com\/wp-content\/uploads\/2020\/11\/online_lottery-4-600x383.jpeg 600w, https:\/\/onlinelotto365.com\/wp-content\/uploads\/2020\/11\/online_lottery-4.jpeg 751w\" sizes=\"auto, (max-width: 255px) 100vw, 255px\" \/><br \/>\nPrimirea c\u00e2\u0219tigurilor c\u0103tre clien\u021bii no\u0219tri este cea mai important\u0103 parte a procesului \u0219i o facem asigur\u00e2ndu-ne c\u0103 nu exist\u0103 comisioane. Nu trebuie s\u0103 v\u0103 face\u021bi griji c\u0103 noi vom lua ceva din c\u00e2\u0219tigurile dvs. dec\u00e2t dac\u0103 alege\u021bi s\u0103 face\u021bi un transfer bancar.<br \/>\nAceast\u0103 metod\u0103 de plat\u0103, mai ales atunci c\u00e2nd este efectuat\u0103 ca o tranzac\u021bie interna\u021bional\u0103, ne-ar putea costa atunci c\u00e2nd banca percepe comisioane. Dac\u0103 se \u00eent\u00e2mpl\u0103 acest lucru, atunci costul poate fi transferat c\u0103tre dvs. \u0219i scos din c\u00e2\u0219tigurile dvs.<br \/>\nExist\u0103 dou\u0103 moduri diferite \u00een care se fac pl\u0103\u021bile.<\/p>\n<ul>\n<li>Pl\u0103\u021bile care vor fi mai mici de 2500 \u20ac vor fi efectuate f\u0103r\u0103 ca dumneavoastr\u0103 s\u0103 introduce\u021bi nimic. Echipa noastr\u0103 se asigur\u0103 c\u0103 banii sunt plasa\u021bi direct \u00een contul dumneavoastr\u0103.<\/li>\n<li>Sumele c\u00e2\u0219tig\u0103toare care sunt mai mari de 2500 \u20ac sunt procesate \u00eentr-un mod diferit. Aceste sume trebuie s\u0103 fie procesate cu comisia de loterie \u0219i asta \u00eenseamn\u0103 c\u0103 avem nevoie de un formular de revendicare completat. Noi v\u0103 vom trimite formularul \u0219i tot ce trebuie s\u0103 face\u021bi este s\u0103 \u00eel completa\u021bi \u0219i s\u0103 ne spune\u021bi dac\u0103 dori\u021bi banii prin transfer bancar sau prin cec.<\/li>\n<\/ul>\n","protected":false},"excerpt":{"rendered":"<p>Am scris diferi\u021bii pa\u0219i pe care trebuie s\u0103 \u00eei urma\u021bi dac\u0103 dori\u021bi s\u0103 cump\u0103ra\u021bi bilete Mon &amp; Wed Lotto Australia de pe site-ul nostru. Este simplu \u0219i u\u0219or, iar atunci c\u00e2nd parcurge\u021bi ace\u0219ti pa\u0219i ve\u021bi vedea c\u0103 ve\u021bi avea biletele gata de plecare rapid. Merge\u021bi la pagina pentru loteria la care dori\u021bi s\u0103 juca\u021bi \u0219i [&hellip;]<\/p>\n","protected":false},"author":1,"featured_media":0,"parent":5673,"menu_order":16,"comment_status":"closed","ping_status":"closed","template":"template-rightsidebar.php","meta":{"_et_pb_use_builder":"","_et_pb_old_content":"","_et_gb_content_width":"","exclude_from_search":false,"footnotes":""},"class_list":["post-80608","page","type-page","status-publish","hentry"],"yoast_head":"<!-- This site is optimized with the Yoast SEO plugin v23.4 - https:\/\/yoast.com\/wordpress\/plugins\/seo\/ -->\n<title>Cump\u0103rare bilet online pentru Mon &amp; Wed Lotto Australia<\/title>\n<meta name=\"description\" content=\"Nu conteaz\u0103 unde locui\u021bi, \u0219i acum indiferent de ceea ce c\u0103uta\u021bi, pute\u021bi ob\u021bine bilete Mon &amp; Wed Lotto Australia aici!\" \/>\n<meta name=\"robots\" content=\"index, follow, max-snippet:-1, max-image-preview:large, max-video-preview:-1\" \/>\n<link rel=\"canonical\" href=\"https:\/\/onlinelotto365.com\/ro\/cumpara-bilete\/mon-wed-lotto\/\" \/>\n<meta property=\"og:locale\" content=\"ro_RO\" \/>\n<meta property=\"og:type\" content=\"article\" \/>\n<meta property=\"og:title\" content=\"Cump\u0103rare bilet online pentru Mon &amp; Wed Lotto Australia\" \/>\n<meta property=\"og:description\" content=\"Nu conteaz\u0103 unde locui\u021bi, \u0219i acum indiferent de ceea ce c\u0103uta\u021bi, pute\u021bi ob\u021bine bilete Mon &amp; Wed Lotto Australia aici!\" \/>\n<meta property=\"og:url\" content=\"https:\/\/onlinelotto365.com\/ro\/cumpara-bilete\/mon-wed-lotto\/\" \/>\n<meta property=\"og:site_name\" content=\"OnlineLotto365\" \/>\n<meta property=\"og:image\" content=\"https:\/\/redfoxlotto.com\/image?size=8&amp;lottery=monday-wednesday-lotto-au\" \/>\n<meta name=\"twitter:card\" content=\"summary_large_image\" \/>\n<meta name=\"twitter:label1\" content=\"Timp estimat pentru citire\" \/>\n\t<meta name=\"twitter:data1\" content=\"4 minute\" \/>\n<script type=\"application\/ld+json\" class=\"yoast-schema-graph\">{\"@context\":\"https:\/\/schema.org\",\"@graph\":[{\"@type\":\"WebPage\",\"@id\":\"https:\/\/onlinelotto365.com\/ro\/cumpara-bilete\/mon-wed-lotto\/\",\"url\":\"https:\/\/onlinelotto365.com\/ro\/cumpara-bilete\/mon-wed-lotto\/\",\"name\":\"Cump\u0103rare bilet online pentru Mon & Wed Lotto Australia\",\"isPartOf\":{\"@id\":\"https:\/\/onlinelotto365.com\/ro\/#website\"},\"primaryImageOfPage\":{\"@id\":\"https:\/\/onlinelotto365.com\/ro\/cumpara-bilete\/mon-wed-lotto\/#primaryimage\"},\"image\":{\"@id\":\"https:\/\/onlinelotto365.com\/ro\/cumpara-bilete\/mon-wed-lotto\/#primaryimage\"},\"thumbnailUrl\":\"https:\/\/redfoxlotto.com\/image?size=8&amp;lottery=monday-wednesday-lotto-au\",\"datePublished\":\"2022-11-22T07:11:42+00:00\",\"dateModified\":\"2022-11-22T07:11:42+00:00\",\"description\":\"Nu conteaz\u0103 unde locui\u021bi, \u0219i acum indiferent de ceea ce c\u0103uta\u021bi, pute\u021bi ob\u021bine bilete Mon & Wed Lotto Australia aici!\",\"breadcrumb\":{\"@id\":\"https:\/\/onlinelotto365.com\/ro\/cumpara-bilete\/mon-wed-lotto\/#breadcrumb\"},\"inLanguage\":\"ro-RO\",\"potentialAction\":[{\"@type\":\"ReadAction\",\"target\":[\"https:\/\/onlinelotto365.com\/ro\/cumpara-bilete\/mon-wed-lotto\/\"]}]},{\"@type\":\"ImageObject\",\"inLanguage\":\"ro-RO\",\"@id\":\"https:\/\/onlinelotto365.com\/ro\/cumpara-bilete\/mon-wed-lotto\/#primaryimage\",\"url\":\"https:\/\/redfoxlotto.com\/image?size=8&amp;lottery=monday-wednesday-lotto-au\",\"contentUrl\":\"https:\/\/redfoxlotto.com\/image?size=8&amp;lottery=monday-wednesday-lotto-au\"},{\"@type\":\"BreadcrumbList\",\"@id\":\"https:\/\/onlinelotto365.com\/ro\/cumpara-bilete\/mon-wed-lotto\/#breadcrumb\",\"itemListElement\":[{\"@type\":\"ListItem\",\"position\":1,\"name\":\"Home\",\"item\":\"https:\/\/onlinelotto365.com\/ro\/\"},{\"@type\":\"ListItem\",\"position\":2,\"name\":\"De ce are mai mult sens s\u0103 cumperi bilete la loterie online.\",\"item\":\"https:\/\/onlinelotto365.com\/ro\/cumpara-bilete\/\"},{\"@type\":\"ListItem\",\"position\":3,\"name\":\"Cum s\u0103 cump\u0103ra\u021bi bilete online pentru Mon &#038; Wed Lotto Australia\"}]},{\"@type\":\"WebSite\",\"@id\":\"https:\/\/onlinelotto365.com\/ro\/#website\",\"url\":\"https:\/\/onlinelotto365.com\/ro\/\",\"name\":\"OnlineLotto365\",\"description\":\"\",\"potentialAction\":[{\"@type\":\"SearchAction\",\"target\":{\"@type\":\"EntryPoint\",\"urlTemplate\":\"https:\/\/onlinelotto365.com\/ro\/?s={search_term_string}\"},\"query-input\":{\"@type\":\"PropertyValueSpecification\",\"valueRequired\":true,\"valueName\":\"search_term_string\"}}],\"inLanguage\":\"ro-RO\"}]}<\/script>\n<!-- \/ Yoast SEO plugin. -->","yoast_head_json":{"title":"Cump\u0103rare bilet online pentru Mon & Wed Lotto Australia","description":"Nu conteaz\u0103 unde locui\u021bi, \u0219i acum indiferent de ceea ce c\u0103uta\u021bi, pute\u021bi ob\u021bine bilete Mon & Wed Lotto Australia aici!","robots":{"index":"index","follow":"follow","max-snippet":"max-snippet:-1","max-image-preview":"max-image-preview:large","max-video-preview":"max-video-preview:-1"},"canonical":"https:\/\/onlinelotto365.com\/ro\/cumpara-bilete\/mon-wed-lotto\/","og_locale":"ro_RO","og_type":"article","og_title":"Cump\u0103rare bilet online pentru Mon & Wed Lotto Australia","og_description":"Nu conteaz\u0103 unde locui\u021bi, \u0219i acum indiferent de ceea ce c\u0103uta\u021bi, pute\u021bi ob\u021bine bilete Mon & Wed Lotto Australia aici!","og_url":"https:\/\/onlinelotto365.com\/ro\/cumpara-bilete\/mon-wed-lotto\/","og_site_name":"OnlineLotto365","og_image":[{"url":"https:\/\/redfoxlotto.com\/image?size=8&amp;lottery=monday-wednesday-lotto-au"}],"twitter_card":"summary_large_image","twitter_misc":{"Timp estimat pentru citire":"4 minute"},"schema":{"@context":"https:\/\/schema.org","@graph":[{"@type":"WebPage","@id":"https:\/\/onlinelotto365.com\/ro\/cumpara-bilete\/mon-wed-lotto\/","url":"https:\/\/onlinelotto365.com\/ro\/cumpara-bilete\/mon-wed-lotto\/","name":"Cump\u0103rare bilet online pentru Mon & Wed Lotto Australia","isPartOf":{"@id":"https:\/\/onlinelotto365.com\/ro\/#website"},"primaryImageOfPage":{"@id":"https:\/\/onlinelotto365.com\/ro\/cumpara-bilete\/mon-wed-lotto\/#primaryimage"},"image":{"@id":"https:\/\/onlinelotto365.com\/ro\/cumpara-bilete\/mon-wed-lotto\/#primaryimage"},"thumbnailUrl":"https:\/\/redfoxlotto.com\/image?size=8&amp;lottery=monday-wednesday-lotto-au","datePublished":"2022-11-22T07:11:42+00:00","dateModified":"2022-11-22T07:11:42+00:00","description":"Nu conteaz\u0103 unde locui\u021bi, \u0219i acum indiferent de ceea ce c\u0103uta\u021bi, pute\u021bi ob\u021bine bilete Mon & Wed Lotto Australia aici!","breadcrumb":{"@id":"https:\/\/onlinelotto365.com\/ro\/cumpara-bilete\/mon-wed-lotto\/#breadcrumb"},"inLanguage":"ro-RO","potentialAction":[{"@type":"ReadAction","target":["https:\/\/onlinelotto365.com\/ro\/cumpara-bilete\/mon-wed-lotto\/"]}]},{"@type":"ImageObject","inLanguage":"ro-RO","@id":"https:\/\/onlinelotto365.com\/ro\/cumpara-bilete\/mon-wed-lotto\/#primaryimage","url":"https:\/\/redfoxlotto.com\/image?size=8&amp;lottery=monday-wednesday-lotto-au","contentUrl":"https:\/\/redfoxlotto.com\/image?size=8&amp;lottery=monday-wednesday-lotto-au"},{"@type":"BreadcrumbList","@id":"https:\/\/onlinelotto365.com\/ro\/cumpara-bilete\/mon-wed-lotto\/#breadcrumb","itemListElement":[{"@type":"ListItem","position":1,"name":"Home","item":"https:\/\/onlinelotto365.com\/ro\/"},{"@type":"ListItem","position":2,"name":"De ce are mai mult sens s\u0103 cumperi bilete la loterie online.","item":"https:\/\/onlinelotto365.com\/ro\/cumpara-bilete\/"},{"@type":"ListItem","position":3,"name":"Cum s\u0103 cump\u0103ra\u021bi bilete online pentru Mon &#038; Wed Lotto Australia"}]},{"@type":"WebSite","@id":"https:\/\/onlinelotto365.com\/ro\/#website","url":"https:\/\/onlinelotto365.com\/ro\/","name":"OnlineLotto365","description":"","potentialAction":[{"@type":"SearchAction","target":{"@type":"EntryPoint","urlTemplate":"https:\/\/onlinelotto365.com\/ro\/?s={search_term_string}"},"query-input":{"@type":"PropertyValueSpecification","valueRequired":true,"valueName":"search_term_string"}}],"inLanguage":"ro-RO"}]}},"_links":{"self":[{"href":"https:\/\/onlinelotto365.com\/ro\/wp-json\/wp\/v2\/pages\/80608","targetHints":{"allow":["GET"]}}],"collection":[{"href":"https:\/\/onlinelotto365.com\/ro\/wp-json\/wp\/v2\/pages"}],"about":[{"href":"https:\/\/onlinelotto365.com\/ro\/wp-json\/wp\/v2\/types\/page"}],"author":[{"embeddable":true,"href":"https:\/\/onlinelotto365.com\/ro\/wp-json\/wp\/v2\/users\/1"}],"replies":[{"embeddable":true,"href":"https:\/\/onlinelotto365.com\/ro\/wp-json\/wp\/v2\/comments?post=80608"}],"version-history":[{"count":0,"href":"https:\/\/onlinelotto365.com\/ro\/wp-json\/wp\/v2\/pages\/80608\/revisions"}],"up":[{"embeddable":true,"href":"https:\/\/onlinelotto365.com\/ro\/wp-json\/wp\/v2\/pages\/5673"}],"wp:attachment":[{"href":"https:\/\/onlinelotto365.com\/ro\/wp-json\/wp\/v2\/media?parent=80608"}],"curies":[{"name":"wp","href":"https:\/\/api.w.org\/{rel}","templated":true}]}}