{"id":80677,"date":"2022-11-22T11:37:44","date_gmt":"2022-11-22T10:37:44","guid":{"rendered":"https:\/\/onlinelotto365.com\/?page_id=80677"},"modified":"2022-11-22T11:37:44","modified_gmt":"2022-11-22T10:37:44","slug":"el-gordo","status":"publish","type":"page","link":"https:\/\/onlinelotto365.com\/ro\/numere-castigatoare\/el-gordo\/","title":{"rendered":"Vezi aici rezultatele \u0219i c\u00e2\u0219tigurile lui El Gordo"},"content":{"rendered":"<p>\u0218tim c\u0103 oferim o gr\u0103mad\u0103 de loterii interna\u021bionale diferite \u0219i c\u0103 poate deveni pu\u021bin confuz s\u0103 \u00eencerci s\u0103 \u00ee\u021bi dai seama care sunt numerele c\u00e2\u0219tig\u0103toare. Mul\u021bi oameni se uit\u0103 \u00een ziar pentru a g\u0103si numerele c\u00e2\u0219tig\u0103toare pentru jocurile lor preferate, dar dac\u0103 nu locui\u021bi \u00een zon\u0103, g\u0103sirea numerelor pentru El Gordo poate fi dificil\u0103. Acela\u0219i lucru este valabil \u0219i \u00een cazul \u00een care \u00eencerca\u021bi s\u0103 urm\u0103ri\u021bi extragerea sau s\u0103 vede\u021bi numerele c\u00e2\u0219tig\u0103toare la televizor.<br \/>\n<a href=\"https:\/\/redfoxlotto.com\/play\/el-gordo-primitiva\/?ref=a8564250a2&amp;medium=ol365\" target=\"_blank\" rel=\"noopener noreferrer\"><img decoding=\"async\" class=\"aligncenter\" src=\"https:\/\/redfoxlotto.com\/image?size=8&amp;lottery=el-gordo-primitiva\" alt=\"el gordo\" \/><\/a><br \/>\nO alt\u0103 op\u021biune este s\u0103 v\u0103 uita\u021bi pe site-ul oficial pentru El Gordo \u0219i s\u0103 vede\u021bi dac\u0103 ofer\u0103 o transmisiune \u00een direct a procesului de extragere. Pentru acele jocuri care o fac, aceasta poate fi o oportunitate distractiv\u0103 \u0219i interesant\u0103 pentru oricine.<\/p>\n<p>Dar exist\u0103 o mul\u021bime de jocuri care nu ofer\u0103 de fapt acest lucru. \u00cen schimb, va trebui s\u0103 a\u0219tepta\u021bi p\u00e2n\u0103 c\u00e2nd desenul se termin\u0103 \u0219i totul a fost raportat pentru a vedea rezultatele.<br \/>\n\u00cen cele din urm\u0103, dac\u0103 extragerea s-a terminat deja, este posibil s\u0103 pute\u021bi merge pe YouTube \u0219i s\u0103 g\u0103si\u021bi acolo extragerea El Gordo. Dar acesta este un alt domeniu \u00een care s-ar putea s\u0103 nu ave\u021bi succes. S-ar putea s\u0103 nu fie nimic disponibil pentru desenul t\u0103u.<\/p>\n<p>Totu\u0219i, una dintre cele mai bune \u0219i mai u\u0219oare modalit\u0103\u021bi de a g\u0103si numerele c\u00e2\u0219tig\u0103toare este cu ajutorul site-ului nostru. Verifica\u021bi paginile noastre cu numerele c\u00e2\u0219tig\u0103toare \u0219i rezultatele pentru a g\u0103si rezultatele pentru El Gordo \u0219i pentru orice alt joc de loterie pe care \u00eel avem disponibil.<\/p>\n<h2>Cum pute\u021bi afla dac\u0103 biletul dvs. online a c\u00e2\u0219tigat<\/h2>\n<p>Partea \u0219i mai bun\u0103 este c\u0103 nici m\u0103car nu trebuie s\u0103 merge\u021bi la pagina cu rezultatele loteriei. Pute\u021bi merge direct \u00een contul dumneavoastr\u0103 dac\u0103 a\u021bi cump\u0103rat bilete. De acolo, ve\u021bi putea vedea nu numai numerele c\u00e2\u0219tig\u0103toare, ci \u0219i cum se aliniaz\u0103 numerele dvs. Pute\u021bi vedea numerele comparate \u0219i apoi pute\u021bi vedea care dintre ele se potrivesc \u0219i c\u00e2t a\u021bi c\u00e2\u0219tigat de fapt. Dac\u0103 a\u021bi c\u00e2\u0219tigat mai pu\u021bin de 2500 de euro, nici m\u0103car nu trebuie s\u0103 face\u021bi nimic, deoarece c\u00e2\u0219tigurile vor fi direct \u00een contul dumneavoastr\u0103.<\/p>\n<h2>Arhiva de rezultate El Gordo<\/h2>\n<p>Dac\u0103 vrei s\u0103 cau\u021bi numere vechi \u0219i s\u0103 vezi care au fost, po\u021bi face cu u\u0219urin\u021b\u0103 \u0219i acest lucru. De fapt, orice pagin\u0103 de pe site-ul nostru unde po\u021bi vedea cele mai recente rezultate El Gordo \u00ee\u021bi va permite s\u0103 verifici \u0219i unele numere mai vechi. Astfel, \u00ee\u021bi este mai u\u0219or s\u0103 \u00ee\u021bi dai seama ce numere vrei s\u0103 joci data viitoare.<\/p>\n<h2>Biletul meu a c\u00e2\u0219tigat, ce se \u00eent\u00e2mpl\u0103 \u00een continuare?<\/h2>\n<p><img loading=\"lazy\" decoding=\"async\" class=\"alignright wp-image-3573\" src=\"https:\/\/onlinelotto365.com\/wp-content\/uploads\/2020\/11\/online_lottery-96-300x212.jpg\" alt=\"Rezultatele El Gordo\" width=\"166\" height=\"117\" srcset=\"https:\/\/onlinelotto365.com\/wp-content\/uploads\/2020\/11\/online_lottery-96-300x212.jpg 300w, https:\/\/onlinelotto365.com\/wp-content\/uploads\/2020\/11\/online_lottery-96.jpg 320w\" sizes=\"auto, (max-width: 166px) 100vw, 166px\" \/><br \/>\nDac\u0103 ai c\u00e2\u0219tigat, \u00ee\u021bi va fi u\u0219or s\u0103-\u021bi prime\u0219ti banii, deoarece \u00eei depunem direct \u00een contul t\u0103u imediat ce rezultatele sunt certificate. Dac\u0103 este vorba de mai pu\u021bin de 2.500 \u20ac, vei avea banii c\u00e2t mai repede. Apoi, dac\u0103 este mai mare de 10 \u20ac, po\u021bi retrage banii \u00een contul t\u0103u.<br \/>\nSau po\u021bi l\u0103sa banii \u00een contul t\u0103u de juc\u0103tor \u0219i \u00eei po\u021bi folosi pentru a cump\u0103ra \u0219i mai multe bilete pentru jocuri suplimentare. Re\u021bine\u021bi doar c\u0103 retragerea banilor dvs. va necesita unele documente pentru a respecta reglement\u0103rile federale. De asemenea, trebuie s\u0103 folosi\u021bi o metod\u0103 pe care a\u021bi folosit-o deja pentru o depunere.<\/p>\n","protected":false},"excerpt":{"rendered":"<p>\u0218tim c\u0103 oferim o gr\u0103mad\u0103 de loterii interna\u021bionale diferite \u0219i c\u0103 poate deveni pu\u021bin confuz s\u0103 \u00eencerci s\u0103 \u00ee\u021bi dai seama care sunt numerele c\u00e2\u0219tig\u0103toare. Mul\u021bi oameni se uit\u0103 \u00een ziar pentru a g\u0103si numerele c\u00e2\u0219tig\u0103toare pentru jocurile lor preferate, dar dac\u0103 nu locui\u021bi \u00een zon\u0103, g\u0103sirea numerelor pentru El Gordo poate fi dificil\u0103. Acela\u0219i [&hellip;]<\/p>\n","protected":false},"author":1,"featured_media":0,"parent":5862,"menu_order":6,"comment_status":"closed","ping_status":"closed","template":"el-gordo-results.php","meta":{"_et_pb_use_builder":"","_et_pb_old_content":"","_et_gb_content_width":"","exclude_from_search":false,"footnotes":""},"class_list":["post-80677","page","type-page","status-publish","hentry"],"yoast_head":"<!-- This site is optimized with the Yoast SEO plugin v23.4 - https:\/\/yoast.com\/wordpress\/plugins\/seo\/ -->\n<title>Numerele c\u00e2\u0219tig\u0103toare El Gordo | Rezultatele \u0219i premiile extragerii El Gordo<\/title>\n<meta name=\"description\" content=\"Numerele c\u00e2\u0219tig\u0103toare, rezultate, premii pentru El Gordo \u0219i multe alte loterii, mereu actualizate pe site-ul nostru web\" \/>\n<meta name=\"robots\" content=\"index, follow, max-snippet:-1, max-image-preview:large, max-video-preview:-1\" \/>\n<link rel=\"canonical\" href=\"https:\/\/onlinelotto365.com\/ro\/numere-castigatoare\/el-gordo\/\" \/>\n<meta property=\"og:locale\" content=\"ro_RO\" \/>\n<meta property=\"og:type\" content=\"article\" \/>\n<meta property=\"og:title\" content=\"Numerele c\u00e2\u0219tig\u0103toare El Gordo | Rezultatele \u0219i premiile extragerii El Gordo\" \/>\n<meta property=\"og:description\" content=\"Numerele c\u00e2\u0219tig\u0103toare, rezultate, premii pentru El Gordo \u0219i multe alte loterii, mereu actualizate pe site-ul nostru web\" \/>\n<meta property=\"og:url\" content=\"https:\/\/onlinelotto365.com\/ro\/numere-castigatoare\/el-gordo\/\" \/>\n<meta property=\"og:site_name\" content=\"OnlineLotto365\" \/>\n<meta property=\"og:image\" content=\"https:\/\/redfoxlotto.com\/image?size=8&amp;lottery=el-gordo-primitiva\" \/>\n<meta name=\"twitter:card\" content=\"summary_large_image\" \/>\n<meta name=\"twitter:label1\" content=\"Timp estimat pentru citire\" \/>\n\t<meta name=\"twitter:data1\" content=\"3 minute\" \/>\n<script type=\"application\/ld+json\" class=\"yoast-schema-graph\">{\"@context\":\"https:\/\/schema.org\",\"@graph\":[{\"@type\":\"WebPage\",\"@id\":\"https:\/\/onlinelotto365.com\/ro\/numere-castigatoare\/el-gordo\/\",\"url\":\"https:\/\/onlinelotto365.com\/ro\/numere-castigatoare\/el-gordo\/\",\"name\":\"Numerele c\u00e2\u0219tig\u0103toare El Gordo | Rezultatele \u0219i premiile extragerii El Gordo\",\"isPartOf\":{\"@id\":\"https:\/\/onlinelotto365.com\/ro\/#website\"},\"primaryImageOfPage\":{\"@id\":\"https:\/\/onlinelotto365.com\/ro\/numere-castigatoare\/el-gordo\/#primaryimage\"},\"image\":{\"@id\":\"https:\/\/onlinelotto365.com\/ro\/numere-castigatoare\/el-gordo\/#primaryimage\"},\"thumbnailUrl\":\"https:\/\/redfoxlotto.com\/image?size=8&amp;lottery=el-gordo-primitiva\",\"datePublished\":\"2022-11-22T10:37:44+00:00\",\"dateModified\":\"2022-11-22T10:37:44+00:00\",\"description\":\"Numerele c\u00e2\u0219tig\u0103toare, rezultate, premii pentru El Gordo \u0219i multe alte loterii, mereu actualizate pe site-ul nostru web\",\"breadcrumb\":{\"@id\":\"https:\/\/onlinelotto365.com\/ro\/numere-castigatoare\/el-gordo\/#breadcrumb\"},\"inLanguage\":\"ro-RO\",\"potentialAction\":[{\"@type\":\"ReadAction\",\"target\":[\"https:\/\/onlinelotto365.com\/ro\/numere-castigatoare\/el-gordo\/\"]}]},{\"@type\":\"ImageObject\",\"inLanguage\":\"ro-RO\",\"@id\":\"https:\/\/onlinelotto365.com\/ro\/numere-castigatoare\/el-gordo\/#primaryimage\",\"url\":\"https:\/\/redfoxlotto.com\/image?size=8&amp;lottery=el-gordo-primitiva\",\"contentUrl\":\"https:\/\/redfoxlotto.com\/image?size=8&amp;lottery=el-gordo-primitiva\"},{\"@type\":\"BreadcrumbList\",\"@id\":\"https:\/\/onlinelotto365.com\/ro\/numere-castigatoare\/el-gordo\/#breadcrumb\",\"itemListElement\":[{\"@type\":\"ListItem\",\"position\":1,\"name\":\"Home\",\"item\":\"https:\/\/onlinelotto365.com\/ro\/\"},{\"@type\":\"ListItem\",\"position\":2,\"name\":\"G\u0103se\u0219te numerele c\u00e2\u0219tig\u0103toare \u0219i rezultatele celor mai recente extrageri loto.\",\"item\":\"https:\/\/onlinelotto365.com\/ro\/numere-castigatoare\/\"},{\"@type\":\"ListItem\",\"position\":3,\"name\":\"Vezi aici rezultatele \u0219i c\u00e2\u0219tigurile lui El Gordo\"}]},{\"@type\":\"WebSite\",\"@id\":\"https:\/\/onlinelotto365.com\/ro\/#website\",\"url\":\"https:\/\/onlinelotto365.com\/ro\/\",\"name\":\"OnlineLotto365\",\"description\":\"\",\"potentialAction\":[{\"@type\":\"SearchAction\",\"target\":{\"@type\":\"EntryPoint\",\"urlTemplate\":\"https:\/\/onlinelotto365.com\/ro\/?s={search_term_string}\"},\"query-input\":{\"@type\":\"PropertyValueSpecification\",\"valueRequired\":true,\"valueName\":\"search_term_string\"}}],\"inLanguage\":\"ro-RO\"}]}<\/script>\n<!-- \/ Yoast SEO plugin. -->","yoast_head_json":{"title":"Numerele c\u00e2\u0219tig\u0103toare El Gordo | Rezultatele \u0219i premiile extragerii El Gordo","description":"Numerele c\u00e2\u0219tig\u0103toare, rezultate, premii pentru El Gordo \u0219i multe alte loterii, mereu actualizate pe site-ul nostru web","robots":{"index":"index","follow":"follow","max-snippet":"max-snippet:-1","max-image-preview":"max-image-preview:large","max-video-preview":"max-video-preview:-1"},"canonical":"https:\/\/onlinelotto365.com\/ro\/numere-castigatoare\/el-gordo\/","og_locale":"ro_RO","og_type":"article","og_title":"Numerele c\u00e2\u0219tig\u0103toare El Gordo | Rezultatele \u0219i premiile extragerii El Gordo","og_description":"Numerele c\u00e2\u0219tig\u0103toare, rezultate, premii pentru El Gordo \u0219i multe alte loterii, mereu actualizate pe site-ul nostru web","og_url":"https:\/\/onlinelotto365.com\/ro\/numere-castigatoare\/el-gordo\/","og_site_name":"OnlineLotto365","og_image":[{"url":"https:\/\/redfoxlotto.com\/image?size=8&amp;lottery=el-gordo-primitiva"}],"twitter_card":"summary_large_image","twitter_misc":{"Timp estimat pentru citire":"3 minute"},"schema":{"@context":"https:\/\/schema.org","@graph":[{"@type":"WebPage","@id":"https:\/\/onlinelotto365.com\/ro\/numere-castigatoare\/el-gordo\/","url":"https:\/\/onlinelotto365.com\/ro\/numere-castigatoare\/el-gordo\/","name":"Numerele c\u00e2\u0219tig\u0103toare El Gordo | Rezultatele \u0219i premiile extragerii El Gordo","isPartOf":{"@id":"https:\/\/onlinelotto365.com\/ro\/#website"},"primaryImageOfPage":{"@id":"https:\/\/onlinelotto365.com\/ro\/numere-castigatoare\/el-gordo\/#primaryimage"},"image":{"@id":"https:\/\/onlinelotto365.com\/ro\/numere-castigatoare\/el-gordo\/#primaryimage"},"thumbnailUrl":"https:\/\/redfoxlotto.com\/image?size=8&amp;lottery=el-gordo-primitiva","datePublished":"2022-11-22T10:37:44+00:00","dateModified":"2022-11-22T10:37:44+00:00","description":"Numerele c\u00e2\u0219tig\u0103toare, rezultate, premii pentru El Gordo \u0219i multe alte loterii, mereu actualizate pe site-ul nostru web","breadcrumb":{"@id":"https:\/\/onlinelotto365.com\/ro\/numere-castigatoare\/el-gordo\/#breadcrumb"},"inLanguage":"ro-RO","potentialAction":[{"@type":"ReadAction","target":["https:\/\/onlinelotto365.com\/ro\/numere-castigatoare\/el-gordo\/"]}]},{"@type":"ImageObject","inLanguage":"ro-RO","@id":"https:\/\/onlinelotto365.com\/ro\/numere-castigatoare\/el-gordo\/#primaryimage","url":"https:\/\/redfoxlotto.com\/image?size=8&amp;lottery=el-gordo-primitiva","contentUrl":"https:\/\/redfoxlotto.com\/image?size=8&amp;lottery=el-gordo-primitiva"},{"@type":"BreadcrumbList","@id":"https:\/\/onlinelotto365.com\/ro\/numere-castigatoare\/el-gordo\/#breadcrumb","itemListElement":[{"@type":"ListItem","position":1,"name":"Home","item":"https:\/\/onlinelotto365.com\/ro\/"},{"@type":"ListItem","position":2,"name":"G\u0103se\u0219te numerele c\u00e2\u0219tig\u0103toare \u0219i rezultatele celor mai recente extrageri loto.","item":"https:\/\/onlinelotto365.com\/ro\/numere-castigatoare\/"},{"@type":"ListItem","position":3,"name":"Vezi aici rezultatele \u0219i c\u00e2\u0219tigurile lui El Gordo"}]},{"@type":"WebSite","@id":"https:\/\/onlinelotto365.com\/ro\/#website","url":"https:\/\/onlinelotto365.com\/ro\/","name":"OnlineLotto365","description":"","potentialAction":[{"@type":"SearchAction","target":{"@type":"EntryPoint","urlTemplate":"https:\/\/onlinelotto365.com\/ro\/?s={search_term_string}"},"query-input":{"@type":"PropertyValueSpecification","valueRequired":true,"valueName":"search_term_string"}}],"inLanguage":"ro-RO"}]}},"_links":{"self":[{"href":"https:\/\/onlinelotto365.com\/ro\/wp-json\/wp\/v2\/pages\/80677","targetHints":{"allow":["GET"]}}],"collection":[{"href":"https:\/\/onlinelotto365.com\/ro\/wp-json\/wp\/v2\/pages"}],"about":[{"href":"https:\/\/onlinelotto365.com\/ro\/wp-json\/wp\/v2\/types\/page"}],"author":[{"embeddable":true,"href":"https:\/\/onlinelotto365.com\/ro\/wp-json\/wp\/v2\/users\/1"}],"replies":[{"embeddable":true,"href":"https:\/\/onlinelotto365.com\/ro\/wp-json\/wp\/v2\/comments?post=80677"}],"version-history":[{"count":0,"href":"https:\/\/onlinelotto365.com\/ro\/wp-json\/wp\/v2\/pages\/80677\/revisions"}],"up":[{"embeddable":true,"href":"https:\/\/onlinelotto365.com\/ro\/wp-json\/wp\/v2\/pages\/5862"}],"wp:attachment":[{"href":"https:\/\/onlinelotto365.com\/ro\/wp-json\/wp\/v2\/media?parent=80677"}],"curies":[{"name":"wp","href":"https:\/\/api.w.org\/{rel}","templated":true}]}}