{"id":80710,"date":"2022-11-22T12:48:36","date_gmt":"2022-11-22T11:48:36","guid":{"rendered":"https:\/\/onlinelotto365.com\/?page_id=80710"},"modified":"2022-11-22T12:48:36","modified_gmt":"2022-11-22T11:48:36","slug":"la-primitiva","status":"publish","type":"page","link":"https:\/\/onlinelotto365.com\/ro\/numere-castigatoare\/la-primitiva\/","title":{"rendered":"Rezultatele tragerii la sor\u021bi La Primitiva"},"content":{"rendered":"<p>Oferim o mul\u021bime de jocuri de loterie interna\u021bionale diferite \u0219i \u0219tim c\u0103 dori\u021bi s\u0103 g\u0103si\u021bi rapid numerele c\u00e2\u0219tig\u0103toare. De aceea, unii oameni aleg s\u0103 caute numerele \u00een ziar. Dar g\u0103sirea numerelor c\u00e2\u0219tig\u0103toare pentru La Primitiva \u00een ziar poate fi dificil\u0103. La fel \u0219i g\u0103sirea acelor numere la televizor, deoarece trebuie s\u0103 te documentezi pentru a g\u0103si canalul potrivit.<br \/>\n<a href=\"https:\/\/redfoxlotto.com\/play\/la-primitiva\/?ref=a8564250a2&amp;medium=ol365\" target=\"_blank\" rel=\"noopener noreferrer\"><img decoding=\"async\" class=\"aligncenter\" src=\"https:\/\/redfoxlotto.com\/image?size=8&amp;lottery=la-primitiva\" alt=\" la primitiva\" \/><\/a><br \/>\nO alt\u0103 op\u021biune este c\u0103 pute\u021bi merge pe site-ul web pentru La Primitiva \u0219i s\u0103 vede\u021bi dac\u0103 arat\u0103 extragerea live pentru jocul lor. Dac\u0103 o fac, poate fi interesant de urm\u0103rit. Dac\u0103 nu o fac, \u00eens\u0103, ceea ce multe jocuri de loterie nu fac, atunci r\u0103m\u00e2ne\u021bi blocat s\u0103 a\u0219tepta\u021bi \u0219i mai mult.<\/p>\n<p>Dup\u0103 extragere, pute\u021bi g\u0103si uneori cea mai recent\u0103 extragere La Primitiva pe YouTube. Dar ar trebui s\u0103 a\u0219tepta\u021bi o vreme dup\u0103 extragere pentru a face acest lucru.<\/p>\n<p>Cea mai convenabil\u0103 metod\u0103 de a ob\u021bine numerele, totu\u0219i, este s\u0103 consulta\u021bi site-ul nostru. Oferim numerele c\u00e2\u0219tig\u0103toare \u0219i rezultatele \u0219i chiar \u0219i sumele premiilor pentru La Primitiva chiar pe site-ul nostru, \u0219i includem \u0219i alte loterii pe care le oferim, de asemenea.<\/p>\n<h2>Cum s\u0103 afli dac\u0103 biletul t\u0103u online a c\u00e2\u0219tigat<\/h2>\n<p>Dac\u0103 a\u021bi cump\u0103rat bilete pentru La Primitiva, atunci nici m\u0103car nu trebuie s\u0103 merge\u021bi la pagina de rezultate. Po\u021bi intra direct \u00een contul t\u0103u \u0219i te po\u021bi uita la biletele tale. Chiar pe acela\u0219i ecran, vei vedea numerele c\u00e2\u0219tig\u0103toare pentru fiecare joc pe care l-ai jucat. \u0218i ve\u021bi vedea numerele eviden\u021biate pentru orice numere care se potrivesc \u00eentre biletul dvs. \u0219i numerele c\u00e2\u0219tig\u0103toare.<br \/>\nDac\u0103 ai nimerit num\u0103rul corect, vei fi c\u00e2\u0219tig\u0103tor \u0219i vei putea vedea exact c\u00e2t de mult ai c\u00e2\u0219tigat. De asemenea, ve\u021bi vedea c\u0103 c\u00e2\u0219tigurile (pentru orice sum\u0103 sub 2500 \u20ac) sunt deja disponibile \u00een contul dvs. imediat ce rezultatele sunt verificate.<\/p>\n<h2>Arhiva de rezultate La Primitiva<\/h2>\n<p>Pentru cei care vor s\u0103 \u00ee\u0219i aleag\u0103 numerele pentru urm\u0103toarea extragere, \u0219tim c\u0103 poate fi important s\u0103 verifice biletele \u0219i numerele mai vechi. A\u0219adar, ne asigur\u0103m c\u0103 orice pagin\u0103 care are cele mai recente rezultate La Primitiva are, de asemenea, acces la numerele mai vechi. Le pute\u021bi verifica \u00een orice moment \u0219i pentru orice motiv.<\/p>\n<h2>Biletul meu a c\u00e2\u0219tigat, ce se \u00eent\u00e2mpl\u0103 \u00een continuare?<\/h2>\n<p>Dac\u0103 biletul dvs. este c\u00e2\u0219tig\u0103tor, tot ce trebuie s\u0103 face\u021bi este s\u0103 sta\u021bi lini\u0219tit \u0219i s\u0103 v\u0103 relaxa\u021bi, pentru c\u0103 noi ne ocup\u0103m de toate lucrurile pentru dvs. Credit\u0103m orice sum\u0103 mai mic\u0103 de 2500 \u20ac direct \u00een contul dvs., astfel \u00eenc\u00e2t nu trebuie s\u0103 o revendica\u021bi sau s\u0103 parcurge\u021bi pa\u0219i suplimentari. Apoi, at\u00e2ta timp c\u00e2t ai cel pu\u021bin 10 \u20ac \u00een cont, po\u021bi retrage banii \u00een contul t\u0103u bancar sau pe cardul de credit.<br \/>\n<img loading=\"lazy\" decoding=\"async\" class=\"alignright wp-image-3572\" src=\"https:\/\/onlinelotto365.com\/wp-content\/uploads\/2020\/11\/online_lottery-25-300x212.jpg\" alt=\"numere c\u00e2\u0219tig\u0103toare pentru La Primitiva\" width=\"232\" height=\"165\" srcset=\"https:\/\/onlinelotto365.com\/wp-content\/uploads\/2020\/11\/online_lottery-25-300x212.jpg 300w, https:\/\/onlinelotto365.com\/wp-content\/uploads\/2020\/11\/online_lottery-25.jpg 320w\" sizes=\"auto, (max-width: 232px) 100vw, 232px\" \/><br \/>\nTrebuie doar s\u0103 v\u0103 asigura\u021bi c\u0103 a\u021bi mai folosit acel card sau cont la noi. De asemenea, va trebui s\u0103 completa\u021bi c\u00e2teva documente pentru a v\u0103 asigura c\u0103 respect\u0103m reglement\u0103rile pe care le are procesatorul nostru de pl\u0103\u021bi. Aceste documente ne protejeaz\u0103 pe noi, dar te protejeaz\u0103 \u0219i pe tine, asigur\u00e2ndu-te c\u0103 e\u0219ti singurul care \u00ee\u021bi poate retrage banii din cont.<\/p>\n","protected":false},"excerpt":{"rendered":"<p>Oferim o mul\u021bime de jocuri de loterie interna\u021bionale diferite \u0219i \u0219tim c\u0103 dori\u021bi s\u0103 g\u0103si\u021bi rapid numerele c\u00e2\u0219tig\u0103toare. De aceea, unii oameni aleg s\u0103 caute numerele \u00een ziar. Dar g\u0103sirea numerelor c\u00e2\u0219tig\u0103toare pentru La Primitiva \u00een ziar poate fi dificil\u0103. La fel \u0219i g\u0103sirea acelor numere la televizor, deoarece trebuie s\u0103 te documentezi pentru a [&hellip;]<\/p>\n","protected":false},"author":1,"featured_media":0,"parent":5862,"menu_order":7,"comment_status":"closed","ping_status":"closed","template":"la-primitiva-results.php","meta":{"_et_pb_use_builder":"","_et_pb_old_content":"","_et_gb_content_width":"","exclude_from_search":false,"footnotes":""},"class_list":["post-80710","page","type-page","status-publish","hentry"],"yoast_head":"<!-- This site is optimized with the Yoast SEO plugin v23.4 - https:\/\/yoast.com\/wordpress\/plugins\/seo\/ -->\n<title>Ultimele rezultate ale extragerii, numere c\u00e2\u0219tig\u0103toare pentru La Primitiva<\/title>\n<meta name=\"description\" content=\"Afla\u021bi cele mai recente numere c\u00e2\u0219tig\u0103toare de la La Primitiva din Spania, precum \u0219i alte rezultate\" \/>\n<meta name=\"robots\" content=\"index, follow, max-snippet:-1, max-image-preview:large, max-video-preview:-1\" \/>\n<link rel=\"canonical\" href=\"https:\/\/onlinelotto365.com\/ro\/numere-castigatoare\/la-primitiva\/\" \/>\n<meta property=\"og:locale\" content=\"ro_RO\" \/>\n<meta property=\"og:type\" content=\"article\" \/>\n<meta property=\"og:title\" content=\"Ultimele rezultate ale extragerii, numere c\u00e2\u0219tig\u0103toare pentru La Primitiva\" \/>\n<meta property=\"og:description\" content=\"Afla\u021bi cele mai recente numere c\u00e2\u0219tig\u0103toare de la La Primitiva din Spania, precum \u0219i alte rezultate\" \/>\n<meta property=\"og:url\" content=\"https:\/\/onlinelotto365.com\/ro\/numere-castigatoare\/la-primitiva\/\" \/>\n<meta property=\"og:site_name\" content=\"OnlineLotto365\" \/>\n<meta property=\"og:image\" content=\"https:\/\/redfoxlotto.com\/image?size=8&amp;lottery=la-primitiva\" \/>\n<meta name=\"twitter:card\" content=\"summary_large_image\" \/>\n<meta name=\"twitter:label1\" content=\"Timp estimat pentru citire\" \/>\n\t<meta name=\"twitter:data1\" content=\"3 minute\" \/>\n<script type=\"application\/ld+json\" class=\"yoast-schema-graph\">{\"@context\":\"https:\/\/schema.org\",\"@graph\":[{\"@type\":\"WebPage\",\"@id\":\"https:\/\/onlinelotto365.com\/ro\/numere-castigatoare\/la-primitiva\/\",\"url\":\"https:\/\/onlinelotto365.com\/ro\/numere-castigatoare\/la-primitiva\/\",\"name\":\"Ultimele rezultate ale extragerii, numere c\u00e2\u0219tig\u0103toare pentru La Primitiva\",\"isPartOf\":{\"@id\":\"https:\/\/onlinelotto365.com\/ro\/#website\"},\"primaryImageOfPage\":{\"@id\":\"https:\/\/onlinelotto365.com\/ro\/numere-castigatoare\/la-primitiva\/#primaryimage\"},\"image\":{\"@id\":\"https:\/\/onlinelotto365.com\/ro\/numere-castigatoare\/la-primitiva\/#primaryimage\"},\"thumbnailUrl\":\"https:\/\/redfoxlotto.com\/image?size=8&amp;lottery=la-primitiva\",\"datePublished\":\"2022-11-22T11:48:36+00:00\",\"dateModified\":\"2022-11-22T11:48:36+00:00\",\"description\":\"Afla\u021bi cele mai recente numere c\u00e2\u0219tig\u0103toare de la La Primitiva din Spania, precum \u0219i alte rezultate\",\"breadcrumb\":{\"@id\":\"https:\/\/onlinelotto365.com\/ro\/numere-castigatoare\/la-primitiva\/#breadcrumb\"},\"inLanguage\":\"ro-RO\",\"potentialAction\":[{\"@type\":\"ReadAction\",\"target\":[\"https:\/\/onlinelotto365.com\/ro\/numere-castigatoare\/la-primitiva\/\"]}]},{\"@type\":\"ImageObject\",\"inLanguage\":\"ro-RO\",\"@id\":\"https:\/\/onlinelotto365.com\/ro\/numere-castigatoare\/la-primitiva\/#primaryimage\",\"url\":\"https:\/\/redfoxlotto.com\/image?size=8&amp;lottery=la-primitiva\",\"contentUrl\":\"https:\/\/redfoxlotto.com\/image?size=8&amp;lottery=la-primitiva\"},{\"@type\":\"BreadcrumbList\",\"@id\":\"https:\/\/onlinelotto365.com\/ro\/numere-castigatoare\/la-primitiva\/#breadcrumb\",\"itemListElement\":[{\"@type\":\"ListItem\",\"position\":1,\"name\":\"Home\",\"item\":\"https:\/\/onlinelotto365.com\/ro\/\"},{\"@type\":\"ListItem\",\"position\":2,\"name\":\"G\u0103se\u0219te numerele c\u00e2\u0219tig\u0103toare \u0219i rezultatele celor mai recente extrageri loto.\",\"item\":\"https:\/\/onlinelotto365.com\/ro\/numere-castigatoare\/\"},{\"@type\":\"ListItem\",\"position\":3,\"name\":\"Rezultatele tragerii la sor\u021bi La Primitiva\"}]},{\"@type\":\"WebSite\",\"@id\":\"https:\/\/onlinelotto365.com\/ro\/#website\",\"url\":\"https:\/\/onlinelotto365.com\/ro\/\",\"name\":\"OnlineLotto365\",\"description\":\"\",\"potentialAction\":[{\"@type\":\"SearchAction\",\"target\":{\"@type\":\"EntryPoint\",\"urlTemplate\":\"https:\/\/onlinelotto365.com\/ro\/?s={search_term_string}\"},\"query-input\":{\"@type\":\"PropertyValueSpecification\",\"valueRequired\":true,\"valueName\":\"search_term_string\"}}],\"inLanguage\":\"ro-RO\"}]}<\/script>\n<!-- \/ Yoast SEO plugin. -->","yoast_head_json":{"title":"Ultimele rezultate ale extragerii, numere c\u00e2\u0219tig\u0103toare pentru La Primitiva","description":"Afla\u021bi cele mai recente numere c\u00e2\u0219tig\u0103toare de la La Primitiva din Spania, precum \u0219i alte rezultate","robots":{"index":"index","follow":"follow","max-snippet":"max-snippet:-1","max-image-preview":"max-image-preview:large","max-video-preview":"max-video-preview:-1"},"canonical":"https:\/\/onlinelotto365.com\/ro\/numere-castigatoare\/la-primitiva\/","og_locale":"ro_RO","og_type":"article","og_title":"Ultimele rezultate ale extragerii, numere c\u00e2\u0219tig\u0103toare pentru La Primitiva","og_description":"Afla\u021bi cele mai recente numere c\u00e2\u0219tig\u0103toare de la La Primitiva din Spania, precum \u0219i alte rezultate","og_url":"https:\/\/onlinelotto365.com\/ro\/numere-castigatoare\/la-primitiva\/","og_site_name":"OnlineLotto365","og_image":[{"url":"https:\/\/redfoxlotto.com\/image?size=8&amp;lottery=la-primitiva"}],"twitter_card":"summary_large_image","twitter_misc":{"Timp estimat pentru citire":"3 minute"},"schema":{"@context":"https:\/\/schema.org","@graph":[{"@type":"WebPage","@id":"https:\/\/onlinelotto365.com\/ro\/numere-castigatoare\/la-primitiva\/","url":"https:\/\/onlinelotto365.com\/ro\/numere-castigatoare\/la-primitiva\/","name":"Ultimele rezultate ale extragerii, numere c\u00e2\u0219tig\u0103toare pentru La Primitiva","isPartOf":{"@id":"https:\/\/onlinelotto365.com\/ro\/#website"},"primaryImageOfPage":{"@id":"https:\/\/onlinelotto365.com\/ro\/numere-castigatoare\/la-primitiva\/#primaryimage"},"image":{"@id":"https:\/\/onlinelotto365.com\/ro\/numere-castigatoare\/la-primitiva\/#primaryimage"},"thumbnailUrl":"https:\/\/redfoxlotto.com\/image?size=8&amp;lottery=la-primitiva","datePublished":"2022-11-22T11:48:36+00:00","dateModified":"2022-11-22T11:48:36+00:00","description":"Afla\u021bi cele mai recente numere c\u00e2\u0219tig\u0103toare de la La Primitiva din Spania, precum \u0219i alte rezultate","breadcrumb":{"@id":"https:\/\/onlinelotto365.com\/ro\/numere-castigatoare\/la-primitiva\/#breadcrumb"},"inLanguage":"ro-RO","potentialAction":[{"@type":"ReadAction","target":["https:\/\/onlinelotto365.com\/ro\/numere-castigatoare\/la-primitiva\/"]}]},{"@type":"ImageObject","inLanguage":"ro-RO","@id":"https:\/\/onlinelotto365.com\/ro\/numere-castigatoare\/la-primitiva\/#primaryimage","url":"https:\/\/redfoxlotto.com\/image?size=8&amp;lottery=la-primitiva","contentUrl":"https:\/\/redfoxlotto.com\/image?size=8&amp;lottery=la-primitiva"},{"@type":"BreadcrumbList","@id":"https:\/\/onlinelotto365.com\/ro\/numere-castigatoare\/la-primitiva\/#breadcrumb","itemListElement":[{"@type":"ListItem","position":1,"name":"Home","item":"https:\/\/onlinelotto365.com\/ro\/"},{"@type":"ListItem","position":2,"name":"G\u0103se\u0219te numerele c\u00e2\u0219tig\u0103toare \u0219i rezultatele celor mai recente extrageri loto.","item":"https:\/\/onlinelotto365.com\/ro\/numere-castigatoare\/"},{"@type":"ListItem","position":3,"name":"Rezultatele tragerii la sor\u021bi La Primitiva"}]},{"@type":"WebSite","@id":"https:\/\/onlinelotto365.com\/ro\/#website","url":"https:\/\/onlinelotto365.com\/ro\/","name":"OnlineLotto365","description":"","potentialAction":[{"@type":"SearchAction","target":{"@type":"EntryPoint","urlTemplate":"https:\/\/onlinelotto365.com\/ro\/?s={search_term_string}"},"query-input":{"@type":"PropertyValueSpecification","valueRequired":true,"valueName":"search_term_string"}}],"inLanguage":"ro-RO"}]}},"_links":{"self":[{"href":"https:\/\/onlinelotto365.com\/ro\/wp-json\/wp\/v2\/pages\/80710","targetHints":{"allow":["GET"]}}],"collection":[{"href":"https:\/\/onlinelotto365.com\/ro\/wp-json\/wp\/v2\/pages"}],"about":[{"href":"https:\/\/onlinelotto365.com\/ro\/wp-json\/wp\/v2\/types\/page"}],"author":[{"embeddable":true,"href":"https:\/\/onlinelotto365.com\/ro\/wp-json\/wp\/v2\/users\/1"}],"replies":[{"embeddable":true,"href":"https:\/\/onlinelotto365.com\/ro\/wp-json\/wp\/v2\/comments?post=80710"}],"version-history":[{"count":0,"href":"https:\/\/onlinelotto365.com\/ro\/wp-json\/wp\/v2\/pages\/80710\/revisions"}],"up":[{"embeddable":true,"href":"https:\/\/onlinelotto365.com\/ro\/wp-json\/wp\/v2\/pages\/5862"}],"wp:attachment":[{"href":"https:\/\/onlinelotto365.com\/ro\/wp-json\/wp\/v2\/media?parent=80710"}],"curies":[{"name":"wp","href":"https:\/\/api.w.org\/{rel}","templated":true}]}}