{"id":80742,"date":"2022-11-22T13:38:37","date_gmt":"2022-11-22T12:38:37","guid":{"rendered":"https:\/\/onlinelotto365.com\/?page_id=80742"},"modified":"2022-11-22T13:38:37","modified_gmt":"2022-11-22T12:38:37","slug":"bonoloto","status":"publish","type":"page","link":"https:\/\/onlinelotto365.com\/ro\/numere-castigatoare\/bonoloto\/","title":{"rendered":"Rezultate Bonoloto spaniol\u0103"},"content":{"rendered":"<p>Jocurile de loterie interna\u021bional\u0103 pot fi foarte distractive, dar trebuie s\u0103 \u0219ti\u021bi cum s\u0103 verifica\u021bi numerele c\u00e2\u0219tig\u0103toare. O modalitate de a v\u0103 uita la numerele c\u00e2\u0219tig\u0103toare BonoLoto este s\u0103 merge\u021bi la ziar. Dar numai ziarele locale vor avea \u00een general rezultatele pe care le c\u0103uta\u021bi.<br \/>\n<a href=\"https:\/\/redfoxlotto.com\/play\/bonoloto\/?ref=a8564250a2&amp;medium=ol365\" target=\"_blank\" rel=\"noopener noreferrer\"><img decoding=\"async\" class=\"aligncenter\" src=\"https:\/\/redfoxlotto.com\/image?size=8&amp;lottery=bonoloto\" alt=\"BonoLoto\" \/><\/a><br \/>\nO alt\u0103 op\u021biune este s\u0103 te ui\u021bi la posturile tv, dar s-ar putea s\u0103 nu g\u0103se\u0219ti nici acolo informa\u021biile pe care le cau\u021bi. Trebuie s\u0103 locuie\u0219ti \u00een zona potrivit\u0103 \u0219i s\u0103 \u0219tii c\u00e2nd s\u0103 verifici numerele.<\/p>\n<p>\u00cen continuare, te po\u021bi uita pe site-ul oficial al BonoLoto pentru a vedea dac\u0103 ofer\u0103 o extragere live online. Pentru jocurile care o fac, poate fi interesant pentru oricine, deoarece te po\u021bi l\u0103sa prins \u00een momentul \u00een care te ui\u021bi la numerele care apar imediat. Dar \u021bine\u021bi cont de faptul c\u0103 nu toate jocurile de loterie ofer\u0103 de fapt aceast\u0103 op\u021biune.<\/p>\n<p>\u00cen cele din urm\u0103, pute\u021bi arunca o privire pe YouTube pentru a vedea dac\u0103 cineva a postat un videoclip live al extragerii sau dac\u0103 a \u00eenregistrat numerele c\u00e2\u0219tig\u0103toare \u00een orice alt mod pentru a \u00eemp\u0103rt\u0103\u0219i extragerea BonoLoto.<\/p>\n<p>Cel mai convenabil mod \u00een care pute\u021bi ob\u021bine numerele c\u00e2\u0219tig\u0103toare, totu\u0219i, este cu siguran\u021b\u0103 prin verificarea site-ului nostru. V\u0103 vom oferi toate numerele c\u00e2\u0219tig\u0103toare pentru BonoLoto, precum \u0219i pentru orice alte jocuri pe care le avem disponibile pe site-ul nostru, astfel \u00eenc\u00e2t s\u0103 pute\u021bi urm\u0103ri \u00eentr-un singur loc.<\/p>\n<h2>Cum s\u0103 afli dac\u0103 biletul t\u0103u online a c\u00e2\u0219tigat<\/h2>\n<p>Pentru cei care au cump\u0103rat deja un bilet pentru BonoLoto, pute\u021bi intra direct \u00een contul dumneavoastr\u0103. Conecta\u021bi-v\u0103 \u0219i merge\u021bi la pagina pe care se afl\u0103 biletele dumneavoastr\u0103. Odat\u0103 ajuns acolo, ve\u021bi putea vedea rezultatele pentru oricare dintre jocurile pentru care a\u021bi cump\u0103rat bilete. Astfel, \u00ee\u021bi va fi mult mai u\u0219or s\u0103 vezi ce numere ai care s-au potrivit \u0219i care nu s-au potrivit. De asemenea, vei putea s\u0103-\u021bi prime\u0219ti banii imediat dac\u0103 ai c\u00e2\u0219tigat mai pu\u021bin de 2500 de euro. Asta pentru c\u0103 aceste sume sunt depuse direct \u00een contul t\u0103u, f\u0103r\u0103 ca tu s\u0103 trebuiasc\u0103 s\u0103 faci absolut nimic.<\/p>\n<h2>Arhiva de rezultate BonoLoto<\/h2>\n<p>Dac\u0103 e\u0219ti \u00een c\u0103utarea numerelor vechi de la BonoLoto nu trebuie s\u0103 cau\u021bi prea mult. Asta pentru c\u0103 noi am avut grij\u0103 de tot pentru tine. Am pus toate numerele vechi chiar \u00een acela\u0219i loc cu cele mai recente, astfel \u00eenc\u00e2t s\u0103 nu trebuie s\u0103 v\u0103 face\u021bi griji \u00een \u00eencercarea de a le g\u0103si. Asta pentru c\u0103 \u0219tim c\u00e2t de important este pentru dumneavoastr\u0103 s\u0103 pute\u021bi g\u0103si aceste numere atunci c\u00e2nd le dori\u021bi.<\/p>\n<h2>Biletul meu a c\u00e2\u0219tigat, ce se \u00eent\u00e2mpl\u0103 \u00een continuare?<\/h2>\n<p><img loading=\"lazy\" decoding=\"async\" class=\"alignright wp-image-3651\" src=\"https:\/\/onlinelotto365.com\/wp-content\/uploads\/2020\/11\/online_lottery-79-300x292.jpg\" alt=\"numere c\u00e2\u0219tig\u0103toare bonoloto\" width=\"148\" height=\"145\" srcset=\"https:\/\/onlinelotto365.com\/wp-content\/uploads\/2020\/11\/online_lottery-79-300x292.jpg 300w, https:\/\/onlinelotto365.com\/wp-content\/uploads\/2020\/11\/online_lottery-79.jpg 320w\" sizes=\"auto, (max-width: 148px) 100vw, 148px\" \/><br \/>\nAm vorbit deja despre faptul c\u0103, dac\u0103 c\u00e2\u0219tiga\u021bi unele dintre premiile mici pentru orice joc loto, nu trebuie s\u0103 v\u0103 face\u021bi griji cu privire la primirea banilor. Asta pentru c\u0103 noi ne ocup\u0103m de depunerea lor direct \u00een contul dumneavoastr\u0103. Orice sum\u0103 mai mic\u0103 de 2500 \u20ac va fi ad\u0103ugat\u0103 automat \u00een contul t\u0103u, astfel \u00eenc\u00e2t s\u0103 fie gata oric\u00e2nd \u00eei dore\u0219ti.<br \/>\nAcest lucru va fi cu siguran\u021b\u0103 convenabil pentru tine \u0219i te va ajuta s\u0103 \u00eencepi s\u0103 folose\u0219ti acei bani. Asta pentru c\u0103 \u00eei pute\u021bi folosi pentru a cump\u0103ra mai multe bilete oric\u00e2nd dori\u021bi. Dac\u0103 este vorba de mai mult de 10 euro, pute\u021bi chiar s\u0103 retrage\u021bi banii \u00een orice cont pe care l-a\u021bi mai folosit pe site-ul nostru.<\/p>\n","protected":false},"excerpt":{"rendered":"<p>Jocurile de loterie interna\u021bional\u0103 pot fi foarte distractive, dar trebuie s\u0103 \u0219ti\u021bi cum s\u0103 verifica\u021bi numerele c\u00e2\u0219tig\u0103toare. O modalitate de a v\u0103 uita la numerele c\u00e2\u0219tig\u0103toare BonoLoto este s\u0103 merge\u021bi la ziar. Dar numai ziarele locale vor avea \u00een general rezultatele pe care le c\u0103uta\u021bi. O alt\u0103 op\u021biune este s\u0103 te ui\u021bi la posturile tv, [&hellip;]<\/p>\n","protected":false},"author":1,"featured_media":0,"parent":5862,"menu_order":8,"comment_status":"closed","ping_status":"closed","template":"template-rightsidebar.php","meta":{"_et_pb_use_builder":"","_et_pb_old_content":"","_et_gb_content_width":"","exclude_from_search":false,"footnotes":""},"class_list":["post-80742","page","type-page","status-publish","hentry"],"yoast_head":"<!-- This site is optimized with the Yoast SEO plugin v23.4 - https:\/\/yoast.com\/wordpress\/plugins\/seo\/ -->\n<title>Rezultate \u0219i premii pentru BonoLoto spaniol\u0103<\/title>\n<meta name=\"description\" content=\"Vede\u021bi aici dac\u0103 biletele Bonoloto au fost c\u00e2\u0219tigate.\" \/>\n<meta name=\"robots\" content=\"index, follow, max-snippet:-1, max-image-preview:large, max-video-preview:-1\" \/>\n<link rel=\"canonical\" href=\"https:\/\/onlinelotto365.com\/ro\/numere-castigatoare\/bonoloto\/\" \/>\n<meta property=\"og:locale\" content=\"ro_RO\" \/>\n<meta property=\"og:type\" content=\"article\" \/>\n<meta property=\"og:title\" content=\"Rezultate \u0219i premii pentru BonoLoto spaniol\u0103\" \/>\n<meta property=\"og:description\" content=\"Vede\u021bi aici dac\u0103 biletele Bonoloto au fost c\u00e2\u0219tigate.\" \/>\n<meta property=\"og:url\" content=\"https:\/\/onlinelotto365.com\/ro\/numere-castigatoare\/bonoloto\/\" \/>\n<meta property=\"og:site_name\" content=\"OnlineLotto365\" \/>\n<meta property=\"og:image\" content=\"https:\/\/redfoxlotto.com\/image?size=8&amp;lottery=bonoloto\" \/>\n<meta name=\"twitter:card\" content=\"summary_large_image\" \/>\n<meta name=\"twitter:label1\" content=\"Timp estimat pentru citire\" \/>\n\t<meta name=\"twitter:data1\" content=\"3 minute\" \/>\n<script type=\"application\/ld+json\" class=\"yoast-schema-graph\">{\"@context\":\"https:\/\/schema.org\",\"@graph\":[{\"@type\":\"WebPage\",\"@id\":\"https:\/\/onlinelotto365.com\/ro\/numere-castigatoare\/bonoloto\/\",\"url\":\"https:\/\/onlinelotto365.com\/ro\/numere-castigatoare\/bonoloto\/\",\"name\":\"Rezultate \u0219i premii pentru BonoLoto spaniol\u0103\",\"isPartOf\":{\"@id\":\"https:\/\/onlinelotto365.com\/ro\/#website\"},\"primaryImageOfPage\":{\"@id\":\"https:\/\/onlinelotto365.com\/ro\/numere-castigatoare\/bonoloto\/#primaryimage\"},\"image\":{\"@id\":\"https:\/\/onlinelotto365.com\/ro\/numere-castigatoare\/bonoloto\/#primaryimage\"},\"thumbnailUrl\":\"https:\/\/redfoxlotto.com\/image?size=8&amp;lottery=bonoloto\",\"datePublished\":\"2022-11-22T12:38:37+00:00\",\"dateModified\":\"2022-11-22T12:38:37+00:00\",\"description\":\"Vede\u021bi aici dac\u0103 biletele Bonoloto au fost c\u00e2\u0219tigate.\",\"breadcrumb\":{\"@id\":\"https:\/\/onlinelotto365.com\/ro\/numere-castigatoare\/bonoloto\/#breadcrumb\"},\"inLanguage\":\"ro-RO\",\"potentialAction\":[{\"@type\":\"ReadAction\",\"target\":[\"https:\/\/onlinelotto365.com\/ro\/numere-castigatoare\/bonoloto\/\"]}]},{\"@type\":\"ImageObject\",\"inLanguage\":\"ro-RO\",\"@id\":\"https:\/\/onlinelotto365.com\/ro\/numere-castigatoare\/bonoloto\/#primaryimage\",\"url\":\"https:\/\/redfoxlotto.com\/image?size=8&amp;lottery=bonoloto\",\"contentUrl\":\"https:\/\/redfoxlotto.com\/image?size=8&amp;lottery=bonoloto\"},{\"@type\":\"BreadcrumbList\",\"@id\":\"https:\/\/onlinelotto365.com\/ro\/numere-castigatoare\/bonoloto\/#breadcrumb\",\"itemListElement\":[{\"@type\":\"ListItem\",\"position\":1,\"name\":\"Home\",\"item\":\"https:\/\/onlinelotto365.com\/ro\/\"},{\"@type\":\"ListItem\",\"position\":2,\"name\":\"G\u0103se\u0219te numerele c\u00e2\u0219tig\u0103toare \u0219i rezultatele celor mai recente extrageri loto.\",\"item\":\"https:\/\/onlinelotto365.com\/ro\/numere-castigatoare\/\"},{\"@type\":\"ListItem\",\"position\":3,\"name\":\"Rezultate Bonoloto spaniol\u0103\"}]},{\"@type\":\"WebSite\",\"@id\":\"https:\/\/onlinelotto365.com\/ro\/#website\",\"url\":\"https:\/\/onlinelotto365.com\/ro\/\",\"name\":\"OnlineLotto365\",\"description\":\"\",\"potentialAction\":[{\"@type\":\"SearchAction\",\"target\":{\"@type\":\"EntryPoint\",\"urlTemplate\":\"https:\/\/onlinelotto365.com\/ro\/?s={search_term_string}\"},\"query-input\":{\"@type\":\"PropertyValueSpecification\",\"valueRequired\":true,\"valueName\":\"search_term_string\"}}],\"inLanguage\":\"ro-RO\"}]}<\/script>\n<!-- \/ Yoast SEO plugin. -->","yoast_head_json":{"title":"Rezultate \u0219i premii pentru BonoLoto spaniol\u0103","description":"Vede\u021bi aici dac\u0103 biletele Bonoloto au fost c\u00e2\u0219tigate.","robots":{"index":"index","follow":"follow","max-snippet":"max-snippet:-1","max-image-preview":"max-image-preview:large","max-video-preview":"max-video-preview:-1"},"canonical":"https:\/\/onlinelotto365.com\/ro\/numere-castigatoare\/bonoloto\/","og_locale":"ro_RO","og_type":"article","og_title":"Rezultate \u0219i premii pentru BonoLoto spaniol\u0103","og_description":"Vede\u021bi aici dac\u0103 biletele Bonoloto au fost c\u00e2\u0219tigate.","og_url":"https:\/\/onlinelotto365.com\/ro\/numere-castigatoare\/bonoloto\/","og_site_name":"OnlineLotto365","og_image":[{"url":"https:\/\/redfoxlotto.com\/image?size=8&amp;lottery=bonoloto"}],"twitter_card":"summary_large_image","twitter_misc":{"Timp estimat pentru citire":"3 minute"},"schema":{"@context":"https:\/\/schema.org","@graph":[{"@type":"WebPage","@id":"https:\/\/onlinelotto365.com\/ro\/numere-castigatoare\/bonoloto\/","url":"https:\/\/onlinelotto365.com\/ro\/numere-castigatoare\/bonoloto\/","name":"Rezultate \u0219i premii pentru BonoLoto spaniol\u0103","isPartOf":{"@id":"https:\/\/onlinelotto365.com\/ro\/#website"},"primaryImageOfPage":{"@id":"https:\/\/onlinelotto365.com\/ro\/numere-castigatoare\/bonoloto\/#primaryimage"},"image":{"@id":"https:\/\/onlinelotto365.com\/ro\/numere-castigatoare\/bonoloto\/#primaryimage"},"thumbnailUrl":"https:\/\/redfoxlotto.com\/image?size=8&amp;lottery=bonoloto","datePublished":"2022-11-22T12:38:37+00:00","dateModified":"2022-11-22T12:38:37+00:00","description":"Vede\u021bi aici dac\u0103 biletele Bonoloto au fost c\u00e2\u0219tigate.","breadcrumb":{"@id":"https:\/\/onlinelotto365.com\/ro\/numere-castigatoare\/bonoloto\/#breadcrumb"},"inLanguage":"ro-RO","potentialAction":[{"@type":"ReadAction","target":["https:\/\/onlinelotto365.com\/ro\/numere-castigatoare\/bonoloto\/"]}]},{"@type":"ImageObject","inLanguage":"ro-RO","@id":"https:\/\/onlinelotto365.com\/ro\/numere-castigatoare\/bonoloto\/#primaryimage","url":"https:\/\/redfoxlotto.com\/image?size=8&amp;lottery=bonoloto","contentUrl":"https:\/\/redfoxlotto.com\/image?size=8&amp;lottery=bonoloto"},{"@type":"BreadcrumbList","@id":"https:\/\/onlinelotto365.com\/ro\/numere-castigatoare\/bonoloto\/#breadcrumb","itemListElement":[{"@type":"ListItem","position":1,"name":"Home","item":"https:\/\/onlinelotto365.com\/ro\/"},{"@type":"ListItem","position":2,"name":"G\u0103se\u0219te numerele c\u00e2\u0219tig\u0103toare \u0219i rezultatele celor mai recente extrageri loto.","item":"https:\/\/onlinelotto365.com\/ro\/numere-castigatoare\/"},{"@type":"ListItem","position":3,"name":"Rezultate Bonoloto spaniol\u0103"}]},{"@type":"WebSite","@id":"https:\/\/onlinelotto365.com\/ro\/#website","url":"https:\/\/onlinelotto365.com\/ro\/","name":"OnlineLotto365","description":"","potentialAction":[{"@type":"SearchAction","target":{"@type":"EntryPoint","urlTemplate":"https:\/\/onlinelotto365.com\/ro\/?s={search_term_string}"},"query-input":{"@type":"PropertyValueSpecification","valueRequired":true,"valueName":"search_term_string"}}],"inLanguage":"ro-RO"}]}},"_links":{"self":[{"href":"https:\/\/onlinelotto365.com\/ro\/wp-json\/wp\/v2\/pages\/80742","targetHints":{"allow":["GET"]}}],"collection":[{"href":"https:\/\/onlinelotto365.com\/ro\/wp-json\/wp\/v2\/pages"}],"about":[{"href":"https:\/\/onlinelotto365.com\/ro\/wp-json\/wp\/v2\/types\/page"}],"author":[{"embeddable":true,"href":"https:\/\/onlinelotto365.com\/ro\/wp-json\/wp\/v2\/users\/1"}],"replies":[{"embeddable":true,"href":"https:\/\/onlinelotto365.com\/ro\/wp-json\/wp\/v2\/comments?post=80742"}],"version-history":[{"count":0,"href":"https:\/\/onlinelotto365.com\/ro\/wp-json\/wp\/v2\/pages\/80742\/revisions"}],"up":[{"embeddable":true,"href":"https:\/\/onlinelotto365.com\/ro\/wp-json\/wp\/v2\/pages\/5862"}],"wp:attachment":[{"href":"https:\/\/onlinelotto365.com\/ro\/wp-json\/wp\/v2\/media?parent=80742"}],"curies":[{"name":"wp","href":"https:\/\/api.w.org\/{rel}","templated":true}]}}