{"id":80774,"date":"2022-11-23T07:32:27","date_gmt":"2022-11-23T06:32:27","guid":{"rendered":"https:\/\/onlinelotto365.com\/?page_id=80774"},"modified":"2022-11-23T07:32:27","modified_gmt":"2022-11-23T06:32:27","slug":"uk-lottery","status":"publish","type":"page","link":"https:\/\/onlinelotto365.com\/ro\/numere-castigatoare\/uk-lottery\/","title":{"rendered":"Rezultatele loteriei din Marea Britanie"},"content":{"rendered":"<p>Exist\u0103 o mul\u021bime de jocuri interna\u021bionale diferite \u0219i noi oferim o mul\u021bime de jocuri. Asta poate \u00eensemna c\u0103 v\u0103 este greu s\u0103 g\u0103si\u021bi rezultatele dup\u0103 extragere. Pentru unii, vor s\u0103 se uite \u00een ziar, dar este posibil ca ziarul dvs. local s\u0103 nu aib\u0103 rezultatele Loteriei din Marea Britanie. Pe de alt\u0103 parte, este posibil ca nici posturile tv s\u0103 nu aib\u0103 aceste rezultate sau ar putea dura ceva timp p\u00e2n\u0103 s\u0103 g\u0103si\u021bi canalul potrivit care le are.<br \/>\n<a href=\"https:\/\/redfoxlotto.com\/play\/lotto-uk\/?ref=a8564250a2&amp;medium=ol365\" target=\"_blank\" rel=\"noopener noreferrer\"><img decoding=\"async\" class=\"aligncenter\" src=\"https:\/\/redfoxlotto.com\/image?size=8&amp;lottery=lotto-uk\" alt=\"Marea Britanie loterie\" \/><\/a><br \/>\nO alt\u0103 op\u021biune este s\u0103 v\u0103 uita\u021bi pe site-ul oficial al Loteriei din Marea Britanie, care ar putea avea o transmisiune \u00een direct a procesului de extragere. Dar nu toate jocurile de loterie ofer\u0103 acest tip de sistem de transmisiune \u00een direct \u0219i chiar \u0219i atunci c\u00e2nd o fac trebuie s\u0103 fi\u021bi acolo la momentul potrivit. A\u0219adar, ce modalitate pute\u021bi folosi pentru a afla rezultatele Loteriei din Marea Britanie?<br \/>\nO alt\u0103 op\u021biune este s\u0103 verifica\u021bi pe YouTube pentru a vedea ultima extragere a Loteriei britanice, dac\u0103 aceasta s-a \u00eencheiat deja. Uneori, oamenii vor \u00eenc\u0103rca \u00eenregistrarea sau vor posta numerele c\u00e2\u0219tig\u0103toare \u00eentr-un fel sau altul.<\/p>\n<p>Totu\u0219i, cea mai u\u0219oar\u0103 metod\u0103 prin care pute\u021bi ob\u021bine numerele c\u00e2\u0219tig\u0103toare este s\u0103 consulta\u021bi site-ul nostru. Pagina noastr\u0103 cu rezultatele loteriei v\u0103 va ar\u0103ta rezultatele \u0219i premiile pentru UK Lottery, precum \u0219i pentru fiecare alt joc de loterie pe care \u00eel avem disponibil.<\/p>\n<h2>Cum s\u0103 afla\u021bi dac\u0103 biletul dvs. online a c\u00e2\u0219tigat<\/h2>\n<p>Ceea ce este \u0219i mai bine pentru dvs. este c\u0103 pute\u021bi verifica pagina contului dvs. dac\u0103 a\u021bi cump\u0103rat deja bilete. Pe pagina contului dvs. v\u0103 vom ar\u0103ta numerele c\u00e2\u0219tig\u0103toare pentru orice bilet pe care \u00eel ave\u021bi \u0219i le vom compara cu propriul dvs. bilet. Vom eviden\u021bia chiar \u0219i numerele care se potrivesc.<br \/>\n\u0218i, dac\u0103 c\u00e2\u0219tigi mai pu\u021bin de 2500 \u20ac, nu trebuie s\u0103 faci nimic, deoarece banii vor fi deja pu\u0219i direct \u00een contul t\u0103u de juc\u0103tor imediat ce rezultatele sunt verificate. Astfel, v\u0103 este mai u\u0219or s\u0103 cump\u0103ra\u021bi mai multe bilete pentru urm\u0103toarea extragere.<\/p>\n<h2>Arhiva cu rezultatele loteriei britanice<\/h2>\n<p>Fiecare dintre paginile de pe site-ul nostru care v\u0103 arat\u0103 numerele c\u00e2\u0219tig\u0103toare actuale v\u0103 va ar\u0103ta \u0219i vechile rezultate ale loteriei UK Lottery. Ve\u021bi putea verifica extragerile anterioare pentru bilete vechi sau pentru a v\u0103 da seama ce numere dori\u021bi s\u0103 juca\u021bi data viitoare. La urma urmei, multor oameni le place s\u0103 verifice numerele vechi pentru a le alege pe ale lor.<\/p>\n<h2>Biletul meu a c\u00e2\u0219tigat, ce se \u00eent\u00e2mpl\u0103 \u00een continuare?<\/h2>\n<p><img loading=\"lazy\" decoding=\"async\" class=\"alignright wp-image-3550\" src=\"https:\/\/onlinelotto365.com\/wp-content\/uploads\/2020\/11\/online_lottery-108-300x232.jpg\" alt=\"rezultatele loteriei britanice\" width=\"146\" height=\"113\" srcset=\"https:\/\/onlinelotto365.com\/wp-content\/uploads\/2020\/11\/online_lottery-108-300x232.jpg 300w, https:\/\/onlinelotto365.com\/wp-content\/uploads\/2020\/11\/online_lottery-108.jpg 320w\" sizes=\"auto, (max-width: 146px) 100vw, 146px\" \/><br \/>\nDac\u0103 ave\u021bi un bilet c\u00e2\u0219tig\u0103tor \u0219i ave\u021bi dreptul la mai pu\u021bin de 2 500 \u20ac, nu trebuie s\u0103 face\u021bi nimic. Noi ne ocup\u0103m de tot pentru tine \u0219i ne vom asigura c\u0103 vei primi c\u00e2\u0219tigurile direct \u00een contul t\u0103u. Dac\u0103 dori\u021bi s\u0103 folosi\u021bi ace\u0219ti bani, \u00eei pute\u021bi folosi pentru a cump\u0103ra \u0219i mai multe bilete. \u00cen caz contrar, pute\u021bi retrage banii at\u00e2ta timp c\u00e2t ave\u021bi cel pu\u021bin 10 euro disponibili. Acei bani trebuie retra\u0219i cu o metod\u0103 de plat\u0103 care a fost deja folosit\u0103 pe site-ul nostru \u0219i este posibil s\u0103 trebuiasc\u0103 s\u0103 v\u0103 verifica\u021bi identitatea pentru a respecta reglement\u0103rile federale.<\/p>\n","protected":false},"excerpt":{"rendered":"<p>Exist\u0103 o mul\u021bime de jocuri interna\u021bionale diferite \u0219i noi oferim o mul\u021bime de jocuri. Asta poate \u00eensemna c\u0103 v\u0103 este greu s\u0103 g\u0103si\u021bi rezultatele dup\u0103 extragere. Pentru unii, vor s\u0103 se uite \u00een ziar, dar este posibil ca ziarul dvs. local s\u0103 nu aib\u0103 rezultatele Loteriei din Marea Britanie. Pe de alt\u0103 parte, este posibil [&hellip;]<\/p>\n","protected":false},"author":1,"featured_media":0,"parent":5862,"menu_order":9,"comment_status":"closed","ping_status":"closed","template":"lotto-uk-results.php","meta":{"_et_pb_use_builder":"","_et_pb_old_content":"","_et_gb_content_width":"","exclude_from_search":false,"footnotes":""},"class_list":["post-80774","page","type-page","status-publish","hentry"],"yoast_head":"<!-- This site is optimized with the Yoast SEO plugin v23.4 - https:\/\/yoast.com\/wordpress\/plugins\/seo\/ -->\n<title>Rezultatele, numerele c\u00e2\u0219tig\u0103toare la loteria din Marea Britanie<\/title>\n<meta name=\"description\" content=\"Imediat dup\u0103 extragere, vede\u021bi rezultatele \u0219i numerele de la loteria din Marea Britanie aici\" \/>\n<meta name=\"robots\" content=\"index, follow, max-snippet:-1, max-image-preview:large, max-video-preview:-1\" \/>\n<link rel=\"canonical\" href=\"https:\/\/onlinelotto365.com\/ro\/numere-castigatoare\/uk-lottery\/\" \/>\n<meta property=\"og:locale\" content=\"ro_RO\" \/>\n<meta property=\"og:type\" content=\"article\" \/>\n<meta property=\"og:title\" content=\"Rezultatele, numerele c\u00e2\u0219tig\u0103toare la loteria din Marea Britanie\" \/>\n<meta property=\"og:description\" content=\"Imediat dup\u0103 extragere, vede\u021bi rezultatele \u0219i numerele de la loteria din Marea Britanie aici\" \/>\n<meta property=\"og:url\" content=\"https:\/\/onlinelotto365.com\/ro\/numere-castigatoare\/uk-lottery\/\" \/>\n<meta property=\"og:site_name\" content=\"OnlineLotto365\" \/>\n<meta property=\"og:image\" content=\"https:\/\/redfoxlotto.com\/image?size=8&amp;lottery=lotto-uk\" \/>\n<meta name=\"twitter:card\" content=\"summary_large_image\" \/>\n<meta name=\"twitter:label1\" content=\"Timp estimat pentru citire\" \/>\n\t<meta name=\"twitter:data1\" content=\"3 minute\" \/>\n<script type=\"application\/ld+json\" class=\"yoast-schema-graph\">{\"@context\":\"https:\/\/schema.org\",\"@graph\":[{\"@type\":\"WebPage\",\"@id\":\"https:\/\/onlinelotto365.com\/ro\/numere-castigatoare\/uk-lottery\/\",\"url\":\"https:\/\/onlinelotto365.com\/ro\/numere-castigatoare\/uk-lottery\/\",\"name\":\"Rezultatele, numerele c\u00e2\u0219tig\u0103toare la loteria din Marea Britanie\",\"isPartOf\":{\"@id\":\"https:\/\/onlinelotto365.com\/ro\/#website\"},\"primaryImageOfPage\":{\"@id\":\"https:\/\/onlinelotto365.com\/ro\/numere-castigatoare\/uk-lottery\/#primaryimage\"},\"image\":{\"@id\":\"https:\/\/onlinelotto365.com\/ro\/numere-castigatoare\/uk-lottery\/#primaryimage\"},\"thumbnailUrl\":\"https:\/\/redfoxlotto.com\/image?size=8&amp;lottery=lotto-uk\",\"datePublished\":\"2022-11-23T06:32:27+00:00\",\"dateModified\":\"2022-11-23T06:32:27+00:00\",\"description\":\"Imediat dup\u0103 extragere, vede\u021bi rezultatele \u0219i numerele de la loteria din Marea Britanie aici\",\"breadcrumb\":{\"@id\":\"https:\/\/onlinelotto365.com\/ro\/numere-castigatoare\/uk-lottery\/#breadcrumb\"},\"inLanguage\":\"ro-RO\",\"potentialAction\":[{\"@type\":\"ReadAction\",\"target\":[\"https:\/\/onlinelotto365.com\/ro\/numere-castigatoare\/uk-lottery\/\"]}]},{\"@type\":\"ImageObject\",\"inLanguage\":\"ro-RO\",\"@id\":\"https:\/\/onlinelotto365.com\/ro\/numere-castigatoare\/uk-lottery\/#primaryimage\",\"url\":\"https:\/\/redfoxlotto.com\/image?size=8&amp;lottery=lotto-uk\",\"contentUrl\":\"https:\/\/redfoxlotto.com\/image?size=8&amp;lottery=lotto-uk\"},{\"@type\":\"BreadcrumbList\",\"@id\":\"https:\/\/onlinelotto365.com\/ro\/numere-castigatoare\/uk-lottery\/#breadcrumb\",\"itemListElement\":[{\"@type\":\"ListItem\",\"position\":1,\"name\":\"Home\",\"item\":\"https:\/\/onlinelotto365.com\/ro\/\"},{\"@type\":\"ListItem\",\"position\":2,\"name\":\"G\u0103se\u0219te numerele c\u00e2\u0219tig\u0103toare \u0219i rezultatele celor mai recente extrageri loto.\",\"item\":\"https:\/\/onlinelotto365.com\/ro\/numere-castigatoare\/\"},{\"@type\":\"ListItem\",\"position\":3,\"name\":\"Rezultatele loteriei din Marea Britanie\"}]},{\"@type\":\"WebSite\",\"@id\":\"https:\/\/onlinelotto365.com\/ro\/#website\",\"url\":\"https:\/\/onlinelotto365.com\/ro\/\",\"name\":\"OnlineLotto365\",\"description\":\"\",\"potentialAction\":[{\"@type\":\"SearchAction\",\"target\":{\"@type\":\"EntryPoint\",\"urlTemplate\":\"https:\/\/onlinelotto365.com\/ro\/?s={search_term_string}\"},\"query-input\":{\"@type\":\"PropertyValueSpecification\",\"valueRequired\":true,\"valueName\":\"search_term_string\"}}],\"inLanguage\":\"ro-RO\"}]}<\/script>\n<!-- \/ Yoast SEO plugin. -->","yoast_head_json":{"title":"Rezultatele, numerele c\u00e2\u0219tig\u0103toare la loteria din Marea Britanie","description":"Imediat dup\u0103 extragere, vede\u021bi rezultatele \u0219i numerele de la loteria din Marea Britanie aici","robots":{"index":"index","follow":"follow","max-snippet":"max-snippet:-1","max-image-preview":"max-image-preview:large","max-video-preview":"max-video-preview:-1"},"canonical":"https:\/\/onlinelotto365.com\/ro\/numere-castigatoare\/uk-lottery\/","og_locale":"ro_RO","og_type":"article","og_title":"Rezultatele, numerele c\u00e2\u0219tig\u0103toare la loteria din Marea Britanie","og_description":"Imediat dup\u0103 extragere, vede\u021bi rezultatele \u0219i numerele de la loteria din Marea Britanie aici","og_url":"https:\/\/onlinelotto365.com\/ro\/numere-castigatoare\/uk-lottery\/","og_site_name":"OnlineLotto365","og_image":[{"url":"https:\/\/redfoxlotto.com\/image?size=8&amp;lottery=lotto-uk"}],"twitter_card":"summary_large_image","twitter_misc":{"Timp estimat pentru citire":"3 minute"},"schema":{"@context":"https:\/\/schema.org","@graph":[{"@type":"WebPage","@id":"https:\/\/onlinelotto365.com\/ro\/numere-castigatoare\/uk-lottery\/","url":"https:\/\/onlinelotto365.com\/ro\/numere-castigatoare\/uk-lottery\/","name":"Rezultatele, numerele c\u00e2\u0219tig\u0103toare la loteria din Marea Britanie","isPartOf":{"@id":"https:\/\/onlinelotto365.com\/ro\/#website"},"primaryImageOfPage":{"@id":"https:\/\/onlinelotto365.com\/ro\/numere-castigatoare\/uk-lottery\/#primaryimage"},"image":{"@id":"https:\/\/onlinelotto365.com\/ro\/numere-castigatoare\/uk-lottery\/#primaryimage"},"thumbnailUrl":"https:\/\/redfoxlotto.com\/image?size=8&amp;lottery=lotto-uk","datePublished":"2022-11-23T06:32:27+00:00","dateModified":"2022-11-23T06:32:27+00:00","description":"Imediat dup\u0103 extragere, vede\u021bi rezultatele \u0219i numerele de la loteria din Marea Britanie aici","breadcrumb":{"@id":"https:\/\/onlinelotto365.com\/ro\/numere-castigatoare\/uk-lottery\/#breadcrumb"},"inLanguage":"ro-RO","potentialAction":[{"@type":"ReadAction","target":["https:\/\/onlinelotto365.com\/ro\/numere-castigatoare\/uk-lottery\/"]}]},{"@type":"ImageObject","inLanguage":"ro-RO","@id":"https:\/\/onlinelotto365.com\/ro\/numere-castigatoare\/uk-lottery\/#primaryimage","url":"https:\/\/redfoxlotto.com\/image?size=8&amp;lottery=lotto-uk","contentUrl":"https:\/\/redfoxlotto.com\/image?size=8&amp;lottery=lotto-uk"},{"@type":"BreadcrumbList","@id":"https:\/\/onlinelotto365.com\/ro\/numere-castigatoare\/uk-lottery\/#breadcrumb","itemListElement":[{"@type":"ListItem","position":1,"name":"Home","item":"https:\/\/onlinelotto365.com\/ro\/"},{"@type":"ListItem","position":2,"name":"G\u0103se\u0219te numerele c\u00e2\u0219tig\u0103toare \u0219i rezultatele celor mai recente extrageri loto.","item":"https:\/\/onlinelotto365.com\/ro\/numere-castigatoare\/"},{"@type":"ListItem","position":3,"name":"Rezultatele loteriei din Marea Britanie"}]},{"@type":"WebSite","@id":"https:\/\/onlinelotto365.com\/ro\/#website","url":"https:\/\/onlinelotto365.com\/ro\/","name":"OnlineLotto365","description":"","potentialAction":[{"@type":"SearchAction","target":{"@type":"EntryPoint","urlTemplate":"https:\/\/onlinelotto365.com\/ro\/?s={search_term_string}"},"query-input":{"@type":"PropertyValueSpecification","valueRequired":true,"valueName":"search_term_string"}}],"inLanguage":"ro-RO"}]}},"_links":{"self":[{"href":"https:\/\/onlinelotto365.com\/ro\/wp-json\/wp\/v2\/pages\/80774","targetHints":{"allow":["GET"]}}],"collection":[{"href":"https:\/\/onlinelotto365.com\/ro\/wp-json\/wp\/v2\/pages"}],"about":[{"href":"https:\/\/onlinelotto365.com\/ro\/wp-json\/wp\/v2\/types\/page"}],"author":[{"embeddable":true,"href":"https:\/\/onlinelotto365.com\/ro\/wp-json\/wp\/v2\/users\/1"}],"replies":[{"embeddable":true,"href":"https:\/\/onlinelotto365.com\/ro\/wp-json\/wp\/v2\/comments?post=80774"}],"version-history":[{"count":0,"href":"https:\/\/onlinelotto365.com\/ro\/wp-json\/wp\/v2\/pages\/80774\/revisions"}],"up":[{"embeddable":true,"href":"https:\/\/onlinelotto365.com\/ro\/wp-json\/wp\/v2\/pages\/5862"}],"wp:attachment":[{"href":"https:\/\/onlinelotto365.com\/ro\/wp-json\/wp\/v2\/media?parent=80774"}],"curies":[{"name":"wp","href":"https:\/\/api.w.org\/{rel}","templated":true}]}}