{"id":80810,"date":"2022-11-23T08:38:43","date_gmt":"2022-11-23T07:38:43","guid":{"rendered":"https:\/\/onlinelotto365.com\/?page_id=80810"},"modified":"2022-11-23T08:38:43","modified_gmt":"2022-11-23T07:38:43","slug":"set-for-life","status":"publish","type":"page","link":"https:\/\/onlinelotto365.com\/ro\/numere-castigatoare\/set-for-life\/","title":{"rendered":"Rezultatele tragerii la sor\u021bi Set for life"},"content":{"rendered":"<p>Jocurile de loterie interna\u021bional\u0103 pot fi foarte distractive, dar necesit\u0103 un pic de efort pentru a g\u0103si numerele c\u00e2\u0219tig\u0103toare. Este posibil ca numerele pentru Set for Life s\u0103 nu fie disponibile \u00een ziarul dvs. local. Asta pentru c\u0103 s-ar putea s\u0103 nu v\u0103 afla\u021bi \u00een zona potrivit\u0103.<br \/>\n<a href=\"https:\/\/redfoxlotto.com\/play\/set-for-life-uk\/?ref=a8564250a2&amp;medium=ol365\" target=\"_blank\" rel=\"noopener noreferrer\"><img decoding=\"async\" class=\"aligncenter\" src=\"https:\/\/redfoxlotto.com\/image?size=8&amp;lottery=set-for-life-uk\" alt=\"set for life\" \/><\/a><\/p>\n<p>Acela\u0219i lucru este valabil \u0219i pentru urm\u0103rirea rezultatelor la televizor. Dac\u0103 nu v\u0103 afla\u021bi \u00een zona potrivit\u0103, va trebui s\u0103 face\u021bi o mul\u021bime de c\u0103ut\u0103ri pentru a g\u0103si un canal care prezint\u0103 rezultatele.<br \/>\nDe asemenea, ai putea s\u0103 te ui\u021bi pe site-ul oficial Set for Life pentru a vedea dac\u0103 au o transmisiune \u00een direct pentru numerele c\u00e2\u0219tig\u0103toare. Dac\u0103 fac acest lucru, ar fi bine s\u0103 o verifica\u021bi, deoarece urm\u0103rirea \u00een direct a extragerii este una dintre cele mai interesante op\u021biuni. Pe de alt\u0103 parte, nu toate jocurile de loterie ofer\u0103 aceast\u0103 op\u021biune \u0219i s-ar putea s\u0103 nu o g\u0103si\u021bi.<\/p>\n<p>Un alt loc unde pute\u021bi c\u0103uta este pe YouTube. Uneori pute\u021bi g\u0103si acolo videoclipuri cu extrageri dup\u0103 ce extragerea a avut loc \u0219i este posibil s\u0103 pute\u021bi g\u0103si numerele c\u00e2\u0219tig\u0103toare.<\/p>\n<p>Cel mai convenabil mod de a g\u0103si numerele c\u00e2\u0219tig\u0103toare pentru Set for Life este s\u0103 accesa\u021bi site-ul nostru. Avem toate numerele c\u00e2\u0219tig\u0103toare disponibile pentru oricare dintre jocurile pe care le avem disponibile. A\u0219a c\u0103 pute\u021bi g\u0103si Set for Life \u0219i multe altele.<\/p>\n<h2>Cum s\u0103 afli dac\u0103 biletul t\u0103u online a c\u00e2\u0219tigat<\/h2>\n<p>Devine \u0219i mai bine dac\u0103 a\u021bi cump\u0103rat deja bilete pentru Set for Life de la noi. Asta pentru c\u0103 v\u0103 facem \u0219i mai u\u0219or s\u0103 verifica\u021bi biletele pe care le ave\u021bi deja. Po\u021bi verifica pagina unde sunt stocate toate biletele tale \u0219i vei g\u0103si nu doar numerele biletului t\u0103u, ci \u0219i numerele biletului c\u00e2\u0219tig\u0103tor. Ne vom ocupa chiar s\u0103 v\u0103 anun\u021b\u0103m care numere se potrivesc, prin coduri de culori. \u00cen acest fel, nici m\u0103car nu trebuie s\u0103 v\u0103 uita\u021bi singur la op\u021biuni. Apoi, dac\u0103 suma c\u00e2\u0219tig\u0103toare este mai mic\u0103 de 2.500 \u20ac, nu va trebui s\u0103 v\u0103 face\u021bi griji, pentru c\u0103 v\u0103 vom pune banii \u00een cont imediat.<\/p>\n<h2>Arhiva de rezultate Set for life<\/h2>\n<p>Pentru cei care vor s\u0103 arunce o privire la numerele vechi pentru Set for Life, o pot face cu u\u0219urin\u021b\u0103. Avem numerele de arhiv\u0103 disponibile oriunde se afl\u0103 cele mai recente rezultate. \u00cen acest fel, pute\u021bi vedea ce numere sunt extrase cel mai des \u0219i care ar putea s\u0103 fie \u00een a\u0219teptarea unei alte extrageri.<\/p>\n<h2>Biletul meu a c\u00e2\u0219tigat, ce se \u00eent\u00e2mpl\u0103 \u00een continuare?<\/h2>\n<p>Dac\u0103 a\u021bi c\u00e2\u0219tigat la biletul dvs. loto cu Set for Life, tot ce trebuie s\u0103 face\u021bi este s\u0103 a\u0219tepta\u021bi \u0219i s\u0103 vede\u021bi ce se \u00eent\u00e2mpl\u0103. Asta pentru c\u0103 noi ne vom ocupa de majoritatea lucrurilor pentru dumneavoastr\u0103. Pute\u021bi a\u0219tepta pentru orice sum\u0103 mai mic\u0103 de 2500 \u20ac, deoarece o vom pune imediat \u00een contul dvs. imediat ce numerele c\u00e2\u0219tig\u0103toare au fost verificate.<br \/>\n<img loading=\"lazy\" decoding=\"async\" class=\"alignright wp-image-3543\" src=\"https:\/\/onlinelotto365.com\/wp-content\/uploads\/2020\/11\/online_lottery-3-300x300.jpg\" alt=\"set for life numere c\u00e2\u0219tig\u0103toare\" width=\"187\" height=\"187\" srcset=\"https:\/\/onlinelotto365.com\/wp-content\/uploads\/2020\/11\/online_lottery-3-300x300.jpg 300w, https:\/\/onlinelotto365.com\/wp-content\/uploads\/2020\/11\/online_lottery-3-100x100.jpg 100w, https:\/\/onlinelotto365.com\/wp-content\/uploads\/2020\/11\/online_lottery-3-150x150.jpg 150w, https:\/\/onlinelotto365.com\/wp-content\/uploads\/2020\/11\/online_lottery-3.jpg 320w\" sizes=\"auto, (max-width: 187px) 100vw, 187px\" \/><br \/>\nApoi, dac\u0103 ave\u021bi cel pu\u021bin 10 \u20ac \u00een cont, ve\u021bi avea op\u021biunea de a v\u0103 retrage banii \u00een contul dvs. bancar. Trebuie doar s\u0103 te asiguri c\u0103 folose\u0219ti un cont pe care l-ai mai folosit \u00eenainte cu sistemul nostru. \u0218i va trebui s\u0103 v\u0103 verifica\u021bi identitatea \u0219i informa\u021biile pentru procesatorul nostru de pl\u0103\u021bi. Acesta este un proces simplu care se poate face cu doar c\u00e2teva formulare \u0219i \u00eenainte s\u0103 v\u0103 da\u021bi seama, banii dvs. vor fi disponibili.<\/p>\n","protected":false},"excerpt":{"rendered":"<p>Jocurile de loterie interna\u021bional\u0103 pot fi foarte distractive, dar necesit\u0103 un pic de efort pentru a g\u0103si numerele c\u00e2\u0219tig\u0103toare. Este posibil ca numerele pentru Set for Life s\u0103 nu fie disponibile \u00een ziarul dvs. local. Asta pentru c\u0103 s-ar putea s\u0103 nu v\u0103 afla\u021bi \u00een zona potrivit\u0103. Acela\u0219i lucru este valabil \u0219i pentru urm\u0103rirea rezultatelor [&hellip;]<\/p>\n","protected":false},"author":1,"featured_media":0,"parent":5862,"menu_order":10,"comment_status":"closed","ping_status":"closed","template":"set-for-life-results.php","meta":{"_et_pb_use_builder":"","_et_pb_old_content":"","_et_gb_content_width":"","exclude_from_search":false,"footnotes":""},"class_list":["post-80810","page","type-page","status-publish","hentry"],"yoast_head":"<!-- This site is optimized with the Yoast SEO plugin v23.4 - https:\/\/yoast.com\/wordpress\/plugins\/seo\/ -->\n<title>Ultimele numere c\u00e2\u0219tig\u0103toare \u0219i pl\u0103\u021bile pentru Set for life<\/title>\n<meta name=\"description\" content=\"A\u021bi jucat la loteria Set for life? Avem cele mai recente numere c\u00e2\u0219tig\u0103toare \u0219i cele anterioare\" \/>\n<meta name=\"robots\" content=\"index, follow, max-snippet:-1, max-image-preview:large, max-video-preview:-1\" \/>\n<link rel=\"canonical\" href=\"https:\/\/onlinelotto365.com\/ro\/numere-castigatoare\/set-for-life\/\" \/>\n<meta property=\"og:locale\" content=\"ro_RO\" \/>\n<meta property=\"og:type\" content=\"article\" \/>\n<meta property=\"og:title\" content=\"Ultimele numere c\u00e2\u0219tig\u0103toare \u0219i pl\u0103\u021bile pentru Set for life\" \/>\n<meta property=\"og:description\" content=\"A\u021bi jucat la loteria Set for life? Avem cele mai recente numere c\u00e2\u0219tig\u0103toare \u0219i cele anterioare\" \/>\n<meta property=\"og:url\" content=\"https:\/\/onlinelotto365.com\/ro\/numere-castigatoare\/set-for-life\/\" \/>\n<meta property=\"og:site_name\" content=\"OnlineLotto365\" \/>\n<meta property=\"og:image\" content=\"https:\/\/redfoxlotto.com\/image?size=8&amp;lottery=set-for-life-uk\" \/>\n<meta name=\"twitter:card\" content=\"summary_large_image\" \/>\n<meta name=\"twitter:label1\" content=\"Timp estimat pentru citire\" \/>\n\t<meta name=\"twitter:data1\" content=\"3 minute\" \/>\n<script type=\"application\/ld+json\" class=\"yoast-schema-graph\">{\"@context\":\"https:\/\/schema.org\",\"@graph\":[{\"@type\":\"WebPage\",\"@id\":\"https:\/\/onlinelotto365.com\/ro\/numere-castigatoare\/set-for-life\/\",\"url\":\"https:\/\/onlinelotto365.com\/ro\/numere-castigatoare\/set-for-life\/\",\"name\":\"Ultimele numere c\u00e2\u0219tig\u0103toare \u0219i pl\u0103\u021bile pentru Set for life\",\"isPartOf\":{\"@id\":\"https:\/\/onlinelotto365.com\/ro\/#website\"},\"primaryImageOfPage\":{\"@id\":\"https:\/\/onlinelotto365.com\/ro\/numere-castigatoare\/set-for-life\/#primaryimage\"},\"image\":{\"@id\":\"https:\/\/onlinelotto365.com\/ro\/numere-castigatoare\/set-for-life\/#primaryimage\"},\"thumbnailUrl\":\"https:\/\/redfoxlotto.com\/image?size=8&amp;lottery=set-for-life-uk\",\"datePublished\":\"2022-11-23T07:38:43+00:00\",\"dateModified\":\"2022-11-23T07:38:43+00:00\",\"description\":\"A\u021bi jucat la loteria Set for life? Avem cele mai recente numere c\u00e2\u0219tig\u0103toare \u0219i cele anterioare\",\"breadcrumb\":{\"@id\":\"https:\/\/onlinelotto365.com\/ro\/numere-castigatoare\/set-for-life\/#breadcrumb\"},\"inLanguage\":\"ro-RO\",\"potentialAction\":[{\"@type\":\"ReadAction\",\"target\":[\"https:\/\/onlinelotto365.com\/ro\/numere-castigatoare\/set-for-life\/\"]}]},{\"@type\":\"ImageObject\",\"inLanguage\":\"ro-RO\",\"@id\":\"https:\/\/onlinelotto365.com\/ro\/numere-castigatoare\/set-for-life\/#primaryimage\",\"url\":\"https:\/\/redfoxlotto.com\/image?size=8&amp;lottery=set-for-life-uk\",\"contentUrl\":\"https:\/\/redfoxlotto.com\/image?size=8&amp;lottery=set-for-life-uk\"},{\"@type\":\"BreadcrumbList\",\"@id\":\"https:\/\/onlinelotto365.com\/ro\/numere-castigatoare\/set-for-life\/#breadcrumb\",\"itemListElement\":[{\"@type\":\"ListItem\",\"position\":1,\"name\":\"Home\",\"item\":\"https:\/\/onlinelotto365.com\/ro\/\"},{\"@type\":\"ListItem\",\"position\":2,\"name\":\"G\u0103se\u0219te numerele c\u00e2\u0219tig\u0103toare \u0219i rezultatele celor mai recente extrageri loto.\",\"item\":\"https:\/\/onlinelotto365.com\/ro\/numere-castigatoare\/\"},{\"@type\":\"ListItem\",\"position\":3,\"name\":\"Rezultatele tragerii la sor\u021bi Set for life\"}]},{\"@type\":\"WebSite\",\"@id\":\"https:\/\/onlinelotto365.com\/ro\/#website\",\"url\":\"https:\/\/onlinelotto365.com\/ro\/\",\"name\":\"OnlineLotto365\",\"description\":\"\",\"potentialAction\":[{\"@type\":\"SearchAction\",\"target\":{\"@type\":\"EntryPoint\",\"urlTemplate\":\"https:\/\/onlinelotto365.com\/ro\/?s={search_term_string}\"},\"query-input\":{\"@type\":\"PropertyValueSpecification\",\"valueRequired\":true,\"valueName\":\"search_term_string\"}}],\"inLanguage\":\"ro-RO\"}]}<\/script>\n<!-- \/ Yoast SEO plugin. -->","yoast_head_json":{"title":"Ultimele numere c\u00e2\u0219tig\u0103toare \u0219i pl\u0103\u021bile pentru Set for life","description":"A\u021bi jucat la loteria Set for life? Avem cele mai recente numere c\u00e2\u0219tig\u0103toare \u0219i cele anterioare","robots":{"index":"index","follow":"follow","max-snippet":"max-snippet:-1","max-image-preview":"max-image-preview:large","max-video-preview":"max-video-preview:-1"},"canonical":"https:\/\/onlinelotto365.com\/ro\/numere-castigatoare\/set-for-life\/","og_locale":"ro_RO","og_type":"article","og_title":"Ultimele numere c\u00e2\u0219tig\u0103toare \u0219i pl\u0103\u021bile pentru Set for life","og_description":"A\u021bi jucat la loteria Set for life? Avem cele mai recente numere c\u00e2\u0219tig\u0103toare \u0219i cele anterioare","og_url":"https:\/\/onlinelotto365.com\/ro\/numere-castigatoare\/set-for-life\/","og_site_name":"OnlineLotto365","og_image":[{"url":"https:\/\/redfoxlotto.com\/image?size=8&amp;lottery=set-for-life-uk"}],"twitter_card":"summary_large_image","twitter_misc":{"Timp estimat pentru citire":"3 minute"},"schema":{"@context":"https:\/\/schema.org","@graph":[{"@type":"WebPage","@id":"https:\/\/onlinelotto365.com\/ro\/numere-castigatoare\/set-for-life\/","url":"https:\/\/onlinelotto365.com\/ro\/numere-castigatoare\/set-for-life\/","name":"Ultimele numere c\u00e2\u0219tig\u0103toare \u0219i pl\u0103\u021bile pentru Set for life","isPartOf":{"@id":"https:\/\/onlinelotto365.com\/ro\/#website"},"primaryImageOfPage":{"@id":"https:\/\/onlinelotto365.com\/ro\/numere-castigatoare\/set-for-life\/#primaryimage"},"image":{"@id":"https:\/\/onlinelotto365.com\/ro\/numere-castigatoare\/set-for-life\/#primaryimage"},"thumbnailUrl":"https:\/\/redfoxlotto.com\/image?size=8&amp;lottery=set-for-life-uk","datePublished":"2022-11-23T07:38:43+00:00","dateModified":"2022-11-23T07:38:43+00:00","description":"A\u021bi jucat la loteria Set for life? Avem cele mai recente numere c\u00e2\u0219tig\u0103toare \u0219i cele anterioare","breadcrumb":{"@id":"https:\/\/onlinelotto365.com\/ro\/numere-castigatoare\/set-for-life\/#breadcrumb"},"inLanguage":"ro-RO","potentialAction":[{"@type":"ReadAction","target":["https:\/\/onlinelotto365.com\/ro\/numere-castigatoare\/set-for-life\/"]}]},{"@type":"ImageObject","inLanguage":"ro-RO","@id":"https:\/\/onlinelotto365.com\/ro\/numere-castigatoare\/set-for-life\/#primaryimage","url":"https:\/\/redfoxlotto.com\/image?size=8&amp;lottery=set-for-life-uk","contentUrl":"https:\/\/redfoxlotto.com\/image?size=8&amp;lottery=set-for-life-uk"},{"@type":"BreadcrumbList","@id":"https:\/\/onlinelotto365.com\/ro\/numere-castigatoare\/set-for-life\/#breadcrumb","itemListElement":[{"@type":"ListItem","position":1,"name":"Home","item":"https:\/\/onlinelotto365.com\/ro\/"},{"@type":"ListItem","position":2,"name":"G\u0103se\u0219te numerele c\u00e2\u0219tig\u0103toare \u0219i rezultatele celor mai recente extrageri loto.","item":"https:\/\/onlinelotto365.com\/ro\/numere-castigatoare\/"},{"@type":"ListItem","position":3,"name":"Rezultatele tragerii la sor\u021bi Set for life"}]},{"@type":"WebSite","@id":"https:\/\/onlinelotto365.com\/ro\/#website","url":"https:\/\/onlinelotto365.com\/ro\/","name":"OnlineLotto365","description":"","potentialAction":[{"@type":"SearchAction","target":{"@type":"EntryPoint","urlTemplate":"https:\/\/onlinelotto365.com\/ro\/?s={search_term_string}"},"query-input":{"@type":"PropertyValueSpecification","valueRequired":true,"valueName":"search_term_string"}}],"inLanguage":"ro-RO"}]}},"_links":{"self":[{"href":"https:\/\/onlinelotto365.com\/ro\/wp-json\/wp\/v2\/pages\/80810","targetHints":{"allow":["GET"]}}],"collection":[{"href":"https:\/\/onlinelotto365.com\/ro\/wp-json\/wp\/v2\/pages"}],"about":[{"href":"https:\/\/onlinelotto365.com\/ro\/wp-json\/wp\/v2\/types\/page"}],"author":[{"embeddable":true,"href":"https:\/\/onlinelotto365.com\/ro\/wp-json\/wp\/v2\/users\/1"}],"replies":[{"embeddable":true,"href":"https:\/\/onlinelotto365.com\/ro\/wp-json\/wp\/v2\/comments?post=80810"}],"version-history":[{"count":0,"href":"https:\/\/onlinelotto365.com\/ro\/wp-json\/wp\/v2\/pages\/80810\/revisions"}],"up":[{"embeddable":true,"href":"https:\/\/onlinelotto365.com\/ro\/wp-json\/wp\/v2\/pages\/5862"}],"wp:attachment":[{"href":"https:\/\/onlinelotto365.com\/ro\/wp-json\/wp\/v2\/media?parent=80810"}],"curies":[{"name":"wp","href":"https:\/\/api.w.org\/{rel}","templated":true}]}}