{"id":80843,"date":"2022-11-23T11:46:29","date_gmt":"2022-11-23T10:46:29","guid":{"rendered":"https:\/\/onlinelotto365.com\/?page_id=80843"},"modified":"2022-11-23T11:46:29","modified_gmt":"2022-11-23T10:46:29","slug":"german-lotto","status":"publish","type":"page","link":"https:\/\/onlinelotto365.com\/ro\/numere-castigatoare\/german-lotto\/","title":{"rendered":"Vezi numerele c\u00e2\u0219tig\u0103toare la Loto Germania aici"},"content":{"rendered":"<p>Jocurile loteriei interna\u021bionale pot fi pu\u021bin mai dificil de urm\u0103rit, deoarece este posibil s\u0103 nu locui\u021bi \u00een aceea\u0219i zon\u0103 \u00een care se desf\u0103\u0219oar\u0103 extragerea. Este posibil s\u0103 nu pute\u021bi verifica rezultatele Loteriei Germane \u00een ziarul local. \u0218i s-ar putea s\u0103 nu pute\u021bi g\u0103si acele numere c\u00e2\u0219tig\u0103toare de la German Lotto nici la televizor. Dac\u0103 le g\u0103si\u021bi \u00een oricare dintre cele dou\u0103 locuri, va trebui s\u0103 face\u021bi o cantitate decent\u0103 de cercetare pentru a ajunge acolo.<br \/>\n<a href=\"https:\/\/redfoxlotto.com\/play\/lotto-6aus49\/?ref=a8564250a2&amp;medium=ol365\" target=\"_blank\" rel=\"noopener noreferrer\"><img decoding=\"async\" class=\"aligncenter\" src=\"https:\/\/redfoxlotto.com\/image?size=8&amp;lottery=lotto-6aus49\" alt=\"German Lotto 6aus49\" \/><\/a><\/p>\n<p>De asemenea, v\u0103 pute\u021bi g\u00e2ndi s\u0103 accesa\u021bi site-ul Loteriei Germane. Uneori, aceste site-uri oficiale ofer\u0103 extrageri \u00een direct, astfel \u00eenc\u00e2t s\u0103 pute\u021bi vedea rezultatele pe m\u0103sur\u0103 ce apar. Totu\u0219i, nu toate jocurile au aceast\u0103 op\u021biune \u0219i s-ar putea s\u0103 v\u0103 trezi\u021bi f\u0103r\u0103 posibilitatea de a g\u0103si rezultatele chiar \u0219i pe site-ul oficial.<\/p>\n<p>De asemenea, pute\u021bi arunca o privire pe YouTube pentru a vedea dac\u0103 cineva a \u00eenc\u0103rcat un videoclip cu extragerea \u00een direct sau chiar un videoclip cu rezultatele la un moment dat dup\u0103 ce a avut loc extragerea.<\/p>\n<p>Cel mai simplu mod de a ob\u021bine rezultatele pe care le c\u0103uta\u021bi este, totu\u0219i, s\u0103 arunca\u021bi o privire pe site-ul nostru. V\u0103 vom ajuta s\u0103 g\u0103si\u021bi rezultatele pentru Loteria German\u0103 chiar pe pagina noastr\u0103 de rezultate. Acolo \u00eemp\u0103rt\u0103\u0219im numerele c\u00e2\u0219tig\u0103toare pentru toate jocurile de loterie pe care le ve\u021bi g\u0103si disponibile pe site-ul nostru.<\/p>\n<h2>Cum pute\u021bi afla dac\u0103 biletul dvs. online a c\u00e2\u0219tigat<\/h2>\n<p>Pentru cei care au cump\u0103rat bilete de la noi pentru German Lotto, ve\u021bi descoperi c\u0103 este \u0219i mai u\u0219or s\u0103 afla\u021bi rezultatele. Asta pentru c\u0103 tot ce trebuie s\u0103 face\u021bi este s\u0103 arunca\u021bi o privire pe pagina contului dumneavoastr\u0103. Acolo ve\u021bi putea vedea biletele pe care le-a\u021bi cump\u0103rat pentru oricare dintre jocurile pe care le avem disponibile. Apoi, pute\u021bi arunca o privire la numerele c\u00e2\u0219tig\u0103toare \u00een acela\u0219i loc.<br \/>\nVom eviden\u021bia chiar \u0219i oricare dintre numerele la care a\u021bi nimerit pentru a v\u0103 anun\u021ba ce a\u021bi c\u00e2\u0219tigat. Iar dac\u0103 c\u00e2\u0219tigi mai pu\u021bin de 2500 \u20ac, ne vom ocupa s\u0103 \u021bi-l ad\u0103ug\u0103m \u00een cont imediat ce numerele au fost verificate oficial de c\u0103tre joc. Este at\u00e2t de simplu pentru tine.<\/p>\n<h2>Arhiva de rezultate Loto Germania<\/h2>\n<p>Paginile de pe site-ul nostru care au cele mai recente numere de la Loto Germania v\u0103 vor afi\u0219a, de asemenea, toate numerele vechi din arhiva noastr\u0103. Asta pentru c\u0103 \u0219tim c\u0103 o mul\u021bime de oameni doresc s\u0103 \u0219tie numerele mai vechi pentru a-i ajuta s\u0103 aleag\u0103 numerele pe care vor s\u0103 le foloseasc\u0103 pentru urm\u0103toarele lor bilete. Noi le punem pe orice pagin\u0103 care arat\u0103 numerele noi.<\/p>\n<h2>Biletul meu a c\u00e2\u0219tigat, ce se \u00eent\u00e2mpl\u0103 \u00een continuare?<\/h2>\n<p><img loading=\"lazy\" decoding=\"async\" class=\"alignright size-medium wp-image-3593\" src=\"https:\/\/onlinelotto365.com\/wp-content\/uploads\/2020\/11\/online_lottery-39-300x150.jpg\" alt=\"German Loto numere c\u00e2\u0219tig\u0103toare\" width=\"300\" height=\"150\" srcset=\"https:\/\/onlinelotto365.com\/wp-content\/uploads\/2020\/11\/online_lottery-39-300x150.jpg 300w, https:\/\/onlinelotto365.com\/wp-content\/uploads\/2020\/11\/online_lottery-39.jpg 490w\" sizes=\"auto, (max-width: 300px) 100vw, 300px\" \/><br \/>\nDac\u0103 a\u021bi c\u00e2\u0219tigat la Loto German\u0103 \u0219i biletul dvs. c\u00e2\u0219tig\u0103tor valoreaz\u0103 mai pu\u021bin de 2500 \u20ac, ne vom ocupa s\u0103 v\u0103 punem banii \u00een cont imediat ce numerele c\u00e2\u0219tig\u0103toare au fost verificate. Asta \u00eenseamn\u0103 c\u0103 nu trebuie s\u0103 face\u021bi nimic. Dac\u0103 biletul c\u00e2\u0219tig\u0103tor valoreaz\u0103 mai mult de 2.500 \u20ac, va trebui s\u0103 completa\u021bi un formular, dar v\u0103 vom ajuta \u00een continuare \u00een acest proces. Apoi, dac\u0103 ave\u021bi cel pu\u021bin 10 \u20ac \u00een cont, ve\u021bi avea op\u021biunea de a retrage banii \u00een orice cont bancar sau de card de credit pe care l-a\u021bi folosit deja pe site-ul nostru. Dac\u0103 nu a\u021bi folosit \u00eenc\u0103 contul cu noi, nu ve\u021bi putea retrage banii \u00een el.<\/p>\n","protected":false},"excerpt":{"rendered":"<p>Jocurile loteriei interna\u021bionale pot fi pu\u021bin mai dificil de urm\u0103rit, deoarece este posibil s\u0103 nu locui\u021bi \u00een aceea\u0219i zon\u0103 \u00een care se desf\u0103\u0219oar\u0103 extragerea. Este posibil s\u0103 nu pute\u021bi verifica rezultatele Loteriei Germane \u00een ziarul local. \u0218i s-ar putea s\u0103 nu pute\u021bi g\u0103si acele numere c\u00e2\u0219tig\u0103toare de la German Lotto nici la televizor. Dac\u0103 le [&hellip;]<\/p>\n","protected":false},"author":1,"featured_media":0,"parent":5862,"menu_order":11,"comment_status":"closed","ping_status":"closed","template":"lotto-german-results.php","meta":{"_et_pb_use_builder":"","_et_pb_old_content":"","_et_gb_content_width":"","exclude_from_search":false,"footnotes":""},"class_list":["post-80843","page","type-page","status-publish","hentry"],"yoast_head":"<!-- This site is optimized with the Yoast SEO plugin v23.4 - https:\/\/yoast.com\/wordpress\/plugins\/seo\/ -->\n<title>Numere c\u00e2\u0219tig\u0103toare German Lotto | Rezultatele extragerii \u0219i sumele c\u00e2\u0219tigate la German Lotto<\/title>\n<meta name=\"description\" content=\"Dac\u0103 dori\u021bi s\u0103 g\u0103si\u021bi numerele c\u00e2\u0219tig\u0103toare la Loteria German\u0103 6aus49, c\u0103uta\u021bi aici!\" \/>\n<meta name=\"robots\" content=\"index, follow, max-snippet:-1, max-image-preview:large, max-video-preview:-1\" \/>\n<link rel=\"canonical\" href=\"https:\/\/onlinelotto365.com\/ro\/numere-castigatoare\/german-lotto\/\" \/>\n<meta property=\"og:locale\" content=\"ro_RO\" \/>\n<meta property=\"og:type\" content=\"article\" \/>\n<meta property=\"og:title\" content=\"Numere c\u00e2\u0219tig\u0103toare German Lotto | Rezultatele extragerii \u0219i sumele c\u00e2\u0219tigate la German Lotto\" \/>\n<meta property=\"og:description\" content=\"Dac\u0103 dori\u021bi s\u0103 g\u0103si\u021bi numerele c\u00e2\u0219tig\u0103toare la Loteria German\u0103 6aus49, c\u0103uta\u021bi aici!\" \/>\n<meta property=\"og:url\" content=\"https:\/\/onlinelotto365.com\/ro\/numere-castigatoare\/german-lotto\/\" \/>\n<meta property=\"og:site_name\" content=\"OnlineLotto365\" \/>\n<meta property=\"og:image\" content=\"https:\/\/redfoxlotto.com\/image?size=8&amp;lottery=lotto-6aus49\" \/>\n<meta name=\"twitter:card\" content=\"summary_large_image\" \/>\n<meta name=\"twitter:label1\" content=\"Timp estimat pentru citire\" \/>\n\t<meta name=\"twitter:data1\" content=\"3 minute\" \/>\n<script type=\"application\/ld+json\" class=\"yoast-schema-graph\">{\"@context\":\"https:\/\/schema.org\",\"@graph\":[{\"@type\":\"WebPage\",\"@id\":\"https:\/\/onlinelotto365.com\/ro\/numere-castigatoare\/german-lotto\/\",\"url\":\"https:\/\/onlinelotto365.com\/ro\/numere-castigatoare\/german-lotto\/\",\"name\":\"Numere c\u00e2\u0219tig\u0103toare German Lotto | Rezultatele extragerii \u0219i sumele c\u00e2\u0219tigate la German Lotto\",\"isPartOf\":{\"@id\":\"https:\/\/onlinelotto365.com\/ro\/#website\"},\"primaryImageOfPage\":{\"@id\":\"https:\/\/onlinelotto365.com\/ro\/numere-castigatoare\/german-lotto\/#primaryimage\"},\"image\":{\"@id\":\"https:\/\/onlinelotto365.com\/ro\/numere-castigatoare\/german-lotto\/#primaryimage\"},\"thumbnailUrl\":\"https:\/\/redfoxlotto.com\/image?size=8&amp;lottery=lotto-6aus49\",\"datePublished\":\"2022-11-23T10:46:29+00:00\",\"dateModified\":\"2022-11-23T10:46:29+00:00\",\"description\":\"Dac\u0103 dori\u021bi s\u0103 g\u0103si\u021bi numerele c\u00e2\u0219tig\u0103toare la Loteria German\u0103 6aus49, c\u0103uta\u021bi aici!\",\"breadcrumb\":{\"@id\":\"https:\/\/onlinelotto365.com\/ro\/numere-castigatoare\/german-lotto\/#breadcrumb\"},\"inLanguage\":\"ro-RO\",\"potentialAction\":[{\"@type\":\"ReadAction\",\"target\":[\"https:\/\/onlinelotto365.com\/ro\/numere-castigatoare\/german-lotto\/\"]}]},{\"@type\":\"ImageObject\",\"inLanguage\":\"ro-RO\",\"@id\":\"https:\/\/onlinelotto365.com\/ro\/numere-castigatoare\/german-lotto\/#primaryimage\",\"url\":\"https:\/\/redfoxlotto.com\/image?size=8&amp;lottery=lotto-6aus49\",\"contentUrl\":\"https:\/\/redfoxlotto.com\/image?size=8&amp;lottery=lotto-6aus49\"},{\"@type\":\"BreadcrumbList\",\"@id\":\"https:\/\/onlinelotto365.com\/ro\/numere-castigatoare\/german-lotto\/#breadcrumb\",\"itemListElement\":[{\"@type\":\"ListItem\",\"position\":1,\"name\":\"Home\",\"item\":\"https:\/\/onlinelotto365.com\/ro\/\"},{\"@type\":\"ListItem\",\"position\":2,\"name\":\"G\u0103se\u0219te numerele c\u00e2\u0219tig\u0103toare \u0219i rezultatele celor mai recente extrageri loto.\",\"item\":\"https:\/\/onlinelotto365.com\/ro\/numere-castigatoare\/\"},{\"@type\":\"ListItem\",\"position\":3,\"name\":\"Vezi numerele c\u00e2\u0219tig\u0103toare la Loto Germania aici\"}]},{\"@type\":\"WebSite\",\"@id\":\"https:\/\/onlinelotto365.com\/ro\/#website\",\"url\":\"https:\/\/onlinelotto365.com\/ro\/\",\"name\":\"OnlineLotto365\",\"description\":\"\",\"potentialAction\":[{\"@type\":\"SearchAction\",\"target\":{\"@type\":\"EntryPoint\",\"urlTemplate\":\"https:\/\/onlinelotto365.com\/ro\/?s={search_term_string}\"},\"query-input\":{\"@type\":\"PropertyValueSpecification\",\"valueRequired\":true,\"valueName\":\"search_term_string\"}}],\"inLanguage\":\"ro-RO\"}]}<\/script>\n<!-- \/ Yoast SEO plugin. -->","yoast_head_json":{"title":"Numere c\u00e2\u0219tig\u0103toare German Lotto | Rezultatele extragerii \u0219i sumele c\u00e2\u0219tigate la German Lotto","description":"Dac\u0103 dori\u021bi s\u0103 g\u0103si\u021bi numerele c\u00e2\u0219tig\u0103toare la Loteria German\u0103 6aus49, c\u0103uta\u021bi aici!","robots":{"index":"index","follow":"follow","max-snippet":"max-snippet:-1","max-image-preview":"max-image-preview:large","max-video-preview":"max-video-preview:-1"},"canonical":"https:\/\/onlinelotto365.com\/ro\/numere-castigatoare\/german-lotto\/","og_locale":"ro_RO","og_type":"article","og_title":"Numere c\u00e2\u0219tig\u0103toare German Lotto | Rezultatele extragerii \u0219i sumele c\u00e2\u0219tigate la German Lotto","og_description":"Dac\u0103 dori\u021bi s\u0103 g\u0103si\u021bi numerele c\u00e2\u0219tig\u0103toare la Loteria German\u0103 6aus49, c\u0103uta\u021bi aici!","og_url":"https:\/\/onlinelotto365.com\/ro\/numere-castigatoare\/german-lotto\/","og_site_name":"OnlineLotto365","og_image":[{"url":"https:\/\/redfoxlotto.com\/image?size=8&amp;lottery=lotto-6aus49"}],"twitter_card":"summary_large_image","twitter_misc":{"Timp estimat pentru citire":"3 minute"},"schema":{"@context":"https:\/\/schema.org","@graph":[{"@type":"WebPage","@id":"https:\/\/onlinelotto365.com\/ro\/numere-castigatoare\/german-lotto\/","url":"https:\/\/onlinelotto365.com\/ro\/numere-castigatoare\/german-lotto\/","name":"Numere c\u00e2\u0219tig\u0103toare German Lotto | Rezultatele extragerii \u0219i sumele c\u00e2\u0219tigate la German Lotto","isPartOf":{"@id":"https:\/\/onlinelotto365.com\/ro\/#website"},"primaryImageOfPage":{"@id":"https:\/\/onlinelotto365.com\/ro\/numere-castigatoare\/german-lotto\/#primaryimage"},"image":{"@id":"https:\/\/onlinelotto365.com\/ro\/numere-castigatoare\/german-lotto\/#primaryimage"},"thumbnailUrl":"https:\/\/redfoxlotto.com\/image?size=8&amp;lottery=lotto-6aus49","datePublished":"2022-11-23T10:46:29+00:00","dateModified":"2022-11-23T10:46:29+00:00","description":"Dac\u0103 dori\u021bi s\u0103 g\u0103si\u021bi numerele c\u00e2\u0219tig\u0103toare la Loteria German\u0103 6aus49, c\u0103uta\u021bi aici!","breadcrumb":{"@id":"https:\/\/onlinelotto365.com\/ro\/numere-castigatoare\/german-lotto\/#breadcrumb"},"inLanguage":"ro-RO","potentialAction":[{"@type":"ReadAction","target":["https:\/\/onlinelotto365.com\/ro\/numere-castigatoare\/german-lotto\/"]}]},{"@type":"ImageObject","inLanguage":"ro-RO","@id":"https:\/\/onlinelotto365.com\/ro\/numere-castigatoare\/german-lotto\/#primaryimage","url":"https:\/\/redfoxlotto.com\/image?size=8&amp;lottery=lotto-6aus49","contentUrl":"https:\/\/redfoxlotto.com\/image?size=8&amp;lottery=lotto-6aus49"},{"@type":"BreadcrumbList","@id":"https:\/\/onlinelotto365.com\/ro\/numere-castigatoare\/german-lotto\/#breadcrumb","itemListElement":[{"@type":"ListItem","position":1,"name":"Home","item":"https:\/\/onlinelotto365.com\/ro\/"},{"@type":"ListItem","position":2,"name":"G\u0103se\u0219te numerele c\u00e2\u0219tig\u0103toare \u0219i rezultatele celor mai recente extrageri loto.","item":"https:\/\/onlinelotto365.com\/ro\/numere-castigatoare\/"},{"@type":"ListItem","position":3,"name":"Vezi numerele c\u00e2\u0219tig\u0103toare la Loto Germania aici"}]},{"@type":"WebSite","@id":"https:\/\/onlinelotto365.com\/ro\/#website","url":"https:\/\/onlinelotto365.com\/ro\/","name":"OnlineLotto365","description":"","potentialAction":[{"@type":"SearchAction","target":{"@type":"EntryPoint","urlTemplate":"https:\/\/onlinelotto365.com\/ro\/?s={search_term_string}"},"query-input":{"@type":"PropertyValueSpecification","valueRequired":true,"valueName":"search_term_string"}}],"inLanguage":"ro-RO"}]}},"_links":{"self":[{"href":"https:\/\/onlinelotto365.com\/ro\/wp-json\/wp\/v2\/pages\/80843","targetHints":{"allow":["GET"]}}],"collection":[{"href":"https:\/\/onlinelotto365.com\/ro\/wp-json\/wp\/v2\/pages"}],"about":[{"href":"https:\/\/onlinelotto365.com\/ro\/wp-json\/wp\/v2\/types\/page"}],"author":[{"embeddable":true,"href":"https:\/\/onlinelotto365.com\/ro\/wp-json\/wp\/v2\/users\/1"}],"replies":[{"embeddable":true,"href":"https:\/\/onlinelotto365.com\/ro\/wp-json\/wp\/v2\/comments?post=80843"}],"version-history":[{"count":0,"href":"https:\/\/onlinelotto365.com\/ro\/wp-json\/wp\/v2\/pages\/80843\/revisions"}],"up":[{"embeddable":true,"href":"https:\/\/onlinelotto365.com\/ro\/wp-json\/wp\/v2\/pages\/5862"}],"wp:attachment":[{"href":"https:\/\/onlinelotto365.com\/ro\/wp-json\/wp\/v2\/media?parent=80843"}],"curies":[{"name":"wp","href":"https:\/\/api.w.org\/{rel}","templated":true}]}}