{"id":80875,"date":"2022-11-23T12:38:51","date_gmt":"2022-11-23T11:38:51","guid":{"rendered":"https:\/\/onlinelotto365.com\/?page_id=80875"},"modified":"2022-11-23T12:38:51","modified_gmt":"2022-11-23T11:38:51","slug":"mega-sena","status":"publish","type":"page","link":"https:\/\/onlinelotto365.com\/ro\/numere-castigatoare\/mega-sena\/","title":{"rendered":"Mega-Sena din Brazilia &#8211; ultimele numere c\u00e2\u0219tig\u0103toare"},"content":{"rendered":"<p>Exist\u0103 o mul\u021bime de jocuri diferite \u0219i vrei s\u0103 te asiguri c\u0103 po\u021bi g\u0103si numerele c\u00e2\u0219tig\u0103toare c\u00e2t mai cur\u00e2nd posibil. Ei bine, acest lucru este posibil \u00eentr-o serie de moduri diferite, dac\u0103 \u0219tii unde s\u0103 cau\u021bi. Numerele c\u00e2\u0219tig\u0103toare sunt uneori disponibile \u00een ziar, dac\u0103 locui\u021bi \u00eentr-o zon\u0103 \u00een care este un joc local. Acest lucru ar putea \u00eensemna c\u0103 rezultatele Mega-Sena nu sunt disponibile \u00een zona ta. De asemenea, unele zone arat\u0103 numerele c\u00e2\u0219tig\u0103toare la televizor, ceea ce se va \u00eent\u00e2mpla doar dac\u0103 locui\u021bi \u00een anumite zone.<br \/>\n<a href=\"https:\/\/redfoxlotto.com\/play\/mega-sena\/?ref=a8564250a2&amp;medium=ol365\" target=\"_blank\" rel=\"noopener noreferrer\"><img decoding=\"async\" class=\"aligncenter\" src=\"https:\/\/redfoxlotto.com\/image?size=8&amp;lottery=mega-sena\" alt=\"mega-sena\" \/><\/a><br \/>\nO alt\u0103 op\u021biune este s\u0103 v\u0103 uita\u021bi pe site-ul web al loteriei Mega-Sena pentru a vedea dac\u0103 au o transmisiune \u00een direct atunci c\u00e2nd se trage la sor\u021bi. Nu toate jocurile fac acest lucru, dar pentru cele care o fac poate fi o experien\u021b\u0103 interesant\u0103 pentru oricine se uit\u0103. Mai ales dac\u0103 e\u0219ti de fapt un c\u00e2\u0219tig\u0103tor \u0219i \u00ee\u021bi urm\u0103re\u0219ti numerele extrase.<\/p>\n<p>Exist\u0103, de asemenea, op\u021biunea de a merge pe YouTube. Uneori, oamenii \u00eencarc\u0103 online videoclipuri live ale extragerii \u0219i este posibil s\u0103 pute\u021bi vedea cea mai recent\u0103 extragere Mega Sena.<\/p>\n<p>Cel mai simplu mod de a ob\u021bine numerele c\u00e2\u0219tig\u0103toare, totu\u0219i, va fi s\u0103 verifica\u021bi site-ul nostru. V\u0103 putem oferi acces la toate numerele c\u00e2\u0219tig\u0103toare pentru Mega Sena, precum \u0219i la orice alt joc pe care \u00eel dori\u021bi \u0219i pe care \u00eel avem disponibil. Acest lucru face mai u\u0219or pentru tine s\u0103 g\u0103se\u0219ti rezultatele pe care le dore\u0219ti.<\/p>\n<h2>Cum s\u0103 afli dac\u0103 biletul t\u0103u online a c\u00e2\u0219tigat<\/h2>\n<p>Ceea ce este \u0219i mai bine este c\u0103 te po\u021bi conecta direct \u00een contul t\u0103u \u0219i po\u021bi afla rezultatele oric\u0103rui joc pentru care ai cump\u0103rat bilete, de asemenea. Trebuie doar s\u0103 accesezi sec\u021biunea de pe site care are stocate biletele tale \u0219i po\u021bi g\u0103si numerele c\u00e2\u0219tig\u0103toare care se aplic\u0103 acelor bilete.<\/p>\n<p>Apoi pute\u021bi vedea chiar \u0219i care sunt numerele c\u00e2\u0219tig\u0103toare care se potrivesc cu numerele dvs. curente, astfel \u00eenc\u00e2t s\u0103 pute\u021bi vedea c\u00e2t a\u021bi c\u00e2\u0219tigat deja. Dac\u0103 este mai pu\u021bin de 2.500 de euro, ne vom ocupa de a primi acei bani direct \u00een contul dvs. pentru ca dvs. s\u0103 pute\u021bi \u00eencepe s\u0103-i cheltui\u021bi sau s\u0103-i retrage\u021bi \u00een contul dvs. personal. Tot ce trebuie s\u0103 faci este s\u0103 te asiguri c\u0103 retragi banii \u00eentr-un cont pe care l-ai folosit deja la noi.<\/p>\n<h2>Arhiva de rezultate Mega-Sena<\/h2>\n<p><img loading=\"lazy\" decoding=\"async\" class=\"alignright wp-image-3640\" src=\"https:\/\/onlinelotto365.com\/wp-content\/uploads\/2020\/11\/lottery_balls1-300x160.jpg\" alt=\"rezultate mega-sena\" width=\"249\" height=\"133\" srcset=\"https:\/\/onlinelotto365.com\/wp-content\/uploads\/2020\/11\/lottery_balls1-300x160.jpg 300w, https:\/\/onlinelotto365.com\/wp-content\/uploads\/2020\/11\/lottery_balls1.jpg 472w\" sizes=\"auto, (max-width: 249px) 100vw, 249px\" \/><br \/>\nPentru cei care doresc s\u0103 aib\u0103 acces la numere mai vechi pentru Mega-Sena, ve\u021bi dori s\u0103 arunca\u021bi o privire atent\u0103 la paginile web care ofer\u0103 deja cele mai recente numere. Acolo pute\u021bi g\u0103si toate numerele vechi disponibile \u0219i acolo, a\u0219a c\u0103 nu trebuie s\u0103 v\u0103 face\u021bi griji c\u0103 ve\u021bi pierde unele dintre cele mai bune informa\u021bii pentru a alege urm\u0103torul set de numere.<\/p>\n","protected":false},"excerpt":{"rendered":"<p>Exist\u0103 o mul\u021bime de jocuri diferite \u0219i vrei s\u0103 te asiguri c\u0103 po\u021bi g\u0103si numerele c\u00e2\u0219tig\u0103toare c\u00e2t mai cur\u00e2nd posibil. Ei bine, acest lucru este posibil \u00eentr-o serie de moduri diferite, dac\u0103 \u0219tii unde s\u0103 cau\u021bi. Numerele c\u00e2\u0219tig\u0103toare sunt uneori disponibile \u00een ziar, dac\u0103 locui\u021bi \u00eentr-o zon\u0103 \u00een care este un joc local. Acest lucru [&hellip;]<\/p>\n","protected":false},"author":1,"featured_media":0,"parent":5862,"menu_order":12,"comment_status":"closed","ping_status":"closed","template":"megasena-results.php","meta":{"_et_pb_use_builder":"","_et_pb_old_content":"","_et_gb_content_width":"","exclude_from_search":false,"footnotes":""},"class_list":["post-80875","page","type-page","status-publish","hentry"],"yoast_head":"<!-- This site is optimized with the Yoast SEO plugin v23.4 - https:\/\/yoast.com\/wordpress\/plugins\/seo\/ -->\n<title>Ultimele rezultate \u0219i premii la Mega-Sena<\/title>\n<meta name=\"description\" content=\"Rezultatele pentru Mega-Sena Brazilia \u0219i multe alte loterii din \u00eentreaga lume g\u0103si\u021bi aici\" \/>\n<meta name=\"robots\" content=\"index, follow, max-snippet:-1, max-image-preview:large, max-video-preview:-1\" \/>\n<link rel=\"canonical\" href=\"https:\/\/onlinelotto365.com\/ro\/numere-castigatoare\/mega-sena\/\" \/>\n<meta property=\"og:locale\" content=\"ro_RO\" \/>\n<meta property=\"og:type\" content=\"article\" \/>\n<meta property=\"og:title\" content=\"Ultimele rezultate \u0219i premii la Mega-Sena\" \/>\n<meta property=\"og:description\" content=\"Rezultatele pentru Mega-Sena Brazilia \u0219i multe alte loterii din \u00eentreaga lume g\u0103si\u021bi aici\" \/>\n<meta property=\"og:url\" content=\"https:\/\/onlinelotto365.com\/ro\/numere-castigatoare\/mega-sena\/\" \/>\n<meta property=\"og:site_name\" content=\"OnlineLotto365\" \/>\n<meta property=\"og:image\" content=\"https:\/\/redfoxlotto.com\/image?size=8&amp;lottery=mega-sena\" \/>\n<meta name=\"twitter:card\" content=\"summary_large_image\" \/>\n<meta name=\"twitter:label1\" content=\"Timp estimat pentru citire\" \/>\n\t<meta name=\"twitter:data1\" content=\"3 minute\" \/>\n<script type=\"application\/ld+json\" class=\"yoast-schema-graph\">{\"@context\":\"https:\/\/schema.org\",\"@graph\":[{\"@type\":\"WebPage\",\"@id\":\"https:\/\/onlinelotto365.com\/ro\/numere-castigatoare\/mega-sena\/\",\"url\":\"https:\/\/onlinelotto365.com\/ro\/numere-castigatoare\/mega-sena\/\",\"name\":\"Ultimele rezultate \u0219i premii la Mega-Sena\",\"isPartOf\":{\"@id\":\"https:\/\/onlinelotto365.com\/ro\/#website\"},\"primaryImageOfPage\":{\"@id\":\"https:\/\/onlinelotto365.com\/ro\/numere-castigatoare\/mega-sena\/#primaryimage\"},\"image\":{\"@id\":\"https:\/\/onlinelotto365.com\/ro\/numere-castigatoare\/mega-sena\/#primaryimage\"},\"thumbnailUrl\":\"https:\/\/redfoxlotto.com\/image?size=8&amp;lottery=mega-sena\",\"datePublished\":\"2022-11-23T11:38:51+00:00\",\"dateModified\":\"2022-11-23T11:38:51+00:00\",\"description\":\"Rezultatele pentru Mega-Sena Brazilia \u0219i multe alte loterii din \u00eentreaga lume g\u0103si\u021bi aici\",\"breadcrumb\":{\"@id\":\"https:\/\/onlinelotto365.com\/ro\/numere-castigatoare\/mega-sena\/#breadcrumb\"},\"inLanguage\":\"ro-RO\",\"potentialAction\":[{\"@type\":\"ReadAction\",\"target\":[\"https:\/\/onlinelotto365.com\/ro\/numere-castigatoare\/mega-sena\/\"]}]},{\"@type\":\"ImageObject\",\"inLanguage\":\"ro-RO\",\"@id\":\"https:\/\/onlinelotto365.com\/ro\/numere-castigatoare\/mega-sena\/#primaryimage\",\"url\":\"https:\/\/redfoxlotto.com\/image?size=8&amp;lottery=mega-sena\",\"contentUrl\":\"https:\/\/redfoxlotto.com\/image?size=8&amp;lottery=mega-sena\"},{\"@type\":\"BreadcrumbList\",\"@id\":\"https:\/\/onlinelotto365.com\/ro\/numere-castigatoare\/mega-sena\/#breadcrumb\",\"itemListElement\":[{\"@type\":\"ListItem\",\"position\":1,\"name\":\"Home\",\"item\":\"https:\/\/onlinelotto365.com\/ro\/\"},{\"@type\":\"ListItem\",\"position\":2,\"name\":\"G\u0103se\u0219te numerele c\u00e2\u0219tig\u0103toare \u0219i rezultatele celor mai recente extrageri loto.\",\"item\":\"https:\/\/onlinelotto365.com\/ro\/numere-castigatoare\/\"},{\"@type\":\"ListItem\",\"position\":3,\"name\":\"Mega-Sena din Brazilia &#8211; ultimele numere c\u00e2\u0219tig\u0103toare\"}]},{\"@type\":\"WebSite\",\"@id\":\"https:\/\/onlinelotto365.com\/ro\/#website\",\"url\":\"https:\/\/onlinelotto365.com\/ro\/\",\"name\":\"OnlineLotto365\",\"description\":\"\",\"potentialAction\":[{\"@type\":\"SearchAction\",\"target\":{\"@type\":\"EntryPoint\",\"urlTemplate\":\"https:\/\/onlinelotto365.com\/ro\/?s={search_term_string}\"},\"query-input\":{\"@type\":\"PropertyValueSpecification\",\"valueRequired\":true,\"valueName\":\"search_term_string\"}}],\"inLanguage\":\"ro-RO\"}]}<\/script>\n<!-- \/ Yoast SEO plugin. -->","yoast_head_json":{"title":"Ultimele rezultate \u0219i premii la Mega-Sena","description":"Rezultatele pentru Mega-Sena Brazilia \u0219i multe alte loterii din \u00eentreaga lume g\u0103si\u021bi aici","robots":{"index":"index","follow":"follow","max-snippet":"max-snippet:-1","max-image-preview":"max-image-preview:large","max-video-preview":"max-video-preview:-1"},"canonical":"https:\/\/onlinelotto365.com\/ro\/numere-castigatoare\/mega-sena\/","og_locale":"ro_RO","og_type":"article","og_title":"Ultimele rezultate \u0219i premii la Mega-Sena","og_description":"Rezultatele pentru Mega-Sena Brazilia \u0219i multe alte loterii din \u00eentreaga lume g\u0103si\u021bi aici","og_url":"https:\/\/onlinelotto365.com\/ro\/numere-castigatoare\/mega-sena\/","og_site_name":"OnlineLotto365","og_image":[{"url":"https:\/\/redfoxlotto.com\/image?size=8&amp;lottery=mega-sena"}],"twitter_card":"summary_large_image","twitter_misc":{"Timp estimat pentru citire":"3 minute"},"schema":{"@context":"https:\/\/schema.org","@graph":[{"@type":"WebPage","@id":"https:\/\/onlinelotto365.com\/ro\/numere-castigatoare\/mega-sena\/","url":"https:\/\/onlinelotto365.com\/ro\/numere-castigatoare\/mega-sena\/","name":"Ultimele rezultate \u0219i premii la Mega-Sena","isPartOf":{"@id":"https:\/\/onlinelotto365.com\/ro\/#website"},"primaryImageOfPage":{"@id":"https:\/\/onlinelotto365.com\/ro\/numere-castigatoare\/mega-sena\/#primaryimage"},"image":{"@id":"https:\/\/onlinelotto365.com\/ro\/numere-castigatoare\/mega-sena\/#primaryimage"},"thumbnailUrl":"https:\/\/redfoxlotto.com\/image?size=8&amp;lottery=mega-sena","datePublished":"2022-11-23T11:38:51+00:00","dateModified":"2022-11-23T11:38:51+00:00","description":"Rezultatele pentru Mega-Sena Brazilia \u0219i multe alte loterii din \u00eentreaga lume g\u0103si\u021bi aici","breadcrumb":{"@id":"https:\/\/onlinelotto365.com\/ro\/numere-castigatoare\/mega-sena\/#breadcrumb"},"inLanguage":"ro-RO","potentialAction":[{"@type":"ReadAction","target":["https:\/\/onlinelotto365.com\/ro\/numere-castigatoare\/mega-sena\/"]}]},{"@type":"ImageObject","inLanguage":"ro-RO","@id":"https:\/\/onlinelotto365.com\/ro\/numere-castigatoare\/mega-sena\/#primaryimage","url":"https:\/\/redfoxlotto.com\/image?size=8&amp;lottery=mega-sena","contentUrl":"https:\/\/redfoxlotto.com\/image?size=8&amp;lottery=mega-sena"},{"@type":"BreadcrumbList","@id":"https:\/\/onlinelotto365.com\/ro\/numere-castigatoare\/mega-sena\/#breadcrumb","itemListElement":[{"@type":"ListItem","position":1,"name":"Home","item":"https:\/\/onlinelotto365.com\/ro\/"},{"@type":"ListItem","position":2,"name":"G\u0103se\u0219te numerele c\u00e2\u0219tig\u0103toare \u0219i rezultatele celor mai recente extrageri loto.","item":"https:\/\/onlinelotto365.com\/ro\/numere-castigatoare\/"},{"@type":"ListItem","position":3,"name":"Mega-Sena din Brazilia &#8211; ultimele numere c\u00e2\u0219tig\u0103toare"}]},{"@type":"WebSite","@id":"https:\/\/onlinelotto365.com\/ro\/#website","url":"https:\/\/onlinelotto365.com\/ro\/","name":"OnlineLotto365","description":"","potentialAction":[{"@type":"SearchAction","target":{"@type":"EntryPoint","urlTemplate":"https:\/\/onlinelotto365.com\/ro\/?s={search_term_string}"},"query-input":{"@type":"PropertyValueSpecification","valueRequired":true,"valueName":"search_term_string"}}],"inLanguage":"ro-RO"}]}},"_links":{"self":[{"href":"https:\/\/onlinelotto365.com\/ro\/wp-json\/wp\/v2\/pages\/80875","targetHints":{"allow":["GET"]}}],"collection":[{"href":"https:\/\/onlinelotto365.com\/ro\/wp-json\/wp\/v2\/pages"}],"about":[{"href":"https:\/\/onlinelotto365.com\/ro\/wp-json\/wp\/v2\/types\/page"}],"author":[{"embeddable":true,"href":"https:\/\/onlinelotto365.com\/ro\/wp-json\/wp\/v2\/users\/1"}],"replies":[{"embeddable":true,"href":"https:\/\/onlinelotto365.com\/ro\/wp-json\/wp\/v2\/comments?post=80875"}],"version-history":[{"count":0,"href":"https:\/\/onlinelotto365.com\/ro\/wp-json\/wp\/v2\/pages\/80875\/revisions"}],"up":[{"embeddable":true,"href":"https:\/\/onlinelotto365.com\/ro\/wp-json\/wp\/v2\/pages\/5862"}],"wp:attachment":[{"href":"https:\/\/onlinelotto365.com\/ro\/wp-json\/wp\/v2\/media?parent=80875"}],"curies":[{"name":"wp","href":"https:\/\/api.w.org\/{rel}","templated":true}]}}