{"id":80907,"date":"2022-11-23T13:39:30","date_gmt":"2022-11-23T12:39:30","guid":{"rendered":"https:\/\/onlinelotto365.com\/?page_id=80907"},"modified":"2022-11-23T13:39:30","modified_gmt":"2022-11-23T12:39:30","slug":"powerball-australia","status":"publish","type":"page","link":"https:\/\/onlinelotto365.com\/ro\/numere-castigatoare\/powerball-australia\/","title":{"rendered":"Powerball Australia &#8211; cele mai recente \u0219i anterioare numere c\u00e2\u0219tig\u0103toare, rezultate"},"content":{"rendered":"<p>\u00cen cazul loteriilor interna\u021bionale, pute\u021bi \u00eencerca s\u0103 verifica\u021bi rezultatele \u00een ziar, dar este pu\u021bin probabil s\u0103 g\u0103si\u021bi numerele c\u00e2\u0219tig\u0103toare pentru Powerball Australia \u00een ziarul local. Este posibil s\u0103 nu le g\u0103si\u021bi nici pe vreunul dintre canalele TV locale. Dac\u0103 da, va fi nevoie de ceva timp \u0219i efort pentru a g\u0103si canalul potrivit.<\/p>\n<p>O alt\u0103 op\u021biune este s\u0103 verifica\u021bi site-ul web pentru Powerball Australia pentru a vedea dac\u0103 ofer\u0103 o op\u021biune de extragere live. Dac\u0103 o fac, s-ar putea s\u0103 pute\u021bi urm\u0103ri \u00eempreun\u0103 \u0219i s\u0103 v\u0103 bucura\u021bi din plin de faptul c\u0103 v\u0103 vede\u021bi numerele extrase \u00een direct. Dar nu toate jocurile ofer\u0103 aceast\u0103 op\u021biune \u0219i s-ar putea s\u0103 v\u0103 trezi\u021bi c\u0103 pierde\u021bi cu totul aceast\u0103 experien\u021b\u0103.<br \/>\nDe asemenea, te po\u021bi uita pe YouTube pentru a vedea dac\u0103 exist\u0103 o \u00eenregistrare a extragerii live pentru Powerball Australia. Aceasta ar putea fi o modalitate bun\u0103 de a afla rezultatele dup\u0103 ce extragerea a fost efectuat\u0103.<br \/>\n<a href=\"https:\/\/redfoxlotto.com\/play\/powerball-au\/?ref=a8564250a2&amp;medium=ol365\" target=\"_blank\" rel=\"noopener noreferrer\"><img decoding=\"async\" class=\"aligncenter\" src=\"https:\/\/redfoxlotto.com\/image?size=8&amp;lottery=powerball-au\" alt=\"Powerball Australia\" \/><\/a><br \/>\nCel mai bun mod \u00een care pute\u021bi g\u0103si rezultatele la Powerball Australia este, totu\u0219i, s\u0103 consulta\u021bi site-ul nostru. Ve\u021bi putea g\u0103si rezultatele pentru acest joc \u0219i pentru orice alt joc pe care \u00eel avem disponibil, a\u0219a c\u0103 nu trebuie s\u0103 v\u0103 face\u021bi griji c\u0103 nu ve\u021bi pierde absolut nimic.<\/p>\n<h2>Cum s\u0103 afli dac\u0103 biletul t\u0103u online a c\u00e2\u0219tigat<\/h2>\n<p>Ce se \u00eent\u00e2mpl\u0103 dac\u0103 v-a\u021bi cump\u0103rat deja propriile bilete pentru Powerball Australia? Ei bine, atunci v\u0103 este \u0219i mai u\u0219or s\u0103 verifica\u021bi numerele c\u00e2\u0219tig\u0103toare. \u00cen loc s\u0103 verifica\u021bi pagina obi\u0219nuit\u0103 cu rezultatele loteriei, pute\u021bi verifica pagina cu bilete din contul dumneavoastr\u0103. Acest lucru v\u0103 va permite s\u0103 vede\u021bi numerele c\u00e2\u0219tig\u0103toare \u00een compara\u021bie cu ale dumneavoastr\u0103, ceea ce va fi chiar mai bine pentru nevoile dumneavoastr\u0103.<\/p>\n<p>Pute\u021bi c\u0103uta orice num\u0103r din biletul dvs. care este eviden\u021biat, ceea ce \u00eenseamn\u0103 c\u0103 se potrive\u0219te cu numerele c\u00e2\u0219tig\u0103toare. Apoi, pute\u021bi vedea c\u00e2t de mult a\u021bi c\u00e2\u0219tigat. Iar dac\u0103 este mai mic\u0103 de 2500 de euro, aceasta va fi creditat\u0103 \u00een contul t\u0103u, pur \u0219i simplu.<\/p>\n<h2>Arhiva rezultatelor Powerball Australia<\/h2>\n<p>Pe site-ul nostru, v\u0103 facilit\u0103m verificarea nu numai a numerelor curente de loterie pentru Powerball Australia \u0219i nu numai, ci \u0219i a numerelor vechi. Unul dintre cele mai populare moduri \u00een care oamenii \u00ee\u0219i aleg numerele este s\u0103 se uite la unele dintre cele mai vechi, a\u0219a c\u0103 ne asigur\u0103m c\u0103 pute\u021bi g\u0103si aceste numere pe orice pagin\u0103 \u00een care oferim numerele c\u00e2\u0219tig\u0103toare actuale.<\/p>\n<h2>Biletul meu a c\u00e2\u0219tigat, ce se \u00eent\u00e2mpl\u0103 \u00een continuare?<\/h2>\n<p>Dac\u0103 biletul dvs. este c\u00e2\u0219tig\u0103tor, trebuie doar s\u0103 sta\u021bi lini\u0219tit \u0219i s\u0103 ne l\u0103sa\u021bi s\u0103 v\u0103 ajut\u0103m s\u0103 v\u0103 primi\u021bi banii la care ave\u021bi dreptul. Dac\u0103 a\u021bi c\u00e2\u0219tigat mai pu\u021bin de 2500 \u20ac, \u00eei vom credita \u00een contul dvs. de juc\u0103tor imediat ce rezultatele sunt verificate. Apoi vei putea retrage banii at\u00e2ta timp c\u00e2t \u00een contul t\u0103u exist\u0103 10 \u20ac.<\/p>\n","protected":false},"excerpt":{"rendered":"<p>\u00cen cazul loteriilor interna\u021bionale, pute\u021bi \u00eencerca s\u0103 verifica\u021bi rezultatele \u00een ziar, dar este pu\u021bin probabil s\u0103 g\u0103si\u021bi numerele c\u00e2\u0219tig\u0103toare pentru Powerball Australia \u00een ziarul local. Este posibil s\u0103 nu le g\u0103si\u021bi nici pe vreunul dintre canalele TV locale. Dac\u0103 da, va fi nevoie de ceva timp \u0219i efort pentru a g\u0103si canalul potrivit. O alt\u0103 [&hellip;]<\/p>\n","protected":false},"author":1,"featured_media":0,"parent":5862,"menu_order":13,"comment_status":"closed","ping_status":"closed","template":"powerball-au-results.php","meta":{"_et_pb_use_builder":"","_et_pb_old_content":"","_et_gb_content_width":"","exclude_from_search":false,"footnotes":""},"class_list":["post-80907","page","type-page","status-publish","hentry"],"yoast_head":"<!-- This site is optimized with the Yoast SEO plugin v23.4 - https:\/\/yoast.com\/wordpress\/plugins\/seo\/ -->\n<title>Ultimele \u0219i precedentele rezultate \u0219i numere c\u00e2\u0219tig\u0103toare la Powerball Australia<\/title>\n<meta name=\"description\" content=\"Public\u0103m numerele c\u00e2\u0219tig\u0103toare Powerball Australia imediat dup\u0103 extragere\" \/>\n<meta name=\"robots\" content=\"index, follow, max-snippet:-1, max-image-preview:large, max-video-preview:-1\" \/>\n<link rel=\"canonical\" href=\"https:\/\/onlinelotto365.com\/ro\/numere-castigatoare\/powerball-australia\/\" \/>\n<meta property=\"og:locale\" content=\"ro_RO\" \/>\n<meta property=\"og:type\" content=\"article\" \/>\n<meta property=\"og:title\" content=\"Ultimele \u0219i precedentele rezultate \u0219i numere c\u00e2\u0219tig\u0103toare la Powerball Australia\" \/>\n<meta property=\"og:description\" content=\"Public\u0103m numerele c\u00e2\u0219tig\u0103toare Powerball Australia imediat dup\u0103 extragere\" \/>\n<meta property=\"og:url\" content=\"https:\/\/onlinelotto365.com\/ro\/numere-castigatoare\/powerball-australia\/\" \/>\n<meta property=\"og:site_name\" content=\"OnlineLotto365\" \/>\n<meta property=\"og:image\" content=\"https:\/\/redfoxlotto.com\/image?size=8&amp;lottery=powerball-au\" \/>\n<meta name=\"twitter:card\" content=\"summary_large_image\" \/>\n<meta name=\"twitter:label1\" content=\"Timp estimat pentru citire\" \/>\n\t<meta name=\"twitter:data1\" content=\"3 minute\" \/>\n<script type=\"application\/ld+json\" class=\"yoast-schema-graph\">{\"@context\":\"https:\/\/schema.org\",\"@graph\":[{\"@type\":\"WebPage\",\"@id\":\"https:\/\/onlinelotto365.com\/ro\/numere-castigatoare\/powerball-australia\/\",\"url\":\"https:\/\/onlinelotto365.com\/ro\/numere-castigatoare\/powerball-australia\/\",\"name\":\"Ultimele \u0219i precedentele rezultate \u0219i numere c\u00e2\u0219tig\u0103toare la Powerball Australia\",\"isPartOf\":{\"@id\":\"https:\/\/onlinelotto365.com\/ro\/#website\"},\"primaryImageOfPage\":{\"@id\":\"https:\/\/onlinelotto365.com\/ro\/numere-castigatoare\/powerball-australia\/#primaryimage\"},\"image\":{\"@id\":\"https:\/\/onlinelotto365.com\/ro\/numere-castigatoare\/powerball-australia\/#primaryimage\"},\"thumbnailUrl\":\"https:\/\/redfoxlotto.com\/image?size=8&amp;lottery=powerball-au\",\"datePublished\":\"2022-11-23T12:39:30+00:00\",\"dateModified\":\"2022-11-23T12:39:30+00:00\",\"description\":\"Public\u0103m numerele c\u00e2\u0219tig\u0103toare Powerball Australia imediat dup\u0103 extragere\",\"breadcrumb\":{\"@id\":\"https:\/\/onlinelotto365.com\/ro\/numere-castigatoare\/powerball-australia\/#breadcrumb\"},\"inLanguage\":\"ro-RO\",\"potentialAction\":[{\"@type\":\"ReadAction\",\"target\":[\"https:\/\/onlinelotto365.com\/ro\/numere-castigatoare\/powerball-australia\/\"]}]},{\"@type\":\"ImageObject\",\"inLanguage\":\"ro-RO\",\"@id\":\"https:\/\/onlinelotto365.com\/ro\/numere-castigatoare\/powerball-australia\/#primaryimage\",\"url\":\"https:\/\/redfoxlotto.com\/image?size=8&amp;lottery=powerball-au\",\"contentUrl\":\"https:\/\/redfoxlotto.com\/image?size=8&amp;lottery=powerball-au\"},{\"@type\":\"BreadcrumbList\",\"@id\":\"https:\/\/onlinelotto365.com\/ro\/numere-castigatoare\/powerball-australia\/#breadcrumb\",\"itemListElement\":[{\"@type\":\"ListItem\",\"position\":1,\"name\":\"Home\",\"item\":\"https:\/\/onlinelotto365.com\/ro\/\"},{\"@type\":\"ListItem\",\"position\":2,\"name\":\"G\u0103se\u0219te numerele c\u00e2\u0219tig\u0103toare \u0219i rezultatele celor mai recente extrageri loto.\",\"item\":\"https:\/\/onlinelotto365.com\/ro\/numere-castigatoare\/\"},{\"@type\":\"ListItem\",\"position\":3,\"name\":\"Powerball Australia &#8211; cele mai recente \u0219i anterioare numere c\u00e2\u0219tig\u0103toare, rezultate\"}]},{\"@type\":\"WebSite\",\"@id\":\"https:\/\/onlinelotto365.com\/ro\/#website\",\"url\":\"https:\/\/onlinelotto365.com\/ro\/\",\"name\":\"OnlineLotto365\",\"description\":\"\",\"potentialAction\":[{\"@type\":\"SearchAction\",\"target\":{\"@type\":\"EntryPoint\",\"urlTemplate\":\"https:\/\/onlinelotto365.com\/ro\/?s={search_term_string}\"},\"query-input\":{\"@type\":\"PropertyValueSpecification\",\"valueRequired\":true,\"valueName\":\"search_term_string\"}}],\"inLanguage\":\"ro-RO\"}]}<\/script>\n<!-- \/ Yoast SEO plugin. -->","yoast_head_json":{"title":"Ultimele \u0219i precedentele rezultate \u0219i numere c\u00e2\u0219tig\u0103toare la Powerball Australia","description":"Public\u0103m numerele c\u00e2\u0219tig\u0103toare Powerball Australia imediat dup\u0103 extragere","robots":{"index":"index","follow":"follow","max-snippet":"max-snippet:-1","max-image-preview":"max-image-preview:large","max-video-preview":"max-video-preview:-1"},"canonical":"https:\/\/onlinelotto365.com\/ro\/numere-castigatoare\/powerball-australia\/","og_locale":"ro_RO","og_type":"article","og_title":"Ultimele \u0219i precedentele rezultate \u0219i numere c\u00e2\u0219tig\u0103toare la Powerball Australia","og_description":"Public\u0103m numerele c\u00e2\u0219tig\u0103toare Powerball Australia imediat dup\u0103 extragere","og_url":"https:\/\/onlinelotto365.com\/ro\/numere-castigatoare\/powerball-australia\/","og_site_name":"OnlineLotto365","og_image":[{"url":"https:\/\/redfoxlotto.com\/image?size=8&amp;lottery=powerball-au"}],"twitter_card":"summary_large_image","twitter_misc":{"Timp estimat pentru citire":"3 minute"},"schema":{"@context":"https:\/\/schema.org","@graph":[{"@type":"WebPage","@id":"https:\/\/onlinelotto365.com\/ro\/numere-castigatoare\/powerball-australia\/","url":"https:\/\/onlinelotto365.com\/ro\/numere-castigatoare\/powerball-australia\/","name":"Ultimele \u0219i precedentele rezultate \u0219i numere c\u00e2\u0219tig\u0103toare la Powerball Australia","isPartOf":{"@id":"https:\/\/onlinelotto365.com\/ro\/#website"},"primaryImageOfPage":{"@id":"https:\/\/onlinelotto365.com\/ro\/numere-castigatoare\/powerball-australia\/#primaryimage"},"image":{"@id":"https:\/\/onlinelotto365.com\/ro\/numere-castigatoare\/powerball-australia\/#primaryimage"},"thumbnailUrl":"https:\/\/redfoxlotto.com\/image?size=8&amp;lottery=powerball-au","datePublished":"2022-11-23T12:39:30+00:00","dateModified":"2022-11-23T12:39:30+00:00","description":"Public\u0103m numerele c\u00e2\u0219tig\u0103toare Powerball Australia imediat dup\u0103 extragere","breadcrumb":{"@id":"https:\/\/onlinelotto365.com\/ro\/numere-castigatoare\/powerball-australia\/#breadcrumb"},"inLanguage":"ro-RO","potentialAction":[{"@type":"ReadAction","target":["https:\/\/onlinelotto365.com\/ro\/numere-castigatoare\/powerball-australia\/"]}]},{"@type":"ImageObject","inLanguage":"ro-RO","@id":"https:\/\/onlinelotto365.com\/ro\/numere-castigatoare\/powerball-australia\/#primaryimage","url":"https:\/\/redfoxlotto.com\/image?size=8&amp;lottery=powerball-au","contentUrl":"https:\/\/redfoxlotto.com\/image?size=8&amp;lottery=powerball-au"},{"@type":"BreadcrumbList","@id":"https:\/\/onlinelotto365.com\/ro\/numere-castigatoare\/powerball-australia\/#breadcrumb","itemListElement":[{"@type":"ListItem","position":1,"name":"Home","item":"https:\/\/onlinelotto365.com\/ro\/"},{"@type":"ListItem","position":2,"name":"G\u0103se\u0219te numerele c\u00e2\u0219tig\u0103toare \u0219i rezultatele celor mai recente extrageri loto.","item":"https:\/\/onlinelotto365.com\/ro\/numere-castigatoare\/"},{"@type":"ListItem","position":3,"name":"Powerball Australia &#8211; cele mai recente \u0219i anterioare numere c\u00e2\u0219tig\u0103toare, rezultate"}]},{"@type":"WebSite","@id":"https:\/\/onlinelotto365.com\/ro\/#website","url":"https:\/\/onlinelotto365.com\/ro\/","name":"OnlineLotto365","description":"","potentialAction":[{"@type":"SearchAction","target":{"@type":"EntryPoint","urlTemplate":"https:\/\/onlinelotto365.com\/ro\/?s={search_term_string}"},"query-input":{"@type":"PropertyValueSpecification","valueRequired":true,"valueName":"search_term_string"}}],"inLanguage":"ro-RO"}]}},"_links":{"self":[{"href":"https:\/\/onlinelotto365.com\/ro\/wp-json\/wp\/v2\/pages\/80907","targetHints":{"allow":["GET"]}}],"collection":[{"href":"https:\/\/onlinelotto365.com\/ro\/wp-json\/wp\/v2\/pages"}],"about":[{"href":"https:\/\/onlinelotto365.com\/ro\/wp-json\/wp\/v2\/types\/page"}],"author":[{"embeddable":true,"href":"https:\/\/onlinelotto365.com\/ro\/wp-json\/wp\/v2\/users\/1"}],"replies":[{"embeddable":true,"href":"https:\/\/onlinelotto365.com\/ro\/wp-json\/wp\/v2\/comments?post=80907"}],"version-history":[{"count":0,"href":"https:\/\/onlinelotto365.com\/ro\/wp-json\/wp\/v2\/pages\/80907\/revisions"}],"up":[{"embeddable":true,"href":"https:\/\/onlinelotto365.com\/ro\/wp-json\/wp\/v2\/pages\/5862"}],"wp:attachment":[{"href":"https:\/\/onlinelotto365.com\/ro\/wp-json\/wp\/v2\/media?parent=80907"}],"curies":[{"name":"wp","href":"https:\/\/api.w.org\/{rel}","templated":true}]}}