{"id":80940,"date":"2022-11-23T21:58:20","date_gmt":"2022-11-23T20:58:20","guid":{"rendered":"https:\/\/onlinelotto365.com\/?page_id=80940"},"modified":"2022-11-23T21:58:20","modified_gmt":"2022-11-23T20:58:20","slug":"oz-lotto","status":"publish","type":"page","link":"https:\/\/onlinelotto365.com\/ro\/numere-castigatoare\/oz-lotto\/","title":{"rendered":"Numerele c\u00e2\u0219tig\u0103toare de la Oz Loto"},"content":{"rendered":"<p>Exist\u0103 o mul\u021bime de op\u021biuni de loterie interna\u021bional\u0103 disponibile pe site-ul nostru, iar atunci c\u00e2nd joci aceste jocuri, trebuie s\u0103 te asiguri c\u0103 po\u021bi verifica numerele c\u00e2\u0219tig\u0103toare. O modalitate este prin intermediul unui ziar, dar g\u0103sirea rezultatelor Oz Lotto \u00een ziar poate fi dificil\u0103. O alt\u0103 op\u021biune este la televizor, dar g\u0103sirea canalului potrivit pentru a urm\u0103ri extragerea sau pentru a vedea rezultatele poate fi, de asemenea, o situa\u021bie dificil\u0103 pentru majoritatea oamenilor.<br \/>\n<a href=\"https:\/\/redfoxlotto.com\/play\/oz-lotto\/?ref=a8564250a2&amp;medium=ol365\" target=\"_blank\" rel=\"noopener noreferrer\"><img decoding=\"async\" class=\"aligncenter\" src=\"https:\/\/redfoxlotto.com\/image?size=8&amp;lottery=oz-lotto\" alt=\"Oz Lotto\" \/><\/a><br \/>\nApoi, pute\u021bi verifica site-ul oficial al Oz Lotto \u0219i s\u0103 vede\u021bi dac\u0103 pute\u021bi ob\u021bine rezultatele acolo. Unele jocuri v\u0103 vor permite s\u0103 urm\u0103ri\u021bi tragerea \u00een direct pe site-ul lor. Dar re\u021bine\u021bi c\u0103 acest lucru nu este posibil cu toate jocurile loto \u0219i s-ar putea s\u0103 v\u0103 trezi\u021bi f\u0103r\u0103 aceast\u0103 oportunitate.<\/p>\n<p>Dup\u0103 ce extragerea a avut loc, pute\u021bi uneori s\u0103 face\u021bi o c\u0103utare pe YouTube pentru a vedea rezultatele ultimei extrageri Oz Lotto. Nici acestea nu sunt \u00eentotdeauna disponibile, dar uneori cineva posteaz\u0103 un video cu extragerea sau numerele \u00een direct.<\/p>\n<p>Cel mai bun lucru pe care \u00eel pute\u021bi face, totu\u0219i, dac\u0103 dori\u021bi s\u0103 ob\u021bine\u021bi cele mai recente numere c\u00e2\u0219tig\u0103toare, este s\u0103 verifica\u021bi site-ul nostru \u0219i pagina noastr\u0103 cu rezultatele loto. Acolo am pus rezultatele pentru fiecare joc de loterie pe care \u00eel pute\u021bi cump\u0103ra pe site-ul nostru, astfel \u00eenc\u00e2t s\u0103 \u0219ti\u021bi unde s\u0103 c\u0103uta\u021bi.<\/p>\n<h2>Cum s\u0103 afli dac\u0103 biletul t\u0103u online a c\u00e2\u0219tigat<\/h2>\n<p>Pentru cei care au cump\u0103rat bilete la oricare dintre jocurile pe care le oferim, v\u0103 pute\u021bi autentifica \u00een contul dvs. \u0219i pute\u021bi merge la pagina unde sunt stocate biletele dvs. Aceast\u0103 pagin\u0103 v\u0103 va oferi toate informa\u021biile de care ave\u021bi nevoie. Ve\u021bi putea vedea biletele dvs. loto, precum \u0219i numerele c\u00e2\u0219tig\u0103toare.<br \/>\nDac\u0103 sunte\u021bi suficient de norocos s\u0103 potrivi\u021bi vreun num\u0103r, ve\u021bi vedea, de asemenea, numerele care se potrivesc eviden\u021biate pe ecran. \u0218i pute\u021bi verifica cantitatea de numere potrivite \u0219i doar ce premiu a\u021bi c\u00e2\u0219tigat. Dac\u0103 este mai mic de 2500 \u20ac, v\u0103 pute\u021bi uita \u00een contul dvs. \u0219i \u00eel pute\u021bi g\u0103si chiar \u00een contul dvs. de juc\u0103tor imediat ce rezultatele sunt verificate.<\/p>\n<h2>Arhiva rezultatelor Oz Lotto<\/h2>\n<p>Pentru cei care doresc s\u0103 se uite la numere mai vechi de la Oz Lotto sau de la alte jocuri de loterie, pot g\u0103si cu u\u0219urin\u021b\u0103 arhivele legate de orice pagin\u0103 unde sunt afi\u0219ate numerele curente. Acest lucru v\u0103 permite s\u0103 g\u0103si\u021bi mai u\u0219or numerele pe care le c\u0103uta\u021bi pentru a v\u0103 ajuta la pronosticurile viitoare.<\/p>\n<h2>Biletul meu a c\u00e2\u0219tigat, ce se \u00eent\u00e2mpl\u0103 \u00een continuare?<\/h2>\n<p><img loading=\"lazy\" decoding=\"async\" class=\"alignright wp-image-3624\" src=\"https:\/\/onlinelotto365.com\/wp-content\/uploads\/2020\/11\/online_lottery-74-200x300.jpg\" alt=\"numere c\u00e2\u0219tig\u0103toare la Oz Loto\" width=\"123\" height=\"185\" srcset=\"https:\/\/onlinelotto365.com\/wp-content\/uploads\/2020\/11\/online_lottery-74-200x300.jpg 200w, https:\/\/onlinelotto365.com\/wp-content\/uploads\/2020\/11\/online_lottery-74.jpg 320w\" sizes=\"auto, (max-width: 123px) 100vw, 123px\" \/><br \/>\nAm vorbit deja despre modul \u00een care v\u0103 pute\u021bi primi c\u00e2\u0219tigurile dac\u0103 biletul dvs. se potrive\u0219te cu numerele c\u00e2\u0219tig\u0103toare, dar haide\u021bi s\u0103 arunc\u0103m \u0219i o privire pu\u021bin mai atent\u0103. Dac\u0103 ave\u021bi un bilet cu o valoare mai mic\u0103 de 2500 \u20ac, ve\u021bi g\u0103si banii ad\u0103uga\u021bi automat \u00een contul dvs. imediat ce numerele c\u00e2\u0219tig\u0103toare au fost verificate.<\/p>\n<p>Apoi, dac\u0103 ave\u021bi cel pu\u021bin 10 \u20ac \u00een cont, pute\u021bi retrage acei bani folosind orice metod\u0103 de plat\u0103 pe care a\u021bi folosit-o deja \u00een contul dumneavoastr\u0103. Trebuie doar s\u0103 completa\u021bi c\u00e2teva formulare pentru a v\u0103 verifica identitatea, iar banii vor ajunge \u00een contul dumneavoastr\u0103 \u00een cel mai scurt timp. Sau \u00eei pute\u021bi l\u0103sa acolo unde sunt \u0219i \u00eei pute\u021bi folosi pentru a cump\u0103ra \u0219i mai multe bilete mai t\u00e2rziu.<\/p>\n","protected":false},"excerpt":{"rendered":"<p>Exist\u0103 o mul\u021bime de op\u021biuni de loterie interna\u021bional\u0103 disponibile pe site-ul nostru, iar atunci c\u00e2nd joci aceste jocuri, trebuie s\u0103 te asiguri c\u0103 po\u021bi verifica numerele c\u00e2\u0219tig\u0103toare. O modalitate este prin intermediul unui ziar, dar g\u0103sirea rezultatelor Oz Lotto \u00een ziar poate fi dificil\u0103. O alt\u0103 op\u021biune este la televizor, dar g\u0103sirea canalului potrivit pentru [&hellip;]<\/p>\n","protected":false},"author":1,"featured_media":0,"parent":5862,"menu_order":14,"comment_status":"closed","ping_status":"closed","template":"template-rightsidebar.php","meta":{"_et_pb_use_builder":"","_et_pb_old_content":"","_et_gb_content_width":"","exclude_from_search":false,"footnotes":""},"class_list":["post-80940","page","type-page","status-publish","hentry"],"yoast_head":"<!-- This site is optimized with the Yoast SEO plugin v23.4 - https:\/\/yoast.com\/wordpress\/plugins\/seo\/ -->\n<title>Oz Lotto rezultate \u0219i premii<\/title>\n<meta name=\"description\" content=\"C\u0103uta\u021bi rezultatele extragerii Oz Lotto? Iat\u0103 numerele c\u00e2\u0219tig\u0103toare\" \/>\n<meta name=\"robots\" content=\"index, follow, max-snippet:-1, max-image-preview:large, max-video-preview:-1\" \/>\n<link rel=\"canonical\" href=\"https:\/\/onlinelotto365.com\/ro\/numere-castigatoare\/oz-lotto\/\" \/>\n<meta property=\"og:locale\" content=\"ro_RO\" \/>\n<meta property=\"og:type\" content=\"article\" \/>\n<meta property=\"og:title\" content=\"Oz Lotto rezultate \u0219i premii\" \/>\n<meta property=\"og:description\" content=\"C\u0103uta\u021bi rezultatele extragerii Oz Lotto? Iat\u0103 numerele c\u00e2\u0219tig\u0103toare\" \/>\n<meta property=\"og:url\" content=\"https:\/\/onlinelotto365.com\/ro\/numere-castigatoare\/oz-lotto\/\" \/>\n<meta property=\"og:site_name\" content=\"OnlineLotto365\" \/>\n<meta property=\"og:image\" content=\"https:\/\/redfoxlotto.com\/image?size=8&amp;lottery=oz-lotto\" \/>\n<meta name=\"twitter:card\" content=\"summary_large_image\" \/>\n<meta name=\"twitter:label1\" content=\"Timp estimat pentru citire\" \/>\n\t<meta name=\"twitter:data1\" content=\"3 minute\" \/>\n<script type=\"application\/ld+json\" class=\"yoast-schema-graph\">{\"@context\":\"https:\/\/schema.org\",\"@graph\":[{\"@type\":\"WebPage\",\"@id\":\"https:\/\/onlinelotto365.com\/ro\/numere-castigatoare\/oz-lotto\/\",\"url\":\"https:\/\/onlinelotto365.com\/ro\/numere-castigatoare\/oz-lotto\/\",\"name\":\"Oz Lotto rezultate \u0219i premii\",\"isPartOf\":{\"@id\":\"https:\/\/onlinelotto365.com\/ro\/#website\"},\"primaryImageOfPage\":{\"@id\":\"https:\/\/onlinelotto365.com\/ro\/numere-castigatoare\/oz-lotto\/#primaryimage\"},\"image\":{\"@id\":\"https:\/\/onlinelotto365.com\/ro\/numere-castigatoare\/oz-lotto\/#primaryimage\"},\"thumbnailUrl\":\"https:\/\/redfoxlotto.com\/image?size=8&amp;lottery=oz-lotto\",\"datePublished\":\"2022-11-23T20:58:20+00:00\",\"dateModified\":\"2022-11-23T20:58:20+00:00\",\"description\":\"C\u0103uta\u021bi rezultatele extragerii Oz Lotto? Iat\u0103 numerele c\u00e2\u0219tig\u0103toare\",\"breadcrumb\":{\"@id\":\"https:\/\/onlinelotto365.com\/ro\/numere-castigatoare\/oz-lotto\/#breadcrumb\"},\"inLanguage\":\"ro-RO\",\"potentialAction\":[{\"@type\":\"ReadAction\",\"target\":[\"https:\/\/onlinelotto365.com\/ro\/numere-castigatoare\/oz-lotto\/\"]}]},{\"@type\":\"ImageObject\",\"inLanguage\":\"ro-RO\",\"@id\":\"https:\/\/onlinelotto365.com\/ro\/numere-castigatoare\/oz-lotto\/#primaryimage\",\"url\":\"https:\/\/redfoxlotto.com\/image?size=8&amp;lottery=oz-lotto\",\"contentUrl\":\"https:\/\/redfoxlotto.com\/image?size=8&amp;lottery=oz-lotto\"},{\"@type\":\"BreadcrumbList\",\"@id\":\"https:\/\/onlinelotto365.com\/ro\/numere-castigatoare\/oz-lotto\/#breadcrumb\",\"itemListElement\":[{\"@type\":\"ListItem\",\"position\":1,\"name\":\"Home\",\"item\":\"https:\/\/onlinelotto365.com\/ro\/\"},{\"@type\":\"ListItem\",\"position\":2,\"name\":\"G\u0103se\u0219te numerele c\u00e2\u0219tig\u0103toare \u0219i rezultatele celor mai recente extrageri loto.\",\"item\":\"https:\/\/onlinelotto365.com\/ro\/numere-castigatoare\/\"},{\"@type\":\"ListItem\",\"position\":3,\"name\":\"Numerele c\u00e2\u0219tig\u0103toare de la Oz Loto\"}]},{\"@type\":\"WebSite\",\"@id\":\"https:\/\/onlinelotto365.com\/ro\/#website\",\"url\":\"https:\/\/onlinelotto365.com\/ro\/\",\"name\":\"OnlineLotto365\",\"description\":\"\",\"potentialAction\":[{\"@type\":\"SearchAction\",\"target\":{\"@type\":\"EntryPoint\",\"urlTemplate\":\"https:\/\/onlinelotto365.com\/ro\/?s={search_term_string}\"},\"query-input\":{\"@type\":\"PropertyValueSpecification\",\"valueRequired\":true,\"valueName\":\"search_term_string\"}}],\"inLanguage\":\"ro-RO\"}]}<\/script>\n<!-- \/ Yoast SEO plugin. -->","yoast_head_json":{"title":"Oz Lotto rezultate \u0219i premii","description":"C\u0103uta\u021bi rezultatele extragerii Oz Lotto? Iat\u0103 numerele c\u00e2\u0219tig\u0103toare","robots":{"index":"index","follow":"follow","max-snippet":"max-snippet:-1","max-image-preview":"max-image-preview:large","max-video-preview":"max-video-preview:-1"},"canonical":"https:\/\/onlinelotto365.com\/ro\/numere-castigatoare\/oz-lotto\/","og_locale":"ro_RO","og_type":"article","og_title":"Oz Lotto rezultate \u0219i premii","og_description":"C\u0103uta\u021bi rezultatele extragerii Oz Lotto? Iat\u0103 numerele c\u00e2\u0219tig\u0103toare","og_url":"https:\/\/onlinelotto365.com\/ro\/numere-castigatoare\/oz-lotto\/","og_site_name":"OnlineLotto365","og_image":[{"url":"https:\/\/redfoxlotto.com\/image?size=8&amp;lottery=oz-lotto"}],"twitter_card":"summary_large_image","twitter_misc":{"Timp estimat pentru citire":"3 minute"},"schema":{"@context":"https:\/\/schema.org","@graph":[{"@type":"WebPage","@id":"https:\/\/onlinelotto365.com\/ro\/numere-castigatoare\/oz-lotto\/","url":"https:\/\/onlinelotto365.com\/ro\/numere-castigatoare\/oz-lotto\/","name":"Oz Lotto rezultate \u0219i premii","isPartOf":{"@id":"https:\/\/onlinelotto365.com\/ro\/#website"},"primaryImageOfPage":{"@id":"https:\/\/onlinelotto365.com\/ro\/numere-castigatoare\/oz-lotto\/#primaryimage"},"image":{"@id":"https:\/\/onlinelotto365.com\/ro\/numere-castigatoare\/oz-lotto\/#primaryimage"},"thumbnailUrl":"https:\/\/redfoxlotto.com\/image?size=8&amp;lottery=oz-lotto","datePublished":"2022-11-23T20:58:20+00:00","dateModified":"2022-11-23T20:58:20+00:00","description":"C\u0103uta\u021bi rezultatele extragerii Oz Lotto? Iat\u0103 numerele c\u00e2\u0219tig\u0103toare","breadcrumb":{"@id":"https:\/\/onlinelotto365.com\/ro\/numere-castigatoare\/oz-lotto\/#breadcrumb"},"inLanguage":"ro-RO","potentialAction":[{"@type":"ReadAction","target":["https:\/\/onlinelotto365.com\/ro\/numere-castigatoare\/oz-lotto\/"]}]},{"@type":"ImageObject","inLanguage":"ro-RO","@id":"https:\/\/onlinelotto365.com\/ro\/numere-castigatoare\/oz-lotto\/#primaryimage","url":"https:\/\/redfoxlotto.com\/image?size=8&amp;lottery=oz-lotto","contentUrl":"https:\/\/redfoxlotto.com\/image?size=8&amp;lottery=oz-lotto"},{"@type":"BreadcrumbList","@id":"https:\/\/onlinelotto365.com\/ro\/numere-castigatoare\/oz-lotto\/#breadcrumb","itemListElement":[{"@type":"ListItem","position":1,"name":"Home","item":"https:\/\/onlinelotto365.com\/ro\/"},{"@type":"ListItem","position":2,"name":"G\u0103se\u0219te numerele c\u00e2\u0219tig\u0103toare \u0219i rezultatele celor mai recente extrageri loto.","item":"https:\/\/onlinelotto365.com\/ro\/numere-castigatoare\/"},{"@type":"ListItem","position":3,"name":"Numerele c\u00e2\u0219tig\u0103toare de la Oz Loto"}]},{"@type":"WebSite","@id":"https:\/\/onlinelotto365.com\/ro\/#website","url":"https:\/\/onlinelotto365.com\/ro\/","name":"OnlineLotto365","description":"","potentialAction":[{"@type":"SearchAction","target":{"@type":"EntryPoint","urlTemplate":"https:\/\/onlinelotto365.com\/ro\/?s={search_term_string}"},"query-input":{"@type":"PropertyValueSpecification","valueRequired":true,"valueName":"search_term_string"}}],"inLanguage":"ro-RO"}]}},"_links":{"self":[{"href":"https:\/\/onlinelotto365.com\/ro\/wp-json\/wp\/v2\/pages\/80940","targetHints":{"allow":["GET"]}}],"collection":[{"href":"https:\/\/onlinelotto365.com\/ro\/wp-json\/wp\/v2\/pages"}],"about":[{"href":"https:\/\/onlinelotto365.com\/ro\/wp-json\/wp\/v2\/types\/page"}],"author":[{"embeddable":true,"href":"https:\/\/onlinelotto365.com\/ro\/wp-json\/wp\/v2\/users\/1"}],"replies":[{"embeddable":true,"href":"https:\/\/onlinelotto365.com\/ro\/wp-json\/wp\/v2\/comments?post=80940"}],"version-history":[{"count":0,"href":"https:\/\/onlinelotto365.com\/ro\/wp-json\/wp\/v2\/pages\/80940\/revisions"}],"up":[{"embeddable":true,"href":"https:\/\/onlinelotto365.com\/ro\/wp-json\/wp\/v2\/pages\/5862"}],"wp:attachment":[{"href":"https:\/\/onlinelotto365.com\/ro\/wp-json\/wp\/v2\/media?parent=80940"}],"curies":[{"name":"wp","href":"https:\/\/api.w.org\/{rel}","templated":true}]}}