{"id":80970,"date":"2022-11-25T09:07:43","date_gmt":"2022-11-25T08:07:43","guid":{"rendered":"https:\/\/onlinelotto365.com\/?page_id=80970"},"modified":"2022-11-25T09:07:43","modified_gmt":"2022-11-25T08:07:43","slug":"saturday-lotto-australia","status":"publish","type":"page","link":"https:\/\/onlinelotto365.com\/ro\/numere-castigatoare\/saturday-lotto-australia\/","title":{"rendered":"Verifica\u021bi numerele c\u00e2\u0219tig\u0103toare \u0219i sumele pentru s\u00e2mb\u0103t\u0103 Loto Australia"},"content":{"rendered":"<p>Exist\u0103 o mul\u021bime de jocuri interna\u021bionale diferite disponibile pe site-ul nostru \u0219i \u0219tim c\u0103 dori\u021bi s\u0103 pute\u021bi ob\u021bine numerele c\u00e2\u0219tig\u0103toare c\u00e2t mai repede posibil. Ziarul nu este, \u00een general, un loc bun pentru a g\u0103si numerele c\u00e2\u0219tig\u0103toare pentru Saturday Lotto Australia. De asemenea, nu este foarte bine nici s\u0103 te ui\u021bi la canalele TV \u0219i s\u0103 speri s\u0103 g\u0103se\u0219ti cel potrivit pentru acest joc. A\u0219adar, unde te duci pentru a ob\u021bine rezultatele?<br \/>\n<a href=\"https:\/\/redfoxlotto.com\/play\/saturday-lotto-au\/?ref=a8564250a2&amp;medium=ol365\" target=\"_blank\" rel=\"noopener noreferrer\"><img decoding=\"async\" class=\"aligncenter\" src=\"https:\/\/redfoxlotto.com\/image?size=8&amp;lottery=saturday-lotto-au\" alt=\"S\u00e2mb\u0103t\u0103 Loto Australia\" \/><\/a><\/p>\n<p>Site-ul loteriei este un loc unde pute\u021bi c\u0103uta. Unele jocuri de loterie ofer\u0103 transmisiuni \u00een direct ale extragerilor lor, dar Saturday Lotto Australia s-ar putea s\u0103 nu fie unul dintre ele. Trebuie s\u0103 verifici site-ul pentru a fi sigur \u0219i apoi trebuie s\u0103 te asiguri c\u0103 te ui\u021bi la momentul potrivit, dac\u0103 ofer\u0103 extragerea \u00een direct.<br \/>\n\u00cen cele din urm\u0103, dac\u0103 extragerea a fost deja finalizat\u0103, este posibil s\u0103 pute\u021bi face o c\u0103utare pe YouTube pentru a g\u0103si rezultatele pe care cineva le-a postat deja. Este posibil ca ace\u0219tia s\u0103 aib\u0103 un videoclip al extragerii \u00een direct pe care s\u0103 \u00eel treac\u0103.<\/p>\n<p>Totu\u0219i, cel mai simplu mod de a ob\u021bine rezultatele pe care le c\u0103uta\u021bi este s\u0103 v\u0103 \u00eentoarce\u021bi direct pe site-ul nostru. Acolo ve\u021bi g\u0103si toate numerele pentru Loto Australia de s\u00e2mb\u0103t\u0103, precum \u0219i pentru orice alt joc pe care dori\u021bi s\u0103 \u00eel juca\u021bi. Numerele sunt disponibile pe pagina noastr\u0103 de rezultate loto \u0219i sunt u\u0219or de g\u0103sit.<\/p>\n<h2>Cum s\u0103 afla\u021bi dac\u0103 biletul dvs. online a c\u00e2\u0219tigat<\/h2>\n<p>Oricine a cump\u0103rat deja bilete pentru Saturday Lotto Australia de pe site-ul nostru va avea un timp \u0219i mai u\u0219or, deoarece pute\u021bi intra \u00een contul dumneavoastr\u0103. Conecta\u021bi-v\u0103 \u0219i verifica\u021bi pagina \u00een care sunt stocate biletele dvs. Ve\u021bi g\u0103si nu doar numerele biletului dumneavoastr\u0103, ci \u0219i numerele c\u00e2\u0219tig\u0103toare pentru orice joc pe care l-a\u021bi jucat.<\/p>\n<p>De acolo, pute\u021bi c\u0103uta potriviri, pe care le vom marca pentru dvs. \u00een culori diferite. \u00cen acest fel, pute\u021bi vedea c\u00e2t a\u021bi c\u00e2\u0219tigat \u0219i unde se afl\u0103 banii \u00een contul dumneavoastr\u0103. Dac\u0103 sunt mai pu\u021bin de 2500 de euro, \u00eei punem deja direct \u00een cont pentru tine, a\u0219a c\u0103 nu trebuie s\u0103 faci nimic.<\/p>\n<h2>Arhiva rezultatelor Saturday Lotto Australia<\/h2>\n<p>Pentru cei care doresc s\u0103 caute numere mai vechi pentru Saturday Lotto Australia, nu trebuie s\u0103 v\u0103 face\u021bi griji. Ne asigur\u0103m c\u0103 arhivele sunt u\u0219or de g\u0103sit, ata\u0219\u00e2ndu-le la orice pagin\u0103 \u00een care afi\u0219\u0103m rezultatele loto curente. \u00cen acest fel, pute\u021bi verifica orice num\u0103r pe care \u00eel dori\u021bi, chiar \u0219i din urm\u0103 cu mult timp.<\/p>\n<h2>Biletul meu a c\u00e2\u0219tigat, ce se \u00eent\u00e2mpl\u0103 \u00een continuare?<\/h2>\n<p><img loading=\"lazy\" decoding=\"async\" class=\"alignright wp-image-3649\" src=\"https:\/\/onlinelotto365.com\/wp-content\/uploads\/2020\/11\/online_lottery-90-300x225.jpg\" alt=\"numere c\u00e2\u0219tig\u0103toare s\u00e2mb\u0103t\u0103 loto australia\" width=\"207\" height=\"155\" srcset=\"https:\/\/onlinelotto365.com\/wp-content\/uploads\/2020\/11\/online_lottery-90-300x225.jpg 300w, https:\/\/onlinelotto365.com\/wp-content\/uploads\/2020\/11\/online_lottery-90.jpg 320w\" sizes=\"auto, (max-width: 207px) 100vw, 207px\" \/><br \/>\nAm vorbit deja despre c\u00e2\u0219tigurile pe care le pute\u021bi ob\u021bine de pe urma biletelor dvs. la loto. Dac\u0103 aceste c\u00e2\u0219tiguri sunt mai mici de 2500 \u20ac, nu trebuie s\u0103 face\u021bi nimic pentru a le revendica. Vom pune banii \u00een contul dvs. de juc\u0103tor pentru dvs. imediat. Dac\u0103 c\u00e2\u0219tigurile sunt mai mari de 2.500 \u20ac, v\u0103 vom ajuta \u00een procesul de revendicare a acestora.<\/p>\n<p>Re\u021bine\u021bi, de asemenea, c\u0103 pute\u021bi retrage orice sum\u0103 de bani din contul dvs. at\u00e2ta timp c\u00e2t exist\u0103 cel pu\u021bin 10 \u20ac. Tot ce trebuie s\u0103 faci este s\u0103 alegi o metod\u0103 de plat\u0103 pe care ai mai folosit-o \u00een cont \u0219i s\u0103 completezi c\u00e2teva formulare de verificare pentru procesatorul nostru de pl\u0103\u021bi.<\/p>\n","protected":false},"excerpt":{"rendered":"<p>Exist\u0103 o mul\u021bime de jocuri interna\u021bionale diferite disponibile pe site-ul nostru \u0219i \u0219tim c\u0103 dori\u021bi s\u0103 pute\u021bi ob\u021bine numerele c\u00e2\u0219tig\u0103toare c\u00e2t mai repede posibil. Ziarul nu este, \u00een general, un loc bun pentru a g\u0103si numerele c\u00e2\u0219tig\u0103toare pentru Saturday Lotto Australia. De asemenea, nu este foarte bine nici s\u0103 te ui\u021bi la canalele TV \u0219i [&hellip;]<\/p>\n","protected":false},"author":1,"featured_media":0,"parent":5862,"menu_order":15,"comment_status":"closed","ping_status":"closed","template":"saturday-lotto-results.php","meta":{"_et_pb_use_builder":"","_et_pb_old_content":"","_et_gb_content_width":"","exclude_from_search":false,"footnotes":""},"class_list":["post-80970","page","type-page","status-publish","hentry"],"yoast_head":"<!-- This site is optimized with the Yoast SEO plugin v23.4 - https:\/\/yoast.com\/wordpress\/plugins\/seo\/ -->\n<title>Verifica\u021bi numerele c\u00e2\u0219tig\u0103toare \u0219i sumele pentru s\u00e2mb\u0103t\u0103 Loto Australia<\/title>\n<meta name=\"description\" content=\"Rezultatele extragerii, numerele c\u00e2\u0219tig\u0103toare Saturday lotto Australia, plus arhiva de rezultate\" \/>\n<meta name=\"robots\" content=\"index, follow, max-snippet:-1, max-image-preview:large, max-video-preview:-1\" \/>\n<link rel=\"canonical\" href=\"https:\/\/onlinelotto365.com\/ro\/numere-castigatoare\/saturday-lotto-australia\/\" \/>\n<meta property=\"og:locale\" content=\"ro_RO\" \/>\n<meta property=\"og:type\" content=\"article\" \/>\n<meta property=\"og:title\" content=\"Verifica\u021bi numerele c\u00e2\u0219tig\u0103toare \u0219i sumele pentru s\u00e2mb\u0103t\u0103 Loto Australia\" \/>\n<meta property=\"og:description\" content=\"Rezultatele extragerii, numerele c\u00e2\u0219tig\u0103toare Saturday lotto Australia, plus arhiva de rezultate\" \/>\n<meta property=\"og:url\" content=\"https:\/\/onlinelotto365.com\/ro\/numere-castigatoare\/saturday-lotto-australia\/\" \/>\n<meta property=\"og:site_name\" content=\"OnlineLotto365\" \/>\n<meta property=\"og:image\" content=\"https:\/\/redfoxlotto.com\/image?size=8&amp;lottery=saturday-lotto-au\" \/>\n<meta name=\"twitter:card\" content=\"summary_large_image\" \/>\n<meta name=\"twitter:label1\" content=\"Timp estimat pentru citire\" \/>\n\t<meta name=\"twitter:data1\" content=\"3 minute\" \/>\n<script type=\"application\/ld+json\" class=\"yoast-schema-graph\">{\"@context\":\"https:\/\/schema.org\",\"@graph\":[{\"@type\":\"WebPage\",\"@id\":\"https:\/\/onlinelotto365.com\/ro\/numere-castigatoare\/saturday-lotto-australia\/\",\"url\":\"https:\/\/onlinelotto365.com\/ro\/numere-castigatoare\/saturday-lotto-australia\/\",\"name\":\"Verifica\u021bi numerele c\u00e2\u0219tig\u0103toare \u0219i sumele pentru s\u00e2mb\u0103t\u0103 Loto Australia\",\"isPartOf\":{\"@id\":\"https:\/\/onlinelotto365.com\/ro\/#website\"},\"primaryImageOfPage\":{\"@id\":\"https:\/\/onlinelotto365.com\/ro\/numere-castigatoare\/saturday-lotto-australia\/#primaryimage\"},\"image\":{\"@id\":\"https:\/\/onlinelotto365.com\/ro\/numere-castigatoare\/saturday-lotto-australia\/#primaryimage\"},\"thumbnailUrl\":\"https:\/\/redfoxlotto.com\/image?size=8&amp;lottery=saturday-lotto-au\",\"datePublished\":\"2022-11-25T08:07:43+00:00\",\"dateModified\":\"2022-11-25T08:07:43+00:00\",\"description\":\"Rezultatele extragerii, numerele c\u00e2\u0219tig\u0103toare Saturday lotto Australia, plus arhiva de rezultate\",\"breadcrumb\":{\"@id\":\"https:\/\/onlinelotto365.com\/ro\/numere-castigatoare\/saturday-lotto-australia\/#breadcrumb\"},\"inLanguage\":\"ro-RO\",\"potentialAction\":[{\"@type\":\"ReadAction\",\"target\":[\"https:\/\/onlinelotto365.com\/ro\/numere-castigatoare\/saturday-lotto-australia\/\"]}]},{\"@type\":\"ImageObject\",\"inLanguage\":\"ro-RO\",\"@id\":\"https:\/\/onlinelotto365.com\/ro\/numere-castigatoare\/saturday-lotto-australia\/#primaryimage\",\"url\":\"https:\/\/redfoxlotto.com\/image?size=8&amp;lottery=saturday-lotto-au\",\"contentUrl\":\"https:\/\/redfoxlotto.com\/image?size=8&amp;lottery=saturday-lotto-au\"},{\"@type\":\"BreadcrumbList\",\"@id\":\"https:\/\/onlinelotto365.com\/ro\/numere-castigatoare\/saturday-lotto-australia\/#breadcrumb\",\"itemListElement\":[{\"@type\":\"ListItem\",\"position\":1,\"name\":\"Home\",\"item\":\"https:\/\/onlinelotto365.com\/ro\/\"},{\"@type\":\"ListItem\",\"position\":2,\"name\":\"G\u0103se\u0219te numerele c\u00e2\u0219tig\u0103toare \u0219i rezultatele celor mai recente extrageri loto.\",\"item\":\"https:\/\/onlinelotto365.com\/ro\/numere-castigatoare\/\"},{\"@type\":\"ListItem\",\"position\":3,\"name\":\"Verifica\u021bi numerele c\u00e2\u0219tig\u0103toare \u0219i sumele pentru s\u00e2mb\u0103t\u0103 Loto Australia\"}]},{\"@type\":\"WebSite\",\"@id\":\"https:\/\/onlinelotto365.com\/ro\/#website\",\"url\":\"https:\/\/onlinelotto365.com\/ro\/\",\"name\":\"OnlineLotto365\",\"description\":\"\",\"potentialAction\":[{\"@type\":\"SearchAction\",\"target\":{\"@type\":\"EntryPoint\",\"urlTemplate\":\"https:\/\/onlinelotto365.com\/ro\/?s={search_term_string}\"},\"query-input\":{\"@type\":\"PropertyValueSpecification\",\"valueRequired\":true,\"valueName\":\"search_term_string\"}}],\"inLanguage\":\"ro-RO\"}]}<\/script>\n<!-- \/ Yoast SEO plugin. -->","yoast_head_json":{"title":"Verifica\u021bi numerele c\u00e2\u0219tig\u0103toare \u0219i sumele pentru s\u00e2mb\u0103t\u0103 Loto Australia","description":"Rezultatele extragerii, numerele c\u00e2\u0219tig\u0103toare Saturday lotto Australia, plus arhiva de rezultate","robots":{"index":"index","follow":"follow","max-snippet":"max-snippet:-1","max-image-preview":"max-image-preview:large","max-video-preview":"max-video-preview:-1"},"canonical":"https:\/\/onlinelotto365.com\/ro\/numere-castigatoare\/saturday-lotto-australia\/","og_locale":"ro_RO","og_type":"article","og_title":"Verifica\u021bi numerele c\u00e2\u0219tig\u0103toare \u0219i sumele pentru s\u00e2mb\u0103t\u0103 Loto Australia","og_description":"Rezultatele extragerii, numerele c\u00e2\u0219tig\u0103toare Saturday lotto Australia, plus arhiva de rezultate","og_url":"https:\/\/onlinelotto365.com\/ro\/numere-castigatoare\/saturday-lotto-australia\/","og_site_name":"OnlineLotto365","og_image":[{"url":"https:\/\/redfoxlotto.com\/image?size=8&amp;lottery=saturday-lotto-au"}],"twitter_card":"summary_large_image","twitter_misc":{"Timp estimat pentru citire":"3 minute"},"schema":{"@context":"https:\/\/schema.org","@graph":[{"@type":"WebPage","@id":"https:\/\/onlinelotto365.com\/ro\/numere-castigatoare\/saturday-lotto-australia\/","url":"https:\/\/onlinelotto365.com\/ro\/numere-castigatoare\/saturday-lotto-australia\/","name":"Verifica\u021bi numerele c\u00e2\u0219tig\u0103toare \u0219i sumele pentru s\u00e2mb\u0103t\u0103 Loto Australia","isPartOf":{"@id":"https:\/\/onlinelotto365.com\/ro\/#website"},"primaryImageOfPage":{"@id":"https:\/\/onlinelotto365.com\/ro\/numere-castigatoare\/saturday-lotto-australia\/#primaryimage"},"image":{"@id":"https:\/\/onlinelotto365.com\/ro\/numere-castigatoare\/saturday-lotto-australia\/#primaryimage"},"thumbnailUrl":"https:\/\/redfoxlotto.com\/image?size=8&amp;lottery=saturday-lotto-au","datePublished":"2022-11-25T08:07:43+00:00","dateModified":"2022-11-25T08:07:43+00:00","description":"Rezultatele extragerii, numerele c\u00e2\u0219tig\u0103toare Saturday lotto Australia, plus arhiva de rezultate","breadcrumb":{"@id":"https:\/\/onlinelotto365.com\/ro\/numere-castigatoare\/saturday-lotto-australia\/#breadcrumb"},"inLanguage":"ro-RO","potentialAction":[{"@type":"ReadAction","target":["https:\/\/onlinelotto365.com\/ro\/numere-castigatoare\/saturday-lotto-australia\/"]}]},{"@type":"ImageObject","inLanguage":"ro-RO","@id":"https:\/\/onlinelotto365.com\/ro\/numere-castigatoare\/saturday-lotto-australia\/#primaryimage","url":"https:\/\/redfoxlotto.com\/image?size=8&amp;lottery=saturday-lotto-au","contentUrl":"https:\/\/redfoxlotto.com\/image?size=8&amp;lottery=saturday-lotto-au"},{"@type":"BreadcrumbList","@id":"https:\/\/onlinelotto365.com\/ro\/numere-castigatoare\/saturday-lotto-australia\/#breadcrumb","itemListElement":[{"@type":"ListItem","position":1,"name":"Home","item":"https:\/\/onlinelotto365.com\/ro\/"},{"@type":"ListItem","position":2,"name":"G\u0103se\u0219te numerele c\u00e2\u0219tig\u0103toare \u0219i rezultatele celor mai recente extrageri loto.","item":"https:\/\/onlinelotto365.com\/ro\/numere-castigatoare\/"},{"@type":"ListItem","position":3,"name":"Verifica\u021bi numerele c\u00e2\u0219tig\u0103toare \u0219i sumele pentru s\u00e2mb\u0103t\u0103 Loto Australia"}]},{"@type":"WebSite","@id":"https:\/\/onlinelotto365.com\/ro\/#website","url":"https:\/\/onlinelotto365.com\/ro\/","name":"OnlineLotto365","description":"","potentialAction":[{"@type":"SearchAction","target":{"@type":"EntryPoint","urlTemplate":"https:\/\/onlinelotto365.com\/ro\/?s={search_term_string}"},"query-input":{"@type":"PropertyValueSpecification","valueRequired":true,"valueName":"search_term_string"}}],"inLanguage":"ro-RO"}]}},"_links":{"self":[{"href":"https:\/\/onlinelotto365.com\/ro\/wp-json\/wp\/v2\/pages\/80970","targetHints":{"allow":["GET"]}}],"collection":[{"href":"https:\/\/onlinelotto365.com\/ro\/wp-json\/wp\/v2\/pages"}],"about":[{"href":"https:\/\/onlinelotto365.com\/ro\/wp-json\/wp\/v2\/types\/page"}],"author":[{"embeddable":true,"href":"https:\/\/onlinelotto365.com\/ro\/wp-json\/wp\/v2\/users\/1"}],"replies":[{"embeddable":true,"href":"https:\/\/onlinelotto365.com\/ro\/wp-json\/wp\/v2\/comments?post=80970"}],"version-history":[{"count":0,"href":"https:\/\/onlinelotto365.com\/ro\/wp-json\/wp\/v2\/pages\/80970\/revisions"}],"up":[{"embeddable":true,"href":"https:\/\/onlinelotto365.com\/ro\/wp-json\/wp\/v2\/pages\/5862"}],"wp:attachment":[{"href":"https:\/\/onlinelotto365.com\/ro\/wp-json\/wp\/v2\/media?parent=80970"}],"curies":[{"name":"wp","href":"https:\/\/api.w.org\/{rel}","templated":true}]}}