{"id":81004,"date":"2022-11-25T10:09:55","date_gmt":"2022-11-25T09:09:55","guid":{"rendered":"https:\/\/onlinelotto365.com\/?page_id=81004"},"modified":"2022-11-25T10:09:55","modified_gmt":"2022-11-25T09:09:55","slug":"luni-miercuri-loto","status":"publish","type":"page","link":"https:\/\/onlinelotto365.com\/ro\/numere-castigatoare\/luni-miercuri-loto\/","title":{"rendered":"Toate luni \u0219i miercuri Rezultate Lotto Australia"},"content":{"rendered":"<p>Exist\u0103 o mul\u021bime de jocuri interna\u021bionale diferite pe care le pute\u021bi juca la loto. \u0218i vrei s\u0103 po\u021bi ob\u021bine rezultatele pentru ele c\u00e2t mai repede posibil. O modalitate de a face acest lucru este s\u0103 c\u0103uta\u021bi un ziar care ofer\u0103 numerele c\u00e2\u0219tig\u0103toare de la Mon &amp; Wed Lotto Australia. Dar acestea pot fi greu de g\u0103sit. O alt\u0103 op\u021biune este televizorul, dar \u0219i aceste canale pot fi dificile. Dar dac\u0103 nu dori\u021bi s\u0103 face\u021bi multe cercet\u0103ri?<br \/>\n<a href=\"https:\/\/redfoxlotto.com\/play\/monday-wednesday-lotto-au\/?ref=a8564250a2&amp;medium=ol365\" target=\"_blank\" rel=\"noopener noreferrer\"><img decoding=\"async\" class=\"aligncenter\" src=\"https:\/\/redfoxlotto.com\/image?size=8&amp;lottery=monday-wednesday-lotto-au\" alt=\"Luni \u0219i Miercuri Loto Australia\" \/><\/a><\/p>\n<p>Verifica\u021bi site-ul Mon &amp; Wed Lotto Australia pentru a vedea dac\u0103 ofer\u0103 extrageri live. Extragerile live pentru orice joc pot fi foarte distractive, deoarece \u00ee\u021bi ofer\u0103 o mul\u021bime de emo\u021bii instantanee \u00een timp ce te ui\u021bi. Dar nu toate jocurile ofer\u0103 aceste tipuri de extrageri. Va trebui s\u0103 v\u0103 asigura\u021bi c\u0103 Mon &amp; Wed Lotto este unul dintre cele care le are disponibile.<\/p>\n<p>Apoi, pute\u021bi alege s\u0103 verifica\u021bi pe YouTube pentru a vedea dac\u0103 rezultatele pot fi g\u0103site acolo. S-ar putea s\u0103 fi\u021bi surprins de modul \u00een care unii oameni posteaz\u0103 rezultatele pentru extrageri sau chiar videoclipuri live ale extragerilor pentru aproape orice joc.<\/p>\n<p>Totu\u0219i, de departe cea mai u\u0219oar\u0103 op\u021biune pentru tine va fi s\u0103 te ui\u021bi pe site-ul nostru. Noi oferim toate numerele c\u00e2\u0219tig\u0103toare \u0219i sumele premiilor pentru fiecare joc pe care \u00eel pute\u021bi cump\u0103ra pe site-ul nostru. Acest lucru face mult mai u\u0219or pentru dvs. s\u0103 ob\u021bine\u021bi rezultatele \u00eentr-un singur loc \u0219i c\u00e2t de repede dori\u021bi.<\/p>\n<h2>Cum pute\u021bi afla dac\u0103 biletul dvs. online a c\u00e2\u0219tigat<\/h2>\n<p>Vestea \u0219i mai bun\u0103 este c\u0103, dac\u0103 a\u021bi cump\u0103rat un bilet pentru Mon &amp; Wed Lotto Australia cu noi, pute\u021bi merge direct \u00een contul dvs. de juc\u0103tor pentru a ob\u021bine rezultatele. Acolo ve\u021bi g\u0103si biletele pe care le-a\u021bi cump\u0103rat, precum \u0219i numerele c\u00e2\u0219tig\u0103toare pentru toate jocurile pe care a\u021bi ales s\u0103 le juca\u021bi.<\/p>\n<p>Ve\u021bi putea vedea numerele pe care le-a\u021bi ales \u0219i care se potrivesc cu numerele extrase, iar banii pe care i-a\u021bi c\u00e2\u0219tigat \u0219i care sunt mai mici de 2500 \u20ac vor fi ad\u0103uga\u021bi automat \u00een contul dumneavoastr\u0103. Ce poate fi mai u\u0219or de at\u00e2t?<\/p>\n<h2>Arhiva rezultatelor Lotto Australia de luni \u0219i miercuri<\/h2>\n<p><img loading=\"lazy\" decoding=\"async\" class=\"alignright wp-image-3542\" src=\"https:\/\/onlinelotto365.com\/wp-content\/uploads\/2020\/11\/online_lottery-154-300x200.jpg\" alt=\" Mon &amp;amp; Wed Lotto numere c\u00e2\u0219tig\u0103toare\" width=\"197\" height=\"131\" srcset=\"https:\/\/onlinelotto365.com\/wp-content\/uploads\/2020\/11\/online_lottery-154-300x200.jpg 300w, https:\/\/onlinelotto365.com\/wp-content\/uploads\/2020\/11\/online_lottery-154.jpg 320w\" sizes=\"auto, (max-width: 197px) 100vw, 197px\" \/><br \/>\nOrice pagin\u0103 de pe site-ul nostru care afi\u0219eaz\u0103 cele mai recente rezultate Mon &amp; Wed Lotto Australia v\u0103 va ar\u0103ta \u0219i numerele mai vechi pe care a\u021bi putea dori s\u0103 le verifica\u021bi. Acestea v\u0103 pot ajuta atunci c\u00e2nd vine vorba de alegerea numerelor pe care dori\u021bi s\u0103 le juca\u021bi data viitoare c\u00e2nd cump\u0103ra\u021bi un bilet.<\/p>\n<h2>Biletul meu a c\u00e2\u0219tigat, ce se \u00eent\u00e2mpl\u0103 \u00een continuare?<\/h2>\n<p>Dac\u0103 a\u021bi c\u00e2\u0219tigat la biletul dumneavoastr\u0103, trebuie doar s\u0103 v\u0103 uita\u021bi la c\u00e2t de mult ave\u021bi dreptul s\u0103 primi\u021bi. Dac\u0103 este mai pu\u021bin de 2500 \u20ac, vom avea grij\u0103 s\u0103 v\u0103 confirm\u0103m c\u00e2\u0219tigul \u0219i s\u0103 vi-l punem \u00een cont c\u00e2t mai cur\u00e2nd posibil. Apoi, dac\u0103 ave\u021bi cel pu\u021bin 10 \u20ac \u00een cont, pute\u021bi s\u0103 \u00eei retrage\u021bi \u00een orice metod\u0103 de plat\u0103 pe care a\u021bi folosit-o anterior \u00een contul dvs. Trebuie doar s\u0103 v\u0103 ocupa\u021bi de c\u00e2teva documente care vor permite procesatorului nostru de pl\u0103\u021bi s\u0103 \u0219tie cine sunte\u021bi \u0219i c\u0103 ave\u021bi dreptul la bani. Dac\u0103 ave\u021bi mai pu\u021bin de 10 euro sau dac\u0103 alege\u021bi s\u0103 l\u0103sa\u021bi banii \u00een cont, \u00eei pute\u021bi folosi pentru a cump\u0103ra mai multe bilete.<\/p>\n","protected":false},"excerpt":{"rendered":"<p>Exist\u0103 o mul\u021bime de jocuri interna\u021bionale diferite pe care le pute\u021bi juca la loto. \u0218i vrei s\u0103 po\u021bi ob\u021bine rezultatele pentru ele c\u00e2t mai repede posibil. O modalitate de a face acest lucru este s\u0103 c\u0103uta\u021bi un ziar care ofer\u0103 numerele c\u00e2\u0219tig\u0103toare de la Mon &amp; Wed Lotto Australia. Dar acestea pot fi greu de [&hellip;]<\/p>\n","protected":false},"author":1,"featured_media":0,"parent":5862,"menu_order":16,"comment_status":"closed","ping_status":"closed","template":"template-rightsidebar.php","meta":{"_et_pb_use_builder":"","_et_pb_old_content":"","_et_gb_content_width":"","exclude_from_search":false,"footnotes":""},"class_list":["post-81004","page","type-page","status-publish","hentry"],"yoast_head":"<!-- This site is optimized with the Yoast SEO plugin v23.4 - https:\/\/yoast.com\/wordpress\/plugins\/seo\/ -->\n<title>Mon &amp; Wed Lotto Australia numere c\u00e2\u0219tig\u0103toare<\/title>\n<meta name=\"description\" content=\"Site-ul nostru v\u0103 aduce cele mai recente numere c\u00e2\u0219tig\u0103toare \u0219i sumele wo pentru Mon &amp; Wed lotto\" \/>\n<meta name=\"robots\" content=\"index, follow, max-snippet:-1, max-image-preview:large, max-video-preview:-1\" \/>\n<link rel=\"canonical\" href=\"https:\/\/onlinelotto365.com\/ro\/numere-castigatoare\/luni-miercuri-loto\/\" \/>\n<meta property=\"og:locale\" content=\"ro_RO\" \/>\n<meta property=\"og:type\" content=\"article\" \/>\n<meta property=\"og:title\" content=\"Mon &amp; Wed Lotto Australia numere c\u00e2\u0219tig\u0103toare\" \/>\n<meta property=\"og:description\" content=\"Site-ul nostru v\u0103 aduce cele mai recente numere c\u00e2\u0219tig\u0103toare \u0219i sumele wo pentru Mon &amp; Wed lotto\" \/>\n<meta property=\"og:url\" content=\"https:\/\/onlinelotto365.com\/ro\/numere-castigatoare\/luni-miercuri-loto\/\" \/>\n<meta property=\"og:site_name\" content=\"OnlineLotto365\" \/>\n<meta property=\"og:image\" content=\"https:\/\/redfoxlotto.com\/image?size=8&amp;lottery=monday-wednesday-lotto-au\" \/>\n<meta name=\"twitter:card\" content=\"summary_large_image\" \/>\n<meta name=\"twitter:label1\" content=\"Timp estimat pentru citire\" \/>\n\t<meta name=\"twitter:data1\" content=\"3 minute\" \/>\n<script type=\"application\/ld+json\" class=\"yoast-schema-graph\">{\"@context\":\"https:\/\/schema.org\",\"@graph\":[{\"@type\":\"WebPage\",\"@id\":\"https:\/\/onlinelotto365.com\/ro\/numere-castigatoare\/luni-miercuri-loto\/\",\"url\":\"https:\/\/onlinelotto365.com\/ro\/numere-castigatoare\/luni-miercuri-loto\/\",\"name\":\"Mon & Wed Lotto Australia numere c\u00e2\u0219tig\u0103toare\",\"isPartOf\":{\"@id\":\"https:\/\/onlinelotto365.com\/ro\/#website\"},\"primaryImageOfPage\":{\"@id\":\"https:\/\/onlinelotto365.com\/ro\/numere-castigatoare\/luni-miercuri-loto\/#primaryimage\"},\"image\":{\"@id\":\"https:\/\/onlinelotto365.com\/ro\/numere-castigatoare\/luni-miercuri-loto\/#primaryimage\"},\"thumbnailUrl\":\"https:\/\/redfoxlotto.com\/image?size=8&amp;lottery=monday-wednesday-lotto-au\",\"datePublished\":\"2022-11-25T09:09:55+00:00\",\"dateModified\":\"2022-11-25T09:09:55+00:00\",\"description\":\"Site-ul nostru v\u0103 aduce cele mai recente numere c\u00e2\u0219tig\u0103toare \u0219i sumele wo pentru Mon & Wed lotto\",\"breadcrumb\":{\"@id\":\"https:\/\/onlinelotto365.com\/ro\/numere-castigatoare\/luni-miercuri-loto\/#breadcrumb\"},\"inLanguage\":\"ro-RO\",\"potentialAction\":[{\"@type\":\"ReadAction\",\"target\":[\"https:\/\/onlinelotto365.com\/ro\/numere-castigatoare\/luni-miercuri-loto\/\"]}]},{\"@type\":\"ImageObject\",\"inLanguage\":\"ro-RO\",\"@id\":\"https:\/\/onlinelotto365.com\/ro\/numere-castigatoare\/luni-miercuri-loto\/#primaryimage\",\"url\":\"https:\/\/redfoxlotto.com\/image?size=8&amp;lottery=monday-wednesday-lotto-au\",\"contentUrl\":\"https:\/\/redfoxlotto.com\/image?size=8&amp;lottery=monday-wednesday-lotto-au\"},{\"@type\":\"BreadcrumbList\",\"@id\":\"https:\/\/onlinelotto365.com\/ro\/numere-castigatoare\/luni-miercuri-loto\/#breadcrumb\",\"itemListElement\":[{\"@type\":\"ListItem\",\"position\":1,\"name\":\"Home\",\"item\":\"https:\/\/onlinelotto365.com\/ro\/\"},{\"@type\":\"ListItem\",\"position\":2,\"name\":\"G\u0103se\u0219te numerele c\u00e2\u0219tig\u0103toare \u0219i rezultatele celor mai recente extrageri loto.\",\"item\":\"https:\/\/onlinelotto365.com\/ro\/numere-castigatoare\/\"},{\"@type\":\"ListItem\",\"position\":3,\"name\":\"Toate luni \u0219i miercuri Rezultate Lotto Australia\"}]},{\"@type\":\"WebSite\",\"@id\":\"https:\/\/onlinelotto365.com\/ro\/#website\",\"url\":\"https:\/\/onlinelotto365.com\/ro\/\",\"name\":\"OnlineLotto365\",\"description\":\"\",\"potentialAction\":[{\"@type\":\"SearchAction\",\"target\":{\"@type\":\"EntryPoint\",\"urlTemplate\":\"https:\/\/onlinelotto365.com\/ro\/?s={search_term_string}\"},\"query-input\":{\"@type\":\"PropertyValueSpecification\",\"valueRequired\":true,\"valueName\":\"search_term_string\"}}],\"inLanguage\":\"ro-RO\"}]}<\/script>\n<!-- \/ Yoast SEO plugin. -->","yoast_head_json":{"title":"Mon & Wed Lotto Australia numere c\u00e2\u0219tig\u0103toare","description":"Site-ul nostru v\u0103 aduce cele mai recente numere c\u00e2\u0219tig\u0103toare \u0219i sumele wo pentru Mon & Wed lotto","robots":{"index":"index","follow":"follow","max-snippet":"max-snippet:-1","max-image-preview":"max-image-preview:large","max-video-preview":"max-video-preview:-1"},"canonical":"https:\/\/onlinelotto365.com\/ro\/numere-castigatoare\/luni-miercuri-loto\/","og_locale":"ro_RO","og_type":"article","og_title":"Mon & Wed Lotto Australia numere c\u00e2\u0219tig\u0103toare","og_description":"Site-ul nostru v\u0103 aduce cele mai recente numere c\u00e2\u0219tig\u0103toare \u0219i sumele wo pentru Mon & Wed lotto","og_url":"https:\/\/onlinelotto365.com\/ro\/numere-castigatoare\/luni-miercuri-loto\/","og_site_name":"OnlineLotto365","og_image":[{"url":"https:\/\/redfoxlotto.com\/image?size=8&amp;lottery=monday-wednesday-lotto-au"}],"twitter_card":"summary_large_image","twitter_misc":{"Timp estimat pentru citire":"3 minute"},"schema":{"@context":"https:\/\/schema.org","@graph":[{"@type":"WebPage","@id":"https:\/\/onlinelotto365.com\/ro\/numere-castigatoare\/luni-miercuri-loto\/","url":"https:\/\/onlinelotto365.com\/ro\/numere-castigatoare\/luni-miercuri-loto\/","name":"Mon & Wed Lotto Australia numere c\u00e2\u0219tig\u0103toare","isPartOf":{"@id":"https:\/\/onlinelotto365.com\/ro\/#website"},"primaryImageOfPage":{"@id":"https:\/\/onlinelotto365.com\/ro\/numere-castigatoare\/luni-miercuri-loto\/#primaryimage"},"image":{"@id":"https:\/\/onlinelotto365.com\/ro\/numere-castigatoare\/luni-miercuri-loto\/#primaryimage"},"thumbnailUrl":"https:\/\/redfoxlotto.com\/image?size=8&amp;lottery=monday-wednesday-lotto-au","datePublished":"2022-11-25T09:09:55+00:00","dateModified":"2022-11-25T09:09:55+00:00","description":"Site-ul nostru v\u0103 aduce cele mai recente numere c\u00e2\u0219tig\u0103toare \u0219i sumele wo pentru Mon & Wed lotto","breadcrumb":{"@id":"https:\/\/onlinelotto365.com\/ro\/numere-castigatoare\/luni-miercuri-loto\/#breadcrumb"},"inLanguage":"ro-RO","potentialAction":[{"@type":"ReadAction","target":["https:\/\/onlinelotto365.com\/ro\/numere-castigatoare\/luni-miercuri-loto\/"]}]},{"@type":"ImageObject","inLanguage":"ro-RO","@id":"https:\/\/onlinelotto365.com\/ro\/numere-castigatoare\/luni-miercuri-loto\/#primaryimage","url":"https:\/\/redfoxlotto.com\/image?size=8&amp;lottery=monday-wednesday-lotto-au","contentUrl":"https:\/\/redfoxlotto.com\/image?size=8&amp;lottery=monday-wednesday-lotto-au"},{"@type":"BreadcrumbList","@id":"https:\/\/onlinelotto365.com\/ro\/numere-castigatoare\/luni-miercuri-loto\/#breadcrumb","itemListElement":[{"@type":"ListItem","position":1,"name":"Home","item":"https:\/\/onlinelotto365.com\/ro\/"},{"@type":"ListItem","position":2,"name":"G\u0103se\u0219te numerele c\u00e2\u0219tig\u0103toare \u0219i rezultatele celor mai recente extrageri loto.","item":"https:\/\/onlinelotto365.com\/ro\/numere-castigatoare\/"},{"@type":"ListItem","position":3,"name":"Toate luni \u0219i miercuri Rezultate Lotto Australia"}]},{"@type":"WebSite","@id":"https:\/\/onlinelotto365.com\/ro\/#website","url":"https:\/\/onlinelotto365.com\/ro\/","name":"OnlineLotto365","description":"","potentialAction":[{"@type":"SearchAction","target":{"@type":"EntryPoint","urlTemplate":"https:\/\/onlinelotto365.com\/ro\/?s={search_term_string}"},"query-input":{"@type":"PropertyValueSpecification","valueRequired":true,"valueName":"search_term_string"}}],"inLanguage":"ro-RO"}]}},"_links":{"self":[{"href":"https:\/\/onlinelotto365.com\/ro\/wp-json\/wp\/v2\/pages\/81004","targetHints":{"allow":["GET"]}}],"collection":[{"href":"https:\/\/onlinelotto365.com\/ro\/wp-json\/wp\/v2\/pages"}],"about":[{"href":"https:\/\/onlinelotto365.com\/ro\/wp-json\/wp\/v2\/types\/page"}],"author":[{"embeddable":true,"href":"https:\/\/onlinelotto365.com\/ro\/wp-json\/wp\/v2\/users\/1"}],"replies":[{"embeddable":true,"href":"https:\/\/onlinelotto365.com\/ro\/wp-json\/wp\/v2\/comments?post=81004"}],"version-history":[{"count":0,"href":"https:\/\/onlinelotto365.com\/ro\/wp-json\/wp\/v2\/pages\/81004\/revisions"}],"up":[{"embeddable":true,"href":"https:\/\/onlinelotto365.com\/ro\/wp-json\/wp\/v2\/pages\/5862"}],"wp:attachment":[{"href":"https:\/\/onlinelotto365.com\/ro\/wp-json\/wp\/v2\/media?parent=81004"}],"curies":[{"name":"wp","href":"https:\/\/api.w.org\/{rel}","templated":true}]}}