{"id":81169,"date":"2022-11-25T14:47:57","date_gmt":"2022-11-25T13:47:57","guid":{"rendered":"https:\/\/onlinelotto365.com\/?page_id=81169"},"modified":"2022-11-25T14:47:57","modified_gmt":"2022-11-25T13:47:57","slug":"numerele-castigatoare","status":"publish","type":"page","link":"https:\/\/onlinelotto365.com\/ro\/numere-castigatoare\/numerele-castigatoare\/","title":{"rendered":"Verifica\u021bi numerele c\u00e2\u0219tig\u0103toare Eurojackpot aici"},"content":{"rendered":"<p>Exist\u0103 multe loterii interna\u021bionale diferite disponibile pe site-ul nostru, ceea ce \u00eenseamn\u0103 c\u0103 g\u0103sirea numerelor \u0219i a rezultatelor poate fi dificil\u0103 pentru unii. Iar c\u00e2nd vine vorba de g\u0103sirea numerelor \u00een alt\u0103 parte, lucrurile pot fi \u0219i mai rele. Probabil c\u0103 nu ve\u021bi g\u0103si rezultatele Eurojackpot \u00een ziarul dvs. local \u0219i pot fi greu de g\u0103sit \u0219i la televizor. Mai ales c\u0103 de multe ori nu sunt transmise \u00een direct.<br \/>\n<a href=\"https:\/\/redfoxlotto.com\/play\/eurojackpot\/?ref=a8564250a2&amp;medium=ol365\" target=\"_blank\" rel=\"noopener noreferrer\"><img decoding=\"async\" class=\"aligncenter\" src=\"https:\/\/redfoxlotto.com\/image?size=8&amp;lottery=eurojackpot\" alt=\"eurojackpot\" \/><\/a><br \/>\nDe asemenea, pute\u021bi verifica site-ul loteriei Eurojackpot, care v\u0103 ofer\u0103 acces la o transmisie \u00een direct a rezultatelor \u0219i a extragerii. Acest lucru poate fi foarte distractiv \u0219i v\u0103 permite s\u0103 \u0219ti\u021bi dac\u0103 a\u021bi c\u00e2\u0219tigat mult mai repede. Dar acest lucru nu este \u00eentotdeauna posibil \u0219i va trebui s\u0103 ave\u021bi sincronizarea corect\u0103.<\/p>\n<p>Dac\u0103 sunte\u021bi \u00een c\u0103utarea numerelor dup\u0103 extragere, pute\u021bi verifica \u00eentotdeauna pe YouTube pentru a vedea dac\u0103 extragerea este disponibil\u0103 sau dac\u0103 cineva are un videoclip cu numerele c\u00e2\u0219tig\u0103toare.<\/p>\n<p>Cel mai simplu mod de a g\u0103si numerele c\u00e2\u0219tig\u0103toare, \u0219i chiar de a vedea toate premiile \u0219i rezultatele, este s\u0103 vizita\u021bi site-ul nostru pe pagina de rezultate la loto la pagina noastr\u0103 de rezultate la loto. Acolo ve\u021bi g\u0103si toate numerele c\u00e2\u0219tig\u0103toare de la Eurojackpot \u0219i de la toate celelalte jocuri pe care le oferim.<\/p>\n<h2>Cum s\u0103 \u0219ti\u021bi dac\u0103 a\u021bi c\u00e2\u0219tigat<\/h2>\n<p>A\u021bi cump\u0103rat un bilet pentru Eurojackpot? Dac\u0103 da, nici m\u0103car nu trebuie s\u0103 merge\u021bi la pagina de rezultate. Trebuie doar s\u0103 accesezi contul t\u0103u \u0219i vei vedea numerele c\u00e2\u0219tig\u0103toare chiar l\u00e2ng\u0103 biletul t\u0103u. Ve\u021bi putea chiar s\u0103 vede\u021bi care numere au fost corecte \u0219i care nu \u0219i s\u0103 vede\u021bi c\u00e2t a\u021bi c\u00e2\u0219tigat ca urmare. Dac\u0103 a\u021bi c\u00e2\u0219tigat mai pu\u021bin de 2.500 de euro, banii vor fi depu\u0219i \u00een contul dvs. imediat ce numerele loteriei sunt confirmate.<\/p>\n<p>Site-ul nostru v\u0103 va ar\u0103ta rezultatele celui mai recent Eurojackpot, dar v\u0103 va oferi, de asemenea, multe op\u021biuni pentru a verifica extragerile mai vechi. Astfel, pute\u021bi verifica bilete mai vechi sau dac\u0103 sunte\u021bi \u00een c\u0103utarea celor mai bune numere pentru a \u00eencerca data viitoare c\u00e2nd cump\u0103ra\u021bi un bilet. De fapt, aceasta este una dintre cele mai populare strategii de loterie pe care oamenii le folosesc.<\/p>\n<h2>Biletul meu a c\u00e2\u0219tigat, ce se \u00eent\u00e2mpl\u0103 \u00een continuare?<\/h2>\n<p>Am vorbit deja despre premiile sub 2.500 de euro. Aceste premii sunt depuse imediat \u00een contul dvs. \u0219i pute\u021bi alege apoi s\u0103 cump\u0103ra\u021bi mai multe bilete sau s\u0103 retrage\u021bi to\u021bi banii sau o parte din ei. Tot ce trebuie s\u0103 faci este s\u0103 te asiguri c\u0103 ai cel pu\u021bin 10 euro \u00een cont pentru a-i putea retrage prin metoda pe care o alegi.<\/p>\n<p>Po\u021bi alege s\u0103 retragi banii \u00een contul t\u0103u bancar sau pe cardul de credit, iar noi \u00ee\u021bi facilit\u0103m \u0219i acest lucru. Vrem s\u0103 v\u0103 pute\u021bi lua banii, dar trebuie s\u0103 facem c\u00e2\u021biva pa\u0219i pentru a v\u0103 aduce banii \u00een cont. La urma urmei, transferurile de bani online sunt supuse unor reglement\u0103ri stricte.<\/p>\n","protected":false},"excerpt":{"rendered":"<p>Exist\u0103 multe loterii interna\u021bionale diferite disponibile pe site-ul nostru, ceea ce \u00eenseamn\u0103 c\u0103 g\u0103sirea numerelor \u0219i a rezultatelor poate fi dificil\u0103 pentru unii. Iar c\u00e2nd vine vorba de g\u0103sirea numerelor \u00een alt\u0103 parte, lucrurile pot fi \u0219i mai rele. Probabil c\u0103 nu ve\u021bi g\u0103si rezultatele Eurojackpot \u00een ziarul dvs. local \u0219i pot fi greu de [&hellip;]<\/p>\n","protected":false},"author":1,"featured_media":0,"parent":5862,"menu_order":0,"comment_status":"closed","ping_status":"closed","template":"eurojackpot-results.php","meta":{"_et_pb_use_builder":"","_et_pb_old_content":"","_et_gb_content_width":"","exclude_from_search":false,"footnotes":""},"class_list":["post-81169","page","type-page","status-publish","hentry"],"yoast_head":"<!-- This site is optimized with the Yoast SEO plugin v23.4 - https:\/\/yoast.com\/wordpress\/plugins\/seo\/ -->\n<title>Numere c\u00e2\u0219tig\u0103toare Eurojackpot | Verifica\u021bi rezultatele extragerii \u0219i c\u00e2\u0219tigurile pentru Eurojackpot aici<\/title>\n<meta name=\"description\" content=\"Public\u0103m rezultatele \u0219i numerele c\u00e2\u0219tig\u0103toare la Eurojackpot, plus o arhiv\u0103 pentru extragerile anterioare\" \/>\n<meta name=\"robots\" content=\"index, follow, max-snippet:-1, max-image-preview:large, max-video-preview:-1\" \/>\n<link rel=\"canonical\" href=\"https:\/\/onlinelotto365.com\/ro\/numere-castigatoare\/numerele-castigatoare\/\" \/>\n<meta property=\"og:locale\" content=\"ro_RO\" \/>\n<meta property=\"og:type\" content=\"article\" \/>\n<meta property=\"og:title\" content=\"Numere c\u00e2\u0219tig\u0103toare Eurojackpot | Verifica\u021bi rezultatele extragerii \u0219i c\u00e2\u0219tigurile pentru Eurojackpot aici\" \/>\n<meta property=\"og:description\" content=\"Public\u0103m rezultatele \u0219i numerele c\u00e2\u0219tig\u0103toare la Eurojackpot, plus o arhiv\u0103 pentru extragerile anterioare\" \/>\n<meta property=\"og:url\" content=\"https:\/\/onlinelotto365.com\/ro\/numere-castigatoare\/numerele-castigatoare\/\" \/>\n<meta property=\"og:site_name\" content=\"OnlineLotto365\" \/>\n<meta property=\"og:image\" content=\"https:\/\/redfoxlotto.com\/image?size=8&amp;lottery=eurojackpot\" \/>\n<meta name=\"twitter:card\" content=\"summary_large_image\" \/>\n<meta name=\"twitter:label1\" content=\"Timp estimat pentru citire\" \/>\n\t<meta name=\"twitter:data1\" content=\"3 minute\" \/>\n<script type=\"application\/ld+json\" class=\"yoast-schema-graph\">{\"@context\":\"https:\/\/schema.org\",\"@graph\":[{\"@type\":\"WebPage\",\"@id\":\"https:\/\/onlinelotto365.com\/ro\/numere-castigatoare\/numerele-castigatoare\/\",\"url\":\"https:\/\/onlinelotto365.com\/ro\/numere-castigatoare\/numerele-castigatoare\/\",\"name\":\"Numere c\u00e2\u0219tig\u0103toare Eurojackpot | Verifica\u021bi rezultatele extragerii \u0219i c\u00e2\u0219tigurile pentru Eurojackpot aici\",\"isPartOf\":{\"@id\":\"https:\/\/onlinelotto365.com\/ro\/#website\"},\"primaryImageOfPage\":{\"@id\":\"https:\/\/onlinelotto365.com\/ro\/numere-castigatoare\/numerele-castigatoare\/#primaryimage\"},\"image\":{\"@id\":\"https:\/\/onlinelotto365.com\/ro\/numere-castigatoare\/numerele-castigatoare\/#primaryimage\"},\"thumbnailUrl\":\"https:\/\/redfoxlotto.com\/image?size=8&amp;lottery=eurojackpot\",\"datePublished\":\"2022-11-25T13:47:57+00:00\",\"dateModified\":\"2022-11-25T13:47:57+00:00\",\"description\":\"Public\u0103m rezultatele \u0219i numerele c\u00e2\u0219tig\u0103toare la Eurojackpot, plus o arhiv\u0103 pentru extragerile anterioare\",\"breadcrumb\":{\"@id\":\"https:\/\/onlinelotto365.com\/ro\/numere-castigatoare\/numerele-castigatoare\/#breadcrumb\"},\"inLanguage\":\"ro-RO\",\"potentialAction\":[{\"@type\":\"ReadAction\",\"target\":[\"https:\/\/onlinelotto365.com\/ro\/numere-castigatoare\/numerele-castigatoare\/\"]}]},{\"@type\":\"ImageObject\",\"inLanguage\":\"ro-RO\",\"@id\":\"https:\/\/onlinelotto365.com\/ro\/numere-castigatoare\/numerele-castigatoare\/#primaryimage\",\"url\":\"https:\/\/redfoxlotto.com\/image?size=8&amp;lottery=eurojackpot\",\"contentUrl\":\"https:\/\/redfoxlotto.com\/image?size=8&amp;lottery=eurojackpot\"},{\"@type\":\"BreadcrumbList\",\"@id\":\"https:\/\/onlinelotto365.com\/ro\/numere-castigatoare\/numerele-castigatoare\/#breadcrumb\",\"itemListElement\":[{\"@type\":\"ListItem\",\"position\":1,\"name\":\"Home\",\"item\":\"https:\/\/onlinelotto365.com\/ro\/\"},{\"@type\":\"ListItem\",\"position\":2,\"name\":\"G\u0103se\u0219te numerele c\u00e2\u0219tig\u0103toare \u0219i rezultatele celor mai recente extrageri loto.\",\"item\":\"https:\/\/onlinelotto365.com\/ro\/numere-castigatoare\/\"},{\"@type\":\"ListItem\",\"position\":3,\"name\":\"Verifica\u021bi numerele c\u00e2\u0219tig\u0103toare Eurojackpot aici\"}]},{\"@type\":\"WebSite\",\"@id\":\"https:\/\/onlinelotto365.com\/ro\/#website\",\"url\":\"https:\/\/onlinelotto365.com\/ro\/\",\"name\":\"OnlineLotto365\",\"description\":\"\",\"potentialAction\":[{\"@type\":\"SearchAction\",\"target\":{\"@type\":\"EntryPoint\",\"urlTemplate\":\"https:\/\/onlinelotto365.com\/ro\/?s={search_term_string}\"},\"query-input\":{\"@type\":\"PropertyValueSpecification\",\"valueRequired\":true,\"valueName\":\"search_term_string\"}}],\"inLanguage\":\"ro-RO\"}]}<\/script>\n<!-- \/ Yoast SEO plugin. -->","yoast_head_json":{"title":"Numere c\u00e2\u0219tig\u0103toare Eurojackpot | Verifica\u021bi rezultatele extragerii \u0219i c\u00e2\u0219tigurile pentru Eurojackpot aici","description":"Public\u0103m rezultatele \u0219i numerele c\u00e2\u0219tig\u0103toare la Eurojackpot, plus o arhiv\u0103 pentru extragerile anterioare","robots":{"index":"index","follow":"follow","max-snippet":"max-snippet:-1","max-image-preview":"max-image-preview:large","max-video-preview":"max-video-preview:-1"},"canonical":"https:\/\/onlinelotto365.com\/ro\/numere-castigatoare\/numerele-castigatoare\/","og_locale":"ro_RO","og_type":"article","og_title":"Numere c\u00e2\u0219tig\u0103toare Eurojackpot | Verifica\u021bi rezultatele extragerii \u0219i c\u00e2\u0219tigurile pentru Eurojackpot aici","og_description":"Public\u0103m rezultatele \u0219i numerele c\u00e2\u0219tig\u0103toare la Eurojackpot, plus o arhiv\u0103 pentru extragerile anterioare","og_url":"https:\/\/onlinelotto365.com\/ro\/numere-castigatoare\/numerele-castigatoare\/","og_site_name":"OnlineLotto365","og_image":[{"url":"https:\/\/redfoxlotto.com\/image?size=8&amp;lottery=eurojackpot"}],"twitter_card":"summary_large_image","twitter_misc":{"Timp estimat pentru citire":"3 minute"},"schema":{"@context":"https:\/\/schema.org","@graph":[{"@type":"WebPage","@id":"https:\/\/onlinelotto365.com\/ro\/numere-castigatoare\/numerele-castigatoare\/","url":"https:\/\/onlinelotto365.com\/ro\/numere-castigatoare\/numerele-castigatoare\/","name":"Numere c\u00e2\u0219tig\u0103toare Eurojackpot | Verifica\u021bi rezultatele extragerii \u0219i c\u00e2\u0219tigurile pentru Eurojackpot aici","isPartOf":{"@id":"https:\/\/onlinelotto365.com\/ro\/#website"},"primaryImageOfPage":{"@id":"https:\/\/onlinelotto365.com\/ro\/numere-castigatoare\/numerele-castigatoare\/#primaryimage"},"image":{"@id":"https:\/\/onlinelotto365.com\/ro\/numere-castigatoare\/numerele-castigatoare\/#primaryimage"},"thumbnailUrl":"https:\/\/redfoxlotto.com\/image?size=8&amp;lottery=eurojackpot","datePublished":"2022-11-25T13:47:57+00:00","dateModified":"2022-11-25T13:47:57+00:00","description":"Public\u0103m rezultatele \u0219i numerele c\u00e2\u0219tig\u0103toare la Eurojackpot, plus o arhiv\u0103 pentru extragerile anterioare","breadcrumb":{"@id":"https:\/\/onlinelotto365.com\/ro\/numere-castigatoare\/numerele-castigatoare\/#breadcrumb"},"inLanguage":"ro-RO","potentialAction":[{"@type":"ReadAction","target":["https:\/\/onlinelotto365.com\/ro\/numere-castigatoare\/numerele-castigatoare\/"]}]},{"@type":"ImageObject","inLanguage":"ro-RO","@id":"https:\/\/onlinelotto365.com\/ro\/numere-castigatoare\/numerele-castigatoare\/#primaryimage","url":"https:\/\/redfoxlotto.com\/image?size=8&amp;lottery=eurojackpot","contentUrl":"https:\/\/redfoxlotto.com\/image?size=8&amp;lottery=eurojackpot"},{"@type":"BreadcrumbList","@id":"https:\/\/onlinelotto365.com\/ro\/numere-castigatoare\/numerele-castigatoare\/#breadcrumb","itemListElement":[{"@type":"ListItem","position":1,"name":"Home","item":"https:\/\/onlinelotto365.com\/ro\/"},{"@type":"ListItem","position":2,"name":"G\u0103se\u0219te numerele c\u00e2\u0219tig\u0103toare \u0219i rezultatele celor mai recente extrageri loto.","item":"https:\/\/onlinelotto365.com\/ro\/numere-castigatoare\/"},{"@type":"ListItem","position":3,"name":"Verifica\u021bi numerele c\u00e2\u0219tig\u0103toare Eurojackpot aici"}]},{"@type":"WebSite","@id":"https:\/\/onlinelotto365.com\/ro\/#website","url":"https:\/\/onlinelotto365.com\/ro\/","name":"OnlineLotto365","description":"","potentialAction":[{"@type":"SearchAction","target":{"@type":"EntryPoint","urlTemplate":"https:\/\/onlinelotto365.com\/ro\/?s={search_term_string}"},"query-input":{"@type":"PropertyValueSpecification","valueRequired":true,"valueName":"search_term_string"}}],"inLanguage":"ro-RO"}]}},"_links":{"self":[{"href":"https:\/\/onlinelotto365.com\/ro\/wp-json\/wp\/v2\/pages\/81169","targetHints":{"allow":["GET"]}}],"collection":[{"href":"https:\/\/onlinelotto365.com\/ro\/wp-json\/wp\/v2\/pages"}],"about":[{"href":"https:\/\/onlinelotto365.com\/ro\/wp-json\/wp\/v2\/types\/page"}],"author":[{"embeddable":true,"href":"https:\/\/onlinelotto365.com\/ro\/wp-json\/wp\/v2\/users\/1"}],"replies":[{"embeddable":true,"href":"https:\/\/onlinelotto365.com\/ro\/wp-json\/wp\/v2\/comments?post=81169"}],"version-history":[{"count":0,"href":"https:\/\/onlinelotto365.com\/ro\/wp-json\/wp\/v2\/pages\/81169\/revisions"}],"up":[{"embeddable":true,"href":"https:\/\/onlinelotto365.com\/ro\/wp-json\/wp\/v2\/pages\/5862"}],"wp:attachment":[{"href":"https:\/\/onlinelotto365.com\/ro\/wp-json\/wp\/v2\/media?parent=81169"}],"curies":[{"name":"wp","href":"https:\/\/api.w.org\/{rel}","templated":true}]}}