{"id":84450,"date":"2023-10-03T13:11:21","date_gmt":"2023-10-03T12:11:21","guid":{"rendered":"https:\/\/onlinelotto365.com\/intrebari-frecvente"},"modified":"2023-10-03T13:11:21","modified_gmt":"2023-10-03T12:11:21","slug":"intrebari-frecvente","status":"publish","type":"page","link":"https:\/\/onlinelotto365.com\/ro\/intrebari-frecvente\/","title":{"rendered":"\u00ceNTREB\u0102RI FRECVENTE"},"content":{"rendered":"<h1>\u00centreb\u0103ri frecvente despre loteria online<\/h1>\n<p>Aici pute\u021bi g\u0103si r\u0103spunsurile la \u00eentreb\u0103rile cele mai frecvente despre cum func\u021bioneaz\u0103 serviciul de loterie online.<\/p>\n<p>Cum \u00eemi primesc biletele?<\/p>\n<p>Apoi, unul dintre agen\u021bii no\u0219tri de la fa\u021ba locului cump\u0103r\u0103 biletul \u00een numele \u0219i pe seama dvs. Apoi, biletul este scanat \u0219i \u00eenc\u0103rcat \u00een contul dvs. de client. V\u0103 vom trimite un e-mail atunci c\u00e2nd c\u00e2\u0219tiga\u021bi, iar serviciul nostru include \u0219i trimiterea c\u00e2\u0219tigurilor c\u0103tre dvs. (a se vedea mai jos pentru detalii). c\u00e2\u0219tiga\u021bi, de asemenea.<\/p>\n<p>Care sunt avantajele de a juca la loteriile interna\u021bionale online prin intermediul nostru?<\/p>\n<ul>\n<li>pute\u021bi alege din multe loterii \u0219i \u00eentotdeauna v\u0103 a\u0219teapt\u0103 un jackpot mare<\/li>\n<li>primi\u021bi un bilet real<\/li>\n<li>pute\u021bi juca de oriunde v\u0103 afla\u021bi<\/li>\n<li>pute\u021bi pl\u0103ti confortabil online, avem mai multe op\u021biuni, inclusiv cu cardul de credit<\/li>\n<li>c\u00e2\u0219tigurile dvs. mai mici, de p\u00e2n\u0103 la 2.500 \u20ac, vor fi creditate imediat \u00een contul dvs. de juc\u0103tor<\/li>\n<li>pentru c\u00e2\u0219tigurile mai mari de 2500 \u20ac, ne vom ocupa de plata dvs. direct de la loterie, f\u0103r\u0103 nicio tax\u0103.<\/li>\n<\/ul>\n<p>Cine poate juca la loterii?<\/p>\n<p>Oricine poate juca &#8211; dar trebuie s\u0103 ave\u021bi peste 18 ani pentru a juca la loto.<\/p>\n<p>Pot s\u0103 joc la loto dintr-o \u021bar\u0103 str\u0103in\u0103?<\/p>\n<p>Da. Indiferent de \u021bara \u00een care locui\u021bi, pute\u021bi participa la toate loteriile afi\u0219ate pe site-ul nostru.<\/p>\n<p>Pot s\u0103 decid singur numerele mele de loto?<\/p>\n<p>Da. Pute\u021bi alege manual numerele sau pute\u021bi folosi func\u021bia &#8222;Quick Pick&#8221; \u0219i genera numere la \u00eent\u00e2mplare.<\/p>\n<p>Cum \u00eemi voi primi biletul de loterie?<\/p>\n<p>Dup\u0103 efectuarea cu succes a pl\u0103\u021bii, ve\u021bi primi un e-mail cu confirmarea achizi\u021biei. Numerele pe care le-a\u021bi selectat vor fi vizibile \u00een contul dumneavoastr\u0103. Evident, procesul de cump\u0103rare \u0219i scanare dureaz\u0103 ceva timp, dar 2 sau 3 ore mai t\u00e2rziu, ve\u021bi putea g\u0103si biletul scanat dup\u0103 ce v\u0103 conecta\u021bi la contul dumneavoastr\u0103.<\/p>\n<p>Cum pot pl\u0103ti pentru biletele mele de loto?<\/p>\n<p>Avem diverse op\u021biuni de plat\u0103 pentru dvs., inclusiv plata cu cardul de credit, virament bancar instant, diverse criptomonede \u0219i multe altele.<br \/>\nDe asemenea, pute\u021bi s\u0103 depune\u021bi mai \u00eent\u00e2i bani \u00een contul dvs. de juc\u0103tor, iar apoi s\u0103 folosi\u021bi noul dvs. sold pentru a cump\u0103ra bilete oric\u00e2nd dori\u021bi. Av\u00e2nd un sold, procesul de plat\u0103 este mult mai rapid!<\/p>\n<p>Se percepe un comision dac\u0103 c\u00e2\u0219tig?<\/p>\n<p>Nu, nu percepem niciun comision. Toate c\u00e2\u0219tigurile dvs. vor fi pl\u0103tite integral, f\u0103r\u0103 perceperea vreunui comision, cu excep\u021bia taxelor de transfer bancar \u00een unele cazuri.<\/p>\n<p>Cum aflu dac\u0103 am c\u00e2\u0219tigat?<\/p>\n<p>\u00cen primul r\u00e2nd, v\u0103 vom trimite un e-mail prin care v\u0103 vom anun\u021ba despre c\u00e2\u0219tig. De asemenea, pute\u021bi oric\u00e2nd s\u0103 v\u0103 conecta\u021bi la contul dvs. \u0219i s\u0103 verifica\u021bi sec\u021biunea &#8222;Biletele mele&#8221; \u0219i s\u0103 verifica\u021bi acolo statutul biletelor dvs. Actualiz\u0103rile cu numerele c\u00e2\u0219tig\u0103toare pentru toate loteriile pot fi g\u0103site pe site-ul nostru.<\/p>\n<p>Cum sunt pl\u0103tit dac\u0103 c\u00e2\u0219tig?<\/p>\n<p>Dac\u0103 c\u00e2\u0219tiga\u021bi un premiu de p\u00e2n\u0103 la 2500 \u20ac, acesta va fi creditat instantaneu \u00een contul dumneavoastr\u0103 de juc\u0103tor. Pentru c\u00e2\u0219tiguri mai mari, v\u0103 vom trimite prin e-mail un formular de revendicare. Trebuie s\u0103 v\u0103 identifica\u021bi \u0219i s\u0103 furniza\u021bi c\u00e2teva informa\u021bii de baz\u0103, cum ar fi modul \u00een care dori\u021bi s\u0103 fi\u021bi pl\u0103tit. Apoi, noi prezent\u0103m cererea dvs. companiei de loterie. Compania de loterie v\u0103 va pl\u0103ti apoi direct.<br \/>\nDac\u0103 prefera\u021bi acest lucru, pute\u021bi, de asemenea, s\u0103 v\u0103 ridica\u021bi biletul de la unul dintre birourile agen\u021bilor no\u0219tri \u0219i apoi s\u0103 \u00eel prezenta\u021bi personal la loterie.<\/p>\n<p>Este serviciul dumneavoastr\u0103 cu adev\u0103rat legal?<\/p>\n<p>Da, absolut. Este ca \u0219i cum a\u021bi fi \u00een vacan\u021b\u0103 \u00een \u021bara loteriei \u0219i a\u021bi cump\u0103ra singur un bilet. Dac\u0103 acel bilet ar fi c\u00e2\u0219tigat, ave\u021bi acela\u0219i drept asupra c\u00e2\u0219tigurilor ca oricine altcineva.<\/p>\n<p>De unde \u0219tiu c\u0103 un bilet de loterie este cump\u0103rat \u00een numele meu?<\/p>\n<p>Dup\u0103 ce a\u021bi pl\u0103tit pentru biletul de loterie, ve\u021bi primi mai \u00eent\u00e2i o confirmare de plat\u0103. Pu\u021bin mai t\u00e2rziu, ve\u021bi putea vedea scanarea biletului dvs. \u00een zona clien\u021bilor de pe site-ul nostru.<\/p>\n","protected":false},"excerpt":{"rendered":"<p>\u00centreb\u0103ri frecvente despre loteria online Aici pute\u021bi g\u0103si r\u0103spunsurile la \u00eentreb\u0103rile cele mai frecvente despre cum func\u021bioneaz\u0103 serviciul de loterie online. Cum \u00eemi primesc biletele? Apoi, unul dintre agen\u021bii no\u0219tri de la fa\u021ba locului cump\u0103r\u0103 biletul \u00een numele \u0219i pe seama dvs. Apoi, biletul este scanat \u0219i \u00eenc\u0103rcat \u00een contul dvs. de client. V\u0103 vom [&hellip;]<\/p>\n","protected":false},"author":1,"featured_media":0,"parent":0,"menu_order":50,"comment_status":"closed","ping_status":"closed","template":"","meta":{"_et_pb_use_builder":"","_et_pb_old_content":"","_et_gb_content_width":"","exclude_from_search":false,"footnotes":""},"class_list":["post-84450","page","type-page","status-publish","hentry"],"yoast_head":"<!-- This site is optimized with the Yoast SEO plugin v23.4 - https:\/\/yoast.com\/wordpress\/plugins\/seo\/ -->\n<title>R\u0103spunsuri la cele mai frecvente \u00eentreb\u0103ri despre serviciul nostru de loterie online<\/title>\n<meta name=\"description\" content=\"Dori\u021bi s\u0103 afla\u021bi mai multe despre modul \u00een care func\u021bioneaz\u0103 serviciul nostru de mesagerie pentru bilete de loterie online? G\u0103si\u021bi aici r\u0103spunsurile la cele mai frecvente \u00eentreb\u0103ri\" \/>\n<meta name=\"robots\" content=\"index, follow, max-snippet:-1, max-image-preview:large, max-video-preview:-1\" \/>\n<link rel=\"canonical\" href=\"https:\/\/onlinelotto365.com\/ro\/intrebari-frecvente\/\" \/>\n<meta property=\"og:locale\" content=\"ro_RO\" \/>\n<meta property=\"og:type\" content=\"article\" \/>\n<meta property=\"og:title\" content=\"R\u0103spunsuri la cele mai frecvente \u00eentreb\u0103ri despre serviciul nostru de loterie online\" \/>\n<meta property=\"og:description\" content=\"Dori\u021bi s\u0103 afla\u021bi mai multe despre modul \u00een care func\u021bioneaz\u0103 serviciul nostru de mesagerie pentru bilete de loterie online? G\u0103si\u021bi aici r\u0103spunsurile la cele mai frecvente \u00eentreb\u0103ri\" \/>\n<meta property=\"og:url\" content=\"https:\/\/onlinelotto365.com\/ro\/intrebari-frecvente\/\" \/>\n<meta property=\"og:site_name\" content=\"OnlineLotto365\" \/>\n<meta name=\"twitter:card\" content=\"summary_large_image\" \/>\n<meta name=\"twitter:label1\" content=\"Timp estimat pentru citire\" \/>\n\t<meta name=\"twitter:data1\" content=\"4 minute\" \/>\n<script type=\"application\/ld+json\" class=\"yoast-schema-graph\">{\"@context\":\"https:\/\/schema.org\",\"@graph\":[{\"@type\":\"WebPage\",\"@id\":\"https:\/\/onlinelotto365.com\/ro\/intrebari-frecvente\/\",\"url\":\"https:\/\/onlinelotto365.com\/ro\/intrebari-frecvente\/\",\"name\":\"R\u0103spunsuri la cele mai frecvente \u00eentreb\u0103ri despre serviciul nostru de loterie online\",\"isPartOf\":{\"@id\":\"https:\/\/onlinelotto365.com\/ro\/#website\"},\"datePublished\":\"2023-10-03T12:11:21+00:00\",\"dateModified\":\"2023-10-03T12:11:21+00:00\",\"description\":\"Dori\u021bi s\u0103 afla\u021bi mai multe despre modul \u00een care func\u021bioneaz\u0103 serviciul nostru de mesagerie pentru bilete de loterie online? G\u0103si\u021bi aici r\u0103spunsurile la cele mai frecvente \u00eentreb\u0103ri\",\"breadcrumb\":{\"@id\":\"https:\/\/onlinelotto365.com\/ro\/intrebari-frecvente\/#breadcrumb\"},\"inLanguage\":\"ro-RO\",\"potentialAction\":[{\"@type\":\"ReadAction\",\"target\":[\"https:\/\/onlinelotto365.com\/ro\/intrebari-frecvente\/\"]}]},{\"@type\":\"BreadcrumbList\",\"@id\":\"https:\/\/onlinelotto365.com\/ro\/intrebari-frecvente\/#breadcrumb\",\"itemListElement\":[{\"@type\":\"ListItem\",\"position\":1,\"name\":\"Home\",\"item\":\"https:\/\/onlinelotto365.com\/ro\/\"},{\"@type\":\"ListItem\",\"position\":2,\"name\":\"\u00ceNTREB\u0102RI FRECVENTE\"}]},{\"@type\":\"WebSite\",\"@id\":\"https:\/\/onlinelotto365.com\/ro\/#website\",\"url\":\"https:\/\/onlinelotto365.com\/ro\/\",\"name\":\"OnlineLotto365\",\"description\":\"\",\"potentialAction\":[{\"@type\":\"SearchAction\",\"target\":{\"@type\":\"EntryPoint\",\"urlTemplate\":\"https:\/\/onlinelotto365.com\/ro\/?s={search_term_string}\"},\"query-input\":{\"@type\":\"PropertyValueSpecification\",\"valueRequired\":true,\"valueName\":\"search_term_string\"}}],\"inLanguage\":\"ro-RO\"}]}<\/script>\n<!-- \/ Yoast SEO plugin. -->","yoast_head_json":{"title":"R\u0103spunsuri la cele mai frecvente \u00eentreb\u0103ri despre serviciul nostru de loterie online","description":"Dori\u021bi s\u0103 afla\u021bi mai multe despre modul \u00een care func\u021bioneaz\u0103 serviciul nostru de mesagerie pentru bilete de loterie online? G\u0103si\u021bi aici r\u0103spunsurile la cele mai frecvente \u00eentreb\u0103ri","robots":{"index":"index","follow":"follow","max-snippet":"max-snippet:-1","max-image-preview":"max-image-preview:large","max-video-preview":"max-video-preview:-1"},"canonical":"https:\/\/onlinelotto365.com\/ro\/intrebari-frecvente\/","og_locale":"ro_RO","og_type":"article","og_title":"R\u0103spunsuri la cele mai frecvente \u00eentreb\u0103ri despre serviciul nostru de loterie online","og_description":"Dori\u021bi s\u0103 afla\u021bi mai multe despre modul \u00een care func\u021bioneaz\u0103 serviciul nostru de mesagerie pentru bilete de loterie online? G\u0103si\u021bi aici r\u0103spunsurile la cele mai frecvente \u00eentreb\u0103ri","og_url":"https:\/\/onlinelotto365.com\/ro\/intrebari-frecvente\/","og_site_name":"OnlineLotto365","twitter_card":"summary_large_image","twitter_misc":{"Timp estimat pentru citire":"4 minute"},"schema":{"@context":"https:\/\/schema.org","@graph":[{"@type":"WebPage","@id":"https:\/\/onlinelotto365.com\/ro\/intrebari-frecvente\/","url":"https:\/\/onlinelotto365.com\/ro\/intrebari-frecvente\/","name":"R\u0103spunsuri la cele mai frecvente \u00eentreb\u0103ri despre serviciul nostru de loterie online","isPartOf":{"@id":"https:\/\/onlinelotto365.com\/ro\/#website"},"datePublished":"2023-10-03T12:11:21+00:00","dateModified":"2023-10-03T12:11:21+00:00","description":"Dori\u021bi s\u0103 afla\u021bi mai multe despre modul \u00een care func\u021bioneaz\u0103 serviciul nostru de mesagerie pentru bilete de loterie online? G\u0103si\u021bi aici r\u0103spunsurile la cele mai frecvente \u00eentreb\u0103ri","breadcrumb":{"@id":"https:\/\/onlinelotto365.com\/ro\/intrebari-frecvente\/#breadcrumb"},"inLanguage":"ro-RO","potentialAction":[{"@type":"ReadAction","target":["https:\/\/onlinelotto365.com\/ro\/intrebari-frecvente\/"]}]},{"@type":"BreadcrumbList","@id":"https:\/\/onlinelotto365.com\/ro\/intrebari-frecvente\/#breadcrumb","itemListElement":[{"@type":"ListItem","position":1,"name":"Home","item":"https:\/\/onlinelotto365.com\/ro\/"},{"@type":"ListItem","position":2,"name":"\u00ceNTREB\u0102RI FRECVENTE"}]},{"@type":"WebSite","@id":"https:\/\/onlinelotto365.com\/ro\/#website","url":"https:\/\/onlinelotto365.com\/ro\/","name":"OnlineLotto365","description":"","potentialAction":[{"@type":"SearchAction","target":{"@type":"EntryPoint","urlTemplate":"https:\/\/onlinelotto365.com\/ro\/?s={search_term_string}"},"query-input":{"@type":"PropertyValueSpecification","valueRequired":true,"valueName":"search_term_string"}}],"inLanguage":"ro-RO"}]}},"_links":{"self":[{"href":"https:\/\/onlinelotto365.com\/ro\/wp-json\/wp\/v2\/pages\/84450","targetHints":{"allow":["GET"]}}],"collection":[{"href":"https:\/\/onlinelotto365.com\/ro\/wp-json\/wp\/v2\/pages"}],"about":[{"href":"https:\/\/onlinelotto365.com\/ro\/wp-json\/wp\/v2\/types\/page"}],"author":[{"embeddable":true,"href":"https:\/\/onlinelotto365.com\/ro\/wp-json\/wp\/v2\/users\/1"}],"replies":[{"embeddable":true,"href":"https:\/\/onlinelotto365.com\/ro\/wp-json\/wp\/v2\/comments?post=84450"}],"version-history":[{"count":0,"href":"https:\/\/onlinelotto365.com\/ro\/wp-json\/wp\/v2\/pages\/84450\/revisions"}],"wp:attachment":[{"href":"https:\/\/onlinelotto365.com\/ro\/wp-json\/wp\/v2\/media?parent=84450"}],"curies":[{"name":"wp","href":"https:\/\/api.w.org\/{rel}","templated":true}]}}