{"id":10857,"date":"2020-12-18T08:28:00","date_gmt":"2020-12-18T07:28:00","guid":{"rendered":"http:\/\/onlinelotto365.net\/?page_id=10857"},"modified":"2022-11-08T09:41:07","modified_gmt":"2022-11-08T08:41:07","slug":"powerball","status":"publish","type":"page","link":"https:\/\/onlinelotto365.com\/sk\/hrat\/powerball\/","title":{"rendered":"Ako m\u00f4\u017eu obyvatelia Slovenska hra\u0165 online Powerball?"},"content":{"rendered":"<p>Vlastne je celkom jednoduch\u00e9 hra\u0165 online Powerball, aj ke\u010f ste na Slovensku. A je to tie\u017e aj pohodln\u00e9.<\/p>\n<p>Uistite sa, \u017ee ste si vybrali t\u00fa spr\u00e1vnu lot\u00e9riu \u2013 konkr\u00e9tne Powerball. Potom si vyberiete svoje \u010d\u00edsla.<\/p>\n<p>Existuje aj met\u00f3da, ktor\u00fa rado pou\u017e\u00edva ve\u013ea hr\u00e1\u010dov \u2013 funkcia r\u00fdchleho v\u00fdberu. Jedin\u00e9, \u010do mus\u00edte urobi\u0165, je klikn\u00fa\u0165 na tla\u010didlo r\u00fdchleho v\u00fdberu a webov\u00e1 str\u00e1nka pre v\u00e1s vyberie \u010d\u00edsla n\u00e1hodne.<br \/>\n<a href=\"https:\/\/redfoxlotto.com\/play\/powerball\/?ref=a8564250a2&amp;medium=ol365\" target=\"_blank\" rel=\"noopener noreferrer\"><img loading=\"lazy\" decoding=\"async\" class=\"aligncenter\" src=\"https:\/\/redfoxlotto.com\/image?size=8&amp;lottery=powerball\" alt=\"powerball\" width=\"793\" height=\"98\" \/><\/a><\/p>\n<p>Akon\u00e1hle vyberiete \u010d\u00edsla pre lot\u00e9riu Powerball, m\u00f4\u017eete si vybra\u0165 \u010fal\u0161iu lot\u00e9riu, hra\u0165 viac lot\u00e9ri\u00ed a prida\u0165 ich do svojej hry. A\u017e budete hotov\u00ed, kliknut\u00edm bezpe\u010dne zaplat\u00edte za tikety a odhl\u00e1site sa. Teraz si u n\u00e1s budete musie\u0165 vytvori\u0165 svoj \u00fa\u010det. Samozrejme si m\u00f4\u017eete najprv vytvori\u0165 \u00fa\u010det a potom za\u010da\u0165 objedn\u00e1vanie tiketov.<\/p>\n<p>Po vytvoren\u00ed \u00fa\u010dtu je nutn\u00e9 overi\u0165 va\u0161u registr\u00e1ciu na webe. Za\u0161leme v\u00e1m overovac\u00ed e-mail s odkazom. Odpor\u00fa\u010dame ozna\u010di\u0165 na\u0161u e-mailov\u00fa adresu za d\u00f4veryhodn\u00e9ho odosielate\u013ea. T\u00fdm bude zabezpe\u010den\u00e9, \u017ee d\u00f4le\u017eit\u00e9 spr\u00e1vy, ako s\u00fa ozn\u00e1menia o v\u00fdhrach a \u010fal\u0161ie, sa k v\u00e1m bez probl\u00e9mov dostan\u00fa. To je jedna z v\u00fdhod hrania online lot\u00e9rie Powerball \u2013 v\u00fdhra v\u00e1m nikdy neunikne, preto\u017ee budete v\u017edy upozornen\u00ed.<\/p>\n<p>Na\u0161a slu\u017eba preniesla hranie lot\u00e9ri\u00ed do 21. storo\u010dia \u2013 to je t\u00e1 najv\u00e4\u010d\u0161ia vec, ktor\u00e1 sa v lot\u00e9ri\u00e1ch stala od chv\u00edle, kedy sa prv\u00fdkr\u00e1t za\u010dali pred\u00e1va\u0165 tikety. Ak nevyu\u017e\u00edvate v\u00fdhod tejto online slu\u017eby, skuto\u010dne prich\u00e1dzate o ve\u013ea skvel\u00fdch lot\u00e9riov\u00fdch akci\u00ed, ktor\u00e9 na v\u00e1s \u010dakaj\u00fa.<\/p>\n<h2>O lot\u00e9rii Powerball<\/h2>\n<p><img loading=\"lazy\" decoding=\"async\" class=\"size-medium wp-image-1521 alignright\" src=\"https:\/\/onlinelotto365.com\/wp-content\/uploads\/2020\/11\/online_lottery-133-300x212.jpg\" alt=\"powerball usa zo Slovenska\" width=\"300\" height=\"212\" \/><\/p>\n<ul>\n<li>Krajina: USA<\/li>\n<li>Interval hlavn\u00fdch \u010d\u00edsel: 69<\/li>\n<li>Mus\u00edte si vybra\u0165: 5<\/li>\n<li>Interval extra \u010d\u00edsel: 26<\/li>\n<li>Mus\u00edte si vybra\u0165: 1<\/li>\n<li>Dni a hodiny \u017erebovania: streda, sobota, 21:00 EST, +1 de\u0148 3:00 CET<\/li>\n<li>Najmen\u0161\u00ed jackpot: 40 mili\u00f3nov dol\u00e1rov<\/li>\n<li>Najv\u00e4\u010d\u0161\u00ed limit jackpotu: \u017eiadny<\/li>\n<li>Pravdepodobnos\u0165 v\u00fdhry jackpotu v lot\u00e9rii Powerball: 1 ku 175 223 510<\/li>\n<li>Pravdepodobnos\u0165 v\u00fdhry 2. \u00farovne: 1 ku 5 006 386<\/li>\n<li>Pravdepodobnos\u0165 v\u00fdhry akejko\u013evek \u00farovne: 1 ku 24,87<\/li>\n<li>Po\u010det \u00farovn\u00ed v\u00fdhier: 9<\/li>\n<\/ul>\n<h2>Najlep\u0161ie vlastnosti lot\u00e9rie Powerball<\/h2>\n<p>Lot\u00e9ria Powerball m\u00e1 silu uspokoji\u0165 v\u0161etk\u00fdch bez oh\u013eadu na to, ak\u00e9 ve\u013ek\u00e9 s\u00fa va\u0161e sny. Pravidelne pon\u00faka jackpoty v stovk\u00e1ch mili\u00f3nov dol\u00e1rov \u2013 to je ur\u010dite to, \u010do by ste nazvali obrovsk\u00fdm mno\u017estvom pe\u0148az\u00ed, ktor\u00e9 samozrejme chcete vyhra\u0165.<\/p>\n<p>Zaka\u017ed\u00fdm, ke\u010f nikto jackpot nevyhr\u00e1, jackpot vyrastie, \u010dasto a\u017e na sto mili\u00f3nov, dvesto mili\u00f3nov a niekedy dokonca aj tristo mili\u00f3nov dol\u00e1rov. Mysl\u00edm si, \u017ee v\u00e4\u010d\u0161ina z n\u00e1s by s\u00fahlasila s t\u00fdm, \u017ee aj 40 mili\u00f3nov dol\u00e1rov by sta\u010dilo na to, aby sme pre\u017eili v\u0161etky svoje sny, ale pokia\u013e ide o lot\u00e9rie, tak plat\u00ed, \u017ee \u010d\u00edm v\u00e4\u010d\u0161ie, t\u00fdm lep\u0161ie. Tak\u017ee ak ste ako v\u00e4\u010d\u0161ina \u013eud\u00ed a radi hr\u00e1te o ve\u013ek\u00e9 v\u00fdhry, toto je ur\u010dite pre v\u00e1s.<\/p>\n<h2>\u010co e\u0161te potrebujete vedie\u0165 o online hran\u00ed lot\u00e9rie Powerball<\/h2>\n<p>Lot\u00e9ria Powerball pon\u00faka v\u00fdhercom jackpotu dva sp\u00f4soby v\u00fdplaty v\u00fdhier. M\u00f4\u017eete si bu\u010f vzia\u0165 pau\u0161\u00e1lnu sumu hne\u010f, alebo m\u00f4\u017eete z\u00edska\u0165 ove\u013ea viac pe\u0148az\u00ed t\u00fdm, \u017ee ich obdr\u017e\u00edte v 30 ro\u010dn\u00fdch spl\u00e1tkach.<\/p>\n<h2>Ako sa pozrie\u0165 na v\u00fdsledky lot\u00e9rie Powerball zo Slovenska<\/h2>\n<p>Existuje rad sp\u00f4sobov, ako sa zo Slovenska pozrie\u0165 na v\u00fdhern\u00e9 \u010d\u00edsla a v\u00fdsledky lot\u00e9rie Powerball. Pokia\u013e ste ale hrali online Powerball, najjednoduch\u0161ie je vr\u00e1ti\u0165 sa tam, kde ste si k\u00fapili tiket. Na svojom \u00fa\u010dte budete m\u00f4c\u0165 porovna\u0165 svoje \u010d\u00edsla s \u010d\u00edslami z losovania. Tie\u017e obdr\u017e\u00edte e-mail, kedyko\u013evek niektor\u00fd z va\u0161ich tiketov nie\u010do vyhral.<\/p>\n<h2>Hrali ste online Powerball a vyhrali ste \u2013 \u010do sa bude dia\u0165 \u010falej?<\/h2>\n<p>Na\u0161a slu\u017eba zah\u0155\u0148a aj spracovanie v\u00fdplat za v\u00e1s. O vyplatenie v\u00fdhry sa nemus\u00edte stara\u0165. A z va\u0161ich v\u00fdhier si ne\u00fa\u010dtujeme \u017eiadnu prov\u00edziu.<\/p>\n<p>Postup z\u00e1vis\u00ed od toho, ko\u013eko ste vyhrali. Ak ste vyhrali sumu 2500 EUR alebo menej, potom v\u00e1m bude t\u00e1to suma prip\u00edsan\u00e1 na v\u00e1\u0161 \u00fa\u010det u n\u00e1s. M\u00f4\u017eete si ju vybra\u0165 alebo ju ponecha\u0165 na svojom \u00fa\u010dte a pou\u017ei\u0165 ju na hranie \u010fal\u0161\u00edch online lot\u00e9ri\u00ed.<\/p>\n<p>Ak vyhr\u00e1te vy\u0161\u0161iu sumu, po\u0161leme v\u00e1m e-mailom formul\u00e1r na uplatnenie n\u00e1roku. V \u0148om potom mus\u00edte vyplni\u0165 nieko\u013eko osobn\u00fdch \u00fadajov vr\u00e1tane sp\u00f4sobu, ak\u00fdm chcete dosta\u0165 v\u00fdplatu. Na v\u00fdber m\u00e1te dve mo\u017enosti: bankov\u00fd prevod alebo \u0161ek. Po\u017eiadavkov\u00fd formul\u00e1r za\u0161leme lot\u00e9riovej komisii a t\u00e1 v\u00e1m vyplat\u00ed peniaze pod\u013ea va\u0161ich pokynov.<\/p>\n","protected":false},"excerpt":{"rendered":"<p>Vlastne je celkom jednoduch\u00e9 hra\u0165 online Powerball, aj ke\u010f ste na Slovensku. A je to tie\u017e aj pohodln\u00e9. Uistite sa, \u017ee ste si vybrali t\u00fa spr\u00e1vnu lot\u00e9riu \u2013 konkr\u00e9tne Powerball. Potom si vyberiete svoje \u010d\u00edsla. Existuje aj met\u00f3da, ktor\u00fa rado pou\u017e\u00edva ve\u013ea hr\u00e1\u010dov \u2013 funkcia r\u00fdchleho v\u00fdberu. Jedin\u00e9, \u010do mus\u00edte urobi\u0165, je klikn\u00fa\u0165 na tla\u010didlo [&hellip;]<\/p>\n","protected":false},"author":1,"featured_media":0,"parent":5034,"menu_order":1,"comment_status":"closed","ping_status":"closed","template":"powerball-usa.php","meta":{"_et_pb_use_builder":"","_et_pb_old_content":"","_et_gb_content_width":"","exclude_from_search":false,"footnotes":""},"class_list":["post-10857","page","type-page","status-publish","hentry"],"yoast_head":"<!-- This site is optimized with the Yoast SEO plugin v23.4 - https:\/\/yoast.com\/wordpress\/plugins\/seo\/ -->\n<title>Hrajte online Powerball zo Slovenska | M\u00f4\u017eem vyhra\u0165 Powerball zo Slovenska<\/title>\n<meta name=\"description\" content=\"Hrajte lot\u00e9riu Powerball tu \u2013 najv\u00e4\u010d\u0161iu lot\u00e9riu z USA dostupn\u00fa zo Slovenska a akejko\u013evek inej krajiny online.\" \/>\n<meta name=\"robots\" content=\"index, follow, max-snippet:-1, max-image-preview:large, max-video-preview:-1\" \/>\n<link rel=\"canonical\" href=\"https:\/\/onlinelotto365.com\/sk\/hrat\/powerball\/\" \/>\n<meta property=\"og:locale\" content=\"sk_SK\" \/>\n<meta property=\"og:type\" content=\"article\" \/>\n<meta property=\"og:title\" content=\"Hrajte online Powerball zo Slovenska | M\u00f4\u017eem vyhra\u0165 Powerball zo Slovenska\" \/>\n<meta property=\"og:description\" content=\"Hrajte lot\u00e9riu Powerball tu \u2013 najv\u00e4\u010d\u0161iu lot\u00e9riu z USA dostupn\u00fa zo Slovenska a akejko\u013evek inej krajiny online.\" \/>\n<meta property=\"og:url\" content=\"https:\/\/onlinelotto365.com\/sk\/hrat\/powerball\/\" \/>\n<meta property=\"og:site_name\" content=\"OnlineLotto365\" \/>\n<meta property=\"article:modified_time\" content=\"2022-11-08T08:41:07+00:00\" \/>\n<meta property=\"og:image\" content=\"https:\/\/redfoxlotto.com\/image?size=8&amp;lottery=powerball\" \/>\n<meta name=\"twitter:card\" content=\"summary_large_image\" \/>\n<meta name=\"twitter:label1\" content=\"Predpokladan\u00fd \u010das \u010d\u00edtania\" \/>\n\t<meta name=\"twitter:data1\" content=\"4 min\u00faty\" \/>\n<script type=\"application\/ld+json\" class=\"yoast-schema-graph\">{\"@context\":\"https:\/\/schema.org\",\"@graph\":[{\"@type\":\"WebPage\",\"@id\":\"https:\/\/onlinelotto365.com\/sk\/hrat\/powerball\/\",\"url\":\"https:\/\/onlinelotto365.com\/sk\/hrat\/powerball\/\",\"name\":\"Hrajte online Powerball zo Slovenska | M\u00f4\u017eem vyhra\u0165 Powerball zo Slovenska\",\"isPartOf\":{\"@id\":\"https:\/\/onlinelotto365.com\/sk\/#website\"},\"primaryImageOfPage\":{\"@id\":\"https:\/\/onlinelotto365.com\/sk\/hrat\/powerball\/#primaryimage\"},\"image\":{\"@id\":\"https:\/\/onlinelotto365.com\/sk\/hrat\/powerball\/#primaryimage\"},\"thumbnailUrl\":\"https:\/\/redfoxlotto.com\/image?size=8&amp;lottery=powerball\",\"datePublished\":\"2020-12-18T07:28:00+00:00\",\"dateModified\":\"2022-11-08T08:41:07+00:00\",\"description\":\"Hrajte lot\u00e9riu Powerball tu \u2013 najv\u00e4\u010d\u0161iu lot\u00e9riu z USA dostupn\u00fa zo Slovenska a akejko\u013evek inej krajiny online.\",\"breadcrumb\":{\"@id\":\"https:\/\/onlinelotto365.com\/sk\/hrat\/powerball\/#breadcrumb\"},\"inLanguage\":\"sk-SK\",\"potentialAction\":[{\"@type\":\"ReadAction\",\"target\":[\"https:\/\/onlinelotto365.com\/sk\/hrat\/powerball\/\"]}]},{\"@type\":\"ImageObject\",\"inLanguage\":\"sk-SK\",\"@id\":\"https:\/\/onlinelotto365.com\/sk\/hrat\/powerball\/#primaryimage\",\"url\":\"https:\/\/redfoxlotto.com\/image?size=8&amp;lottery=powerball\",\"contentUrl\":\"https:\/\/redfoxlotto.com\/image?size=8&amp;lottery=powerball\"},{\"@type\":\"BreadcrumbList\",\"@id\":\"https:\/\/onlinelotto365.com\/sk\/hrat\/powerball\/#breadcrumb\",\"itemListElement\":[{\"@type\":\"ListItem\",\"position\":1,\"name\":\"Home\",\"item\":\"https:\/\/onlinelotto365.com\/sk\/\"},{\"@type\":\"ListItem\",\"position\":2,\"name\":\"V\u0161etko, \u010do mus\u00edte vedie\u0165 o svojich mo\u017enostiach hra\u0165 najlep\u0161ie lot\u00e9rie online\",\"item\":\"https:\/\/onlinelotto365.com\/sk\/hrat\/\"},{\"@type\":\"ListItem\",\"position\":3,\"name\":\"Ako m\u00f4\u017eu obyvatelia Slovenska hra\u0165 online Powerball?\"}]},{\"@type\":\"WebSite\",\"@id\":\"https:\/\/onlinelotto365.com\/sk\/#website\",\"url\":\"https:\/\/onlinelotto365.com\/sk\/\",\"name\":\"OnlineLotto365\",\"description\":\"\",\"potentialAction\":[{\"@type\":\"SearchAction\",\"target\":{\"@type\":\"EntryPoint\",\"urlTemplate\":\"https:\/\/onlinelotto365.com\/sk\/?s={search_term_string}\"},\"query-input\":{\"@type\":\"PropertyValueSpecification\",\"valueRequired\":true,\"valueName\":\"search_term_string\"}}],\"inLanguage\":\"sk-SK\"}]}<\/script>\n<!-- \/ Yoast SEO plugin. -->","yoast_head_json":{"title":"Hrajte online Powerball zo Slovenska | M\u00f4\u017eem vyhra\u0165 Powerball zo Slovenska","description":"Hrajte lot\u00e9riu Powerball tu \u2013 najv\u00e4\u010d\u0161iu lot\u00e9riu z USA dostupn\u00fa zo Slovenska a akejko\u013evek inej krajiny online.","robots":{"index":"index","follow":"follow","max-snippet":"max-snippet:-1","max-image-preview":"max-image-preview:large","max-video-preview":"max-video-preview:-1"},"canonical":"https:\/\/onlinelotto365.com\/sk\/hrat\/powerball\/","og_locale":"sk_SK","og_type":"article","og_title":"Hrajte online Powerball zo Slovenska | M\u00f4\u017eem vyhra\u0165 Powerball zo Slovenska","og_description":"Hrajte lot\u00e9riu Powerball tu \u2013 najv\u00e4\u010d\u0161iu lot\u00e9riu z USA dostupn\u00fa zo Slovenska a akejko\u013evek inej krajiny online.","og_url":"https:\/\/onlinelotto365.com\/sk\/hrat\/powerball\/","og_site_name":"OnlineLotto365","article_modified_time":"2022-11-08T08:41:07+00:00","og_image":[{"url":"https:\/\/redfoxlotto.com\/image?size=8&amp;lottery=powerball"}],"twitter_card":"summary_large_image","twitter_misc":{"Predpokladan\u00fd \u010das \u010d\u00edtania":"4 min\u00faty"},"schema":{"@context":"https:\/\/schema.org","@graph":[{"@type":"WebPage","@id":"https:\/\/onlinelotto365.com\/sk\/hrat\/powerball\/","url":"https:\/\/onlinelotto365.com\/sk\/hrat\/powerball\/","name":"Hrajte online Powerball zo Slovenska | M\u00f4\u017eem vyhra\u0165 Powerball zo Slovenska","isPartOf":{"@id":"https:\/\/onlinelotto365.com\/sk\/#website"},"primaryImageOfPage":{"@id":"https:\/\/onlinelotto365.com\/sk\/hrat\/powerball\/#primaryimage"},"image":{"@id":"https:\/\/onlinelotto365.com\/sk\/hrat\/powerball\/#primaryimage"},"thumbnailUrl":"https:\/\/redfoxlotto.com\/image?size=8&amp;lottery=powerball","datePublished":"2020-12-18T07:28:00+00:00","dateModified":"2022-11-08T08:41:07+00:00","description":"Hrajte lot\u00e9riu Powerball tu \u2013 najv\u00e4\u010d\u0161iu lot\u00e9riu z USA dostupn\u00fa zo Slovenska a akejko\u013evek inej krajiny online.","breadcrumb":{"@id":"https:\/\/onlinelotto365.com\/sk\/hrat\/powerball\/#breadcrumb"},"inLanguage":"sk-SK","potentialAction":[{"@type":"ReadAction","target":["https:\/\/onlinelotto365.com\/sk\/hrat\/powerball\/"]}]},{"@type":"ImageObject","inLanguage":"sk-SK","@id":"https:\/\/onlinelotto365.com\/sk\/hrat\/powerball\/#primaryimage","url":"https:\/\/redfoxlotto.com\/image?size=8&amp;lottery=powerball","contentUrl":"https:\/\/redfoxlotto.com\/image?size=8&amp;lottery=powerball"},{"@type":"BreadcrumbList","@id":"https:\/\/onlinelotto365.com\/sk\/hrat\/powerball\/#breadcrumb","itemListElement":[{"@type":"ListItem","position":1,"name":"Home","item":"https:\/\/onlinelotto365.com\/sk\/"},{"@type":"ListItem","position":2,"name":"V\u0161etko, \u010do mus\u00edte vedie\u0165 o svojich mo\u017enostiach hra\u0165 najlep\u0161ie lot\u00e9rie online","item":"https:\/\/onlinelotto365.com\/sk\/hrat\/"},{"@type":"ListItem","position":3,"name":"Ako m\u00f4\u017eu obyvatelia Slovenska hra\u0165 online Powerball?"}]},{"@type":"WebSite","@id":"https:\/\/onlinelotto365.com\/sk\/#website","url":"https:\/\/onlinelotto365.com\/sk\/","name":"OnlineLotto365","description":"","potentialAction":[{"@type":"SearchAction","target":{"@type":"EntryPoint","urlTemplate":"https:\/\/onlinelotto365.com\/sk\/?s={search_term_string}"},"query-input":{"@type":"PropertyValueSpecification","valueRequired":true,"valueName":"search_term_string"}}],"inLanguage":"sk-SK"}]}},"_links":{"self":[{"href":"https:\/\/onlinelotto365.com\/sk\/wp-json\/wp\/v2\/pages\/10857","targetHints":{"allow":["GET"]}}],"collection":[{"href":"https:\/\/onlinelotto365.com\/sk\/wp-json\/wp\/v2\/pages"}],"about":[{"href":"https:\/\/onlinelotto365.com\/sk\/wp-json\/wp\/v2\/types\/page"}],"author":[{"embeddable":true,"href":"https:\/\/onlinelotto365.com\/sk\/wp-json\/wp\/v2\/users\/1"}],"replies":[{"embeddable":true,"href":"https:\/\/onlinelotto365.com\/sk\/wp-json\/wp\/v2\/comments?post=10857"}],"version-history":[{"count":0,"href":"https:\/\/onlinelotto365.com\/sk\/wp-json\/wp\/v2\/pages\/10857\/revisions"}],"up":[{"embeddable":true,"href":"https:\/\/onlinelotto365.com\/sk\/wp-json\/wp\/v2\/pages\/5034"}],"wp:attachment":[{"href":"https:\/\/onlinelotto365.com\/sk\/wp-json\/wp\/v2\/media?parent=10857"}],"curies":[{"name":"wp","href":"https:\/\/api.w.org\/{rel}","templated":true}]}}