{"id":10859,"date":"2020-12-18T08:29:00","date_gmt":"2020-12-18T07:29:00","guid":{"rendered":"http:\/\/onlinelotto365.net\/?page_id=10859"},"modified":"2021-03-19T10:02:33","modified_gmt":"2021-03-19T09:02:33","slug":"mega-millions","status":"publish","type":"page","link":"https:\/\/onlinelotto365.com\/sk\/hrat\/mega-millions\/","title":{"rendered":"Mega Millions online"},"content":{"rendered":"<h2>O lot\u00e9rii Mega Millions<\/h2>\n<p>Toto je asi najsl\u00e1vnej\u0161ia lot\u00e9ria na svete. Poskytujeme mo\u017enos\u0165 zahra\u0165 si online lot\u00e9riu Mega Millions nad\u0161encom zo Slovenska a pom\u00e1hame hr\u00e1\u010dom splni\u0165 si ich sen. Ak \u017eijete na Slovensku, m\u00f4\u017eete si lot\u00e9riu Mega Millions zahra\u0165 aj online, tu si m\u00f4\u017eete k\u00fapi\u0165 tiket. Na\u0161e slu\u017eby s\u00fa leg\u00e1lne. D\u00e1vame v\u00e1m \u0161ancu z\u00fa\u010dastni\u0165 sa tejto megalot\u00e9rie poch\u00e1dzaj\u00facej z USA.<br \/>\n<a href=\"https:\/\/redfoxlotto.com\/play\/mega-millions\/?ref=a8564250a2&amp;medium=ol365\" target=\"_blank\" rel=\"noopener noreferrer\"><img decoding=\"async\" class=\"aligncenter\" src=\"https:\/\/redfoxlotto.com\/image?size=8&amp;lottery=mega-millions\" alt=\"mega millions\" \/><\/a><\/p>\n<ul>\n<li>Krajina: USA<\/li>\n<li>Rozsah hlavn\u00fdch \u010d\u00edsel: 70<\/li>\n<li>Mus\u00edte si vybra\u0165: 5<\/li>\n<li>Rozsah extra \u010d\u00edsel: 25<\/li>\n<li>Mus\u00edte si vybra\u0165: 1<\/li>\n<li>Dni a hodiny \u017erebovania: utorok, piatok, 21:00 EST &#8211; +1 de\u0148 3:00 CET<\/li>\n<li>Jackpot lot\u00e9rie Mega Millions za\u010d\u00edna na: 40 mili\u00f3nov dol\u00e1rov<\/li>\n<li>Jackpot lot\u00e9rie Mega Millions je zvrchu obmedzen\u00fd na: nie je horn\u00fd limit<\/li>\n<li>\u0160anca na v\u00fdhru jackpotu: 1 ku 175 711 536<\/li>\n<li>\u0160anca na v\u00fdhru druhej ceny: 1 ku 3 819 816<\/li>\n<li>\u0160anca na v\u00fdhru akejko\u013evek v\u00fdhry: 1 ku 24,12<\/li>\n<li>Po\u010det kateg\u00f3ri\u00ed v\u00fdhier: 9<\/li>\n<\/ul>\n<h2>Najlep\u0161ie vlastnosti lot\u00e9rie Mega Millions<\/h2>\n<p><img loading=\"lazy\" decoding=\"async\" class=\"alignright wp-image-1026\" src=\"https:\/\/onlinelotto365.com\/wp-content\/uploads\/2020\/11\/online_lottery-85.jpg\" alt=\"hra\u0165 mega millions online\" width=\"189\" height=\"162\" \/><\/p>\n<p>Hlavn\u00fdm l\u00e1kadlom lot\u00e9rie Mega Millions je prirodzene ve\u013ekos\u0165 jackpotov. Jackpot lot\u00e9rie Mega Millions nikdy nem\u00f4\u017ee by\u0165 ni\u017e\u0161\u00ed ako 40 mili\u00f3nov dol\u00e1rov. Zaka\u017ed\u00fdm, ke\u010f niekto vyhr\u00e1 jackpot, sa znovu za\u010d\u00edna od minim\u00e1lnej v\u00fd\u0161ky jackpotu, ktor\u00fd je 40 mili\u00f3nov dol\u00e1rov. V\u010faka dvom \u017erebovaniam t\u00fd\u017edenne rastie jackpot lot\u00e9rie Mega Millions celkom r\u00fdchlo. V USA hraj\u00fa lot\u00e9riu Mega Millions t\u00fd\u017ede\u0148 \u010do t\u00fd\u017ede\u0148 mili\u00f3ny \u013eud\u00ed a ve\u013ea \u013eud\u00ed z in\u00fdch kraj\u00edn ako treb\u00e1rs Slovensko hr\u00e1 lot\u00e9riu Mega Millions aj online.<\/p>\n<p>Je teda norm\u00e1lne, \u017ee jackpot lot\u00e9rie Mega Millions rastie po ka\u017edom \u017erebovan\u00ed o 10 mili\u00f3nov dol\u00e1rov (pokia\u013e niekto nevyhr\u00e1 jackpot). To predstavuje zhruba 20 mili\u00f3nov dol\u00e1rov t\u00fd\u017edenne, preto\u017ee sa konaj\u00fa dve \u017erebovania ka\u017ed\u00fd t\u00fd\u017ede\u0148.<\/p>\n<p>Akon\u00e1hle jackpot prerastie cez \u010diastku 100 mili\u00f3nov dol\u00e1rov, v obchodoch sa za\u010dne pred\u00e1va\u0165 e\u0161te viac tiketov. Jackpot pri mnoh\u00fdch pr\u00edle\u017eitostiach dosiahol sumy 400 mili\u00f3nov dol\u00e1rov a aj viac. Od tohto okamihu je t\u00fd\u017edenn\u00fd rast o 100 mili\u00f3nov dol\u00e1rov norm\u00e1lnou vecou, a to kv\u00f4li exploduj\u00facemu predaju tiketov. Aktu\u00e1lny rekordn\u00fd jackpot mal v\u00fd\u0161ku 1 500 mili\u00f3nov dol\u00e1rov (\u00e1no, je to tak, 1,5 miliardy dol\u00e1rov!).<\/p>\n<h2>Ako sa pozrie\u0165 na v\u00fdsledky lot\u00e9rie Mega Millions<\/h2>\n<p><img loading=\"lazy\" decoding=\"async\" class=\"alignright size-full wp-image-1103\" src=\"https:\/\/onlinelotto365.com\/wp-content\/uploads\/2020\/11\/online_lottery-93.jpg\" alt=\"mega millions Slovensko\" width=\"212\" height=\"142\" \/><\/p>\n<p>Ak \u017eijete na Slovensku alebo v inej krajine mimo USA, s najv\u00e4\u010d\u0161ou pravdepodobnos\u0165ou sa nebudete m\u00f4c\u0165 pozrie\u0165 na v\u00fdhern\u00e9 \u010d\u00edsla z miestnych rozhlasov\u00fdch alebo telev\u00edznych kan\u00e1lov. M\u00f4\u017eete nav\u0161t\u00edvi\u0165 ofici\u00e1lnu str\u00e1nku lot\u00e9rie Mega Millions, ale je tu jedno ove\u013ea jednoduch\u0161ie rie\u0161enie. Sta\u010d\u00ed sa vr\u00e1ti\u0165 na na\u0161u str\u00e1nku a pozrie\u0165 sa na v\u00fdsledky tam. Zverej\u0148ujeme tu v\u00fdsledky v\u0161etk\u00fdch lot\u00e9ri\u00ed.<\/p>\n<h2>Tie\u017e v\u00e1m za\u0161leme e-mail s ozn\u00e1men\u00edm o v\u00fdhre \u2013 ak ste hrali online a m\u00e1te v\u00fdhern\u00fd tiket do lot\u00e9rie Mega Millions.<\/h2>\n<p>Na svojom hr\u00e1\u010dskom \u00fa\u010dte si m\u00f4\u017eete aj overi\u0165 svoje osobn\u00e9 v\u00fdsledky z lot\u00e9rie. Len \u010do ste si zahrali online lot\u00e9riu Mega Millions na na\u0161om webe, tiket alebo tikety, ktor\u00e9 ste mali v hre, sa ukladaj\u00fa na v\u00e1\u0161 \u00fa\u010det. A po \u017erebovan\u00ed sa m\u00f4\u017eete vr\u00e1ti\u0165 a okam\u017eite porovna\u0165 svoj tiket do lot\u00e9rie Mega Millions s najnov\u0161\u00edmi vy\u017erebovan\u00fdmi v\u00fdhern\u00fdmi \u010d\u00edslami.<\/p>\n<h2>Hrali ste online lot\u00e9riu Mega Millions a vyhrali ste \u2013 \u010do sa teraz stane?<\/h2>\n<p>Ak ste vyhrali v\u00e4\u010d\u0161iu v\u00fdhru, n\u00e1\u0161 t\u00edm podpory v\u00e1m po\u0161le spr\u00e1vu s pokynmi, ako \u010falej postupova\u0165. Potom budete musie\u0165 vyplni\u0165 nami odoslan\u00fd formul\u00e1r. N\u00e1\u0161 t\u00edm za\u0161le v\u00e1\u0161 formul\u00e1r lot\u00e9riovej komisii. Vyplnen\u00fd formul\u00e1r obsahuje aj inform\u00e1cie o va\u0161om bankovom \u00fa\u010dte alebo tie\u017e o va\u0161ej fyzickej adrese na Slovensku (alebo kdeko\u013evek \u017eijete). V tomto formul\u00e1ri s\u00fa definovan\u00e9 aj va\u0161e \u017eelanie t\u00fdkaj\u00face sa sp\u00f4sobu platby. Svoje peniaze dostanete do nieko\u013ek\u00fdch dn\u00ed sp\u00f4sobom, ak\u00fd ste si vybrali.<\/p>\n<p>A ak vyhr\u00e1te men\u0161iu v\u00fdhru (do 2 500 EUR), v\u00fdplata sa okam\u017eite ulo\u017e\u00ed na v\u00e1\u0161 hr\u00e1\u010dsky \u00fa\u010det \u2013 sta\u010d\u00ed sa pozrie\u0165 na v\u00e1\u0161 \u00fa\u010det. \u010ealej sa m\u00f4\u017eete rozhodn\u00fa\u0165, \u010di si tam finan\u010dn\u00e9 prostriedky chcete necha\u0165 a pou\u017ei\u0165 ich na \u010fal\u0161ie hranie online lot\u00e9ri\u00ed (alebo op\u00e4\u0165 Mega v\u00fdhru), alebo si m\u00f4\u017eete paniaze vybra\u0165 na bankov\u00fd \u00fa\u010det.<\/p>\n","protected":false},"excerpt":{"rendered":"<p>O lot\u00e9rii Mega Millions Toto je asi najsl\u00e1vnej\u0161ia lot\u00e9ria na svete. Poskytujeme mo\u017enos\u0165 zahra\u0165 si online lot\u00e9riu Mega Millions nad\u0161encom zo Slovenska a pom\u00e1hame hr\u00e1\u010dom splni\u0165 si ich sen. Ak \u017eijete na Slovensku, m\u00f4\u017eete si lot\u00e9riu Mega Millions zahra\u0165 aj online, tu si m\u00f4\u017eete k\u00fapi\u0165 tiket. Na\u0161e slu\u017eby s\u00fa leg\u00e1lne. D\u00e1vame v\u00e1m \u0161ancu z\u00fa\u010dastni\u0165 sa [&hellip;]<\/p>\n","protected":false},"author":1,"featured_media":0,"parent":5034,"menu_order":2,"comment_status":"closed","ping_status":"closed","template":"megamillion.php","meta":{"_et_pb_use_builder":"","_et_pb_old_content":"","_et_gb_content_width":"","exclude_from_search":false,"footnotes":""},"class_list":["post-10859","page","type-page","status-publish","hentry"],"yoast_head":"<!-- This site is optimized with the Yoast SEO plugin v23.4 - https:\/\/yoast.com\/wordpress\/plugins\/seo\/ -->\n<title>Hrajte online Mega Millions z USA | Ako sa leg\u00e1lne m\u00f4\u017eu obyvatelia Slovenska z\u00fa\u010dast\u0148ova\u0165 lot\u00e9rie Mega Millions<\/title>\n<meta name=\"description\" content=\"Teraz si m\u00f4\u017eete zahra\u0165 Mega Millions aj vy \u2013 na\u0161a online slu\u017eba v\u00e1m umo\u017e\u0148uje nakupova\u0165 tikety do lot\u00e9rie Mega Millions aj zo Slovenska\" \/>\n<meta name=\"robots\" content=\"index, follow, max-snippet:-1, max-image-preview:large, max-video-preview:-1\" \/>\n<link rel=\"canonical\" href=\"https:\/\/onlinelotto365.com\/sk\/hrat\/mega-millions\/\" \/>\n<meta property=\"og:locale\" content=\"sk_SK\" \/>\n<meta property=\"og:type\" content=\"article\" \/>\n<meta property=\"og:title\" content=\"Hrajte online Mega Millions z USA | Ako sa leg\u00e1lne m\u00f4\u017eu obyvatelia Slovenska z\u00fa\u010dast\u0148ova\u0165 lot\u00e9rie Mega Millions\" \/>\n<meta property=\"og:description\" content=\"Teraz si m\u00f4\u017eete zahra\u0165 Mega Millions aj vy \u2013 na\u0161a online slu\u017eba v\u00e1m umo\u017e\u0148uje nakupova\u0165 tikety do lot\u00e9rie Mega Millions aj zo Slovenska\" \/>\n<meta property=\"og:url\" content=\"https:\/\/onlinelotto365.com\/sk\/hrat\/mega-millions\/\" \/>\n<meta property=\"og:site_name\" content=\"OnlineLotto365\" \/>\n<meta property=\"article:modified_time\" content=\"2021-03-19T09:02:33+00:00\" \/>\n<meta property=\"og:image\" content=\"https:\/\/redfoxlotto.com\/image?size=8&amp;lottery=mega-millions\" \/>\n<meta name=\"twitter:card\" content=\"summary_large_image\" \/>\n<meta name=\"twitter:label1\" content=\"Predpokladan\u00fd \u010das \u010d\u00edtania\" \/>\n\t<meta name=\"twitter:data1\" content=\"4 min\u00faty\" \/>\n<script type=\"application\/ld+json\" class=\"yoast-schema-graph\">{\"@context\":\"https:\/\/schema.org\",\"@graph\":[{\"@type\":\"WebPage\",\"@id\":\"https:\/\/onlinelotto365.com\/sk\/hrat\/mega-millions\/\",\"url\":\"https:\/\/onlinelotto365.com\/sk\/hrat\/mega-millions\/\",\"name\":\"Hrajte online Mega Millions z USA | Ako sa leg\u00e1lne m\u00f4\u017eu obyvatelia Slovenska z\u00fa\u010dast\u0148ova\u0165 lot\u00e9rie Mega Millions\",\"isPartOf\":{\"@id\":\"https:\/\/onlinelotto365.com\/sk\/#website\"},\"primaryImageOfPage\":{\"@id\":\"https:\/\/onlinelotto365.com\/sk\/hrat\/mega-millions\/#primaryimage\"},\"image\":{\"@id\":\"https:\/\/onlinelotto365.com\/sk\/hrat\/mega-millions\/#primaryimage\"},\"thumbnailUrl\":\"https:\/\/redfoxlotto.com\/image?size=8&amp;lottery=mega-millions\",\"datePublished\":\"2020-12-18T07:29:00+00:00\",\"dateModified\":\"2021-03-19T09:02:33+00:00\",\"description\":\"Teraz si m\u00f4\u017eete zahra\u0165 Mega Millions aj vy \u2013 na\u0161a online slu\u017eba v\u00e1m umo\u017e\u0148uje nakupova\u0165 tikety do lot\u00e9rie Mega Millions aj zo Slovenska\",\"breadcrumb\":{\"@id\":\"https:\/\/onlinelotto365.com\/sk\/hrat\/mega-millions\/#breadcrumb\"},\"inLanguage\":\"sk-SK\",\"potentialAction\":[{\"@type\":\"ReadAction\",\"target\":[\"https:\/\/onlinelotto365.com\/sk\/hrat\/mega-millions\/\"]}]},{\"@type\":\"ImageObject\",\"inLanguage\":\"sk-SK\",\"@id\":\"https:\/\/onlinelotto365.com\/sk\/hrat\/mega-millions\/#primaryimage\",\"url\":\"https:\/\/redfoxlotto.com\/image?size=8&amp;lottery=mega-millions\",\"contentUrl\":\"https:\/\/redfoxlotto.com\/image?size=8&amp;lottery=mega-millions\"},{\"@type\":\"BreadcrumbList\",\"@id\":\"https:\/\/onlinelotto365.com\/sk\/hrat\/mega-millions\/#breadcrumb\",\"itemListElement\":[{\"@type\":\"ListItem\",\"position\":1,\"name\":\"Home\",\"item\":\"https:\/\/onlinelotto365.com\/sk\/\"},{\"@type\":\"ListItem\",\"position\":2,\"name\":\"V\u0161etko, \u010do mus\u00edte vedie\u0165 o svojich mo\u017enostiach hra\u0165 najlep\u0161ie lot\u00e9rie online\",\"item\":\"https:\/\/onlinelotto365.com\/sk\/hrat\/\"},{\"@type\":\"ListItem\",\"position\":3,\"name\":\"Mega Millions online\"}]},{\"@type\":\"WebSite\",\"@id\":\"https:\/\/onlinelotto365.com\/sk\/#website\",\"url\":\"https:\/\/onlinelotto365.com\/sk\/\",\"name\":\"OnlineLotto365\",\"description\":\"\",\"potentialAction\":[{\"@type\":\"SearchAction\",\"target\":{\"@type\":\"EntryPoint\",\"urlTemplate\":\"https:\/\/onlinelotto365.com\/sk\/?s={search_term_string}\"},\"query-input\":{\"@type\":\"PropertyValueSpecification\",\"valueRequired\":true,\"valueName\":\"search_term_string\"}}],\"inLanguage\":\"sk-SK\"}]}<\/script>\n<!-- \/ Yoast SEO plugin. -->","yoast_head_json":{"title":"Hrajte online Mega Millions z USA | Ako sa leg\u00e1lne m\u00f4\u017eu obyvatelia Slovenska z\u00fa\u010dast\u0148ova\u0165 lot\u00e9rie Mega Millions","description":"Teraz si m\u00f4\u017eete zahra\u0165 Mega Millions aj vy \u2013 na\u0161a online slu\u017eba v\u00e1m umo\u017e\u0148uje nakupova\u0165 tikety do lot\u00e9rie Mega Millions aj zo Slovenska","robots":{"index":"index","follow":"follow","max-snippet":"max-snippet:-1","max-image-preview":"max-image-preview:large","max-video-preview":"max-video-preview:-1"},"canonical":"https:\/\/onlinelotto365.com\/sk\/hrat\/mega-millions\/","og_locale":"sk_SK","og_type":"article","og_title":"Hrajte online Mega Millions z USA | Ako sa leg\u00e1lne m\u00f4\u017eu obyvatelia Slovenska z\u00fa\u010dast\u0148ova\u0165 lot\u00e9rie Mega Millions","og_description":"Teraz si m\u00f4\u017eete zahra\u0165 Mega Millions aj vy \u2013 na\u0161a online slu\u017eba v\u00e1m umo\u017e\u0148uje nakupova\u0165 tikety do lot\u00e9rie Mega Millions aj zo Slovenska","og_url":"https:\/\/onlinelotto365.com\/sk\/hrat\/mega-millions\/","og_site_name":"OnlineLotto365","article_modified_time":"2021-03-19T09:02:33+00:00","og_image":[{"url":"https:\/\/redfoxlotto.com\/image?size=8&amp;lottery=mega-millions"}],"twitter_card":"summary_large_image","twitter_misc":{"Predpokladan\u00fd \u010das \u010d\u00edtania":"4 min\u00faty"},"schema":{"@context":"https:\/\/schema.org","@graph":[{"@type":"WebPage","@id":"https:\/\/onlinelotto365.com\/sk\/hrat\/mega-millions\/","url":"https:\/\/onlinelotto365.com\/sk\/hrat\/mega-millions\/","name":"Hrajte online Mega Millions z USA | Ako sa leg\u00e1lne m\u00f4\u017eu obyvatelia Slovenska z\u00fa\u010dast\u0148ova\u0165 lot\u00e9rie Mega Millions","isPartOf":{"@id":"https:\/\/onlinelotto365.com\/sk\/#website"},"primaryImageOfPage":{"@id":"https:\/\/onlinelotto365.com\/sk\/hrat\/mega-millions\/#primaryimage"},"image":{"@id":"https:\/\/onlinelotto365.com\/sk\/hrat\/mega-millions\/#primaryimage"},"thumbnailUrl":"https:\/\/redfoxlotto.com\/image?size=8&amp;lottery=mega-millions","datePublished":"2020-12-18T07:29:00+00:00","dateModified":"2021-03-19T09:02:33+00:00","description":"Teraz si m\u00f4\u017eete zahra\u0165 Mega Millions aj vy \u2013 na\u0161a online slu\u017eba v\u00e1m umo\u017e\u0148uje nakupova\u0165 tikety do lot\u00e9rie Mega Millions aj zo Slovenska","breadcrumb":{"@id":"https:\/\/onlinelotto365.com\/sk\/hrat\/mega-millions\/#breadcrumb"},"inLanguage":"sk-SK","potentialAction":[{"@type":"ReadAction","target":["https:\/\/onlinelotto365.com\/sk\/hrat\/mega-millions\/"]}]},{"@type":"ImageObject","inLanguage":"sk-SK","@id":"https:\/\/onlinelotto365.com\/sk\/hrat\/mega-millions\/#primaryimage","url":"https:\/\/redfoxlotto.com\/image?size=8&amp;lottery=mega-millions","contentUrl":"https:\/\/redfoxlotto.com\/image?size=8&amp;lottery=mega-millions"},{"@type":"BreadcrumbList","@id":"https:\/\/onlinelotto365.com\/sk\/hrat\/mega-millions\/#breadcrumb","itemListElement":[{"@type":"ListItem","position":1,"name":"Home","item":"https:\/\/onlinelotto365.com\/sk\/"},{"@type":"ListItem","position":2,"name":"V\u0161etko, \u010do mus\u00edte vedie\u0165 o svojich mo\u017enostiach hra\u0165 najlep\u0161ie lot\u00e9rie online","item":"https:\/\/onlinelotto365.com\/sk\/hrat\/"},{"@type":"ListItem","position":3,"name":"Mega Millions online"}]},{"@type":"WebSite","@id":"https:\/\/onlinelotto365.com\/sk\/#website","url":"https:\/\/onlinelotto365.com\/sk\/","name":"OnlineLotto365","description":"","potentialAction":[{"@type":"SearchAction","target":{"@type":"EntryPoint","urlTemplate":"https:\/\/onlinelotto365.com\/sk\/?s={search_term_string}"},"query-input":{"@type":"PropertyValueSpecification","valueRequired":true,"valueName":"search_term_string"}}],"inLanguage":"sk-SK"}]}},"_links":{"self":[{"href":"https:\/\/onlinelotto365.com\/sk\/wp-json\/wp\/v2\/pages\/10859","targetHints":{"allow":["GET"]}}],"collection":[{"href":"https:\/\/onlinelotto365.com\/sk\/wp-json\/wp\/v2\/pages"}],"about":[{"href":"https:\/\/onlinelotto365.com\/sk\/wp-json\/wp\/v2\/types\/page"}],"author":[{"embeddable":true,"href":"https:\/\/onlinelotto365.com\/sk\/wp-json\/wp\/v2\/users\/1"}],"replies":[{"embeddable":true,"href":"https:\/\/onlinelotto365.com\/sk\/wp-json\/wp\/v2\/comments?post=10859"}],"version-history":[{"count":0,"href":"https:\/\/onlinelotto365.com\/sk\/wp-json\/wp\/v2\/pages\/10859\/revisions"}],"up":[{"embeddable":true,"href":"https:\/\/onlinelotto365.com\/sk\/wp-json\/wp\/v2\/pages\/5034"}],"wp:attachment":[{"href":"https:\/\/onlinelotto365.com\/sk\/wp-json\/wp\/v2\/media?parent=10859"}],"curies":[{"name":"wp","href":"https:\/\/api.w.org\/{rel}","templated":true}]}}