{"id":10867,"date":"2020-12-18T08:34:00","date_gmt":"2020-12-18T07:34:00","guid":{"rendered":"http:\/\/onlinelotto365.net\/?page_id=10867"},"modified":"2022-11-09T10:36:20","modified_gmt":"2022-11-09T09:36:20","slug":"el-gordo","status":"publish","type":"page","link":"https:\/\/onlinelotto365.com\/sk\/hrat\/el-gordo\/","title":{"rendered":"Ako sa m\u00f4\u017eu obyvatelia slovensk\u00e9ho jazyka z\u00fa\u010dastni\u0165 na projekte El Gordo?"},"content":{"rendered":"<p>Ak \u017eijete v \u0160panielsku, tak V\u00e1m ani nie je potrebn\u00e9 vysvet\u013eova\u0165, ako vzru\u0161uj\u00face je lot\u00e9ria El Gordo. Bohu\u017eia\u013e v\u0161ak v\u00e4\u010d\u0161ina hr\u00e1\u010dov lot\u00e9rie v \u0160panielsku ne\u017eije a v\u00e4\u010d\u0161ina navy\u0161e nikdy ani o najv\u00e4\u010d\u0161ej \u0161panielskej lot\u00e9rii nepo\u010dula. A\u017e doned\u00e1vna to bolo vlastne jedno, preto\u017ee sa na in\u00fdch miestach mimo \u0160panielska ani hra\u0165 nedala, preto\u017ee sa tikety dali k\u00fapi\u0165 iba v \u0160panielsku.<\/p>\n<p>V\u010faka kr\u00e1sam internetu sa v\u0161ak do hry El Gordo m\u00f4\u017ee zapoji\u0165 ka\u017ed\u00fd de\u0148 cez 150 000 hr\u00e1\u010dov z viac ne\u017e 140 r\u00f4znych kraj\u00edn. Jedin\u00e9, \u010do mus\u00edte urobi\u0165 je k\u00fapi\u0165 si tikety, \u010do teraz m\u00f4\u017eete urobi\u0165 aj online. My sme tu pre V\u00e1s, aby sme V\u00e1m vo va\u0161om sna\u017een\u00ed pomohli.<\/p>\n<p><a href=\"https:\/\/redfoxlotto.com\/play\/el-gordo-primitiva\/?ref=a8564250a2&amp;medium=ol365\" target=\"_blank\" rel=\"noopener noreferrer\"><img decoding=\"async\" class=\"aligncenter\" src=\"https:\/\/redfoxlotto.com\/image?size=8&amp;lottery=el-gordo-primitiva\" alt=\"el gordo la primitiva\" \/><\/a><\/p>\n<p>Existuje skvel\u00e1 slu\u017eba, ktor\u00e1 nesie meno RedFoxLotto, kde si m\u00f4\u017eete nielen k\u00fapi\u0165 tikety k lot\u00e9rii El Gordo online, ale tie\u017e si tu m\u00f4\u017eete zak\u00fapi\u0165 tikety ku v\u0161etk\u00fdm v\u00e4\u010d\u0161\u00edm svetov\u00fdm lot\u00e9ri\u00e1m. V\u0161etko V\u00e1m u\u013eah\u010dia a behom iba nieko\u013ek\u00fdch min\u00fat si m\u00f4\u017eete vyzdvihn\u00fa\u0165 to\u013eko ticketov na \u010fal\u0161ie \u017erebovanie ko\u013eko len budete chcie\u0165 a to k akejko\u013evek z v\u00e4\u010d\u0161\u00edch lot\u00e9ri\u00ed.<\/p>\n<h2>O spolo\u010dnosti El Gordo<\/h2>\n<ul>\n<li>Krajina: \u0160panielsko<\/li>\n<li><span style=\"font-size: 16px;\"> Rozsah hlavn\u00fdch \u010d\u00edsel: 54 <\/span><\/li>\n<li>Vyberiete: 5<\/li>\n<li>Rozsah \u010fal\u0161\u00edch \u010d\u00edsel: \u017eiadny<\/li>\n<li>Vyberiete: \u017eiadne<\/li>\n<li>Rem\u00edzy, hodiny: nede\u013ea, 21:30 SE\u010c, 21:30 SE\u010c<\/li>\n<li>Minim\u00e1lny jackpot: 4 mili\u00f3ny \u20ac<\/li>\n<li>Maxim\u00e1lny limit jackpotu: \u017eiadne maximum<\/li>\n<li>Pravdepodobnos\u0165 v\u00fdhry jackpotu: 1 z 31.625.100<\/li>\n<li>Pravdepodobnos\u0165 v\u00fdhry 2. \u00farovne: 1 z 3,513.900<\/li>\n<li>Pravdepodobnos\u0165 v\u00fdhry v ktorejko\u013evek vrstve: 1 zo 6,16<\/li>\n<li>\u0160peci\u00e1lne udalosti pre El Gordo: Viano\u010dn\u00fd \u0161peci\u00e1l<\/li>\n<\/ul>\n<p>V\u010faka tejto online slu\u017ebe nar\u00e1stlo vzru\u0161enie z hrania lot\u00e9ri\u00ed do obrovsk\u00fdch rozmerov. Vezmite si, ako m\u00e1te radi hranie lot\u00e9ri\u00ed a vyn\u00e1sobte to dvadsiatich. Presne tak\u00e9 to bude. Len si to predstavte.<\/p>\n<h2>El Gordo znamen\u00e1 To ve\u013ek\u00e9<\/h2>\n<p><img loading=\"lazy\" decoding=\"async\" class=\" wp-image-1829 alignright\" src=\"https:\/\/onlinelotto365.com\/wp-content\/uploads\/2020\/11\/online_lottery-163.jpg\" alt=\"Hrajte El Gordo online\" width=\"299\" height=\"216\" \/><\/p>\n<p>Jackpoty El Gordo s\u00fa v\u0161etky obrovsk\u00e9, \u010do je nie\u010do, \u010do v\u0161etci hr\u00e1\u010di lot\u00e9ri\u00ed miluj\u00fa. Dni, kedy ste museli dlho \u010daka\u0165 na to, ako vyrastie jackpot Va\u0161ej ob\u013e\u00fabenej lot\u00e9rie \u010di \u013eud\u00ed si za\u010dn\u00fa kupova\u0165 tikety, s\u00fa u\u017e d\u00e1vno minulos\u0165ou.<\/p>\n<p>Teraz existuje po svete ve\u013ea lot\u00e9ri\u00ed, ktor\u00e9 za\u010d\u00ednaj\u00fa na ohromne ve\u013ek\u00fdch jackpotoch, ktor\u00e9 len s postupom \u010dasu st\u00e1le rast\u00fa. A t\u00e1to lot\u00e9ri\u00ed je presne jednou z nich. Napr\u00edklad, v \u010dase p\u00edsania tohto \u010dl\u00e1nku, je v\u00fd\u0161ka jackpotu 23 mili\u00f3nov euro.<\/p>\n<p>Som si absol\u00fatne ist\u00fd, \u017ee tie\u017e milujete obrovsk\u00e9 jackpoty. RedFoxLotto pre V\u00e1s maj\u00fa k dispoz\u00edcii ale aj \u010fal\u0161ie slu\u017eby. Nejde len o hranie jednej lot\u00e9ri\u00ed, v\u0161etci ich chceme hra\u0165 \u010do najviac. El Gordo je ur\u010dite jednou z t\u00fdch lot\u00e9ri\u00ed, ktor\u00fa sa oplat\u00ed hra\u0165.<\/p>\n<h2>Ako t\u00e1to lot\u00e9ri\u00ed funguje<\/h2>\n<p>Existuje celkom 9 r\u00f4znych v\u00fdhern\u00fdch kateg\u00f3ri\u00ed v r\u00e1mci El Gordo. Tak, i ke\u010f chceme ur\u010dite v\u0161etci vyhra\u0165 jackpotov, bolo by samozrejme pekn\u00e9 vyhra\u0165 aj men\u0161ie v\u00fdhry. Najpopul\u00e1rnej\u0161\u00ed \u0161panielska lot\u00e9ria V\u00e1m d\u00e1va k v\u00fdhre t\u00fdchto \u010diasto\u010dn\u00fdch cien dokonca e\u0161te lep\u0161iu \u0161ancu, ako in\u00e9 lot\u00e9rie.<\/p>\n<p>Tie\u017e, na rozdiel od in\u00fdch \u0161t\u00e1tov, s\u00fa v\u00fdhry v \u0160panielsku osloboden\u00e9 od dane. M\u00f4\u017eete, ale tie\u017e nemus\u00edte prizna\u0165 svoje v\u00fdhry vl\u00e1de, z\u00e1le\u017e\u00ed na tom, kde \u017eijete. Ale na niektor\u00fdch miestach podliehaj\u00fa v\u00fdhry z lot\u00e9ri\u00ed daniam, hoci by vo Va\u0161ej krajine zdanenia nepodliehali. Pri vyzdvihovan\u00ed pe\u0148az\u00ed sa o t\u00fato nepr\u00edjemn\u00fa z\u00e1le\u017eitos\u0165 teda nemus\u00edte pri El Gorda v\u00f4bec stara\u0165.<\/p>\n<p>Ale v \u0161t\u00e1toch, ktor\u00e9 tento proces vy\u017eaduj\u00fa pri v\u00fdhre jackpotu, nastane zd\u013ahav\u00e9 vyzdvihovanie pe\u0148az\u00ed, \u010di to ako u zdanenia, tak bez neho. Nechceme, aby sa n\u00e1s tieto nepr\u00edjemnosti t\u00fdkali \u010di tie\u017e nechceme, aby ktoko\u013evek musel \u00eds\u0165 a\u017e do \u0160panielska si vyzdvihn\u00fa\u0165 svoju v\u00fdhru. Po rozpr\u00e1vkov\u00e9 v\u00fdhre budete pravdepodobne rovnako ove\u013ea viac cestova\u0165. Je dos\u0165 mo\u017en\u00e9, \u017ee Va\u0161u kari\u00e9ru cestovate\u013eov za\u010dnete pr\u00e1ve touto cestou.<\/p>\n<h2>Pre\u010do si necha\u0165 utiec\u0165 mo\u017enosti v El Gordo, ke\u010f u\u017e teraz nemus\u00edte?<\/h2>\n<p>Roky ste mali skvel\u00fa v\u00fdhovorku pre\u010do nehra\u0165 El Gordo. Preto\u017ee predsa ne\u017eijete v \u0160panielsku! T\u00e1to v\u00fdhovorka v\u0161ak u\u017e nebude teraz sta\u010di\u0165. Kto vie, ko\u013eko pe\u0148az\u00ed ste u\u017e mohli vyhra\u0165, keby ste hrali t\u00fato \u010di in\u00fdch najv\u00e4\u010d\u0161iech lot\u00e9ri\u00ed po celom svete?<\/p>\n<p>U\u017e sa t\u00fdm \u010falej nemus\u00edte tr\u00e1pi\u0165, lebo RedFoxLotto V\u00e1m teraz prin\u00e1\u0161a El Gordo priamo k V\u00e1m domov. V\u00e1m priamo pred gau\u010d. Viem, \u017ee milujete lot\u00e9ri\u00ed, inak by ste tento \u010dl\u00e1nok ne\u010d\u00edtali. Pre\u010do si neurobi\u0165 rados\u0165 \u010di nek\u00fapi\u0165 si tiket u\u017e dnes? A ako u\u017e budete kupova\u0165, pre\u010do sa nepozrie\u0165 na v\u0161etko ostatn\u00e9, \u010do by V\u00e1m mohol RedFoxLotto pon\u00faknu\u0165?<\/p>\n","protected":false},"excerpt":{"rendered":"<p>Ak \u017eijete v \u0160panielsku, tak V\u00e1m ani nie je potrebn\u00e9 vysvet\u013eova\u0165, ako vzru\u0161uj\u00face je lot\u00e9ria El Gordo. Bohu\u017eia\u013e v\u0161ak v\u00e4\u010d\u0161ina hr\u00e1\u010dov lot\u00e9rie v \u0160panielsku ne\u017eije a v\u00e4\u010d\u0161ina navy\u0161e nikdy ani o najv\u00e4\u010d\u0161ej \u0161panielskej lot\u00e9rii nepo\u010dula. A\u017e doned\u00e1vna to bolo vlastne jedno, preto\u017ee sa na in\u00fdch miestach mimo \u0160panielska ani hra\u0165 nedala, preto\u017ee sa tikety dali [&hellip;]<\/p>\n","protected":false},"author":1,"featured_media":0,"parent":5034,"menu_order":6,"comment_status":"closed","ping_status":"closed","template":"el-gordo.php","meta":{"_et_pb_use_builder":"","_et_pb_old_content":"","_et_gb_content_width":"","exclude_from_search":false,"footnotes":""},"class_list":["post-10867","page","type-page","status-publish","hentry"],"yoast_head":"<!-- This site is optimized with the Yoast SEO plugin v23.4 - https:\/\/yoast.com\/wordpress\/plugins\/seo\/ -->\n<title>Zahrajte si El Gordo online zo sloven\u010diny | M\u00f4\u017eem sa z\u00fa\u010dastni\u0165 El Gordo, ak \u017eijem na Slovensku<\/title>\n<meta name=\"description\" content=\"Zahrajte si El Gordo Lotto tu - najv\u00e4\u010d\u0161ia \u0161panielska lot\u00e9ria, dostupn\u00e1 online z ktorejko\u013evek krajiny\" \/>\n<meta name=\"robots\" content=\"index, follow, max-snippet:-1, max-image-preview:large, max-video-preview:-1\" \/>\n<link rel=\"canonical\" href=\"https:\/\/onlinelotto365.com\/sk\/hrat\/el-gordo\/\" \/>\n<meta property=\"og:locale\" content=\"sk_SK\" \/>\n<meta property=\"og:type\" content=\"article\" \/>\n<meta property=\"og:title\" content=\"Zahrajte si El Gordo online zo sloven\u010diny | M\u00f4\u017eem sa z\u00fa\u010dastni\u0165 El Gordo, ak \u017eijem na Slovensku\" \/>\n<meta property=\"og:description\" content=\"Zahrajte si El Gordo Lotto tu - najv\u00e4\u010d\u0161ia \u0161panielska lot\u00e9ria, dostupn\u00e1 online z ktorejko\u013evek krajiny\" \/>\n<meta property=\"og:url\" content=\"https:\/\/onlinelotto365.com\/sk\/hrat\/el-gordo\/\" \/>\n<meta property=\"og:site_name\" content=\"OnlineLotto365\" \/>\n<meta property=\"article:modified_time\" content=\"2022-11-09T09:36:20+00:00\" \/>\n<meta property=\"og:image\" content=\"https:\/\/redfoxlotto.com\/image?size=8&amp;lottery=el-gordo-primitiva\" \/>\n<meta name=\"twitter:card\" content=\"summary_large_image\" \/>\n<meta name=\"twitter:label1\" content=\"Predpokladan\u00fd \u010das \u010d\u00edtania\" \/>\n\t<meta name=\"twitter:data1\" content=\"4 min\u00faty\" \/>\n<script type=\"application\/ld+json\" class=\"yoast-schema-graph\">{\"@context\":\"https:\/\/schema.org\",\"@graph\":[{\"@type\":\"WebPage\",\"@id\":\"https:\/\/onlinelotto365.com\/sk\/hrat\/el-gordo\/\",\"url\":\"https:\/\/onlinelotto365.com\/sk\/hrat\/el-gordo\/\",\"name\":\"Zahrajte si El Gordo online zo sloven\u010diny | M\u00f4\u017eem sa z\u00fa\u010dastni\u0165 El Gordo, ak \u017eijem na Slovensku\",\"isPartOf\":{\"@id\":\"https:\/\/onlinelotto365.com\/sk\/#website\"},\"primaryImageOfPage\":{\"@id\":\"https:\/\/onlinelotto365.com\/sk\/hrat\/el-gordo\/#primaryimage\"},\"image\":{\"@id\":\"https:\/\/onlinelotto365.com\/sk\/hrat\/el-gordo\/#primaryimage\"},\"thumbnailUrl\":\"https:\/\/redfoxlotto.com\/image?size=8&amp;lottery=el-gordo-primitiva\",\"datePublished\":\"2020-12-18T07:34:00+00:00\",\"dateModified\":\"2022-11-09T09:36:20+00:00\",\"description\":\"Zahrajte si El Gordo Lotto tu - najv\u00e4\u010d\u0161ia \u0161panielska lot\u00e9ria, dostupn\u00e1 online z ktorejko\u013evek krajiny\",\"breadcrumb\":{\"@id\":\"https:\/\/onlinelotto365.com\/sk\/hrat\/el-gordo\/#breadcrumb\"},\"inLanguage\":\"sk-SK\",\"potentialAction\":[{\"@type\":\"ReadAction\",\"target\":[\"https:\/\/onlinelotto365.com\/sk\/hrat\/el-gordo\/\"]}]},{\"@type\":\"ImageObject\",\"inLanguage\":\"sk-SK\",\"@id\":\"https:\/\/onlinelotto365.com\/sk\/hrat\/el-gordo\/#primaryimage\",\"url\":\"https:\/\/redfoxlotto.com\/image?size=8&amp;lottery=el-gordo-primitiva\",\"contentUrl\":\"https:\/\/redfoxlotto.com\/image?size=8&amp;lottery=el-gordo-primitiva\"},{\"@type\":\"BreadcrumbList\",\"@id\":\"https:\/\/onlinelotto365.com\/sk\/hrat\/el-gordo\/#breadcrumb\",\"itemListElement\":[{\"@type\":\"ListItem\",\"position\":1,\"name\":\"Home\",\"item\":\"https:\/\/onlinelotto365.com\/sk\/\"},{\"@type\":\"ListItem\",\"position\":2,\"name\":\"V\u0161etko, \u010do mus\u00edte vedie\u0165 o svojich mo\u017enostiach hra\u0165 najlep\u0161ie lot\u00e9rie online\",\"item\":\"https:\/\/onlinelotto365.com\/sk\/hrat\/\"},{\"@type\":\"ListItem\",\"position\":3,\"name\":\"Ako sa m\u00f4\u017eu obyvatelia slovensk\u00e9ho jazyka z\u00fa\u010dastni\u0165 na projekte El Gordo?\"}]},{\"@type\":\"WebSite\",\"@id\":\"https:\/\/onlinelotto365.com\/sk\/#website\",\"url\":\"https:\/\/onlinelotto365.com\/sk\/\",\"name\":\"OnlineLotto365\",\"description\":\"\",\"potentialAction\":[{\"@type\":\"SearchAction\",\"target\":{\"@type\":\"EntryPoint\",\"urlTemplate\":\"https:\/\/onlinelotto365.com\/sk\/?s={search_term_string}\"},\"query-input\":{\"@type\":\"PropertyValueSpecification\",\"valueRequired\":true,\"valueName\":\"search_term_string\"}}],\"inLanguage\":\"sk-SK\"}]}<\/script>\n<!-- \/ Yoast SEO plugin. -->","yoast_head_json":{"title":"Zahrajte si El Gordo online zo sloven\u010diny | M\u00f4\u017eem sa z\u00fa\u010dastni\u0165 El Gordo, ak \u017eijem na Slovensku","description":"Zahrajte si El Gordo Lotto tu - najv\u00e4\u010d\u0161ia \u0161panielska lot\u00e9ria, dostupn\u00e1 online z ktorejko\u013evek krajiny","robots":{"index":"index","follow":"follow","max-snippet":"max-snippet:-1","max-image-preview":"max-image-preview:large","max-video-preview":"max-video-preview:-1"},"canonical":"https:\/\/onlinelotto365.com\/sk\/hrat\/el-gordo\/","og_locale":"sk_SK","og_type":"article","og_title":"Zahrajte si El Gordo online zo sloven\u010diny | M\u00f4\u017eem sa z\u00fa\u010dastni\u0165 El Gordo, ak \u017eijem na Slovensku","og_description":"Zahrajte si El Gordo Lotto tu - najv\u00e4\u010d\u0161ia \u0161panielska lot\u00e9ria, dostupn\u00e1 online z ktorejko\u013evek krajiny","og_url":"https:\/\/onlinelotto365.com\/sk\/hrat\/el-gordo\/","og_site_name":"OnlineLotto365","article_modified_time":"2022-11-09T09:36:20+00:00","og_image":[{"url":"https:\/\/redfoxlotto.com\/image?size=8&amp;lottery=el-gordo-primitiva"}],"twitter_card":"summary_large_image","twitter_misc":{"Predpokladan\u00fd \u010das \u010d\u00edtania":"4 min\u00faty"},"schema":{"@context":"https:\/\/schema.org","@graph":[{"@type":"WebPage","@id":"https:\/\/onlinelotto365.com\/sk\/hrat\/el-gordo\/","url":"https:\/\/onlinelotto365.com\/sk\/hrat\/el-gordo\/","name":"Zahrajte si El Gordo online zo sloven\u010diny | M\u00f4\u017eem sa z\u00fa\u010dastni\u0165 El Gordo, ak \u017eijem na Slovensku","isPartOf":{"@id":"https:\/\/onlinelotto365.com\/sk\/#website"},"primaryImageOfPage":{"@id":"https:\/\/onlinelotto365.com\/sk\/hrat\/el-gordo\/#primaryimage"},"image":{"@id":"https:\/\/onlinelotto365.com\/sk\/hrat\/el-gordo\/#primaryimage"},"thumbnailUrl":"https:\/\/redfoxlotto.com\/image?size=8&amp;lottery=el-gordo-primitiva","datePublished":"2020-12-18T07:34:00+00:00","dateModified":"2022-11-09T09:36:20+00:00","description":"Zahrajte si El Gordo Lotto tu - najv\u00e4\u010d\u0161ia \u0161panielska lot\u00e9ria, dostupn\u00e1 online z ktorejko\u013evek krajiny","breadcrumb":{"@id":"https:\/\/onlinelotto365.com\/sk\/hrat\/el-gordo\/#breadcrumb"},"inLanguage":"sk-SK","potentialAction":[{"@type":"ReadAction","target":["https:\/\/onlinelotto365.com\/sk\/hrat\/el-gordo\/"]}]},{"@type":"ImageObject","inLanguage":"sk-SK","@id":"https:\/\/onlinelotto365.com\/sk\/hrat\/el-gordo\/#primaryimage","url":"https:\/\/redfoxlotto.com\/image?size=8&amp;lottery=el-gordo-primitiva","contentUrl":"https:\/\/redfoxlotto.com\/image?size=8&amp;lottery=el-gordo-primitiva"},{"@type":"BreadcrumbList","@id":"https:\/\/onlinelotto365.com\/sk\/hrat\/el-gordo\/#breadcrumb","itemListElement":[{"@type":"ListItem","position":1,"name":"Home","item":"https:\/\/onlinelotto365.com\/sk\/"},{"@type":"ListItem","position":2,"name":"V\u0161etko, \u010do mus\u00edte vedie\u0165 o svojich mo\u017enostiach hra\u0165 najlep\u0161ie lot\u00e9rie online","item":"https:\/\/onlinelotto365.com\/sk\/hrat\/"},{"@type":"ListItem","position":3,"name":"Ako sa m\u00f4\u017eu obyvatelia slovensk\u00e9ho jazyka z\u00fa\u010dastni\u0165 na projekte El Gordo?"}]},{"@type":"WebSite","@id":"https:\/\/onlinelotto365.com\/sk\/#website","url":"https:\/\/onlinelotto365.com\/sk\/","name":"OnlineLotto365","description":"","potentialAction":[{"@type":"SearchAction","target":{"@type":"EntryPoint","urlTemplate":"https:\/\/onlinelotto365.com\/sk\/?s={search_term_string}"},"query-input":{"@type":"PropertyValueSpecification","valueRequired":true,"valueName":"search_term_string"}}],"inLanguage":"sk-SK"}]}},"_links":{"self":[{"href":"https:\/\/onlinelotto365.com\/sk\/wp-json\/wp\/v2\/pages\/10867","targetHints":{"allow":["GET"]}}],"collection":[{"href":"https:\/\/onlinelotto365.com\/sk\/wp-json\/wp\/v2\/pages"}],"about":[{"href":"https:\/\/onlinelotto365.com\/sk\/wp-json\/wp\/v2\/types\/page"}],"author":[{"embeddable":true,"href":"https:\/\/onlinelotto365.com\/sk\/wp-json\/wp\/v2\/users\/1"}],"replies":[{"embeddable":true,"href":"https:\/\/onlinelotto365.com\/sk\/wp-json\/wp\/v2\/comments?post=10867"}],"version-history":[{"count":0,"href":"https:\/\/onlinelotto365.com\/sk\/wp-json\/wp\/v2\/pages\/10867\/revisions"}],"up":[{"embeddable":true,"href":"https:\/\/onlinelotto365.com\/sk\/wp-json\/wp\/v2\/pages\/5034"}],"wp:attachment":[{"href":"https:\/\/onlinelotto365.com\/sk\/wp-json\/wp\/v2\/media?parent=10867"}],"curies":[{"name":"wp","href":"https:\/\/api.w.org\/{rel}","templated":true}]}}