{"id":10889,"date":"2020-12-18T08:46:27","date_gmt":"2020-12-18T07:46:27","guid":{"rendered":"http:\/\/onlinelotto365.net\/?page_id=10889"},"modified":"2022-11-10T12:06:25","modified_gmt":"2022-11-10T11:06:25","slug":"powerball","status":"publish","type":"page","link":"https:\/\/onlinelotto365.com\/sk\/kupit-listky\/powerball\/","title":{"rendered":"Ako si k\u00fapi\u0165 tikety Powerball online zo Slovenska"},"content":{"rendered":"<p>Je zrejm\u00e9, \u017ee pr\u00e1ve internet v\u00e1m umo\u017e\u0148uje z\u00edska\u0165 tiket do ve\u013ek\u00fdch americk\u00fdch lot\u00e9ri\u00ed online. Nemus\u00edte \u017ei\u0165 v USA, aby ste sa mohli z\u00fa\u010dastni\u0165 a ma\u0165 \u0161ancu vyhra\u0165 tieto neuverite\u013en\u00e9 jackpoty. Svoj tiket si m\u00f4\u017eete k\u00fapi\u0165 aj zo Slovenska, a to prostredn\u00edctvom na\u0161ej online slu\u017eby.<\/p>\n<p>Najprv si u n\u00e1s m\u00f4\u017eete zaregistrova\u0165 \u00fa\u010det a potom si vybra\u0165 niektor\u00fa z na\u0161ich lot\u00e9ri\u00ed a vybra\u0165 si \u010d\u00edsla. Alebo si m\u00f4\u017eete najprv len skontrolova\u0165 lot\u00e9rie a vytvori\u0165 tikety s va\u0161imi \u010d\u00edslami. Ke\u010f ste so svoj\u00edm v\u00fdberom spokojn\u00ed, m\u00f4\u017eete vykona\u0165 poklad\u0148u. V tomto okamihu budete vyzvan\u00ed na vytvorenie \u00fa\u010dtu.<\/p>\n<p>V oboch pr\u00edpadoch budete musie\u0165 po registr\u00e1cii nov\u00e9ho \u00fa\u010dtu skontrolova\u0165 svoju e-mailov\u00fa schr\u00e1nku. Dostanete overovac\u00ed e-mail s odkazom. Kliknut\u00edm na tento odkaz over\u00edte svoju e-mailov\u00fa adresu. Ke\u010f to urob\u00edte, va\u0161e konto sa aktivuje. Ak overovac\u00ed e-mail nem\u00f4\u017eete n\u00e1js\u0165, skontrolujte prie\u010dinok s nevy\u017eiadanou po\u0161tou. Ke\u010f ste e-mail na\u0161li, je d\u00f4le\u017eit\u00e9, aby ste ho ozna\u010dili ako &#8222;nie spam&#8220; alebo &#8222;nie nevy\u017eiadan\u00e1 po\u0161ta&#8220;. T\u00fdm zabezpe\u010d\u00edte, \u017ee bud\u00face e-maily od n\u00e1s neskon\u010dia vo va\u0161om prie\u010dinku so spamom. Predstavte si, \u017ee zme\u0161k\u00e1te v\u00fdhru, preto\u017ee ste nedostali e-mailov\u00e9 ozn\u00e1menie o nej!<br \/>\n<a href=\"https:\/\/redfoxlotto.com\/play\/powerball\/?ref=a8564250a2&amp;medium=ol365\" target=\"_blank\" rel=\"noopener noreferrer\"><img loading=\"lazy\" decoding=\"async\" class=\"aligncenter\" src=\"https:\/\/redfoxlotto.com\/image?size=8&amp;lottery=powerball\" alt=\"powerball\" width=\"793\" height=\"98\" \/><\/a><\/p>\n<h2>Ako zaplati\u0165 za tiket Powerball online<\/h2>\n<p>Existuj\u00fa dva sp\u00f4soby, ako zaplati\u0165 za po\u017eadovan\u00e9 online tikety lot\u00e9rie.<\/p>\n<p>Po prv\u00e9, m\u00f4\u017eete vykona\u0165 vklad na svoj \u00fa\u010det. Potom si m\u00f4\u017eete k\u00fapi\u0165 to\u013eko tiketov, ko\u013eko chcete, a na ich zaplatenie pou\u017ei\u0165 zostatok na \u00fa\u010dte.<br \/>\nPo druh\u00e9, najprv si vyberiete tikety a potom zaplat\u00edte sumu objedn\u00e1vky.<\/p>\n<p>K dispoz\u00edcii m\u00e1te viacero mo\u017enost\u00ed platby a v\u0161etky s\u00fa bezpe\u010dne za\u0161ifrovan\u00e9. Najob\u013e\u00fabenej\u0161\u00edmi sp\u00f4sobmi s\u00fa kreditn\u00e1 karta a Bitcoin.<\/p>\n<h2>Viac inform\u00e1ci\u00ed o hre Powerball<\/h2>\n<ul>\n<li>Loteria sa kon\u00e1 kde: USA<\/li>\n<li>Z ko\u013ek\u00fdch hlavn\u00fdch \u010d\u00edsel si m\u00f4\u017eete vybra\u0165: 69<\/li>\n<li>Mus\u00edte si vybra\u0165: 5<\/li>\n<li>Ko\u013eko \u010fal\u0161\u00edch \u010d\u00edsel si m\u00f4\u017eete vybra\u0165: 26<\/li>\n<li>Mus\u00edte si vybra\u0165: 1<\/li>\n<li>\u0164ahajte dni, hodiny: Streda, sobota, 21:00 EST, +1 de\u0148 3:00 CET<\/li>\n<li>Minim\u00e1lny jackpot: 40 mili\u00f3nov dol\u00e1rov<\/li>\n<li>Maxim\u00e1lna v\u00fd\u0161ka jackpotu: \u017eiadna<\/li>\n<li>Mo\u017en\u00e1 kombin\u00e1cia \u010d\u00edsel pre v\u00fdhru jackpotu: 1 zo 175 223 510<\/li>\n<li>Mo\u017en\u00e1 kombin\u00e1cia \u010d\u00edsel pre v\u00fdhru v 2. stupni: 1 z 5 006 386<\/li>\n<li>Pravdepodobnos\u0165 v\u00fdhry v ktorejko\u013evek \u00farovni: 1 ku 24,87<\/li>\n<li>Ko\u013eko v\u00fdhern\u00fdch \u00farovn\u00ed: 9<\/li>\n<\/ul>\n<p>Len pred chv\u00ed\u013eou, 13. febru\u00e1ra 2016, vyhrali traja \u0161\u0165astlivci najv\u00e4\u010d\u0161\u00ed jackpot v hist\u00f3rii americkej lot\u00e9rie. S neuverite\u013enou v\u00fd\u0161kou jackpotu v celkovej hodnote 1,5 miliardy americk\u00fdch dol\u00e1rov str\u00e1vili fan\u00fa\u0161ikovia lotto po cel\u00fdch USA hodiny v rade na tiket. \u010co v\u0161ak hr\u00e1\u010di lot\u00e9rie zo Slovenska? Boli vyl\u00fa\u010den\u00ed zo z\u00edskania tiketu Powerball, ak sa v tom \u010dase pr\u00e1ve nenach\u00e1dzali v USA? Nie, neboli &#8211; keby vedeli, \u017ee lotto Powerball alebo Mega Millions si m\u00f4\u017eete skuto\u010dne zahra\u0165 aj zo Slovenska!<\/p>\n<h2>V\u00fdhody n\u00e1kupu tiketov Powerball online<\/h2>\n<p>Prostredn\u00edctvom tejto online kuri\u00e9rskej slu\u017eby si m\u00f4\u017eete k\u00fapi\u0165 tikety do viac ako 20 najv\u00e4\u010d\u0161\u00edch lot\u00e9ri\u00ed na tejto plan\u00e9te. Aj ke\u010f mo\u017eno \u017eijete na Slovensku, m\u00f4\u017eete si vybra\u0165 lot\u00e9rie, ktor\u00e9 sa \u017erebuj\u00fa v in\u00fdch krajin\u00e1ch. Samozrejme, ak ne\u017eijete na Slovensku, ale chceli by ste si zaobstara\u0165 tiket do lot\u00e9rie Slovensko, aj to m\u00f4\u017eete urobi\u0165 online!<\/p>\n<h2>Je leg\u00e1lne kupova\u0165 tikety Powerball online?<\/h2>\n<p>Je d\u00f4le\u017eit\u00e9 vedie\u0165, \u017ee ide o leg\u00e1lnu a spo\u013eahliv\u00fa slu\u017ebu posielania tiketov. K\u00fapou tiketu lotto online z\u00edskate zmluvu so samotnou lot\u00e9riou &#8211; \u010do zaru\u010duje, \u017ee peniaze, ktor\u00e9 m\u00f4\u017eete vyhra\u0165, bud\u00fa poch\u00e1dza\u0165 od nich!<\/p>\n<h2>Ako dostanem peniaze, ak vyhr\u00e1m Powerball online?<\/h2>\n<p><img loading=\"lazy\" decoding=\"async\" class=\"size-medium wp-image-1356 alignright\" src=\"https:\/\/onlinelotto365.com\/wp-content\/uploads\/2020\/11\/online_lottery-117-300x217.jpg\" alt=\"hra\u0165 powerball online\" width=\"300\" height=\"217\" \/><br \/>\nAk vyhr\u00e1te, postup v\u00fdplaty z\u00e1vis\u00ed od sumy, ktor\u00fa ste vyhrali. Men\u0161ie sumy do 2500 eur v\u00e1m bud\u00fa prip\u00edsan\u00e9 na v\u00e1\u0161 online \u00fa\u010det. Tieto peniaze si m\u00f4\u017eete vybra\u0165 v hotovosti alebo ich pou\u017ei\u0165 na n\u00e1kup \u010fal\u0161\u00edch online lotto tiketov. Ak by ste vyhrali vy\u0161\u0161iu sumu, po\u0161leme v\u00e1m formul\u00e1r, ktor\u00fd mus\u00edte vyplni\u0165 a posla\u0165 n\u00e1m ho sp\u00e4\u0165. Tento formul\u00e1r potom po\u0161leme lot\u00e9riovej komisii a t\u00e1 v\u00e1m vyplat\u00ed v\u00fdhru. T\u00e1to slu\u017eba je pre v\u00e1s bezplatn\u00e1.<\/p>\n<p>Ak vyhr\u00e1te jackpot Powerball pomocou online tiketu, budete sa musie\u0165 rozhodn\u00fa\u0165. Bu\u010f m\u00f4\u017eete dosta\u0165 jednorazov\u00fa v\u00fdplatu, ktor\u00e1 bude ni\u017e\u0161ia ako skuto\u010dn\u00fd jackpot, alebo m\u00f4\u017eete dosta\u0165 v\u00fdplatu v 30 ro\u010dn\u00fdch spl\u00e1tkach plus \u00faroky.<\/p>\n","protected":false},"excerpt":{"rendered":"<p>Je zrejm\u00e9, \u017ee pr\u00e1ve internet v\u00e1m umo\u017e\u0148uje z\u00edska\u0165 tiket do ve\u013ek\u00fdch americk\u00fdch lot\u00e9ri\u00ed online. Nemus\u00edte \u017ei\u0165 v USA, aby ste sa mohli z\u00fa\u010dastni\u0165 a ma\u0165 \u0161ancu vyhra\u0165 tieto neuverite\u013en\u00e9 jackpoty. Svoj tiket si m\u00f4\u017eete k\u00fapi\u0165 aj zo Slovenska, a to prostredn\u00edctvom na\u0161ej online slu\u017eby. Najprv si u n\u00e1s m\u00f4\u017eete zaregistrova\u0165 \u00fa\u010det a potom si vybra\u0165 [&hellip;]<\/p>\n","protected":false},"author":1,"featured_media":0,"parent":5698,"menu_order":0,"comment_status":"closed","ping_status":"closed","template":"powerball-usa-info.php","meta":{"_et_pb_use_builder":"","_et_pb_old_content":"","_et_gb_content_width":"","exclude_from_search":false,"footnotes":""},"class_list":["post-10889","page","type-page","status-publish","hentry"],"yoast_head":"<!-- This site is optimized with the Yoast SEO plugin v23.4 - https:\/\/yoast.com\/wordpress\/plugins\/seo\/ -->\n<title>K\u00fapa tiketov na Powerball online zo Slovenska | O Powerball, ako k\u00fapi\u0165 tikety online<\/title>\n<meta name=\"description\" content=\"N\u00e1kup tiketov do sl\u00e1vnej lot\u00e9rie Powerball je teraz jednoduch\u00fd, z\u00edskate ich online zo Slovenska aj z in\u00fdch kraj\u00edn\" \/>\n<meta name=\"robots\" content=\"index, follow, max-snippet:-1, max-image-preview:large, max-video-preview:-1\" \/>\n<link rel=\"canonical\" href=\"https:\/\/onlinelotto365.com\/sk\/kupit-listky\/powerball\/\" \/>\n<meta property=\"og:locale\" content=\"sk_SK\" \/>\n<meta property=\"og:type\" content=\"article\" \/>\n<meta property=\"og:title\" content=\"K\u00fapa tiketov na Powerball online zo Slovenska | O Powerball, ako k\u00fapi\u0165 tikety online\" \/>\n<meta property=\"og:description\" content=\"N\u00e1kup tiketov do sl\u00e1vnej lot\u00e9rie Powerball je teraz jednoduch\u00fd, z\u00edskate ich online zo Slovenska aj z in\u00fdch kraj\u00edn\" \/>\n<meta property=\"og:url\" content=\"https:\/\/onlinelotto365.com\/sk\/kupit-listky\/powerball\/\" \/>\n<meta property=\"og:site_name\" content=\"OnlineLotto365\" \/>\n<meta property=\"article:modified_time\" content=\"2022-11-10T11:06:25+00:00\" \/>\n<meta property=\"og:image\" content=\"https:\/\/redfoxlotto.com\/image?size=8&amp;lottery=powerball\" \/>\n<meta name=\"twitter:card\" content=\"summary_large_image\" \/>\n<meta name=\"twitter:label1\" content=\"Predpokladan\u00fd \u010das \u010d\u00edtania\" \/>\n\t<meta name=\"twitter:data1\" content=\"4 min\u00faty\" \/>\n<script type=\"application\/ld+json\" class=\"yoast-schema-graph\">{\"@context\":\"https:\/\/schema.org\",\"@graph\":[{\"@type\":\"WebPage\",\"@id\":\"https:\/\/onlinelotto365.com\/sk\/kupit-listky\/powerball\/\",\"url\":\"https:\/\/onlinelotto365.com\/sk\/kupit-listky\/powerball\/\",\"name\":\"K\u00fapa tiketov na Powerball online zo Slovenska | O Powerball, ako k\u00fapi\u0165 tikety online\",\"isPartOf\":{\"@id\":\"https:\/\/onlinelotto365.com\/sk\/#website\"},\"primaryImageOfPage\":{\"@id\":\"https:\/\/onlinelotto365.com\/sk\/kupit-listky\/powerball\/#primaryimage\"},\"image\":{\"@id\":\"https:\/\/onlinelotto365.com\/sk\/kupit-listky\/powerball\/#primaryimage\"},\"thumbnailUrl\":\"https:\/\/redfoxlotto.com\/image?size=8&amp;lottery=powerball\",\"datePublished\":\"2020-12-18T07:46:27+00:00\",\"dateModified\":\"2022-11-10T11:06:25+00:00\",\"description\":\"N\u00e1kup tiketov do sl\u00e1vnej lot\u00e9rie Powerball je teraz jednoduch\u00fd, z\u00edskate ich online zo Slovenska aj z in\u00fdch kraj\u00edn\",\"breadcrumb\":{\"@id\":\"https:\/\/onlinelotto365.com\/sk\/kupit-listky\/powerball\/#breadcrumb\"},\"inLanguage\":\"sk-SK\",\"potentialAction\":[{\"@type\":\"ReadAction\",\"target\":[\"https:\/\/onlinelotto365.com\/sk\/kupit-listky\/powerball\/\"]}]},{\"@type\":\"ImageObject\",\"inLanguage\":\"sk-SK\",\"@id\":\"https:\/\/onlinelotto365.com\/sk\/kupit-listky\/powerball\/#primaryimage\",\"url\":\"https:\/\/redfoxlotto.com\/image?size=8&amp;lottery=powerball\",\"contentUrl\":\"https:\/\/redfoxlotto.com\/image?size=8&amp;lottery=powerball\"},{\"@type\":\"BreadcrumbList\",\"@id\":\"https:\/\/onlinelotto365.com\/sk\/kupit-listky\/powerball\/#breadcrumb\",\"itemListElement\":[{\"@type\":\"ListItem\",\"position\":1,\"name\":\"Home\",\"item\":\"https:\/\/onlinelotto365.com\/sk\/\"},{\"@type\":\"ListItem\",\"position\":2,\"name\":\"Hranie svetov\u00e9ho lota\",\"item\":\"https:\/\/onlinelotto365.com\/sk\/kupit-listky\/\"},{\"@type\":\"ListItem\",\"position\":3,\"name\":\"Ako si k\u00fapi\u0165 tikety Powerball online zo Slovenska\"}]},{\"@type\":\"WebSite\",\"@id\":\"https:\/\/onlinelotto365.com\/sk\/#website\",\"url\":\"https:\/\/onlinelotto365.com\/sk\/\",\"name\":\"OnlineLotto365\",\"description\":\"\",\"potentialAction\":[{\"@type\":\"SearchAction\",\"target\":{\"@type\":\"EntryPoint\",\"urlTemplate\":\"https:\/\/onlinelotto365.com\/sk\/?s={search_term_string}\"},\"query-input\":{\"@type\":\"PropertyValueSpecification\",\"valueRequired\":true,\"valueName\":\"search_term_string\"}}],\"inLanguage\":\"sk-SK\"}]}<\/script>\n<!-- \/ Yoast SEO plugin. -->","yoast_head_json":{"title":"K\u00fapa tiketov na Powerball online zo Slovenska | O Powerball, ako k\u00fapi\u0165 tikety online","description":"N\u00e1kup tiketov do sl\u00e1vnej lot\u00e9rie Powerball je teraz jednoduch\u00fd, z\u00edskate ich online zo Slovenska aj z in\u00fdch kraj\u00edn","robots":{"index":"index","follow":"follow","max-snippet":"max-snippet:-1","max-image-preview":"max-image-preview:large","max-video-preview":"max-video-preview:-1"},"canonical":"https:\/\/onlinelotto365.com\/sk\/kupit-listky\/powerball\/","og_locale":"sk_SK","og_type":"article","og_title":"K\u00fapa tiketov na Powerball online zo Slovenska | O Powerball, ako k\u00fapi\u0165 tikety online","og_description":"N\u00e1kup tiketov do sl\u00e1vnej lot\u00e9rie Powerball je teraz jednoduch\u00fd, z\u00edskate ich online zo Slovenska aj z in\u00fdch kraj\u00edn","og_url":"https:\/\/onlinelotto365.com\/sk\/kupit-listky\/powerball\/","og_site_name":"OnlineLotto365","article_modified_time":"2022-11-10T11:06:25+00:00","og_image":[{"url":"https:\/\/redfoxlotto.com\/image?size=8&amp;lottery=powerball"}],"twitter_card":"summary_large_image","twitter_misc":{"Predpokladan\u00fd \u010das \u010d\u00edtania":"4 min\u00faty"},"schema":{"@context":"https:\/\/schema.org","@graph":[{"@type":"WebPage","@id":"https:\/\/onlinelotto365.com\/sk\/kupit-listky\/powerball\/","url":"https:\/\/onlinelotto365.com\/sk\/kupit-listky\/powerball\/","name":"K\u00fapa tiketov na Powerball online zo Slovenska | O Powerball, ako k\u00fapi\u0165 tikety online","isPartOf":{"@id":"https:\/\/onlinelotto365.com\/sk\/#website"},"primaryImageOfPage":{"@id":"https:\/\/onlinelotto365.com\/sk\/kupit-listky\/powerball\/#primaryimage"},"image":{"@id":"https:\/\/onlinelotto365.com\/sk\/kupit-listky\/powerball\/#primaryimage"},"thumbnailUrl":"https:\/\/redfoxlotto.com\/image?size=8&amp;lottery=powerball","datePublished":"2020-12-18T07:46:27+00:00","dateModified":"2022-11-10T11:06:25+00:00","description":"N\u00e1kup tiketov do sl\u00e1vnej lot\u00e9rie Powerball je teraz jednoduch\u00fd, z\u00edskate ich online zo Slovenska aj z in\u00fdch kraj\u00edn","breadcrumb":{"@id":"https:\/\/onlinelotto365.com\/sk\/kupit-listky\/powerball\/#breadcrumb"},"inLanguage":"sk-SK","potentialAction":[{"@type":"ReadAction","target":["https:\/\/onlinelotto365.com\/sk\/kupit-listky\/powerball\/"]}]},{"@type":"ImageObject","inLanguage":"sk-SK","@id":"https:\/\/onlinelotto365.com\/sk\/kupit-listky\/powerball\/#primaryimage","url":"https:\/\/redfoxlotto.com\/image?size=8&amp;lottery=powerball","contentUrl":"https:\/\/redfoxlotto.com\/image?size=8&amp;lottery=powerball"},{"@type":"BreadcrumbList","@id":"https:\/\/onlinelotto365.com\/sk\/kupit-listky\/powerball\/#breadcrumb","itemListElement":[{"@type":"ListItem","position":1,"name":"Home","item":"https:\/\/onlinelotto365.com\/sk\/"},{"@type":"ListItem","position":2,"name":"Hranie svetov\u00e9ho lota","item":"https:\/\/onlinelotto365.com\/sk\/kupit-listky\/"},{"@type":"ListItem","position":3,"name":"Ako si k\u00fapi\u0165 tikety Powerball online zo Slovenska"}]},{"@type":"WebSite","@id":"https:\/\/onlinelotto365.com\/sk\/#website","url":"https:\/\/onlinelotto365.com\/sk\/","name":"OnlineLotto365","description":"","potentialAction":[{"@type":"SearchAction","target":{"@type":"EntryPoint","urlTemplate":"https:\/\/onlinelotto365.com\/sk\/?s={search_term_string}"},"query-input":{"@type":"PropertyValueSpecification","valueRequired":true,"valueName":"search_term_string"}}],"inLanguage":"sk-SK"}]}},"_links":{"self":[{"href":"https:\/\/onlinelotto365.com\/sk\/wp-json\/wp\/v2\/pages\/10889","targetHints":{"allow":["GET"]}}],"collection":[{"href":"https:\/\/onlinelotto365.com\/sk\/wp-json\/wp\/v2\/pages"}],"about":[{"href":"https:\/\/onlinelotto365.com\/sk\/wp-json\/wp\/v2\/types\/page"}],"author":[{"embeddable":true,"href":"https:\/\/onlinelotto365.com\/sk\/wp-json\/wp\/v2\/users\/1"}],"replies":[{"embeddable":true,"href":"https:\/\/onlinelotto365.com\/sk\/wp-json\/wp\/v2\/comments?post=10889"}],"version-history":[{"count":0,"href":"https:\/\/onlinelotto365.com\/sk\/wp-json\/wp\/v2\/pages\/10889\/revisions"}],"up":[{"embeddable":true,"href":"https:\/\/onlinelotto365.com\/sk\/wp-json\/wp\/v2\/pages\/5698"}],"wp:attachment":[{"href":"https:\/\/onlinelotto365.com\/sk\/wp-json\/wp\/v2\/media?parent=10889"}],"curies":[{"name":"wp","href":"https:\/\/api.w.org\/{rel}","templated":true}]}}