{"id":10892,"date":"2020-12-18T08:57:13","date_gmt":"2020-12-18T07:57:13","guid":{"rendered":"http:\/\/onlinelotto365.net\/?page_id=10892"},"modified":"2021-03-07T11:35:17","modified_gmt":"2021-03-07T10:35:17","slug":"mega-millions","status":"publish","type":"page","link":"https:\/\/onlinelotto365.com\/sk\/kupit-listky\/mega-millions\/","title":{"rendered":"Mega Millions je jednou z najlep\u0161\u00edch lot\u00e9ri\u00ed na plan\u00e9te"},"content":{"rendered":"<h2>Nevolaj\u00fa to Mega Millions pre ni\u010d za ni\u010d<\/h2>\n<p>Mega Millions m\u00f4\u017ee za\u010da\u0165 s mal\u00fdm minim\u00e1lnym jackpotom, tak ako jeho sestra mega U.S. lot\u00e9ria Powerball, ale jackpot v tejto hre m\u00f4\u017ee nar\u00e1s\u0165 ove\u013ea viac a dokonca dr\u017ea\u0165 si tieto obrovsk\u00e9 v\u00fd\u0161ky e\u0161te o nie\u010do viac ako in\u00e9 svetov\u00e9 mega lot\u00e9rie.<\/p>\n<p>Mega Millions lot\u00e9ria je v skuto\u010dnosti dr\u017eite\u013eom rekordu najv\u00e4\u010d\u0161ieho jackpotu v U.S., kde si v marci 2012 traja neuverite\u013ene \u0161\u0165astn\u00ed v\u00fdhercovia rozdelili celkov\u00fd jackpot 656 mili\u00f3nov dol\u00e1rov. Mega Millions vyplatil tri najv\u00e4\u010d\u0161ie jackpoty v celej hist\u00f3rii U.S. a jackpoty tejto lot\u00e9rie sa dokonca zrovn\u00e1vaj\u00fa s ak\u00fdmiko\u013evek in\u00fdmi svetov\u00fdmi lot\u00e9riami.<\/p>\n<p><a href=\"https:\/\/redfoxlotto.com\/sk\/mega-millions\/?ref=a8564250a2&amp;medium=ol365\" target=\"_blank\" rel=\"noopener noreferrer\"> <img decoding=\"async\" class=\"aligncenter\" src=\" https:\/\/redfoxlotto.com\/image?size=8&amp;lottery=mega-millions \" alt=\" mega mili\u00f3ny \" \/> <\/a><\/p>\n<h2>Viac inform\u00e1ci\u00ed o Mega Millions<\/h2>\n<ul>\n<li>Lot\u00e9ria sa kon\u00e1 kde: USA<\/li>\n<li>Z ko\u013ek\u00fdch hlavn\u00fdch \u010d\u00edsel si m\u00f4\u017eete vybra\u0165: 70<\/li>\n<li>Mus\u00edte zvoli\u0165: 5<\/li>\n<li>Z ko\u013ek\u00fdch \u010fal\u0161\u00edch \u010d\u00edsel si m\u00f4\u017eete vybra\u0165: 25<\/li>\n<li>Mus\u00edte zvoli\u0165: 1<\/li>\n<li>Rem\u00edzy, hodiny: utorok, piatok, 21:00 EST, +1 de\u0148 3:00 SE\u010c<\/li>\n<li>Minim\u00e1lny jackpot: 40 mili\u00f3nov dol\u00e1rov<\/li>\n<li>Maxim\u00e1lna v\u00fd\u0161ka jackpotu: \u017eiadna<\/li>\n<li>Mo\u017en\u00e1 kombin\u00e1cia \u010d\u00edsel pre v\u00fdhru jackpotu: 1 z 175,711.536<\/li>\n<li>Mo\u017en\u00e1 kombin\u00e1cia \u010d\u00edsel pre v\u00ed\u0165azstvo 2. \u00farovne: 1 za 3,819,816<\/li>\n<li>Pravdepodobnos\u0165 v\u00fdhry v ktorejko\u013evek vrstve: 1 z 24,12<\/li>\n<li>Ko\u013eko \u00farovn\u00ed cien: 9<\/li>\n<\/ul>\n<h2>Mega Millions hern\u00fd pl\u00e1n<\/h2>\n<p><img loading=\"lazy\" decoding=\"async\" class=\" wp-image-1785 alignright\" src=\"https:\/\/onlinelotto365.com\/wp-content\/uploads\/2020\/11\/online_lottery-159-300x300.jpg\" alt=\"k\u00fapte l\u00edstky Mega Millions\" width=\"204\" height=\"204\" \/><\/p>\n<p>Mega Millions sa \u017erebuje dva-kr\u00e1t do t\u00fd\u017ed\u0148a, v utorok a piatok. Podobne ako v Powerball, hr\u00e1\u010d vol\u00ed 5 hlavn\u00fdch \u010d\u00edsel. ale oproti 59 \u010d\u00edslam v Powerball lot\u00e9rii, Mega Millions m\u00e1 len 56 lopti\u010diek, \u010do zvy\u0161uje va\u0161e \u0161ance na v\u00fdhru.<\/p>\n<p>Navy\u0161e je tu e\u0161te jedna \u010fal\u0161ia lopti\u010dka, naz\u00fdvan\u00e1 Mega Ball, ktor\u00fa m\u00f4\u017eete zvoli\u0165 zo 46 \u010d\u00edsel. Ak traf\u00edte v\u0161etk\u00fdch 5 regul\u00e1rnych \u010d\u00edsel aj s Mega Ball, potom vyhr\u00e1te mas\u00edvny jackpot, ktor\u00fd Mega Millions v\u017edy pon\u00faka.<\/p>\n<p>Rovnako ako v in\u00fdch lot\u00e9ri\u00e1ch, ak nikto nevyhr\u00e1 jackpot, potom tento jackpot st\u00e1le rastie a rastie a\u017e k\u00fdm ho niekto nevyhr\u00e1. Tak\u017ee to prid\u00e1va poriadne na vzru\u0161en\u00ed a hodnota lot\u00e9rie narast\u00e1 s rast\u00facim jackpotom. Stoj\u00ed v\u00e1s to rovnak\u00fa \u010diastku, av\u0161ak hr\u00e1 sa o ove\u013ea v\u00e4\u010d\u0161iu \u010diastku, \u010do je pre v\u00e1s v\u00fdhodnej\u0161ie.<\/p>\n<p>Tak\u017ee to je jeden z d\u00f4vodov pre\u010do hr\u00e1 viac \u013eud\u00ed, ke\u010f jackpot prudko st\u00fapne. \u010eal\u0161\u00ed d\u00f4vod je samozrejme aj to, \u017ee je ove\u013ea vzru\u0161uj\u00facej\u0161ie hra\u0165 o obrovsk\u00e9 \u010diastky. Tak\u017ee lot\u00e9rie ako Mega Millions a Powerball zais\u0165uj\u00fa, \u017ee aj ich mal\u00e9 jackpoty s\u00fa obrovsk\u00e9 a hr\u00e1\u010di nemusia \u010daka\u0165 na v\u0161etku t\u00fa z\u00e1bavu, ktor\u00e1 je pon\u00fakan\u00e1 obrovsk\u00fdmi lot\u00e9riami.<\/p>\n<h2>Teraz si m\u00f4\u017ee\u0161 online zak\u00fapi\u0165 \u017ereb Mega Millions lota<\/h2>\n<p>U\u017e nemus\u00edte dlho \u010daka\u0165 a m\u00f4\u017ete sa pusti\u0165 do k\u00fapy loto \u017erebov lot\u00e9rie Mega Millions. V\u010faka inernetu \u017ereby do lot\u00e9rie Mega Millions si m\u00f4\u017eete zak\u00fapi\u0165 online pr\u00e1ve teraz, kedyko\u013evek priamo z v\u00e1\u0161ho po\u010d\u00edta\u010da.<\/p>\n<p>U\u017e nemus\u00edte \u017ei\u0165 v Spojen\u00fdch \u0161t\u00e1toch americk\u00fdch, ale ako ob\u010dan ak\u00e9hoko\u013evek \u0161t\u00e1tu sveta m\u00e1te opr\u00e1vnenie vyu\u017ei\u0165 t\u00fato \u00fa\u017easn\u00fa slu\u017ebu. Po dlh\u00fdch rokoch, kedy mali hr\u00e1\u010di mo\u017enos\u0165 hra\u0165 lot\u00e9rie len lok\u00e1lne vo svojej krajine, dnes u\u017e v\u010faka internetu s\u00fa lot\u00e9rie otvoren\u00e9 pre cel\u00fd svet, a to je skuto\u010dne my\u0161lienka, ktorej nadi\u0161iel u\u017e \u010das.<\/p>\n<p>RedFoxLotto takisto pon\u00faka mo\u017enos\u0165 k\u00fapi\u0165 online \u017ereby nielen pre Mega Millions, ale aj pre in\u00e9 \u010fal\u0161ie najvzru\u0161uj\u00facej\u0161ie lot\u00e9rie na svete. V\u0161etko, \u010do mus\u00edte spravi\u0165 je, \u017ee si vytvor\u00edte zadarmo konto, vyberiete lot\u00e9riu, ktor\u00fa chcete hra\u0165, navol\u00edte \u010d\u00edsla, zaplat\u00edte online platobnou slu\u017ebou za \u017ereby a ihne\u010f ste v hre.<\/p>\n<h2>RedFoxLotto sa postar\u00e1 o v\u0161etko v ka\u017edom kroku<\/h2>\n<p>Po zak\u00fapen\u00ed \u017erebov do va\u0161ej lot\u00e9rie alebo lot\u00e9ri\u00ed, RedFoxLotto n\u00e1sledne k\u00fapi \u017ereby pre v\u00e1s, na ktor\u00fdch bude va\u0161e meno, bude ich aj uchov\u00e1va\u0165 pre va\u0161u istotu a takisto v\u00e1m ich odo\u0161le naskenovan\u00e9 prostredn\u00edctvom emailom pre va\u0161e uschovanie.<\/p>\n<p>Nemus\u00edte si u\u017e evidova\u0165 vy\u017erebovan\u00e9 \u010d\u00edsla, nako\u013eko RedFoxLotto to urob\u00ed v\u0161etko za v\u00e1s. Ur\u010dite ve\u013ek\u00e1 \u010das\u0165 z\u00e1bavy je kontrova\u0165 si \u010d\u00edsla s\u00e1m, ale ak sa t\u00fdm nechcete zaobera\u0165, tak nemus\u00edte, RedFoxLotto to skontroluje za v\u00e1s a d\u00e1 v\u00e1m vedie\u0165, ak ste vyhrali alebo nie.<\/p>\n<p>Akon\u00e1hle vyhr\u00e1te, RedFoxLotto v\u00e1m poskytne asistenciu pri v\u00fdbere va\u0161ich pe\u0148az\u00ed. Ak je to men\u0161ia \u010diastka, tak s \u0148ou nemus\u00edte ni\u010d urobi\u0165, ale len si ju vlo\u017e\u00edte na va\u0161e konto. Pri v\u00e4\u010d\u0161\u00edch cen\u00e1ch v\u00e1m pom\u00f4\u017eu vyplni\u0165 administrat\u00edvne dokumenty a pri obrovsk\u00fdch cen\u00e1ch bude potrebn\u00e9 spravi\u0165 si len v\u00fdlet pre vyzdvihnutie toho obrovsk\u00e9ho mno\u017estva mili\u00f3nov, ale mysl\u00edm, \u017ee to v\u00e1m absol\u00fatne nebude vadi\u0165.<\/p>\n<h2>Stanete sa v\u00ed\u0165azom obrovskej Mega Millions lot\u00e9rie?<\/h2>\n<p>Je len jeden sp\u00f4sob, ako si by\u0165 t\u00fdm ist\u00fd a to je, \u017ee budete hra\u0165 Mega Millions lot\u00e9riu online alebo ak\u00fako\u013evek in\u00fa obrovsk\u00fa lot\u00e9riu, ktor\u00fa budete chcie\u0165. Samotn\u00e1 mo\u017enos\u0165, \u017ee m\u00f4\u017eete vyhra\u0165, je dostato\u010dn\u00fdm d\u00f4vodom na hranie. Ak nebudete hra\u0165, tak si m\u00f4\u017eete by\u0165 ist\u00fd, \u017ee nevyhr\u00e1te. Ak budete hra\u0165, tak kto vie?<\/p>\n<p>Ak ste e\u0161te nikdy predt\u00fdm nehrali Mega Millions, kto skuto\u010dne vie, \u017ee ko\u013eko pe\u0148az\u00ed ste u\u017e mohli ma\u0165, keby ste po cel\u00fa t\u00fa dobu hrali? \u010cas l\u00e1ma\u0165 si hlavu nad t\u00fdm je u\u017e za nami. Teraz s\u00fa lopti\u010dky vo va\u0161ich ruk\u00e1ch a je tu jednoduch\u00e1 cesta, ako si online zak\u00fapi\u0165 \u017ereby, netreba dlho uva\u017eova\u0165, pre\u010do je to\u013eko \u013eud\u00ed z tohto tak nabuden\u00fdch.<\/p>\n","protected":false},"excerpt":{"rendered":"<p>Nevolaj\u00fa to Mega Millions pre ni\u010d za ni\u010d Mega Millions m\u00f4\u017ee za\u010da\u0165 s mal\u00fdm minim\u00e1lnym jackpotom, tak ako jeho sestra mega U.S. lot\u00e9ria Powerball, ale jackpot v tejto hre m\u00f4\u017ee nar\u00e1s\u0165 ove\u013ea viac a dokonca dr\u017ea\u0165 si tieto obrovsk\u00e9 v\u00fd\u0161ky e\u0161te o nie\u010do viac ako in\u00e9 svetov\u00e9 mega lot\u00e9rie. Mega Millions lot\u00e9ria je v skuto\u010dnosti [&hellip;]<\/p>\n","protected":false},"author":1,"featured_media":0,"parent":5698,"menu_order":2,"comment_status":"closed","ping_status":"closed","template":"megamillion-info.php","meta":{"_et_pb_use_builder":"","_et_pb_old_content":"","_et_gb_content_width":"","exclude_from_search":false,"footnotes":""},"class_list":["post-10892","page","type-page","status-publish","hentry"],"yoast_head":"<!-- This site is optimized with the Yoast SEO plugin v23.4 - https:\/\/yoast.com\/wordpress\/plugins\/seo\/ -->\n<title>Mega Millions loto Online | Z\u00edskajte \u017ereb lot\u00e9rie Mega Millions<\/title>\n<meta name=\"description\" content=\"Lotto Mega Millions je teraz pripraven\u00e9 na zbierku pre obyvate\u013eov Slovenska - k\u00fapte si leg\u00e1lne online l\u00edstky Mega Millions tu\" \/>\n<meta name=\"robots\" content=\"index, follow, max-snippet:-1, max-image-preview:large, max-video-preview:-1\" \/>\n<link rel=\"canonical\" href=\"https:\/\/onlinelotto365.com\/sk\/kupit-listky\/mega-millions\/\" \/>\n<meta property=\"og:locale\" content=\"sk_SK\" \/>\n<meta property=\"og:type\" content=\"article\" \/>\n<meta property=\"og:title\" content=\"Mega Millions loto Online | Z\u00edskajte \u017ereb lot\u00e9rie Mega Millions\" \/>\n<meta property=\"og:description\" content=\"Lotto Mega Millions je teraz pripraven\u00e9 na zbierku pre obyvate\u013eov Slovenska - k\u00fapte si leg\u00e1lne online l\u00edstky Mega Millions tu\" \/>\n<meta property=\"og:url\" content=\"https:\/\/onlinelotto365.com\/sk\/kupit-listky\/mega-millions\/\" \/>\n<meta property=\"og:site_name\" content=\"OnlineLotto365\" \/>\n<meta property=\"article:modified_time\" content=\"2021-03-07T10:35:17+00:00\" \/>\n<meta property=\"og:image\" content=\"https:\/\/onlinelotto365.com\/wp-content\/uploads\/2020\/11\/online_lottery-159-300x300.jpg\" \/>\n<meta name=\"twitter:card\" content=\"summary_large_image\" \/>\n<meta name=\"twitter:label1\" content=\"Predpokladan\u00fd \u010das \u010d\u00edtania\" \/>\n\t<meta name=\"twitter:data1\" content=\"4 min\u00faty\" \/>\n<script type=\"application\/ld+json\" class=\"yoast-schema-graph\">{\"@context\":\"https:\/\/schema.org\",\"@graph\":[{\"@type\":\"WebPage\",\"@id\":\"https:\/\/onlinelotto365.com\/sk\/kupit-listky\/mega-millions\/\",\"url\":\"https:\/\/onlinelotto365.com\/sk\/kupit-listky\/mega-millions\/\",\"name\":\"Mega Millions loto Online | Z\u00edskajte \u017ereb lot\u00e9rie Mega Millions\",\"isPartOf\":{\"@id\":\"https:\/\/onlinelotto365.com\/sk\/#website\"},\"primaryImageOfPage\":{\"@id\":\"https:\/\/onlinelotto365.com\/sk\/kupit-listky\/mega-millions\/#primaryimage\"},\"image\":{\"@id\":\"https:\/\/onlinelotto365.com\/sk\/kupit-listky\/mega-millions\/#primaryimage\"},\"thumbnailUrl\":\"https:\/\/onlinelotto365.com\/wp-content\/uploads\/2020\/11\/online_lottery-159-300x300.jpg\",\"datePublished\":\"2020-12-18T07:57:13+00:00\",\"dateModified\":\"2021-03-07T10:35:17+00:00\",\"description\":\"Lotto Mega Millions je teraz pripraven\u00e9 na zbierku pre obyvate\u013eov Slovenska - k\u00fapte si leg\u00e1lne online l\u00edstky Mega Millions tu\",\"breadcrumb\":{\"@id\":\"https:\/\/onlinelotto365.com\/sk\/kupit-listky\/mega-millions\/#breadcrumb\"},\"inLanguage\":\"sk-SK\",\"potentialAction\":[{\"@type\":\"ReadAction\",\"target\":[\"https:\/\/onlinelotto365.com\/sk\/kupit-listky\/mega-millions\/\"]}]},{\"@type\":\"ImageObject\",\"inLanguage\":\"sk-SK\",\"@id\":\"https:\/\/onlinelotto365.com\/sk\/kupit-listky\/mega-millions\/#primaryimage\",\"url\":\"https:\/\/onlinelotto365.com\/wp-content\/uploads\/2020\/11\/online_lottery-159-300x300.jpg\",\"contentUrl\":\"https:\/\/onlinelotto365.com\/wp-content\/uploads\/2020\/11\/online_lottery-159-300x300.jpg\"},{\"@type\":\"BreadcrumbList\",\"@id\":\"https:\/\/onlinelotto365.com\/sk\/kupit-listky\/mega-millions\/#breadcrumb\",\"itemListElement\":[{\"@type\":\"ListItem\",\"position\":1,\"name\":\"Home\",\"item\":\"https:\/\/onlinelotto365.com\/sk\/\"},{\"@type\":\"ListItem\",\"position\":2,\"name\":\"Hranie svetov\u00e9ho lota\",\"item\":\"https:\/\/onlinelotto365.com\/sk\/kupit-listky\/\"},{\"@type\":\"ListItem\",\"position\":3,\"name\":\"Mega Millions je jednou z najlep\u0161\u00edch lot\u00e9ri\u00ed na plan\u00e9te\"}]},{\"@type\":\"WebSite\",\"@id\":\"https:\/\/onlinelotto365.com\/sk\/#website\",\"url\":\"https:\/\/onlinelotto365.com\/sk\/\",\"name\":\"OnlineLotto365\",\"description\":\"\",\"potentialAction\":[{\"@type\":\"SearchAction\",\"target\":{\"@type\":\"EntryPoint\",\"urlTemplate\":\"https:\/\/onlinelotto365.com\/sk\/?s={search_term_string}\"},\"query-input\":{\"@type\":\"PropertyValueSpecification\",\"valueRequired\":true,\"valueName\":\"search_term_string\"}}],\"inLanguage\":\"sk-SK\"}]}<\/script>\n<!-- \/ Yoast SEO plugin. -->","yoast_head_json":{"title":"Mega Millions loto Online | Z\u00edskajte \u017ereb lot\u00e9rie Mega Millions","description":"Lotto Mega Millions je teraz pripraven\u00e9 na zbierku pre obyvate\u013eov Slovenska - k\u00fapte si leg\u00e1lne online l\u00edstky Mega Millions tu","robots":{"index":"index","follow":"follow","max-snippet":"max-snippet:-1","max-image-preview":"max-image-preview:large","max-video-preview":"max-video-preview:-1"},"canonical":"https:\/\/onlinelotto365.com\/sk\/kupit-listky\/mega-millions\/","og_locale":"sk_SK","og_type":"article","og_title":"Mega Millions loto Online | Z\u00edskajte \u017ereb lot\u00e9rie Mega Millions","og_description":"Lotto Mega Millions je teraz pripraven\u00e9 na zbierku pre obyvate\u013eov Slovenska - k\u00fapte si leg\u00e1lne online l\u00edstky Mega Millions tu","og_url":"https:\/\/onlinelotto365.com\/sk\/kupit-listky\/mega-millions\/","og_site_name":"OnlineLotto365","article_modified_time":"2021-03-07T10:35:17+00:00","og_image":[{"url":"https:\/\/onlinelotto365.com\/wp-content\/uploads\/2020\/11\/online_lottery-159-300x300.jpg"}],"twitter_card":"summary_large_image","twitter_misc":{"Predpokladan\u00fd \u010das \u010d\u00edtania":"4 min\u00faty"},"schema":{"@context":"https:\/\/schema.org","@graph":[{"@type":"WebPage","@id":"https:\/\/onlinelotto365.com\/sk\/kupit-listky\/mega-millions\/","url":"https:\/\/onlinelotto365.com\/sk\/kupit-listky\/mega-millions\/","name":"Mega Millions loto Online | Z\u00edskajte \u017ereb lot\u00e9rie Mega Millions","isPartOf":{"@id":"https:\/\/onlinelotto365.com\/sk\/#website"},"primaryImageOfPage":{"@id":"https:\/\/onlinelotto365.com\/sk\/kupit-listky\/mega-millions\/#primaryimage"},"image":{"@id":"https:\/\/onlinelotto365.com\/sk\/kupit-listky\/mega-millions\/#primaryimage"},"thumbnailUrl":"https:\/\/onlinelotto365.com\/wp-content\/uploads\/2020\/11\/online_lottery-159-300x300.jpg","datePublished":"2020-12-18T07:57:13+00:00","dateModified":"2021-03-07T10:35:17+00:00","description":"Lotto Mega Millions je teraz pripraven\u00e9 na zbierku pre obyvate\u013eov Slovenska - k\u00fapte si leg\u00e1lne online l\u00edstky Mega Millions tu","breadcrumb":{"@id":"https:\/\/onlinelotto365.com\/sk\/kupit-listky\/mega-millions\/#breadcrumb"},"inLanguage":"sk-SK","potentialAction":[{"@type":"ReadAction","target":["https:\/\/onlinelotto365.com\/sk\/kupit-listky\/mega-millions\/"]}]},{"@type":"ImageObject","inLanguage":"sk-SK","@id":"https:\/\/onlinelotto365.com\/sk\/kupit-listky\/mega-millions\/#primaryimage","url":"https:\/\/onlinelotto365.com\/wp-content\/uploads\/2020\/11\/online_lottery-159-300x300.jpg","contentUrl":"https:\/\/onlinelotto365.com\/wp-content\/uploads\/2020\/11\/online_lottery-159-300x300.jpg"},{"@type":"BreadcrumbList","@id":"https:\/\/onlinelotto365.com\/sk\/kupit-listky\/mega-millions\/#breadcrumb","itemListElement":[{"@type":"ListItem","position":1,"name":"Home","item":"https:\/\/onlinelotto365.com\/sk\/"},{"@type":"ListItem","position":2,"name":"Hranie svetov\u00e9ho lota","item":"https:\/\/onlinelotto365.com\/sk\/kupit-listky\/"},{"@type":"ListItem","position":3,"name":"Mega Millions je jednou z najlep\u0161\u00edch lot\u00e9ri\u00ed na plan\u00e9te"}]},{"@type":"WebSite","@id":"https:\/\/onlinelotto365.com\/sk\/#website","url":"https:\/\/onlinelotto365.com\/sk\/","name":"OnlineLotto365","description":"","potentialAction":[{"@type":"SearchAction","target":{"@type":"EntryPoint","urlTemplate":"https:\/\/onlinelotto365.com\/sk\/?s={search_term_string}"},"query-input":{"@type":"PropertyValueSpecification","valueRequired":true,"valueName":"search_term_string"}}],"inLanguage":"sk-SK"}]}},"_links":{"self":[{"href":"https:\/\/onlinelotto365.com\/sk\/wp-json\/wp\/v2\/pages\/10892","targetHints":{"allow":["GET"]}}],"collection":[{"href":"https:\/\/onlinelotto365.com\/sk\/wp-json\/wp\/v2\/pages"}],"about":[{"href":"https:\/\/onlinelotto365.com\/sk\/wp-json\/wp\/v2\/types\/page"}],"author":[{"embeddable":true,"href":"https:\/\/onlinelotto365.com\/sk\/wp-json\/wp\/v2\/users\/1"}],"replies":[{"embeddable":true,"href":"https:\/\/onlinelotto365.com\/sk\/wp-json\/wp\/v2\/comments?post=10892"}],"version-history":[{"count":0,"href":"https:\/\/onlinelotto365.com\/sk\/wp-json\/wp\/v2\/pages\/10892\/revisions"}],"up":[{"embeddable":true,"href":"https:\/\/onlinelotto365.com\/sk\/wp-json\/wp\/v2\/pages\/5698"}],"wp:attachment":[{"href":"https:\/\/onlinelotto365.com\/sk\/wp-json\/wp\/v2\/media?parent=10892"}],"curies":[{"name":"wp","href":"https:\/\/api.w.org\/{rel}","templated":true}]}}